{"id":15815,"date":"2024-04-14T13:27:58","date_gmt":"2024-04-14T13:27:58","guid":{"rendered":"https:\/\/projekt.vombat.ee\/eco\/?post_type=product&#038;p=15815"},"modified":"2024-04-21T19:11:48","modified_gmt":"2024-04-21T19:11:48","slug":"elektritoukeratta-hooldus-remonti-saatmine-kulleriga","status":"publish","type":"product","link":"https:\/\/projekt.vombat.ee\/eco\/pood\/teenused\/elektritoukeratta-hooldus-remonti-saatmine-kulleriga\/","title":{"rendered":"ELEKTRIT\u00d5UKERATTA HOOLDUS REMONTI SAATMINE KULLERIGA"},"content":{"rendered":"<p>Elektrilise t\u00f5ukeratta hooldusesse v\u00f5i remonti saatmine Ecocruiseri t\u00f6\u00f6kotta. Ecocruiser, pakub oma klientidele teenust, kus korraldame kliendi t\u00f6\u00f6lt\/kodust meie Tallinna t\u00f6\u00f6kotta remonti saadetavale elektrit\u00f5ukerattale pealekorje. Vaja on vaid tellida see toode ning kirjutada tellimuse andmete lehel \u201cM\u00e4rkused tellimuse kohta (valikuline)\u201d lahtrisse sobiv saadetise pealekorje aeg (k\u00f5ige varem j\u00e4rgmisel t\u00f6\u00f6p\u00e4eval). Lahtri t\u00fchjaks j\u00e4tmise korral tellime kulleri j\u00e4rgmiseks t\u00f6\u00f6p\u00e4evaks ning m\u00e4\u00e4rame ajavahemikuks 9:00 \u2013 18:00.<\/p>\n<p>Kuller helistab ette ning koosk\u00f5lastab t\u00e4psema pealekorje aja. Toote hind on olenevalt elektrilise t\u00f5ukeratta kaalust koos pakendiga 10\u20ac \u2013 25\u20ac, millele tuleb lisaks valida ostukorvis 8.50\u20ac (DPD kuller). Hind ei sisalda elektrit\u00f5ukeratta tagasi saatmise hinda. Tagasi saatmise hind on 8.50\u20ac, mille lisame elektrit\u00f5ukeratta remondiarvele. \u00dcle 100\u20ac remondiarve korral on tagasi saatmine tasuta.<\/p>\n<p>NB! Elektrit\u00f5ukeratas v\u00f5iks olla pakendis (soovitatavalt originaalpakendis). Pakendi puudumise korral lisandub tagasi saatmise korral elektrit\u00f5ukeratta pakendamise eest tasu t\u00f6\u00f6koja tunnihinde alusel.<\/p>\n<p>Kindlasti lisage enda kontaktandmed ja elektrit\u00f5ukeratta veakirjeldus ka paberil elektrit\u00f5ukerattaga koos pakendisse \u2013 nii saame tuvastada, et tegu on just teie elektrilise t\u00f5ukerattaga. Enne t\u00f6\u00f6de alustamist v\u00f5tame teiega \u00fchendust ning koosk\u00f5lastame t\u00f6\u00f6de maksumuse.<\/p>\n","protected":false},"excerpt":{"rendered":"<p>NB! Veakirjeldus ja \/ v\u00f5i soovitud remont t\u00f6\u00f6de loetelu peab olema t\u00f6\u00f6kotta saadetava elektrit\u00f5ukerattaga paberkandjal kaasas. Enne elektrit\u00f5ukeratta Ecocruiseri t\u00f6\u00f6kotta saabumist e-poe tellimuse kirjeldusse, e-mailile v\u00f5i telefoni teel edastatud informatsiooni me ei dokumenteeri ning suure t\u00f5en\u00e4osusega j\u00e4\u00e4vad nendele infokanalitele saadetud soovid t\u00f6\u00f6 vastu v\u00f5tmisel arvestamata.<\/p>\n<p>Elektrit\u00f5ukeratas peab olema pakendatud. Ilma pakendamata elektrit\u00f5ukeratta pealekorjest on kulleril \u00f5igus keelduda.<\/p>\n","protected":false},"featured_media":15819,"template":"","meta":[],"product_cat":[2062],"product_tag":[],"class_list":{"0":"post-15815","1":"product","2":"type-product","3":"status-publish","4":"has-post-thumbnail","6":"product_cat-teenused","7":"product_shipping_class-remonti-saatmine-kulleriga","9":"first","10":"instock","11":"taxable","12":"shipping-taxable","13":"purchasable","14":"product-type-variable"},"yoast_head":"<!-- This site is optimized with the Yoast SEO plugin v23.8 - https:\/\/yoast.com\/wordpress\/plugins\/seo\/ -->\n<title>ELEKTRIT\u00d5UKERATTA HOOLDUS REMONTI SAATMINE KULLERIGA - Ecocruiser<\/title>\n<meta name=\"description\" content=\"Elektrilise t\u00f5ukeratta hooldusesse v\u00f5i remonti saatmine Ecocruiseri t\u00f6\u00f6kotta. Ecocruiser, pakub oma klientidele teenust, kus korraldame kliendi t\u00f6\u00f6lt\/kodust meie Tallinna t\u00f6\u00f6kotta remonti saadetavale elektrit\u00f5ukerattale pealekorje.\" \/>\n<meta name=\"robots\" content=\"noindex, follow, max-snippet:-1, max-image-preview:large, max-video-preview:-1\" \/>\n<meta property=\"og:locale\" content=\"en_GB\" \/>\n<meta property=\"og:type\" content=\"article\" \/>\n<meta property=\"og:title\" content=\"ELEKTRIT\u00d5UKERATTA HOOLDUS REMONTI SAATMINE KULLERIGA - Ecocruiser\" \/>\n<meta property=\"og:description\" content=\"Elektrilise t\u00f5ukeratta hooldusesse v\u00f5i remonti saatmine Ecocruiseri t\u00f6\u00f6kotta. Ecocruiser, pakub oma klientidele teenust, kus korraldame kliendi t\u00f6\u00f6lt\/kodust meie Tallinna t\u00f6\u00f6kotta remonti saadetavale elektrit\u00f5ukerattale pealekorje.\" \/>\n<meta property=\"og:url\" content=\"https:\/\/projekt.vombat.ee\/eco\/pood\/teenused\/elektritoukeratta-hooldus-remonti-saatmine-kulleriga\/\" \/>\n<meta property=\"og:site_name\" content=\"Ecocruiser\" \/>\n<meta property=\"article:modified_time\" content=\"2024-04-21T19:11:48+00:00\" \/>\n<meta property=\"og:image\" content=\"https:\/\/projekt.vombat.ee\/eco\/wp-content\/uploads\/2024\/04\/Add-a-heading-2.png\" \/>\n\t<meta property=\"og:image:width\" content=\"1000\" \/>\n\t<meta property=\"og:image:height\" content=\"1000\" \/>\n\t<meta property=\"og:image:type\" content=\"image\/png\" \/>\n<meta name=\"twitter:card\" content=\"summary_large_image\" \/>\n<meta name=\"twitter:label1\" content=\"Estimated reading time\" \/>\n\t<meta name=\"twitter:data1\" content=\"2 minutes\" \/>\n<script type=\"application\/ld+json\" class=\"yoast-schema-graph\">{\"@context\":\"https:\/\/schema.org\",\"@graph\":[{\"@type\":\"WebPage\",\"@id\":\"https:\/\/projekt.vombat.ee\/eco\/pood\/teenused\/elektritoukeratta-hooldus-remonti-saatmine-kulleriga\/\",\"url\":\"https:\/\/projekt.vombat.ee\/eco\/pood\/teenused\/elektritoukeratta-hooldus-remonti-saatmine-kulleriga\/\",\"name\":\"ELEKTRIT\u00d5UKERATTA HOOLDUS REMONTI SAATMINE KULLERIGA - Ecocruiser\",\"isPartOf\":{\"@id\":\"https:\/\/projekt.vombat.ee\/eco\/#website\"},\"primaryImageOfPage\":{\"@id\":\"https:\/\/projekt.vombat.ee\/eco\/pood\/teenused\/elektritoukeratta-hooldus-remonti-saatmine-kulleriga\/#primaryimage\"},\"image\":{\"@id\":\"https:\/\/projekt.vombat.ee\/eco\/pood\/teenused\/elektritoukeratta-hooldus-remonti-saatmine-kulleriga\/#primaryimage\"},\"thumbnailUrl\":\"https:\/\/projekt.vombat.ee\/eco\/wp-content\/uploads\/2024\/04\/Add-a-heading-2.png\",\"datePublished\":\"2024-04-14T13:27:58+00:00\",\"dateModified\":\"2024-04-21T19:11:48+00:00\",\"description\":\"Elektrilise t\u00f5ukeratta hooldusesse v\u00f5i remonti saatmine Ecocruiseri t\u00f6\u00f6kotta. Ecocruiser, pakub oma klientidele teenust, kus korraldame kliendi t\u00f6\u00f6lt\/kodust meie Tallinna t\u00f6\u00f6kotta remonti saadetavale elektrit\u00f5ukerattale pealekorje.\",\"breadcrumb\":{\"@id\":\"https:\/\/projekt.vombat.ee\/eco\/pood\/teenused\/elektritoukeratta-hooldus-remonti-saatmine-kulleriga\/#breadcrumb\"},\"inLanguage\":\"en-GB\",\"potentialAction\":[{\"@type\":\"ReadAction\",\"target\":[\"https:\/\/projekt.vombat.ee\/eco\/pood\/teenused\/elektritoukeratta-hooldus-remonti-saatmine-kulleriga\/\"]}]},{\"@type\":\"ImageObject\",\"inLanguage\":\"en-GB\",\"@id\":\"https:\/\/projekt.vombat.ee\/eco\/pood\/teenused\/elektritoukeratta-hooldus-remonti-saatmine-kulleriga\/#primaryimage\",\"url\":\"https:\/\/projekt.vombat.ee\/eco\/wp-content\/uploads\/2024\/04\/Add-a-heading-2.png\",\"contentUrl\":\"https:\/\/projekt.vombat.ee\/eco\/wp-content\/uploads\/2024\/04\/Add-a-heading-2.png\",\"width\":1000,\"height\":1000},{\"@type\":\"BreadcrumbList\",\"@id\":\"https:\/\/projekt.vombat.ee\/eco\/pood\/teenused\/elektritoukeratta-hooldus-remonti-saatmine-kulleriga\/#breadcrumb\",\"itemListElement\":[{\"@type\":\"ListItem\",\"position\":1,\"name\":\"Home\",\"item\":\"https:\/\/projekt.vombat.ee\/eco\/\"},{\"@type\":\"ListItem\",\"position\":2,\"name\":\"Pood\",\"item\":\"https:\/\/projekt.vombat.ee\/eco\/pood\/\"},{\"@type\":\"ListItem\",\"position\":3,\"name\":\"ELEKTRIT\u00d5UKERATTA HOOLDUS REMONTI SAATMINE KULLERIGA\"}]},{\"@type\":\"WebSite\",\"@id\":\"https:\/\/projekt.vombat.ee\/eco\/#website\",\"url\":\"https:\/\/projekt.vombat.ee\/eco\/\",\"name\":\"Ecocruiser\",\"description\":\"\",\"publisher\":{\"@id\":\"https:\/\/projekt.vombat.ee\/eco\/#organization\"},\"potentialAction\":[{\"@type\":\"SearchAction\",\"target\":{\"@type\":\"EntryPoint\",\"urlTemplate\":\"https:\/\/projekt.vombat.ee\/eco\/?s={search_term_string}\"},\"query-input\":{\"@type\":\"PropertyValueSpecification\",\"valueRequired\":true,\"valueName\":\"search_term_string\"}}],\"inLanguage\":\"en-GB\"},{\"@type\":\"Organization\",\"@id\":\"https:\/\/projekt.vombat.ee\/eco\/#organization\",\"name\":\"Ecocruiser\",\"url\":\"https:\/\/projekt.vombat.ee\/eco\/\",\"logo\":{\"@type\":\"ImageObject\",\"inLanguage\":\"en-GB\",\"@id\":\"https:\/\/projekt.vombat.ee\/eco\/#\/schema\/logo\/image\/\",\"url\":\"https:\/\/projekt.vombat.ee\/eco\/wp-content\/uploads\/2023\/03\/ECOCRUISER_5.png\",\"contentUrl\":\"https:\/\/projekt.vombat.ee\/eco\/wp-content\/uploads\/2023\/03\/ECOCRUISER_5.png\",\"width\":234,\"height\":91,\"caption\":\"Ecocruiser\"},\"image\":{\"@id\":\"https:\/\/projekt.vombat.ee\/eco\/#\/schema\/logo\/image\/\"}}]}<\/script>\n<!-- \/ Yoast SEO plugin. -->","yoast_head_json":{"title":"ELEKTRIT\u00d5UKERATTA HOOLDUS REMONTI SAATMINE KULLERIGA - Ecocruiser","description":"Elektrilise t\u00f5ukeratta hooldusesse v\u00f5i remonti saatmine Ecocruiseri t\u00f6\u00f6kotta. Ecocruiser, pakub oma klientidele teenust, kus korraldame kliendi t\u00f6\u00f6lt\/kodust meie Tallinna t\u00f6\u00f6kotta remonti saadetavale elektrit\u00f5ukerattale pealekorje.","robots":{"index":"noindex","follow":"follow","max-snippet":"max-snippet:-1","max-image-preview":"max-image-preview:large","max-video-preview":"max-video-preview:-1"},"og_locale":"en_GB","og_type":"article","og_title":"ELEKTRIT\u00d5UKERATTA HOOLDUS REMONTI SAATMINE KULLERIGA - Ecocruiser","og_description":"Elektrilise t\u00f5ukeratta hooldusesse v\u00f5i remonti saatmine Ecocruiseri t\u00f6\u00f6kotta. Ecocruiser, pakub oma klientidele teenust, kus korraldame kliendi t\u00f6\u00f6lt\/kodust meie Tallinna t\u00f6\u00f6kotta remonti saadetavale elektrit\u00f5ukerattale pealekorje.","og_url":"https:\/\/projekt.vombat.ee\/eco\/pood\/teenused\/elektritoukeratta-hooldus-remonti-saatmine-kulleriga\/","og_site_name":"Ecocruiser","article_modified_time":"2024-04-21T19:11:48+00:00","og_image":[{"width":1000,"height":1000,"url":"https:\/\/projekt.vombat.ee\/eco\/wp-content\/uploads\/2024\/04\/Add-a-heading-2.png","type":"image\/png"}],"twitter_card":"summary_large_image","twitter_misc":{"Estimated reading time":"2 minutes"},"schema":{"@context":"https:\/\/schema.org","@graph":[{"@type":"WebPage","@id":"https:\/\/projekt.vombat.ee\/eco\/pood\/teenused\/elektritoukeratta-hooldus-remonti-saatmine-kulleriga\/","url":"https:\/\/projekt.vombat.ee\/eco\/pood\/teenused\/elektritoukeratta-hooldus-remonti-saatmine-kulleriga\/","name":"ELEKTRIT\u00d5UKERATTA HOOLDUS REMONTI SAATMINE KULLERIGA - Ecocruiser","isPartOf":{"@id":"https:\/\/projekt.vombat.ee\/eco\/#website"},"primaryImageOfPage":{"@id":"https:\/\/projekt.vombat.ee\/eco\/pood\/teenused\/elektritoukeratta-hooldus-remonti-saatmine-kulleriga\/#primaryimage"},"image":{"@id":"https:\/\/projekt.vombat.ee\/eco\/pood\/teenused\/elektritoukeratta-hooldus-remonti-saatmine-kulleriga\/#primaryimage"},"thumbnailUrl":"https:\/\/projekt.vombat.ee\/eco\/wp-content\/uploads\/2024\/04\/Add-a-heading-2.png","datePublished":"2024-04-14T13:27:58+00:00","dateModified":"2024-04-21T19:11:48+00:00","description":"Elektrilise t\u00f5ukeratta hooldusesse v\u00f5i remonti saatmine Ecocruiseri t\u00f6\u00f6kotta. Ecocruiser, pakub oma klientidele teenust, kus korraldame kliendi t\u00f6\u00f6lt\/kodust meie Tallinna t\u00f6\u00f6kotta remonti saadetavale elektrit\u00f5ukerattale pealekorje.","breadcrumb":{"@id":"https:\/\/projekt.vombat.ee\/eco\/pood\/teenused\/elektritoukeratta-hooldus-remonti-saatmine-kulleriga\/#breadcrumb"},"inLanguage":"en-GB","potentialAction":[{"@type":"ReadAction","target":["https:\/\/projekt.vombat.ee\/eco\/pood\/teenused\/elektritoukeratta-hooldus-remonti-saatmine-kulleriga\/"]}]},{"@type":"ImageObject","inLanguage":"en-GB","@id":"https:\/\/projekt.vombat.ee\/eco\/pood\/teenused\/elektritoukeratta-hooldus-remonti-saatmine-kulleriga\/#primaryimage","url":"https:\/\/projekt.vombat.ee\/eco\/wp-content\/uploads\/2024\/04\/Add-a-heading-2.png","contentUrl":"https:\/\/projekt.vombat.ee\/eco\/wp-content\/uploads\/2024\/04\/Add-a-heading-2.png","width":1000,"height":1000},{"@type":"BreadcrumbList","@id":"https:\/\/projekt.vombat.ee\/eco\/pood\/teenused\/elektritoukeratta-hooldus-remonti-saatmine-kulleriga\/#breadcrumb","itemListElement":[{"@type":"ListItem","position":1,"name":"Home","item":"https:\/\/projekt.vombat.ee\/eco\/"},{"@type":"ListItem","position":2,"name":"Pood","item":"https:\/\/projekt.vombat.ee\/eco\/pood\/"},{"@type":"ListItem","position":3,"name":"ELEKTRIT\u00d5UKERATTA HOOLDUS REMONTI SAATMINE KULLERIGA"}]},{"@type":"WebSite","@id":"https:\/\/projekt.vombat.ee\/eco\/#website","url":"https:\/\/projekt.vombat.ee\/eco\/","name":"Ecocruiser","description":"","publisher":{"@id":"https:\/\/projekt.vombat.ee\/eco\/#organization"},"potentialAction":[{"@type":"SearchAction","target":{"@type":"EntryPoint","urlTemplate":"https:\/\/projekt.vombat.ee\/eco\/?s={search_term_string}"},"query-input":{"@type":"PropertyValueSpecification","valueRequired":true,"valueName":"search_term_string"}}],"inLanguage":"en-GB"},{"@type":"Organization","@id":"https:\/\/projekt.vombat.ee\/eco\/#organization","name":"Ecocruiser","url":"https:\/\/projekt.vombat.ee\/eco\/","logo":{"@type":"ImageObject","inLanguage":"en-GB","@id":"https:\/\/projekt.vombat.ee\/eco\/#\/schema\/logo\/image\/","url":"https:\/\/projekt.vombat.ee\/eco\/wp-content\/uploads\/2023\/03\/ECOCRUISER_5.png","contentUrl":"https:\/\/projekt.vombat.ee\/eco\/wp-content\/uploads\/2023\/03\/ECOCRUISER_5.png","width":234,"height":91,"caption":"Ecocruiser"},"image":{"@id":"https:\/\/projekt.vombat.ee\/eco\/#\/schema\/logo\/image\/"}}]}},"lang":"et","translations":{"et":15815,"ru":16154},"pll_sync_post":[],"_links":{"self":[{"href":"https:\/\/projekt.vombat.ee\/eco\/wp-json\/wp\/v2\/product\/15815"}],"collection":[{"href":"https:\/\/projekt.vombat.ee\/eco\/wp-json\/wp\/v2\/product"}],"about":[{"href":"https:\/\/projekt.vombat.ee\/eco\/wp-json\/wp\/v2\/types\/product"}],"version-history":[{"count":2,"href":"https:\/\/projekt.vombat.ee\/eco\/wp-json\/wp\/v2\/product\/15815\/revisions"}],"predecessor-version":[{"id":15820,"href":"https:\/\/projekt.vombat.ee\/eco\/wp-json\/wp\/v2\/product\/15815\/revisions\/15820"}],"wp:featuredmedia":[{"embeddable":true,"href":"https:\/\/projekt.vombat.ee\/eco\/wp-json\/wp\/v2\/media\/15819"}],"wp:attachment":[{"href":"https:\/\/projekt.vombat.ee\/eco\/wp-json\/wp\/v2\/media?parent=15815"}],"wp:term":[{"taxonomy":"product_cat","embeddable":true,"href":"https:\/\/projekt.vombat.ee\/eco\/wp-json\/wp\/v2\/product_cat?post=15815"},{"taxonomy":"product_tag","embeddable":true,"href":"https:\/\/projekt.vombat.ee\/eco\/wp-json\/wp\/v2\/product_tag?post=15815"}],"curies":[{"name":"wp","href":"https:\/\/api.w.org\/{rel}","templated":true}]}}