{"id":15642,"date":"2024-04-12T11:36:02","date_gmt":"2024-04-12T11:36:02","guid":{"rendered":"https:\/\/projekt.vombat.ee\/eco\/?post_type=product&#038;p=15642"},"modified":"2024-04-12T11:36:03","modified_gmt":"2024-04-12T11:36:03","slug":"engwe-p275-st-elektriratas-260-km","status":"publish","type":"product","link":"https:\/\/projekt.vombat.ee\/eco\/pood\/elektrirattad\/linnarattad\/engwe-p275-st-elektriratas-260-km\/","title":{"rendered":"Engwe P275 ST Elektriratas, 260 km"},"content":{"rendered":"<h3>Elektrijalgratas ENGWE P275 ST uus 2024 aasta mudel<\/h3>\n<p><img decoding=\"async\" src=\"https:\/\/a.allegroimg.com\/original\/11db9d\/a7c1c93147f39b73fbc7d3a64d47\/Rowery-Elektryczne-ENGWE-P275-ST-250W-19-2Ah-260KM-27-5-Brakes-hydraulic-disc\" alt=\"Rowery Elektryczne ENGWE P275 ST 250W 19.2Ah 260KM 27.5&amp;quot; Brakes hydraulic disc\" \/><\/p>\n<p>250 W v\u00f5imsus, s\u00f5iduulatus kuni 260 km, Ananda keskmootor, aku 36V 19,2Ah SAMSUNG.<\/p>\n<p><img fetchpriority=\"high\" decoding=\"async\" class=\"\" src=\"https:\/\/a.allegroimg.com\/original\/111a62\/9684cf0544768f76ac11195915d3\/Rowery-Elektryczne-ENGWE-P275-ST-250W-19-2Ah-260KM-27-5-Color-orange\" alt=\"Rowery Elektryczne ENGWE P275 ST 250W 19.2Ah 260KM 27.5&amp;quot; Color orange\" width=\"578\" height=\"578\" \/><\/p>\n<h3>LED EKRAAN<\/h3>\n<p>LED-ekraan n\u00e4itab selgelt hetke kiirust, re\u017eiimi ja aku taset, v\u00f5imaldades teil kiiresti p\u00e4\u00e4seda juurde kogu oma p\u00f5hiteabele.<\/p>\n<p><img decoding=\"async\" src=\"https:\/\/a.allegroimg.com\/original\/11d2cd\/732a7cd6478091352e608836d720\/Rowery-Elektryczne-ENGWE-P275-ST-250W-19-2Ah-260KM-27-5-Frame-Material-aluminum\" alt=\"Rowery Elektryczne ENGWE P275 ST 250W 19.2Ah 260KM 27.5&amp;quot; Frame Material aluminum\" \/><\/p>\n<h3>KVALITEETNE KESKMOOTOR ANANDA<\/h3>\n<p>Ananda p\u00f6\u00f6rdemomendi anduri keskmootor suurendab pedaalimisv\u00f5imsust. Mootor, mille v\u00f5imsus on 250 W ja p\u00f6\u00f6rdemoment 70 Nm<\/p>\n<p><img decoding=\"async\" class=\"\" src=\"https:\/\/a.allegroimg.com\/original\/11ed4c\/be09724648c7ade12338da29ada8\/Rowery-Elektryczne-ENGWE-P275-ST-250W-19-2Ah-260KM-27-5-Model-P275-ST-White-Orange\" alt=\"Rowery Elektryczne ENGWE P275 ST 250W 19.2Ah 260KM 27.5&amp;quot; Model P275 ST White&amp;Orange\" width=\"590\" height=\"566\" \/><\/p>\n<h3>9-K\u00c4IGULINE<\/h3>\n<p>Olenemata sellest, kas s\u00f5idate m\u00e4gedes v\u00f5i l\u00e4bite linnat\u00e4navaid, pakub Shimano 9-k\u00e4iguline s\u00fcsteem v\u00f5rreldamatut t\u00f6\u00f6kindlust ja mitmek\u00fclgsust.<\/p>\n<h3>TEKTRO H\u00dcDRAULILISED KETTAPSIDURID<\/h3>\n<p>Tektro h\u00fcdraulilised ketaspidurid koos tsentraalselt juhitava Ananda mootoriga tagavad t\u00f5husa s\u00f5itmise ja peatamise igas ilmastikutingimustes<\/p>\n<h3>P275 ST ERGONOOMILINE RAAM<\/h3>\n<p>Alumiiniumraamiga on sellele lihtne peale ja maha istuda ning jalgratast ette- v\u00f5i tahapoole p\u00f6\u00f6rata. T\u00e4nu oma ergonoomilisele p\u00fcstisele s\u00f5iduasendile on see mugav ka terve p\u00e4eva s\u00f5itmiseks.<\/p>\n<p><img decoding=\"async\" class=\"\" src=\"https:\/\/a.allegroimg.com\/original\/11dd29\/0b36de6841159a084f57fab96ab8\/Rowery-Elektryczne-ENGWE-P275-ST-250W-19-2Ah-260KM-27-5-Weight-28-2-kg\" alt=\"Rowery Elektryczne ENGWE P275 ST 250W 19.2Ah 260KM 27.5&amp;quot; Weight 28.2 kg\" width=\"846\" height=\"542\" \/><\/p>\n<h3>ROYAL SADUL<\/h3>\n<p>Sadul on disainitud nii, et see oleks mugav s\u00f5iduks<\/p>\n<p><img decoding=\"async\" src=\"https:\/\/a.allegroimg.com\/original\/1181e0\/9271d9a44ff684d1f4d8ee2bb2d6\/Rowery-Elektryczne-ENGWE-P275-ST-250W-19-2Ah-260KM-27-5-Rechargeable-battery-lithium-ion\" alt=\"Rowery Elektryczne ENGWE P275 ST 250W 19.2Ah 260KM 27.5&amp;quot; Rechargeable battery lithium-ion\" \/><\/p>\n<h3>INTEGREERITUD ESI- JA TAGUMISED TULED<\/h3>\n<p>Integreeritud esituled tagavad ratta ees selge valgustuse. Tagatuled suurendavad ohutust.<\/p>\n<p><img decoding=\"async\" src=\"https:\/\/a.allegroimg.com\/original\/11bb52\/cc6d58a3423b96f8b95421e6b4f3\/Rowery-Elektryczne-ENGWE-P275-ST-250W-19-2Ah-260KM-27-5-Engine-Power-250-W\" alt=\"Rowery Elektryczne ENGWE P275 ST 250W 19.2Ah 260KM 27.5&amp;quot; Engine Power 250 W\" \/><\/p>\n<h3>19,2 AH SAMSUNG LIITIUM-IOON AKU<\/h3>\n<p>T\u00e4ielikult laetud aku v\u00f5imaldab l\u00e4bida kuni 260 km abire\u017eiimis.<\/p>\n<p><img loading=\"lazy\" decoding=\"async\" class=\"\" src=\"https:\/\/a.allegroimg.com\/original\/11aae8\/5aa91adb4971988f4da25f2b9b16\/Rowery-Elektryczne-ENGWE-P275-ST-250W-19-2Ah-260KM-27-5-Wheel-Size-27-5\" alt=\"Rowery Elektryczne ENGWE P275 ST 250W 19.2Ah 260KM 27.5&amp;quot; Wheel Size (&quot;) 27,5\" width=\"609\" height=\"848\" \/><\/p>\n<h3>Info<\/h3>\n<p>Materjal: 6061 alumiiniumsulam<br \/>\nMootor: Ananda 250 W harjadeta keskajamiga mootor<br \/>\nP\u00f6\u00f6rdemoment: 70 Nm<br \/>\nRehvid: 27,5 x 2,4 kodaraga rehvid<br \/>\nEdastuss\u00fcsteem: SHIMANO 9-k\u00e4iguline<br \/>\nKett: SHIMANO 9-k\u00e4iguline kett<br \/>\nPidur: 180 mm eesmised ja tagumised Tektro h\u00fcdraulilised ketaspidurid<br \/>\nDisplay:: Ananda TFT D18<br \/>\nAku: 36 V 19,2 Ah SAMSUNG liitiumioon<br \/>\nKiirus: 25 km\/h<br \/>\nKaal: 25,6 kg<br \/>\nS\u00f5iduulatus: 260 km<\/p>\n<p><strong>Suurus<\/strong><\/p>\n<p>Sobib s\u00f5itjale pikkusega: 175-200 cm<br \/>\nKandev\u00f5ime: 110 kg<\/p>\n<p><img decoding=\"async\" src=\"https:\/\/engwe-bikes-eu.com\/cdn\/shop\/files\/lQLPJwF5SdhlEDfNAS7NAZCwRDG5HHqZvQAFp6KAroDcAQ_400_302.png?v=1706668894\" \/><br \/>\nA&#8211;teljevahe<br \/>\n116,5 cm<br \/>\nB \u2013 kogupikkus<br \/>\n187 cm<br \/>\nC \u2013 j\u00f5uda<br \/>\n48 cm<br \/>\nD&#8211;seisaku k\u00f5rgus<br \/>\n75 cm<br \/>\nE&#8211;Sadula minimaalne k\u00f5rgus<br \/>\n84,5 cm<br \/>\nF \u2013 sadula maksimaalne k\u00f5rgus<br \/>\n99 cm<br \/>\nG-juhtraua k\u00f5rgus:<br \/>\n117,5 cm<\/p>\n<h3>Pakendis kaasas:<\/h3>\n<p>P275 ST E-jalgratas x 1<br \/>\n36 V 19,2 Ah SAMSUNGi liitiumioonaku x 1<br \/>\nAkulaadija x 1<br \/>\nMontaa\u017eit\u00f6\u00f6riistad x 1<br \/>\nTagumine tuli x 1<br \/>\nKell x 1<br \/>\nPedaalid x 2<br \/>\nKasutusjuhend x 1<\/p>\n","protected":false},"excerpt":{"rendered":"<p><strong>Engwe P275 ST<\/strong> Elektriratas on silmapaistev valik linnas liikumiseks, pakkudes kompaktsust, kiirust ja keskkonnas\u00f5bralikkust.<\/p>\n<ul>\n<li>S\u00f5iduulatus: 260 km<\/li>\n<li>Mootor: Ananda 250 W harjadeta keskajamiga mootor<\/li>\n<li>Aku: 36 V 19,2 Ah SAMSUNG liitiumioon<\/li>\n<li>Kiirus: 25 km\/h<\/li>\n<li>Kaal: 25,6 kg<\/li>\n<\/ul>\n<p>\u2666\u00a0<strong>Tarneaeg 2-6 p\u00e4eva<\/strong><br \/>\n\u2666\u00a0<strong>Laos<br \/>\n<\/strong><strong>\u2666 Garantii 2 aastat<\/strong><\/p>\n","protected":false},"featured_media":15648,"template":"","meta":[],"product_cat":[903,905],"product_tag":[],"class_list":{"0":"post-15642","1":"product","2":"type-product","3":"status-publish","4":"has-post-thumbnail","6":"product_cat-linnarattad","7":"product_cat-maastikurattad","9":"first","10":"instock","11":"sale","12":"taxable","13":"shipping-taxable","14":"purchasable","15":"product-type-variable"},"yoast_head":"<!-- This site is optimized with the Yoast SEO plugin v23.8 - https:\/\/yoast.com\/wordpress\/plugins\/seo\/ -->\n<title>Engwe P275 ST Elektriratas, 260 km - Ecocruiser<\/title>\n<meta name=\"robots\" content=\"noindex, follow, max-snippet:-1, max-image-preview:large, max-video-preview:-1\" \/>\n<meta property=\"og:locale\" content=\"en_GB\" \/>\n<meta property=\"og:type\" content=\"article\" \/>\n<meta property=\"og:title\" content=\"Engwe P275 ST Elektriratas, 260 km - Ecocruiser\" \/>\n<meta property=\"og:description\" content=\"Engwe P275 ST Elektriratas on silmapaistev valik linnas liikumiseks, pakkudes kompaktsust, kiirust ja keskkonnas\u00f5bralikkust.   S\u00f5iduulatus: 260 km  Mootor: Ananda 250 W harjadeta keskajamiga mootor  Aku: 36 V 19,2 Ah SAMSUNG liitiumioon  Kiirus: 25 km\/h  Kaal: 25,6 kg  \u2666\u00a0Tarneaeg 2-6 p\u00e4eva \u2666\u00a0Laos \u2666 Garantii 2 aastat\" \/>\n<meta property=\"og:url\" content=\"https:\/\/projekt.vombat.ee\/eco\/pood\/elektrirattad\/linnarattad\/engwe-p275-st-elektriratas-260-km\/\" \/>\n<meta property=\"og:site_name\" content=\"Ecocruiser\" \/>\n<meta property=\"article:modified_time\" content=\"2024-04-12T11:36:03+00:00\" \/>\n<meta property=\"og:image\" content=\"https:\/\/projekt.vombat.ee\/eco\/wp-content\/uploads\/2024\/04\/oranz-valge-scaled.webp\" \/>\n\t<meta property=\"og:image:width\" content=\"1838\" \/>\n\t<meta property=\"og:image:height\" content=\"2560\" \/>\n\t<meta property=\"og:image:type\" content=\"image\/webp\" \/>\n<meta name=\"twitter:card\" content=\"summary_large_image\" \/>\n<meta name=\"twitter:label1\" content=\"Estimated reading time\" \/>\n\t<meta name=\"twitter:data1\" content=\"4 minutes\" \/>\n<script type=\"application\/ld+json\" class=\"yoast-schema-graph\">{\"@context\":\"https:\/\/schema.org\",\"@graph\":[{\"@type\":\"WebPage\",\"@id\":\"https:\/\/projekt.vombat.ee\/eco\/pood\/elektrirattad\/linnarattad\/engwe-p275-st-elektriratas-260-km\/\",\"url\":\"https:\/\/projekt.vombat.ee\/eco\/pood\/elektrirattad\/linnarattad\/engwe-p275-st-elektriratas-260-km\/\",\"name\":\"Engwe P275 ST Elektriratas, 260 km - Ecocruiser\",\"isPartOf\":{\"@id\":\"https:\/\/projekt.vombat.ee\/eco\/#website\"},\"primaryImageOfPage\":{\"@id\":\"https:\/\/projekt.vombat.ee\/eco\/pood\/elektrirattad\/linnarattad\/engwe-p275-st-elektriratas-260-km\/#primaryimage\"},\"image\":{\"@id\":\"https:\/\/projekt.vombat.ee\/eco\/pood\/elektrirattad\/linnarattad\/engwe-p275-st-elektriratas-260-km\/#primaryimage\"},\"thumbnailUrl\":\"https:\/\/projekt.vombat.ee\/eco\/wp-content\/uploads\/2024\/04\/oranz-valge-scaled.webp\",\"datePublished\":\"2024-04-12T11:36:02+00:00\",\"dateModified\":\"2024-04-12T11:36:03+00:00\",\"breadcrumb\":{\"@id\":\"https:\/\/projekt.vombat.ee\/eco\/pood\/elektrirattad\/linnarattad\/engwe-p275-st-elektriratas-260-km\/#breadcrumb\"},\"inLanguage\":\"en-GB\",\"potentialAction\":[{\"@type\":\"ReadAction\",\"target\":[\"https:\/\/projekt.vombat.ee\/eco\/pood\/elektrirattad\/linnarattad\/engwe-p275-st-elektriratas-260-km\/\"]}]},{\"@type\":\"ImageObject\",\"inLanguage\":\"en-GB\",\"@id\":\"https:\/\/projekt.vombat.ee\/eco\/pood\/elektrirattad\/linnarattad\/engwe-p275-st-elektriratas-260-km\/#primaryimage\",\"url\":\"https:\/\/projekt.vombat.ee\/eco\/wp-content\/uploads\/2024\/04\/oranz-valge-scaled.webp\",\"contentUrl\":\"https:\/\/projekt.vombat.ee\/eco\/wp-content\/uploads\/2024\/04\/oranz-valge-scaled.webp\",\"width\":1838,\"height\":2560},{\"@type\":\"BreadcrumbList\",\"@id\":\"https:\/\/projekt.vombat.ee\/eco\/pood\/elektrirattad\/linnarattad\/engwe-p275-st-elektriratas-260-km\/#breadcrumb\",\"itemListElement\":[{\"@type\":\"ListItem\",\"position\":1,\"name\":\"Home\",\"item\":\"https:\/\/projekt.vombat.ee\/eco\/\"},{\"@type\":\"ListItem\",\"position\":2,\"name\":\"Pood\",\"item\":\"https:\/\/projekt.vombat.ee\/eco\/pood\/\"},{\"@type\":\"ListItem\",\"position\":3,\"name\":\"Engwe P275 ST Elektriratas, 260 km\"}]},{\"@type\":\"WebSite\",\"@id\":\"https:\/\/projekt.vombat.ee\/eco\/#website\",\"url\":\"https:\/\/projekt.vombat.ee\/eco\/\",\"name\":\"Ecocruiser\",\"description\":\"\",\"publisher\":{\"@id\":\"https:\/\/projekt.vombat.ee\/eco\/#organization\"},\"potentialAction\":[{\"@type\":\"SearchAction\",\"target\":{\"@type\":\"EntryPoint\",\"urlTemplate\":\"https:\/\/projekt.vombat.ee\/eco\/?s={search_term_string}\"},\"query-input\":{\"@type\":\"PropertyValueSpecification\",\"valueRequired\":true,\"valueName\":\"search_term_string\"}}],\"inLanguage\":\"en-GB\"},{\"@type\":\"Organization\",\"@id\":\"https:\/\/projekt.vombat.ee\/eco\/#organization\",\"name\":\"Ecocruiser\",\"url\":\"https:\/\/projekt.vombat.ee\/eco\/\",\"logo\":{\"@type\":\"ImageObject\",\"inLanguage\":\"en-GB\",\"@id\":\"https:\/\/projekt.vombat.ee\/eco\/#\/schema\/logo\/image\/\",\"url\":\"https:\/\/projekt.vombat.ee\/eco\/wp-content\/uploads\/2023\/03\/ECOCRUISER_5.png\",\"contentUrl\":\"https:\/\/projekt.vombat.ee\/eco\/wp-content\/uploads\/2023\/03\/ECOCRUISER_5.png\",\"width\":234,\"height\":91,\"caption\":\"Ecocruiser\"},\"image\":{\"@id\":\"https:\/\/projekt.vombat.ee\/eco\/#\/schema\/logo\/image\/\"}}]}<\/script>\n<!-- \/ Yoast SEO plugin. -->","yoast_head_json":{"title":"Engwe P275 ST Elektriratas, 260 km - Ecocruiser","robots":{"index":"noindex","follow":"follow","max-snippet":"max-snippet:-1","max-image-preview":"max-image-preview:large","max-video-preview":"max-video-preview:-1"},"og_locale":"en_GB","og_type":"article","og_title":"Engwe P275 ST Elektriratas, 260 km - Ecocruiser","og_description":"Engwe P275 ST Elektriratas on silmapaistev valik linnas liikumiseks, pakkudes kompaktsust, kiirust ja keskkonnas\u00f5bralikkust.   S\u00f5iduulatus: 260 km  Mootor: Ananda 250 W harjadeta keskajamiga mootor  Aku: 36 V 19,2 Ah SAMSUNG liitiumioon  Kiirus: 25 km\/h  Kaal: 25,6 kg  \u2666\u00a0Tarneaeg 2-6 p\u00e4eva \u2666\u00a0Laos \u2666 Garantii 2 aastat","og_url":"https:\/\/projekt.vombat.ee\/eco\/pood\/elektrirattad\/linnarattad\/engwe-p275-st-elektriratas-260-km\/","og_site_name":"Ecocruiser","article_modified_time":"2024-04-12T11:36:03+00:00","og_image":[{"width":1838,"height":2560,"url":"https:\/\/projekt.vombat.ee\/eco\/wp-content\/uploads\/2024\/04\/oranz-valge-scaled.webp","type":"image\/webp"}],"twitter_card":"summary_large_image","twitter_misc":{"Estimated reading time":"4 minutes"},"schema":{"@context":"https:\/\/schema.org","@graph":[{"@type":"WebPage","@id":"https:\/\/projekt.vombat.ee\/eco\/pood\/elektrirattad\/linnarattad\/engwe-p275-st-elektriratas-260-km\/","url":"https:\/\/projekt.vombat.ee\/eco\/pood\/elektrirattad\/linnarattad\/engwe-p275-st-elektriratas-260-km\/","name":"Engwe P275 ST Elektriratas, 260 km - Ecocruiser","isPartOf":{"@id":"https:\/\/projekt.vombat.ee\/eco\/#website"},"primaryImageOfPage":{"@id":"https:\/\/projekt.vombat.ee\/eco\/pood\/elektrirattad\/linnarattad\/engwe-p275-st-elektriratas-260-km\/#primaryimage"},"image":{"@id":"https:\/\/projekt.vombat.ee\/eco\/pood\/elektrirattad\/linnarattad\/engwe-p275-st-elektriratas-260-km\/#primaryimage"},"thumbnailUrl":"https:\/\/projekt.vombat.ee\/eco\/wp-content\/uploads\/2024\/04\/oranz-valge-scaled.webp","datePublished":"2024-04-12T11:36:02+00:00","dateModified":"2024-04-12T11:36:03+00:00","breadcrumb":{"@id":"https:\/\/projekt.vombat.ee\/eco\/pood\/elektrirattad\/linnarattad\/engwe-p275-st-elektriratas-260-km\/#breadcrumb"},"inLanguage":"en-GB","potentialAction":[{"@type":"ReadAction","target":["https:\/\/projekt.vombat.ee\/eco\/pood\/elektrirattad\/linnarattad\/engwe-p275-st-elektriratas-260-km\/"]}]},{"@type":"ImageObject","inLanguage":"en-GB","@id":"https:\/\/projekt.vombat.ee\/eco\/pood\/elektrirattad\/linnarattad\/engwe-p275-st-elektriratas-260-km\/#primaryimage","url":"https:\/\/projekt.vombat.ee\/eco\/wp-content\/uploads\/2024\/04\/oranz-valge-scaled.webp","contentUrl":"https:\/\/projekt.vombat.ee\/eco\/wp-content\/uploads\/2024\/04\/oranz-valge-scaled.webp","width":1838,"height":2560},{"@type":"BreadcrumbList","@id":"https:\/\/projekt.vombat.ee\/eco\/pood\/elektrirattad\/linnarattad\/engwe-p275-st-elektriratas-260-km\/#breadcrumb","itemListElement":[{"@type":"ListItem","position":1,"name":"Home","item":"https:\/\/projekt.vombat.ee\/eco\/"},{"@type":"ListItem","position":2,"name":"Pood","item":"https:\/\/projekt.vombat.ee\/eco\/pood\/"},{"@type":"ListItem","position":3,"name":"Engwe P275 ST Elektriratas, 260 km"}]},{"@type":"WebSite","@id":"https:\/\/projekt.vombat.ee\/eco\/#website","url":"https:\/\/projekt.vombat.ee\/eco\/","name":"Ecocruiser","description":"","publisher":{"@id":"https:\/\/projekt.vombat.ee\/eco\/#organization"},"potentialAction":[{"@type":"SearchAction","target":{"@type":"EntryPoint","urlTemplate":"https:\/\/projekt.vombat.ee\/eco\/?s={search_term_string}"},"query-input":{"@type":"PropertyValueSpecification","valueRequired":true,"valueName":"search_term_string"}}],"inLanguage":"en-GB"},{"@type":"Organization","@id":"https:\/\/projekt.vombat.ee\/eco\/#organization","name":"Ecocruiser","url":"https:\/\/projekt.vombat.ee\/eco\/","logo":{"@type":"ImageObject","inLanguage":"en-GB","@id":"https:\/\/projekt.vombat.ee\/eco\/#\/schema\/logo\/image\/","url":"https:\/\/projekt.vombat.ee\/eco\/wp-content\/uploads\/2023\/03\/ECOCRUISER_5.png","contentUrl":"https:\/\/projekt.vombat.ee\/eco\/wp-content\/uploads\/2023\/03\/ECOCRUISER_5.png","width":234,"height":91,"caption":"Ecocruiser"},"image":{"@id":"https:\/\/projekt.vombat.ee\/eco\/#\/schema\/logo\/image\/"}}]}},"lang":"et","translations":{"et":15642},"pll_sync_post":[],"_links":{"self":[{"href":"https:\/\/projekt.vombat.ee\/eco\/wp-json\/wp\/v2\/product\/15642"}],"collection":[{"href":"https:\/\/projekt.vombat.ee\/eco\/wp-json\/wp\/v2\/product"}],"about":[{"href":"https:\/\/projekt.vombat.ee\/eco\/wp-json\/wp\/v2\/types\/product"}],"version-history":[{"count":2,"href":"https:\/\/projekt.vombat.ee\/eco\/wp-json\/wp\/v2\/product\/15642\/revisions"}],"predecessor-version":[{"id":15660,"href":"https:\/\/projekt.vombat.ee\/eco\/wp-json\/wp\/v2\/product\/15642\/revisions\/15660"}],"wp:featuredmedia":[{"embeddable":true,"href":"https:\/\/projekt.vombat.ee\/eco\/wp-json\/wp\/v2\/media\/15648"}],"wp:attachment":[{"href":"https:\/\/projekt.vombat.ee\/eco\/wp-json\/wp\/v2\/media?parent=15642"}],"wp:term":[{"taxonomy":"product_cat","embeddable":true,"href":"https:\/\/projekt.vombat.ee\/eco\/wp-json\/wp\/v2\/product_cat?post=15642"},{"taxonomy":"product_tag","embeddable":true,"href":"https:\/\/projekt.vombat.ee\/eco\/wp-json\/wp\/v2\/product_tag?post=15642"}],"curies":[{"name":"wp","href":"https:\/\/api.w.org\/{rel}","templated":true}]}}