{"id":15629,"date":"2024-04-11T20:19:07","date_gmt":"2024-04-11T20:19:07","guid":{"rendered":"https:\/\/projekt.vombat.ee\/eco\/?post_type=product&#038;p=15629"},"modified":"2024-09-17T07:34:36","modified_gmt":"2024-09-17T07:34:36","slug":"engwe-y60-elektriline-toukeratas-70km","status":"publish","type":"product","link":"https:\/\/projekt.vombat.ee\/eco\/pood\/brandid\/engwe\/engwe-y60-elektriline-toukeratas-70km\/","title":{"rendered":"ENGWE Y600 elektriline t\u00f5ukeratas, 70km"},"content":{"rendered":"<h3>ENGWE Y60<\/h3>\n<p><img fetchpriority=\"high\" decoding=\"async\" class=\"\" src=\"https:\/\/www.geekmaxi.com\/img\/p\/3\/9\/4\/9\/8\/39498-thickbox_default.webp?_gl=1*1tkwc17*_up*MQ..*_ga*ODQxODU0NTA5LjE3MTI4NjU2MDU.*_ga_HG0KC75N9L*MTcxMjg2NTYwNC4xLjAuMTcxMjg2NTYwNC4wLjAuMTYwMDkxODUzOA..*_ga_R9YZY95D7K*MTcxMjg2NTYwNC4xLjAuMTcxMjg2NTYwNC4wLjAuMzA0NTQ3MTU3\" width=\"529\" height=\"529\" \/><\/p>\n<p>Varustatud 600 W mootoriga, mille tippv\u00f5imsus on 830 W ja mis on piisavalt v\u00f5imas, et v\u00f5imaldada kiiret starti kuni 15\u00b0 j\u00e4rskude m\u00e4gede vallutamist, muutes s\u00f5itmise lihtsamaks.Selle tippkiirus v\u00f5ib ulatuda 25 km\/h.<\/p>\n<h3>48V 18,2Ah suure j\u00f5udlusega aku<\/h3>\n<p>Kvaliteetne 48 V 18,2 Ah aku tagab s\u00f5iduks suurep\u00e4rase s\u00f5iduulatuse, mille maksimaalne s\u00f5iduulatus on 70 km<\/p>\n<h3>Mugav s\u00f5idukogemus<\/h3>\n<p>Universaalvedrustuse ja 10*4,0 paksuste rehvidega varustatud Y60 pakub teile suurep\u00e4rase s\u00f5idukogemuse ja v\u00f5imaldab h\u00f5lpsasti toime tulla ebatasasel maastikul.<\/p>\n<h3>Valgustuss\u00fcsteem<\/h3>\n<p>Valgustuss\u00fcsteemi saate h\u00f5lpsalt juhtida juhtraual oleva nupuga. Meie eksklusiivne ruumilise valgustuse s\u00fcsteem tagab igak\u00fclgse ohutuse.<\/p>\n<h3>Eemaldatav iste<\/h3>\n<p>Y60-l on eemaldatav istme disain, mis lisab mitmek\u00fclgsust.<\/p>\n<h3>Lihtne voltimine<\/h3>\n<p>Kokkupandava disainiga saab raami kokku panna vaid 3 sammuga ja selle saab h\u00f5lpsasti pagasiruumi panna, muutes selle kaasaskandmisel mugavamaks.<\/p>\n<h3><\/h3>\n<h3>Info<\/h3>\n<p>Mootor: 600W<br \/>\nRehvid: 10*4,0 rehvid<br \/>\nPidur: Mehaaniline ketaspidur<br \/>\nS\u00f5iduulatus: 70 km<br \/>\nP\u00f6\u00f6rdemoment: 28 N.m<br \/>\nMaksimaalne kalle: 15\u00b0<br \/>\nVeekindel klass: IPX5<br \/>\nAku: 48V18.2AH liitiumioonaku<br \/>\nLaadimisaeg: Umbes 8H<br \/>\nKaal: 26,5 kg<\/p>\n<p>&nbsp;<\/p>\n<p>Kandev\u00f5ime: 120 kg<br \/>\nPakendi m\u00f5\u00f5dud (LWH): 122x24x48 cm<\/p>\n<p><img decoding=\"async\" class=\"\" src=\"https:\/\/engwe-bikes-eu.com\/cdn\/shop\/files\/3_c7fb5109-5f03-497c-a12a-b57b99c239a6.png?v=1709195124\" width=\"382\" height=\"289\" \/><\/p>\n<p>A&#8211;lenksu minimaalne k\u00f5rgus<br \/>\n98 cm<br \/>\nB \u2013 juhtraua maksimaalne k\u00f5rgus<br \/>\n123 cm<br \/>\nC \u2013 kogupikkus<br \/>\n118 cm<br \/>\nD&#8211;Sadula minimaalne k\u00f5rgus<br \/>\n60 cm<br \/>\nE&#8211;Sadula maksimaalne k\u00f5rgus<br \/>\n77 cm<\/p>\n<p>Kokkupandud suurus: 118*28*47 cm<\/p>\n<p><img decoding=\"async\" src=\"https:\/\/engwe-bikes-eu.com\/cdn\/shop\/files\/2_2d35ee8f-0bc9-4caf-9c3f-c1795336ad6c.png?v=1709193521\" \/><\/p>\n<p>A&#8211; K\u00f5rgus<br \/>\n47 cm<br \/>\nB &#8211; pikkus<br \/>\n118 cm<br \/>\nC \u2013 laius<br \/>\n28 cm<\/p>\n<p><strong>Pakendis kaasas:<\/strong><\/p>\n<p>Y600 x 1<br \/>\n48V18.2AH aku x 1<br \/>\nAkulaadija x 1<br \/>\nMontaa\u017eit\u00f6\u00f6riistad x 1<br \/>\nKasutusjuhend x 1<\/p>\n<p><img decoding=\"async\" src=\"https:\/\/a.allegroimg.com\/original\/110f3b\/8995647c4f43bdf989a46fb11bab\/Skladana-Hulajnoga-Elektryczna-ENGWE-Y600-830W-45KM-H-48V-18-2AH-Wheel-diameter-inch-10\" alt=\"Sk\u0142adana Hulajnoga Elektryczna ENGWE Y600 830W 45KM\/H 48V 18.2AH Wheel diameter (inch) 10&quot;\" \/><\/p>\n","protected":false},"excerpt":{"rendered":"<p><strong>ENGWE Y60<\/strong> elektriline t\u00f5ukeratas\u00a0pakub sulle mugavat ja turvalist s\u00f5itu.<\/p>\n<p>Ideaalne valik neile, kes otsivad parima hinna-kvaliteedi suhtega t\u00f5ukeratast.<\/p>\n<p><strong>ENGWE Y60<\/strong> 18.2Ah aku v\u00f5imaldab l\u00e4bida kuni 70 km \u00fche laadimisega.<\/p>\n<p>Lisaks teeb kokkupandav rool selle mugavaks k\u00f5ikjale kaasa v\u00f5tmiseks.<\/p>\n<p>Ideaalne s\u00f5itmiseks <strong>linnas<\/strong> ja <strong>maal<\/strong>.<\/p>\n<ul>\n<li>Mootor: 600W<\/li>\n<li>S\u00f5iduulatus: 70 km<\/li>\n<li>Veekindel klass: IPX5<\/li>\n<li>Aku: 48V18.2AH<\/li>\n<li>Laadimisaeg: Umbes 8H<\/li>\n<li>Kaal: 26,5 kg<\/li>\n<\/ul>\n<p><strong>\u2666 Tarneaeg 3-6 p\u00e4eva<\/strong><br \/>\n<strong>\u2666 Laos<\/strong><\/p>\n<p><strong>\u2666 Garantii akule 6 kuud<\/strong><br \/>\n<strong>\u2666 Garantii t\u00f5ukerattale 2 aastat<\/strong><\/p>\n","protected":false},"featured_media":15630,"template":"","meta":[],"product_cat":[1381,53,909,911,56],"product_tag":[],"class_list":{"0":"post-15629","1":"product","2":"type-product","3":"status-publish","4":"has-post-thumbnail","6":"product_cat-top-5-populaarsemat-elektritoukeratast","7":"product_cat-elektritoukerattad","8":"product_cat-linna-toukerattad","9":"product_cat-voimsad-toukerattad","10":"product_cat-engwe","12":"first","13":"instock","14":"sale","15":"taxable","16":"shipping-taxable","17":"purchasable","18":"product-type-simple"},"yoast_head":"<!-- This site is optimized with the Yoast SEO plugin v23.8 - https:\/\/yoast.com\/wordpress\/plugins\/seo\/ -->\n<title>ENGWE Y600 elektriline t\u00f5ukeratas, 70km - Ecocruiser<\/title>\n<meta name=\"description\" content=\"ENGWE Y60 elektriline t\u00f5ukeratas\u00a0pakub sulle mugavat ja turvalist s\u00f5itu. Ideaalne valik neile, kes otsivad parima hinna-kvaliteedi suhtega t\u00f5ukeratast. ENGWE Y60 18.2Ah aku v\u00f5imaldab l\u00e4bida kuni 70 km \u00fche laadimisega.\" \/>\n<meta name=\"robots\" content=\"noindex, follow, max-snippet:-1, max-image-preview:large, max-video-preview:-1\" \/>\n<meta property=\"og:locale\" content=\"en_GB\" \/>\n<meta property=\"og:type\" content=\"article\" \/>\n<meta property=\"og:title\" content=\"ENGWE Y600 elektriline t\u00f5ukeratas, 70km - Ecocruiser\" \/>\n<meta property=\"og:description\" content=\"ENGWE Y60 elektriline t\u00f5ukeratas\u00a0pakub sulle mugavat ja turvalist s\u00f5itu. Ideaalne valik neile, kes otsivad parima hinna-kvaliteedi suhtega t\u00f5ukeratast. ENGWE Y60 18.2Ah aku v\u00f5imaldab l\u00e4bida kuni 70 km \u00fche laadimisega.\" \/>\n<meta property=\"og:url\" content=\"https:\/\/projekt.vombat.ee\/eco\/pood\/brandid\/engwe\/engwe-y60-elektriline-toukeratas-70km\/\" \/>\n<meta property=\"og:site_name\" content=\"Ecocruiser\" \/>\n<meta property=\"article:modified_time\" content=\"2024-09-17T07:34:36+00:00\" \/>\n<meta property=\"og:image\" content=\"https:\/\/projekt.vombat.ee\/eco\/wp-content\/uploads\/2024\/04\/Untitled-design-2024-04-11T231420.573.png\" \/>\n\t<meta property=\"og:image:width\" content=\"1000\" \/>\n\t<meta property=\"og:image:height\" content=\"1000\" \/>\n\t<meta property=\"og:image:type\" content=\"image\/png\" \/>\n<meta name=\"twitter:card\" content=\"summary_large_image\" \/>\n<meta name=\"twitter:label1\" content=\"Estimated reading time\" \/>\n\t<meta name=\"twitter:data1\" content=\"2 minutes\" \/>\n<script type=\"application\/ld+json\" class=\"yoast-schema-graph\">{\"@context\":\"https:\/\/schema.org\",\"@graph\":[{\"@type\":\"WebPage\",\"@id\":\"https:\/\/projekt.vombat.ee\/eco\/pood\/brandid\/engwe\/engwe-y60-elektriline-toukeratas-70km\/\",\"url\":\"https:\/\/projekt.vombat.ee\/eco\/pood\/brandid\/engwe\/engwe-y60-elektriline-toukeratas-70km\/\",\"name\":\"ENGWE Y600 elektriline t\u00f5ukeratas, 70km - Ecocruiser\",\"isPartOf\":{\"@id\":\"https:\/\/projekt.vombat.ee\/eco\/#website\"},\"primaryImageOfPage\":{\"@id\":\"https:\/\/projekt.vombat.ee\/eco\/pood\/brandid\/engwe\/engwe-y60-elektriline-toukeratas-70km\/#primaryimage\"},\"image\":{\"@id\":\"https:\/\/projekt.vombat.ee\/eco\/pood\/brandid\/engwe\/engwe-y60-elektriline-toukeratas-70km\/#primaryimage\"},\"thumbnailUrl\":\"https:\/\/projekt.vombat.ee\/eco\/wp-content\/uploads\/2024\/04\/Untitled-design-2024-04-11T231420.573.png\",\"datePublished\":\"2024-04-11T20:19:07+00:00\",\"dateModified\":\"2024-09-17T07:34:36+00:00\",\"description\":\"ENGWE Y60 elektriline t\u00f5ukeratas\u00a0pakub sulle mugavat ja turvalist s\u00f5itu. Ideaalne valik neile, kes otsivad parima hinna-kvaliteedi suhtega t\u00f5ukeratast. ENGWE Y60 18.2Ah aku v\u00f5imaldab l\u00e4bida kuni 70 km \u00fche laadimisega.\",\"breadcrumb\":{\"@id\":\"https:\/\/projekt.vombat.ee\/eco\/pood\/brandid\/engwe\/engwe-y60-elektriline-toukeratas-70km\/#breadcrumb\"},\"inLanguage\":\"en-GB\",\"potentialAction\":[{\"@type\":\"ReadAction\",\"target\":[\"https:\/\/projekt.vombat.ee\/eco\/pood\/brandid\/engwe\/engwe-y60-elektriline-toukeratas-70km\/\"]}]},{\"@type\":\"ImageObject\",\"inLanguage\":\"en-GB\",\"@id\":\"https:\/\/projekt.vombat.ee\/eco\/pood\/brandid\/engwe\/engwe-y60-elektriline-toukeratas-70km\/#primaryimage\",\"url\":\"https:\/\/projekt.vombat.ee\/eco\/wp-content\/uploads\/2024\/04\/Untitled-design-2024-04-11T231420.573.png\",\"contentUrl\":\"https:\/\/projekt.vombat.ee\/eco\/wp-content\/uploads\/2024\/04\/Untitled-design-2024-04-11T231420.573.png\",\"width\":1000,\"height\":1000},{\"@type\":\"BreadcrumbList\",\"@id\":\"https:\/\/projekt.vombat.ee\/eco\/pood\/brandid\/engwe\/engwe-y60-elektriline-toukeratas-70km\/#breadcrumb\",\"itemListElement\":[{\"@type\":\"ListItem\",\"position\":1,\"name\":\"Home\",\"item\":\"https:\/\/projekt.vombat.ee\/eco\/\"},{\"@type\":\"ListItem\",\"position\":2,\"name\":\"Pood\",\"item\":\"https:\/\/projekt.vombat.ee\/eco\/pood\/\"},{\"@type\":\"ListItem\",\"position\":3,\"name\":\"ENGWE Y600 elektriline t\u00f5ukeratas, 70km\"}]},{\"@type\":\"WebSite\",\"@id\":\"https:\/\/projekt.vombat.ee\/eco\/#website\",\"url\":\"https:\/\/projekt.vombat.ee\/eco\/\",\"name\":\"Ecocruiser\",\"description\":\"\",\"publisher\":{\"@id\":\"https:\/\/projekt.vombat.ee\/eco\/#organization\"},\"potentialAction\":[{\"@type\":\"SearchAction\",\"target\":{\"@type\":\"EntryPoint\",\"urlTemplate\":\"https:\/\/projekt.vombat.ee\/eco\/?s={search_term_string}\"},\"query-input\":{\"@type\":\"PropertyValueSpecification\",\"valueRequired\":true,\"valueName\":\"search_term_string\"}}],\"inLanguage\":\"en-GB\"},{\"@type\":\"Organization\",\"@id\":\"https:\/\/projekt.vombat.ee\/eco\/#organization\",\"name\":\"Ecocruiser\",\"url\":\"https:\/\/projekt.vombat.ee\/eco\/\",\"logo\":{\"@type\":\"ImageObject\",\"inLanguage\":\"en-GB\",\"@id\":\"https:\/\/projekt.vombat.ee\/eco\/#\/schema\/logo\/image\/\",\"url\":\"https:\/\/projekt.vombat.ee\/eco\/wp-content\/uploads\/2023\/03\/ECOCRUISER_5.png\",\"contentUrl\":\"https:\/\/projekt.vombat.ee\/eco\/wp-content\/uploads\/2023\/03\/ECOCRUISER_5.png\",\"width\":234,\"height\":91,\"caption\":\"Ecocruiser\"},\"image\":{\"@id\":\"https:\/\/projekt.vombat.ee\/eco\/#\/schema\/logo\/image\/\"}}]}<\/script>\n<!-- \/ Yoast SEO plugin. -->","yoast_head_json":{"title":"ENGWE Y600 elektriline t\u00f5ukeratas, 70km - Ecocruiser","description":"ENGWE Y60 elektriline t\u00f5ukeratas\u00a0pakub sulle mugavat ja turvalist s\u00f5itu. Ideaalne valik neile, kes otsivad parima hinna-kvaliteedi suhtega t\u00f5ukeratast. ENGWE Y60 18.2Ah aku v\u00f5imaldab l\u00e4bida kuni 70 km \u00fche laadimisega.","robots":{"index":"noindex","follow":"follow","max-snippet":"max-snippet:-1","max-image-preview":"max-image-preview:large","max-video-preview":"max-video-preview:-1"},"og_locale":"en_GB","og_type":"article","og_title":"ENGWE Y600 elektriline t\u00f5ukeratas, 70km - Ecocruiser","og_description":"ENGWE Y60 elektriline t\u00f5ukeratas\u00a0pakub sulle mugavat ja turvalist s\u00f5itu. Ideaalne valik neile, kes otsivad parima hinna-kvaliteedi suhtega t\u00f5ukeratast. ENGWE Y60 18.2Ah aku v\u00f5imaldab l\u00e4bida kuni 70 km \u00fche laadimisega.","og_url":"https:\/\/projekt.vombat.ee\/eco\/pood\/brandid\/engwe\/engwe-y60-elektriline-toukeratas-70km\/","og_site_name":"Ecocruiser","article_modified_time":"2024-09-17T07:34:36+00:00","og_image":[{"width":1000,"height":1000,"url":"https:\/\/projekt.vombat.ee\/eco\/wp-content\/uploads\/2024\/04\/Untitled-design-2024-04-11T231420.573.png","type":"image\/png"}],"twitter_card":"summary_large_image","twitter_misc":{"Estimated reading time":"2 minutes"},"schema":{"@context":"https:\/\/schema.org","@graph":[{"@type":"WebPage","@id":"https:\/\/projekt.vombat.ee\/eco\/pood\/brandid\/engwe\/engwe-y60-elektriline-toukeratas-70km\/","url":"https:\/\/projekt.vombat.ee\/eco\/pood\/brandid\/engwe\/engwe-y60-elektriline-toukeratas-70km\/","name":"ENGWE Y600 elektriline t\u00f5ukeratas, 70km - Ecocruiser","isPartOf":{"@id":"https:\/\/projekt.vombat.ee\/eco\/#website"},"primaryImageOfPage":{"@id":"https:\/\/projekt.vombat.ee\/eco\/pood\/brandid\/engwe\/engwe-y60-elektriline-toukeratas-70km\/#primaryimage"},"image":{"@id":"https:\/\/projekt.vombat.ee\/eco\/pood\/brandid\/engwe\/engwe-y60-elektriline-toukeratas-70km\/#primaryimage"},"thumbnailUrl":"https:\/\/projekt.vombat.ee\/eco\/wp-content\/uploads\/2024\/04\/Untitled-design-2024-04-11T231420.573.png","datePublished":"2024-04-11T20:19:07+00:00","dateModified":"2024-09-17T07:34:36+00:00","description":"ENGWE Y60 elektriline t\u00f5ukeratas\u00a0pakub sulle mugavat ja turvalist s\u00f5itu. Ideaalne valik neile, kes otsivad parima hinna-kvaliteedi suhtega t\u00f5ukeratast. ENGWE Y60 18.2Ah aku v\u00f5imaldab l\u00e4bida kuni 70 km \u00fche laadimisega.","breadcrumb":{"@id":"https:\/\/projekt.vombat.ee\/eco\/pood\/brandid\/engwe\/engwe-y60-elektriline-toukeratas-70km\/#breadcrumb"},"inLanguage":"en-GB","potentialAction":[{"@type":"ReadAction","target":["https:\/\/projekt.vombat.ee\/eco\/pood\/brandid\/engwe\/engwe-y60-elektriline-toukeratas-70km\/"]}]},{"@type":"ImageObject","inLanguage":"en-GB","@id":"https:\/\/projekt.vombat.ee\/eco\/pood\/brandid\/engwe\/engwe-y60-elektriline-toukeratas-70km\/#primaryimage","url":"https:\/\/projekt.vombat.ee\/eco\/wp-content\/uploads\/2024\/04\/Untitled-design-2024-04-11T231420.573.png","contentUrl":"https:\/\/projekt.vombat.ee\/eco\/wp-content\/uploads\/2024\/04\/Untitled-design-2024-04-11T231420.573.png","width":1000,"height":1000},{"@type":"BreadcrumbList","@id":"https:\/\/projekt.vombat.ee\/eco\/pood\/brandid\/engwe\/engwe-y60-elektriline-toukeratas-70km\/#breadcrumb","itemListElement":[{"@type":"ListItem","position":1,"name":"Home","item":"https:\/\/projekt.vombat.ee\/eco\/"},{"@type":"ListItem","position":2,"name":"Pood","item":"https:\/\/projekt.vombat.ee\/eco\/pood\/"},{"@type":"ListItem","position":3,"name":"ENGWE Y600 elektriline t\u00f5ukeratas, 70km"}]},{"@type":"WebSite","@id":"https:\/\/projekt.vombat.ee\/eco\/#website","url":"https:\/\/projekt.vombat.ee\/eco\/","name":"Ecocruiser","description":"","publisher":{"@id":"https:\/\/projekt.vombat.ee\/eco\/#organization"},"potentialAction":[{"@type":"SearchAction","target":{"@type":"EntryPoint","urlTemplate":"https:\/\/projekt.vombat.ee\/eco\/?s={search_term_string}"},"query-input":{"@type":"PropertyValueSpecification","valueRequired":true,"valueName":"search_term_string"}}],"inLanguage":"en-GB"},{"@type":"Organization","@id":"https:\/\/projekt.vombat.ee\/eco\/#organization","name":"Ecocruiser","url":"https:\/\/projekt.vombat.ee\/eco\/","logo":{"@type":"ImageObject","inLanguage":"en-GB","@id":"https:\/\/projekt.vombat.ee\/eco\/#\/schema\/logo\/image\/","url":"https:\/\/projekt.vombat.ee\/eco\/wp-content\/uploads\/2023\/03\/ECOCRUISER_5.png","contentUrl":"https:\/\/projekt.vombat.ee\/eco\/wp-content\/uploads\/2023\/03\/ECOCRUISER_5.png","width":234,"height":91,"caption":"Ecocruiser"},"image":{"@id":"https:\/\/projekt.vombat.ee\/eco\/#\/schema\/logo\/image\/"}}]}},"lang":"et","translations":{"et":15629,"ru":16261},"pll_sync_post":[],"_links":{"self":[{"href":"https:\/\/projekt.vombat.ee\/eco\/wp-json\/wp\/v2\/product\/15629"}],"collection":[{"href":"https:\/\/projekt.vombat.ee\/eco\/wp-json\/wp\/v2\/product"}],"about":[{"href":"https:\/\/projekt.vombat.ee\/eco\/wp-json\/wp\/v2\/types\/product"}],"version-history":[{"count":2,"href":"https:\/\/projekt.vombat.ee\/eco\/wp-json\/wp\/v2\/product\/15629\/revisions"}],"predecessor-version":[{"id":21215,"href":"https:\/\/projekt.vombat.ee\/eco\/wp-json\/wp\/v2\/product\/15629\/revisions\/21215"}],"wp:featuredmedia":[{"embeddable":true,"href":"https:\/\/projekt.vombat.ee\/eco\/wp-json\/wp\/v2\/media\/15630"}],"wp:attachment":[{"href":"https:\/\/projekt.vombat.ee\/eco\/wp-json\/wp\/v2\/media?parent=15629"}],"wp:term":[{"taxonomy":"product_cat","embeddable":true,"href":"https:\/\/projekt.vombat.ee\/eco\/wp-json\/wp\/v2\/product_cat?post=15629"},{"taxonomy":"product_tag","embeddable":true,"href":"https:\/\/projekt.vombat.ee\/eco\/wp-json\/wp\/v2\/product_tag?post=15629"}],"curies":[{"name":"wp","href":"https:\/\/api.w.org\/{rel}","templated":true}]}}