{"id":15519,"date":"2024-03-26T03:14:53","date_gmt":"2024-03-26T03:14:53","guid":{"rendered":"https:\/\/projekt.vombat.ee\/eco\/?post_type=product&#038;p=15519"},"modified":"2024-04-19T12:31:12","modified_gmt":"2024-04-19T12:31:12","slug":"arwibon-q06-pro-elektritoukeratas-90km","status":"publish","type":"product","link":"https:\/\/projekt.vombat.ee\/eco\/pood\/elektritoukerattad\/voimsad-toukerattad\/arwibon-q06-pro-elektritoukeratas-90km\/","title":{"rendered":"Arwibon Q06 Pro Elektrit\u00f5ukeratas, 90km"},"content":{"rendered":"<h1>Arwibon Q06 Pro Elektrit\u00f5ukeratas<\/h1>\n<div style=\"width: 1280px;\" class=\"wp-video\"><!--[if lt IE 9]><script>document.createElement('video');<\/script><![endif]-->\n<video class=\"wp-video-shortcode\" id=\"video-15519-1\" width=\"1280\" height=\"720\" preload=\"metadata\" controls=\"controls\"><source type=\"video\/mp4\" src=\"https:\/\/projekt.vombat.ee\/eco\/wp-content\/uploads\/2024\/03\/20230512_97f7e51c38c2ce2c_409471337592_mp4_264_hd_unlimit_taobao.mp4?_=1\" \/><a href=\"https:\/\/projekt.vombat.ee\/eco\/wp-content\/uploads\/2024\/03\/20230512_97f7e51c38c2ce2c_409471337592_mp4_264_hd_unlimit_taobao.mp4\">https:\/\/projekt.vombat.ee\/eco\/wp-content\/uploads\/2024\/03\/20230512_97f7e51c38c2ce2c_409471337592_mp4_264_hd_unlimit_taobao.mp4<\/a><\/video><\/div>\n<p>&nbsp;<\/p>\n<p><strong>Arwibon Q06 Pro Omadused:<\/strong><\/p>\n<p>Kokkupandav: Jah<br \/>\nS\u00f5iduulatus: 90km<br \/>\nMax kiirus: 70-80KM\/h<br \/>\nMuud atribuudid<br \/>\nKaubam\u00e4rk Arwibon<br \/>\nMudelinumber Q06 Pro<br \/>\nLaadimisaeg 6-8h<br \/>\nAku: 60V 30Ah<br \/>\nKahekordne laadimisport<br \/>\nVahemik \u00d5lipidur<br \/>\nShock Absorption C-t\u00fc\u00fcpi vedru summutus<br \/>\nMaksimaalne kandiv\u00f5ime: 200kg<br \/>\nRonimisnurk 45-55\u00b0<br \/>\nKaal 55 kg<br \/>\nKokkupandud suurus 130*33*64cm<br \/>\nLaienda Suurus 125*62*111-133cm<\/p>\n","protected":false},"excerpt":{"rendered":"<p>Vii oma seiklused uuele tasemele Arwibon Q06 Pro Off-Road Elektrit\u00f5ukerattaga. Valluta radu 11-tolliste maastikurehvide ja t\u00e4ish\u00fcdrauliliste pidurite abil.<\/p>\n<p>Teie Off-Road teekond algab siit !<\/p>\n<p><strong>Omadused:<\/strong><\/p>\n<ul>\n<li>Mootor: 1000W (piirajaga)<\/li>\n<li>Maksimaalne l\u00e4bis\u00f5it: 90km<\/li>\n<li>Maksimaalne kiirus: 25 km\/h (piirajaga)<\/li>\n<li>Aku: 60V\/30Ah<\/li>\n<li>Laadimisaeg: 8h<\/li>\n<\/ul>\n<p>\u2666\u00a0<strong>Tarneaeg 2-6 p\u00e4eva<\/strong><br \/>\n\u2666\u00a0<strong>Laos<\/strong><\/p>\n<p><b>Garantii: 2 aastat!<\/b><\/p>\n","protected":false},"featured_media":15522,"template":"","meta":[],"product_cat":[1381,53,911],"product_tag":[],"class_list":{"0":"post-15519","1":"product","2":"type-product","3":"status-publish","4":"has-post-thumbnail","6":"product_cat-top-5-populaarsemat-elektritoukeratast","7":"product_cat-elektritoukerattad","8":"product_cat-voimsad-toukerattad","10":"first","11":"instock","12":"sale","13":"taxable","14":"shipping-taxable","15":"purchasable","16":"product-type-simple"},"yoast_head":"<!-- This site is optimized with the Yoast SEO plugin v23.8 - https:\/\/yoast.com\/wordpress\/plugins\/seo\/ -->\n<title>Arwibon Q06 Pro Elektrit\u00f5ukeratas, 90km - Ecocruiser<\/title>\n<meta name=\"description\" content=\"Vii oma seiklused uuele tasemele Arwibon Q06 Pro Off-Road Elektrit\u00f5ukerattaga. Valluta radu 11-tolliste maastikurehvide ja t\u00e4ish\u00fcdrauliliste pidurite abil.Teie Off-Road teekond algab siit !Omadused:Mootor: 1000W (piirajaga)Maksimaalne l\u00e4bis\u00f5it: 90km\" \/>\n<meta name=\"robots\" content=\"noindex, follow, max-snippet:-1, max-image-preview:large, max-video-preview:-1\" \/>\n<meta property=\"og:locale\" content=\"en_GB\" \/>\n<meta property=\"og:type\" content=\"article\" \/>\n<meta property=\"og:title\" content=\"Arwibon Q06 Pro Elektrit\u00f5ukeratas, 90km - Ecocruiser\" \/>\n<meta property=\"og:description\" content=\"Vii oma seiklused uuele tasemele Arwibon Q06 Pro Off-Road Elektrit\u00f5ukerattaga. Valluta radu 11-tolliste maastikurehvide ja t\u00e4ish\u00fcdrauliliste pidurite abil.Teie Off-Road teekond algab siit !Omadused:Mootor: 1000W (piirajaga)Maksimaalne l\u00e4bis\u00f5it: 90km\" \/>\n<meta property=\"og:url\" content=\"https:\/\/projekt.vombat.ee\/eco\/pood\/elektritoukerattad\/voimsad-toukerattad\/arwibon-q06-pro-elektritoukeratas-90km\/\" \/>\n<meta property=\"og:site_name\" content=\"Ecocruiser\" \/>\n<meta property=\"article:modified_time\" content=\"2024-04-19T12:31:12+00:00\" \/>\n<meta property=\"og:image\" content=\"https:\/\/projekt.vombat.ee\/eco\/wp-content\/uploads\/2024\/03\/Untitled-design-92.png\" \/>\n\t<meta property=\"og:image:width\" content=\"1000\" \/>\n\t<meta property=\"og:image:height\" content=\"1000\" \/>\n\t<meta property=\"og:image:type\" content=\"image\/png\" \/>\n<meta name=\"twitter:card\" content=\"summary_large_image\" \/>\n<meta name=\"twitter:label1\" content=\"Estimated reading time\" \/>\n\t<meta name=\"twitter:data1\" content=\"1 minute\" \/>\n<script type=\"application\/ld+json\" class=\"yoast-schema-graph\">{\"@context\":\"https:\/\/schema.org\",\"@graph\":[{\"@type\":\"WebPage\",\"@id\":\"https:\/\/projekt.vombat.ee\/eco\/pood\/elektritoukerattad\/voimsad-toukerattad\/arwibon-q06-pro-elektritoukeratas-90km\/\",\"url\":\"https:\/\/projekt.vombat.ee\/eco\/pood\/elektritoukerattad\/voimsad-toukerattad\/arwibon-q06-pro-elektritoukeratas-90km\/\",\"name\":\"Arwibon Q06 Pro Elektrit\u00f5ukeratas, 90km - Ecocruiser\",\"isPartOf\":{\"@id\":\"https:\/\/projekt.vombat.ee\/eco\/#website\"},\"primaryImageOfPage\":{\"@id\":\"https:\/\/projekt.vombat.ee\/eco\/pood\/elektritoukerattad\/voimsad-toukerattad\/arwibon-q06-pro-elektritoukeratas-90km\/#primaryimage\"},\"image\":{\"@id\":\"https:\/\/projekt.vombat.ee\/eco\/pood\/elektritoukerattad\/voimsad-toukerattad\/arwibon-q06-pro-elektritoukeratas-90km\/#primaryimage\"},\"thumbnailUrl\":\"https:\/\/projekt.vombat.ee\/eco\/wp-content\/uploads\/2024\/03\/Untitled-design-92.png\",\"datePublished\":\"2024-03-26T03:14:53+00:00\",\"dateModified\":\"2024-04-19T12:31:12+00:00\",\"description\":\"Vii oma seiklused uuele tasemele Arwibon Q06 Pro Off-Road Elektrit\u00f5ukerattaga. Valluta radu 11-tolliste maastikurehvide ja t\u00e4ish\u00fcdrauliliste pidurite abil.Teie Off-Road teekond algab siit !Omadused:Mootor: 1000W (piirajaga)Maksimaalne l\u00e4bis\u00f5it: 90km\",\"breadcrumb\":{\"@id\":\"https:\/\/projekt.vombat.ee\/eco\/pood\/elektritoukerattad\/voimsad-toukerattad\/arwibon-q06-pro-elektritoukeratas-90km\/#breadcrumb\"},\"inLanguage\":\"en-GB\",\"potentialAction\":[{\"@type\":\"ReadAction\",\"target\":[\"https:\/\/projekt.vombat.ee\/eco\/pood\/elektritoukerattad\/voimsad-toukerattad\/arwibon-q06-pro-elektritoukeratas-90km\/\"]}]},{\"@type\":\"ImageObject\",\"inLanguage\":\"en-GB\",\"@id\":\"https:\/\/projekt.vombat.ee\/eco\/pood\/elektritoukerattad\/voimsad-toukerattad\/arwibon-q06-pro-elektritoukeratas-90km\/#primaryimage\",\"url\":\"https:\/\/projekt.vombat.ee\/eco\/wp-content\/uploads\/2024\/03\/Untitled-design-92.png\",\"contentUrl\":\"https:\/\/projekt.vombat.ee\/eco\/wp-content\/uploads\/2024\/03\/Untitled-design-92.png\",\"width\":1000,\"height\":1000},{\"@type\":\"BreadcrumbList\",\"@id\":\"https:\/\/projekt.vombat.ee\/eco\/pood\/elektritoukerattad\/voimsad-toukerattad\/arwibon-q06-pro-elektritoukeratas-90km\/#breadcrumb\",\"itemListElement\":[{\"@type\":\"ListItem\",\"position\":1,\"name\":\"Home\",\"item\":\"https:\/\/projekt.vombat.ee\/eco\/\"},{\"@type\":\"ListItem\",\"position\":2,\"name\":\"Pood\",\"item\":\"https:\/\/projekt.vombat.ee\/eco\/pood\/\"},{\"@type\":\"ListItem\",\"position\":3,\"name\":\"Arwibon Q06 Pro Elektrit\u00f5ukeratas, 90km\"}]},{\"@type\":\"WebSite\",\"@id\":\"https:\/\/projekt.vombat.ee\/eco\/#website\",\"url\":\"https:\/\/projekt.vombat.ee\/eco\/\",\"name\":\"Ecocruiser\",\"description\":\"\",\"publisher\":{\"@id\":\"https:\/\/projekt.vombat.ee\/eco\/#organization\"},\"potentialAction\":[{\"@type\":\"SearchAction\",\"target\":{\"@type\":\"EntryPoint\",\"urlTemplate\":\"https:\/\/projekt.vombat.ee\/eco\/?s={search_term_string}\"},\"query-input\":{\"@type\":\"PropertyValueSpecification\",\"valueRequired\":true,\"valueName\":\"search_term_string\"}}],\"inLanguage\":\"en-GB\"},{\"@type\":\"Organization\",\"@id\":\"https:\/\/projekt.vombat.ee\/eco\/#organization\",\"name\":\"Ecocruiser\",\"url\":\"https:\/\/projekt.vombat.ee\/eco\/\",\"logo\":{\"@type\":\"ImageObject\",\"inLanguage\":\"en-GB\",\"@id\":\"https:\/\/projekt.vombat.ee\/eco\/#\/schema\/logo\/image\/\",\"url\":\"https:\/\/projekt.vombat.ee\/eco\/wp-content\/uploads\/2023\/03\/ECOCRUISER_5.png\",\"contentUrl\":\"https:\/\/projekt.vombat.ee\/eco\/wp-content\/uploads\/2023\/03\/ECOCRUISER_5.png\",\"width\":234,\"height\":91,\"caption\":\"Ecocruiser\"},\"image\":{\"@id\":\"https:\/\/projekt.vombat.ee\/eco\/#\/schema\/logo\/image\/\"}}]}<\/script>\n<!-- \/ Yoast SEO plugin. -->","yoast_head_json":{"title":"Arwibon Q06 Pro Elektrit\u00f5ukeratas, 90km - Ecocruiser","description":"Vii oma seiklused uuele tasemele Arwibon Q06 Pro Off-Road Elektrit\u00f5ukerattaga. Valluta radu 11-tolliste maastikurehvide ja t\u00e4ish\u00fcdrauliliste pidurite abil.Teie Off-Road teekond algab siit !Omadused:Mootor: 1000W (piirajaga)Maksimaalne l\u00e4bis\u00f5it: 90km","robots":{"index":"noindex","follow":"follow","max-snippet":"max-snippet:-1","max-image-preview":"max-image-preview:large","max-video-preview":"max-video-preview:-1"},"og_locale":"en_GB","og_type":"article","og_title":"Arwibon Q06 Pro Elektrit\u00f5ukeratas, 90km - Ecocruiser","og_description":"Vii oma seiklused uuele tasemele Arwibon Q06 Pro Off-Road Elektrit\u00f5ukerattaga. Valluta radu 11-tolliste maastikurehvide ja t\u00e4ish\u00fcdrauliliste pidurite abil.Teie Off-Road teekond algab siit !Omadused:Mootor: 1000W (piirajaga)Maksimaalne l\u00e4bis\u00f5it: 90km","og_url":"https:\/\/projekt.vombat.ee\/eco\/pood\/elektritoukerattad\/voimsad-toukerattad\/arwibon-q06-pro-elektritoukeratas-90km\/","og_site_name":"Ecocruiser","article_modified_time":"2024-04-19T12:31:12+00:00","og_image":[{"width":1000,"height":1000,"url":"https:\/\/projekt.vombat.ee\/eco\/wp-content\/uploads\/2024\/03\/Untitled-design-92.png","type":"image\/png"}],"twitter_card":"summary_large_image","twitter_misc":{"Estimated reading time":"1 minute"},"schema":{"@context":"https:\/\/schema.org","@graph":[{"@type":"WebPage","@id":"https:\/\/projekt.vombat.ee\/eco\/pood\/elektritoukerattad\/voimsad-toukerattad\/arwibon-q06-pro-elektritoukeratas-90km\/","url":"https:\/\/projekt.vombat.ee\/eco\/pood\/elektritoukerattad\/voimsad-toukerattad\/arwibon-q06-pro-elektritoukeratas-90km\/","name":"Arwibon Q06 Pro Elektrit\u00f5ukeratas, 90km - Ecocruiser","isPartOf":{"@id":"https:\/\/projekt.vombat.ee\/eco\/#website"},"primaryImageOfPage":{"@id":"https:\/\/projekt.vombat.ee\/eco\/pood\/elektritoukerattad\/voimsad-toukerattad\/arwibon-q06-pro-elektritoukeratas-90km\/#primaryimage"},"image":{"@id":"https:\/\/projekt.vombat.ee\/eco\/pood\/elektritoukerattad\/voimsad-toukerattad\/arwibon-q06-pro-elektritoukeratas-90km\/#primaryimage"},"thumbnailUrl":"https:\/\/projekt.vombat.ee\/eco\/wp-content\/uploads\/2024\/03\/Untitled-design-92.png","datePublished":"2024-03-26T03:14:53+00:00","dateModified":"2024-04-19T12:31:12+00:00","description":"Vii oma seiklused uuele tasemele Arwibon Q06 Pro Off-Road Elektrit\u00f5ukerattaga. Valluta radu 11-tolliste maastikurehvide ja t\u00e4ish\u00fcdrauliliste pidurite abil.Teie Off-Road teekond algab siit !Omadused:Mootor: 1000W (piirajaga)Maksimaalne l\u00e4bis\u00f5it: 90km","breadcrumb":{"@id":"https:\/\/projekt.vombat.ee\/eco\/pood\/elektritoukerattad\/voimsad-toukerattad\/arwibon-q06-pro-elektritoukeratas-90km\/#breadcrumb"},"inLanguage":"en-GB","potentialAction":[{"@type":"ReadAction","target":["https:\/\/projekt.vombat.ee\/eco\/pood\/elektritoukerattad\/voimsad-toukerattad\/arwibon-q06-pro-elektritoukeratas-90km\/"]}]},{"@type":"ImageObject","inLanguage":"en-GB","@id":"https:\/\/projekt.vombat.ee\/eco\/pood\/elektritoukerattad\/voimsad-toukerattad\/arwibon-q06-pro-elektritoukeratas-90km\/#primaryimage","url":"https:\/\/projekt.vombat.ee\/eco\/wp-content\/uploads\/2024\/03\/Untitled-design-92.png","contentUrl":"https:\/\/projekt.vombat.ee\/eco\/wp-content\/uploads\/2024\/03\/Untitled-design-92.png","width":1000,"height":1000},{"@type":"BreadcrumbList","@id":"https:\/\/projekt.vombat.ee\/eco\/pood\/elektritoukerattad\/voimsad-toukerattad\/arwibon-q06-pro-elektritoukeratas-90km\/#breadcrumb","itemListElement":[{"@type":"ListItem","position":1,"name":"Home","item":"https:\/\/projekt.vombat.ee\/eco\/"},{"@type":"ListItem","position":2,"name":"Pood","item":"https:\/\/projekt.vombat.ee\/eco\/pood\/"},{"@type":"ListItem","position":3,"name":"Arwibon Q06 Pro Elektrit\u00f5ukeratas, 90km"}]},{"@type":"WebSite","@id":"https:\/\/projekt.vombat.ee\/eco\/#website","url":"https:\/\/projekt.vombat.ee\/eco\/","name":"Ecocruiser","description":"","publisher":{"@id":"https:\/\/projekt.vombat.ee\/eco\/#organization"},"potentialAction":[{"@type":"SearchAction","target":{"@type":"EntryPoint","urlTemplate":"https:\/\/projekt.vombat.ee\/eco\/?s={search_term_string}"},"query-input":{"@type":"PropertyValueSpecification","valueRequired":true,"valueName":"search_term_string"}}],"inLanguage":"en-GB"},{"@type":"Organization","@id":"https:\/\/projekt.vombat.ee\/eco\/#organization","name":"Ecocruiser","url":"https:\/\/projekt.vombat.ee\/eco\/","logo":{"@type":"ImageObject","inLanguage":"en-GB","@id":"https:\/\/projekt.vombat.ee\/eco\/#\/schema\/logo\/image\/","url":"https:\/\/projekt.vombat.ee\/eco\/wp-content\/uploads\/2023\/03\/ECOCRUISER_5.png","contentUrl":"https:\/\/projekt.vombat.ee\/eco\/wp-content\/uploads\/2023\/03\/ECOCRUISER_5.png","width":234,"height":91,"caption":"Ecocruiser"},"image":{"@id":"https:\/\/projekt.vombat.ee\/eco\/#\/schema\/logo\/image\/"}}]}},"lang":"et","translations":{"et":15519,"ru":16268},"pll_sync_post":[],"_links":{"self":[{"href":"https:\/\/projekt.vombat.ee\/eco\/wp-json\/wp\/v2\/product\/15519"}],"collection":[{"href":"https:\/\/projekt.vombat.ee\/eco\/wp-json\/wp\/v2\/product"}],"about":[{"href":"https:\/\/projekt.vombat.ee\/eco\/wp-json\/wp\/v2\/types\/product"}],"version-history":[{"count":3,"href":"https:\/\/projekt.vombat.ee\/eco\/wp-json\/wp\/v2\/product\/15519\/revisions"}],"predecessor-version":[{"id":15529,"href":"https:\/\/projekt.vombat.ee\/eco\/wp-json\/wp\/v2\/product\/15519\/revisions\/15529"}],"wp:featuredmedia":[{"embeddable":true,"href":"https:\/\/projekt.vombat.ee\/eco\/wp-json\/wp\/v2\/media\/15522"}],"wp:attachment":[{"href":"https:\/\/projekt.vombat.ee\/eco\/wp-json\/wp\/v2\/media?parent=15519"}],"wp:term":[{"taxonomy":"product_cat","embeddable":true,"href":"https:\/\/projekt.vombat.ee\/eco\/wp-json\/wp\/v2\/product_cat?post=15519"},{"taxonomy":"product_tag","embeddable":true,"href":"https:\/\/projekt.vombat.ee\/eco\/wp-json\/wp\/v2\/product_tag?post=15519"}],"curies":[{"name":"wp","href":"https:\/\/api.w.org\/{rel}","templated":true}]}}