{"id":15446,"date":"2024-03-23T14:03:39","date_gmt":"2024-03-23T14:03:39","guid":{"rendered":"https:\/\/projekt.vombat.ee\/eco\/?post_type=product&#038;p=15446"},"modified":"2024-05-07T15:28:01","modified_gmt":"2024-05-07T15:28:01","slug":"dyu-c6-elektriline-jalgratas-70km-3","status":"publish","type":"product","link":"https:\/\/projekt.vombat.ee\/eco\/pood\/elektrirattad\/linnarattad\/dyu-c6-elektriline-jalgratas-70km-3\/","title":{"rendered":"DYU C7 Elektriline jalgratas, 70km"},"content":{"rendered":"<h1>DYU C7 Elektriline jalgratas<\/h1>\n<p><img decoding=\"async\" class=\"c_image-gallery-asset\" src=\"https:\/\/cdn.shopify.com\/s\/files\/1\/0604\/8330\/5696\/files\/C6_1000.png?v=1666233208\" sizes=\"(max-width: 479px) 48vw, (max-width: 767px) 49vw, (max-width: 1279px) 48vw, 49vw\" srcset=\"https:\/\/cdn.shopify.com\/s\/files\/1\/0604\/8330\/5696\/files\/C6_1000.png?v=1666233208\" alt=\"\" \/><\/p>\n<h3>Eemaldatav aku ja kaks laadimisre\u017eiimi<\/h3>\n<p>Saate seda kas otse jalgrattal laadida v\u00f5i laadimiseks eemaldada.<\/p>\n<p><img fetchpriority=\"high\" decoding=\"async\" class=\"msub_k4 mupj_5k mjru_k4 mse2_k4 mp7g_f6 mq1m_0 mj7u_0 m7er_k4 lazyloaded\" src=\"https:\/\/a.allegroimg.com\/original\/11344f\/0ec877af4da3b6c0639e02f76534\/DYU-C6-250W-12-5AH-Rower-elektryczny-damski-70km-Wheel-Size-26\" sizes=\"(min-width: 1200px) 560px, (min-width: 992px) 50vw, 100vw\" srcset=\"https:\/\/a.allegroimg.com\/s360\/11344f\/0ec877af4da3b6c0639e02f76534\/DYU-C6-250W-12-5AH-Rower-elektryczny-damski-70km-Wheel-Size-26 360w,https:\/\/a.allegroimg.com\/s720\/11344f\/0ec877af4da3b6c0639e02f76534\/DYU-C6-250W-12-5AH-Rower-elektryczny-damski-70km-Wheel-Size-26 720w,https:\/\/a.allegroimg.com\/s1024\/11344f\/0ec877af4da3b6c0639e02f76534\/DYU-C6-250W-12-5AH-Rower-elektryczny-damski-70km-Wheel-Size-26 960w,https:\/\/a.allegroimg.com\/original\/11344f\/0ec877af4da3b6c0639e02f76534\/DYU-C6-250W-12-5AH-Rower-elektryczny-damski-70km-Wheel-Size-26 960w\" alt=\"DYU C6 250W 12,5AH Rower elektryczny damski 70km Wheel Size (&quot;) 26\" width=\"777\" height=\"777\" data-src=\"https:\/\/a.allegroimg.com\/original\/11344f\/0ec877af4da3b6c0639e02f76534\/DYU-C6-250W-12-5AH-Rower-elektryczny-damski-70km-Wheel-Size-26\" data-srcset=\"https:\/\/a.allegroimg.com\/s360\/11344f\/0ec877af4da3b6c0639e02f76534\/DYU-C6-250W-12-5AH-Rower-elektryczny-damski-70km-Wheel-Size-26 360w,https:\/\/a.allegroimg.com\/s720\/11344f\/0ec877af4da3b6c0639e02f76534\/DYU-C6-250W-12-5AH-Rower-elektryczny-damski-70km-Wheel-Size-26 720w,https:\/\/a.allegroimg.com\/s1024\/11344f\/0ec877af4da3b6c0639e02f76534\/DYU-C6-250W-12-5AH-Rower-elektryczny-damski-70km-Wheel-Size-26 960w,https:\/\/a.allegroimg.com\/original\/11344f\/0ec877af4da3b6c0639e02f76534\/DYU-C6-250W-12-5AH-Rower-elektryczny-damski-70km-Wheel-Size-26 960w\" \/><\/p>\n<h3>Reguleeritav k\u00f5rgus ja kaldenurk<\/h3>\n<p>Istmet ja lenksu saab reguleerida sobivale k\u00f5rgusele ja nurgale.<\/p>\n<p><img decoding=\"async\" class=\"msub_k4 mupj_5k mjru_k4 mse2_k4 mp7g_f6 mq1m_0 mj7u_0 m7er_k4 lazyloaded\" src=\"https:\/\/a.allegroimg.com\/original\/11fd3b\/3e246a6a44ed9be433692d297fa2\/DYU-C6-250W-12-5AH-Rower-elektryczny-damski-70km-Weight-27-kg\" sizes=\"(min-width: 1200px) 560px, (min-width: 992px) 50vw, 100vw\" srcset=\"https:\/\/a.allegroimg.com\/s360\/11fd3b\/3e246a6a44ed9be433692d297fa2\/DYU-C6-250W-12-5AH-Rower-elektryczny-damski-70km-Weight-27-kg 360w,https:\/\/a.allegroimg.com\/s720\/11fd3b\/3e246a6a44ed9be433692d297fa2\/DYU-C6-250W-12-5AH-Rower-elektryczny-damski-70km-Weight-27-kg 720w,https:\/\/a.allegroimg.com\/s1024\/11fd3b\/3e246a6a44ed9be433692d297fa2\/DYU-C6-250W-12-5AH-Rower-elektryczny-damski-70km-Weight-27-kg 960w,https:\/\/a.allegroimg.com\/original\/11fd3b\/3e246a6a44ed9be433692d297fa2\/DYU-C6-250W-12-5AH-Rower-elektryczny-damski-70km-Weight-27-kg 960w\" alt=\"DYU C6 250W 12,5AH Rower elektryczny damski 70km Weight 27 kg\" width=\"779\" height=\"779\" data-src=\"https:\/\/a.allegroimg.com\/original\/11fd3b\/3e246a6a44ed9be433692d297fa2\/DYU-C6-250W-12-5AH-Rower-elektryczny-damski-70km-Weight-27-kg\" data-srcset=\"https:\/\/a.allegroimg.com\/s360\/11fd3b\/3e246a6a44ed9be433692d297fa2\/DYU-C6-250W-12-5AH-Rower-elektryczny-damski-70km-Weight-27-kg 360w,https:\/\/a.allegroimg.com\/s720\/11fd3b\/3e246a6a44ed9be433692d297fa2\/DYU-C6-250W-12-5AH-Rower-elektryczny-damski-70km-Weight-27-kg 720w,https:\/\/a.allegroimg.com\/s1024\/11fd3b\/3e246a6a44ed9be433692d297fa2\/DYU-C6-250W-12-5AH-Rower-elektryczny-damski-70km-Weight-27-kg 960w,https:\/\/a.allegroimg.com\/original\/11fd3b\/3e246a6a44ed9be433692d297fa2\/DYU-C6-250W-12-5AH-Rower-elektryczny-damski-70km-Weight-27-kg 960w\" \/><\/p>\n<h3>LED<\/h3>\n<p>Reguleeritav 12 V LED-esituli koos tagatulega muudab \u00f6\u00f6sel s\u00f5itmise turvalisemaks.<\/p>\n<p><img decoding=\"async\" class=\"msub_k4 mupj_5k mjru_k4 mse2_k4 mp7g_f6 mq1m_0 mj7u_0 m7er_k4 lazyloaded\" src=\"https:\/\/a.allegroimg.com\/original\/11d6b5\/09bd46324888a6b38641a3693ccb\/DYU-C6-250W-12-5AH-Rower-elektryczny-damski-70km-Manufacturer-s-code-07914\" sizes=\"(min-width: 1200px) 560px, (min-width: 992px) 50vw, 100vw\" srcset=\"https:\/\/a.allegroimg.com\/s360\/11d6b5\/09bd46324888a6b38641a3693ccb\/DYU-C6-250W-12-5AH-Rower-elektryczny-damski-70km-Manufacturer-s-code-07914 332w,https:\/\/a.allegroimg.com\/s720\/11d6b5\/09bd46324888a6b38641a3693ccb\/DYU-C6-250W-12-5AH-Rower-elektryczny-damski-70km-Manufacturer-s-code-07914 665w,https:\/\/a.allegroimg.com\/s1024\/11d6b5\/09bd46324888a6b38641a3693ccb\/DYU-C6-250W-12-5AH-Rower-elektryczny-damski-70km-Manufacturer-s-code-07914 864w,https:\/\/a.allegroimg.com\/original\/11d6b5\/09bd46324888a6b38641a3693ccb\/DYU-C6-250W-12-5AH-Rower-elektryczny-damski-70km-Manufacturer-s-code-07914 864w\" alt=\"DYU C6 250W 12,5AH Rower elektryczny damski 70km Manufacturer's code 07914\" width=\"769\" height=\"832\" data-src=\"https:\/\/a.allegroimg.com\/original\/11d6b5\/09bd46324888a6b38641a3693ccb\/DYU-C6-250W-12-5AH-Rower-elektryczny-damski-70km-Manufacturer-s-code-07914\" data-srcset=\"https:\/\/a.allegroimg.com\/s360\/11d6b5\/09bd46324888a6b38641a3693ccb\/DYU-C6-250W-12-5AH-Rower-elektryczny-damski-70km-Manufacturer-s-code-07914 332w,https:\/\/a.allegroimg.com\/s720\/11d6b5\/09bd46324888a6b38641a3693ccb\/DYU-C6-250W-12-5AH-Rower-elektryczny-damski-70km-Manufacturer-s-code-07914 665w,https:\/\/a.allegroimg.com\/s1024\/11d6b5\/09bd46324888a6b38641a3693ccb\/DYU-C6-250W-12-5AH-Rower-elektryczny-damski-70km-Manufacturer-s-code-07914 864w,https:\/\/a.allegroimg.com\/original\/11d6b5\/09bd46324888a6b38641a3693ccb\/DYU-C6-250W-12-5AH-Rower-elektryczny-damski-70km-Manufacturer-s-code-07914 864w\" \/><\/p>\n<h3>KOOTUD KORV<\/h3>\n<p>Moodne ja funktsionaalne igap\u00e4evaste esemete kandmiseks<\/p>\n<h3>PIDURITULI<\/h3>\n<p>\u00d5nnetuse v\u00e4ltimiseks hoiatab taga s\u00f5itvaid juhte<\/p>\n<h3>MUGAV ISTE<\/h3>\n<p>Ergonoomiline disain Reguleeritav k\u00f5rgus<\/p>\n<p><img loading=\"lazy\" decoding=\"async\" class=\"msub_k4 mupj_5k mjru_k4 mse2_k4 mp7g_f6 mq1m_0 mj7u_0 m7er_k4 lazyloaded\" src=\"https:\/\/a.allegroimg.com\/original\/1108d7\/f8d02d85472e88a9ab28ed2118ae\/DYU-C6-250W-12-5AH-Rower-elektryczny-damski-70km-Rechargeable-battery-lithium-ion\" sizes=\"(min-width: 1200px) 560px, (min-width: 992px) 50vw, 100vw\" srcset=\"https:\/\/a.allegroimg.com\/s360\/1108d7\/f8d02d85472e88a9ab28ed2118ae\/DYU-C6-250W-12-5AH-Rower-elektryczny-damski-70km-Rechargeable-battery-lithium-ion 360w,https:\/\/a.allegroimg.com\/s720\/1108d7\/f8d02d85472e88a9ab28ed2118ae\/DYU-C6-250W-12-5AH-Rower-elektryczny-damski-70km-Rechargeable-battery-lithium-ion 720w,https:\/\/a.allegroimg.com\/s1024\/1108d7\/f8d02d85472e88a9ab28ed2118ae\/DYU-C6-250W-12-5AH-Rower-elektryczny-damski-70km-Rechargeable-battery-lithium-ion 1024w,https:\/\/a.allegroimg.com\/s1440\/1108d7\/f8d02d85472e88a9ab28ed2118ae\/DYU-C6-250W-12-5AH-Rower-elektryczny-damski-70km-Rechargeable-battery-lithium-ion 1440w,https:\/\/a.allegroimg.com\/original\/1108d7\/f8d02d85472e88a9ab28ed2118ae\/DYU-C6-250W-12-5AH-Rower-elektryczny-damski-70km-Rechargeable-battery-lithium-ion 1546w\" alt=\"DYU C6 250W 12,5AH Rower elektryczny damski 70km Rechargeable battery lithium-ion\" width=\"685\" height=\"622\" data-src=\"https:\/\/a.allegroimg.com\/original\/1108d7\/f8d02d85472e88a9ab28ed2118ae\/DYU-C6-250W-12-5AH-Rower-elektryczny-damski-70km-Rechargeable-battery-lithium-ion\" data-srcset=\"https:\/\/a.allegroimg.com\/s360\/1108d7\/f8d02d85472e88a9ab28ed2118ae\/DYU-C6-250W-12-5AH-Rower-elektryczny-damski-70km-Rechargeable-battery-lithium-ion 360w,https:\/\/a.allegroimg.com\/s720\/1108d7\/f8d02d85472e88a9ab28ed2118ae\/DYU-C6-250W-12-5AH-Rower-elektryczny-damski-70km-Rechargeable-battery-lithium-ion 720w,https:\/\/a.allegroimg.com\/s1024\/1108d7\/f8d02d85472e88a9ab28ed2118ae\/DYU-C6-250W-12-5AH-Rower-elektryczny-damski-70km-Rechargeable-battery-lithium-ion 1024w,https:\/\/a.allegroimg.com\/s1440\/1108d7\/f8d02d85472e88a9ab28ed2118ae\/DYU-C6-250W-12-5AH-Rower-elektryczny-damski-70km-Rechargeable-battery-lithium-ion 1440w,https:\/\/a.allegroimg.com\/original\/1108d7\/f8d02d85472e88a9ab28ed2118ae\/DYU-C6-250W-12-5AH-Rower-elektryczny-damski-70km-Rechargeable-battery-lithium-ion 1546w\" \/><\/p>\n<h3>Ratta suurus: 1850 * 610 * 1170 mm<\/h3>\n<p><img loading=\"lazy\" decoding=\"async\" class=\"msub_k4 mupj_5k mjru_k4 mse2_k4 mp7g_f6 mq1m_0 mj7u_0 m7er_k4 lazyloaded\" src=\"https:\/\/a.allegroimg.com\/original\/114340\/ff5cd6ff469786b85b5613dd2361\/DYU-C6-250W-12-5AH-Rower-elektryczny-damski-70km-EAN-GTIN-4537364507914\" sizes=\"(min-width: 1200px) 560px, (min-width: 992px) 50vw, 100vw\" srcset=\"https:\/\/a.allegroimg.com\/s360\/114340\/ff5cd6ff469786b85b5613dd2361\/DYU-C6-250W-12-5AH-Rower-elektryczny-damski-70km-EAN-GTIN-4537364507914 359w,https:\/\/a.allegroimg.com\/s720\/114340\/ff5cd6ff469786b85b5613dd2361\/DYU-C6-250W-12-5AH-Rower-elektryczny-damski-70km-EAN-GTIN-4537364507914 719w,https:\/\/a.allegroimg.com\/s1024\/114340\/ff5cd6ff469786b85b5613dd2361\/DYU-C6-250W-12-5AH-Rower-elektryczny-damski-70km-EAN-GTIN-4537364507914 1023w,https:\/\/a.allegroimg.com\/s1440\/114340\/ff5cd6ff469786b85b5613dd2361\/DYU-C6-250W-12-5AH-Rower-elektryczny-damski-70km-EAN-GTIN-4537364507914 1288w,https:\/\/a.allegroimg.com\/original\/114340\/ff5cd6ff469786b85b5613dd2361\/DYU-C6-250W-12-5AH-Rower-elektryczny-damski-70km-EAN-GTIN-4537364507914 1288w\" alt=\"DYU C6 250W 12,5AH Rower elektryczny damski 70km EAN (GTIN) 4537364507914\" width=\"686\" height=\"465\" data-src=\"https:\/\/a.allegroimg.com\/original\/114340\/ff5cd6ff469786b85b5613dd2361\/DYU-C6-250W-12-5AH-Rower-elektryczny-damski-70km-EAN-GTIN-4537364507914\" data-srcset=\"https:\/\/a.allegroimg.com\/s360\/114340\/ff5cd6ff469786b85b5613dd2361\/DYU-C6-250W-12-5AH-Rower-elektryczny-damski-70km-EAN-GTIN-4537364507914 359w,https:\/\/a.allegroimg.com\/s720\/114340\/ff5cd6ff469786b85b5613dd2361\/DYU-C6-250W-12-5AH-Rower-elektryczny-damski-70km-EAN-GTIN-4537364507914 719w,https:\/\/a.allegroimg.com\/s1024\/114340\/ff5cd6ff469786b85b5613dd2361\/DYU-C6-250W-12-5AH-Rower-elektryczny-damski-70km-EAN-GTIN-4537364507914 1023w,https:\/\/a.allegroimg.com\/s1440\/114340\/ff5cd6ff469786b85b5613dd2361\/DYU-C6-250W-12-5AH-Rower-elektryczny-damski-70km-EAN-GTIN-4537364507914 1288w,https:\/\/a.allegroimg.com\/original\/114340\/ff5cd6ff469786b85b5613dd2361\/DYU-C6-250W-12-5AH-Rower-elektryczny-damski-70km-EAN-GTIN-4537364507914 1288w\" \/><\/p>\n<p>&nbsp;<\/p>\n<h3>Info<\/h3>\n<p>Kaal: 27 kg<br \/>\nMaksimaalne koormus: 120 kg<br \/>\nMootor: 36V 250W (piirajaga)<br \/>\nRehv: 26 tolli * 1,95 tolli<br \/>\nMaksimaalne kiirus: 25KM\/H<br \/>\nVahemaa (abire\u017eiim): 50-70KM<br \/>\nAku: 12,5ah liitiumaku<br \/>\nKorpuse materjal: raud<br \/>\nLaadimisaeg: 6-8 tundi<br \/>\nTuled: esi- ja tagatuli<br \/>\nPidur: eesmine ja tagumine helisignaaliga pidur<br \/>\nAutomaatne kruiis<\/p>\n<div class=\"mpof_ki myre_zn myre_8v_l _0d3bd_SI-b1\">\n<div class=\"mp4t_16_s mryx_16_s mr3m_1 mli2_1 mh85_56 mh85_0_l\">\n<div class=\"mg9e_8 mg9e_0_s mvrt_0_s mj7a_8 mj7a_0_s mh36_0_s mzmg_6m munh_16_l m3h2_16_l\">\n<div class=\"mp4t_0 mryx_0 munh_56 m3h2_56\">\n<div class=\"mp7g_oh\"><\/div>\n<\/div>\n<\/div>\n<\/div>\n<\/div>\n<div class=\"mpof_ki myre_zn myre_8v_l _0d3bd_SI-b1\">\n<div class=\"mp4t_16_s mryx_16_s mr3m_1 mli2_1 mh85_56 mh85_0_l\">\n<div class=\"mg9e_8 mg9e_0_s mvrt_0_s mj7a_8 mj7a_0_s mh36_0_s mzmg_6m munh_16_l m3h2_16_l\">\n<div class=\"mp4t_0 mryx_0 munh_56 m3h2_56\">\n<div class=\"mp7g_oh\"><\/div>\n<\/div>\n<\/div>\n<\/div>\n<\/div>\n","protected":false},"excerpt":{"rendered":"<p><strong>DYU C7<\/strong>\u00a026-tolline elektrijalgrattal on v\u00f5imas 250 W mootor ja see suudab pedaaliabiga s\u00f5ita kuni 50\u201370 km, kaasas on korv asjade hoidmiseks, muutes selle ideaalseks jalgrattaks.<\/p>\n<p>&nbsp;<\/p>\n<ul>\n<li>Maksimaalne koormus: 120 kg<\/li>\n<li>Mootor: 36V 250W (piirajaga)<\/li>\n<li>S\u00f5iduulatus (abire\u017eiim): 50-70KM<\/li>\n<li>Aku: 12,5ah liitiumaku<\/li>\n<li>Laadimisaeg: 6-8 tundi<\/li>\n<li>Kaal: 27 kg<\/li>\n<li>Sobilik s\u00f5itjale pikkusega: 160-190cm<\/li>\n<\/ul>\n<p>&nbsp;<\/p>\n<p><strong>\u2666\u00a0Tarneaeg\u00a03-8 p\u00e4eva<\/strong><br \/>\n<strong>\u2666\u00a0Laos<\/strong><\/p>\n","protected":false},"featured_media":9034,"template":"","meta":[],"product_cat":[52,903],"product_tag":[],"class_list":{"0":"post-15446","1":"product","2":"type-product","3":"status-publish","4":"has-post-thumbnail","6":"product_cat-elektrirattad","7":"product_cat-linnarattad","8":"product_shipping_class-suured-pakid","10":"first","11":"outofstock","12":"sale","13":"taxable","14":"shipping-taxable","15":"purchasable","16":"product-type-simple"},"yoast_head":"<!-- This site is optimized with the Yoast SEO plugin v23.8 - https:\/\/yoast.com\/wordpress\/plugins\/seo\/ -->\n<title>DYU C7 Elektriline jalgratas, 70km - Ecocruiser<\/title>\n<meta name=\"robots\" content=\"noindex, follow, max-snippet:-1, max-image-preview:large, max-video-preview:-1\" \/>\n<meta property=\"og:locale\" content=\"en_GB\" \/>\n<meta property=\"og:type\" content=\"article\" \/>\n<meta property=\"og:title\" content=\"DYU C7 Elektriline jalgratas, 70km - Ecocruiser\" \/>\n<meta property=\"og:description\" content=\"DYU C7\u00a026-tolline elektrijalgrattal on v\u00f5imas 250 W mootor ja see suudab pedaaliabiga s\u00f5ita kuni 50\u201370 km, kaasas on korv asjade hoidmiseks, muutes selle ideaalseks jalgrattaks.  &nbsp;   Maksimaalne koormus: 120 kg  Mootor: 36V 250W (piirajaga)  S\u00f5iduulatus (abire\u017eiim): 50-70KM  Aku: 12,5ah liitiumaku  Laadimisaeg: 6-8 tundi  Kaal: 27 kg  Sobilik s\u00f5itjale pikkusega: 160-190cm  &nbsp;  \u2666\u00a0Tarneaeg\u00a03-8 p\u00e4eva \u2666\u00a0Laos\" \/>\n<meta property=\"og:url\" content=\"https:\/\/projekt.vombat.ee\/eco\/pood\/elektrirattad\/linnarattad\/dyu-c6-elektriline-jalgratas-70km-3\/\" \/>\n<meta property=\"og:site_name\" content=\"Ecocruiser\" \/>\n<meta property=\"article:modified_time\" content=\"2024-05-07T15:28:01+00:00\" \/>\n<meta property=\"og:image\" content=\"https:\/\/projekt.vombat.ee\/eco\/wp-content\/uploads\/2023\/04\/1-14.webp\" \/>\n\t<meta property=\"og:image:width\" content=\"650\" \/>\n\t<meta property=\"og:image:height\" content=\"650\" \/>\n\t<meta property=\"og:image:type\" content=\"image\/webp\" \/>\n<meta name=\"twitter:card\" content=\"summary_large_image\" \/>\n<meta name=\"twitter:label1\" content=\"Estimated reading time\" \/>\n\t<meta name=\"twitter:data1\" content=\"3 minutes\" \/>\n<script type=\"application\/ld+json\" class=\"yoast-schema-graph\">{\"@context\":\"https:\/\/schema.org\",\"@graph\":[{\"@type\":\"WebPage\",\"@id\":\"https:\/\/projekt.vombat.ee\/eco\/pood\/elektrirattad\/linnarattad\/dyu-c6-elektriline-jalgratas-70km-3\/\",\"url\":\"https:\/\/projekt.vombat.ee\/eco\/pood\/elektrirattad\/linnarattad\/dyu-c6-elektriline-jalgratas-70km-3\/\",\"name\":\"DYU C7 Elektriline jalgratas, 70km - Ecocruiser\",\"isPartOf\":{\"@id\":\"https:\/\/projekt.vombat.ee\/eco\/#website\"},\"primaryImageOfPage\":{\"@id\":\"https:\/\/projekt.vombat.ee\/eco\/pood\/elektrirattad\/linnarattad\/dyu-c6-elektriline-jalgratas-70km-3\/#primaryimage\"},\"image\":{\"@id\":\"https:\/\/projekt.vombat.ee\/eco\/pood\/elektrirattad\/linnarattad\/dyu-c6-elektriline-jalgratas-70km-3\/#primaryimage\"},\"thumbnailUrl\":\"https:\/\/projekt.vombat.ee\/eco\/wp-content\/uploads\/2023\/04\/1-14.webp\",\"datePublished\":\"2024-03-23T14:03:39+00:00\",\"dateModified\":\"2024-05-07T15:28:01+00:00\",\"breadcrumb\":{\"@id\":\"https:\/\/projekt.vombat.ee\/eco\/pood\/elektrirattad\/linnarattad\/dyu-c6-elektriline-jalgratas-70km-3\/#breadcrumb\"},\"inLanguage\":\"en-GB\",\"potentialAction\":[{\"@type\":\"ReadAction\",\"target\":[\"https:\/\/projekt.vombat.ee\/eco\/pood\/elektrirattad\/linnarattad\/dyu-c6-elektriline-jalgratas-70km-3\/\"]}]},{\"@type\":\"ImageObject\",\"inLanguage\":\"en-GB\",\"@id\":\"https:\/\/projekt.vombat.ee\/eco\/pood\/elektrirattad\/linnarattad\/dyu-c6-elektriline-jalgratas-70km-3\/#primaryimage\",\"url\":\"https:\/\/projekt.vombat.ee\/eco\/wp-content\/uploads\/2023\/04\/1-14.webp\",\"contentUrl\":\"https:\/\/projekt.vombat.ee\/eco\/wp-content\/uploads\/2023\/04\/1-14.webp\",\"width\":650,\"height\":650,\"caption\":\"DYU C6\"},{\"@type\":\"BreadcrumbList\",\"@id\":\"https:\/\/projekt.vombat.ee\/eco\/pood\/elektrirattad\/linnarattad\/dyu-c6-elektriline-jalgratas-70km-3\/#breadcrumb\",\"itemListElement\":[{\"@type\":\"ListItem\",\"position\":1,\"name\":\"Home\",\"item\":\"https:\/\/projekt.vombat.ee\/eco\/\"},{\"@type\":\"ListItem\",\"position\":2,\"name\":\"Pood\",\"item\":\"https:\/\/projekt.vombat.ee\/eco\/pood\/\"},{\"@type\":\"ListItem\",\"position\":3,\"name\":\"DYU C7 Elektriline jalgratas, 70km\"}]},{\"@type\":\"WebSite\",\"@id\":\"https:\/\/projekt.vombat.ee\/eco\/#website\",\"url\":\"https:\/\/projekt.vombat.ee\/eco\/\",\"name\":\"Ecocruiser\",\"description\":\"\",\"publisher\":{\"@id\":\"https:\/\/projekt.vombat.ee\/eco\/#organization\"},\"potentialAction\":[{\"@type\":\"SearchAction\",\"target\":{\"@type\":\"EntryPoint\",\"urlTemplate\":\"https:\/\/projekt.vombat.ee\/eco\/?s={search_term_string}\"},\"query-input\":{\"@type\":\"PropertyValueSpecification\",\"valueRequired\":true,\"valueName\":\"search_term_string\"}}],\"inLanguage\":\"en-GB\"},{\"@type\":\"Organization\",\"@id\":\"https:\/\/projekt.vombat.ee\/eco\/#organization\",\"name\":\"Ecocruiser\",\"url\":\"https:\/\/projekt.vombat.ee\/eco\/\",\"logo\":{\"@type\":\"ImageObject\",\"inLanguage\":\"en-GB\",\"@id\":\"https:\/\/projekt.vombat.ee\/eco\/#\/schema\/logo\/image\/\",\"url\":\"https:\/\/projekt.vombat.ee\/eco\/wp-content\/uploads\/2023\/03\/ECOCRUISER_5.png\",\"contentUrl\":\"https:\/\/projekt.vombat.ee\/eco\/wp-content\/uploads\/2023\/03\/ECOCRUISER_5.png\",\"width\":234,\"height\":91,\"caption\":\"Ecocruiser\"},\"image\":{\"@id\":\"https:\/\/projekt.vombat.ee\/eco\/#\/schema\/logo\/image\/\"}}]}<\/script>\n<!-- \/ Yoast SEO plugin. -->","yoast_head_json":{"title":"DYU C7 Elektriline jalgratas, 70km - Ecocruiser","robots":{"index":"noindex","follow":"follow","max-snippet":"max-snippet:-1","max-image-preview":"max-image-preview:large","max-video-preview":"max-video-preview:-1"},"og_locale":"en_GB","og_type":"article","og_title":"DYU C7 Elektriline jalgratas, 70km - Ecocruiser","og_description":"DYU C7\u00a026-tolline elektrijalgrattal on v\u00f5imas 250 W mootor ja see suudab pedaaliabiga s\u00f5ita kuni 50\u201370 km, kaasas on korv asjade hoidmiseks, muutes selle ideaalseks jalgrattaks.  &nbsp;   Maksimaalne koormus: 120 kg  Mootor: 36V 250W (piirajaga)  S\u00f5iduulatus (abire\u017eiim): 50-70KM  Aku: 12,5ah liitiumaku  Laadimisaeg: 6-8 tundi  Kaal: 27 kg  Sobilik s\u00f5itjale pikkusega: 160-190cm  &nbsp;  \u2666\u00a0Tarneaeg\u00a03-8 p\u00e4eva \u2666\u00a0Laos","og_url":"https:\/\/projekt.vombat.ee\/eco\/pood\/elektrirattad\/linnarattad\/dyu-c6-elektriline-jalgratas-70km-3\/","og_site_name":"Ecocruiser","article_modified_time":"2024-05-07T15:28:01+00:00","og_image":[{"width":650,"height":650,"url":"https:\/\/projekt.vombat.ee\/eco\/wp-content\/uploads\/2023\/04\/1-14.webp","type":"image\/webp"}],"twitter_card":"summary_large_image","twitter_misc":{"Estimated reading time":"3 minutes"},"schema":{"@context":"https:\/\/schema.org","@graph":[{"@type":"WebPage","@id":"https:\/\/projekt.vombat.ee\/eco\/pood\/elektrirattad\/linnarattad\/dyu-c6-elektriline-jalgratas-70km-3\/","url":"https:\/\/projekt.vombat.ee\/eco\/pood\/elektrirattad\/linnarattad\/dyu-c6-elektriline-jalgratas-70km-3\/","name":"DYU C7 Elektriline jalgratas, 70km - Ecocruiser","isPartOf":{"@id":"https:\/\/projekt.vombat.ee\/eco\/#website"},"primaryImageOfPage":{"@id":"https:\/\/projekt.vombat.ee\/eco\/pood\/elektrirattad\/linnarattad\/dyu-c6-elektriline-jalgratas-70km-3\/#primaryimage"},"image":{"@id":"https:\/\/projekt.vombat.ee\/eco\/pood\/elektrirattad\/linnarattad\/dyu-c6-elektriline-jalgratas-70km-3\/#primaryimage"},"thumbnailUrl":"https:\/\/projekt.vombat.ee\/eco\/wp-content\/uploads\/2023\/04\/1-14.webp","datePublished":"2024-03-23T14:03:39+00:00","dateModified":"2024-05-07T15:28:01+00:00","breadcrumb":{"@id":"https:\/\/projekt.vombat.ee\/eco\/pood\/elektrirattad\/linnarattad\/dyu-c6-elektriline-jalgratas-70km-3\/#breadcrumb"},"inLanguage":"en-GB","potentialAction":[{"@type":"ReadAction","target":["https:\/\/projekt.vombat.ee\/eco\/pood\/elektrirattad\/linnarattad\/dyu-c6-elektriline-jalgratas-70km-3\/"]}]},{"@type":"ImageObject","inLanguage":"en-GB","@id":"https:\/\/projekt.vombat.ee\/eco\/pood\/elektrirattad\/linnarattad\/dyu-c6-elektriline-jalgratas-70km-3\/#primaryimage","url":"https:\/\/projekt.vombat.ee\/eco\/wp-content\/uploads\/2023\/04\/1-14.webp","contentUrl":"https:\/\/projekt.vombat.ee\/eco\/wp-content\/uploads\/2023\/04\/1-14.webp","width":650,"height":650,"caption":"DYU C6"},{"@type":"BreadcrumbList","@id":"https:\/\/projekt.vombat.ee\/eco\/pood\/elektrirattad\/linnarattad\/dyu-c6-elektriline-jalgratas-70km-3\/#breadcrumb","itemListElement":[{"@type":"ListItem","position":1,"name":"Home","item":"https:\/\/projekt.vombat.ee\/eco\/"},{"@type":"ListItem","position":2,"name":"Pood","item":"https:\/\/projekt.vombat.ee\/eco\/pood\/"},{"@type":"ListItem","position":3,"name":"DYU C7 Elektriline jalgratas, 70km"}]},{"@type":"WebSite","@id":"https:\/\/projekt.vombat.ee\/eco\/#website","url":"https:\/\/projekt.vombat.ee\/eco\/","name":"Ecocruiser","description":"","publisher":{"@id":"https:\/\/projekt.vombat.ee\/eco\/#organization"},"potentialAction":[{"@type":"SearchAction","target":{"@type":"EntryPoint","urlTemplate":"https:\/\/projekt.vombat.ee\/eco\/?s={search_term_string}"},"query-input":{"@type":"PropertyValueSpecification","valueRequired":true,"valueName":"search_term_string"}}],"inLanguage":"en-GB"},{"@type":"Organization","@id":"https:\/\/projekt.vombat.ee\/eco\/#organization","name":"Ecocruiser","url":"https:\/\/projekt.vombat.ee\/eco\/","logo":{"@type":"ImageObject","inLanguage":"en-GB","@id":"https:\/\/projekt.vombat.ee\/eco\/#\/schema\/logo\/image\/","url":"https:\/\/projekt.vombat.ee\/eco\/wp-content\/uploads\/2023\/03\/ECOCRUISER_5.png","contentUrl":"https:\/\/projekt.vombat.ee\/eco\/wp-content\/uploads\/2023\/03\/ECOCRUISER_5.png","width":234,"height":91,"caption":"Ecocruiser"},"image":{"@id":"https:\/\/projekt.vombat.ee\/eco\/#\/schema\/logo\/image\/"}}]}},"lang":"et","translations":{"et":15446,"fi":15447},"pll_sync_post":[],"_links":{"self":[{"href":"https:\/\/projekt.vombat.ee\/eco\/wp-json\/wp\/v2\/product\/15446"}],"collection":[{"href":"https:\/\/projekt.vombat.ee\/eco\/wp-json\/wp\/v2\/product"}],"about":[{"href":"https:\/\/projekt.vombat.ee\/eco\/wp-json\/wp\/v2\/types\/product"}],"version-history":[{"count":3,"href":"https:\/\/projekt.vombat.ee\/eco\/wp-json\/wp\/v2\/product\/15446\/revisions"}],"predecessor-version":[{"id":15614,"href":"https:\/\/projekt.vombat.ee\/eco\/wp-json\/wp\/v2\/product\/15446\/revisions\/15614"}],"wp:featuredmedia":[{"embeddable":true,"href":"https:\/\/projekt.vombat.ee\/eco\/wp-json\/wp\/v2\/media\/9034"}],"wp:attachment":[{"href":"https:\/\/projekt.vombat.ee\/eco\/wp-json\/wp\/v2\/media?parent=15446"}],"wp:term":[{"taxonomy":"product_cat","embeddable":true,"href":"https:\/\/projekt.vombat.ee\/eco\/wp-json\/wp\/v2\/product_cat?post=15446"},{"taxonomy":"product_tag","embeddable":true,"href":"https:\/\/projekt.vombat.ee\/eco\/wp-json\/wp\/v2\/product_tag?post=15446"}],"curies":[{"name":"wp","href":"https:\/\/api.w.org\/{rel}","templated":true}]}}