{"id":15421,"date":"2024-03-22T14:30:53","date_gmt":"2024-03-22T14:30:53","guid":{"rendered":"https:\/\/projekt.vombat.ee\/eco\/?post_type=product&#038;p=15421"},"modified":"2024-05-29T10:06:03","modified_gmt":"2024-05-29T10:06:03","slug":"kukirin-g1-pro-elektritoukeratas-70-km","status":"publish","type":"product","link":"https:\/\/projekt.vombat.ee\/eco\/pood\/elektritoukerattad\/linna-toukerattad\/kukirin-g1-pro-elektritoukeratas-70-km\/","title":{"rendered":"Kukirin G1 Pro elektrit\u00f5ukeratas, 80 km"},"content":{"rendered":"<h1>Kukirin G1 Pro elektrit\u00f5ukeratas<\/h1>\n<h3>48V 20.8Ah suure v\u00f5imsusega Li-ion aku<\/h3>\n<p>KuKirin G1 Pro on varustatud 960Wh suure v\u00f5imsusega premium Li-ion akuga, mis tagab pikema ulatuse, pikema eluea, kiirema laadimise, suurema ohutuse ning vastupidavama ja stabiilsema kogemuse. See v\u00f5ib pakkuda maksimaalselt 70 km pikkust s\u00f5iduulatust ja on suurep\u00e4rase vastupidavusega.<\/p>\n<p><img fetchpriority=\"high\" decoding=\"async\" class=\"\" src=\"https:\/\/officialkukirin.com\/cdn\/shop\/files\/Hb0252b2bb5474930addea76d40c93634g_1800x1800.webp?v=1708501046\" width=\"799\" height=\"797\" \/><\/p>\n<h3>2*800W Dual Drive mootor<\/h3>\n<p>KuKirin G1 Pro v\u00f5tab vastu ees ja taga 800W dual-drive mootorid, mis ei ole mitte ainult v\u00f5imsad, vaid ka stabiilsed, see v\u00f5ib pakkuda maksimaalset s\u00f5idukiirust 55km\/tunnis, lastes teil tunda kiirust ja kirge. Tugev v\u00f5imsus v\u00f5imaldab teil kergemini m\u00e4gedesse ronida. Lisaks on sellel elektrooniline pidurdus- ja v\u00f5imsuse jaotamise reguleerimiss\u00fcsteem, mis muudab s\u00f5idu turvalisemaks ja mugavamaks.<\/p>\n<p><img decoding=\"async\" class=\"alignnone wp-image-16109 \" src=\"https:\/\/projekt.vombat.ee\/eco\/wp-content\/uploads\/2024\/03\/IMG_20231019_012453-1024x768.png\" alt=\"\" width=\"691\" height=\"518\" srcset=\"https:\/\/projekt.vombat.ee\/eco\/wp-content\/uploads\/2024\/03\/IMG_20231019_012453-1024x768.png 1024w, https:\/\/projekt.vombat.ee\/eco\/wp-content\/uploads\/2024\/03\/IMG_20231019_012453-300x225.png 300w, https:\/\/projekt.vombat.ee\/eco\/wp-content\/uploads\/2024\/03\/IMG_20231019_012453-768x576.png 768w, https:\/\/projekt.vombat.ee\/eco\/wp-content\/uploads\/2024\/03\/IMG_20231019_012453-1536x1152.png 1536w, https:\/\/projekt.vombat.ee\/eco\/wp-content\/uploads\/2024\/03\/IMG_20231019_012453-2048x1536.png 2048w, https:\/\/projekt.vombat.ee\/eco\/wp-content\/uploads\/2024\/03\/IMG_20231019_012453-500x375.png 500w, https:\/\/projekt.vombat.ee\/eco\/wp-content\/uploads\/2024\/03\/IMG_20231019_012453-800x600.png 800w, https:\/\/projekt.vombat.ee\/eco\/wp-content\/uploads\/2024\/03\/IMG_20231019_012453-130x98.png 130w, https:\/\/projekt.vombat.ee\/eco\/wp-content\/uploads\/2024\/03\/IMG_20231019_012453-760x570.png 760w, https:\/\/projekt.vombat.ee\/eco\/wp-content\/uploads\/2024\/03\/IMG_20231019_012453-370x278.png 370w\" sizes=\"(max-width: 767px) 100vw, 691px\" \/><\/p>\n<h3>Pikk kere disain<\/h3>\n<p>Lai pedaalide disain v\u00f5imaldab s\u00f5itjatel jalgu l\u00f5dvestada ja v\u00e4hendada jalgade v\u00e4simust, mis on p\u00f5hjustatud pikaajalisest s\u00f5idust, mis v\u00f5imaldab teil mugavamalt s\u00f5ita. Samal ajal pakub pikk kere disain ka rohkem ruumi, et s\u00f5itjad saaksid vabamalt s\u00f5ita.<\/p>\n<p><img decoding=\"async\" class=\"alignnone wp-image-16110 \" src=\"https:\/\/projekt.vombat.ee\/eco\/wp-content\/uploads\/2024\/03\/IMG_20231019_013115-2-768x1024.png\" alt=\"\" width=\"655\" height=\"873\" srcset=\"https:\/\/projekt.vombat.ee\/eco\/wp-content\/uploads\/2024\/03\/IMG_20231019_013115-2-768x1024.png 768w, https:\/\/projekt.vombat.ee\/eco\/wp-content\/uploads\/2024\/03\/IMG_20231019_013115-2-225x300.png 225w, https:\/\/projekt.vombat.ee\/eco\/wp-content\/uploads\/2024\/03\/IMG_20231019_013115-2-1152x1536.png 1152w, https:\/\/projekt.vombat.ee\/eco\/wp-content\/uploads\/2024\/03\/IMG_20231019_013115-2-1536x2048.png 1536w, https:\/\/projekt.vombat.ee\/eco\/wp-content\/uploads\/2024\/03\/IMG_20231019_013115-2-500x667.png 500w, https:\/\/projekt.vombat.ee\/eco\/wp-content\/uploads\/2024\/03\/IMG_20231019_013115-2-800x1067.png 800w, https:\/\/projekt.vombat.ee\/eco\/wp-content\/uploads\/2024\/03\/IMG_20231019_013115-2-370x493.png 370w, https:\/\/projekt.vombat.ee\/eco\/wp-content\/uploads\/2024\/03\/IMG_20231019_013115-2-760x1013.png 760w\" sizes=\"(max-width: 767px) 100vw, 655px\" \/><\/p>\n<h3>Sisseehitatud ekraan<\/h3>\n<p>KuKirin G1 Pro-l on sisseehitatud ekraan, mille juhtmestik on peidetud ning muudab t\u00f5ukeratta v\u00e4limuse puhtamaks ja kvaliteetsemaks. N\u00e4idiku abil saate j\u00e4lgida oma s\u00f5itu reaalajas ja saada tervikpildi.<\/p>\n<p><img loading=\"lazy\" decoding=\"async\" class=\"alignnone wp-image-16104 \" src=\"https:\/\/projekt.vombat.ee\/eco\/wp-content\/uploads\/2024\/03\/005-933x1024.png\" alt=\"\" width=\"686\" height=\"753\" srcset=\"https:\/\/projekt.vombat.ee\/eco\/wp-content\/uploads\/2024\/03\/005-933x1024.png 933w, https:\/\/projekt.vombat.ee\/eco\/wp-content\/uploads\/2024\/03\/005-273x300.png 273w, https:\/\/projekt.vombat.ee\/eco\/wp-content\/uploads\/2024\/03\/005-768x842.png 768w, https:\/\/projekt.vombat.ee\/eco\/wp-content\/uploads\/2024\/03\/005-1400x1536.png 1400w, https:\/\/projekt.vombat.ee\/eco\/wp-content\/uploads\/2024\/03\/005-1867x2048.png 1867w, https:\/\/projekt.vombat.ee\/eco\/wp-content\/uploads\/2024\/03\/005-500x548.png 500w, https:\/\/projekt.vombat.ee\/eco\/wp-content\/uploads\/2024\/03\/005-800x878.png 800w, https:\/\/projekt.vombat.ee\/eco\/wp-content\/uploads\/2024\/03\/005-760x834.png 760w, https:\/\/projekt.vombat.ee\/eco\/wp-content\/uploads\/2024\/03\/005-370x406.png 370w\" sizes=\"(max-width: 767px) 100vw, 686px\" \/><\/p>\n<h3>Esimesed ja tagumised topeltketaspidurid<\/h3>\n<p>KuKirin G1 Pro on varustatud esi- ja tagumise topeltkettapiduriga, mis tagab parema ventilatsiooni ja jahutuse ning tugevama pidurdusv\u00f5ime. Isegi suurel kiirusel keerulises maastikus liikudes on pidurdamine lihtne, andes teile kindlustunde, et saate igal pool ja igal ajal peatuda.<\/p>\n<p><img loading=\"lazy\" decoding=\"async\" class=\"alignnone wp-image-16105 \" src=\"https:\/\/projekt.vombat.ee\/eco\/wp-content\/uploads\/2024\/03\/006-768x1024.png\" alt=\"\" width=\"571\" height=\"761\" srcset=\"https:\/\/projekt.vombat.ee\/eco\/wp-content\/uploads\/2024\/03\/006-768x1024.png 768w, https:\/\/projekt.vombat.ee\/eco\/wp-content\/uploads\/2024\/03\/006-225x300.png 225w, https:\/\/projekt.vombat.ee\/eco\/wp-content\/uploads\/2024\/03\/006-1152x1536.png 1152w, https:\/\/projekt.vombat.ee\/eco\/wp-content\/uploads\/2024\/03\/006-1536x2048.png 1536w, https:\/\/projekt.vombat.ee\/eco\/wp-content\/uploads\/2024\/03\/006-500x667.png 500w, https:\/\/projekt.vombat.ee\/eco\/wp-content\/uploads\/2024\/03\/006-800x1067.png 800w, https:\/\/projekt.vombat.ee\/eco\/wp-content\/uploads\/2024\/03\/006-370x493.png 370w, https:\/\/projekt.vombat.ee\/eco\/wp-content\/uploads\/2024\/03\/006-760x1013.png 760w\" sizes=\"(max-width: 767px) 100vw, 571px\" \/><\/p>\n<h3>\u00dcmbritseva valguse disain<\/h3>\n<p>Lahe \u00fcmbritsev valgus ei muuda v\u00e4rvi mitte ainult s\u00f5iduki k\u00e4ivitamisel, suurendades s\u00f5idur\u00f5\u00f5mu ja m\u00e4ngulisust noorele ja moodsale kasutajagrupile, vaid muudab s\u00f5iduki ka \u00f6\u00f6sel s\u00f5ites atraktiivsemaks. See t\u00f5mbab inimeste t\u00e4helepanu ja tagab \u00f6ise s\u00f5idu ohutuse.<\/p>\n<p><img loading=\"lazy\" decoding=\"async\" class=\"alignnone wp-image-16114 size-full\" src=\"https:\/\/projekt.vombat.ee\/eco\/wp-content\/uploads\/2024\/03\/a60cc788c18632f5894c8142635074b8.png\" alt=\"\" width=\"554\" height=\"889\" srcset=\"https:\/\/projekt.vombat.ee\/eco\/wp-content\/uploads\/2024\/03\/a60cc788c18632f5894c8142635074b8.png 554w, https:\/\/projekt.vombat.ee\/eco\/wp-content\/uploads\/2024\/03\/a60cc788c18632f5894c8142635074b8-187x300.png 187w, https:\/\/projekt.vombat.ee\/eco\/wp-content\/uploads\/2024\/03\/a60cc788c18632f5894c8142635074b8-500x802.png 500w, https:\/\/projekt.vombat.ee\/eco\/wp-content\/uploads\/2024\/03\/a60cc788c18632f5894c8142635074b8-370x594.png 370w\" sizes=\"(max-width: 767px) 100vw, 554px\" \/><\/p>\n<p>&nbsp;<\/p>\n","protected":false},"excerpt":{"rendered":"<p>Mugavus, v\u00f5imsus ja stiil kohtuvad \u2013 tutvusta end <strong>Kukirin G1 Pro elektrit\u00f5ukerattale<\/strong>\u00a0ning avasta uus tase linnas liikumisel!<\/p>\n<p>&nbsp;<\/p>\n<ul>\n<li>Maksimaalne kiirus: 55km\/h<\/li>\n<li>Mootor: 2*800W<\/li>\n<li>S\u00f5iduulatus: 80km<\/li>\n<li>Aku: 48V 20,8Ah<\/li>\n<li>Kandev\u00f5ime: 120kg<\/li>\n<li>Laadimisaeg: 10-11h<\/li>\n<li>Laadija kaasas<\/li>\n<\/ul>\n<p>&nbsp;<\/p>\n<p>\u2666\u00a0<strong>Tarneaeg 2-6 p\u00e4eva<\/strong><br \/>\n\u2666\u00a0<strong>Laos<\/strong><\/p>\n","protected":false},"featured_media":16103,"template":"","meta":[],"product_cat":[1381,53,909,911,59],"product_tag":[],"class_list":{"0":"post-15421","1":"product","2":"type-product","3":"status-publish","4":"has-post-thumbnail","6":"product_cat-top-5-populaarsemat-elektritoukeratast","7":"product_cat-elektritoukerattad","8":"product_cat-linna-toukerattad","9":"product_cat-voimsad-toukerattad","10":"product_cat-kugoo-elektritoukerattad","12":"first","13":"instock","14":"sale","15":"taxable","16":"shipping-taxable","17":"purchasable","18":"product-type-simple"},"yoast_head":"<!-- This site is optimized with the Yoast SEO plugin v23.8 - https:\/\/yoast.com\/wordpress\/plugins\/seo\/ -->\n<title>Kukirin G1 Pro elektrit\u00f5ukeratas, 80 km - Ecocruiser<\/title>\n<meta name=\"description\" content=\"Avasta Kukirin G1 Pro elektrit\u00f5ukeratas \u2013 tipptasemel linnaliikuvuslahendus, mis pakub kiiret, mugavat ja keskkonnas\u00f5bralikku transporti. Kompaktne disain ja v\u00f5imas mootor tagavad sujuva s\u00f5iduelamuse, olles samal ajal vastupidav ja usaldusv\u00e4\u00e4rne. Tutvu meie laia valikuga ja leia oma j\u00e4rgmine seiklus Kukirin G1 Pro elektrit\u00f5ukerattaga juba t\u00e4na!\" \/>\n<meta name=\"robots\" content=\"noindex, follow, max-snippet:-1, max-image-preview:large, max-video-preview:-1\" \/>\n<meta property=\"og:locale\" content=\"en_GB\" \/>\n<meta property=\"og:type\" content=\"article\" \/>\n<meta property=\"og:title\" content=\"Kukirin G1 Pro elektrit\u00f5ukeratas, 80 km - Ecocruiser\" \/>\n<meta property=\"og:description\" content=\"Avasta Kukirin G1 Pro elektrit\u00f5ukeratas \u2013 tipptasemel linnaliikuvuslahendus, mis pakub kiiret, mugavat ja keskkonnas\u00f5bralikku transporti. Kompaktne disain ja v\u00f5imas mootor tagavad sujuva s\u00f5iduelamuse, olles samal ajal vastupidav ja usaldusv\u00e4\u00e4rne. Tutvu meie laia valikuga ja leia oma j\u00e4rgmine seiklus Kukirin G1 Pro elektrit\u00f5ukerattaga juba t\u00e4na!\" \/>\n<meta property=\"og:url\" content=\"https:\/\/projekt.vombat.ee\/eco\/pood\/elektritoukerattad\/linna-toukerattad\/kukirin-g1-pro-elektritoukeratas-70-km\/\" \/>\n<meta property=\"og:site_name\" content=\"Ecocruiser\" \/>\n<meta property=\"article:modified_time\" content=\"2024-05-29T10:06:03+00:00\" \/>\n<meta property=\"og:image\" content=\"https:\/\/projekt.vombat.ee\/eco\/wp-content\/uploads\/2024\/03\/Untitled-design-2024-04-17T161628.708.png\" \/>\n\t<meta property=\"og:image:width\" content=\"1000\" \/>\n\t<meta property=\"og:image:height\" content=\"1000\" \/>\n\t<meta property=\"og:image:type\" content=\"image\/png\" \/>\n<meta name=\"twitter:card\" content=\"summary_large_image\" \/>\n<meta name=\"twitter:label1\" content=\"Estimated reading time\" \/>\n\t<meta name=\"twitter:data1\" content=\"3 minutes\" \/>\n<script type=\"application\/ld+json\" class=\"yoast-schema-graph\">{\"@context\":\"https:\/\/schema.org\",\"@graph\":[{\"@type\":\"WebPage\",\"@id\":\"https:\/\/projekt.vombat.ee\/eco\/pood\/elektritoukerattad\/linna-toukerattad\/kukirin-g1-pro-elektritoukeratas-70-km\/\",\"url\":\"https:\/\/projekt.vombat.ee\/eco\/pood\/elektritoukerattad\/linna-toukerattad\/kukirin-g1-pro-elektritoukeratas-70-km\/\",\"name\":\"Kukirin G1 Pro elektrit\u00f5ukeratas, 80 km - Ecocruiser\",\"isPartOf\":{\"@id\":\"https:\/\/projekt.vombat.ee\/eco\/#website\"},\"primaryImageOfPage\":{\"@id\":\"https:\/\/projekt.vombat.ee\/eco\/pood\/elektritoukerattad\/linna-toukerattad\/kukirin-g1-pro-elektritoukeratas-70-km\/#primaryimage\"},\"image\":{\"@id\":\"https:\/\/projekt.vombat.ee\/eco\/pood\/elektritoukerattad\/linna-toukerattad\/kukirin-g1-pro-elektritoukeratas-70-km\/#primaryimage\"},\"thumbnailUrl\":\"https:\/\/projekt.vombat.ee\/eco\/wp-content\/uploads\/2024\/03\/Untitled-design-2024-04-17T161628.708.png\",\"datePublished\":\"2024-03-22T14:30:53+00:00\",\"dateModified\":\"2024-05-29T10:06:03+00:00\",\"description\":\"Avasta Kukirin G1 Pro elektrit\u00f5ukeratas \u2013 tipptasemel linnaliikuvuslahendus, mis pakub kiiret, mugavat ja keskkonnas\u00f5bralikku transporti. Kompaktne disain ja v\u00f5imas mootor tagavad sujuva s\u00f5iduelamuse, olles samal ajal vastupidav ja usaldusv\u00e4\u00e4rne. Tutvu meie laia valikuga ja leia oma j\u00e4rgmine seiklus Kukirin G1 Pro elektrit\u00f5ukerattaga juba t\u00e4na!\",\"breadcrumb\":{\"@id\":\"https:\/\/projekt.vombat.ee\/eco\/pood\/elektritoukerattad\/linna-toukerattad\/kukirin-g1-pro-elektritoukeratas-70-km\/#breadcrumb\"},\"inLanguage\":\"en-GB\",\"potentialAction\":[{\"@type\":\"ReadAction\",\"target\":[\"https:\/\/projekt.vombat.ee\/eco\/pood\/elektritoukerattad\/linna-toukerattad\/kukirin-g1-pro-elektritoukeratas-70-km\/\"]}]},{\"@type\":\"ImageObject\",\"inLanguage\":\"en-GB\",\"@id\":\"https:\/\/projekt.vombat.ee\/eco\/pood\/elektritoukerattad\/linna-toukerattad\/kukirin-g1-pro-elektritoukeratas-70-km\/#primaryimage\",\"url\":\"https:\/\/projekt.vombat.ee\/eco\/wp-content\/uploads\/2024\/03\/Untitled-design-2024-04-17T161628.708.png\",\"contentUrl\":\"https:\/\/projekt.vombat.ee\/eco\/wp-content\/uploads\/2024\/03\/Untitled-design-2024-04-17T161628.708.png\",\"width\":1000,\"height\":1000,\"caption\":\"Kukirin G1 Pro\"},{\"@type\":\"BreadcrumbList\",\"@id\":\"https:\/\/projekt.vombat.ee\/eco\/pood\/elektritoukerattad\/linna-toukerattad\/kukirin-g1-pro-elektritoukeratas-70-km\/#breadcrumb\",\"itemListElement\":[{\"@type\":\"ListItem\",\"position\":1,\"name\":\"Home\",\"item\":\"https:\/\/projekt.vombat.ee\/eco\/\"},{\"@type\":\"ListItem\",\"position\":2,\"name\":\"Pood\",\"item\":\"https:\/\/projekt.vombat.ee\/eco\/pood\/\"},{\"@type\":\"ListItem\",\"position\":3,\"name\":\"Kukirin G1 Pro elektrit\u00f5ukeratas, 80 km\"}]},{\"@type\":\"WebSite\",\"@id\":\"https:\/\/projekt.vombat.ee\/eco\/#website\",\"url\":\"https:\/\/projekt.vombat.ee\/eco\/\",\"name\":\"Ecocruiser\",\"description\":\"\",\"publisher\":{\"@id\":\"https:\/\/projekt.vombat.ee\/eco\/#organization\"},\"potentialAction\":[{\"@type\":\"SearchAction\",\"target\":{\"@type\":\"EntryPoint\",\"urlTemplate\":\"https:\/\/projekt.vombat.ee\/eco\/?s={search_term_string}\"},\"query-input\":{\"@type\":\"PropertyValueSpecification\",\"valueRequired\":true,\"valueName\":\"search_term_string\"}}],\"inLanguage\":\"en-GB\"},{\"@type\":\"Organization\",\"@id\":\"https:\/\/projekt.vombat.ee\/eco\/#organization\",\"name\":\"Ecocruiser\",\"url\":\"https:\/\/projekt.vombat.ee\/eco\/\",\"logo\":{\"@type\":\"ImageObject\",\"inLanguage\":\"en-GB\",\"@id\":\"https:\/\/projekt.vombat.ee\/eco\/#\/schema\/logo\/image\/\",\"url\":\"https:\/\/projekt.vombat.ee\/eco\/wp-content\/uploads\/2023\/03\/ECOCRUISER_5.png\",\"contentUrl\":\"https:\/\/projekt.vombat.ee\/eco\/wp-content\/uploads\/2023\/03\/ECOCRUISER_5.png\",\"width\":234,\"height\":91,\"caption\":\"Ecocruiser\"},\"image\":{\"@id\":\"https:\/\/projekt.vombat.ee\/eco\/#\/schema\/logo\/image\/\"}}]}<\/script>\n<!-- \/ Yoast SEO plugin. -->","yoast_head_json":{"title":"Kukirin G1 Pro elektrit\u00f5ukeratas, 80 km - Ecocruiser","description":"Avasta Kukirin G1 Pro elektrit\u00f5ukeratas \u2013 tipptasemel linnaliikuvuslahendus, mis pakub kiiret, mugavat ja keskkonnas\u00f5bralikku transporti. Kompaktne disain ja v\u00f5imas mootor tagavad sujuva s\u00f5iduelamuse, olles samal ajal vastupidav ja usaldusv\u00e4\u00e4rne. Tutvu meie laia valikuga ja leia oma j\u00e4rgmine seiklus Kukirin G1 Pro elektrit\u00f5ukerattaga juba t\u00e4na!","robots":{"index":"noindex","follow":"follow","max-snippet":"max-snippet:-1","max-image-preview":"max-image-preview:large","max-video-preview":"max-video-preview:-1"},"og_locale":"en_GB","og_type":"article","og_title":"Kukirin G1 Pro elektrit\u00f5ukeratas, 80 km - Ecocruiser","og_description":"Avasta Kukirin G1 Pro elektrit\u00f5ukeratas \u2013 tipptasemel linnaliikuvuslahendus, mis pakub kiiret, mugavat ja keskkonnas\u00f5bralikku transporti. Kompaktne disain ja v\u00f5imas mootor tagavad sujuva s\u00f5iduelamuse, olles samal ajal vastupidav ja usaldusv\u00e4\u00e4rne. Tutvu meie laia valikuga ja leia oma j\u00e4rgmine seiklus Kukirin G1 Pro elektrit\u00f5ukerattaga juba t\u00e4na!","og_url":"https:\/\/projekt.vombat.ee\/eco\/pood\/elektritoukerattad\/linna-toukerattad\/kukirin-g1-pro-elektritoukeratas-70-km\/","og_site_name":"Ecocruiser","article_modified_time":"2024-05-29T10:06:03+00:00","og_image":[{"width":1000,"height":1000,"url":"https:\/\/projekt.vombat.ee\/eco\/wp-content\/uploads\/2024\/03\/Untitled-design-2024-04-17T161628.708.png","type":"image\/png"}],"twitter_card":"summary_large_image","twitter_misc":{"Estimated reading time":"3 minutes"},"schema":{"@context":"https:\/\/schema.org","@graph":[{"@type":"WebPage","@id":"https:\/\/projekt.vombat.ee\/eco\/pood\/elektritoukerattad\/linna-toukerattad\/kukirin-g1-pro-elektritoukeratas-70-km\/","url":"https:\/\/projekt.vombat.ee\/eco\/pood\/elektritoukerattad\/linna-toukerattad\/kukirin-g1-pro-elektritoukeratas-70-km\/","name":"Kukirin G1 Pro elektrit\u00f5ukeratas, 80 km - Ecocruiser","isPartOf":{"@id":"https:\/\/projekt.vombat.ee\/eco\/#website"},"primaryImageOfPage":{"@id":"https:\/\/projekt.vombat.ee\/eco\/pood\/elektritoukerattad\/linna-toukerattad\/kukirin-g1-pro-elektritoukeratas-70-km\/#primaryimage"},"image":{"@id":"https:\/\/projekt.vombat.ee\/eco\/pood\/elektritoukerattad\/linna-toukerattad\/kukirin-g1-pro-elektritoukeratas-70-km\/#primaryimage"},"thumbnailUrl":"https:\/\/projekt.vombat.ee\/eco\/wp-content\/uploads\/2024\/03\/Untitled-design-2024-04-17T161628.708.png","datePublished":"2024-03-22T14:30:53+00:00","dateModified":"2024-05-29T10:06:03+00:00","description":"Avasta Kukirin G1 Pro elektrit\u00f5ukeratas \u2013 tipptasemel linnaliikuvuslahendus, mis pakub kiiret, mugavat ja keskkonnas\u00f5bralikku transporti. Kompaktne disain ja v\u00f5imas mootor tagavad sujuva s\u00f5iduelamuse, olles samal ajal vastupidav ja usaldusv\u00e4\u00e4rne. Tutvu meie laia valikuga ja leia oma j\u00e4rgmine seiklus Kukirin G1 Pro elektrit\u00f5ukerattaga juba t\u00e4na!","breadcrumb":{"@id":"https:\/\/projekt.vombat.ee\/eco\/pood\/elektritoukerattad\/linna-toukerattad\/kukirin-g1-pro-elektritoukeratas-70-km\/#breadcrumb"},"inLanguage":"en-GB","potentialAction":[{"@type":"ReadAction","target":["https:\/\/projekt.vombat.ee\/eco\/pood\/elektritoukerattad\/linna-toukerattad\/kukirin-g1-pro-elektritoukeratas-70-km\/"]}]},{"@type":"ImageObject","inLanguage":"en-GB","@id":"https:\/\/projekt.vombat.ee\/eco\/pood\/elektritoukerattad\/linna-toukerattad\/kukirin-g1-pro-elektritoukeratas-70-km\/#primaryimage","url":"https:\/\/projekt.vombat.ee\/eco\/wp-content\/uploads\/2024\/03\/Untitled-design-2024-04-17T161628.708.png","contentUrl":"https:\/\/projekt.vombat.ee\/eco\/wp-content\/uploads\/2024\/03\/Untitled-design-2024-04-17T161628.708.png","width":1000,"height":1000,"caption":"Kukirin G1 Pro"},{"@type":"BreadcrumbList","@id":"https:\/\/projekt.vombat.ee\/eco\/pood\/elektritoukerattad\/linna-toukerattad\/kukirin-g1-pro-elektritoukeratas-70-km\/#breadcrumb","itemListElement":[{"@type":"ListItem","position":1,"name":"Home","item":"https:\/\/projekt.vombat.ee\/eco\/"},{"@type":"ListItem","position":2,"name":"Pood","item":"https:\/\/projekt.vombat.ee\/eco\/pood\/"},{"@type":"ListItem","position":3,"name":"Kukirin G1 Pro elektrit\u00f5ukeratas, 80 km"}]},{"@type":"WebSite","@id":"https:\/\/projekt.vombat.ee\/eco\/#website","url":"https:\/\/projekt.vombat.ee\/eco\/","name":"Ecocruiser","description":"","publisher":{"@id":"https:\/\/projekt.vombat.ee\/eco\/#organization"},"potentialAction":[{"@type":"SearchAction","target":{"@type":"EntryPoint","urlTemplate":"https:\/\/projekt.vombat.ee\/eco\/?s={search_term_string}"},"query-input":{"@type":"PropertyValueSpecification","valueRequired":true,"valueName":"search_term_string"}}],"inLanguage":"en-GB"},{"@type":"Organization","@id":"https:\/\/projekt.vombat.ee\/eco\/#organization","name":"Ecocruiser","url":"https:\/\/projekt.vombat.ee\/eco\/","logo":{"@type":"ImageObject","inLanguage":"en-GB","@id":"https:\/\/projekt.vombat.ee\/eco\/#\/schema\/logo\/image\/","url":"https:\/\/projekt.vombat.ee\/eco\/wp-content\/uploads\/2023\/03\/ECOCRUISER_5.png","contentUrl":"https:\/\/projekt.vombat.ee\/eco\/wp-content\/uploads\/2023\/03\/ECOCRUISER_5.png","width":234,"height":91,"caption":"Ecocruiser"},"image":{"@id":"https:\/\/projekt.vombat.ee\/eco\/#\/schema\/logo\/image\/"}}]}},"lang":"et","translations":{"et":15421,"ru":16203,"fr":17095},"pll_sync_post":[],"_links":{"self":[{"href":"https:\/\/projekt.vombat.ee\/eco\/wp-json\/wp\/v2\/product\/15421"}],"collection":[{"href":"https:\/\/projekt.vombat.ee\/eco\/wp-json\/wp\/v2\/product"}],"about":[{"href":"https:\/\/projekt.vombat.ee\/eco\/wp-json\/wp\/v2\/types\/product"}],"version-history":[{"count":6,"href":"https:\/\/projekt.vombat.ee\/eco\/wp-json\/wp\/v2\/product\/15421\/revisions"}],"predecessor-version":[{"id":16117,"href":"https:\/\/projekt.vombat.ee\/eco\/wp-json\/wp\/v2\/product\/15421\/revisions\/16117"}],"wp:featuredmedia":[{"embeddable":true,"href":"https:\/\/projekt.vombat.ee\/eco\/wp-json\/wp\/v2\/media\/16103"}],"wp:attachment":[{"href":"https:\/\/projekt.vombat.ee\/eco\/wp-json\/wp\/v2\/media?parent=15421"}],"wp:term":[{"taxonomy":"product_cat","embeddable":true,"href":"https:\/\/projekt.vombat.ee\/eco\/wp-json\/wp\/v2\/product_cat?post=15421"},{"taxonomy":"product_tag","embeddable":true,"href":"https:\/\/projekt.vombat.ee\/eco\/wp-json\/wp\/v2\/product_tag?post=15421"}],"curies":[{"name":"wp","href":"https:\/\/api.w.org\/{rel}","templated":true}]}}