{"id":15392,"date":"2024-03-22T07:35:00","date_gmt":"2024-03-22T07:35:00","guid":{"rendered":"https:\/\/projekt.vombat.ee\/eco\/?post_type=product&#038;p=15392"},"modified":"2024-03-22T09:37:08","modified_gmt":"2024-03-22T09:37:08","slug":"jokobike-transfer-elektrijalgratas","status":"publish","type":"product","link":"https:\/\/projekt.vombat.ee\/eco\/pood\/elektrirattad\/linnarattad\/jokobike-transfer-elektrijalgratas\/","title":{"rendered":"Jokobike Transfer elektrijalgratas 80-150km"},"content":{"rendered":"<p><strong>Jokobike transfer elektrijalgratas<\/strong> on elektriline veojalgratas, JOBOBIKE&#8217;i uus liige. M\u00f5eldud perele ja inimestele, kes peavad kaupu ja esemeid vedama. Pikem ja madalam raam tagab stabiilse, sujuva ja mugava s\u00f5idu, kui kannate oma lapsi v\u00e4lja v\u00f5i toimetate asju. Veelgi enam, t\u00e4nu multifunktsionaalsele kiirvahetusega tagumisele hammasrattahoidikule, millele saab paigaldada palju peres\u00f5bralikke lisaseadmeid, saate nautida koos lastega s\u00f5itmist, et maailma avastada v\u00f5i esemeid lihtsalt ja mugavalt vedada ja kohale toimetada.<\/p>\n<p>Transer on varustatud kahekordse akus\u00fcsteemiga ja v\u00f5ib pakkuda kahe akuga kuni 80 kuni 150 km pikkust s\u00f5iduulatust \u00fche laadimisega, muutes s\u00f5idu r\u00f5\u00f5msamaks ja muretumaks.<\/p>\n<p>Transeril on piklik raam ja madal raskuskese, mis tagab usaldusv\u00e4\u00e4rse, stabiilse ja mugava s\u00f5idu.<\/p>\n<p>Transeri kandev\u00f5ime on 150 kg, mis on suurem kui teistel e-ratastel ehk see on suurep\u00e4rane valik perede v\u00e4ljas\u00f5iduks, ostude tegemiseks ja esemete vedamiseks, ning selle tagumise hammasratta kandev\u00f5ime on 50 kg.<\/p>\n<h3>LCD ekraan<\/h3>\n<p>Suure kontrastsusega LCD-ekraan, mis n\u00e4itab pedaalide abire\u017eiimi, s\u00f5itu, l\u00e4bis\u00f5idum\u00f5\u00f5dikut, maksimaalset kiirust ja aku v\u00f5imsust.<\/p>\n<p><img fetchpriority=\"high\" decoding=\"async\" class=\"alignnone size-medium wp-image-15403\" src=\"https:\/\/projekt.vombat.ee\/eco\/wp-content\/uploads\/2024\/03\/Artur-1000x1000-2024-03-21T125000.163-300x300.png\" alt=\"\" width=\"300\" height=\"300\" \/><\/p>\n<h3>Shimano 7-k\u00e4iguline k\u00e4igukast<\/h3>\n<p>Shimano 7-k\u00e4iguline k\u00e4iguvahetuss\u00fcsteem v\u00f5imaldab sul erinevatel maastikel s\u00f5ites sujuvalt ja kiiresti k\u00e4ike vahetada.<\/p>\n<p><img decoding=\"async\" class=\"alignnone size-medium wp-image-15396\" src=\"https:\/\/projekt.vombat.ee\/eco\/wp-content\/uploads\/2024\/03\/Artur-1000x1000-2024-03-21T124452.785-300x300.png\" alt=\"\" width=\"300\" height=\"300\" \/><\/p>\n<h3>Tektro h\u00fcdrauliline ketaspidur<\/h3>\n<p>Omadused Tektro 180mm h\u00fcdrauliline ketaspiduris\u00fcsteem, mis pakub sujuvat pidurdusreaktsiooni koos automaatse v\u00e4ljal\u00fclitusfunktsiooniga.<\/p>\n<p><img decoding=\"async\" class=\"alignnone size-medium wp-image-15395\" src=\"https:\/\/projekt.vombat.ee\/eco\/wp-content\/uploads\/2024\/03\/Artur-1000x1000-2024-03-21T124503.948-300x300.png\" alt=\"\" width=\"300\" height=\"300\" \/><\/p>\n<h3>CST 3.0-tollised rasvased rehvid<\/h3>\n<p>CST 20&#8243; *3.0&#8243; l\u00e4bimurdekindlate paksude rehvidega ei karda Transer mudaseid teid ja muud ebatasast maastikku.<\/p>\n<p><img loading=\"lazy\" decoding=\"async\" class=\"alignnone size-medium wp-image-15394\" src=\"https:\/\/projekt.vombat.ee\/eco\/wp-content\/uploads\/2024\/03\/Artur-1000x1000-2024-03-21T124518.321-300x300.png\" alt=\"\" width=\"300\" height=\"300\" \/><\/p>\n<h3>Pool v\u00e4\u00e4natud gaasipedaal koos lukustusega<\/h3>\n<p>Kasutage lukuga gaasipedaali, see vastab inimese harjumustele ja k\u00e4te hoidmise ja keeramise harjumustele. Ja selle funktsiooniga on ohutum s\u00f5ita.<\/p>\n<p><img loading=\"lazy\" decoding=\"async\" class=\"alignnone size-medium wp-image-15393\" src=\"https:\/\/projekt.vombat.ee\/eco\/wp-content\/uploads\/2024\/03\/Artur-1000x1000-2024-03-21T124529.605-300x300.png\" alt=\"\" width=\"300\" height=\"300\" \/><\/p>\n<h3>Kickstand<\/h3>\n<p>Transeril on kahe jalaga kickstand . See hoiab kindlalt tasakaalu.<\/p>\n<p><img loading=\"lazy\" decoding=\"async\" class=\"alignnone size-medium wp-image-15404\" src=\"https:\/\/projekt.vombat.ee\/eco\/wp-content\/uploads\/2024\/03\/Artur-1000x1000-2024-03-21T125132.932-300x300.png\" alt=\"\" width=\"300\" height=\"300\" \/><\/p>\n","protected":false},"excerpt":{"rendered":"<p><strong>Jokobike Transfer elektriratas<\/strong><\/p>\n<p>&nbsp;<\/p>\n<ul>\n<li>Maksimaalne kiirus: 25 km\/h(piirajaga)<\/li>\n<li>SHIMANO 7-k\u00e4iguline k\u00e4iguvahetus<\/li>\n<li>Kaugus: v\u00e4iksema akuga kuni 80km, suuremaga kuni 150 km<\/li>\n<li>CST 3.0-tollised rasvased rehvid<\/li>\n<li>Aku(\u00fche v\u00f5i kahe akuga)<\/li>\n<li>Tektro h\u00fcdrauliline ketaspidur<\/li>\n<li>Suure kontrastsusega LCD-ekraan<\/li>\n<\/ul>\n<p>&nbsp;<\/p>\n<p>\u2666\u00a0<strong>Tarneaeg 2-6 p\u00e4eva<\/strong><br \/>\n\u2666\u00a0<strong>Laos<\/strong><\/p>\n","protected":false},"featured_media":0,"template":"","meta":[],"product_cat":[52,903,905],"product_tag":[],"class_list":{"0":"post-15392","1":"product","2":"type-product","3":"status-publish","5":"product_cat-elektrirattad","6":"product_cat-linnarattad","7":"product_cat-maastikurattad","9":"first","10":"instock","11":"taxable","12":"shipping-taxable","13":"purchasable","14":"product-type-variable"},"yoast_head":"<!-- This site is optimized with the Yoast SEO plugin v23.8 - https:\/\/yoast.com\/wordpress\/plugins\/seo\/ -->\n<title>Jokobike Transfer elektrijalgratas 80-150km - Ecocruiser<\/title>\n<meta name=\"description\" content=\"Avasta uus tase elektrijalgrattas\u00f5idus koos Jokobike Transferiga! Meie elektrijalgratas pakub sulle suurep\u00e4rast v\u00f5imsust ja mugavust, olles samal ajal ideaalne kaaslane nii linnas\u00f5itudeks kui ka maal seiklemiseks. Olgu tegemist igap\u00e4evase liikumisega v\u00f5i p\u00f5nevate seiklustega, Jokobike Transfer viib sind alati mugavalt ja stiilselt sihtkohta. Tutvu meie valikuga juba t\u00e4na ning alusta uut seiklust!\" \/>\n<meta name=\"robots\" content=\"noindex, follow, max-snippet:-1, max-image-preview:large, max-video-preview:-1\" \/>\n<meta property=\"og:locale\" content=\"en_GB\" \/>\n<meta property=\"og:type\" content=\"article\" \/>\n<meta property=\"og:title\" content=\"Jokobike Transfer elektrijalgratas 80-150km - Ecocruiser\" \/>\n<meta property=\"og:description\" content=\"Avasta uus tase elektrijalgrattas\u00f5idus koos Jokobike Transferiga! Meie elektrijalgratas pakub sulle suurep\u00e4rast v\u00f5imsust ja mugavust, olles samal ajal ideaalne kaaslane nii linnas\u00f5itudeks kui ka maal seiklemiseks. Olgu tegemist igap\u00e4evase liikumisega v\u00f5i p\u00f5nevate seiklustega, Jokobike Transfer viib sind alati mugavalt ja stiilselt sihtkohta. Tutvu meie valikuga juba t\u00e4na ning alusta uut seiklust!\" \/>\n<meta property=\"og:url\" content=\"https:\/\/projekt.vombat.ee\/eco\/pood\/elektrirattad\/linnarattad\/jokobike-transfer-elektrijalgratas\/\" \/>\n<meta property=\"og:site_name\" content=\"Ecocruiser\" \/>\n<meta property=\"article:modified_time\" content=\"2024-03-22T09:37:08+00:00\" \/>\n<meta property=\"og:image\" content=\"https:\/\/projekt.vombat.ee\/eco\/wp-content\/uploads\/2024\/03\/Artur-1000x1000-2024-03-21T124336.655.png\" \/>\n\t<meta property=\"og:image:width\" content=\"1000\" \/>\n\t<meta property=\"og:image:height\" content=\"1000\" \/>\n\t<meta property=\"og:image:type\" content=\"image\/png\" \/>\n<meta name=\"twitter:card\" content=\"summary_large_image\" \/>\n<meta name=\"twitter:label1\" content=\"Estimated reading time\" \/>\n\t<meta name=\"twitter:data1\" content=\"3 minutes\" \/>\n<script type=\"application\/ld+json\" class=\"yoast-schema-graph\">{\"@context\":\"https:\/\/schema.org\",\"@graph\":[{\"@type\":\"WebPage\",\"@id\":\"https:\/\/projekt.vombat.ee\/eco\/pood\/elektrirattad\/linnarattad\/jokobike-transfer-elektrijalgratas\/\",\"url\":\"https:\/\/projekt.vombat.ee\/eco\/pood\/elektrirattad\/linnarattad\/jokobike-transfer-elektrijalgratas\/\",\"name\":\"Jokobike Transfer elektrijalgratas 80-150km - Ecocruiser\",\"isPartOf\":{\"@id\":\"https:\/\/projekt.vombat.ee\/eco\/#website\"},\"primaryImageOfPage\":{\"@id\":\"https:\/\/projekt.vombat.ee\/eco\/pood\/elektrirattad\/linnarattad\/jokobike-transfer-elektrijalgratas\/#primaryimage\"},\"image\":{\"@id\":\"https:\/\/projekt.vombat.ee\/eco\/pood\/elektrirattad\/linnarattad\/jokobike-transfer-elektrijalgratas\/#primaryimage\"},\"thumbnailUrl\":\"https:\/\/projekt.vombat.ee\/eco\/wp-content\/uploads\/2024\/03\/Artur-1000x1000-2024-03-21T125000.163-300x300.png\",\"datePublished\":\"2024-03-22T07:35:00+00:00\",\"dateModified\":\"2024-03-22T09:37:08+00:00\",\"description\":\"Avasta uus tase elektrijalgrattas\u00f5idus koos Jokobike Transferiga! Meie elektrijalgratas pakub sulle suurep\u00e4rast v\u00f5imsust ja mugavust, olles samal ajal ideaalne kaaslane nii linnas\u00f5itudeks kui ka maal seiklemiseks. Olgu tegemist igap\u00e4evase liikumisega v\u00f5i p\u00f5nevate seiklustega, Jokobike Transfer viib sind alati mugavalt ja stiilselt sihtkohta. Tutvu meie valikuga juba t\u00e4na ning alusta uut seiklust!\",\"breadcrumb\":{\"@id\":\"https:\/\/projekt.vombat.ee\/eco\/pood\/elektrirattad\/linnarattad\/jokobike-transfer-elektrijalgratas\/#breadcrumb\"},\"inLanguage\":\"en-GB\",\"potentialAction\":[{\"@type\":\"ReadAction\",\"target\":[\"https:\/\/projekt.vombat.ee\/eco\/pood\/elektrirattad\/linnarattad\/jokobike-transfer-elektrijalgratas\/\"]}]},{\"@type\":\"ImageObject\",\"inLanguage\":\"en-GB\",\"@id\":\"https:\/\/projekt.vombat.ee\/eco\/pood\/elektrirattad\/linnarattad\/jokobike-transfer-elektrijalgratas\/#primaryimage\",\"url\":\"\",\"contentUrl\":\"\"},{\"@type\":\"BreadcrumbList\",\"@id\":\"https:\/\/projekt.vombat.ee\/eco\/pood\/elektrirattad\/linnarattad\/jokobike-transfer-elektrijalgratas\/#breadcrumb\",\"itemListElement\":[{\"@type\":\"ListItem\",\"position\":1,\"name\":\"Home\",\"item\":\"https:\/\/projekt.vombat.ee\/eco\/\"},{\"@type\":\"ListItem\",\"position\":2,\"name\":\"Pood\",\"item\":\"https:\/\/projekt.vombat.ee\/eco\/pood\/\"},{\"@type\":\"ListItem\",\"position\":3,\"name\":\"Jokobike Transfer elektrijalgratas 80-150km\"}]},{\"@type\":\"WebSite\",\"@id\":\"https:\/\/projekt.vombat.ee\/eco\/#website\",\"url\":\"https:\/\/projekt.vombat.ee\/eco\/\",\"name\":\"Ecocruiser\",\"description\":\"\",\"publisher\":{\"@id\":\"https:\/\/projekt.vombat.ee\/eco\/#organization\"},\"potentialAction\":[{\"@type\":\"SearchAction\",\"target\":{\"@type\":\"EntryPoint\",\"urlTemplate\":\"https:\/\/projekt.vombat.ee\/eco\/?s={search_term_string}\"},\"query-input\":{\"@type\":\"PropertyValueSpecification\",\"valueRequired\":true,\"valueName\":\"search_term_string\"}}],\"inLanguage\":\"en-GB\"},{\"@type\":\"Organization\",\"@id\":\"https:\/\/projekt.vombat.ee\/eco\/#organization\",\"name\":\"Ecocruiser\",\"url\":\"https:\/\/projekt.vombat.ee\/eco\/\",\"logo\":{\"@type\":\"ImageObject\",\"inLanguage\":\"en-GB\",\"@id\":\"https:\/\/projekt.vombat.ee\/eco\/#\/schema\/logo\/image\/\",\"url\":\"https:\/\/projekt.vombat.ee\/eco\/wp-content\/uploads\/2023\/03\/ECOCRUISER_5.png\",\"contentUrl\":\"https:\/\/projekt.vombat.ee\/eco\/wp-content\/uploads\/2023\/03\/ECOCRUISER_5.png\",\"width\":234,\"height\":91,\"caption\":\"Ecocruiser\"},\"image\":{\"@id\":\"https:\/\/projekt.vombat.ee\/eco\/#\/schema\/logo\/image\/\"}}]}<\/script>\n<!-- \/ Yoast SEO plugin. -->","yoast_head_json":{"title":"Jokobike Transfer elektrijalgratas 80-150km - Ecocruiser","description":"Avasta uus tase elektrijalgrattas\u00f5idus koos Jokobike Transferiga! Meie elektrijalgratas pakub sulle suurep\u00e4rast v\u00f5imsust ja mugavust, olles samal ajal ideaalne kaaslane nii linnas\u00f5itudeks kui ka maal seiklemiseks. Olgu tegemist igap\u00e4evase liikumisega v\u00f5i p\u00f5nevate seiklustega, Jokobike Transfer viib sind alati mugavalt ja stiilselt sihtkohta. Tutvu meie valikuga juba t\u00e4na ning alusta uut seiklust!","robots":{"index":"noindex","follow":"follow","max-snippet":"max-snippet:-1","max-image-preview":"max-image-preview:large","max-video-preview":"max-video-preview:-1"},"og_locale":"en_GB","og_type":"article","og_title":"Jokobike Transfer elektrijalgratas 80-150km - Ecocruiser","og_description":"Avasta uus tase elektrijalgrattas\u00f5idus koos Jokobike Transferiga! Meie elektrijalgratas pakub sulle suurep\u00e4rast v\u00f5imsust ja mugavust, olles samal ajal ideaalne kaaslane nii linnas\u00f5itudeks kui ka maal seiklemiseks. Olgu tegemist igap\u00e4evase liikumisega v\u00f5i p\u00f5nevate seiklustega, Jokobike Transfer viib sind alati mugavalt ja stiilselt sihtkohta. Tutvu meie valikuga juba t\u00e4na ning alusta uut seiklust!","og_url":"https:\/\/projekt.vombat.ee\/eco\/pood\/elektrirattad\/linnarattad\/jokobike-transfer-elektrijalgratas\/","og_site_name":"Ecocruiser","article_modified_time":"2024-03-22T09:37:08+00:00","og_image":[{"width":1000,"height":1000,"url":"https:\/\/projekt.vombat.ee\/eco\/wp-content\/uploads\/2024\/03\/Artur-1000x1000-2024-03-21T124336.655.png","type":"image\/png"}],"twitter_card":"summary_large_image","twitter_misc":{"Estimated reading time":"3 minutes"},"schema":{"@context":"https:\/\/schema.org","@graph":[{"@type":"WebPage","@id":"https:\/\/projekt.vombat.ee\/eco\/pood\/elektrirattad\/linnarattad\/jokobike-transfer-elektrijalgratas\/","url":"https:\/\/projekt.vombat.ee\/eco\/pood\/elektrirattad\/linnarattad\/jokobike-transfer-elektrijalgratas\/","name":"Jokobike Transfer elektrijalgratas 80-150km - Ecocruiser","isPartOf":{"@id":"https:\/\/projekt.vombat.ee\/eco\/#website"},"primaryImageOfPage":{"@id":"https:\/\/projekt.vombat.ee\/eco\/pood\/elektrirattad\/linnarattad\/jokobike-transfer-elektrijalgratas\/#primaryimage"},"image":{"@id":"https:\/\/projekt.vombat.ee\/eco\/pood\/elektrirattad\/linnarattad\/jokobike-transfer-elektrijalgratas\/#primaryimage"},"thumbnailUrl":"https:\/\/projekt.vombat.ee\/eco\/wp-content\/uploads\/2024\/03\/Artur-1000x1000-2024-03-21T125000.163-300x300.png","datePublished":"2024-03-22T07:35:00+00:00","dateModified":"2024-03-22T09:37:08+00:00","description":"Avasta uus tase elektrijalgrattas\u00f5idus koos Jokobike Transferiga! Meie elektrijalgratas pakub sulle suurep\u00e4rast v\u00f5imsust ja mugavust, olles samal ajal ideaalne kaaslane nii linnas\u00f5itudeks kui ka maal seiklemiseks. Olgu tegemist igap\u00e4evase liikumisega v\u00f5i p\u00f5nevate seiklustega, Jokobike Transfer viib sind alati mugavalt ja stiilselt sihtkohta. Tutvu meie valikuga juba t\u00e4na ning alusta uut seiklust!","breadcrumb":{"@id":"https:\/\/projekt.vombat.ee\/eco\/pood\/elektrirattad\/linnarattad\/jokobike-transfer-elektrijalgratas\/#breadcrumb"},"inLanguage":"en-GB","potentialAction":[{"@type":"ReadAction","target":["https:\/\/projekt.vombat.ee\/eco\/pood\/elektrirattad\/linnarattad\/jokobike-transfer-elektrijalgratas\/"]}]},{"@type":"ImageObject","inLanguage":"en-GB","@id":"https:\/\/projekt.vombat.ee\/eco\/pood\/elektrirattad\/linnarattad\/jokobike-transfer-elektrijalgratas\/#primaryimage","url":"","contentUrl":""},{"@type":"BreadcrumbList","@id":"https:\/\/projekt.vombat.ee\/eco\/pood\/elektrirattad\/linnarattad\/jokobike-transfer-elektrijalgratas\/#breadcrumb","itemListElement":[{"@type":"ListItem","position":1,"name":"Home","item":"https:\/\/projekt.vombat.ee\/eco\/"},{"@type":"ListItem","position":2,"name":"Pood","item":"https:\/\/projekt.vombat.ee\/eco\/pood\/"},{"@type":"ListItem","position":3,"name":"Jokobike Transfer elektrijalgratas 80-150km"}]},{"@type":"WebSite","@id":"https:\/\/projekt.vombat.ee\/eco\/#website","url":"https:\/\/projekt.vombat.ee\/eco\/","name":"Ecocruiser","description":"","publisher":{"@id":"https:\/\/projekt.vombat.ee\/eco\/#organization"},"potentialAction":[{"@type":"SearchAction","target":{"@type":"EntryPoint","urlTemplate":"https:\/\/projekt.vombat.ee\/eco\/?s={search_term_string}"},"query-input":{"@type":"PropertyValueSpecification","valueRequired":true,"valueName":"search_term_string"}}],"inLanguage":"en-GB"},{"@type":"Organization","@id":"https:\/\/projekt.vombat.ee\/eco\/#organization","name":"Ecocruiser","url":"https:\/\/projekt.vombat.ee\/eco\/","logo":{"@type":"ImageObject","inLanguage":"en-GB","@id":"https:\/\/projekt.vombat.ee\/eco\/#\/schema\/logo\/image\/","url":"https:\/\/projekt.vombat.ee\/eco\/wp-content\/uploads\/2023\/03\/ECOCRUISER_5.png","contentUrl":"https:\/\/projekt.vombat.ee\/eco\/wp-content\/uploads\/2023\/03\/ECOCRUISER_5.png","width":234,"height":91,"caption":"Ecocruiser"},"image":{"@id":"https:\/\/projekt.vombat.ee\/eco\/#\/schema\/logo\/image\/"}}]}},"lang":"et","translations":{"et":15392},"pll_sync_post":[],"_links":{"self":[{"href":"https:\/\/projekt.vombat.ee\/eco\/wp-json\/wp\/v2\/product\/15392"}],"collection":[{"href":"https:\/\/projekt.vombat.ee\/eco\/wp-json\/wp\/v2\/product"}],"about":[{"href":"https:\/\/projekt.vombat.ee\/eco\/wp-json\/wp\/v2\/types\/product"}],"version-history":[{"count":3,"href":"https:\/\/projekt.vombat.ee\/eco\/wp-json\/wp\/v2\/product\/15392\/revisions"}],"predecessor-version":[{"id":15417,"href":"https:\/\/projekt.vombat.ee\/eco\/wp-json\/wp\/v2\/product\/15392\/revisions\/15417"}],"wp:attachment":[{"href":"https:\/\/projekt.vombat.ee\/eco\/wp-json\/wp\/v2\/media?parent=15392"}],"wp:term":[{"taxonomy":"product_cat","embeddable":true,"href":"https:\/\/projekt.vombat.ee\/eco\/wp-json\/wp\/v2\/product_cat?post=15392"},{"taxonomy":"product_tag","embeddable":true,"href":"https:\/\/projekt.vombat.ee\/eco\/wp-json\/wp\/v2\/product_tag?post=15392"}],"curies":[{"name":"wp","href":"https:\/\/api.w.org\/{rel}","templated":true}]}}