{"id":15245,"date":"2024-03-22T14:48:44","date_gmt":"2024-03-22T14:48:44","guid":{"rendered":"https:\/\/projekt.vombat.ee\/eco\/?post_type=product&#038;p=15245"},"modified":"2024-04-30T06:45:51","modified_gmt":"2024-04-30T06:45:51","slug":"elektriline-kolmerattaline-jalgratas-e-trike-80km","status":"publish","type":"product","link":"https:\/\/projekt.vombat.ee\/eco\/pood\/elektrirattad\/kolmerattalised\/elektriline-kolmerattaline-jalgratas-e-trike-80km\/","title":{"rendered":"Elektriline kolmerattaline jalgratas E-Trike, 80km"},"content":{"rendered":"<h3>Elektriline kolmerattaline jalgratas<\/h3>\n<div class=\"youtube responsive-embed wp-embed\"><iframe title=\"\u2b50 e-Trike\u3010Electric tricycle for adults Tricycle of three wheels\u3011\" width=\"1778\" height=\"1000\" src=\"https:\/\/www.youtube.com\/embed\/KOWT3ZMoZDk?feature=oembed&#038;enablejsapi=1&#038;rel=0&#038;showinfo=0&#038;color=white\" frameborder=\"0\" allow=\"accelerometer; autoplay; clipboard-write; encrypted-media; gyroscope; picture-in-picture; web-share\" referrerpolicy=\"strict-origin-when-cross-origin\" allowfullscreen><\/iframe><\/div>\n<p>Esimene asi, mis selle elektrilise kolmerattalise elektriratta puhul silma paistab, on rattad koos kaitsekattega, sest erinevalt teistest mudelitest on esiratas 26&#8243;, samas kui 2 tagaratast on 20&#8243;. See detail on oluline, sest kasutaja \u00fche pedaalil\u00f6\u00f6giga saab kasutaja suurema vahemaa l\u00e4bida ja l\u00fchidalt \u00f6eldes teha pikemaid teekondi l\u00fchema ajaga&#8230; ja v\u00e4iksema vaevaga!<\/p>\n<p>&nbsp;<\/p>\n<p>Mehhaanilisel tasandil t\u00f5stame esile Shimano 6V Revoshift k\u00e4igukastis\u00fcsteemi ja kahekordse ketaspiduri paigutuse m\u00f5lemal 20&#8243; tagarattal ja V-piduri ees. Kroomitud alumiiniumraam on saadaval valge v\u00f5i musta v\u00e4rvi ning seda t\u00e4iendab tagumine korv (51 x 41 x 25 cm.) Testitud kuni 50 kg raskuste transportimiseks.<\/p>\n<p>&nbsp;<\/p>\n<p>Kuid kahtlemata on elektrilise triketi k\u00f5ige t\u00e4helepanuv\u00e4\u00e4rsem asi selle t\u00e4iustatud abistav pedaalimiss\u00fcsteem, mille on v\u00e4lja t\u00f6\u00f6tanud Hispaania firma Fotona Mobility. Selle 250W esiosa harjadeta mootor saavutab 25km\/h ja on heaks kiidetud linnateedel s\u00f5itmiseks, samas kui eemaldatavaid 36V liitiumakusid &#8211; mis on valmistatud Hispaanias ja millel on 3-aastane garantii &#8211; saab vastavalt kasutaja soovile paigutada raami v\u00f5i korvi. Valida saab nelja v\u00f5imsusvariandi vahel ja autonoomia v\u00f5ib ulatuda 80 km kaugusele &#8211; h\u00e4mmastav!<\/p>\n<p>&nbsp;<\/p>\n<p>&nbsp;<\/p>\n","protected":false},"excerpt":{"rendered":"<p>Elektriline kolmerattaline jalgratas E-trike<\/p>\n<p>H\u00f5ljuge l\u00e4bi linna tuulekiirusel &#8211; avastage vabadus ja mugavus <strong>E-trikega<\/strong>!<\/p>\n<p><strong>Omadused:<\/strong><\/p>\n<ul>\n<li>Mootor 250W<\/li>\n<li>Aku(valikuline)<\/li>\n<li>Shimano Revoshift<\/li>\n<li>Max kiirus: 25km\/h<\/li>\n<li>S\u00f5iduulatus kuni 80km<\/li>\n<\/ul>\n<p>\u2666\u00a0<strong>Tarneaeg 2-6 p\u00e4eva<\/strong><br \/>\n\u2666\u00a0<strong>Laos<\/strong><\/p>\n<p><b>Garantii: 2 aastat!<\/b><\/p>\n","protected":false},"featured_media":16698,"template":"","meta":[],"product_cat":[1994,52],"product_tag":[],"class_list":{"0":"post-15245","1":"product","2":"type-product","3":"status-publish","4":"has-post-thumbnail","6":"product_cat-kolmerattalised","7":"product_cat-elektrirattad","9":"first","10":"instock","11":"sale","12":"taxable","13":"shipping-taxable","14":"purchasable","15":"product-type-variable"},"yoast_head":"<!-- This site is optimized with the Yoast SEO plugin v23.8 - https:\/\/yoast.com\/wordpress\/plugins\/seo\/ -->\n<title>Elektriline kolmerattaline jalgratas E-Trike, 80km - Ecocruiser<\/title>\n<meta name=\"description\" content=\"E-trike jalgratas pakub mugavat ja keskkonnas\u00f5bralikku liikumisviisi nii linnas kui ka maal. Varustatud elektrimootoriga, mis v\u00f5imaldab sujuvat ja h\u00f5lpsat s\u00f5itu, muutes selle ideaalseks valikuks nii l\u00fchikesteks linnas\u00f5itudeks kui ka pikkadeks matkadeks. Kolmerattaline disain tagab suurema stabiilsuse ja turvalisuse, samal ajal kui ergonoomiline iste pakub mugavust ka pikematel s\u00f5itudel. E-trike jalgratas on suurep\u00e4rane valik neile, kes hindavad mugavust, mitmek\u00fclgsust ja keskkonnas\u00f5bralikkust oma liikumisvahendis.\" \/>\n<meta name=\"robots\" content=\"noindex, follow, max-snippet:-1, max-image-preview:large, max-video-preview:-1\" \/>\n<meta property=\"og:locale\" content=\"en_GB\" \/>\n<meta property=\"og:type\" content=\"article\" \/>\n<meta property=\"og:title\" content=\"Elektriline kolmerattaline jalgratas E-Trike, 80km - Ecocruiser\" \/>\n<meta property=\"og:description\" content=\"E-trike jalgratas pakub mugavat ja keskkonnas\u00f5bralikku liikumisviisi nii linnas kui ka maal. Varustatud elektrimootoriga, mis v\u00f5imaldab sujuvat ja h\u00f5lpsat s\u00f5itu, muutes selle ideaalseks valikuks nii l\u00fchikesteks linnas\u00f5itudeks kui ka pikkadeks matkadeks. Kolmerattaline disain tagab suurema stabiilsuse ja turvalisuse, samal ajal kui ergonoomiline iste pakub mugavust ka pikematel s\u00f5itudel. E-trike jalgratas on suurep\u00e4rane valik neile, kes hindavad mugavust, mitmek\u00fclgsust ja keskkonnas\u00f5bralikkust oma liikumisvahendis.\" \/>\n<meta property=\"og:url\" content=\"https:\/\/projekt.vombat.ee\/eco\/pood\/elektrirattad\/kolmerattalised\/elektriline-kolmerattaline-jalgratas-e-trike-80km\/\" \/>\n<meta property=\"og:site_name\" content=\"Ecocruiser\" \/>\n<meta property=\"article:modified_time\" content=\"2024-04-30T06:45:51+00:00\" \/>\n<meta property=\"og:image\" content=\"https:\/\/projekt.vombat.ee\/eco\/wp-content\/uploads\/2024\/03\/TRICICLO-ELECTRICO-FOTONA-MOBILITY-1.jpg\" \/>\n\t<meta property=\"og:image:width\" content=\"600\" \/>\n\t<meta property=\"og:image:height\" content=\"600\" \/>\n\t<meta property=\"og:image:type\" content=\"image\/jpeg\" \/>\n<meta name=\"twitter:card\" content=\"summary_large_image\" \/>\n<meta name=\"twitter:label1\" content=\"Estimated reading time\" \/>\n\t<meta name=\"twitter:data1\" content=\"2 minutes\" \/>\n<script type=\"application\/ld+json\" class=\"yoast-schema-graph\">{\"@context\":\"https:\/\/schema.org\",\"@graph\":[{\"@type\":\"WebPage\",\"@id\":\"https:\/\/projekt.vombat.ee\/eco\/pood\/elektrirattad\/kolmerattalised\/elektriline-kolmerattaline-jalgratas-e-trike-80km\/\",\"url\":\"https:\/\/projekt.vombat.ee\/eco\/pood\/elektrirattad\/kolmerattalised\/elektriline-kolmerattaline-jalgratas-e-trike-80km\/\",\"name\":\"Elektriline kolmerattaline jalgratas E-Trike, 80km - Ecocruiser\",\"isPartOf\":{\"@id\":\"https:\/\/projekt.vombat.ee\/eco\/#website\"},\"primaryImageOfPage\":{\"@id\":\"https:\/\/projekt.vombat.ee\/eco\/pood\/elektrirattad\/kolmerattalised\/elektriline-kolmerattaline-jalgratas-e-trike-80km\/#primaryimage\"},\"image\":{\"@id\":\"https:\/\/projekt.vombat.ee\/eco\/pood\/elektrirattad\/kolmerattalised\/elektriline-kolmerattaline-jalgratas-e-trike-80km\/#primaryimage\"},\"thumbnailUrl\":\"https:\/\/projekt.vombat.ee\/eco\/wp-content\/uploads\/2024\/03\/TRICICLO-ELECTRICO-FOTONA-MOBILITY-1.jpg\",\"datePublished\":\"2024-03-22T14:48:44+00:00\",\"dateModified\":\"2024-04-30T06:45:51+00:00\",\"description\":\"E-trike jalgratas pakub mugavat ja keskkonnas\u00f5bralikku liikumisviisi nii linnas kui ka maal. Varustatud elektrimootoriga, mis v\u00f5imaldab sujuvat ja h\u00f5lpsat s\u00f5itu, muutes selle ideaalseks valikuks nii l\u00fchikesteks linnas\u00f5itudeks kui ka pikkadeks matkadeks. Kolmerattaline disain tagab suurema stabiilsuse ja turvalisuse, samal ajal kui ergonoomiline iste pakub mugavust ka pikematel s\u00f5itudel. E-trike jalgratas on suurep\u00e4rane valik neile, kes hindavad mugavust, mitmek\u00fclgsust ja keskkonnas\u00f5bralikkust oma liikumisvahendis.\",\"breadcrumb\":{\"@id\":\"https:\/\/projekt.vombat.ee\/eco\/pood\/elektrirattad\/kolmerattalised\/elektriline-kolmerattaline-jalgratas-e-trike-80km\/#breadcrumb\"},\"inLanguage\":\"en-GB\",\"potentialAction\":[{\"@type\":\"ReadAction\",\"target\":[\"https:\/\/projekt.vombat.ee\/eco\/pood\/elektrirattad\/kolmerattalised\/elektriline-kolmerattaline-jalgratas-e-trike-80km\/\"]}]},{\"@type\":\"ImageObject\",\"inLanguage\":\"en-GB\",\"@id\":\"https:\/\/projekt.vombat.ee\/eco\/pood\/elektrirattad\/kolmerattalised\/elektriline-kolmerattaline-jalgratas-e-trike-80km\/#primaryimage\",\"url\":\"https:\/\/projekt.vombat.ee\/eco\/wp-content\/uploads\/2024\/03\/TRICICLO-ELECTRICO-FOTONA-MOBILITY-1.jpg\",\"contentUrl\":\"https:\/\/projekt.vombat.ee\/eco\/wp-content\/uploads\/2024\/03\/TRICICLO-ELECTRICO-FOTONA-MOBILITY-1.jpg\",\"width\":600,\"height\":600},{\"@type\":\"BreadcrumbList\",\"@id\":\"https:\/\/projekt.vombat.ee\/eco\/pood\/elektrirattad\/kolmerattalised\/elektriline-kolmerattaline-jalgratas-e-trike-80km\/#breadcrumb\",\"itemListElement\":[{\"@type\":\"ListItem\",\"position\":1,\"name\":\"Home\",\"item\":\"https:\/\/projekt.vombat.ee\/eco\/\"},{\"@type\":\"ListItem\",\"position\":2,\"name\":\"Pood\",\"item\":\"https:\/\/projekt.vombat.ee\/eco\/pood\/\"},{\"@type\":\"ListItem\",\"position\":3,\"name\":\"Elektriline kolmerattaline jalgratas E-Trike, 80km\"}]},{\"@type\":\"WebSite\",\"@id\":\"https:\/\/projekt.vombat.ee\/eco\/#website\",\"url\":\"https:\/\/projekt.vombat.ee\/eco\/\",\"name\":\"Ecocruiser\",\"description\":\"\",\"publisher\":{\"@id\":\"https:\/\/projekt.vombat.ee\/eco\/#organization\"},\"potentialAction\":[{\"@type\":\"SearchAction\",\"target\":{\"@type\":\"EntryPoint\",\"urlTemplate\":\"https:\/\/projekt.vombat.ee\/eco\/?s={search_term_string}\"},\"query-input\":{\"@type\":\"PropertyValueSpecification\",\"valueRequired\":true,\"valueName\":\"search_term_string\"}}],\"inLanguage\":\"en-GB\"},{\"@type\":\"Organization\",\"@id\":\"https:\/\/projekt.vombat.ee\/eco\/#organization\",\"name\":\"Ecocruiser\",\"url\":\"https:\/\/projekt.vombat.ee\/eco\/\",\"logo\":{\"@type\":\"ImageObject\",\"inLanguage\":\"en-GB\",\"@id\":\"https:\/\/projekt.vombat.ee\/eco\/#\/schema\/logo\/image\/\",\"url\":\"https:\/\/projekt.vombat.ee\/eco\/wp-content\/uploads\/2023\/03\/ECOCRUISER_5.png\",\"contentUrl\":\"https:\/\/projekt.vombat.ee\/eco\/wp-content\/uploads\/2023\/03\/ECOCRUISER_5.png\",\"width\":234,\"height\":91,\"caption\":\"Ecocruiser\"},\"image\":{\"@id\":\"https:\/\/projekt.vombat.ee\/eco\/#\/schema\/logo\/image\/\"}}]}<\/script>\n<!-- \/ Yoast SEO plugin. -->","yoast_head_json":{"title":"Elektriline kolmerattaline jalgratas E-Trike, 80km - Ecocruiser","description":"E-trike jalgratas pakub mugavat ja keskkonnas\u00f5bralikku liikumisviisi nii linnas kui ka maal. Varustatud elektrimootoriga, mis v\u00f5imaldab sujuvat ja h\u00f5lpsat s\u00f5itu, muutes selle ideaalseks valikuks nii l\u00fchikesteks linnas\u00f5itudeks kui ka pikkadeks matkadeks. Kolmerattaline disain tagab suurema stabiilsuse ja turvalisuse, samal ajal kui ergonoomiline iste pakub mugavust ka pikematel s\u00f5itudel. E-trike jalgratas on suurep\u00e4rane valik neile, kes hindavad mugavust, mitmek\u00fclgsust ja keskkonnas\u00f5bralikkust oma liikumisvahendis.","robots":{"index":"noindex","follow":"follow","max-snippet":"max-snippet:-1","max-image-preview":"max-image-preview:large","max-video-preview":"max-video-preview:-1"},"og_locale":"en_GB","og_type":"article","og_title":"Elektriline kolmerattaline jalgratas E-Trike, 80km - Ecocruiser","og_description":"E-trike jalgratas pakub mugavat ja keskkonnas\u00f5bralikku liikumisviisi nii linnas kui ka maal. Varustatud elektrimootoriga, mis v\u00f5imaldab sujuvat ja h\u00f5lpsat s\u00f5itu, muutes selle ideaalseks valikuks nii l\u00fchikesteks linnas\u00f5itudeks kui ka pikkadeks matkadeks. Kolmerattaline disain tagab suurema stabiilsuse ja turvalisuse, samal ajal kui ergonoomiline iste pakub mugavust ka pikematel s\u00f5itudel. E-trike jalgratas on suurep\u00e4rane valik neile, kes hindavad mugavust, mitmek\u00fclgsust ja keskkonnas\u00f5bralikkust oma liikumisvahendis.","og_url":"https:\/\/projekt.vombat.ee\/eco\/pood\/elektrirattad\/kolmerattalised\/elektriline-kolmerattaline-jalgratas-e-trike-80km\/","og_site_name":"Ecocruiser","article_modified_time":"2024-04-30T06:45:51+00:00","og_image":[{"width":600,"height":600,"url":"https:\/\/projekt.vombat.ee\/eco\/wp-content\/uploads\/2024\/03\/TRICICLO-ELECTRICO-FOTONA-MOBILITY-1.jpg","type":"image\/jpeg"}],"twitter_card":"summary_large_image","twitter_misc":{"Estimated reading time":"2 minutes"},"schema":{"@context":"https:\/\/schema.org","@graph":[{"@type":"WebPage","@id":"https:\/\/projekt.vombat.ee\/eco\/pood\/elektrirattad\/kolmerattalised\/elektriline-kolmerattaline-jalgratas-e-trike-80km\/","url":"https:\/\/projekt.vombat.ee\/eco\/pood\/elektrirattad\/kolmerattalised\/elektriline-kolmerattaline-jalgratas-e-trike-80km\/","name":"Elektriline kolmerattaline jalgratas E-Trike, 80km - Ecocruiser","isPartOf":{"@id":"https:\/\/projekt.vombat.ee\/eco\/#website"},"primaryImageOfPage":{"@id":"https:\/\/projekt.vombat.ee\/eco\/pood\/elektrirattad\/kolmerattalised\/elektriline-kolmerattaline-jalgratas-e-trike-80km\/#primaryimage"},"image":{"@id":"https:\/\/projekt.vombat.ee\/eco\/pood\/elektrirattad\/kolmerattalised\/elektriline-kolmerattaline-jalgratas-e-trike-80km\/#primaryimage"},"thumbnailUrl":"https:\/\/projekt.vombat.ee\/eco\/wp-content\/uploads\/2024\/03\/TRICICLO-ELECTRICO-FOTONA-MOBILITY-1.jpg","datePublished":"2024-03-22T14:48:44+00:00","dateModified":"2024-04-30T06:45:51+00:00","description":"E-trike jalgratas pakub mugavat ja keskkonnas\u00f5bralikku liikumisviisi nii linnas kui ka maal. Varustatud elektrimootoriga, mis v\u00f5imaldab sujuvat ja h\u00f5lpsat s\u00f5itu, muutes selle ideaalseks valikuks nii l\u00fchikesteks linnas\u00f5itudeks kui ka pikkadeks matkadeks. Kolmerattaline disain tagab suurema stabiilsuse ja turvalisuse, samal ajal kui ergonoomiline iste pakub mugavust ka pikematel s\u00f5itudel. E-trike jalgratas on suurep\u00e4rane valik neile, kes hindavad mugavust, mitmek\u00fclgsust ja keskkonnas\u00f5bralikkust oma liikumisvahendis.","breadcrumb":{"@id":"https:\/\/projekt.vombat.ee\/eco\/pood\/elektrirattad\/kolmerattalised\/elektriline-kolmerattaline-jalgratas-e-trike-80km\/#breadcrumb"},"inLanguage":"en-GB","potentialAction":[{"@type":"ReadAction","target":["https:\/\/projekt.vombat.ee\/eco\/pood\/elektrirattad\/kolmerattalised\/elektriline-kolmerattaline-jalgratas-e-trike-80km\/"]}]},{"@type":"ImageObject","inLanguage":"en-GB","@id":"https:\/\/projekt.vombat.ee\/eco\/pood\/elektrirattad\/kolmerattalised\/elektriline-kolmerattaline-jalgratas-e-trike-80km\/#primaryimage","url":"https:\/\/projekt.vombat.ee\/eco\/wp-content\/uploads\/2024\/03\/TRICICLO-ELECTRICO-FOTONA-MOBILITY-1.jpg","contentUrl":"https:\/\/projekt.vombat.ee\/eco\/wp-content\/uploads\/2024\/03\/TRICICLO-ELECTRICO-FOTONA-MOBILITY-1.jpg","width":600,"height":600},{"@type":"BreadcrumbList","@id":"https:\/\/projekt.vombat.ee\/eco\/pood\/elektrirattad\/kolmerattalised\/elektriline-kolmerattaline-jalgratas-e-trike-80km\/#breadcrumb","itemListElement":[{"@type":"ListItem","position":1,"name":"Home","item":"https:\/\/projekt.vombat.ee\/eco\/"},{"@type":"ListItem","position":2,"name":"Pood","item":"https:\/\/projekt.vombat.ee\/eco\/pood\/"},{"@type":"ListItem","position":3,"name":"Elektriline kolmerattaline jalgratas E-Trike, 80km"}]},{"@type":"WebSite","@id":"https:\/\/projekt.vombat.ee\/eco\/#website","url":"https:\/\/projekt.vombat.ee\/eco\/","name":"Ecocruiser","description":"","publisher":{"@id":"https:\/\/projekt.vombat.ee\/eco\/#organization"},"potentialAction":[{"@type":"SearchAction","target":{"@type":"EntryPoint","urlTemplate":"https:\/\/projekt.vombat.ee\/eco\/?s={search_term_string}"},"query-input":{"@type":"PropertyValueSpecification","valueRequired":true,"valueName":"search_term_string"}}],"inLanguage":"en-GB"},{"@type":"Organization","@id":"https:\/\/projekt.vombat.ee\/eco\/#organization","name":"Ecocruiser","url":"https:\/\/projekt.vombat.ee\/eco\/","logo":{"@type":"ImageObject","inLanguage":"en-GB","@id":"https:\/\/projekt.vombat.ee\/eco\/#\/schema\/logo\/image\/","url":"https:\/\/projekt.vombat.ee\/eco\/wp-content\/uploads\/2023\/03\/ECOCRUISER_5.png","contentUrl":"https:\/\/projekt.vombat.ee\/eco\/wp-content\/uploads\/2023\/03\/ECOCRUISER_5.png","width":234,"height":91,"caption":"Ecocruiser"},"image":{"@id":"https:\/\/projekt.vombat.ee\/eco\/#\/schema\/logo\/image\/"}}]}},"lang":"et","translations":{"et":15245},"pll_sync_post":[],"_links":{"self":[{"href":"https:\/\/projekt.vombat.ee\/eco\/wp-json\/wp\/v2\/product\/15245"}],"collection":[{"href":"https:\/\/projekt.vombat.ee\/eco\/wp-json\/wp\/v2\/product"}],"about":[{"href":"https:\/\/projekt.vombat.ee\/eco\/wp-json\/wp\/v2\/types\/product"}],"version-history":[{"count":3,"href":"https:\/\/projekt.vombat.ee\/eco\/wp-json\/wp\/v2\/product\/15245\/revisions"}],"predecessor-version":[{"id":16699,"href":"https:\/\/projekt.vombat.ee\/eco\/wp-json\/wp\/v2\/product\/15245\/revisions\/16699"}],"wp:featuredmedia":[{"embeddable":true,"href":"https:\/\/projekt.vombat.ee\/eco\/wp-json\/wp\/v2\/media\/16698"}],"wp:attachment":[{"href":"https:\/\/projekt.vombat.ee\/eco\/wp-json\/wp\/v2\/media?parent=15245"}],"wp:term":[{"taxonomy":"product_cat","embeddable":true,"href":"https:\/\/projekt.vombat.ee\/eco\/wp-json\/wp\/v2\/product_cat?post=15245"},{"taxonomy":"product_tag","embeddable":true,"href":"https:\/\/projekt.vombat.ee\/eco\/wp-json\/wp\/v2\/product_tag?post=15245"}],"curies":[{"name":"wp","href":"https:\/\/api.w.org\/{rel}","templated":true}]}}