{"id":15118,"date":"2024-03-10T02:19:19","date_gmt":"2024-03-10T02:19:19","guid":{"rendered":"https:\/\/projekt.vombat.ee\/eco\/?post_type=product&#038;p=15118"},"modified":"2024-04-21T12:46:56","modified_gmt":"2024-04-21T12:46:56","slug":"zipforce-slim-elektrijalgratta-komplekt","status":"publish","type":"product","link":"https:\/\/projekt.vombat.ee\/eco\/pood\/elektrirattad\/elektrijalgratta-komplekt\/zipforce-slim-elektrijalgratta-komplekt\/","title":{"rendered":"Zipforce Slim Elektrijalgratta komplekt, 50km"},"content":{"rendered":"<div class=\"youtube responsive-embed wp-embed\"><iframe title=\"What is Zipforce?\" width=\"1778\" height=\"1000\" src=\"https:\/\/www.youtube.com\/embed\/KDuCVnezKbA?feature=oembed&#038;enablejsapi=1&#038;rel=0&#038;showinfo=0&#038;color=white\" frameborder=\"0\" allow=\"accelerometer; autoplay; clipboard-write; encrypted-media; gyroscope; picture-in-picture; web-share\" referrerpolicy=\"strict-origin-when-cross-origin\" allowfullscreen><\/iframe><\/div>\n<p>Zipforce Slim on uue p\u00f5lvkonna e-rattakomplekt, millega saad oma jalgratta \u00fcmber ehitada e-rattaks. T\u00e4islaetud aku kestab umbes 50 km. T\u00e4nu uuele andurile paigaldatud pedaalivarrele on paigaldus palju kiirem kui varem.<\/p>\n<p>K\u00f5ik Zipforce&#8217;iga elektriliseks s\u00f5itmiseks vajalik on kaasas &#8211; mootor, aku, laadija, juhtmevaba pedaaliandur ja jalgrattakinnitus.<\/p>\n<h3>Kuidas Zipforce t\u00f6\u00f6tab?<\/h3>\n<p>Juhtmevaba pedaaliandur aktiveerub, kui te v\u00e4ntate ja mootor pakub abi. <strong>Zipforce&#8217;iga<\/strong> saate s\u00f5ita kuni 25 km\/h, mis on elektrirataste puhul lubatud maksimaalne kiirus. <strong>Zipforce&#8217;il<\/strong> on reguleeritav abitase, mis v\u00f5imaldab teil m\u00e4\u00e4rata, kui palju soovite, et see aitaks jalgratast liikuma panna. Taset saab muuta astmeliselt mootoril oleva reguleerija abil v\u00f5i <strong>Zipforce&#8217;i<\/strong> mobiilirakenduse kaudu.<\/p>\n<p>Elektrimootorit on lihtne eemaldada ja kinnitada. Sa otsustad, kas soovid jalgrattaga s\u00f5ita omal j\u00f5ul v\u00f5i soovid kasutada abi.<\/p>\n<h3>Nutikad funktsioonid<\/h3>\n<p>L\u00fclitage pidurdusv\u00f5imsuse taastamine sisse ja laadige akut allam\u00e4ge s\u00f5ites, s\u00e4\u00e4stes nii energiat kui ka keskkonda.<br \/>\nK\u00f5igis <strong>Zipforce&#8217;is<\/strong> on sisseehitatud valgus.<\/p>\n<h3>Paigaldamine &#8211; valige esi- ja tagaratta vahel<\/h3>\n<p><strong>Zipforce Slim<\/strong>\u00a0on varustatud juhtmevaba pedaalianduriga. K\u00f5ige tavalisem on paigaldada jalgrattakinnitus esiratta kohale. Mudakaitsmed ja pakihoidja on tavaliselt tagaratta peal. Tagarattale paigaldamiseks l\u00fclitage rakenduses lihtsalt &#8220;Tagurpidi re\u017eiim&#8221; sisse, et elektrimootor s\u00f5idaks \u00f5iges suunas.<\/p>\n<h3>App<\/h3>\n<p><strong>Zipforce&#8217;i<\/strong> rakendus v\u00f5imaldab teil vaadata statistikat ja teha oma Zipforce&#8217;i seadistusi. Rakendus on tasuta nii Androidi kui ka iOSi kasutajatele.<\/p>\n<p><img fetchpriority=\"high\" decoding=\"async\" class=\"\" src=\"https:\/\/zipforce.de\/wp-content\/uploads\/2023\/10\/Zipforce-app-flowers_9d1a4c13-dae5-4af3-b8d4-1d38a5d27238.jpg\" width=\"734\" height=\"734\" \/><\/p>\n<h3>Kuidas Zipforce&#8217;i paigaldada?<\/h3>\n<div style=\"width: 1920px;\" class=\"wp-video\"><!--[if lt IE 9]><script>document.createElement('video');<\/script><![endif]-->\n<video class=\"wp-video-shortcode\" id=\"video-15118-1\" width=\"1920\" height=\"1080\" preload=\"metadata\" controls=\"controls\"><source type=\"video\/mp4\" src=\"https:\/\/projekt.vombat.ee\/eco\/wp-content\/uploads\/2024\/03\/Snabb_montering_123_2.mp4?_=1\" \/><a href=\"https:\/\/projekt.vombat.ee\/eco\/wp-content\/uploads\/2024\/03\/Snabb_montering_123_2.mp4\">https:\/\/projekt.vombat.ee\/eco\/wp-content\/uploads\/2024\/03\/Snabb_montering_123_2.mp4<\/a><\/video><\/div>\n<h3>Kas Zipforce sobib minu rattaga?<\/h3>\n<p>Zipforce&#8217;i saab paigaldada enamikule jalgratastele, m\u00f5ned mudelid v\u00f5ivad vajada rohkem muudatusi kui teised. Kinnitate Zipforce&#8217;i esi- v\u00f5i tagarattale, kasutades meie ainulaadset kiirkinnitust, see on v\u00e4lja t\u00f6\u00f6tatud nii, et see sobiks v\u00f5imalikult paljudele jalgratastele.<\/p>\n<p>Zipforce t\u00f6\u00f6tab k\u00f5ige paremini maanteerattas\u00f5iduks m\u00f5eldud suhteliselt siledate rehvidega, kuid seda saab kasutada ka j\u00e4medama mustriga rehvidega, kui keskosa on \u00fcle rehvi \u00fchtlane. Kasutada v\u00f5ib naastrehve eeldusel, et naastud on ainult rehvi k\u00fclgedel. Oluline on, et naastud ei puutuks kokku veorattaga, kuna Zipforce\u2019i veoratas kulub siis kiiresti.<\/p>\n<h3>Kuidas Zipforce t\u00f6\u00f6tab?<\/h3>\n<p>Seade pakub abi ainult siis, kui pedaalite edasi ja pedaaliandur tuvastab teie pedaalide liikumise. Mootori abitaseme m\u00e4\u00e4rate seadmel asuva kruviregulaatoriga. Kui saavutate kiiruse 25 km\/h, l\u00fclitub abi automaatselt v\u00e4lja, kuid suuremal kiirusel saate ikkagi oma j\u00f5ul ratta pedaalida.<\/p>\n<h3>Kui kaua aku vastu peab?<\/h3>\n<p>Slim mudelil maksimaalne s\u00f5iduulatus on 50 km ja Distance mudelil 70 km. Zipforce on varustatud ka regeneratiivpidurdusega, mis tagab kerge mootoripidurduse, laadides samal ajal akut.<\/p>\n<h3>Kui kiiresti Zipforce t\u00f6\u00f6tab?<\/h3>\n<p>Zipforce pakub abi kuni 25 km\/h, nii nagu teisedki e-jalgrattad on seadusega piiratud. P\u00e4rast 25 km\/h mootor lakkab t\u00f6\u00f6tamast, kuid suuremal kiirusel saate ise ratta pedaalida.<\/p>\n<h3>Kui pikk on laadimisaeg?<\/h3>\n<p>T\u00e4ielikult t\u00fchjenenud aku laadimiseks kaasasoleva laadijaga kulub kuni 4 tundi.<\/p>\n<h3>Millised garantiid Zipforce&#8217;iga kaasnevad?<\/h3>\n<p>Zipforce on kaheaastane garantii.<\/p>\n","protected":false},"excerpt":{"rendered":"<p>Tee oma jalgratas elektriliseks, muutes enda s\u00f5it mugavamaks ja l\u00f5busamaks.<\/p>\n<p>Avasta Zipforce elektrilise rattakomplekti valik ja naudi sujuvat s\u00f5itu igal teekonnal!<\/p>\n<p><strong>Omadused:<\/strong><\/p>\n<ul>\n<li>Mootor 250W<\/li>\n<li>22V 9.6Ah aku<\/li>\n<li>Laadimisaeg ca 2.5h<\/li>\n<li>Max kiirus: 25km\/h<\/li>\n<li>S\u00f5iduulatus max 50km<\/li>\n<\/ul>\n<p>\u2666\u00a0<strong>Tarneaeg 2-6 p\u00e4eva<\/strong><br \/>\n\u2666\u00a0<strong>Laos<\/strong><\/p>\n<p><b>Garantii: 2 aastat!<\/b><\/p>\n<p><span style=\"color: #3366ff;\"><a style=\"color: #3366ff;\" href=\"https:\/\/projekt.vombat.ee\/eco\/wp-content\/uploads\/2024\/03\/Manual-ZF-Slim-EN-2022-08-17.pdf\">Manuaal<\/a><\/span><\/p>\n","protected":false},"featured_media":16340,"template":"","meta":[],"product_cat":[1990,52],"product_tag":[],"class_list":{"0":"post-15118","1":"product","2":"type-product","3":"status-publish","4":"has-post-thumbnail","6":"product_cat-elektrijalgratta-komplekt","7":"product_cat-elektrirattad","9":"first","10":"instock","11":"sale","12":"taxable","13":"shipping-taxable","14":"purchasable","15":"product-type-variable"},"yoast_head":"<!-- This site is optimized with the Yoast SEO plugin v23.8 - https:\/\/yoast.com\/wordpress\/plugins\/seo\/ -->\n<title>Zipforce Slim Elektrijalgratta komplekt, 50km - Ecocruiser<\/title>\n<meta name=\"description\" content=\"Zipforce Slim - T\u00f5hus ja kompaktne elektriline rattakomplekt, mis muudab iga jalgratta kiireks ja mugavaks elektris\u00f5idukiks. Naudi sujuvat s\u00f5itu ilma pingutuseta - avasta meie valikut ja uuenda oma s\u00f5iduelamust juba t\u00e4na!\" \/>\n<meta name=\"robots\" content=\"noindex, follow, max-snippet:-1, max-image-preview:large, max-video-preview:-1\" \/>\n<meta property=\"og:locale\" content=\"en_GB\" \/>\n<meta property=\"og:type\" content=\"article\" \/>\n<meta property=\"og:title\" content=\"Zipforce Slim Elektrijalgratta komplekt, 50km - Ecocruiser\" \/>\n<meta property=\"og:description\" content=\"Zipforce Slim - T\u00f5hus ja kompaktne elektriline rattakomplekt, mis muudab iga jalgratta kiireks ja mugavaks elektris\u00f5idukiks. Naudi sujuvat s\u00f5itu ilma pingutuseta - avasta meie valikut ja uuenda oma s\u00f5iduelamust juba t\u00e4na!\" \/>\n<meta property=\"og:url\" content=\"https:\/\/projekt.vombat.ee\/eco\/pood\/elektrirattad\/elektrijalgratta-komplekt\/zipforce-slim-elektrijalgratta-komplekt\/\" \/>\n<meta property=\"og:site_name\" content=\"Ecocruiser\" \/>\n<meta property=\"article:modified_time\" content=\"2024-04-21T12:46:56+00:00\" \/>\n<meta property=\"og:image\" content=\"https:\/\/projekt.vombat.ee\/eco\/wp-content\/uploads\/2024\/03\/Artur-1000x1000-22-1.png\" \/>\n\t<meta property=\"og:image:width\" content=\"1000\" \/>\n\t<meta property=\"og:image:height\" content=\"1000\" \/>\n\t<meta property=\"og:image:type\" content=\"image\/png\" \/>\n<meta name=\"twitter:card\" content=\"summary_large_image\" \/>\n<meta name=\"twitter:label1\" content=\"Estimated reading time\" \/>\n\t<meta name=\"twitter:data1\" content=\"3 minutes\" \/>\n<script type=\"application\/ld+json\" class=\"yoast-schema-graph\">{\"@context\":\"https:\/\/schema.org\",\"@graph\":[{\"@type\":\"WebPage\",\"@id\":\"https:\/\/projekt.vombat.ee\/eco\/pood\/elektrirattad\/elektrijalgratta-komplekt\/zipforce-slim-elektrijalgratta-komplekt\/\",\"url\":\"https:\/\/projekt.vombat.ee\/eco\/pood\/elektrirattad\/elektrijalgratta-komplekt\/zipforce-slim-elektrijalgratta-komplekt\/\",\"name\":\"Zipforce Slim Elektrijalgratta komplekt, 50km - Ecocruiser\",\"isPartOf\":{\"@id\":\"https:\/\/projekt.vombat.ee\/eco\/#website\"},\"primaryImageOfPage\":{\"@id\":\"https:\/\/projekt.vombat.ee\/eco\/pood\/elektrirattad\/elektrijalgratta-komplekt\/zipforce-slim-elektrijalgratta-komplekt\/#primaryimage\"},\"image\":{\"@id\":\"https:\/\/projekt.vombat.ee\/eco\/pood\/elektrirattad\/elektrijalgratta-komplekt\/zipforce-slim-elektrijalgratta-komplekt\/#primaryimage\"},\"thumbnailUrl\":\"https:\/\/projekt.vombat.ee\/eco\/wp-content\/uploads\/2024\/03\/Artur-1000x1000-22-1.png\",\"datePublished\":\"2024-03-10T02:19:19+00:00\",\"dateModified\":\"2024-04-21T12:46:56+00:00\",\"description\":\"Zipforce Slim - T\u00f5hus ja kompaktne elektriline rattakomplekt, mis muudab iga jalgratta kiireks ja mugavaks elektris\u00f5idukiks. Naudi sujuvat s\u00f5itu ilma pingutuseta - avasta meie valikut ja uuenda oma s\u00f5iduelamust juba t\u00e4na!\",\"breadcrumb\":{\"@id\":\"https:\/\/projekt.vombat.ee\/eco\/pood\/elektrirattad\/elektrijalgratta-komplekt\/zipforce-slim-elektrijalgratta-komplekt\/#breadcrumb\"},\"inLanguage\":\"en-GB\",\"potentialAction\":[{\"@type\":\"ReadAction\",\"target\":[\"https:\/\/projekt.vombat.ee\/eco\/pood\/elektrirattad\/elektrijalgratta-komplekt\/zipforce-slim-elektrijalgratta-komplekt\/\"]}]},{\"@type\":\"ImageObject\",\"inLanguage\":\"en-GB\",\"@id\":\"https:\/\/projekt.vombat.ee\/eco\/pood\/elektrirattad\/elektrijalgratta-komplekt\/zipforce-slim-elektrijalgratta-komplekt\/#primaryimage\",\"url\":\"https:\/\/projekt.vombat.ee\/eco\/wp-content\/uploads\/2024\/03\/Artur-1000x1000-22-1.png\",\"contentUrl\":\"https:\/\/projekt.vombat.ee\/eco\/wp-content\/uploads\/2024\/03\/Artur-1000x1000-22-1.png\",\"width\":1000,\"height\":1000},{\"@type\":\"BreadcrumbList\",\"@id\":\"https:\/\/projekt.vombat.ee\/eco\/pood\/elektrirattad\/elektrijalgratta-komplekt\/zipforce-slim-elektrijalgratta-komplekt\/#breadcrumb\",\"itemListElement\":[{\"@type\":\"ListItem\",\"position\":1,\"name\":\"Home\",\"item\":\"https:\/\/projekt.vombat.ee\/eco\/\"},{\"@type\":\"ListItem\",\"position\":2,\"name\":\"Pood\",\"item\":\"https:\/\/projekt.vombat.ee\/eco\/pood\/\"},{\"@type\":\"ListItem\",\"position\":3,\"name\":\"Zipforce Slim Elektrijalgratta komplekt, 50km\"}]},{\"@type\":\"WebSite\",\"@id\":\"https:\/\/projekt.vombat.ee\/eco\/#website\",\"url\":\"https:\/\/projekt.vombat.ee\/eco\/\",\"name\":\"Ecocruiser\",\"description\":\"\",\"publisher\":{\"@id\":\"https:\/\/projekt.vombat.ee\/eco\/#organization\"},\"potentialAction\":[{\"@type\":\"SearchAction\",\"target\":{\"@type\":\"EntryPoint\",\"urlTemplate\":\"https:\/\/projekt.vombat.ee\/eco\/?s={search_term_string}\"},\"query-input\":{\"@type\":\"PropertyValueSpecification\",\"valueRequired\":true,\"valueName\":\"search_term_string\"}}],\"inLanguage\":\"en-GB\"},{\"@type\":\"Organization\",\"@id\":\"https:\/\/projekt.vombat.ee\/eco\/#organization\",\"name\":\"Ecocruiser\",\"url\":\"https:\/\/projekt.vombat.ee\/eco\/\",\"logo\":{\"@type\":\"ImageObject\",\"inLanguage\":\"en-GB\",\"@id\":\"https:\/\/projekt.vombat.ee\/eco\/#\/schema\/logo\/image\/\",\"url\":\"https:\/\/projekt.vombat.ee\/eco\/wp-content\/uploads\/2023\/03\/ECOCRUISER_5.png\",\"contentUrl\":\"https:\/\/projekt.vombat.ee\/eco\/wp-content\/uploads\/2023\/03\/ECOCRUISER_5.png\",\"width\":234,\"height\":91,\"caption\":\"Ecocruiser\"},\"image\":{\"@id\":\"https:\/\/projekt.vombat.ee\/eco\/#\/schema\/logo\/image\/\"}}]}<\/script>\n<!-- \/ Yoast SEO plugin. -->","yoast_head_json":{"title":"Zipforce Slim Elektrijalgratta komplekt, 50km - Ecocruiser","description":"Zipforce Slim - T\u00f5hus ja kompaktne elektriline rattakomplekt, mis muudab iga jalgratta kiireks ja mugavaks elektris\u00f5idukiks. Naudi sujuvat s\u00f5itu ilma pingutuseta - avasta meie valikut ja uuenda oma s\u00f5iduelamust juba t\u00e4na!","robots":{"index":"noindex","follow":"follow","max-snippet":"max-snippet:-1","max-image-preview":"max-image-preview:large","max-video-preview":"max-video-preview:-1"},"og_locale":"en_GB","og_type":"article","og_title":"Zipforce Slim Elektrijalgratta komplekt, 50km - Ecocruiser","og_description":"Zipforce Slim - T\u00f5hus ja kompaktne elektriline rattakomplekt, mis muudab iga jalgratta kiireks ja mugavaks elektris\u00f5idukiks. Naudi sujuvat s\u00f5itu ilma pingutuseta - avasta meie valikut ja uuenda oma s\u00f5iduelamust juba t\u00e4na!","og_url":"https:\/\/projekt.vombat.ee\/eco\/pood\/elektrirattad\/elektrijalgratta-komplekt\/zipforce-slim-elektrijalgratta-komplekt\/","og_site_name":"Ecocruiser","article_modified_time":"2024-04-21T12:46:56+00:00","og_image":[{"width":1000,"height":1000,"url":"https:\/\/projekt.vombat.ee\/eco\/wp-content\/uploads\/2024\/03\/Artur-1000x1000-22-1.png","type":"image\/png"}],"twitter_card":"summary_large_image","twitter_misc":{"Estimated reading time":"3 minutes"},"schema":{"@context":"https:\/\/schema.org","@graph":[{"@type":"WebPage","@id":"https:\/\/projekt.vombat.ee\/eco\/pood\/elektrirattad\/elektrijalgratta-komplekt\/zipforce-slim-elektrijalgratta-komplekt\/","url":"https:\/\/projekt.vombat.ee\/eco\/pood\/elektrirattad\/elektrijalgratta-komplekt\/zipforce-slim-elektrijalgratta-komplekt\/","name":"Zipforce Slim Elektrijalgratta komplekt, 50km - Ecocruiser","isPartOf":{"@id":"https:\/\/projekt.vombat.ee\/eco\/#website"},"primaryImageOfPage":{"@id":"https:\/\/projekt.vombat.ee\/eco\/pood\/elektrirattad\/elektrijalgratta-komplekt\/zipforce-slim-elektrijalgratta-komplekt\/#primaryimage"},"image":{"@id":"https:\/\/projekt.vombat.ee\/eco\/pood\/elektrirattad\/elektrijalgratta-komplekt\/zipforce-slim-elektrijalgratta-komplekt\/#primaryimage"},"thumbnailUrl":"https:\/\/projekt.vombat.ee\/eco\/wp-content\/uploads\/2024\/03\/Artur-1000x1000-22-1.png","datePublished":"2024-03-10T02:19:19+00:00","dateModified":"2024-04-21T12:46:56+00:00","description":"Zipforce Slim - T\u00f5hus ja kompaktne elektriline rattakomplekt, mis muudab iga jalgratta kiireks ja mugavaks elektris\u00f5idukiks. Naudi sujuvat s\u00f5itu ilma pingutuseta - avasta meie valikut ja uuenda oma s\u00f5iduelamust juba t\u00e4na!","breadcrumb":{"@id":"https:\/\/projekt.vombat.ee\/eco\/pood\/elektrirattad\/elektrijalgratta-komplekt\/zipforce-slim-elektrijalgratta-komplekt\/#breadcrumb"},"inLanguage":"en-GB","potentialAction":[{"@type":"ReadAction","target":["https:\/\/projekt.vombat.ee\/eco\/pood\/elektrirattad\/elektrijalgratta-komplekt\/zipforce-slim-elektrijalgratta-komplekt\/"]}]},{"@type":"ImageObject","inLanguage":"en-GB","@id":"https:\/\/projekt.vombat.ee\/eco\/pood\/elektrirattad\/elektrijalgratta-komplekt\/zipforce-slim-elektrijalgratta-komplekt\/#primaryimage","url":"https:\/\/projekt.vombat.ee\/eco\/wp-content\/uploads\/2024\/03\/Artur-1000x1000-22-1.png","contentUrl":"https:\/\/projekt.vombat.ee\/eco\/wp-content\/uploads\/2024\/03\/Artur-1000x1000-22-1.png","width":1000,"height":1000},{"@type":"BreadcrumbList","@id":"https:\/\/projekt.vombat.ee\/eco\/pood\/elektrirattad\/elektrijalgratta-komplekt\/zipforce-slim-elektrijalgratta-komplekt\/#breadcrumb","itemListElement":[{"@type":"ListItem","position":1,"name":"Home","item":"https:\/\/projekt.vombat.ee\/eco\/"},{"@type":"ListItem","position":2,"name":"Pood","item":"https:\/\/projekt.vombat.ee\/eco\/pood\/"},{"@type":"ListItem","position":3,"name":"Zipforce Slim Elektrijalgratta komplekt, 50km"}]},{"@type":"WebSite","@id":"https:\/\/projekt.vombat.ee\/eco\/#website","url":"https:\/\/projekt.vombat.ee\/eco\/","name":"Ecocruiser","description":"","publisher":{"@id":"https:\/\/projekt.vombat.ee\/eco\/#organization"},"potentialAction":[{"@type":"SearchAction","target":{"@type":"EntryPoint","urlTemplate":"https:\/\/projekt.vombat.ee\/eco\/?s={search_term_string}"},"query-input":{"@type":"PropertyValueSpecification","valueRequired":true,"valueName":"search_term_string"}}],"inLanguage":"en-GB"},{"@type":"Organization","@id":"https:\/\/projekt.vombat.ee\/eco\/#organization","name":"Ecocruiser","url":"https:\/\/projekt.vombat.ee\/eco\/","logo":{"@type":"ImageObject","inLanguage":"en-GB","@id":"https:\/\/projekt.vombat.ee\/eco\/#\/schema\/logo\/image\/","url":"https:\/\/projekt.vombat.ee\/eco\/wp-content\/uploads\/2023\/03\/ECOCRUISER_5.png","contentUrl":"https:\/\/projekt.vombat.ee\/eco\/wp-content\/uploads\/2023\/03\/ECOCRUISER_5.png","width":234,"height":91,"caption":"Ecocruiser"},"image":{"@id":"https:\/\/projekt.vombat.ee\/eco\/#\/schema\/logo\/image\/"}}]}},"lang":"et","translations":{"et":15118},"pll_sync_post":[],"_links":{"self":[{"href":"https:\/\/projekt.vombat.ee\/eco\/wp-json\/wp\/v2\/product\/15118"}],"collection":[{"href":"https:\/\/projekt.vombat.ee\/eco\/wp-json\/wp\/v2\/product"}],"about":[{"href":"https:\/\/projekt.vombat.ee\/eco\/wp-json\/wp\/v2\/types\/product"}],"version-history":[{"count":9,"href":"https:\/\/projekt.vombat.ee\/eco\/wp-json\/wp\/v2\/product\/15118\/revisions"}],"predecessor-version":[{"id":15607,"href":"https:\/\/projekt.vombat.ee\/eco\/wp-json\/wp\/v2\/product\/15118\/revisions\/15607"}],"wp:featuredmedia":[{"embeddable":true,"href":"https:\/\/projekt.vombat.ee\/eco\/wp-json\/wp\/v2\/media\/16340"}],"wp:attachment":[{"href":"https:\/\/projekt.vombat.ee\/eco\/wp-json\/wp\/v2\/media?parent=15118"}],"wp:term":[{"taxonomy":"product_cat","embeddable":true,"href":"https:\/\/projekt.vombat.ee\/eco\/wp-json\/wp\/v2\/product_cat?post=15118"},{"taxonomy":"product_tag","embeddable":true,"href":"https:\/\/projekt.vombat.ee\/eco\/wp-json\/wp\/v2\/product_tag?post=15118"}],"curies":[{"name":"wp","href":"https:\/\/api.w.org\/{rel}","templated":true}]}}