{"id":15046,"date":"2024-03-10T00:32:34","date_gmt":"2024-03-10T00:32:34","guid":{"rendered":"https:\/\/projekt.vombat.ee\/eco\/?post_type=product&#038;p=15046"},"modified":"2024-05-01T19:43:10","modified_gmt":"2024-05-01T19:43:10","slug":"dyu-c1-elektriratas-65km","status":"publish","type":"product","link":"https:\/\/projekt.vombat.ee\/eco\/pood\/elektrirattad\/linnarattad\/dyu-c1-elektriratas-65km\/","title":{"rendered":"DYU C1 elektriratas, 65km"},"content":{"rendered":"<h3>250W kiire mootor<\/h3>\n<p>250W mootor v\u00f5imaldab teile sujuvat linnas\u00f5itu. Mugav t\u00f6\u00f6l k\u00e4imiseks ja igap\u00e4evaste s\u00f5itude jaoks.<\/p>\n<p><img fetchpriority=\"high\" decoding=\"async\" class=\"alignnone size-medium wp-image-15047\" src=\"https:\/\/projekt.vombat.ee\/eco\/wp-content\/uploads\/2024\/03\/Artur-1000x1000-11-300x300.png\" alt=\"\" width=\"300\" height=\"300\" \/><\/p>\n<h3>Kvaliteetne amortisatsioon<\/h3>\n<p>Kasutades esiosa amortiseerivat s\u00fcsteemi, saavad C1 ratturid vallutada linnas erinevaid pindu, sealhulgas linnaradasid ja munakiviteid.<\/p>\n<p><img decoding=\"async\" class=\"alignnone size-medium wp-image-15049\" src=\"https:\/\/projekt.vombat.ee\/eco\/wp-content\/uploads\/2024\/03\/C1-_3_870x-300x267.webp\" alt=\"\" width=\"300\" height=\"267\" \/><\/p>\n<h3>Eemaldatav aku<\/h3>\n<p>C1 on varustatud eemaldatava akuga, mida saab lahti v\u00f5tta ja hoiustada seal, kus soovid. Seda on mugav kaasas kanda.<\/p>\n<p><img decoding=\"async\" class=\"alignnone size-medium wp-image-15048\" src=\"https:\/\/projekt.vombat.ee\/eco\/wp-content\/uploads\/2024\/03\/C1-_2_870x-300x267.webp\" alt=\"\" width=\"300\" height=\"267\" \/><\/p>\n<h3>LCD-EKRAAN<\/h3>\n<p>N\u00e4itab v\u00f5imsust, kiirust ja praegust k\u00e4iku ning suudab tuvastada ka veakoodid.<\/p>\n<h3>Esituli<\/h3>\n<p>Hele esituli tagab turvalise s\u00f5idu pimedal ajal<\/p>\n<h3>ESI- JA TAGAPIDURID<\/h3>\n<p>C1 kasutab esi- ja tagaosas kvaliteetseid piduriseadmeid, et kaitsta s\u00f5itja ohutust s\u00f5idu ajal.<\/p>\n<h3>Tagumine raam<\/h3>\n<p>C1 tagaraami maksimaalne kandev\u00f5ime on 25 kg ja seda saab kohandada vastavalt soovile kaubakottidega.<\/p>\n<h3>Maastikurehvid<\/h3>\n<p>C1 kasutab 26*2,5-tolliseid maastikurehve, mis sobivad enamiku linnamaastike, sealhulgas munakiviteede, mudasteede, vihmaste p\u00e4evade jne jaoks.<\/p>\n","protected":false},"excerpt":{"rendered":"<p><strong>DYU C1 elektriratas<\/strong> on silmapaistev valik linnas liikumiseks, pakkudes kompaktsust, kiirust ja keskkonnas\u00f5bralikkust \u00fches paketis.<\/p>\n<p><strong>Omadused:<\/strong><\/p>\n<ul>\n<li>Mootor 250W<\/li>\n<li>Max. kiirus 25km\/h<\/li>\n<li>Eemaldatav aku 36V 10Ah<\/li>\n<li>S\u00f5iduulatus 65km<\/li>\n<li>Laadimine 4-6h<\/li>\n<li>LED ekraan<\/li>\n<li>Vargusvastane s\u00fcsteem<\/li>\n<\/ul>\n<p>\u2666\u00a0<strong>Tarneaeg 2-6 p\u00e4eva<\/strong><br \/>\n\u2666\u00a0<strong>Laos<\/strong><\/p>\n<p><b>Garantii: 2 aastat!<\/b><\/p>\n","protected":false},"featured_media":0,"template":"","meta":[],"product_cat":[52,903,905],"product_tag":[],"class_list":{"0":"post-15046","1":"product","2":"type-product","3":"status-publish","5":"product_cat-elektrirattad","6":"product_cat-linnarattad","7":"product_cat-maastikurattad","9":"first","10":"instock","11":"taxable","12":"shipping-taxable","13":"purchasable","14":"product-type-simple"},"yoast_head":"<!-- This site is optimized with the Yoast SEO plugin v23.8 - https:\/\/yoast.com\/wordpress\/plugins\/seo\/ -->\n<title>DYU C1 elektriratas, 65km - Ecocruiser<\/title>\n<meta name=\"description\" content=\"DYU C1 on kompaktne, kerge ja elektriline jalgratas, loodud mugavaks linnas liikumiseks. See pakub kiiret ja keskkonnas\u00f5bralikku transporti ning on varustatud mugava sadula, k\u00e4epidemete ja tuledega.\" \/>\n<meta name=\"robots\" content=\"noindex, follow, max-snippet:-1, max-image-preview:large, max-video-preview:-1\" \/>\n<meta property=\"og:locale\" content=\"en_GB\" \/>\n<meta property=\"og:type\" content=\"article\" \/>\n<meta property=\"og:title\" content=\"DYU C1 elektriratas, 65km - Ecocruiser\" \/>\n<meta property=\"og:description\" content=\"DYU C1 on kompaktne, kerge ja elektriline jalgratas, loodud mugavaks linnas liikumiseks. See pakub kiiret ja keskkonnas\u00f5bralikku transporti ning on varustatud mugava sadula, k\u00e4epidemete ja tuledega.\" \/>\n<meta property=\"og:url\" content=\"https:\/\/projekt.vombat.ee\/eco\/pood\/elektrirattad\/linnarattad\/dyu-c1-elektriratas-65km\/\" \/>\n<meta property=\"og:site_name\" content=\"Ecocruiser\" \/>\n<meta property=\"article:modified_time\" content=\"2024-05-01T19:43:10+00:00\" \/>\n<meta property=\"og:image\" content=\"https:\/\/projekt.vombat.ee\/eco\/wp-content\/uploads\/2024\/03\/Artur-1000x1000-11-300x300.png\" \/>\n<meta name=\"twitter:card\" content=\"summary_large_image\" \/>\n<meta name=\"twitter:label1\" content=\"Estimated reading time\" \/>\n\t<meta name=\"twitter:data1\" content=\"2 minutes\" \/>\n<script type=\"application\/ld+json\" class=\"yoast-schema-graph\">{\"@context\":\"https:\/\/schema.org\",\"@graph\":[{\"@type\":\"WebPage\",\"@id\":\"https:\/\/projekt.vombat.ee\/eco\/pood\/elektrirattad\/linnarattad\/dyu-c1-elektriratas-65km\/\",\"url\":\"https:\/\/projekt.vombat.ee\/eco\/pood\/elektrirattad\/linnarattad\/dyu-c1-elektriratas-65km\/\",\"name\":\"DYU C1 elektriratas, 65km - Ecocruiser\",\"isPartOf\":{\"@id\":\"https:\/\/projekt.vombat.ee\/eco\/#website\"},\"primaryImageOfPage\":{\"@id\":\"https:\/\/projekt.vombat.ee\/eco\/pood\/elektrirattad\/linnarattad\/dyu-c1-elektriratas-65km\/#primaryimage\"},\"image\":{\"@id\":\"https:\/\/projekt.vombat.ee\/eco\/pood\/elektrirattad\/linnarattad\/dyu-c1-elektriratas-65km\/#primaryimage\"},\"thumbnailUrl\":\"https:\/\/projekt.vombat.ee\/eco\/wp-content\/uploads\/2024\/03\/Artur-1000x1000-11-300x300.png\",\"datePublished\":\"2024-03-10T00:32:34+00:00\",\"dateModified\":\"2024-05-01T19:43:10+00:00\",\"description\":\"DYU C1 on kompaktne, kerge ja elektriline jalgratas, loodud mugavaks linnas liikumiseks. See pakub kiiret ja keskkonnas\u00f5bralikku transporti ning on varustatud mugava sadula, k\u00e4epidemete ja tuledega.\",\"breadcrumb\":{\"@id\":\"https:\/\/projekt.vombat.ee\/eco\/pood\/elektrirattad\/linnarattad\/dyu-c1-elektriratas-65km\/#breadcrumb\"},\"inLanguage\":\"en-GB\",\"potentialAction\":[{\"@type\":\"ReadAction\",\"target\":[\"https:\/\/projekt.vombat.ee\/eco\/pood\/elektrirattad\/linnarattad\/dyu-c1-elektriratas-65km\/\"]}]},{\"@type\":\"ImageObject\",\"inLanguage\":\"en-GB\",\"@id\":\"https:\/\/projekt.vombat.ee\/eco\/pood\/elektrirattad\/linnarattad\/dyu-c1-elektriratas-65km\/#primaryimage\",\"url\":\"\",\"contentUrl\":\"\"},{\"@type\":\"BreadcrumbList\",\"@id\":\"https:\/\/projekt.vombat.ee\/eco\/pood\/elektrirattad\/linnarattad\/dyu-c1-elektriratas-65km\/#breadcrumb\",\"itemListElement\":[{\"@type\":\"ListItem\",\"position\":1,\"name\":\"Home\",\"item\":\"https:\/\/projekt.vombat.ee\/eco\/\"},{\"@type\":\"ListItem\",\"position\":2,\"name\":\"Pood\",\"item\":\"https:\/\/projekt.vombat.ee\/eco\/pood\/\"},{\"@type\":\"ListItem\",\"position\":3,\"name\":\"DYU C1 elektriratas, 65km\"}]},{\"@type\":\"WebSite\",\"@id\":\"https:\/\/projekt.vombat.ee\/eco\/#website\",\"url\":\"https:\/\/projekt.vombat.ee\/eco\/\",\"name\":\"Ecocruiser\",\"description\":\"\",\"publisher\":{\"@id\":\"https:\/\/projekt.vombat.ee\/eco\/#organization\"},\"potentialAction\":[{\"@type\":\"SearchAction\",\"target\":{\"@type\":\"EntryPoint\",\"urlTemplate\":\"https:\/\/projekt.vombat.ee\/eco\/?s={search_term_string}\"},\"query-input\":{\"@type\":\"PropertyValueSpecification\",\"valueRequired\":true,\"valueName\":\"search_term_string\"}}],\"inLanguage\":\"en-GB\"},{\"@type\":\"Organization\",\"@id\":\"https:\/\/projekt.vombat.ee\/eco\/#organization\",\"name\":\"Ecocruiser\",\"url\":\"https:\/\/projekt.vombat.ee\/eco\/\",\"logo\":{\"@type\":\"ImageObject\",\"inLanguage\":\"en-GB\",\"@id\":\"https:\/\/projekt.vombat.ee\/eco\/#\/schema\/logo\/image\/\",\"url\":\"https:\/\/projekt.vombat.ee\/eco\/wp-content\/uploads\/2023\/03\/ECOCRUISER_5.png\",\"contentUrl\":\"https:\/\/projekt.vombat.ee\/eco\/wp-content\/uploads\/2023\/03\/ECOCRUISER_5.png\",\"width\":234,\"height\":91,\"caption\":\"Ecocruiser\"},\"image\":{\"@id\":\"https:\/\/projekt.vombat.ee\/eco\/#\/schema\/logo\/image\/\"}}]}<\/script>\n<!-- \/ Yoast SEO plugin. -->","yoast_head_json":{"title":"DYU C1 elektriratas, 65km - Ecocruiser","description":"DYU C1 on kompaktne, kerge ja elektriline jalgratas, loodud mugavaks linnas liikumiseks. See pakub kiiret ja keskkonnas\u00f5bralikku transporti ning on varustatud mugava sadula, k\u00e4epidemete ja tuledega.","robots":{"index":"noindex","follow":"follow","max-snippet":"max-snippet:-1","max-image-preview":"max-image-preview:large","max-video-preview":"max-video-preview:-1"},"og_locale":"en_GB","og_type":"article","og_title":"DYU C1 elektriratas, 65km - Ecocruiser","og_description":"DYU C1 on kompaktne, kerge ja elektriline jalgratas, loodud mugavaks linnas liikumiseks. See pakub kiiret ja keskkonnas\u00f5bralikku transporti ning on varustatud mugava sadula, k\u00e4epidemete ja tuledega.","og_url":"https:\/\/projekt.vombat.ee\/eco\/pood\/elektrirattad\/linnarattad\/dyu-c1-elektriratas-65km\/","og_site_name":"Ecocruiser","article_modified_time":"2024-05-01T19:43:10+00:00","og_image":[{"url":"https:\/\/projekt.vombat.ee\/eco\/wp-content\/uploads\/2024\/03\/Artur-1000x1000-11-300x300.png"}],"twitter_card":"summary_large_image","twitter_misc":{"Estimated reading time":"2 minutes"},"schema":{"@context":"https:\/\/schema.org","@graph":[{"@type":"WebPage","@id":"https:\/\/projekt.vombat.ee\/eco\/pood\/elektrirattad\/linnarattad\/dyu-c1-elektriratas-65km\/","url":"https:\/\/projekt.vombat.ee\/eco\/pood\/elektrirattad\/linnarattad\/dyu-c1-elektriratas-65km\/","name":"DYU C1 elektriratas, 65km - Ecocruiser","isPartOf":{"@id":"https:\/\/projekt.vombat.ee\/eco\/#website"},"primaryImageOfPage":{"@id":"https:\/\/projekt.vombat.ee\/eco\/pood\/elektrirattad\/linnarattad\/dyu-c1-elektriratas-65km\/#primaryimage"},"image":{"@id":"https:\/\/projekt.vombat.ee\/eco\/pood\/elektrirattad\/linnarattad\/dyu-c1-elektriratas-65km\/#primaryimage"},"thumbnailUrl":"https:\/\/projekt.vombat.ee\/eco\/wp-content\/uploads\/2024\/03\/Artur-1000x1000-11-300x300.png","datePublished":"2024-03-10T00:32:34+00:00","dateModified":"2024-05-01T19:43:10+00:00","description":"DYU C1 on kompaktne, kerge ja elektriline jalgratas, loodud mugavaks linnas liikumiseks. See pakub kiiret ja keskkonnas\u00f5bralikku transporti ning on varustatud mugava sadula, k\u00e4epidemete ja tuledega.","breadcrumb":{"@id":"https:\/\/projekt.vombat.ee\/eco\/pood\/elektrirattad\/linnarattad\/dyu-c1-elektriratas-65km\/#breadcrumb"},"inLanguage":"en-GB","potentialAction":[{"@type":"ReadAction","target":["https:\/\/projekt.vombat.ee\/eco\/pood\/elektrirattad\/linnarattad\/dyu-c1-elektriratas-65km\/"]}]},{"@type":"ImageObject","inLanguage":"en-GB","@id":"https:\/\/projekt.vombat.ee\/eco\/pood\/elektrirattad\/linnarattad\/dyu-c1-elektriratas-65km\/#primaryimage","url":"","contentUrl":""},{"@type":"BreadcrumbList","@id":"https:\/\/projekt.vombat.ee\/eco\/pood\/elektrirattad\/linnarattad\/dyu-c1-elektriratas-65km\/#breadcrumb","itemListElement":[{"@type":"ListItem","position":1,"name":"Home","item":"https:\/\/projekt.vombat.ee\/eco\/"},{"@type":"ListItem","position":2,"name":"Pood","item":"https:\/\/projekt.vombat.ee\/eco\/pood\/"},{"@type":"ListItem","position":3,"name":"DYU C1 elektriratas, 65km"}]},{"@type":"WebSite","@id":"https:\/\/projekt.vombat.ee\/eco\/#website","url":"https:\/\/projekt.vombat.ee\/eco\/","name":"Ecocruiser","description":"","publisher":{"@id":"https:\/\/projekt.vombat.ee\/eco\/#organization"},"potentialAction":[{"@type":"SearchAction","target":{"@type":"EntryPoint","urlTemplate":"https:\/\/projekt.vombat.ee\/eco\/?s={search_term_string}"},"query-input":{"@type":"PropertyValueSpecification","valueRequired":true,"valueName":"search_term_string"}}],"inLanguage":"en-GB"},{"@type":"Organization","@id":"https:\/\/projekt.vombat.ee\/eco\/#organization","name":"Ecocruiser","url":"https:\/\/projekt.vombat.ee\/eco\/","logo":{"@type":"ImageObject","inLanguage":"en-GB","@id":"https:\/\/projekt.vombat.ee\/eco\/#\/schema\/logo\/image\/","url":"https:\/\/projekt.vombat.ee\/eco\/wp-content\/uploads\/2023\/03\/ECOCRUISER_5.png","contentUrl":"https:\/\/projekt.vombat.ee\/eco\/wp-content\/uploads\/2023\/03\/ECOCRUISER_5.png","width":234,"height":91,"caption":"Ecocruiser"},"image":{"@id":"https:\/\/projekt.vombat.ee\/eco\/#\/schema\/logo\/image\/"}}]}},"lang":"et","translations":{"et":15046},"pll_sync_post":[],"_links":{"self":[{"href":"https:\/\/projekt.vombat.ee\/eco\/wp-json\/wp\/v2\/product\/15046"}],"collection":[{"href":"https:\/\/projekt.vombat.ee\/eco\/wp-json\/wp\/v2\/product"}],"about":[{"href":"https:\/\/projekt.vombat.ee\/eco\/wp-json\/wp\/v2\/types\/product"}],"version-history":[{"count":3,"href":"https:\/\/projekt.vombat.ee\/eco\/wp-json\/wp\/v2\/product\/15046\/revisions"}],"predecessor-version":[{"id":16738,"href":"https:\/\/projekt.vombat.ee\/eco\/wp-json\/wp\/v2\/product\/15046\/revisions\/16738"}],"wp:attachment":[{"href":"https:\/\/projekt.vombat.ee\/eco\/wp-json\/wp\/v2\/media?parent=15046"}],"wp:term":[{"taxonomy":"product_cat","embeddable":true,"href":"https:\/\/projekt.vombat.ee\/eco\/wp-json\/wp\/v2\/product_cat?post=15046"},{"taxonomy":"product_tag","embeddable":true,"href":"https:\/\/projekt.vombat.ee\/eco\/wp-json\/wp\/v2\/product_tag?post=15046"}],"curies":[{"name":"wp","href":"https:\/\/api.w.org\/{rel}","templated":true}]}}