{"id":15028,"date":"2024-03-10T00:27:34","date_gmt":"2024-03-10T00:27:34","guid":{"rendered":"https:\/\/projekt.vombat.ee\/eco\/?post_type=product&#038;p=15028"},"modified":"2024-04-28T08:40:29","modified_gmt":"2024-04-28T08:40:29","slug":"e-odin-elektrimootorratas-200km","status":"publish","type":"product","link":"https:\/\/projekt.vombat.ee\/eco\/pood\/elektrimootorratas\/e-odin-elektrimootorratas-200km\/","title":{"rendered":"E-odin elektrimootorratas, 210km"},"content":{"rendered":"<h3>J\u00f5udlus<\/h3>\n<p>V\u00f5imas 6000W harjadeta mootor. Kiirendus on sujuv ja v\u00f5imas, tagades s\u00f5idukogemuse, mis paneb sind t\u00f5eliselt tundma elektrimootorratta v\u00f5lu.<\/p>\n<h3>Aku<\/h3>\n<p>Varustatud 72V 100AH liitiumakuga, mis pakub suurt s\u00f5iduulatust \u00fche laadimisega. Kiire laadimisv\u00f5imekus v\u00f5imaldab teil v\u00e4hese ooteajaga tagasi teele p\u00f6\u00f6rduda.<\/p>\n<h3>Disain<\/h3>\n<p>E-Odin elektrimootorratta disain on muljetavaldav, kombineerides stiili ja kvaliteeti.<\/p>\n<h3>Tehnoloogia<\/h3>\n<p>Varustatud tipptasemel elektroonikaga, mis tagab mugava s\u00f5idukogemuse. Integreeritud nutikad omadused, nagu n\u00e4iteks sisseehitatud ekraan muudavad s\u00f5idu veelgi nauditavamaks.<\/p>\n<h3>Ohutus<\/h3>\n<p>E-Odin on varustatud kvaliteetse piduris\u00fcsteemiga, mis tagab kiire ja efektiivse pidurduse igas olukorras. Ergonoomiline disain ja t\u00e4iustatud turvafunktsioonid tagavad s\u00f5itja ohutuse.<\/p>\n<h3>Keskonnas\u00f5bralikkus<\/h3>\n<p>Elektrimootor ja liitiumaku muudavad E-Odini keskkonnas\u00f5bralikuks s\u00f5iduvahendiks, v\u00e4hendades s\u00fcsinikuheitmeid ja m\u00f5ju keskkonnale. Vaikne s\u00f5idukogemus muudab linnakeskkonnas liikumise nauditavaks ja \u00fcmbritsevat keskkonda v\u00e4hem h\u00e4irivaks.<\/p>\n<h3>Spetsifikatsioon<\/h3>\n<p>Max kiirus: 100km\/h<br \/>\nMaksimaalne s\u00f5iduulatus: 210 km<br \/>\nIstekoht: 2<br \/>\nNetokaal: 151 kg<br \/>\nT\u00e4iskaal: 187 kg<br \/>\nMaksimaalne kandev\u00f5ime: 296 kg<br \/>\nHarjadeta mootor 6000W 72V<br \/>\nAku mahutavus: liitiumaku 72V 100AH<br \/>\nAku: liitiumaku<br \/>\nLaadija: 10A kiirem laadija, alumiiniumkate<br \/>\nLaadimisaeg: 10 tundi<br \/>\nEsirehvi m\u00f5\u00f5dud: FEIBEN tubeless rehv 110\/70-17<br \/>\nTagumine rehvi suurus: FEIBEN tubeless rehv 180\/55-17<br \/>\nTuli: LED esituli, LED suunatuli, LED pidurituli<br \/>\nTopelth\u00fcdrauliline eesmine ketaspidur ventileeritavate ketaste ja EABS-i, CBS-iga<br \/>\nH\u00fcdrauliline tagumine ketaspidur ventileeritava kettaga ja EABS, CBS<br \/>\nTopelttugevdatud h\u00fcdrauliline esivedrustus<br \/>\nH\u00fcdrauliline tagavedrustus monoamort<br \/>\n3-k\u00e4iguline elektrooniline k\u00e4igukast<\/p>\n","protected":false},"excerpt":{"rendered":"<p>Avasta tulevikus\u00f5idukite maailma uus tase <strong>E-Odin elektrimootorrattaga<\/strong> &#8211; v\u00f5imas j\u00f5udlus, elegantne disain ja keskkonnas\u00f5bralikkus, mis muudavad igap\u00e4evase s\u00f5idu unustamatult nauditavaks.<\/p>\n<p><strong>Omadused:<\/strong><\/p>\n<ul>\n<li>Mootor 6000W<\/li>\n<li>Max. kiirus 100km\/h<\/li>\n<li>Eemaldatav aku 72V 100Ah<\/li>\n<li>S\u00f5iduulatus 210km<\/li>\n<li>Laadimine 10h<\/li>\n<li>TFT ekraan<\/li>\n<\/ul>\n<p>\u2666\u00a0<strong>Tarneaeg 2-6 p\u00e4eva<\/strong><br \/>\n\u2666\u00a0<strong>Laos<\/strong><\/p>\n<p><b>Garantii: 2 aastat!<\/b><\/p>\n","protected":false},"featured_media":16663,"template":"","meta":[],"product_cat":[1974],"product_tag":[],"class_list":{"0":"post-15028","1":"product","2":"type-product","3":"status-publish","4":"has-post-thumbnail","6":"product_cat-elektrimootorratas","8":"first","9":"instock","10":"sale","11":"taxable","12":"shipping-taxable","13":"purchasable","14":"product-type-variable"},"yoast_head":"<!-- This site is optimized with the Yoast SEO plugin v23.8 - https:\/\/yoast.com\/wordpress\/plugins\/seo\/ -->\n<title>E-odin elektrimootorratas, 210km - Ecocruiser<\/title>\n<meta name=\"description\" content=\"E-Odin elektrimootorratas pakub v\u00f5imsust, t\u00f5husust ja keskkonnas\u00f5bralikkust \u00fches kvaliteetses paketis. Varustatud 6000W harjadeta mootoriga ja 72V 100AH liitiumakuga, tagab see sujuva s\u00f5idukogemuse nii linnas kui maanteel. Lisaks tipptasemel tehnoloogiale ja disainile pakub see s\u00f5iduk ka ohutust ja mugavust. Avasta tuleviku s\u00f5iduelamus koos E-Odini elektrimootorrattaga.\" \/>\n<meta name=\"robots\" content=\"noindex, follow, max-snippet:-1, max-image-preview:large, max-video-preview:-1\" \/>\n<meta property=\"og:locale\" content=\"en_GB\" \/>\n<meta property=\"og:type\" content=\"article\" \/>\n<meta property=\"og:title\" content=\"E-odin elektrimootorratas, 210km - Ecocruiser\" \/>\n<meta property=\"og:description\" content=\"E-Odin elektrimootorratas pakub v\u00f5imsust, t\u00f5husust ja keskkonnas\u00f5bralikkust \u00fches kvaliteetses paketis. Varustatud 6000W harjadeta mootoriga ja 72V 100AH liitiumakuga, tagab see sujuva s\u00f5idukogemuse nii linnas kui maanteel. Lisaks tipptasemel tehnoloogiale ja disainile pakub see s\u00f5iduk ka ohutust ja mugavust. Avasta tuleviku s\u00f5iduelamus koos E-Odini elektrimootorrattaga.\" \/>\n<meta property=\"og:url\" content=\"https:\/\/projekt.vombat.ee\/eco\/pood\/elektrimootorratas\/e-odin-elektrimootorratas-200km\/\" \/>\n<meta property=\"og:site_name\" content=\"Ecocruiser\" \/>\n<meta property=\"article:modified_time\" content=\"2024-04-28T08:40:29+00:00\" \/>\n<meta property=\"og:image\" content=\"https:\/\/projekt.vombat.ee\/eco\/wp-content\/uploads\/2024\/03\/22.png\" \/>\n\t<meta property=\"og:image:width\" content=\"849\" \/>\n\t<meta property=\"og:image:height\" content=\"581\" \/>\n\t<meta property=\"og:image:type\" content=\"image\/png\" \/>\n<meta name=\"twitter:card\" content=\"summary_large_image\" \/>\n<meta name=\"twitter:label1\" content=\"Estimated reading time\" \/>\n\t<meta name=\"twitter:data1\" content=\"2 minutes\" \/>\n<script type=\"application\/ld+json\" class=\"yoast-schema-graph\">{\"@context\":\"https:\/\/schema.org\",\"@graph\":[{\"@type\":\"WebPage\",\"@id\":\"https:\/\/projekt.vombat.ee\/eco\/pood\/elektrimootorratas\/e-odin-elektrimootorratas-200km\/\",\"url\":\"https:\/\/projekt.vombat.ee\/eco\/pood\/elektrimootorratas\/e-odin-elektrimootorratas-200km\/\",\"name\":\"E-odin elektrimootorratas, 210km - Ecocruiser\",\"isPartOf\":{\"@id\":\"https:\/\/projekt.vombat.ee\/eco\/#website\"},\"primaryImageOfPage\":{\"@id\":\"https:\/\/projekt.vombat.ee\/eco\/pood\/elektrimootorratas\/e-odin-elektrimootorratas-200km\/#primaryimage\"},\"image\":{\"@id\":\"https:\/\/projekt.vombat.ee\/eco\/pood\/elektrimootorratas\/e-odin-elektrimootorratas-200km\/#primaryimage\"},\"thumbnailUrl\":\"https:\/\/projekt.vombat.ee\/eco\/wp-content\/uploads\/2024\/03\/22.png\",\"datePublished\":\"2024-03-10T00:27:34+00:00\",\"dateModified\":\"2024-04-28T08:40:29+00:00\",\"description\":\"E-Odin elektrimootorratas pakub v\u00f5imsust, t\u00f5husust ja keskkonnas\u00f5bralikkust \u00fches kvaliteetses paketis. Varustatud 6000W harjadeta mootoriga ja 72V 100AH liitiumakuga, tagab see sujuva s\u00f5idukogemuse nii linnas kui maanteel. Lisaks tipptasemel tehnoloogiale ja disainile pakub see s\u00f5iduk ka ohutust ja mugavust. Avasta tuleviku s\u00f5iduelamus koos E-Odini elektrimootorrattaga.\",\"breadcrumb\":{\"@id\":\"https:\/\/projekt.vombat.ee\/eco\/pood\/elektrimootorratas\/e-odin-elektrimootorratas-200km\/#breadcrumb\"},\"inLanguage\":\"en-GB\",\"potentialAction\":[{\"@type\":\"ReadAction\",\"target\":[\"https:\/\/projekt.vombat.ee\/eco\/pood\/elektrimootorratas\/e-odin-elektrimootorratas-200km\/\"]}]},{\"@type\":\"ImageObject\",\"inLanguage\":\"en-GB\",\"@id\":\"https:\/\/projekt.vombat.ee\/eco\/pood\/elektrimootorratas\/e-odin-elektrimootorratas-200km\/#primaryimage\",\"url\":\"https:\/\/projekt.vombat.ee\/eco\/wp-content\/uploads\/2024\/03\/22.png\",\"contentUrl\":\"https:\/\/projekt.vombat.ee\/eco\/wp-content\/uploads\/2024\/03\/22.png\",\"width\":849,\"height\":581},{\"@type\":\"BreadcrumbList\",\"@id\":\"https:\/\/projekt.vombat.ee\/eco\/pood\/elektrimootorratas\/e-odin-elektrimootorratas-200km\/#breadcrumb\",\"itemListElement\":[{\"@type\":\"ListItem\",\"position\":1,\"name\":\"Home\",\"item\":\"https:\/\/projekt.vombat.ee\/eco\/\"},{\"@type\":\"ListItem\",\"position\":2,\"name\":\"Pood\",\"item\":\"https:\/\/projekt.vombat.ee\/eco\/pood\/\"},{\"@type\":\"ListItem\",\"position\":3,\"name\":\"E-odin elektrimootorratas, 210km\"}]},{\"@type\":\"WebSite\",\"@id\":\"https:\/\/projekt.vombat.ee\/eco\/#website\",\"url\":\"https:\/\/projekt.vombat.ee\/eco\/\",\"name\":\"Ecocruiser\",\"description\":\"\",\"publisher\":{\"@id\":\"https:\/\/projekt.vombat.ee\/eco\/#organization\"},\"potentialAction\":[{\"@type\":\"SearchAction\",\"target\":{\"@type\":\"EntryPoint\",\"urlTemplate\":\"https:\/\/projekt.vombat.ee\/eco\/?s={search_term_string}\"},\"query-input\":{\"@type\":\"PropertyValueSpecification\",\"valueRequired\":true,\"valueName\":\"search_term_string\"}}],\"inLanguage\":\"en-GB\"},{\"@type\":\"Organization\",\"@id\":\"https:\/\/projekt.vombat.ee\/eco\/#organization\",\"name\":\"Ecocruiser\",\"url\":\"https:\/\/projekt.vombat.ee\/eco\/\",\"logo\":{\"@type\":\"ImageObject\",\"inLanguage\":\"en-GB\",\"@id\":\"https:\/\/projekt.vombat.ee\/eco\/#\/schema\/logo\/image\/\",\"url\":\"https:\/\/projekt.vombat.ee\/eco\/wp-content\/uploads\/2023\/03\/ECOCRUISER_5.png\",\"contentUrl\":\"https:\/\/projekt.vombat.ee\/eco\/wp-content\/uploads\/2023\/03\/ECOCRUISER_5.png\",\"width\":234,\"height\":91,\"caption\":\"Ecocruiser\"},\"image\":{\"@id\":\"https:\/\/projekt.vombat.ee\/eco\/#\/schema\/logo\/image\/\"}}]}<\/script>\n<!-- \/ Yoast SEO plugin. -->","yoast_head_json":{"title":"E-odin elektrimootorratas, 210km - Ecocruiser","description":"E-Odin elektrimootorratas pakub v\u00f5imsust, t\u00f5husust ja keskkonnas\u00f5bralikkust \u00fches kvaliteetses paketis. Varustatud 6000W harjadeta mootoriga ja 72V 100AH liitiumakuga, tagab see sujuva s\u00f5idukogemuse nii linnas kui maanteel. Lisaks tipptasemel tehnoloogiale ja disainile pakub see s\u00f5iduk ka ohutust ja mugavust. Avasta tuleviku s\u00f5iduelamus koos E-Odini elektrimootorrattaga.","robots":{"index":"noindex","follow":"follow","max-snippet":"max-snippet:-1","max-image-preview":"max-image-preview:large","max-video-preview":"max-video-preview:-1"},"og_locale":"en_GB","og_type":"article","og_title":"E-odin elektrimootorratas, 210km - Ecocruiser","og_description":"E-Odin elektrimootorratas pakub v\u00f5imsust, t\u00f5husust ja keskkonnas\u00f5bralikkust \u00fches kvaliteetses paketis. Varustatud 6000W harjadeta mootoriga ja 72V 100AH liitiumakuga, tagab see sujuva s\u00f5idukogemuse nii linnas kui maanteel. Lisaks tipptasemel tehnoloogiale ja disainile pakub see s\u00f5iduk ka ohutust ja mugavust. Avasta tuleviku s\u00f5iduelamus koos E-Odini elektrimootorrattaga.","og_url":"https:\/\/projekt.vombat.ee\/eco\/pood\/elektrimootorratas\/e-odin-elektrimootorratas-200km\/","og_site_name":"Ecocruiser","article_modified_time":"2024-04-28T08:40:29+00:00","og_image":[{"width":849,"height":581,"url":"https:\/\/projekt.vombat.ee\/eco\/wp-content\/uploads\/2024\/03\/22.png","type":"image\/png"}],"twitter_card":"summary_large_image","twitter_misc":{"Estimated reading time":"2 minutes"},"schema":{"@context":"https:\/\/schema.org","@graph":[{"@type":"WebPage","@id":"https:\/\/projekt.vombat.ee\/eco\/pood\/elektrimootorratas\/e-odin-elektrimootorratas-200km\/","url":"https:\/\/projekt.vombat.ee\/eco\/pood\/elektrimootorratas\/e-odin-elektrimootorratas-200km\/","name":"E-odin elektrimootorratas, 210km - Ecocruiser","isPartOf":{"@id":"https:\/\/projekt.vombat.ee\/eco\/#website"},"primaryImageOfPage":{"@id":"https:\/\/projekt.vombat.ee\/eco\/pood\/elektrimootorratas\/e-odin-elektrimootorratas-200km\/#primaryimage"},"image":{"@id":"https:\/\/projekt.vombat.ee\/eco\/pood\/elektrimootorratas\/e-odin-elektrimootorratas-200km\/#primaryimage"},"thumbnailUrl":"https:\/\/projekt.vombat.ee\/eco\/wp-content\/uploads\/2024\/03\/22.png","datePublished":"2024-03-10T00:27:34+00:00","dateModified":"2024-04-28T08:40:29+00:00","description":"E-Odin elektrimootorratas pakub v\u00f5imsust, t\u00f5husust ja keskkonnas\u00f5bralikkust \u00fches kvaliteetses paketis. Varustatud 6000W harjadeta mootoriga ja 72V 100AH liitiumakuga, tagab see sujuva s\u00f5idukogemuse nii linnas kui maanteel. Lisaks tipptasemel tehnoloogiale ja disainile pakub see s\u00f5iduk ka ohutust ja mugavust. Avasta tuleviku s\u00f5iduelamus koos E-Odini elektrimootorrattaga.","breadcrumb":{"@id":"https:\/\/projekt.vombat.ee\/eco\/pood\/elektrimootorratas\/e-odin-elektrimootorratas-200km\/#breadcrumb"},"inLanguage":"en-GB","potentialAction":[{"@type":"ReadAction","target":["https:\/\/projekt.vombat.ee\/eco\/pood\/elektrimootorratas\/e-odin-elektrimootorratas-200km\/"]}]},{"@type":"ImageObject","inLanguage":"en-GB","@id":"https:\/\/projekt.vombat.ee\/eco\/pood\/elektrimootorratas\/e-odin-elektrimootorratas-200km\/#primaryimage","url":"https:\/\/projekt.vombat.ee\/eco\/wp-content\/uploads\/2024\/03\/22.png","contentUrl":"https:\/\/projekt.vombat.ee\/eco\/wp-content\/uploads\/2024\/03\/22.png","width":849,"height":581},{"@type":"BreadcrumbList","@id":"https:\/\/projekt.vombat.ee\/eco\/pood\/elektrimootorratas\/e-odin-elektrimootorratas-200km\/#breadcrumb","itemListElement":[{"@type":"ListItem","position":1,"name":"Home","item":"https:\/\/projekt.vombat.ee\/eco\/"},{"@type":"ListItem","position":2,"name":"Pood","item":"https:\/\/projekt.vombat.ee\/eco\/pood\/"},{"@type":"ListItem","position":3,"name":"E-odin elektrimootorratas, 210km"}]},{"@type":"WebSite","@id":"https:\/\/projekt.vombat.ee\/eco\/#website","url":"https:\/\/projekt.vombat.ee\/eco\/","name":"Ecocruiser","description":"","publisher":{"@id":"https:\/\/projekt.vombat.ee\/eco\/#organization"},"potentialAction":[{"@type":"SearchAction","target":{"@type":"EntryPoint","urlTemplate":"https:\/\/projekt.vombat.ee\/eco\/?s={search_term_string}"},"query-input":{"@type":"PropertyValueSpecification","valueRequired":true,"valueName":"search_term_string"}}],"inLanguage":"en-GB"},{"@type":"Organization","@id":"https:\/\/projekt.vombat.ee\/eco\/#organization","name":"Ecocruiser","url":"https:\/\/projekt.vombat.ee\/eco\/","logo":{"@type":"ImageObject","inLanguage":"en-GB","@id":"https:\/\/projekt.vombat.ee\/eco\/#\/schema\/logo\/image\/","url":"https:\/\/projekt.vombat.ee\/eco\/wp-content\/uploads\/2023\/03\/ECOCRUISER_5.png","contentUrl":"https:\/\/projekt.vombat.ee\/eco\/wp-content\/uploads\/2023\/03\/ECOCRUISER_5.png","width":234,"height":91,"caption":"Ecocruiser"},"image":{"@id":"https:\/\/projekt.vombat.ee\/eco\/#\/schema\/logo\/image\/"}}]}},"lang":"et","translations":{"et":15028},"pll_sync_post":[],"_links":{"self":[{"href":"https:\/\/projekt.vombat.ee\/eco\/wp-json\/wp\/v2\/product\/15028"}],"collection":[{"href":"https:\/\/projekt.vombat.ee\/eco\/wp-json\/wp\/v2\/product"}],"about":[{"href":"https:\/\/projekt.vombat.ee\/eco\/wp-json\/wp\/v2\/types\/product"}],"version-history":[{"count":4,"href":"https:\/\/projekt.vombat.ee\/eco\/wp-json\/wp\/v2\/product\/15028\/revisions"}],"predecessor-version":[{"id":16667,"href":"https:\/\/projekt.vombat.ee\/eco\/wp-json\/wp\/v2\/product\/15028\/revisions\/16667"}],"wp:featuredmedia":[{"embeddable":true,"href":"https:\/\/projekt.vombat.ee\/eco\/wp-json\/wp\/v2\/media\/16663"}],"wp:attachment":[{"href":"https:\/\/projekt.vombat.ee\/eco\/wp-json\/wp\/v2\/media?parent=15028"}],"wp:term":[{"taxonomy":"product_cat","embeddable":true,"href":"https:\/\/projekt.vombat.ee\/eco\/wp-json\/wp\/v2\/product_cat?post=15028"},{"taxonomy":"product_tag","embeddable":true,"href":"https:\/\/projekt.vombat.ee\/eco\/wp-json\/wp\/v2\/product_tag?post=15028"}],"curies":[{"name":"wp","href":"https:\/\/api.w.org\/{rel}","templated":true}]}}