{"id":14900,"date":"2024-03-10T00:25:19","date_gmt":"2024-03-10T00:25:19","guid":{"rendered":"https:\/\/projekt.vombat.ee\/eco\/?post_type=product&#038;p=14900"},"modified":"2024-04-28T08:20:28","modified_gmt":"2024-04-28T08:20:28","slug":"e-vali-elektrimootorratas-150km","status":"publish","type":"product","link":"https:\/\/projekt.vombat.ee\/eco\/pood\/elektrirollerid\/e-vali-elektrimootorratas-150km\/","title":{"rendered":"E-vali elektrimootorratas, 150km"},"content":{"rendered":"<h3><strong>Mootor<\/strong><\/h3>\n<p>Varustatud muljetavaldava 5KW mootoriga. Selle mootoriga ei pea muretsema kiirenduse p\u00e4rast, see on v\u00f5imas.<\/p>\n<h3><strong>Sujuv s\u00f5it<\/strong><\/h3>\n<p>T\u00e4nu v\u00f5imsale mootorile pakub E-vali sujuvat ja mugavat s\u00f5itu nii linnas kui maastikul.<\/p>\n<h3><strong>Vastupidavus<\/strong><\/h3>\n<p>Tugev raam ja kvaliteetsed komponendid tagavad E-vali vastupidavuse.<\/p>\n<h3><strong>Mugavusfunktsioonid<\/strong><\/h3>\n<p>Ergonoomilised istmed ja nutikad lahendused pakuvad s\u00f5itjale \u00fclimat mugavust ja kontrolli.<\/p>\n<h3><strong>Stiilne disain<\/strong><\/h3>\n<p>E-valil on kaasaegne ja atraktiivne v\u00e4limus, mis oma v\u00e4rvikuse poolest paistab k\u00f5igile silma.<\/p>\n<h3><strong>Tipptasemel tehnoloogia<\/strong><\/h3>\n<p>Elektrimootorratas on varustatud tipptasemel tehnoloogiaga, mis parandab s\u00f5idukogemust ja mugavust.<\/p>\n","protected":false},"excerpt":{"rendered":"<p><strong>E-Vali<\/strong>\u00a0<strong>elektrimootorratas<\/strong> pakub suurep\u00e4rast kombinatsiooni v\u00f5imsusest, stiilist ja mugavusest.<\/p>\n<p><strong>Omadused:<\/strong><\/p>\n<ul>\n<li>Mootor 5KW<\/li>\n<li>Max. kiirus 100km\/h<\/li>\n<li>Aku 72V 73Ah<\/li>\n<li>S\u00f5iduulatus 150km<\/li>\n<li>TFT ekraan<\/li>\n<\/ul>\n<p>\u2666\u00a0<strong>Tarneaeg 2-6 p\u00e4eva<\/strong><br \/>\n\u2666\u00a0<strong>Laos<\/strong><\/p>\n<p><b>Garantii: 2 aastat!<\/b><\/p>\n","protected":false},"featured_media":16649,"template":"","meta":[],"product_cat":[1974,1662],"product_tag":[],"class_list":{"0":"post-14900","1":"product","2":"type-product","3":"status-publish","4":"has-post-thumbnail","6":"product_cat-elektrimootorratas","7":"product_cat-elektrirollerid","9":"first","10":"instock","11":"sale","12":"taxable","13":"shipping-taxable","14":"purchasable","15":"product-type-simple"},"yoast_head":"<!-- This site is optimized with the Yoast SEO plugin v23.8 - https:\/\/yoast.com\/wordpress\/plugins\/seo\/ -->\n<title>E-vali elektrimootorratas, 150km - Ecocruiser<\/title>\n<meta name=\"description\" content=\"E-Vali elektrimootorratas pakub s\u00f5iduelamust uuel tasemel. V\u00f5imsa elektrimootori ja tipptasemel tehnoloogiaga varustatud E-Vali tagab sujuva ja d\u00fcnaamilise s\u00f5idu, olles samal ajal keskkonnas\u00f5bralik valik. Lisaks elegantsele disainile pakub see ka suurep\u00e4rast mugavust ja kontrolli, muutes igap\u00e4evase s\u00f5idu nauditavaks kogemuseks.\" \/>\n<meta name=\"robots\" content=\"noindex, follow, max-snippet:-1, max-image-preview:large, max-video-preview:-1\" \/>\n<meta property=\"og:locale\" content=\"en_GB\" \/>\n<meta property=\"og:type\" content=\"article\" \/>\n<meta property=\"og:title\" content=\"E-vali elektrimootorratas, 150km - Ecocruiser\" \/>\n<meta property=\"og:description\" content=\"E-Vali elektrimootorratas pakub s\u00f5iduelamust uuel tasemel. V\u00f5imsa elektrimootori ja tipptasemel tehnoloogiaga varustatud E-Vali tagab sujuva ja d\u00fcnaamilise s\u00f5idu, olles samal ajal keskkonnas\u00f5bralik valik. Lisaks elegantsele disainile pakub see ka suurep\u00e4rast mugavust ja kontrolli, muutes igap\u00e4evase s\u00f5idu nauditavaks kogemuseks.\" \/>\n<meta property=\"og:url\" content=\"https:\/\/projekt.vombat.ee\/eco\/pood\/elektrirollerid\/e-vali-elektrimootorratas-150km\/\" \/>\n<meta property=\"og:site_name\" content=\"Ecocruiser\" \/>\n<meta property=\"article:modified_time\" content=\"2024-04-28T08:20:28+00:00\" \/>\n<meta property=\"og:image\" content=\"https:\/\/projekt.vombat.ee\/eco\/wp-content\/uploads\/2024\/03\/Untitled-design-2024-04-28T111925.040.png\" \/>\n\t<meta property=\"og:image:width\" content=\"1080\" \/>\n\t<meta property=\"og:image:height\" content=\"1080\" \/>\n\t<meta property=\"og:image:type\" content=\"image\/png\" \/>\n<meta name=\"twitter:card\" content=\"summary_large_image\" \/>\n<meta name=\"twitter:label1\" content=\"Estimated reading time\" \/>\n\t<meta name=\"twitter:data1\" content=\"1 minute\" \/>\n<script type=\"application\/ld+json\" class=\"yoast-schema-graph\">{\"@context\":\"https:\/\/schema.org\",\"@graph\":[{\"@type\":\"WebPage\",\"@id\":\"https:\/\/projekt.vombat.ee\/eco\/pood\/elektrirollerid\/e-vali-elektrimootorratas-150km\/\",\"url\":\"https:\/\/projekt.vombat.ee\/eco\/pood\/elektrirollerid\/e-vali-elektrimootorratas-150km\/\",\"name\":\"E-vali elektrimootorratas, 150km - Ecocruiser\",\"isPartOf\":{\"@id\":\"https:\/\/projekt.vombat.ee\/eco\/#website\"},\"primaryImageOfPage\":{\"@id\":\"https:\/\/projekt.vombat.ee\/eco\/pood\/elektrirollerid\/e-vali-elektrimootorratas-150km\/#primaryimage\"},\"image\":{\"@id\":\"https:\/\/projekt.vombat.ee\/eco\/pood\/elektrirollerid\/e-vali-elektrimootorratas-150km\/#primaryimage\"},\"thumbnailUrl\":\"https:\/\/projekt.vombat.ee\/eco\/wp-content\/uploads\/2024\/03\/Untitled-design-2024-04-28T111925.040.png\",\"datePublished\":\"2024-03-10T00:25:19+00:00\",\"dateModified\":\"2024-04-28T08:20:28+00:00\",\"description\":\"E-Vali elektrimootorratas pakub s\u00f5iduelamust uuel tasemel. V\u00f5imsa elektrimootori ja tipptasemel tehnoloogiaga varustatud E-Vali tagab sujuva ja d\u00fcnaamilise s\u00f5idu, olles samal ajal keskkonnas\u00f5bralik valik. Lisaks elegantsele disainile pakub see ka suurep\u00e4rast mugavust ja kontrolli, muutes igap\u00e4evase s\u00f5idu nauditavaks kogemuseks.\",\"breadcrumb\":{\"@id\":\"https:\/\/projekt.vombat.ee\/eco\/pood\/elektrirollerid\/e-vali-elektrimootorratas-150km\/#breadcrumb\"},\"inLanguage\":\"en-GB\",\"potentialAction\":[{\"@type\":\"ReadAction\",\"target\":[\"https:\/\/projekt.vombat.ee\/eco\/pood\/elektrirollerid\/e-vali-elektrimootorratas-150km\/\"]}]},{\"@type\":\"ImageObject\",\"inLanguage\":\"en-GB\",\"@id\":\"https:\/\/projekt.vombat.ee\/eco\/pood\/elektrirollerid\/e-vali-elektrimootorratas-150km\/#primaryimage\",\"url\":\"https:\/\/projekt.vombat.ee\/eco\/wp-content\/uploads\/2024\/03\/Untitled-design-2024-04-28T111925.040.png\",\"contentUrl\":\"https:\/\/projekt.vombat.ee\/eco\/wp-content\/uploads\/2024\/03\/Untitled-design-2024-04-28T111925.040.png\",\"width\":1080,\"height\":1080},{\"@type\":\"BreadcrumbList\",\"@id\":\"https:\/\/projekt.vombat.ee\/eco\/pood\/elektrirollerid\/e-vali-elektrimootorratas-150km\/#breadcrumb\",\"itemListElement\":[{\"@type\":\"ListItem\",\"position\":1,\"name\":\"Home\",\"item\":\"https:\/\/projekt.vombat.ee\/eco\/\"},{\"@type\":\"ListItem\",\"position\":2,\"name\":\"Pood\",\"item\":\"https:\/\/projekt.vombat.ee\/eco\/pood\/\"},{\"@type\":\"ListItem\",\"position\":3,\"name\":\"E-vali elektrimootorratas, 150km\"}]},{\"@type\":\"WebSite\",\"@id\":\"https:\/\/projekt.vombat.ee\/eco\/#website\",\"url\":\"https:\/\/projekt.vombat.ee\/eco\/\",\"name\":\"Ecocruiser\",\"description\":\"\",\"publisher\":{\"@id\":\"https:\/\/projekt.vombat.ee\/eco\/#organization\"},\"potentialAction\":[{\"@type\":\"SearchAction\",\"target\":{\"@type\":\"EntryPoint\",\"urlTemplate\":\"https:\/\/projekt.vombat.ee\/eco\/?s={search_term_string}\"},\"query-input\":{\"@type\":\"PropertyValueSpecification\",\"valueRequired\":true,\"valueName\":\"search_term_string\"}}],\"inLanguage\":\"en-GB\"},{\"@type\":\"Organization\",\"@id\":\"https:\/\/projekt.vombat.ee\/eco\/#organization\",\"name\":\"Ecocruiser\",\"url\":\"https:\/\/projekt.vombat.ee\/eco\/\",\"logo\":{\"@type\":\"ImageObject\",\"inLanguage\":\"en-GB\",\"@id\":\"https:\/\/projekt.vombat.ee\/eco\/#\/schema\/logo\/image\/\",\"url\":\"https:\/\/projekt.vombat.ee\/eco\/wp-content\/uploads\/2023\/03\/ECOCRUISER_5.png\",\"contentUrl\":\"https:\/\/projekt.vombat.ee\/eco\/wp-content\/uploads\/2023\/03\/ECOCRUISER_5.png\",\"width\":234,\"height\":91,\"caption\":\"Ecocruiser\"},\"image\":{\"@id\":\"https:\/\/projekt.vombat.ee\/eco\/#\/schema\/logo\/image\/\"}}]}<\/script>\n<!-- \/ Yoast SEO plugin. -->","yoast_head_json":{"title":"E-vali elektrimootorratas, 150km - Ecocruiser","description":"E-Vali elektrimootorratas pakub s\u00f5iduelamust uuel tasemel. V\u00f5imsa elektrimootori ja tipptasemel tehnoloogiaga varustatud E-Vali tagab sujuva ja d\u00fcnaamilise s\u00f5idu, olles samal ajal keskkonnas\u00f5bralik valik. Lisaks elegantsele disainile pakub see ka suurep\u00e4rast mugavust ja kontrolli, muutes igap\u00e4evase s\u00f5idu nauditavaks kogemuseks.","robots":{"index":"noindex","follow":"follow","max-snippet":"max-snippet:-1","max-image-preview":"max-image-preview:large","max-video-preview":"max-video-preview:-1"},"og_locale":"en_GB","og_type":"article","og_title":"E-vali elektrimootorratas, 150km - Ecocruiser","og_description":"E-Vali elektrimootorratas pakub s\u00f5iduelamust uuel tasemel. V\u00f5imsa elektrimootori ja tipptasemel tehnoloogiaga varustatud E-Vali tagab sujuva ja d\u00fcnaamilise s\u00f5idu, olles samal ajal keskkonnas\u00f5bralik valik. Lisaks elegantsele disainile pakub see ka suurep\u00e4rast mugavust ja kontrolli, muutes igap\u00e4evase s\u00f5idu nauditavaks kogemuseks.","og_url":"https:\/\/projekt.vombat.ee\/eco\/pood\/elektrirollerid\/e-vali-elektrimootorratas-150km\/","og_site_name":"Ecocruiser","article_modified_time":"2024-04-28T08:20:28+00:00","og_image":[{"width":1080,"height":1080,"url":"https:\/\/projekt.vombat.ee\/eco\/wp-content\/uploads\/2024\/03\/Untitled-design-2024-04-28T111925.040.png","type":"image\/png"}],"twitter_card":"summary_large_image","twitter_misc":{"Estimated reading time":"1 minute"},"schema":{"@context":"https:\/\/schema.org","@graph":[{"@type":"WebPage","@id":"https:\/\/projekt.vombat.ee\/eco\/pood\/elektrirollerid\/e-vali-elektrimootorratas-150km\/","url":"https:\/\/projekt.vombat.ee\/eco\/pood\/elektrirollerid\/e-vali-elektrimootorratas-150km\/","name":"E-vali elektrimootorratas, 150km - Ecocruiser","isPartOf":{"@id":"https:\/\/projekt.vombat.ee\/eco\/#website"},"primaryImageOfPage":{"@id":"https:\/\/projekt.vombat.ee\/eco\/pood\/elektrirollerid\/e-vali-elektrimootorratas-150km\/#primaryimage"},"image":{"@id":"https:\/\/projekt.vombat.ee\/eco\/pood\/elektrirollerid\/e-vali-elektrimootorratas-150km\/#primaryimage"},"thumbnailUrl":"https:\/\/projekt.vombat.ee\/eco\/wp-content\/uploads\/2024\/03\/Untitled-design-2024-04-28T111925.040.png","datePublished":"2024-03-10T00:25:19+00:00","dateModified":"2024-04-28T08:20:28+00:00","description":"E-Vali elektrimootorratas pakub s\u00f5iduelamust uuel tasemel. V\u00f5imsa elektrimootori ja tipptasemel tehnoloogiaga varustatud E-Vali tagab sujuva ja d\u00fcnaamilise s\u00f5idu, olles samal ajal keskkonnas\u00f5bralik valik. Lisaks elegantsele disainile pakub see ka suurep\u00e4rast mugavust ja kontrolli, muutes igap\u00e4evase s\u00f5idu nauditavaks kogemuseks.","breadcrumb":{"@id":"https:\/\/projekt.vombat.ee\/eco\/pood\/elektrirollerid\/e-vali-elektrimootorratas-150km\/#breadcrumb"},"inLanguage":"en-GB","potentialAction":[{"@type":"ReadAction","target":["https:\/\/projekt.vombat.ee\/eco\/pood\/elektrirollerid\/e-vali-elektrimootorratas-150km\/"]}]},{"@type":"ImageObject","inLanguage":"en-GB","@id":"https:\/\/projekt.vombat.ee\/eco\/pood\/elektrirollerid\/e-vali-elektrimootorratas-150km\/#primaryimage","url":"https:\/\/projekt.vombat.ee\/eco\/wp-content\/uploads\/2024\/03\/Untitled-design-2024-04-28T111925.040.png","contentUrl":"https:\/\/projekt.vombat.ee\/eco\/wp-content\/uploads\/2024\/03\/Untitled-design-2024-04-28T111925.040.png","width":1080,"height":1080},{"@type":"BreadcrumbList","@id":"https:\/\/projekt.vombat.ee\/eco\/pood\/elektrirollerid\/e-vali-elektrimootorratas-150km\/#breadcrumb","itemListElement":[{"@type":"ListItem","position":1,"name":"Home","item":"https:\/\/projekt.vombat.ee\/eco\/"},{"@type":"ListItem","position":2,"name":"Pood","item":"https:\/\/projekt.vombat.ee\/eco\/pood\/"},{"@type":"ListItem","position":3,"name":"E-vali elektrimootorratas, 150km"}]},{"@type":"WebSite","@id":"https:\/\/projekt.vombat.ee\/eco\/#website","url":"https:\/\/projekt.vombat.ee\/eco\/","name":"Ecocruiser","description":"","publisher":{"@id":"https:\/\/projekt.vombat.ee\/eco\/#organization"},"potentialAction":[{"@type":"SearchAction","target":{"@type":"EntryPoint","urlTemplate":"https:\/\/projekt.vombat.ee\/eco\/?s={search_term_string}"},"query-input":{"@type":"PropertyValueSpecification","valueRequired":true,"valueName":"search_term_string"}}],"inLanguage":"en-GB"},{"@type":"Organization","@id":"https:\/\/projekt.vombat.ee\/eco\/#organization","name":"Ecocruiser","url":"https:\/\/projekt.vombat.ee\/eco\/","logo":{"@type":"ImageObject","inLanguage":"en-GB","@id":"https:\/\/projekt.vombat.ee\/eco\/#\/schema\/logo\/image\/","url":"https:\/\/projekt.vombat.ee\/eco\/wp-content\/uploads\/2023\/03\/ECOCRUISER_5.png","contentUrl":"https:\/\/projekt.vombat.ee\/eco\/wp-content\/uploads\/2023\/03\/ECOCRUISER_5.png","width":234,"height":91,"caption":"Ecocruiser"},"image":{"@id":"https:\/\/projekt.vombat.ee\/eco\/#\/schema\/logo\/image\/"}}]}},"lang":"et","translations":{"et":14900},"pll_sync_post":[],"_links":{"self":[{"href":"https:\/\/projekt.vombat.ee\/eco\/wp-json\/wp\/v2\/product\/14900"}],"collection":[{"href":"https:\/\/projekt.vombat.ee\/eco\/wp-json\/wp\/v2\/product"}],"about":[{"href":"https:\/\/projekt.vombat.ee\/eco\/wp-json\/wp\/v2\/types\/product"}],"version-history":[{"count":2,"href":"https:\/\/projekt.vombat.ee\/eco\/wp-json\/wp\/v2\/product\/14900\/revisions"}],"predecessor-version":[{"id":15147,"href":"https:\/\/projekt.vombat.ee\/eco\/wp-json\/wp\/v2\/product\/14900\/revisions\/15147"}],"wp:featuredmedia":[{"embeddable":true,"href":"https:\/\/projekt.vombat.ee\/eco\/wp-json\/wp\/v2\/media\/16649"}],"wp:attachment":[{"href":"https:\/\/projekt.vombat.ee\/eco\/wp-json\/wp\/v2\/media?parent=14900"}],"wp:term":[{"taxonomy":"product_cat","embeddable":true,"href":"https:\/\/projekt.vombat.ee\/eco\/wp-json\/wp\/v2\/product_cat?post=14900"},{"taxonomy":"product_tag","embeddable":true,"href":"https:\/\/projekt.vombat.ee\/eco\/wp-json\/wp\/v2\/product_tag?post=14900"}],"curies":[{"name":"wp","href":"https:\/\/api.w.org\/{rel}","templated":true}]}}