{"id":14838,"date":"2024-03-10T00:11:53","date_gmt":"2024-03-10T00:11:53","guid":{"rendered":"https:\/\/projekt.vombat.ee\/eco\/?post_type=product&#038;p=14838"},"modified":"2024-03-10T00:11:53","modified_gmt":"2024-03-10T00:11:53","slug":"e-gen-4-0al-elektriroller","status":"publish","type":"product","link":"https:\/\/projekt.vombat.ee\/eco\/pood\/elektrirollerid\/e-gen-4-0al-elektriroller\/","title":{"rendered":"E-Gen 4.0AL elektriroller"},"content":{"rendered":"<h3><strong>S\u00f5iduulatus<\/strong><\/h3>\n<p>Varustatud v\u00f5imsa akuga, mis v\u00f5imaldab l\u00e4bida pikki vahemaid \u00fche laadimisega, pakkudes kasutajale suuremat liikumisvabadust ja -paindlikkust.<\/p>\n<h3><strong>Kvaliteetne konstruktsioon<\/strong><\/h3>\n<p>E-Gen 4.0AL Long Range&#8217;i raam on valmistatud kvaliteetsest ja kergest materjalist, tagades tugevuse ja vastupidavuse.<\/p>\n<h3><strong>Nutikad funktsioonid<\/strong><\/h3>\n<p>Sellel elektrit\u00f5ukerattal on mitmeid nutikaid omadusi, n\u00e4iteks LED-ekraan, mis v\u00f5imaldab j\u00e4lgida oma olulist infot, nagu kiirus ja aku tase.<\/p>\n<h3><strong>Stabiilne s\u00f5iduelamus<\/strong><\/h3>\n<p>T\u00e4nu tugevale raamile ja kvaliteetsetele vedrustuselementidele tagab E-Gen 4.0AL Long Range stabiilse s\u00f5idu erinevatel pindadel, olles samal ajal mugav.<\/p>\n<h3><strong>Mugavus ja praktilisus <\/strong><\/h3>\n<p>Ergonoomilised k\u00e4epidemed, mis tagavad mugava ja k\u00e4ep\u00e4rase haardumise.<\/p>\n","protected":false},"excerpt":{"rendered":"<p>Avasta vabaduse uus tase koos <strong>E-Gen 4.0AL Long Range<\/strong>&#8216;iga &#8211; elektriroller, mis viib sind kaugele!<\/p>\n<p><strong>Omadused:<\/strong><\/p>\n<ul>\n<li>Max. kiirus tavare\u017eiimis 45km\/h<\/li>\n<li>Sport l\u00fcliti, mis avab 60km\/h max. kiiruse<\/li>\n<li>Mootor: 3000W<\/li>\n<li>Eemaldatav aku: 60V 20Ah<\/li>\n<li>12 tollised paksud rehvid ees\/taga<\/li>\n<li>10A kiirlaadija<\/li>\n<\/ul>\n<p>\u2666\u00a0<strong>Tarneaeg 2-6 p\u00e4eva<\/strong><br \/>\n\u2666\u00a0<strong>Laos<\/strong><\/p>\n<p><b>Garantii: 2 aastat!<\/b><\/p>\n<p>&nbsp;<\/p>\n","protected":false},"featured_media":0,"template":"","meta":[],"product_cat":[1662],"product_tag":[],"class_list":{"0":"post-14838","1":"product","2":"type-product","3":"status-publish","5":"product_cat-elektrirollerid","7":"first","8":"instock","9":"taxable","10":"shipping-taxable","11":"purchasable","12":"product-type-simple"},"yoast_head":"<!-- This site is optimized with the Yoast SEO plugin v23.8 - https:\/\/yoast.com\/wordpress\/plugins\/seo\/ -->\n<title>E-Gen 4.0AL elektriroller - Ecocruiser<\/title>\n<meta name=\"description\" content=\"E-Gen 4.0AL Long Range on t\u00e4nap\u00e4evane elektrit\u00f5ukeratas, mis paistab silma oma muljetavaldava s\u00f5iduulatusega ning kvaliteetse konstruktsiooni ja nutikate funktsioonidega. Varustatud v\u00f5imsa akuga, v\u00f5imaldab see l\u00e4bida pikki vahemaid \u00fche laadimisega, pakkudes usaldusv\u00e4\u00e4rset ja mugavat transpordiv\u00f5imalust.\" \/>\n<meta name=\"robots\" content=\"noindex, follow, max-snippet:-1, max-image-preview:large, max-video-preview:-1\" \/>\n<meta property=\"og:locale\" content=\"en_GB\" \/>\n<meta property=\"og:type\" content=\"article\" \/>\n<meta property=\"og:title\" content=\"E-Gen 4.0AL elektriroller - Ecocruiser\" \/>\n<meta property=\"og:description\" content=\"E-Gen 4.0AL Long Range on t\u00e4nap\u00e4evane elektrit\u00f5ukeratas, mis paistab silma oma muljetavaldava s\u00f5iduulatusega ning kvaliteetse konstruktsiooni ja nutikate funktsioonidega. Varustatud v\u00f5imsa akuga, v\u00f5imaldab see l\u00e4bida pikki vahemaid \u00fche laadimisega, pakkudes usaldusv\u00e4\u00e4rset ja mugavat transpordiv\u00f5imalust.\" \/>\n<meta property=\"og:url\" content=\"https:\/\/projekt.vombat.ee\/eco\/pood\/elektrirollerid\/e-gen-4-0al-elektriroller\/\" \/>\n<meta property=\"og:site_name\" content=\"Ecocruiser\" \/>\n<meta property=\"og:image\" content=\"https:\/\/projekt.vombat.ee\/eco\/wp-content\/uploads\/2024\/03\/Artur-1000x1000-35.png\" \/>\n\t<meta property=\"og:image:width\" content=\"1000\" \/>\n\t<meta property=\"og:image:height\" content=\"1000\" \/>\n\t<meta property=\"og:image:type\" content=\"image\/png\" \/>\n<meta name=\"twitter:card\" content=\"summary_large_image\" \/>\n<meta name=\"twitter:label1\" content=\"Estimated reading time\" \/>\n\t<meta name=\"twitter:data1\" content=\"1 minute\" \/>\n<script type=\"application\/ld+json\" class=\"yoast-schema-graph\">{\"@context\":\"https:\/\/schema.org\",\"@graph\":[{\"@type\":\"WebPage\",\"@id\":\"https:\/\/projekt.vombat.ee\/eco\/pood\/elektrirollerid\/e-gen-4-0al-elektriroller\/\",\"url\":\"https:\/\/projekt.vombat.ee\/eco\/pood\/elektrirollerid\/e-gen-4-0al-elektriroller\/\",\"name\":\"E-Gen 4.0AL elektriroller - Ecocruiser\",\"isPartOf\":{\"@id\":\"https:\/\/projekt.vombat.ee\/eco\/#website\"},\"datePublished\":\"2024-03-10T00:11:53+00:00\",\"dateModified\":\"2024-03-10T00:11:53+00:00\",\"description\":\"E-Gen 4.0AL Long Range on t\u00e4nap\u00e4evane elektrit\u00f5ukeratas, mis paistab silma oma muljetavaldava s\u00f5iduulatusega ning kvaliteetse konstruktsiooni ja nutikate funktsioonidega. Varustatud v\u00f5imsa akuga, v\u00f5imaldab see l\u00e4bida pikki vahemaid \u00fche laadimisega, pakkudes usaldusv\u00e4\u00e4rset ja mugavat transpordiv\u00f5imalust.\",\"breadcrumb\":{\"@id\":\"https:\/\/projekt.vombat.ee\/eco\/pood\/elektrirollerid\/e-gen-4-0al-elektriroller\/#breadcrumb\"},\"inLanguage\":\"en-GB\",\"potentialAction\":[{\"@type\":\"ReadAction\",\"target\":[\"https:\/\/projekt.vombat.ee\/eco\/pood\/elektrirollerid\/e-gen-4-0al-elektriroller\/\"]}]},{\"@type\":\"BreadcrumbList\",\"@id\":\"https:\/\/projekt.vombat.ee\/eco\/pood\/elektrirollerid\/e-gen-4-0al-elektriroller\/#breadcrumb\",\"itemListElement\":[{\"@type\":\"ListItem\",\"position\":1,\"name\":\"Home\",\"item\":\"https:\/\/projekt.vombat.ee\/eco\/\"},{\"@type\":\"ListItem\",\"position\":2,\"name\":\"Pood\",\"item\":\"https:\/\/projekt.vombat.ee\/eco\/pood\/\"},{\"@type\":\"ListItem\",\"position\":3,\"name\":\"E-Gen 4.0AL elektriroller\"}]},{\"@type\":\"WebSite\",\"@id\":\"https:\/\/projekt.vombat.ee\/eco\/#website\",\"url\":\"https:\/\/projekt.vombat.ee\/eco\/\",\"name\":\"Ecocruiser\",\"description\":\"\",\"publisher\":{\"@id\":\"https:\/\/projekt.vombat.ee\/eco\/#organization\"},\"potentialAction\":[{\"@type\":\"SearchAction\",\"target\":{\"@type\":\"EntryPoint\",\"urlTemplate\":\"https:\/\/projekt.vombat.ee\/eco\/?s={search_term_string}\"},\"query-input\":{\"@type\":\"PropertyValueSpecification\",\"valueRequired\":true,\"valueName\":\"search_term_string\"}}],\"inLanguage\":\"en-GB\"},{\"@type\":\"Organization\",\"@id\":\"https:\/\/projekt.vombat.ee\/eco\/#organization\",\"name\":\"Ecocruiser\",\"url\":\"https:\/\/projekt.vombat.ee\/eco\/\",\"logo\":{\"@type\":\"ImageObject\",\"inLanguage\":\"en-GB\",\"@id\":\"https:\/\/projekt.vombat.ee\/eco\/#\/schema\/logo\/image\/\",\"url\":\"https:\/\/projekt.vombat.ee\/eco\/wp-content\/uploads\/2023\/03\/ECOCRUISER_5.png\",\"contentUrl\":\"https:\/\/projekt.vombat.ee\/eco\/wp-content\/uploads\/2023\/03\/ECOCRUISER_5.png\",\"width\":234,\"height\":91,\"caption\":\"Ecocruiser\"},\"image\":{\"@id\":\"https:\/\/projekt.vombat.ee\/eco\/#\/schema\/logo\/image\/\"}}]}<\/script>\n<!-- \/ Yoast SEO plugin. -->","yoast_head_json":{"title":"E-Gen 4.0AL elektriroller - Ecocruiser","description":"E-Gen 4.0AL Long Range on t\u00e4nap\u00e4evane elektrit\u00f5ukeratas, mis paistab silma oma muljetavaldava s\u00f5iduulatusega ning kvaliteetse konstruktsiooni ja nutikate funktsioonidega. Varustatud v\u00f5imsa akuga, v\u00f5imaldab see l\u00e4bida pikki vahemaid \u00fche laadimisega, pakkudes usaldusv\u00e4\u00e4rset ja mugavat transpordiv\u00f5imalust.","robots":{"index":"noindex","follow":"follow","max-snippet":"max-snippet:-1","max-image-preview":"max-image-preview:large","max-video-preview":"max-video-preview:-1"},"og_locale":"en_GB","og_type":"article","og_title":"E-Gen 4.0AL elektriroller - Ecocruiser","og_description":"E-Gen 4.0AL Long Range on t\u00e4nap\u00e4evane elektrit\u00f5ukeratas, mis paistab silma oma muljetavaldava s\u00f5iduulatusega ning kvaliteetse konstruktsiooni ja nutikate funktsioonidega. Varustatud v\u00f5imsa akuga, v\u00f5imaldab see l\u00e4bida pikki vahemaid \u00fche laadimisega, pakkudes usaldusv\u00e4\u00e4rset ja mugavat transpordiv\u00f5imalust.","og_url":"https:\/\/projekt.vombat.ee\/eco\/pood\/elektrirollerid\/e-gen-4-0al-elektriroller\/","og_site_name":"Ecocruiser","og_image":[{"width":1000,"height":1000,"url":"https:\/\/projekt.vombat.ee\/eco\/wp-content\/uploads\/2024\/03\/Artur-1000x1000-35.png","type":"image\/png"}],"twitter_card":"summary_large_image","twitter_misc":{"Estimated reading time":"1 minute"},"schema":{"@context":"https:\/\/schema.org","@graph":[{"@type":"WebPage","@id":"https:\/\/projekt.vombat.ee\/eco\/pood\/elektrirollerid\/e-gen-4-0al-elektriroller\/","url":"https:\/\/projekt.vombat.ee\/eco\/pood\/elektrirollerid\/e-gen-4-0al-elektriroller\/","name":"E-Gen 4.0AL elektriroller - Ecocruiser","isPartOf":{"@id":"https:\/\/projekt.vombat.ee\/eco\/#website"},"datePublished":"2024-03-10T00:11:53+00:00","dateModified":"2024-03-10T00:11:53+00:00","description":"E-Gen 4.0AL Long Range on t\u00e4nap\u00e4evane elektrit\u00f5ukeratas, mis paistab silma oma muljetavaldava s\u00f5iduulatusega ning kvaliteetse konstruktsiooni ja nutikate funktsioonidega. Varustatud v\u00f5imsa akuga, v\u00f5imaldab see l\u00e4bida pikki vahemaid \u00fche laadimisega, pakkudes usaldusv\u00e4\u00e4rset ja mugavat transpordiv\u00f5imalust.","breadcrumb":{"@id":"https:\/\/projekt.vombat.ee\/eco\/pood\/elektrirollerid\/e-gen-4-0al-elektriroller\/#breadcrumb"},"inLanguage":"en-GB","potentialAction":[{"@type":"ReadAction","target":["https:\/\/projekt.vombat.ee\/eco\/pood\/elektrirollerid\/e-gen-4-0al-elektriroller\/"]}]},{"@type":"BreadcrumbList","@id":"https:\/\/projekt.vombat.ee\/eco\/pood\/elektrirollerid\/e-gen-4-0al-elektriroller\/#breadcrumb","itemListElement":[{"@type":"ListItem","position":1,"name":"Home","item":"https:\/\/projekt.vombat.ee\/eco\/"},{"@type":"ListItem","position":2,"name":"Pood","item":"https:\/\/projekt.vombat.ee\/eco\/pood\/"},{"@type":"ListItem","position":3,"name":"E-Gen 4.0AL elektriroller"}]},{"@type":"WebSite","@id":"https:\/\/projekt.vombat.ee\/eco\/#website","url":"https:\/\/projekt.vombat.ee\/eco\/","name":"Ecocruiser","description":"","publisher":{"@id":"https:\/\/projekt.vombat.ee\/eco\/#organization"},"potentialAction":[{"@type":"SearchAction","target":{"@type":"EntryPoint","urlTemplate":"https:\/\/projekt.vombat.ee\/eco\/?s={search_term_string}"},"query-input":{"@type":"PropertyValueSpecification","valueRequired":true,"valueName":"search_term_string"}}],"inLanguage":"en-GB"},{"@type":"Organization","@id":"https:\/\/projekt.vombat.ee\/eco\/#organization","name":"Ecocruiser","url":"https:\/\/projekt.vombat.ee\/eco\/","logo":{"@type":"ImageObject","inLanguage":"en-GB","@id":"https:\/\/projekt.vombat.ee\/eco\/#\/schema\/logo\/image\/","url":"https:\/\/projekt.vombat.ee\/eco\/wp-content\/uploads\/2023\/03\/ECOCRUISER_5.png","contentUrl":"https:\/\/projekt.vombat.ee\/eco\/wp-content\/uploads\/2023\/03\/ECOCRUISER_5.png","width":234,"height":91,"caption":"Ecocruiser"},"image":{"@id":"https:\/\/projekt.vombat.ee\/eco\/#\/schema\/logo\/image\/"}}]}},"lang":"et","translations":{"et":14838},"pll_sync_post":[],"_links":{"self":[{"href":"https:\/\/projekt.vombat.ee\/eco\/wp-json\/wp\/v2\/product\/14838"}],"collection":[{"href":"https:\/\/projekt.vombat.ee\/eco\/wp-json\/wp\/v2\/product"}],"about":[{"href":"https:\/\/projekt.vombat.ee\/eco\/wp-json\/wp\/v2\/types\/product"}],"version-history":[{"count":2,"href":"https:\/\/projekt.vombat.ee\/eco\/wp-json\/wp\/v2\/product\/14838\/revisions"}],"predecessor-version":[{"id":15139,"href":"https:\/\/projekt.vombat.ee\/eco\/wp-json\/wp\/v2\/product\/14838\/revisions\/15139"}],"wp:attachment":[{"href":"https:\/\/projekt.vombat.ee\/eco\/wp-json\/wp\/v2\/media?parent=14838"}],"wp:term":[{"taxonomy":"product_cat","embeddable":true,"href":"https:\/\/projekt.vombat.ee\/eco\/wp-json\/wp\/v2\/product_cat?post=14838"},{"taxonomy":"product_tag","embeddable":true,"href":"https:\/\/projekt.vombat.ee\/eco\/wp-json\/wp\/v2\/product_tag?post=14838"}],"curies":[{"name":"wp","href":"https:\/\/api.w.org\/{rel}","templated":true}]}}