{"id":14792,"date":"2024-02-29T07:10:40","date_gmt":"2024-02-29T07:10:40","guid":{"rendered":"https:\/\/projekt.vombat.ee\/eco\/?post_type=product&#038;p=14792"},"modified":"2024-04-22T19:19:20","modified_gmt":"2024-04-22T19:19:20","slug":"fafrees-hailong-one-elektrijalgratas-2","status":"publish","type":"product","link":"https:\/\/projekt.vombat.ee\/eco\/pood\/elektrirattad\/linnarattad\/fafrees-hailong-one-elektrijalgratas-2\/","title":{"rendered":"Fafrees Hailong One elektrijalgratas"},"content":{"rendered":"<h1 class=\"product_title entry-title sca-fg-form-icon-product-page\">Fafrees Hailong One elektrijalgratas<\/h1>\n<p><img fetchpriority=\"high\" decoding=\"async\" class=\"\" src=\"https:\/\/imgaz.staticbg.com\/thumb\/large\/oaupload\/banggood\/images\/B9\/CD\/b682ef62-9dff-49eb-8bce-39c484875210.jpg.webp\" width=\"986\" height=\"986\" \/><\/p>\n<p>&nbsp;<\/p>\n<h3><\/h3>\n<h3>250 W mootor<\/h3>\n<p><img decoding=\"async\" class=\"\" src=\"https:\/\/imgaz.staticbg.com\/images\/oaupload\/banggood\/images\/17\/EF\/83b90b6f-d233-4a0a-a7f8-fbab5e3cd0e7.jpg.webp\" width=\"1112\" height=\"1112\" \/><\/p>\n<h3>Eemaldatav aku<\/h3>\n<p>36 V 13 Ah liitiumioonaku, laadimisaeg 6-8 tundi<\/p>\n<p>&nbsp;<\/p>\n<p>&nbsp;<\/p>\n<p><img decoding=\"async\" class=\"\" src=\"https:\/\/imgaz.staticbg.com\/images\/oaupload\/banggood\/images\/DE\/FA\/4628bb25-450c-4353-a04a-c929afeaefd4.jpg.webp\" width=\"1095\" height=\"1095\" \/><\/p>\n<p>&nbsp;<\/p>\n<h3>Tagumine 7-k\u00e4iguline ja eesmine 3-k\u00e4iguline Shimano mehaaniline k\u00e4iguvahetus, kokku 21 k\u00e4iku<\/h3>\n<p><img loading=\"lazy\" decoding=\"async\" class=\"\" src=\"https:\/\/imgaz.staticbg.com\/images\/oaupload\/banggood\/images\/31\/8C\/95ff5709-d239-42b1-9eeb-17d7f65cdd55.jpg.webp\" width=\"1098\" height=\"1098\" \/><\/p>\n<p>&nbsp;<\/p>\n<p>&nbsp;<\/p>\n<h3>Rehvid<\/h3>\n<p>26 \u00d7 2,1 tolli \u00f5hkrehvid<\/p>\n<p>&nbsp;<\/p>\n<h3>Nutikas LCD-ekraan ja LED-tuled<\/h3>\n<p>&nbsp;<\/p>\n<p><img loading=\"lazy\" decoding=\"async\" class=\"\" src=\"https:\/\/imgaz.staticbg.com\/images\/oaupload\/banggood\/images\/01\/86\/8b9ce7c2-bcbd-4347-92c2-4a395e84422c.jpg.webp\" width=\"1113\" height=\"1113\" \/><\/p>\n<p><img loading=\"lazy\" decoding=\"async\" class=\"\" src=\"https:\/\/imgaz.staticbg.com\/images\/oaupload\/banggood\/images\/58\/B8\/f923cd01-b4f0-47de-ae82-e4c3cb556594.jpg.webp\" width=\"1124\" height=\"1124\" \/><\/p>\n<p>&nbsp;<\/p>\n<h3>Amortisaatorid<\/h3>\n<p>&nbsp;<\/p>\n<p><img loading=\"lazy\" decoding=\"async\" class=\"\" src=\"https:\/\/imgaz.staticbg.com\/images\/oaupload\/banggood\/images\/92\/12\/31605601-1ecf-4a5f-bf1d-e37b7e78a6d1.jpg.webp\" width=\"1167\" height=\"1167\" \/><\/p>\n<h3>Pidurid<\/h3>\n<p>Mehhaanilised ketaspidurid<\/p>\n<p>&nbsp;<\/p>\n<h3>M\u00f5\u00f5dud:<\/h3>\n<p><img loading=\"lazy\" decoding=\"async\" class=\"\" src=\"https:\/\/imgaz.staticbg.com\/images\/oaupload\/banggood\/images\/D7\/75\/253c4bd4-e469-4994-8e1f-b5ca39eca429.jpg.webp\" width=\"1166\" height=\"1166\" \/><\/p>\n<p>Ratturi pikkus: 160-195 cm<\/p>\n<p>Ratta kaal: 23 kg<\/p>\n<p>Ratta pikkus:\u00a0 1973 mm; k\u00f5rgus 1030 m; laius 69 cm<\/p>\n<p>Ratta maksimaalne kandev\u00f5ime 120 kg<\/p>\n<p>&nbsp;<\/p>\n<h3>Info<\/h3>\n<p>Raami materjal: alumiiniumsulam<br \/>\nMootor: 250W mootor<br \/>\nAku: 36 V 13 Ah Liitiumaku<\/p>\n<p>Maksimaalne s\u00f5iduulatus: 55 km<br \/>\nMaksimaalne kiirus : 25 KM\/H<\/p>\n<p>T\u00f5usunurk: 30\u00b0<br \/>\nRehvid: 26*2,1 tolli<\/p>\n<p>Digitaalne LCD ekraan<br \/>\nK\u00e4igud: Tagumine 7-k\u00e4iguline ja eesmine 3-k\u00e4iguline Shimano mehaaniline k\u00e4iguvahetus, kokku 21 k\u00e4iku<\/p>\n<p>Pidurid: Mehhaanilised ketaspidurid<\/p>\n<p>Eesmine ja tagumine topelth\u00fcdrauliline vedrustus<\/p>\n<p>Kohtvalgusti: LED-esi- ja tagatuled<br \/>\nMaksimaalne kandev\u00f5ime: 120 kg<br \/>\nSoovitatav s\u00f5itja pikkus: 160-195 cm<\/p>\n","protected":false},"excerpt":{"rendered":"<h5 class=\"product_title entry-title sca-fg-form-icon-product-page\">Fafrees Hailong One elektrijalgratas<\/h5>\n<ul>\n<li>Kiirus 25 km\/h<\/li>\n<li>Raami materjal: alumiinimusulam<\/li>\n<li>Kokkupandav kronstein: ei<\/li>\n<li>Mootor: 250W\u00a0 mootor<\/li>\n<li>36 V 13 Ah liitiumioonaku<\/li>\n<li>Maksimaalne s\u00f5iduulatus: 55 km<\/li>\n<li>Maksimaalne kiirus : 25 KM\/H<\/li>\n<li>T\u00f5usunurk: 30\u00b0<\/li>\n<li>Rehvid: 26*2,1 tolli<\/li>\n<li>Digitaalne LCD ekraan<\/li>\n<li>K\u00e4igud: Tagumine 7-k\u00e4iguline ja eesmine 3-k\u00e4iguline Shimano mehaaniline k\u00e4iguvahetus, kokku 21 k\u00e4iku<\/li>\n<li>Pidurid: Mehhaanilised ketaspidurid<\/li>\n<li>Eesmine ja tagumine topelth\u00fcdrauliline vedrustus<\/li>\n<li>Valgusti: LED-esi- ja tagatuled<\/li>\n<li>Maksimaalne kandev\u00f5ime: 120 kg<\/li>\n<li>Soovitatav s\u00f5itja pikkus: 160-195 cm<\/li>\n<\/ul>\n<p>NB: Tellimuse esitamisel m\u00e4rkida infoks ratta v\u00e4rv<\/p>\n<p>\u2666\u00a0<strong>Tarneaeg 2-6 p\u00e4eva<\/strong><br \/>\n\u2666\u00a0<strong>Laos<\/strong><\/p>\n","protected":false},"featured_media":16430,"template":"","meta":[],"product_cat":[52,907,903,905],"product_tag":[],"class_list":{"0":"post-14792","1":"product","2":"type-product","3":"status-publish","4":"has-post-thumbnail","6":"product_cat-elektrirattad","7":"product_cat-kokkupandavad-rattad","8":"product_cat-linnarattad","9":"product_cat-maastikurattad","10":"product_shipping_class-suured-pakid","12":"first","13":"instock","14":"taxable","15":"shipping-taxable","16":"purchasable","17":"product-type-simple"},"yoast_head":"<!-- This site is optimized with the Yoast SEO plugin v23.8 - https:\/\/yoast.com\/wordpress\/plugins\/seo\/ -->\n<title>Fafrees Hailong One elektrijalgratas - Ecocruiser<\/title>\n<meta name=\"description\" content=\"V\u00f5imas mootor ja 21-k\u00e4iguline k\u00e4igukast v\u00f5imaldavad mugavat s\u00f5itu erinevates tee- ja ilmaoludes, nii tasasel pinnal kui m\u00e4kket\u00f5usul.\" \/>\n<meta name=\"robots\" content=\"noindex, follow, max-snippet:-1, max-image-preview:large, max-video-preview:-1\" \/>\n<meta property=\"og:locale\" content=\"en_GB\" \/>\n<meta property=\"og:type\" content=\"article\" \/>\n<meta property=\"og:title\" content=\"Fafrees Hailong One elektrijalgratas - Ecocruiser\" \/>\n<meta property=\"og:description\" content=\"V\u00f5imas mootor ja 21-k\u00e4iguline k\u00e4igukast v\u00f5imaldavad mugavat s\u00f5itu erinevates tee- ja ilmaoludes, nii tasasel pinnal kui m\u00e4kket\u00f5usul.\" \/>\n<meta property=\"og:url\" content=\"https:\/\/projekt.vombat.ee\/eco\/pood\/elektrirattad\/linnarattad\/fafrees-hailong-one-elektrijalgratas-2\/\" \/>\n<meta property=\"og:site_name\" content=\"Ecocruiser\" \/>\n<meta property=\"article:modified_time\" content=\"2024-04-22T19:19:20+00:00\" \/>\n<meta property=\"og:image\" content=\"https:\/\/projekt.vombat.ee\/eco\/wp-content\/uploads\/2024\/02\/Untitled-design-2024-04-22T221646.934.png\" \/>\n\t<meta property=\"og:image:width\" content=\"1000\" \/>\n\t<meta property=\"og:image:height\" content=\"1000\" \/>\n\t<meta property=\"og:image:type\" content=\"image\/png\" \/>\n<meta name=\"twitter:card\" content=\"summary_large_image\" \/>\n<meta name=\"twitter:label1\" content=\"Estimated reading time\" \/>\n\t<meta name=\"twitter:data1\" content=\"3 minutes\" \/>\n<script type=\"application\/ld+json\" class=\"yoast-schema-graph\">{\"@context\":\"https:\/\/schema.org\",\"@graph\":[{\"@type\":\"WebPage\",\"@id\":\"https:\/\/projekt.vombat.ee\/eco\/pood\/elektrirattad\/linnarattad\/fafrees-hailong-one-elektrijalgratas-2\/\",\"url\":\"https:\/\/projekt.vombat.ee\/eco\/pood\/elektrirattad\/linnarattad\/fafrees-hailong-one-elektrijalgratas-2\/\",\"name\":\"Fafrees Hailong One elektrijalgratas - Ecocruiser\",\"isPartOf\":{\"@id\":\"https:\/\/projekt.vombat.ee\/eco\/#website\"},\"primaryImageOfPage\":{\"@id\":\"https:\/\/projekt.vombat.ee\/eco\/pood\/elektrirattad\/linnarattad\/fafrees-hailong-one-elektrijalgratas-2\/#primaryimage\"},\"image\":{\"@id\":\"https:\/\/projekt.vombat.ee\/eco\/pood\/elektrirattad\/linnarattad\/fafrees-hailong-one-elektrijalgratas-2\/#primaryimage\"},\"thumbnailUrl\":\"https:\/\/projekt.vombat.ee\/eco\/wp-content\/uploads\/2024\/02\/Untitled-design-2024-04-22T221646.934.png\",\"datePublished\":\"2024-02-29T07:10:40+00:00\",\"dateModified\":\"2024-04-22T19:19:20+00:00\",\"description\":\"V\u00f5imas mootor ja 21-k\u00e4iguline k\u00e4igukast v\u00f5imaldavad mugavat s\u00f5itu erinevates tee- ja ilmaoludes, nii tasasel pinnal kui m\u00e4kket\u00f5usul.\",\"breadcrumb\":{\"@id\":\"https:\/\/projekt.vombat.ee\/eco\/pood\/elektrirattad\/linnarattad\/fafrees-hailong-one-elektrijalgratas-2\/#breadcrumb\"},\"inLanguage\":\"en-GB\",\"potentialAction\":[{\"@type\":\"ReadAction\",\"target\":[\"https:\/\/projekt.vombat.ee\/eco\/pood\/elektrirattad\/linnarattad\/fafrees-hailong-one-elektrijalgratas-2\/\"]}]},{\"@type\":\"ImageObject\",\"inLanguage\":\"en-GB\",\"@id\":\"https:\/\/projekt.vombat.ee\/eco\/pood\/elektrirattad\/linnarattad\/fafrees-hailong-one-elektrijalgratas-2\/#primaryimage\",\"url\":\"https:\/\/projekt.vombat.ee\/eco\/wp-content\/uploads\/2024\/02\/Untitled-design-2024-04-22T221646.934.png\",\"contentUrl\":\"https:\/\/projekt.vombat.ee\/eco\/wp-content\/uploads\/2024\/02\/Untitled-design-2024-04-22T221646.934.png\",\"width\":1000,\"height\":1000},{\"@type\":\"BreadcrumbList\",\"@id\":\"https:\/\/projekt.vombat.ee\/eco\/pood\/elektrirattad\/linnarattad\/fafrees-hailong-one-elektrijalgratas-2\/#breadcrumb\",\"itemListElement\":[{\"@type\":\"ListItem\",\"position\":1,\"name\":\"Home\",\"item\":\"https:\/\/projekt.vombat.ee\/eco\/\"},{\"@type\":\"ListItem\",\"position\":2,\"name\":\"Pood\",\"item\":\"https:\/\/projekt.vombat.ee\/eco\/pood\/\"},{\"@type\":\"ListItem\",\"position\":3,\"name\":\"Fafrees Hailong One elektrijalgratas\"}]},{\"@type\":\"WebSite\",\"@id\":\"https:\/\/projekt.vombat.ee\/eco\/#website\",\"url\":\"https:\/\/projekt.vombat.ee\/eco\/\",\"name\":\"Ecocruiser\",\"description\":\"\",\"publisher\":{\"@id\":\"https:\/\/projekt.vombat.ee\/eco\/#organization\"},\"potentialAction\":[{\"@type\":\"SearchAction\",\"target\":{\"@type\":\"EntryPoint\",\"urlTemplate\":\"https:\/\/projekt.vombat.ee\/eco\/?s={search_term_string}\"},\"query-input\":{\"@type\":\"PropertyValueSpecification\",\"valueRequired\":true,\"valueName\":\"search_term_string\"}}],\"inLanguage\":\"en-GB\"},{\"@type\":\"Organization\",\"@id\":\"https:\/\/projekt.vombat.ee\/eco\/#organization\",\"name\":\"Ecocruiser\",\"url\":\"https:\/\/projekt.vombat.ee\/eco\/\",\"logo\":{\"@type\":\"ImageObject\",\"inLanguage\":\"en-GB\",\"@id\":\"https:\/\/projekt.vombat.ee\/eco\/#\/schema\/logo\/image\/\",\"url\":\"https:\/\/projekt.vombat.ee\/eco\/wp-content\/uploads\/2023\/03\/ECOCRUISER_5.png\",\"contentUrl\":\"https:\/\/projekt.vombat.ee\/eco\/wp-content\/uploads\/2023\/03\/ECOCRUISER_5.png\",\"width\":234,\"height\":91,\"caption\":\"Ecocruiser\"},\"image\":{\"@id\":\"https:\/\/projekt.vombat.ee\/eco\/#\/schema\/logo\/image\/\"}}]}<\/script>\n<!-- \/ Yoast SEO plugin. -->","yoast_head_json":{"title":"Fafrees Hailong One elektrijalgratas - Ecocruiser","description":"V\u00f5imas mootor ja 21-k\u00e4iguline k\u00e4igukast v\u00f5imaldavad mugavat s\u00f5itu erinevates tee- ja ilmaoludes, nii tasasel pinnal kui m\u00e4kket\u00f5usul.","robots":{"index":"noindex","follow":"follow","max-snippet":"max-snippet:-1","max-image-preview":"max-image-preview:large","max-video-preview":"max-video-preview:-1"},"og_locale":"en_GB","og_type":"article","og_title":"Fafrees Hailong One elektrijalgratas - Ecocruiser","og_description":"V\u00f5imas mootor ja 21-k\u00e4iguline k\u00e4igukast v\u00f5imaldavad mugavat s\u00f5itu erinevates tee- ja ilmaoludes, nii tasasel pinnal kui m\u00e4kket\u00f5usul.","og_url":"https:\/\/projekt.vombat.ee\/eco\/pood\/elektrirattad\/linnarattad\/fafrees-hailong-one-elektrijalgratas-2\/","og_site_name":"Ecocruiser","article_modified_time":"2024-04-22T19:19:20+00:00","og_image":[{"width":1000,"height":1000,"url":"https:\/\/projekt.vombat.ee\/eco\/wp-content\/uploads\/2024\/02\/Untitled-design-2024-04-22T221646.934.png","type":"image\/png"}],"twitter_card":"summary_large_image","twitter_misc":{"Estimated reading time":"3 minutes"},"schema":{"@context":"https:\/\/schema.org","@graph":[{"@type":"WebPage","@id":"https:\/\/projekt.vombat.ee\/eco\/pood\/elektrirattad\/linnarattad\/fafrees-hailong-one-elektrijalgratas-2\/","url":"https:\/\/projekt.vombat.ee\/eco\/pood\/elektrirattad\/linnarattad\/fafrees-hailong-one-elektrijalgratas-2\/","name":"Fafrees Hailong One elektrijalgratas - Ecocruiser","isPartOf":{"@id":"https:\/\/projekt.vombat.ee\/eco\/#website"},"primaryImageOfPage":{"@id":"https:\/\/projekt.vombat.ee\/eco\/pood\/elektrirattad\/linnarattad\/fafrees-hailong-one-elektrijalgratas-2\/#primaryimage"},"image":{"@id":"https:\/\/projekt.vombat.ee\/eco\/pood\/elektrirattad\/linnarattad\/fafrees-hailong-one-elektrijalgratas-2\/#primaryimage"},"thumbnailUrl":"https:\/\/projekt.vombat.ee\/eco\/wp-content\/uploads\/2024\/02\/Untitled-design-2024-04-22T221646.934.png","datePublished":"2024-02-29T07:10:40+00:00","dateModified":"2024-04-22T19:19:20+00:00","description":"V\u00f5imas mootor ja 21-k\u00e4iguline k\u00e4igukast v\u00f5imaldavad mugavat s\u00f5itu erinevates tee- ja ilmaoludes, nii tasasel pinnal kui m\u00e4kket\u00f5usul.","breadcrumb":{"@id":"https:\/\/projekt.vombat.ee\/eco\/pood\/elektrirattad\/linnarattad\/fafrees-hailong-one-elektrijalgratas-2\/#breadcrumb"},"inLanguage":"en-GB","potentialAction":[{"@type":"ReadAction","target":["https:\/\/projekt.vombat.ee\/eco\/pood\/elektrirattad\/linnarattad\/fafrees-hailong-one-elektrijalgratas-2\/"]}]},{"@type":"ImageObject","inLanguage":"en-GB","@id":"https:\/\/projekt.vombat.ee\/eco\/pood\/elektrirattad\/linnarattad\/fafrees-hailong-one-elektrijalgratas-2\/#primaryimage","url":"https:\/\/projekt.vombat.ee\/eco\/wp-content\/uploads\/2024\/02\/Untitled-design-2024-04-22T221646.934.png","contentUrl":"https:\/\/projekt.vombat.ee\/eco\/wp-content\/uploads\/2024\/02\/Untitled-design-2024-04-22T221646.934.png","width":1000,"height":1000},{"@type":"BreadcrumbList","@id":"https:\/\/projekt.vombat.ee\/eco\/pood\/elektrirattad\/linnarattad\/fafrees-hailong-one-elektrijalgratas-2\/#breadcrumb","itemListElement":[{"@type":"ListItem","position":1,"name":"Home","item":"https:\/\/projekt.vombat.ee\/eco\/"},{"@type":"ListItem","position":2,"name":"Pood","item":"https:\/\/projekt.vombat.ee\/eco\/pood\/"},{"@type":"ListItem","position":3,"name":"Fafrees Hailong One elektrijalgratas"}]},{"@type":"WebSite","@id":"https:\/\/projekt.vombat.ee\/eco\/#website","url":"https:\/\/projekt.vombat.ee\/eco\/","name":"Ecocruiser","description":"","publisher":{"@id":"https:\/\/projekt.vombat.ee\/eco\/#organization"},"potentialAction":[{"@type":"SearchAction","target":{"@type":"EntryPoint","urlTemplate":"https:\/\/projekt.vombat.ee\/eco\/?s={search_term_string}"},"query-input":{"@type":"PropertyValueSpecification","valueRequired":true,"valueName":"search_term_string"}}],"inLanguage":"en-GB"},{"@type":"Organization","@id":"https:\/\/projekt.vombat.ee\/eco\/#organization","name":"Ecocruiser","url":"https:\/\/projekt.vombat.ee\/eco\/","logo":{"@type":"ImageObject","inLanguage":"en-GB","@id":"https:\/\/projekt.vombat.ee\/eco\/#\/schema\/logo\/image\/","url":"https:\/\/projekt.vombat.ee\/eco\/wp-content\/uploads\/2023\/03\/ECOCRUISER_5.png","contentUrl":"https:\/\/projekt.vombat.ee\/eco\/wp-content\/uploads\/2023\/03\/ECOCRUISER_5.png","width":234,"height":91,"caption":"Ecocruiser"},"image":{"@id":"https:\/\/projekt.vombat.ee\/eco\/#\/schema\/logo\/image\/"}}]}},"lang":"et","translations":{"et":14792},"pll_sync_post":[],"_links":{"self":[{"href":"https:\/\/projekt.vombat.ee\/eco\/wp-json\/wp\/v2\/product\/14792"}],"collection":[{"href":"https:\/\/projekt.vombat.ee\/eco\/wp-json\/wp\/v2\/product"}],"about":[{"href":"https:\/\/projekt.vombat.ee\/eco\/wp-json\/wp\/v2\/types\/product"}],"version-history":[{"count":1,"href":"https:\/\/projekt.vombat.ee\/eco\/wp-json\/wp\/v2\/product\/14792\/revisions"}],"predecessor-version":[{"id":16435,"href":"https:\/\/projekt.vombat.ee\/eco\/wp-json\/wp\/v2\/product\/14792\/revisions\/16435"}],"wp:featuredmedia":[{"embeddable":true,"href":"https:\/\/projekt.vombat.ee\/eco\/wp-json\/wp\/v2\/media\/16430"}],"wp:attachment":[{"href":"https:\/\/projekt.vombat.ee\/eco\/wp-json\/wp\/v2\/media?parent=14792"}],"wp:term":[{"taxonomy":"product_cat","embeddable":true,"href":"https:\/\/projekt.vombat.ee\/eco\/wp-json\/wp\/v2\/product_cat?post=14792"},{"taxonomy":"product_tag","embeddable":true,"href":"https:\/\/projekt.vombat.ee\/eco\/wp-json\/wp\/v2\/product_tag?post=14792"}],"curies":[{"name":"wp","href":"https:\/\/api.w.org\/{rel}","templated":true}]}}