{"id":14778,"date":"2024-02-29T06:01:27","date_gmt":"2024-02-29T06:01:27","guid":{"rendered":"https:\/\/projekt.vombat.ee\/eco\/?post_type=product&#038;p=14778"},"modified":"2024-05-02T17:44:53","modified_gmt":"2024-05-02T17:44:53","slug":"ridstar-kokkupandav-elektrijalgratas-h26-pro","status":"publish","type":"product","link":"https:\/\/projekt.vombat.ee\/eco\/pood\/elektrirattad\/linnarattad\/ridstar-kokkupandav-elektrijalgratas-h26-pro\/","title":{"rendered":"Ridstar kokkupandav elektrijalgratas H26 Pro, 120 km"},"content":{"rendered":"<h1 class=\"product_title entry-title sca-fg-form-icon-product-page\">Ridstar kokkupandav elektrijalgratas H26 Pro<\/h1>\n<p><span style=\"font-size: inherit;\"> <img decoding=\"async\" src=\"https:\/\/ridstar-ebike.com\/wp-content\/uploads\/2023\/09\/main-1-1.jpg\" \/><\/span><\/p>\n<p>&nbsp;<\/p>\n<h3>250 W harjadeta mootor<\/h3>\n<p>Kokkupandav Ridstar elektrijalgratas on varustatud 250W harjadeta mootoritega. Need v\u00f5imsad mootorid suudavad teie maksimaalset kiirust 25 km\/h ja t\u00f5usta 30\u00b0 m\u00e4kke.<\/p>\n<p>&nbsp;<\/p>\n<h3>Eemaldatav aku<\/h3>\n<p>Ridstar H20 48V\/20Ah liitiumaku on varustatud vee- ja plahvatuskindla eemaldatava akuga. Ridstari elektrijalgratta liitiumioonaku on erinevate kaitsefunktsioonidega, sealhulgas \u00fclelaadimise, \u00fclevoolu ja l\u00fchisekaitsega. Isegi p\u00e4rast 1000 laadimists\u00fcklit suudab aku s\u00e4ilitada 80% oma algsest mahust.<\/p>\n<p>&nbsp;<\/p>\n<p><img decoding=\"async\" src=\"https:\/\/ridstar-ebike.com\/wp-content\/uploads\/2023\/09\/BATTERY-1.jpg\" alt=\"RIDSTAR\" \/><\/p>\n<p>&nbsp;<\/p>\n<p>&nbsp;<\/p>\n<h3>Tagumine 7-k\u00e4iguline ja eesmine 3-k\u00e4iguline Shimano mehaaniline k\u00e4iguvahetus, kokku 21 k\u00e4iku<\/h3>\n<p>&nbsp;<\/p>\n<h3>Lihtsalt kokkupandav<\/h3>\n<p>Rattal on mugav voltimiskonstruktsioon l\u00e4heb kiiresti kokku 10 sekundiga. Kokkupandud suurus 170*102*57cm. Seda saab h\u00f5lpsasti pagasiruumi mahutada, \u00fclikergest materjalist raamiga ratast on lihtne t\u00f5sta.<\/p>\n<p><img fetchpriority=\"high\" decoding=\"async\" class=\"\" src=\"https:\/\/ridstar-ebike.com\/wp-content\/uploads\/2023\/09\/main-3-3.jpg\" width=\"1107\" height=\"1107\" \/><\/p>\n<p>&nbsp;<\/p>\n<p>&nbsp;<\/p>\n<p>&nbsp;<\/p>\n<h3>Alumiiniumsulamist esikahvel<\/h3>\n<p>Tugevate ja kergete materjalide kombinatsioon koos esihargi vedrustusega tagab mugavama ja sujuvama s\u00f5idu. Kahvli saab ka lukustada. See mitte ainult ei paranda juhitavust, vaid v\u00e4hendab ka kogukaalu, muutes s\u00f5idu nauditavamaks.<\/p>\n<p>&nbsp;<\/p>\n<h3>Rehvid<\/h3>\n<p>26 \u00d7 4 tolli paksud jalgrattarehvid on sobilikud erinevates s\u00f5idutingimustes, isegi lumel ja rannas, aga ka\u00a0 m\u00e4gedes ja linnat\u00e4naval.<\/p>\n<p><img decoding=\"async\" src=\"https:\/\/ridstar-ebike.com\/wp-content\/uploads\/2023\/09\/26inch-1500w48v-20ah-06-819x1024.jpg\" \/><\/p>\n<p>&nbsp;<\/p>\n<p>&nbsp;<\/p>\n<h3>Nutikas LCD-ekraan ja LED-tuled<\/h3>\n<p>Ratta LCD-ekraan n\u00e4itab kiirust, aku taset ja l\u00e4bitud vahemaad, aidates nii s\u00f5itu j\u00e4lgida. See on mugav j\u00f5udluse j\u00e4lgimiseks ja piisava v\u00f5imsuse tagamiseks.<\/p>\n<p>LED-esituli valgustab teed \u00f6isel ajal. Tagatuli muudab teid tagant n\u00e4htavaks ning helkurid ja peeglid parandavad teie \u00fcldist n\u00e4htavust ja ohutust.<\/p>\n<p><img decoding=\"async\" class=\"\" src=\"https:\/\/ridstar-ebike.com\/wp-content\/uploads\/2023\/09\/Screen1.jpg\" alt=\"ridstar elektrijalgratas\" width=\"901\" height=\"901\" \/><\/p>\n<p>&nbsp;<\/p>\n<h3>Amortisaatorid<\/h3>\n<p>T\u00e4iustatud alumiiniumsulamist amortisaator pakub rohkem v\u00f5imalusi maastikul s\u00f5itmiseks. Rattal on esi- ja tagaosa topelth\u00fcdrauliline vedrustus.<\/p>\n<h3>M\u00f5\u00f5dud:<\/h3>\n<p>Ratturi pikkus: 175-205 cm<\/p>\n<p>Ratta kaal: 32 kg<\/p>\n<p>Ratta pikkus:\u00a0 1970 mm; k\u00f5rgus 1200 mm<\/p>\n<p>Kokkupandult m\u00f5\u00f5dud: 1000 mm x 1000 mm x 730 mm<\/p>\n<p>Ratta maksimaalne kandev\u00f5ime 150 kg<\/p>\n<p>&nbsp;<\/p>\n<h3>Info<\/h3>\n<p>Raami materjal: kroomitud teras<br \/>\nKokkupandav kronstein: jah<br \/>\nMootor: 250W harjadeta mootor<br \/>\nAku: 48V 23AH aku<br \/>\nMaksimaalne s\u00f5iduulatus: 120 km<br \/>\nMaksimaalne kiirus : 25 KM\/H<\/p>\n<p>T\u00f5usunurk: 30\u00b0<br \/>\nRehvid: 26*4,0 tolli<br \/>\nDigitaalne ekraan: spidomeeter, l\u00e4bis\u00f5idum\u00f5\u00f5dik, aku<br \/>\nK\u00e4igud: 7-k\u00e4iguline Shimano mehaaniline k\u00e4iguvahetus<\/p>\n<p>Pidurid: Topeltpidurid<\/p>\n<p>Eesmine ja tagumine topelth\u00fcdrauliline vedrustus<\/p>\n<p>Kohtvalgusti: LED-esi- ja tagatuled<br \/>\nMaksimaalne kandev\u00f5ime: 150 kg<br \/>\nSoovitatav s\u00f5itja pikkus: 175-205 cm<\/p>\n","protected":false},"excerpt":{"rendered":"<h5 class=\"product_title entry-title sca-fg-form-icon-product-page\">Ridstar kokkupandav elektrijalgratas H26 Pro<\/h5>\n<ul>\n<li>Raami materjal: kroomitud teras<\/li>\n<li>Kokkupandav kronstein: jah<\/li>\n<li>Mootor: 250W harjadeta mootor<\/li>\n<li>Aku: 48V 23AH aku<\/li>\n<li>Maksimaalne s\u00f5iduulatus: 120 km<\/li>\n<li>Maksimaalne kiirus : 25 km\/h<\/li>\n<li>T\u00f5usunurk: 30\u00b0<\/li>\n<li>Rehvid: 26*4,0 tolli<\/li>\n<li>Digitaalne ekraan: spidomeeter, l\u00e4bis\u00f5idum\u00f5\u00f5dik, aku<\/li>\n<li>K\u00e4igud: 7-k\u00e4iguline Shimano mehaaniline k\u00e4iguvahetus<\/li>\n<li>Pidurid: Topeltpidurid<\/li>\n<li>Eesmine ja tagumine topelth\u00fcdrauliline vedrustus<\/li>\n<li>Kohtvalgusti: LED-esi- ja tagatuled<\/li>\n<li>Maksimaalne kandev\u00f5ime: 150 kg<\/li>\n<li>Soovitatav s\u00f5itja pikkus: 175-205 cm<\/li>\n<\/ul>\n<p>&nbsp;<\/p>\n<p>\u2666\u00a0<strong>Tarneaeg 2-6 p\u00e4eva<\/strong><br \/>\n\u2666\u00a0<strong>Laos<\/strong><\/p>\n","protected":false},"featured_media":16477,"template":"","meta":[],"product_cat":[52,907,903,905],"product_tag":[],"class_list":{"0":"post-14778","1":"product","2":"type-product","3":"status-publish","4":"has-post-thumbnail","6":"product_cat-elektrirattad","7":"product_cat-kokkupandavad-rattad","8":"product_cat-linnarattad","9":"product_cat-maastikurattad","10":"product_shipping_class-suured-pakid","12":"first","13":"instock","14":"sale","15":"taxable","16":"shipping-taxable","17":"purchasable","18":"product-type-simple"},"yoast_head":"<!-- This site is optimized with the Yoast SEO plugin v23.8 - https:\/\/yoast.com\/wordpress\/plugins\/seo\/ -->\n<title>Ridstar kokkupandav elektrijalgratas H26 Pro, 120 km - Ecocruiser<\/title>\n<meta name=\"description\" content=\"Mugava disainiga Ridstar elektriratas H26 Pro on \u00fclikerge raamiga ja mahub kokkupakituna vabalt pagasiruumi. Sobib nii maastikule kui t\u00e4navas\u00f5iduks.\" \/>\n<meta name=\"robots\" content=\"noindex, follow, max-snippet:-1, max-image-preview:large, max-video-preview:-1\" \/>\n<meta property=\"og:locale\" content=\"en_GB\" \/>\n<meta property=\"og:type\" content=\"article\" \/>\n<meta property=\"og:title\" content=\"Ridstar kokkupandav elektrijalgratas H26 Pro, 120 km - Ecocruiser\" \/>\n<meta property=\"og:description\" content=\"Mugava disainiga Ridstar elektriratas H26 Pro on \u00fclikerge raamiga ja mahub kokkupakituna vabalt pagasiruumi. Sobib nii maastikule kui t\u00e4navas\u00f5iduks.\" \/>\n<meta property=\"og:url\" content=\"https:\/\/projekt.vombat.ee\/eco\/pood\/elektrirattad\/linnarattad\/ridstar-kokkupandav-elektrijalgratas-h26-pro\/\" \/>\n<meta property=\"og:site_name\" content=\"Ecocruiser\" \/>\n<meta property=\"article:modified_time\" content=\"2024-05-02T17:44:53+00:00\" \/>\n<meta property=\"og:image\" content=\"https:\/\/projekt.vombat.ee\/eco\/wp-content\/uploads\/2024\/02\/1-10.jpg\" \/>\n\t<meta property=\"og:image:width\" content=\"768\" \/>\n\t<meta property=\"og:image:height\" content=\"768\" \/>\n\t<meta property=\"og:image:type\" content=\"image\/jpeg\" \/>\n<meta name=\"twitter:card\" content=\"summary_large_image\" \/>\n<meta name=\"twitter:label1\" content=\"Estimated reading time\" \/>\n\t<meta name=\"twitter:data1\" content=\"3 minutes\" \/>\n<script type=\"application\/ld+json\" class=\"yoast-schema-graph\">{\"@context\":\"https:\/\/schema.org\",\"@graph\":[{\"@type\":\"WebPage\",\"@id\":\"https:\/\/projekt.vombat.ee\/eco\/pood\/elektrirattad\/linnarattad\/ridstar-kokkupandav-elektrijalgratas-h26-pro\/\",\"url\":\"https:\/\/projekt.vombat.ee\/eco\/pood\/elektrirattad\/linnarattad\/ridstar-kokkupandav-elektrijalgratas-h26-pro\/\",\"name\":\"Ridstar kokkupandav elektrijalgratas H26 Pro, 120 km - Ecocruiser\",\"isPartOf\":{\"@id\":\"https:\/\/projekt.vombat.ee\/eco\/#website\"},\"primaryImageOfPage\":{\"@id\":\"https:\/\/projekt.vombat.ee\/eco\/pood\/elektrirattad\/linnarattad\/ridstar-kokkupandav-elektrijalgratas-h26-pro\/#primaryimage\"},\"image\":{\"@id\":\"https:\/\/projekt.vombat.ee\/eco\/pood\/elektrirattad\/linnarattad\/ridstar-kokkupandav-elektrijalgratas-h26-pro\/#primaryimage\"},\"thumbnailUrl\":\"https:\/\/projekt.vombat.ee\/eco\/wp-content\/uploads\/2024\/02\/1-10.jpg\",\"datePublished\":\"2024-02-29T06:01:27+00:00\",\"dateModified\":\"2024-05-02T17:44:53+00:00\",\"description\":\"Mugava disainiga Ridstar elektriratas H26 Pro on \u00fclikerge raamiga ja mahub kokkupakituna vabalt pagasiruumi. Sobib nii maastikule kui t\u00e4navas\u00f5iduks.\",\"breadcrumb\":{\"@id\":\"https:\/\/projekt.vombat.ee\/eco\/pood\/elektrirattad\/linnarattad\/ridstar-kokkupandav-elektrijalgratas-h26-pro\/#breadcrumb\"},\"inLanguage\":\"en-GB\",\"potentialAction\":[{\"@type\":\"ReadAction\",\"target\":[\"https:\/\/projekt.vombat.ee\/eco\/pood\/elektrirattad\/linnarattad\/ridstar-kokkupandav-elektrijalgratas-h26-pro\/\"]}]},{\"@type\":\"ImageObject\",\"inLanguage\":\"en-GB\",\"@id\":\"https:\/\/projekt.vombat.ee\/eco\/pood\/elektrirattad\/linnarattad\/ridstar-kokkupandav-elektrijalgratas-h26-pro\/#primaryimage\",\"url\":\"https:\/\/projekt.vombat.ee\/eco\/wp-content\/uploads\/2024\/02\/1-10.jpg\",\"contentUrl\":\"https:\/\/projekt.vombat.ee\/eco\/wp-content\/uploads\/2024\/02\/1-10.jpg\",\"width\":768,\"height\":768},{\"@type\":\"BreadcrumbList\",\"@id\":\"https:\/\/projekt.vombat.ee\/eco\/pood\/elektrirattad\/linnarattad\/ridstar-kokkupandav-elektrijalgratas-h26-pro\/#breadcrumb\",\"itemListElement\":[{\"@type\":\"ListItem\",\"position\":1,\"name\":\"Home\",\"item\":\"https:\/\/projekt.vombat.ee\/eco\/\"},{\"@type\":\"ListItem\",\"position\":2,\"name\":\"Pood\",\"item\":\"https:\/\/projekt.vombat.ee\/eco\/pood\/\"},{\"@type\":\"ListItem\",\"position\":3,\"name\":\"Ridstar kokkupandav elektrijalgratas H26 Pro, 120 km\"}]},{\"@type\":\"WebSite\",\"@id\":\"https:\/\/projekt.vombat.ee\/eco\/#website\",\"url\":\"https:\/\/projekt.vombat.ee\/eco\/\",\"name\":\"Ecocruiser\",\"description\":\"\",\"publisher\":{\"@id\":\"https:\/\/projekt.vombat.ee\/eco\/#organization\"},\"potentialAction\":[{\"@type\":\"SearchAction\",\"target\":{\"@type\":\"EntryPoint\",\"urlTemplate\":\"https:\/\/projekt.vombat.ee\/eco\/?s={search_term_string}\"},\"query-input\":{\"@type\":\"PropertyValueSpecification\",\"valueRequired\":true,\"valueName\":\"search_term_string\"}}],\"inLanguage\":\"en-GB\"},{\"@type\":\"Organization\",\"@id\":\"https:\/\/projekt.vombat.ee\/eco\/#organization\",\"name\":\"Ecocruiser\",\"url\":\"https:\/\/projekt.vombat.ee\/eco\/\",\"logo\":{\"@type\":\"ImageObject\",\"inLanguage\":\"en-GB\",\"@id\":\"https:\/\/projekt.vombat.ee\/eco\/#\/schema\/logo\/image\/\",\"url\":\"https:\/\/projekt.vombat.ee\/eco\/wp-content\/uploads\/2023\/03\/ECOCRUISER_5.png\",\"contentUrl\":\"https:\/\/projekt.vombat.ee\/eco\/wp-content\/uploads\/2023\/03\/ECOCRUISER_5.png\",\"width\":234,\"height\":91,\"caption\":\"Ecocruiser\"},\"image\":{\"@id\":\"https:\/\/projekt.vombat.ee\/eco\/#\/schema\/logo\/image\/\"}}]}<\/script>\n<!-- \/ Yoast SEO plugin. -->","yoast_head_json":{"title":"Ridstar kokkupandav elektrijalgratas H26 Pro, 120 km - Ecocruiser","description":"Mugava disainiga Ridstar elektriratas H26 Pro on \u00fclikerge raamiga ja mahub kokkupakituna vabalt pagasiruumi. Sobib nii maastikule kui t\u00e4navas\u00f5iduks.","robots":{"index":"noindex","follow":"follow","max-snippet":"max-snippet:-1","max-image-preview":"max-image-preview:large","max-video-preview":"max-video-preview:-1"},"og_locale":"en_GB","og_type":"article","og_title":"Ridstar kokkupandav elektrijalgratas H26 Pro, 120 km - Ecocruiser","og_description":"Mugava disainiga Ridstar elektriratas H26 Pro on \u00fclikerge raamiga ja mahub kokkupakituna vabalt pagasiruumi. Sobib nii maastikule kui t\u00e4navas\u00f5iduks.","og_url":"https:\/\/projekt.vombat.ee\/eco\/pood\/elektrirattad\/linnarattad\/ridstar-kokkupandav-elektrijalgratas-h26-pro\/","og_site_name":"Ecocruiser","article_modified_time":"2024-05-02T17:44:53+00:00","og_image":[{"width":768,"height":768,"url":"https:\/\/projekt.vombat.ee\/eco\/wp-content\/uploads\/2024\/02\/1-10.jpg","type":"image\/jpeg"}],"twitter_card":"summary_large_image","twitter_misc":{"Estimated reading time":"3 minutes"},"schema":{"@context":"https:\/\/schema.org","@graph":[{"@type":"WebPage","@id":"https:\/\/projekt.vombat.ee\/eco\/pood\/elektrirattad\/linnarattad\/ridstar-kokkupandav-elektrijalgratas-h26-pro\/","url":"https:\/\/projekt.vombat.ee\/eco\/pood\/elektrirattad\/linnarattad\/ridstar-kokkupandav-elektrijalgratas-h26-pro\/","name":"Ridstar kokkupandav elektrijalgratas H26 Pro, 120 km - Ecocruiser","isPartOf":{"@id":"https:\/\/projekt.vombat.ee\/eco\/#website"},"primaryImageOfPage":{"@id":"https:\/\/projekt.vombat.ee\/eco\/pood\/elektrirattad\/linnarattad\/ridstar-kokkupandav-elektrijalgratas-h26-pro\/#primaryimage"},"image":{"@id":"https:\/\/projekt.vombat.ee\/eco\/pood\/elektrirattad\/linnarattad\/ridstar-kokkupandav-elektrijalgratas-h26-pro\/#primaryimage"},"thumbnailUrl":"https:\/\/projekt.vombat.ee\/eco\/wp-content\/uploads\/2024\/02\/1-10.jpg","datePublished":"2024-02-29T06:01:27+00:00","dateModified":"2024-05-02T17:44:53+00:00","description":"Mugava disainiga Ridstar elektriratas H26 Pro on \u00fclikerge raamiga ja mahub kokkupakituna vabalt pagasiruumi. Sobib nii maastikule kui t\u00e4navas\u00f5iduks.","breadcrumb":{"@id":"https:\/\/projekt.vombat.ee\/eco\/pood\/elektrirattad\/linnarattad\/ridstar-kokkupandav-elektrijalgratas-h26-pro\/#breadcrumb"},"inLanguage":"en-GB","potentialAction":[{"@type":"ReadAction","target":["https:\/\/projekt.vombat.ee\/eco\/pood\/elektrirattad\/linnarattad\/ridstar-kokkupandav-elektrijalgratas-h26-pro\/"]}]},{"@type":"ImageObject","inLanguage":"en-GB","@id":"https:\/\/projekt.vombat.ee\/eco\/pood\/elektrirattad\/linnarattad\/ridstar-kokkupandav-elektrijalgratas-h26-pro\/#primaryimage","url":"https:\/\/projekt.vombat.ee\/eco\/wp-content\/uploads\/2024\/02\/1-10.jpg","contentUrl":"https:\/\/projekt.vombat.ee\/eco\/wp-content\/uploads\/2024\/02\/1-10.jpg","width":768,"height":768},{"@type":"BreadcrumbList","@id":"https:\/\/projekt.vombat.ee\/eco\/pood\/elektrirattad\/linnarattad\/ridstar-kokkupandav-elektrijalgratas-h26-pro\/#breadcrumb","itemListElement":[{"@type":"ListItem","position":1,"name":"Home","item":"https:\/\/projekt.vombat.ee\/eco\/"},{"@type":"ListItem","position":2,"name":"Pood","item":"https:\/\/projekt.vombat.ee\/eco\/pood\/"},{"@type":"ListItem","position":3,"name":"Ridstar kokkupandav elektrijalgratas H26 Pro, 120 km"}]},{"@type":"WebSite","@id":"https:\/\/projekt.vombat.ee\/eco\/#website","url":"https:\/\/projekt.vombat.ee\/eco\/","name":"Ecocruiser","description":"","publisher":{"@id":"https:\/\/projekt.vombat.ee\/eco\/#organization"},"potentialAction":[{"@type":"SearchAction","target":{"@type":"EntryPoint","urlTemplate":"https:\/\/projekt.vombat.ee\/eco\/?s={search_term_string}"},"query-input":{"@type":"PropertyValueSpecification","valueRequired":true,"valueName":"search_term_string"}}],"inLanguage":"en-GB"},{"@type":"Organization","@id":"https:\/\/projekt.vombat.ee\/eco\/#organization","name":"Ecocruiser","url":"https:\/\/projekt.vombat.ee\/eco\/","logo":{"@type":"ImageObject","inLanguage":"en-GB","@id":"https:\/\/projekt.vombat.ee\/eco\/#\/schema\/logo\/image\/","url":"https:\/\/projekt.vombat.ee\/eco\/wp-content\/uploads\/2023\/03\/ECOCRUISER_5.png","contentUrl":"https:\/\/projekt.vombat.ee\/eco\/wp-content\/uploads\/2023\/03\/ECOCRUISER_5.png","width":234,"height":91,"caption":"Ecocruiser"},"image":{"@id":"https:\/\/projekt.vombat.ee\/eco\/#\/schema\/logo\/image\/"}}]}},"lang":"et","translations":{"et":14778},"pll_sync_post":[],"_links":{"self":[{"href":"https:\/\/projekt.vombat.ee\/eco\/wp-json\/wp\/v2\/product\/14778"}],"collection":[{"href":"https:\/\/projekt.vombat.ee\/eco\/wp-json\/wp\/v2\/product"}],"about":[{"href":"https:\/\/projekt.vombat.ee\/eco\/wp-json\/wp\/v2\/types\/product"}],"version-history":[{"count":5,"href":"https:\/\/projekt.vombat.ee\/eco\/wp-json\/wp\/v2\/product\/14778\/revisions"}],"predecessor-version":[{"id":16798,"href":"https:\/\/projekt.vombat.ee\/eco\/wp-json\/wp\/v2\/product\/14778\/revisions\/16798"}],"wp:featuredmedia":[{"embeddable":true,"href":"https:\/\/projekt.vombat.ee\/eco\/wp-json\/wp\/v2\/media\/16477"}],"wp:attachment":[{"href":"https:\/\/projekt.vombat.ee\/eco\/wp-json\/wp\/v2\/media?parent=14778"}],"wp:term":[{"taxonomy":"product_cat","embeddable":true,"href":"https:\/\/projekt.vombat.ee\/eco\/wp-json\/wp\/v2\/product_cat?post=14778"},{"taxonomy":"product_tag","embeddable":true,"href":"https:\/\/projekt.vombat.ee\/eco\/wp-json\/wp\/v2\/product_tag?post=14778"}],"curies":[{"name":"wp","href":"https:\/\/api.w.org\/{rel}","templated":true}]}}