{"id":14688,"date":"2024-02-29T10:25:43","date_gmt":"2024-02-29T10:25:43","guid":{"rendered":"https:\/\/projekt.vombat.ee\/eco\/?post_type=product&#038;p=14688"},"modified":"2024-03-11T13:02:44","modified_gmt":"2024-03-11T13:02:44","slug":"tiger-8-pro-plus-elektritoukeratas","status":"publish","type":"product","link":"https:\/\/projekt.vombat.ee\/eco\/pood\/elektritoukerattad\/linna-toukerattad\/tiger-8-pro-plus-elektritoukeratas\/","title":{"rendered":"Tiger 8 Pro Plus elektrit\u00f5ukeratas"},"content":{"rendered":"<h3>Kvaliteetsed rehvid<\/h3>\n<p><strong>Tiger 8 pro plus<\/strong> rehv on suurep\u00e4rane valik, mis lisab usaldusv\u00e4\u00e4rsust vabal ajal s\u00f5itmisel. Rehv on suurem kui <strong>Tiger 8 Pro<\/strong> versioonil, mis lisab kindlust erinevates teeoludes.<\/p>\n<p><img fetchpriority=\"high\" decoding=\"async\" class=\"alignnone size-medium wp-image-14640\" src=\"https:\/\/projekt.vombat.ee\/eco\/wp-content\/uploads\/2024\/02\/Artur-1000x1000-21-300x300.png\" alt=\"\" width=\"300\" height=\"300\" \/><\/p>\n<h3>Mootor<\/h3>\n<p><strong>Tiger 8 pro<\/strong> <strong>plus<\/strong> on varustatud tagaratastele paigaldatud kahekordse 600W mootoriga. Selle v\u00e4ikese seadme v\u00f5imsus on piisav, et pakkuda energiat, mida on vaja kuni 50km tunnis s\u00f5itmiseks linnat\u00e4navatel, ja see v\u00f5ib \u00fche laadimisega l\u00e4bida kuni 55km.<\/p>\n<p><img decoding=\"async\" class=\"alignnone size-medium wp-image-14639\" src=\"https:\/\/projekt.vombat.ee\/eco\/wp-content\/uploads\/2024\/02\/Artur-1000x1000-22-300x300.png\" alt=\"\" width=\"300\" height=\"300\" \/><\/p>\n<h3>Vahetatav veekindel aku<\/h3>\n<p>T8 Pro Plus mudelil on vahetatav aku. Patarei on t\u00f5husalt paigutatud poldrile, mis mitte ainult ei tee T8 Pro Plus kasutamist vihma korral ohutuks (veekindlus IP54), vaid v\u00f5imaldab ka pedaali igal ajal puhastada.<\/p>\n<p><img decoding=\"async\" class=\"alignnone size-medium wp-image-14638\" src=\"https:\/\/projekt.vombat.ee\/eco\/wp-content\/uploads\/2024\/02\/Artur-1000x1000-23-300x300.png\" alt=\"\" width=\"300\" height=\"300\" \/><\/p>\n<h3>Ees ja taga poritiivad<\/h3>\n<p>Varustatud suurep\u00e4rase disainiga poritiibadega, mis ei j\u00e4ta s\u00f5itjale v\u00e4himatki vihjet muda pritsimisest.<\/p>\n<p><img loading=\"lazy\" decoding=\"async\" class=\"alignnone size-medium wp-image-14637\" src=\"https:\/\/projekt.vombat.ee\/eco\/wp-content\/uploads\/2024\/02\/Artur-1000x1000-24-300x300.png\" alt=\"\" width=\"300\" height=\"300\" \/><\/p>\n<h3>Eredad LED-tuled<\/h3>\n<p>T8 Pro Plusil on \u00fclihead LED-esituled ning tagatuled, mis v\u00f5imaldavad teil olla n\u00e4htav tagapool olevatele inimestele, tagades teie ohutuse \u00f6isel s\u00f5idul!<\/p>\n<p><img loading=\"lazy\" decoding=\"async\" class=\"alignnone size-medium wp-image-14636\" src=\"https:\/\/projekt.vombat.ee\/eco\/wp-content\/uploads\/2024\/02\/Artur-1000x1000-25-300x300.png\" alt=\"\" width=\"300\" height=\"300\" \/><\/p>\n<h3>Amortisatsioon<\/h3>\n<p>Amortisatsioon muudab teie s\u00f5idu turvalisemaks ja mugavamaks. Eraldi vedrustus suudab p\u00f5rutused suurel m\u00e4\u00e4ral summutada ja hoida raskuse stabiilsena.<\/p>\n<p><img loading=\"lazy\" decoding=\"async\" class=\"alignnone size-medium wp-image-14635\" src=\"https:\/\/projekt.vombat.ee\/eco\/wp-content\/uploads\/2024\/02\/Artur-1000x1000-26-300x300.png\" alt=\"\" width=\"300\" height=\"300\" \/><\/p>\n<p>&nbsp;<\/p>\n<p>Aku garantii: 1 aasta!<br \/>\nKere garantii: 2 aastat!<\/p>\n","protected":false},"excerpt":{"rendered":"<p><strong>Tiger 8 Pro Plus<\/strong>: v\u00f5imas, silmapaistev disain ning mugav &#8211; k\u00f5ik \u00fches usaldusv\u00e4\u00e4rses elektrit\u00f5ukerattas, mis tagab unustamatud s\u00f5iduelamused igal teekonnal!<\/p>\n<p><strong>Omadused:<\/strong><\/p>\n<ul>\n<li>V\u00f5imsus 1200W<\/li>\n<li>Aku 48V 15,6Ah<\/li>\n<li>Tippkiirus 55km\/h<\/li>\n<li>S\u00f5iduulatus kuni 55km<\/li>\n<li>Laadimisaeg 8-9h<\/li>\n<li>NFC-seade<\/li>\n<\/ul>\n<p>\u2666\u00a0<strong>Tarneaeg 2-6 p\u00e4eva<\/strong><br \/>\n\u2666\u00a0<strong>Laos<\/strong><\/p>\n<p><b>Garantii: 2 aastat!<\/b><\/p>\n","protected":false},"featured_media":0,"template":"","meta":[],"product_cat":[53,909,911],"product_tag":[],"class_list":{"0":"post-14688","1":"product","2":"type-product","3":"status-publish","5":"product_cat-elektritoukerattad","6":"product_cat-linna-toukerattad","7":"product_cat-voimsad-toukerattad","9":"first","10":"instock","11":"sale","12":"taxable","13":"shipping-taxable","14":"purchasable","15":"product-type-simple"},"yoast_head":"<!-- This site is optimized with the Yoast SEO plugin v23.8 - https:\/\/yoast.com\/wordpress\/plugins\/seo\/ -->\n<title>Tiger 8 Pro Plus elektrit\u00f5ukeratas - Ecocruiser<\/title>\n<meta name=\"description\" content=\"Tiger 8 Pro Plus on muljetavaldava j\u00f5udluse ja funktsionaalsusega elektrit\u00f5ukeratas, mis pakub suurep\u00e4rast s\u00f5idukogemust. Sellel on v\u00f5imas elektrimootor, mis v\u00f5imaldab kiiret ja sujuvat liikumist nii linnas kui ka linna vahelisel alal. T\u00e4nu suurtele rehvidele ja tugevale raamile tagab see stabiilse ja ohutu s\u00f5idu erinevates tingimustes.\" \/>\n<meta name=\"robots\" content=\"noindex, follow, max-snippet:-1, max-image-preview:large, max-video-preview:-1\" \/>\n<meta property=\"og:locale\" content=\"en_GB\" \/>\n<meta property=\"og:type\" content=\"article\" \/>\n<meta property=\"og:title\" content=\"Tiger 8 Pro Plus elektrit\u00f5ukeratas - Ecocruiser\" \/>\n<meta property=\"og:description\" content=\"Tiger 8 Pro Plus on muljetavaldava j\u00f5udluse ja funktsionaalsusega elektrit\u00f5ukeratas, mis pakub suurep\u00e4rast s\u00f5idukogemust. Sellel on v\u00f5imas elektrimootor, mis v\u00f5imaldab kiiret ja sujuvat liikumist nii linnas kui ka linna vahelisel alal. T\u00e4nu suurtele rehvidele ja tugevale raamile tagab see stabiilse ja ohutu s\u00f5idu erinevates tingimustes.\" \/>\n<meta property=\"og:url\" content=\"https:\/\/projekt.vombat.ee\/eco\/pood\/elektritoukerattad\/linna-toukerattad\/tiger-8-pro-plus-elektritoukeratas\/\" \/>\n<meta property=\"og:site_name\" content=\"Ecocruiser\" \/>\n<meta property=\"article:modified_time\" content=\"2024-03-11T13:02:44+00:00\" \/>\n<meta property=\"og:image\" content=\"https:\/\/projekt.vombat.ee\/eco\/wp-content\/uploads\/2024\/02\/Artur-1000x1000-27.png\" \/>\n\t<meta property=\"og:image:width\" content=\"1000\" \/>\n\t<meta property=\"og:image:height\" content=\"1000\" \/>\n\t<meta property=\"og:image:type\" content=\"image\/png\" \/>\n<meta name=\"twitter:card\" content=\"summary_large_image\" \/>\n<meta name=\"twitter:label1\" content=\"Estimated reading time\" \/>\n\t<meta name=\"twitter:data1\" content=\"3 minutes\" \/>\n<script type=\"application\/ld+json\" class=\"yoast-schema-graph\">{\"@context\":\"https:\/\/schema.org\",\"@graph\":[{\"@type\":\"WebPage\",\"@id\":\"https:\/\/projekt.vombat.ee\/eco\/pood\/elektritoukerattad\/linna-toukerattad\/tiger-8-pro-plus-elektritoukeratas\/\",\"url\":\"https:\/\/projekt.vombat.ee\/eco\/pood\/elektritoukerattad\/linna-toukerattad\/tiger-8-pro-plus-elektritoukeratas\/\",\"name\":\"Tiger 8 Pro Plus elektrit\u00f5ukeratas - Ecocruiser\",\"isPartOf\":{\"@id\":\"https:\/\/projekt.vombat.ee\/eco\/#website\"},\"primaryImageOfPage\":{\"@id\":\"https:\/\/projekt.vombat.ee\/eco\/pood\/elektritoukerattad\/linna-toukerattad\/tiger-8-pro-plus-elektritoukeratas\/#primaryimage\"},\"image\":{\"@id\":\"https:\/\/projekt.vombat.ee\/eco\/pood\/elektritoukerattad\/linna-toukerattad\/tiger-8-pro-plus-elektritoukeratas\/#primaryimage\"},\"thumbnailUrl\":\"https:\/\/projekt.vombat.ee\/eco\/wp-content\/uploads\/2024\/02\/Artur-1000x1000-21-300x300.png\",\"datePublished\":\"2024-02-29T10:25:43+00:00\",\"dateModified\":\"2024-03-11T13:02:44+00:00\",\"description\":\"Tiger 8 Pro Plus on muljetavaldava j\u00f5udluse ja funktsionaalsusega elektrit\u00f5ukeratas, mis pakub suurep\u00e4rast s\u00f5idukogemust. Sellel on v\u00f5imas elektrimootor, mis v\u00f5imaldab kiiret ja sujuvat liikumist nii linnas kui ka linna vahelisel alal. T\u00e4nu suurtele rehvidele ja tugevale raamile tagab see stabiilse ja ohutu s\u00f5idu erinevates tingimustes.\",\"breadcrumb\":{\"@id\":\"https:\/\/projekt.vombat.ee\/eco\/pood\/elektritoukerattad\/linna-toukerattad\/tiger-8-pro-plus-elektritoukeratas\/#breadcrumb\"},\"inLanguage\":\"en-GB\",\"potentialAction\":[{\"@type\":\"ReadAction\",\"target\":[\"https:\/\/projekt.vombat.ee\/eco\/pood\/elektritoukerattad\/linna-toukerattad\/tiger-8-pro-plus-elektritoukeratas\/\"]}]},{\"@type\":\"ImageObject\",\"inLanguage\":\"en-GB\",\"@id\":\"https:\/\/projekt.vombat.ee\/eco\/pood\/elektritoukerattad\/linna-toukerattad\/tiger-8-pro-plus-elektritoukeratas\/#primaryimage\",\"url\":\"\",\"contentUrl\":\"\"},{\"@type\":\"BreadcrumbList\",\"@id\":\"https:\/\/projekt.vombat.ee\/eco\/pood\/elektritoukerattad\/linna-toukerattad\/tiger-8-pro-plus-elektritoukeratas\/#breadcrumb\",\"itemListElement\":[{\"@type\":\"ListItem\",\"position\":1,\"name\":\"Home\",\"item\":\"https:\/\/projekt.vombat.ee\/eco\/\"},{\"@type\":\"ListItem\",\"position\":2,\"name\":\"Pood\",\"item\":\"https:\/\/projekt.vombat.ee\/eco\/pood\/\"},{\"@type\":\"ListItem\",\"position\":3,\"name\":\"Tiger 8 Pro Plus elektrit\u00f5ukeratas\"}]},{\"@type\":\"WebSite\",\"@id\":\"https:\/\/projekt.vombat.ee\/eco\/#website\",\"url\":\"https:\/\/projekt.vombat.ee\/eco\/\",\"name\":\"Ecocruiser\",\"description\":\"\",\"publisher\":{\"@id\":\"https:\/\/projekt.vombat.ee\/eco\/#organization\"},\"potentialAction\":[{\"@type\":\"SearchAction\",\"target\":{\"@type\":\"EntryPoint\",\"urlTemplate\":\"https:\/\/projekt.vombat.ee\/eco\/?s={search_term_string}\"},\"query-input\":{\"@type\":\"PropertyValueSpecification\",\"valueRequired\":true,\"valueName\":\"search_term_string\"}}],\"inLanguage\":\"en-GB\"},{\"@type\":\"Organization\",\"@id\":\"https:\/\/projekt.vombat.ee\/eco\/#organization\",\"name\":\"Ecocruiser\",\"url\":\"https:\/\/projekt.vombat.ee\/eco\/\",\"logo\":{\"@type\":\"ImageObject\",\"inLanguage\":\"en-GB\",\"@id\":\"https:\/\/projekt.vombat.ee\/eco\/#\/schema\/logo\/image\/\",\"url\":\"https:\/\/projekt.vombat.ee\/eco\/wp-content\/uploads\/2023\/03\/ECOCRUISER_5.png\",\"contentUrl\":\"https:\/\/projekt.vombat.ee\/eco\/wp-content\/uploads\/2023\/03\/ECOCRUISER_5.png\",\"width\":234,\"height\":91,\"caption\":\"Ecocruiser\"},\"image\":{\"@id\":\"https:\/\/projekt.vombat.ee\/eco\/#\/schema\/logo\/image\/\"}}]}<\/script>\n<!-- \/ Yoast SEO plugin. -->","yoast_head_json":{"title":"Tiger 8 Pro Plus elektrit\u00f5ukeratas - Ecocruiser","description":"Tiger 8 Pro Plus on muljetavaldava j\u00f5udluse ja funktsionaalsusega elektrit\u00f5ukeratas, mis pakub suurep\u00e4rast s\u00f5idukogemust. Sellel on v\u00f5imas elektrimootor, mis v\u00f5imaldab kiiret ja sujuvat liikumist nii linnas kui ka linna vahelisel alal. T\u00e4nu suurtele rehvidele ja tugevale raamile tagab see stabiilse ja ohutu s\u00f5idu erinevates tingimustes.","robots":{"index":"noindex","follow":"follow","max-snippet":"max-snippet:-1","max-image-preview":"max-image-preview:large","max-video-preview":"max-video-preview:-1"},"og_locale":"en_GB","og_type":"article","og_title":"Tiger 8 Pro Plus elektrit\u00f5ukeratas - Ecocruiser","og_description":"Tiger 8 Pro Plus on muljetavaldava j\u00f5udluse ja funktsionaalsusega elektrit\u00f5ukeratas, mis pakub suurep\u00e4rast s\u00f5idukogemust. Sellel on v\u00f5imas elektrimootor, mis v\u00f5imaldab kiiret ja sujuvat liikumist nii linnas kui ka linna vahelisel alal. T\u00e4nu suurtele rehvidele ja tugevale raamile tagab see stabiilse ja ohutu s\u00f5idu erinevates tingimustes.","og_url":"https:\/\/projekt.vombat.ee\/eco\/pood\/elektritoukerattad\/linna-toukerattad\/tiger-8-pro-plus-elektritoukeratas\/","og_site_name":"Ecocruiser","article_modified_time":"2024-03-11T13:02:44+00:00","og_image":[{"width":1000,"height":1000,"url":"https:\/\/projekt.vombat.ee\/eco\/wp-content\/uploads\/2024\/02\/Artur-1000x1000-27.png","type":"image\/png"}],"twitter_card":"summary_large_image","twitter_misc":{"Estimated reading time":"3 minutes"},"schema":{"@context":"https:\/\/schema.org","@graph":[{"@type":"WebPage","@id":"https:\/\/projekt.vombat.ee\/eco\/pood\/elektritoukerattad\/linna-toukerattad\/tiger-8-pro-plus-elektritoukeratas\/","url":"https:\/\/projekt.vombat.ee\/eco\/pood\/elektritoukerattad\/linna-toukerattad\/tiger-8-pro-plus-elektritoukeratas\/","name":"Tiger 8 Pro Plus elektrit\u00f5ukeratas - Ecocruiser","isPartOf":{"@id":"https:\/\/projekt.vombat.ee\/eco\/#website"},"primaryImageOfPage":{"@id":"https:\/\/projekt.vombat.ee\/eco\/pood\/elektritoukerattad\/linna-toukerattad\/tiger-8-pro-plus-elektritoukeratas\/#primaryimage"},"image":{"@id":"https:\/\/projekt.vombat.ee\/eco\/pood\/elektritoukerattad\/linna-toukerattad\/tiger-8-pro-plus-elektritoukeratas\/#primaryimage"},"thumbnailUrl":"https:\/\/projekt.vombat.ee\/eco\/wp-content\/uploads\/2024\/02\/Artur-1000x1000-21-300x300.png","datePublished":"2024-02-29T10:25:43+00:00","dateModified":"2024-03-11T13:02:44+00:00","description":"Tiger 8 Pro Plus on muljetavaldava j\u00f5udluse ja funktsionaalsusega elektrit\u00f5ukeratas, mis pakub suurep\u00e4rast s\u00f5idukogemust. Sellel on v\u00f5imas elektrimootor, mis v\u00f5imaldab kiiret ja sujuvat liikumist nii linnas kui ka linna vahelisel alal. T\u00e4nu suurtele rehvidele ja tugevale raamile tagab see stabiilse ja ohutu s\u00f5idu erinevates tingimustes.","breadcrumb":{"@id":"https:\/\/projekt.vombat.ee\/eco\/pood\/elektritoukerattad\/linna-toukerattad\/tiger-8-pro-plus-elektritoukeratas\/#breadcrumb"},"inLanguage":"en-GB","potentialAction":[{"@type":"ReadAction","target":["https:\/\/projekt.vombat.ee\/eco\/pood\/elektritoukerattad\/linna-toukerattad\/tiger-8-pro-plus-elektritoukeratas\/"]}]},{"@type":"ImageObject","inLanguage":"en-GB","@id":"https:\/\/projekt.vombat.ee\/eco\/pood\/elektritoukerattad\/linna-toukerattad\/tiger-8-pro-plus-elektritoukeratas\/#primaryimage","url":"","contentUrl":""},{"@type":"BreadcrumbList","@id":"https:\/\/projekt.vombat.ee\/eco\/pood\/elektritoukerattad\/linna-toukerattad\/tiger-8-pro-plus-elektritoukeratas\/#breadcrumb","itemListElement":[{"@type":"ListItem","position":1,"name":"Home","item":"https:\/\/projekt.vombat.ee\/eco\/"},{"@type":"ListItem","position":2,"name":"Pood","item":"https:\/\/projekt.vombat.ee\/eco\/pood\/"},{"@type":"ListItem","position":3,"name":"Tiger 8 Pro Plus elektrit\u00f5ukeratas"}]},{"@type":"WebSite","@id":"https:\/\/projekt.vombat.ee\/eco\/#website","url":"https:\/\/projekt.vombat.ee\/eco\/","name":"Ecocruiser","description":"","publisher":{"@id":"https:\/\/projekt.vombat.ee\/eco\/#organization"},"potentialAction":[{"@type":"SearchAction","target":{"@type":"EntryPoint","urlTemplate":"https:\/\/projekt.vombat.ee\/eco\/?s={search_term_string}"},"query-input":{"@type":"PropertyValueSpecification","valueRequired":true,"valueName":"search_term_string"}}],"inLanguage":"en-GB"},{"@type":"Organization","@id":"https:\/\/projekt.vombat.ee\/eco\/#organization","name":"Ecocruiser","url":"https:\/\/projekt.vombat.ee\/eco\/","logo":{"@type":"ImageObject","inLanguage":"en-GB","@id":"https:\/\/projekt.vombat.ee\/eco\/#\/schema\/logo\/image\/","url":"https:\/\/projekt.vombat.ee\/eco\/wp-content\/uploads\/2023\/03\/ECOCRUISER_5.png","contentUrl":"https:\/\/projekt.vombat.ee\/eco\/wp-content\/uploads\/2023\/03\/ECOCRUISER_5.png","width":234,"height":91,"caption":"Ecocruiser"},"image":{"@id":"https:\/\/projekt.vombat.ee\/eco\/#\/schema\/logo\/image\/"}}]}},"lang":"et","translations":{"et":14688},"pll_sync_post":[],"_links":{"self":[{"href":"https:\/\/projekt.vombat.ee\/eco\/wp-json\/wp\/v2\/product\/14688"}],"collection":[{"href":"https:\/\/projekt.vombat.ee\/eco\/wp-json\/wp\/v2\/product"}],"about":[{"href":"https:\/\/projekt.vombat.ee\/eco\/wp-json\/wp\/v2\/types\/product"}],"version-history":[{"count":2,"href":"https:\/\/projekt.vombat.ee\/eco\/wp-json\/wp\/v2\/product\/14688\/revisions"}],"predecessor-version":[{"id":15158,"href":"https:\/\/projekt.vombat.ee\/eco\/wp-json\/wp\/v2\/product\/14688\/revisions\/15158"}],"wp:attachment":[{"href":"https:\/\/projekt.vombat.ee\/eco\/wp-json\/wp\/v2\/media?parent=14688"}],"wp:term":[{"taxonomy":"product_cat","embeddable":true,"href":"https:\/\/projekt.vombat.ee\/eco\/wp-json\/wp\/v2\/product_cat?post=14688"},{"taxonomy":"product_tag","embeddable":true,"href":"https:\/\/projekt.vombat.ee\/eco\/wp-json\/wp\/v2\/product_tag?post=14688"}],"curies":[{"name":"wp","href":"https:\/\/api.w.org\/{rel}","templated":true}]}}