{"id":14626,"date":"2024-02-29T10:23:00","date_gmt":"2024-02-29T10:23:00","guid":{"rendered":"https:\/\/projekt.vombat.ee\/eco\/?post_type=product&#038;p=14626"},"modified":"2024-04-23T19:21:36","modified_gmt":"2024-04-23T19:21:36","slug":"tiger-8-elektritoukeratas-55km","status":"publish","type":"product","link":"https:\/\/projekt.vombat.ee\/eco\/pood\/elektritoukerattad\/linna-toukerattad\/tiger-8-elektritoukeratas-55km\/","title":{"rendered":"Tiger 8 elektrit\u00f5ukeratas, 55km"},"content":{"rendered":"<p>Tiger 8 elektrit\u00f5ukeratas<\/p>\n<div class=\"youtube responsive-embed wp-embed\"><iframe title=\"Hiley Tiger T8 Pro, Compact &amp; Fast &amp; Unique for your daily community.\" width=\"1778\" height=\"1000\" src=\"https:\/\/www.youtube.com\/embed\/CRsaHIGVfmQ?feature=oembed&#038;enablejsapi=1&#038;rel=0&#038;showinfo=0&#038;color=white\" frameborder=\"0\" allow=\"accelerometer; autoplay; clipboard-write; encrypted-media; gyroscope; picture-in-picture; web-share\" referrerpolicy=\"strict-origin-when-cross-origin\" allowfullscreen><\/iframe><\/div>\n<h3>Kvaliteetsed rehvid<\/h3>\n<p>Tiger 8 rehv on suurep\u00e4rane valik, mis lisab usaldusv\u00e4\u00e4rsust vabal ajal s\u00f5itmisel. Ja 3,0-tolline rehvilaius tagab mugavama s\u00f5idukogemuse.<\/p>\n<p>&nbsp;<\/p>\n<h3>Mootor<\/h3>\n<p><strong>Tiger 8<\/strong>\u00a0on varustatud tagaratastele paigaldatud kahekordse 600W mootoriga. Selle v\u00e4ikese seadme v\u00f5imsus on piisav, et pakkuda energiat, mida on vaja kuni 50km tunnis s\u00f5itmiseks linnat\u00e4navatel, ja see v\u00f5ib \u00fche laadimisega l\u00e4bida kuni 55km.<\/p>\n<p>&nbsp;<\/p>\n<h3>Vahetatav veekindel aku<\/h3>\n<p>T8\u00a0 mudelil on vahetatav aku. Patarei on t\u00f5husalt paigutatud poldrile, mis mitte ainult ei tee T8 Pro kasutamist vihma korral ohutuks (veekindlus IP54), vaid v\u00f5imaldab ka pedaali igal ajal puhastada.<\/p>\n<p>&nbsp;<\/p>\n<h3>Ees ja taga poritiivad<\/h3>\n<p>Varustatud suurep\u00e4rase disainiga poritiibadega, mis ei j\u00e4ta s\u00f5itjale v\u00e4himatki vihjet muda pritsimisest.<\/p>\n<p>&nbsp;<\/p>\n<h3>Eredad LED-tuled<\/h3>\n<p>T8-l on \u00fclihead LED-esituled ning tagatuled, mis v\u00f5imaldavad teil olla n\u00e4htav tagapool olevatele inimestele, tagades teie ohutuse \u00f6isel s\u00f5idul!<\/p>\n<p>&nbsp;<\/p>\n<h3>Amortisatsioon<\/h3>\n<p>Amortisatsioon muudab teie s\u00f5idu turvalisemaks ja mugavamaks. Eraldi vedrustus suudab p\u00f5rutused suurel m\u00e4\u00e4ral summutada ja hoida raskuse stabiilsena.<\/p>\n<p>&nbsp;<\/p>\n<p>Aku garantii: 1 aasta!<br \/>\nKere garantii: 2 aastat!<\/p>\n","protected":false},"excerpt":{"rendered":"<p><strong>Tiger 8<\/strong>: v\u00f5imas, silmapaistev disain ning mugav &#8211; k\u00f5ik \u00fches usaldusv\u00e4\u00e4rses elektrit\u00f5ukerattas, mis tagab unustamatud s\u00f5iduelamused igal teekonnal!<\/p>\n<p><strong>Omadused:<\/strong><\/p>\n<ul>\n<li>V\u00f5imsus 600W<\/li>\n<li>Aku 48V 13Ah<\/li>\n<li>Tippkiirus 45km\/h<\/li>\n<li>S\u00f5iduulatus kuni 55km<\/li>\n<li>Laadimisaeg 8-9h<\/li>\n<li>NFC-seade<\/li>\n<\/ul>\n<p>\u2666\u00a0<strong>Tarneaeg 2-6 p\u00e4eva<\/strong><br \/>\n\u2666\u00a0<strong>Laos<\/strong><\/p>\n<p><b>Garantii: 2 aastat!<\/b><\/p>\n","protected":false},"featured_media":16518,"template":"","meta":[],"product_cat":[53,909,911],"product_tag":[],"class_list":{"0":"post-14626","1":"product","2":"type-product","3":"status-publish","4":"has-post-thumbnail","6":"product_cat-elektritoukerattad","7":"product_cat-linna-toukerattad","8":"product_cat-voimsad-toukerattad","10":"first","11":"instock","12":"sale","13":"taxable","14":"shipping-taxable","15":"purchasable","16":"product-type-simple"},"yoast_head":"<!-- This site is optimized with the Yoast SEO plugin v23.8 - https:\/\/yoast.com\/wordpress\/plugins\/seo\/ -->\n<title>Tiger 8 elektrit\u00f5ukeratas, 55km - Ecocruiser<\/title>\n<meta name=\"description\" content=\"Tiger 8 on muljetavaldava j\u00f5udluse ja funktsionaalsusega elektrit\u00f5ukeratas, mis pakub suurep\u00e4rast s\u00f5idukogemust. Sellel on v\u00f5imas elektrimootor, mis v\u00f5imaldab kiiret ja sujuvat liikumist nii linnas kui ka linna vahelisel alal. T\u00e4nu suurtele rehvidele ja tugevale raamile tagab see stabiilse ja ohutu s\u00f5idu erinevates tingimustes.\" \/>\n<meta name=\"robots\" content=\"noindex, follow, max-snippet:-1, max-image-preview:large, max-video-preview:-1\" \/>\n<meta property=\"og:locale\" content=\"en_GB\" \/>\n<meta property=\"og:type\" content=\"article\" \/>\n<meta property=\"og:title\" content=\"Tiger 8 elektrit\u00f5ukeratas, 55km - Ecocruiser\" \/>\n<meta property=\"og:description\" content=\"Tiger 8 on muljetavaldava j\u00f5udluse ja funktsionaalsusega elektrit\u00f5ukeratas, mis pakub suurep\u00e4rast s\u00f5idukogemust. Sellel on v\u00f5imas elektrimootor, mis v\u00f5imaldab kiiret ja sujuvat liikumist nii linnas kui ka linna vahelisel alal. T\u00e4nu suurtele rehvidele ja tugevale raamile tagab see stabiilse ja ohutu s\u00f5idu erinevates tingimustes.\" \/>\n<meta property=\"og:url\" content=\"https:\/\/projekt.vombat.ee\/eco\/pood\/elektritoukerattad\/linna-toukerattad\/tiger-8-elektritoukeratas-55km\/\" \/>\n<meta property=\"og:site_name\" content=\"Ecocruiser\" \/>\n<meta property=\"article:modified_time\" content=\"2024-04-23T19:21:36+00:00\" \/>\n<meta property=\"og:image\" content=\"https:\/\/projekt.vombat.ee\/eco\/wp-content\/uploads\/2024\/02\/6b25897eb31ee2af4ae5a292e4cfa29a.png\" \/>\n\t<meta property=\"og:image:width\" content=\"897\" \/>\n\t<meta property=\"og:image:height\" content=\"895\" \/>\n\t<meta property=\"og:image:type\" content=\"image\/png\" \/>\n<meta name=\"twitter:card\" content=\"summary_large_image\" \/>\n<meta name=\"twitter:label1\" content=\"Estimated reading time\" \/>\n\t<meta name=\"twitter:data1\" content=\"2 minutes\" \/>\n<script type=\"application\/ld+json\" class=\"yoast-schema-graph\">{\"@context\":\"https:\/\/schema.org\",\"@graph\":[{\"@type\":\"WebPage\",\"@id\":\"https:\/\/projekt.vombat.ee\/eco\/pood\/elektritoukerattad\/linna-toukerattad\/tiger-8-elektritoukeratas-55km\/\",\"url\":\"https:\/\/projekt.vombat.ee\/eco\/pood\/elektritoukerattad\/linna-toukerattad\/tiger-8-elektritoukeratas-55km\/\",\"name\":\"Tiger 8 elektrit\u00f5ukeratas, 55km - Ecocruiser\",\"isPartOf\":{\"@id\":\"https:\/\/projekt.vombat.ee\/eco\/#website\"},\"primaryImageOfPage\":{\"@id\":\"https:\/\/projekt.vombat.ee\/eco\/pood\/elektritoukerattad\/linna-toukerattad\/tiger-8-elektritoukeratas-55km\/#primaryimage\"},\"image\":{\"@id\":\"https:\/\/projekt.vombat.ee\/eco\/pood\/elektritoukerattad\/linna-toukerattad\/tiger-8-elektritoukeratas-55km\/#primaryimage\"},\"thumbnailUrl\":\"https:\/\/projekt.vombat.ee\/eco\/wp-content\/uploads\/2024\/02\/6b25897eb31ee2af4ae5a292e4cfa29a.png\",\"datePublished\":\"2024-02-29T10:23:00+00:00\",\"dateModified\":\"2024-04-23T19:21:36+00:00\",\"description\":\"Tiger 8 on muljetavaldava j\u00f5udluse ja funktsionaalsusega elektrit\u00f5ukeratas, mis pakub suurep\u00e4rast s\u00f5idukogemust. Sellel on v\u00f5imas elektrimootor, mis v\u00f5imaldab kiiret ja sujuvat liikumist nii linnas kui ka linna vahelisel alal. T\u00e4nu suurtele rehvidele ja tugevale raamile tagab see stabiilse ja ohutu s\u00f5idu erinevates tingimustes.\",\"breadcrumb\":{\"@id\":\"https:\/\/projekt.vombat.ee\/eco\/pood\/elektritoukerattad\/linna-toukerattad\/tiger-8-elektritoukeratas-55km\/#breadcrumb\"},\"inLanguage\":\"en-GB\",\"potentialAction\":[{\"@type\":\"ReadAction\",\"target\":[\"https:\/\/projekt.vombat.ee\/eco\/pood\/elektritoukerattad\/linna-toukerattad\/tiger-8-elektritoukeratas-55km\/\"]}]},{\"@type\":\"ImageObject\",\"inLanguage\":\"en-GB\",\"@id\":\"https:\/\/projekt.vombat.ee\/eco\/pood\/elektritoukerattad\/linna-toukerattad\/tiger-8-elektritoukeratas-55km\/#primaryimage\",\"url\":\"https:\/\/projekt.vombat.ee\/eco\/wp-content\/uploads\/2024\/02\/6b25897eb31ee2af4ae5a292e4cfa29a.png\",\"contentUrl\":\"https:\/\/projekt.vombat.ee\/eco\/wp-content\/uploads\/2024\/02\/6b25897eb31ee2af4ae5a292e4cfa29a.png\",\"width\":897,\"height\":895},{\"@type\":\"BreadcrumbList\",\"@id\":\"https:\/\/projekt.vombat.ee\/eco\/pood\/elektritoukerattad\/linna-toukerattad\/tiger-8-elektritoukeratas-55km\/#breadcrumb\",\"itemListElement\":[{\"@type\":\"ListItem\",\"position\":1,\"name\":\"Home\",\"item\":\"https:\/\/projekt.vombat.ee\/eco\/\"},{\"@type\":\"ListItem\",\"position\":2,\"name\":\"Pood\",\"item\":\"https:\/\/projekt.vombat.ee\/eco\/pood\/\"},{\"@type\":\"ListItem\",\"position\":3,\"name\":\"Tiger 8 elektrit\u00f5ukeratas, 55km\"}]},{\"@type\":\"WebSite\",\"@id\":\"https:\/\/projekt.vombat.ee\/eco\/#website\",\"url\":\"https:\/\/projekt.vombat.ee\/eco\/\",\"name\":\"Ecocruiser\",\"description\":\"\",\"publisher\":{\"@id\":\"https:\/\/projekt.vombat.ee\/eco\/#organization\"},\"potentialAction\":[{\"@type\":\"SearchAction\",\"target\":{\"@type\":\"EntryPoint\",\"urlTemplate\":\"https:\/\/projekt.vombat.ee\/eco\/?s={search_term_string}\"},\"query-input\":{\"@type\":\"PropertyValueSpecification\",\"valueRequired\":true,\"valueName\":\"search_term_string\"}}],\"inLanguage\":\"en-GB\"},{\"@type\":\"Organization\",\"@id\":\"https:\/\/projekt.vombat.ee\/eco\/#organization\",\"name\":\"Ecocruiser\",\"url\":\"https:\/\/projekt.vombat.ee\/eco\/\",\"logo\":{\"@type\":\"ImageObject\",\"inLanguage\":\"en-GB\",\"@id\":\"https:\/\/projekt.vombat.ee\/eco\/#\/schema\/logo\/image\/\",\"url\":\"https:\/\/projekt.vombat.ee\/eco\/wp-content\/uploads\/2023\/03\/ECOCRUISER_5.png\",\"contentUrl\":\"https:\/\/projekt.vombat.ee\/eco\/wp-content\/uploads\/2023\/03\/ECOCRUISER_5.png\",\"width\":234,\"height\":91,\"caption\":\"Ecocruiser\"},\"image\":{\"@id\":\"https:\/\/projekt.vombat.ee\/eco\/#\/schema\/logo\/image\/\"}}]}<\/script>\n<!-- \/ Yoast SEO plugin. -->","yoast_head_json":{"title":"Tiger 8 elektrit\u00f5ukeratas, 55km - Ecocruiser","description":"Tiger 8 on muljetavaldava j\u00f5udluse ja funktsionaalsusega elektrit\u00f5ukeratas, mis pakub suurep\u00e4rast s\u00f5idukogemust. Sellel on v\u00f5imas elektrimootor, mis v\u00f5imaldab kiiret ja sujuvat liikumist nii linnas kui ka linna vahelisel alal. T\u00e4nu suurtele rehvidele ja tugevale raamile tagab see stabiilse ja ohutu s\u00f5idu erinevates tingimustes.","robots":{"index":"noindex","follow":"follow","max-snippet":"max-snippet:-1","max-image-preview":"max-image-preview:large","max-video-preview":"max-video-preview:-1"},"og_locale":"en_GB","og_type":"article","og_title":"Tiger 8 elektrit\u00f5ukeratas, 55km - Ecocruiser","og_description":"Tiger 8 on muljetavaldava j\u00f5udluse ja funktsionaalsusega elektrit\u00f5ukeratas, mis pakub suurep\u00e4rast s\u00f5idukogemust. Sellel on v\u00f5imas elektrimootor, mis v\u00f5imaldab kiiret ja sujuvat liikumist nii linnas kui ka linna vahelisel alal. T\u00e4nu suurtele rehvidele ja tugevale raamile tagab see stabiilse ja ohutu s\u00f5idu erinevates tingimustes.","og_url":"https:\/\/projekt.vombat.ee\/eco\/pood\/elektritoukerattad\/linna-toukerattad\/tiger-8-elektritoukeratas-55km\/","og_site_name":"Ecocruiser","article_modified_time":"2024-04-23T19:21:36+00:00","og_image":[{"width":897,"height":895,"url":"https:\/\/projekt.vombat.ee\/eco\/wp-content\/uploads\/2024\/02\/6b25897eb31ee2af4ae5a292e4cfa29a.png","type":"image\/png"}],"twitter_card":"summary_large_image","twitter_misc":{"Estimated reading time":"2 minutes"},"schema":{"@context":"https:\/\/schema.org","@graph":[{"@type":"WebPage","@id":"https:\/\/projekt.vombat.ee\/eco\/pood\/elektritoukerattad\/linna-toukerattad\/tiger-8-elektritoukeratas-55km\/","url":"https:\/\/projekt.vombat.ee\/eco\/pood\/elektritoukerattad\/linna-toukerattad\/tiger-8-elektritoukeratas-55km\/","name":"Tiger 8 elektrit\u00f5ukeratas, 55km - Ecocruiser","isPartOf":{"@id":"https:\/\/projekt.vombat.ee\/eco\/#website"},"primaryImageOfPage":{"@id":"https:\/\/projekt.vombat.ee\/eco\/pood\/elektritoukerattad\/linna-toukerattad\/tiger-8-elektritoukeratas-55km\/#primaryimage"},"image":{"@id":"https:\/\/projekt.vombat.ee\/eco\/pood\/elektritoukerattad\/linna-toukerattad\/tiger-8-elektritoukeratas-55km\/#primaryimage"},"thumbnailUrl":"https:\/\/projekt.vombat.ee\/eco\/wp-content\/uploads\/2024\/02\/6b25897eb31ee2af4ae5a292e4cfa29a.png","datePublished":"2024-02-29T10:23:00+00:00","dateModified":"2024-04-23T19:21:36+00:00","description":"Tiger 8 on muljetavaldava j\u00f5udluse ja funktsionaalsusega elektrit\u00f5ukeratas, mis pakub suurep\u00e4rast s\u00f5idukogemust. Sellel on v\u00f5imas elektrimootor, mis v\u00f5imaldab kiiret ja sujuvat liikumist nii linnas kui ka linna vahelisel alal. T\u00e4nu suurtele rehvidele ja tugevale raamile tagab see stabiilse ja ohutu s\u00f5idu erinevates tingimustes.","breadcrumb":{"@id":"https:\/\/projekt.vombat.ee\/eco\/pood\/elektritoukerattad\/linna-toukerattad\/tiger-8-elektritoukeratas-55km\/#breadcrumb"},"inLanguage":"en-GB","potentialAction":[{"@type":"ReadAction","target":["https:\/\/projekt.vombat.ee\/eco\/pood\/elektritoukerattad\/linna-toukerattad\/tiger-8-elektritoukeratas-55km\/"]}]},{"@type":"ImageObject","inLanguage":"en-GB","@id":"https:\/\/projekt.vombat.ee\/eco\/pood\/elektritoukerattad\/linna-toukerattad\/tiger-8-elektritoukeratas-55km\/#primaryimage","url":"https:\/\/projekt.vombat.ee\/eco\/wp-content\/uploads\/2024\/02\/6b25897eb31ee2af4ae5a292e4cfa29a.png","contentUrl":"https:\/\/projekt.vombat.ee\/eco\/wp-content\/uploads\/2024\/02\/6b25897eb31ee2af4ae5a292e4cfa29a.png","width":897,"height":895},{"@type":"BreadcrumbList","@id":"https:\/\/projekt.vombat.ee\/eco\/pood\/elektritoukerattad\/linna-toukerattad\/tiger-8-elektritoukeratas-55km\/#breadcrumb","itemListElement":[{"@type":"ListItem","position":1,"name":"Home","item":"https:\/\/projekt.vombat.ee\/eco\/"},{"@type":"ListItem","position":2,"name":"Pood","item":"https:\/\/projekt.vombat.ee\/eco\/pood\/"},{"@type":"ListItem","position":3,"name":"Tiger 8 elektrit\u00f5ukeratas, 55km"}]},{"@type":"WebSite","@id":"https:\/\/projekt.vombat.ee\/eco\/#website","url":"https:\/\/projekt.vombat.ee\/eco\/","name":"Ecocruiser","description":"","publisher":{"@id":"https:\/\/projekt.vombat.ee\/eco\/#organization"},"potentialAction":[{"@type":"SearchAction","target":{"@type":"EntryPoint","urlTemplate":"https:\/\/projekt.vombat.ee\/eco\/?s={search_term_string}"},"query-input":{"@type":"PropertyValueSpecification","valueRequired":true,"valueName":"search_term_string"}}],"inLanguage":"en-GB"},{"@type":"Organization","@id":"https:\/\/projekt.vombat.ee\/eco\/#organization","name":"Ecocruiser","url":"https:\/\/projekt.vombat.ee\/eco\/","logo":{"@type":"ImageObject","inLanguage":"en-GB","@id":"https:\/\/projekt.vombat.ee\/eco\/#\/schema\/logo\/image\/","url":"https:\/\/projekt.vombat.ee\/eco\/wp-content\/uploads\/2023\/03\/ECOCRUISER_5.png","contentUrl":"https:\/\/projekt.vombat.ee\/eco\/wp-content\/uploads\/2023\/03\/ECOCRUISER_5.png","width":234,"height":91,"caption":"Ecocruiser"},"image":{"@id":"https:\/\/projekt.vombat.ee\/eco\/#\/schema\/logo\/image\/"}}]}},"lang":"et","translations":{"et":14626},"pll_sync_post":[],"_links":{"self":[{"href":"https:\/\/projekt.vombat.ee\/eco\/wp-json\/wp\/v2\/product\/14626"}],"collection":[{"href":"https:\/\/projekt.vombat.ee\/eco\/wp-json\/wp\/v2\/product"}],"about":[{"href":"https:\/\/projekt.vombat.ee\/eco\/wp-json\/wp\/v2\/types\/product"}],"version-history":[{"count":4,"href":"https:\/\/projekt.vombat.ee\/eco\/wp-json\/wp\/v2\/product\/14626\/revisions"}],"predecessor-version":[{"id":16523,"href":"https:\/\/projekt.vombat.ee\/eco\/wp-json\/wp\/v2\/product\/14626\/revisions\/16523"}],"wp:featuredmedia":[{"embeddable":true,"href":"https:\/\/projekt.vombat.ee\/eco\/wp-json\/wp\/v2\/media\/16518"}],"wp:attachment":[{"href":"https:\/\/projekt.vombat.ee\/eco\/wp-json\/wp\/v2\/media?parent=14626"}],"wp:term":[{"taxonomy":"product_cat","embeddable":true,"href":"https:\/\/projekt.vombat.ee\/eco\/wp-json\/wp\/v2\/product_cat?post=14626"},{"taxonomy":"product_tag","embeddable":true,"href":"https:\/\/projekt.vombat.ee\/eco\/wp-json\/wp\/v2\/product_tag?post=14626"}],"curies":[{"name":"wp","href":"https:\/\/api.w.org\/{rel}","templated":true}]}}