{"id":14569,"date":"2024-02-29T00:38:57","date_gmt":"2024-02-29T00:38:57","guid":{"rendered":"https:\/\/projekt.vombat.ee\/eco\/?post_type=product&#038;p=14569"},"modified":"2024-05-26T18:46:10","modified_gmt":"2024-05-26T18:46:10","slug":"ecocruiser-g632-elektritoukeratas","status":"publish","type":"product","link":"https:\/\/projekt.vombat.ee\/eco\/pood\/elektritoukerattad\/voimsad-toukerattad\/ecocruiser-g632-elektritoukeratas\/","title":{"rendered":"Ecocruiser G632 Elektrit\u00f5ukeratas"},"content":{"rendered":"<h1>Ecocruiser G632<\/h1>\n<h3><img fetchpriority=\"high\" decoding=\"async\" class=\"alignnone wp-image-16380 \" src=\"https:\/\/projekt.vombat.ee\/eco\/wp-content\/uploads\/2024\/02\/10.png\" alt=\"\" width=\"779\" height=\"388\" srcset=\"https:\/\/projekt.vombat.ee\/eco\/wp-content\/uploads\/2024\/02\/10.png 1184w, https:\/\/projekt.vombat.ee\/eco\/wp-content\/uploads\/2024\/02\/10-300x149.png 300w, https:\/\/projekt.vombat.ee\/eco\/wp-content\/uploads\/2024\/02\/10-1024x510.png 1024w, https:\/\/projekt.vombat.ee\/eco\/wp-content\/uploads\/2024\/02\/10-768x383.png 768w, https:\/\/projekt.vombat.ee\/eco\/wp-content\/uploads\/2024\/02\/10-500x249.png 500w, https:\/\/projekt.vombat.ee\/eco\/wp-content\/uploads\/2024\/02\/10-800x399.png 800w, https:\/\/projekt.vombat.ee\/eco\/wp-content\/uploads\/2024\/02\/10-760x379.png 760w, https:\/\/projekt.vombat.ee\/eco\/wp-content\/uploads\/2024\/02\/10-370x184.png 370w\" sizes=\"(max-width: 779px) 100vw, 779px\" \/><\/h3>\n<h3>Harjadeta mootor<\/h3>\n<p>1000W v\u00f5imsusega. Maksimaalse kiirusega 25km\/h.<\/p>\n<h3>Nutilahendused<\/h3>\n<p>\u201cTUYA\u201d smart \u00e4pi kasutamisega on v\u00f5imalik j\u00e4lgida aku olekut, reguleerida kiirusepiirangut, n\u00e4ha l\u00e4bis\u00f5itu. Samuti saab l\u00e4bi \u00e4pi avada ja lukustada t\u00f5ukeratast. N\u00e4ed ka oma t\u00f5ukeratta asukohta t\u00e4nu GPSile.<\/p>\n<p>&nbsp;<\/p>\n<h3>Valgustus<\/h3>\n<p>Ere esituli ja tagatuli, et oleksid m\u00e4rgatud igal ajal.<\/p>\n<h3><strong>LCD ekraan<\/strong><\/h3>\n<p>Ekraan on kvaliteetse valgustusega, et k\u00f5ikide ilmastikuoludega oleks s\u00f5idu ajal vajalikud andmed n\u00e4htaval.<\/p>\n<p>&nbsp;<\/p>\n<p>&nbsp;<\/p>\n","protected":false},"excerpt":{"rendered":"<p>Avasta mugavus ja kiirus <strong>G632 elektrit\u00f5ukerattaga<\/strong>\u00a0\u2013 tee iga s\u00f5it adrenaliinirikkaks seikluseks!<\/p>\n<p>Vali\u00a0<strong>G632 elektrit\u00f5ukeratas <\/strong>sinu igap\u00e4evasteks s\u00f5itudeks.<\/p>\n<p><strong>Omadused:<\/strong><\/p>\n<ul>\n<li>V\u00f5imsus 1000W (piirajaga)<\/li>\n<li>Tippkiirus 25km\/h (piirajaga)<\/li>\n<li>S\u00f5iduulatus 65km<\/li>\n<li>\u00c4pi kasutamise v\u00f5imalus<\/li>\n<li>20Ah eemaldatav aku<\/li>\n<\/ul>\n<p>\u2666\u00a0<strong>Tarneaeg 2-6 p\u00e4eva<\/strong><br \/>\n\u2666\u00a0<strong>Laos<\/strong><\/p>\n<p><b>Garantii: 2 aastat!<\/b><\/p>\n","protected":false},"featured_media":16374,"template":"","meta":[],"product_cat":[53,911],"product_tag":[],"class_list":{"0":"post-14569","1":"product","2":"type-product","3":"status-publish","4":"has-post-thumbnail","6":"product_cat-elektritoukerattad","7":"product_cat-voimsad-toukerattad","9":"first","10":"instock","11":"taxable","12":"shipping-taxable","13":"purchasable","14":"product-type-simple"},"yoast_head":"<!-- This site is optimized with the Yoast SEO plugin v23.8 - https:\/\/yoast.com\/wordpress\/plugins\/seo\/ -->\n<title>Ecocruiser G632 Elektrit\u00f5ukeratas - Ecocruiser<\/title>\n<meta name=\"description\" content=\"Avasta G63 Dual Motor - tipptasemel elektrit\u00f5ukeratas, mis pakub sujuvat ja v\u00f5imsat s\u00f5itu nii linnas kui maastikul. T\u00e4nu kahele v\u00f5imsale elektrimootorile ja vastupidavale konstruktsioonile on see ideaalne valik neile, kes otsivad kiiret ja d\u00fcnaamilist liikumist igap\u00e4evastel teekondadel. Vali G63 Dual Motor ning naudi muretut ja keskkonnas\u00f5bralikku s\u00f5itu oma sihtkohtadesse.\" \/>\n<meta name=\"robots\" content=\"noindex, follow, max-snippet:-1, max-image-preview:large, max-video-preview:-1\" \/>\n<meta property=\"og:locale\" content=\"en_GB\" \/>\n<meta property=\"og:type\" content=\"article\" \/>\n<meta property=\"og:title\" content=\"Ecocruiser G632 Elektrit\u00f5ukeratas - Ecocruiser\" \/>\n<meta property=\"og:description\" content=\"Avasta G63 Dual Motor - tipptasemel elektrit\u00f5ukeratas, mis pakub sujuvat ja v\u00f5imsat s\u00f5itu nii linnas kui maastikul. T\u00e4nu kahele v\u00f5imsale elektrimootorile ja vastupidavale konstruktsioonile on see ideaalne valik neile, kes otsivad kiiret ja d\u00fcnaamilist liikumist igap\u00e4evastel teekondadel. Vali G63 Dual Motor ning naudi muretut ja keskkonnas\u00f5bralikku s\u00f5itu oma sihtkohtadesse.\" \/>\n<meta property=\"og:url\" content=\"https:\/\/projekt.vombat.ee\/eco\/pood\/elektritoukerattad\/voimsad-toukerattad\/ecocruiser-g632-elektritoukeratas\/\" \/>\n<meta property=\"og:site_name\" content=\"Ecocruiser\" \/>\n<meta property=\"article:modified_time\" content=\"2024-05-26T18:46:10+00:00\" \/>\n<meta property=\"og:image\" content=\"https:\/\/projekt.vombat.ee\/eco\/wp-content\/uploads\/2024\/02\/3-2-1-scaled.jpg\" \/>\n\t<meta property=\"og:image:width\" content=\"2551\" \/>\n\t<meta property=\"og:image:height\" content=\"2560\" \/>\n\t<meta property=\"og:image:type\" content=\"image\/jpeg\" \/>\n<meta name=\"twitter:card\" content=\"summary_large_image\" \/>\n<meta name=\"twitter:label1\" content=\"Estimated reading time\" \/>\n\t<meta name=\"twitter:data1\" content=\"1 minute\" \/>\n<script type=\"application\/ld+json\" class=\"yoast-schema-graph\">{\"@context\":\"https:\/\/schema.org\",\"@graph\":[{\"@type\":\"WebPage\",\"@id\":\"https:\/\/projekt.vombat.ee\/eco\/pood\/elektritoukerattad\/voimsad-toukerattad\/ecocruiser-g632-elektritoukeratas\/\",\"url\":\"https:\/\/projekt.vombat.ee\/eco\/pood\/elektritoukerattad\/voimsad-toukerattad\/ecocruiser-g632-elektritoukeratas\/\",\"name\":\"Ecocruiser G632 Elektrit\u00f5ukeratas - Ecocruiser\",\"isPartOf\":{\"@id\":\"https:\/\/projekt.vombat.ee\/eco\/#website\"},\"primaryImageOfPage\":{\"@id\":\"https:\/\/projekt.vombat.ee\/eco\/pood\/elektritoukerattad\/voimsad-toukerattad\/ecocruiser-g632-elektritoukeratas\/#primaryimage\"},\"image\":{\"@id\":\"https:\/\/projekt.vombat.ee\/eco\/pood\/elektritoukerattad\/voimsad-toukerattad\/ecocruiser-g632-elektritoukeratas\/#primaryimage\"},\"thumbnailUrl\":\"https:\/\/projekt.vombat.ee\/eco\/wp-content\/uploads\/2024\/02\/3-2-1-scaled.jpg\",\"datePublished\":\"2024-02-29T00:38:57+00:00\",\"dateModified\":\"2024-05-26T18:46:10+00:00\",\"description\":\"Avasta G63 Dual Motor - tipptasemel elektrit\u00f5ukeratas, mis pakub sujuvat ja v\u00f5imsat s\u00f5itu nii linnas kui maastikul. T\u00e4nu kahele v\u00f5imsale elektrimootorile ja vastupidavale konstruktsioonile on see ideaalne valik neile, kes otsivad kiiret ja d\u00fcnaamilist liikumist igap\u00e4evastel teekondadel. Vali G63 Dual Motor ning naudi muretut ja keskkonnas\u00f5bralikku s\u00f5itu oma sihtkohtadesse.\",\"breadcrumb\":{\"@id\":\"https:\/\/projekt.vombat.ee\/eco\/pood\/elektritoukerattad\/voimsad-toukerattad\/ecocruiser-g632-elektritoukeratas\/#breadcrumb\"},\"inLanguage\":\"en-GB\",\"potentialAction\":[{\"@type\":\"ReadAction\",\"target\":[\"https:\/\/projekt.vombat.ee\/eco\/pood\/elektritoukerattad\/voimsad-toukerattad\/ecocruiser-g632-elektritoukeratas\/\"]}]},{\"@type\":\"ImageObject\",\"inLanguage\":\"en-GB\",\"@id\":\"https:\/\/projekt.vombat.ee\/eco\/pood\/elektritoukerattad\/voimsad-toukerattad\/ecocruiser-g632-elektritoukeratas\/#primaryimage\",\"url\":\"https:\/\/projekt.vombat.ee\/eco\/wp-content\/uploads\/2024\/02\/3-2-1-scaled.jpg\",\"contentUrl\":\"https:\/\/projekt.vombat.ee\/eco\/wp-content\/uploads\/2024\/02\/3-2-1-scaled.jpg\",\"width\":2551,\"height\":2560},{\"@type\":\"BreadcrumbList\",\"@id\":\"https:\/\/projekt.vombat.ee\/eco\/pood\/elektritoukerattad\/voimsad-toukerattad\/ecocruiser-g632-elektritoukeratas\/#breadcrumb\",\"itemListElement\":[{\"@type\":\"ListItem\",\"position\":1,\"name\":\"Home\",\"item\":\"https:\/\/projekt.vombat.ee\/eco\/\"},{\"@type\":\"ListItem\",\"position\":2,\"name\":\"Pood\",\"item\":\"https:\/\/projekt.vombat.ee\/eco\/pood\/\"},{\"@type\":\"ListItem\",\"position\":3,\"name\":\"Ecocruiser G632 Elektrit\u00f5ukeratas\"}]},{\"@type\":\"WebSite\",\"@id\":\"https:\/\/projekt.vombat.ee\/eco\/#website\",\"url\":\"https:\/\/projekt.vombat.ee\/eco\/\",\"name\":\"Ecocruiser\",\"description\":\"\",\"publisher\":{\"@id\":\"https:\/\/projekt.vombat.ee\/eco\/#organization\"},\"potentialAction\":[{\"@type\":\"SearchAction\",\"target\":{\"@type\":\"EntryPoint\",\"urlTemplate\":\"https:\/\/projekt.vombat.ee\/eco\/?s={search_term_string}\"},\"query-input\":{\"@type\":\"PropertyValueSpecification\",\"valueRequired\":true,\"valueName\":\"search_term_string\"}}],\"inLanguage\":\"en-GB\"},{\"@type\":\"Organization\",\"@id\":\"https:\/\/projekt.vombat.ee\/eco\/#organization\",\"name\":\"Ecocruiser\",\"url\":\"https:\/\/projekt.vombat.ee\/eco\/\",\"logo\":{\"@type\":\"ImageObject\",\"inLanguage\":\"en-GB\",\"@id\":\"https:\/\/projekt.vombat.ee\/eco\/#\/schema\/logo\/image\/\",\"url\":\"https:\/\/projekt.vombat.ee\/eco\/wp-content\/uploads\/2023\/03\/ECOCRUISER_5.png\",\"contentUrl\":\"https:\/\/projekt.vombat.ee\/eco\/wp-content\/uploads\/2023\/03\/ECOCRUISER_5.png\",\"width\":234,\"height\":91,\"caption\":\"Ecocruiser\"},\"image\":{\"@id\":\"https:\/\/projekt.vombat.ee\/eco\/#\/schema\/logo\/image\/\"}}]}<\/script>\n<!-- \/ Yoast SEO plugin. -->","yoast_head_json":{"title":"Ecocruiser G632 Elektrit\u00f5ukeratas - Ecocruiser","description":"Avasta G63 Dual Motor - tipptasemel elektrit\u00f5ukeratas, mis pakub sujuvat ja v\u00f5imsat s\u00f5itu nii linnas kui maastikul. T\u00e4nu kahele v\u00f5imsale elektrimootorile ja vastupidavale konstruktsioonile on see ideaalne valik neile, kes otsivad kiiret ja d\u00fcnaamilist liikumist igap\u00e4evastel teekondadel. Vali G63 Dual Motor ning naudi muretut ja keskkonnas\u00f5bralikku s\u00f5itu oma sihtkohtadesse.","robots":{"index":"noindex","follow":"follow","max-snippet":"max-snippet:-1","max-image-preview":"max-image-preview:large","max-video-preview":"max-video-preview:-1"},"og_locale":"en_GB","og_type":"article","og_title":"Ecocruiser G632 Elektrit\u00f5ukeratas - Ecocruiser","og_description":"Avasta G63 Dual Motor - tipptasemel elektrit\u00f5ukeratas, mis pakub sujuvat ja v\u00f5imsat s\u00f5itu nii linnas kui maastikul. T\u00e4nu kahele v\u00f5imsale elektrimootorile ja vastupidavale konstruktsioonile on see ideaalne valik neile, kes otsivad kiiret ja d\u00fcnaamilist liikumist igap\u00e4evastel teekondadel. Vali G63 Dual Motor ning naudi muretut ja keskkonnas\u00f5bralikku s\u00f5itu oma sihtkohtadesse.","og_url":"https:\/\/projekt.vombat.ee\/eco\/pood\/elektritoukerattad\/voimsad-toukerattad\/ecocruiser-g632-elektritoukeratas\/","og_site_name":"Ecocruiser","article_modified_time":"2024-05-26T18:46:10+00:00","og_image":[{"width":2551,"height":2560,"url":"https:\/\/projekt.vombat.ee\/eco\/wp-content\/uploads\/2024\/02\/3-2-1-scaled.jpg","type":"image\/jpeg"}],"twitter_card":"summary_large_image","twitter_misc":{"Estimated reading time":"1 minute"},"schema":{"@context":"https:\/\/schema.org","@graph":[{"@type":"WebPage","@id":"https:\/\/projekt.vombat.ee\/eco\/pood\/elektritoukerattad\/voimsad-toukerattad\/ecocruiser-g632-elektritoukeratas\/","url":"https:\/\/projekt.vombat.ee\/eco\/pood\/elektritoukerattad\/voimsad-toukerattad\/ecocruiser-g632-elektritoukeratas\/","name":"Ecocruiser G632 Elektrit\u00f5ukeratas - Ecocruiser","isPartOf":{"@id":"https:\/\/projekt.vombat.ee\/eco\/#website"},"primaryImageOfPage":{"@id":"https:\/\/projekt.vombat.ee\/eco\/pood\/elektritoukerattad\/voimsad-toukerattad\/ecocruiser-g632-elektritoukeratas\/#primaryimage"},"image":{"@id":"https:\/\/projekt.vombat.ee\/eco\/pood\/elektritoukerattad\/voimsad-toukerattad\/ecocruiser-g632-elektritoukeratas\/#primaryimage"},"thumbnailUrl":"https:\/\/projekt.vombat.ee\/eco\/wp-content\/uploads\/2024\/02\/3-2-1-scaled.jpg","datePublished":"2024-02-29T00:38:57+00:00","dateModified":"2024-05-26T18:46:10+00:00","description":"Avasta G63 Dual Motor - tipptasemel elektrit\u00f5ukeratas, mis pakub sujuvat ja v\u00f5imsat s\u00f5itu nii linnas kui maastikul. T\u00e4nu kahele v\u00f5imsale elektrimootorile ja vastupidavale konstruktsioonile on see ideaalne valik neile, kes otsivad kiiret ja d\u00fcnaamilist liikumist igap\u00e4evastel teekondadel. Vali G63 Dual Motor ning naudi muretut ja keskkonnas\u00f5bralikku s\u00f5itu oma sihtkohtadesse.","breadcrumb":{"@id":"https:\/\/projekt.vombat.ee\/eco\/pood\/elektritoukerattad\/voimsad-toukerattad\/ecocruiser-g632-elektritoukeratas\/#breadcrumb"},"inLanguage":"en-GB","potentialAction":[{"@type":"ReadAction","target":["https:\/\/projekt.vombat.ee\/eco\/pood\/elektritoukerattad\/voimsad-toukerattad\/ecocruiser-g632-elektritoukeratas\/"]}]},{"@type":"ImageObject","inLanguage":"en-GB","@id":"https:\/\/projekt.vombat.ee\/eco\/pood\/elektritoukerattad\/voimsad-toukerattad\/ecocruiser-g632-elektritoukeratas\/#primaryimage","url":"https:\/\/projekt.vombat.ee\/eco\/wp-content\/uploads\/2024\/02\/3-2-1-scaled.jpg","contentUrl":"https:\/\/projekt.vombat.ee\/eco\/wp-content\/uploads\/2024\/02\/3-2-1-scaled.jpg","width":2551,"height":2560},{"@type":"BreadcrumbList","@id":"https:\/\/projekt.vombat.ee\/eco\/pood\/elektritoukerattad\/voimsad-toukerattad\/ecocruiser-g632-elektritoukeratas\/#breadcrumb","itemListElement":[{"@type":"ListItem","position":1,"name":"Home","item":"https:\/\/projekt.vombat.ee\/eco\/"},{"@type":"ListItem","position":2,"name":"Pood","item":"https:\/\/projekt.vombat.ee\/eco\/pood\/"},{"@type":"ListItem","position":3,"name":"Ecocruiser G632 Elektrit\u00f5ukeratas"}]},{"@type":"WebSite","@id":"https:\/\/projekt.vombat.ee\/eco\/#website","url":"https:\/\/projekt.vombat.ee\/eco\/","name":"Ecocruiser","description":"","publisher":{"@id":"https:\/\/projekt.vombat.ee\/eco\/#organization"},"potentialAction":[{"@type":"SearchAction","target":{"@type":"EntryPoint","urlTemplate":"https:\/\/projekt.vombat.ee\/eco\/?s={search_term_string}"},"query-input":{"@type":"PropertyValueSpecification","valueRequired":true,"valueName":"search_term_string"}}],"inLanguage":"en-GB"},{"@type":"Organization","@id":"https:\/\/projekt.vombat.ee\/eco\/#organization","name":"Ecocruiser","url":"https:\/\/projekt.vombat.ee\/eco\/","logo":{"@type":"ImageObject","inLanguage":"en-GB","@id":"https:\/\/projekt.vombat.ee\/eco\/#\/schema\/logo\/image\/","url":"https:\/\/projekt.vombat.ee\/eco\/wp-content\/uploads\/2023\/03\/ECOCRUISER_5.png","contentUrl":"https:\/\/projekt.vombat.ee\/eco\/wp-content\/uploads\/2023\/03\/ECOCRUISER_5.png","width":234,"height":91,"caption":"Ecocruiser"},"image":{"@id":"https:\/\/projekt.vombat.ee\/eco\/#\/schema\/logo\/image\/"}}]}},"lang":"et","translations":{"et":14569},"pll_sync_post":[],"_links":{"self":[{"href":"https:\/\/projekt.vombat.ee\/eco\/wp-json\/wp\/v2\/product\/14569"}],"collection":[{"href":"https:\/\/projekt.vombat.ee\/eco\/wp-json\/wp\/v2\/product"}],"about":[{"href":"https:\/\/projekt.vombat.ee\/eco\/wp-json\/wp\/v2\/types\/product"}],"version-history":[{"count":7,"href":"https:\/\/projekt.vombat.ee\/eco\/wp-json\/wp\/v2\/product\/14569\/revisions"}],"predecessor-version":[{"id":17364,"href":"https:\/\/projekt.vombat.ee\/eco\/wp-json\/wp\/v2\/product\/14569\/revisions\/17364"}],"wp:featuredmedia":[{"embeddable":true,"href":"https:\/\/projekt.vombat.ee\/eco\/wp-json\/wp\/v2\/media\/16374"}],"wp:attachment":[{"href":"https:\/\/projekt.vombat.ee\/eco\/wp-json\/wp\/v2\/media?parent=14569"}],"wp:term":[{"taxonomy":"product_cat","embeddable":true,"href":"https:\/\/projekt.vombat.ee\/eco\/wp-json\/wp\/v2\/product_cat?post=14569"},{"taxonomy":"product_tag","embeddable":true,"href":"https:\/\/projekt.vombat.ee\/eco\/wp-json\/wp\/v2\/product_tag?post=14569"}],"curies":[{"name":"wp","href":"https:\/\/api.w.org\/{rel}","templated":true}]}}