{"id":14555,"date":"2024-03-09T06:58:16","date_gmt":"2024-03-09T06:58:16","guid":{"rendered":"https:\/\/projekt.vombat.ee\/eco\/?post_type=product&#038;p=14555"},"modified":"2024-03-09T06:58:16","modified_gmt":"2024-03-09T06:58:16","slug":"garelli-ciclone-e2-elektriroller-120km","status":"publish","type":"product","link":"https:\/\/projekt.vombat.ee\/eco\/pood\/elektrirollerid\/garelli-ciclone-e2-elektriroller-120km\/","title":{"rendered":"Garelli Ciclone E2 elektriroller, 120km"},"content":{"rendered":"<p>Itaalia kaubam\u00e4rk naaseb allak\u00e4igumootoriga, mis on \u00fcks legendaarsete 1970ndate aastate esinduslikumaid mudeleid. Uus <strong>Garelli Ciclone<\/strong> mopeed s\u00e4ilitab oma iseloomuliku disaini.<\/p>\n<p><strong>Ciclone<\/strong> on muutunud keskkonnas\u00f5bralikuks t\u00e4nu Boschi elektrimootorile.<\/p>\n<h3>Garelli Power Packi aku<\/h3>\n<p>Maht on 40 Ah, saab h\u00f5lpsasti eemaldada ja kodus laadida. T\u00e4nu oma t\u00f6\u00f6kindlusele tagavad Samsungi liitiumakud rohkem kui 100 km s\u00f5iduulatuse.<\/p>\n<h3>10 A kiirlaadija<\/h3>\n<p>V\u00f5imaldab akut laadida 4 tunniga. Lisavarustuses oleva Garelli kiirlaadijaga saab umbes 25 km l\u00e4bitavuse saavutada vaid 45 minutilise laadimisega. Praktiliselt on see aeg vajalik kohvi joomiseks v\u00f5i l\u00fchikeseks jalutusk\u00e4iguks linnas.<\/p>\n<h3>Garelli Ciclone E2 mopeed &#8211; 100% elektriline<\/h3>\n<p>Garelli on koost\u00f6\u00f6s Boschiga v\u00e4lja t\u00f6\u00f6tanud mootori, mille tippv\u00f5imsus on 2kW ja maksimaalne p\u00f6\u00f6rdemoment 120Nm. Koos Boschi kontrolleriga saavutatakse v\u00f5imas kiirendus ja minimaalne energiakulu.<\/p>\n<h3>Mapping Drive Control<\/h3>\n<p>Pakub 3 erinevat s\u00f5idure\u017eiimi: Eco, Tour ja Sport<\/p>\n<h3>KERS-tehnoloogia<\/h3>\n<p>Garelli Ciclone on varustatud ka KERS-tehnoloogiaga, mis mootori juhtimisseadme kaudu taastab energiat ja tagastab selle pidurdamise ajal akusse, pakkudes d\u00fcnaamilist laadimist.<\/p>\n<p>&nbsp;<\/p>\n","protected":false},"excerpt":{"rendered":"<p><strong>Garelli Ciclone E2<\/strong>-unikaalne elektriroller sinu igap\u00e4evasteks s\u00f5itudeks!<\/p>\n<p>Vali <strong>Garelli Ciclone E2<\/strong> ja naudi sujuvat liiklemist.<\/p>\n<p><strong>Omadused:<\/strong><\/p>\n<ul>\n<li>S\u00f5iduulatus ECO re\u017eiimis kuni 120km<\/li>\n<li>LCD ekraan<\/li>\n<li>Laadimisaeg 6-8h (3-4 tundi kiirlaadijaga)<\/li>\n<li>V\u00f5imus 2kW<\/li>\n<li>Max kiirus 45km\/h<\/li>\n<li>Max koormus 150kg<\/li>\n<\/ul>\n<p>\u2666\u00a0<strong>Tarneaeg 2-6 p\u00e4eva<\/strong><br \/>\n\u2666\u00a0<strong>Laos<\/strong><\/p>\n<p><b>Garantii: 2 aastat!<\/b><\/p>\n<ul>\n<li><\/li>\n<\/ul>\n","protected":false},"featured_media":0,"template":"","meta":[],"product_cat":[1662],"product_tag":[],"class_list":{"0":"post-14555","1":"product","2":"type-product","3":"status-publish","5":"product_cat-elektrirollerid","7":"first","8":"instock","9":"taxable","10":"shipping-taxable","11":"purchasable","12":"product-type-simple"},"yoast_head":"<!-- This site is optimized with the Yoast SEO plugin v23.8 - https:\/\/yoast.com\/wordpress\/plugins\/seo\/ -->\n<title>Garelli Ciclone E2 elektriroller, 120km - Ecocruiser<\/title>\n<meta name=\"description\" content=\"Garelli Ciclone E2 on stiilne ja mugav elektriroller, mis pakub sujuvat ja keskkonnas\u00f5bralikku s\u00f5itu. T\u00e4nu oma v\u00f5imsale elektrimootorile ja kompaktsele disainile on see ideaalne valik linnas liikumiseks. Vali Garelli Ciclone ning naudi muretut ja d\u00fcnaamilist s\u00f5itu.\" \/>\n<meta name=\"robots\" content=\"noindex, follow, max-snippet:-1, max-image-preview:large, max-video-preview:-1\" \/>\n<meta property=\"og:locale\" content=\"en_GB\" \/>\n<meta property=\"og:type\" content=\"article\" \/>\n<meta property=\"og:title\" content=\"Garelli Ciclone E2 elektriroller, 120km - Ecocruiser\" \/>\n<meta property=\"og:description\" content=\"Garelli Ciclone E2 on stiilne ja mugav elektriroller, mis pakub sujuvat ja keskkonnas\u00f5bralikku s\u00f5itu. T\u00e4nu oma v\u00f5imsale elektrimootorile ja kompaktsele disainile on see ideaalne valik linnas liikumiseks. Vali Garelli Ciclone ning naudi muretut ja d\u00fcnaamilist s\u00f5itu.\" \/>\n<meta property=\"og:url\" content=\"https:\/\/projekt.vombat.ee\/eco\/pood\/elektrirollerid\/garelli-ciclone-e2-elektriroller-120km\/\" \/>\n<meta property=\"og:site_name\" content=\"Ecocruiser\" \/>\n<meta property=\"og:image\" content=\"https:\/\/projekt.vombat.ee\/eco\/wp-content\/uploads\/2024\/02\/Untitled-design-44-2.png\" \/>\n\t<meta property=\"og:image:width\" content=\"1000\" \/>\n\t<meta property=\"og:image:height\" content=\"1000\" \/>\n\t<meta property=\"og:image:type\" content=\"image\/png\" \/>\n<meta name=\"twitter:card\" content=\"summary_large_image\" \/>\n<meta name=\"twitter:label1\" content=\"Estimated reading time\" \/>\n\t<meta name=\"twitter:data1\" content=\"2 minutes\" \/>\n<script type=\"application\/ld+json\" class=\"yoast-schema-graph\">{\"@context\":\"https:\/\/schema.org\",\"@graph\":[{\"@type\":\"WebPage\",\"@id\":\"https:\/\/projekt.vombat.ee\/eco\/pood\/elektrirollerid\/garelli-ciclone-e2-elektriroller-120km\/\",\"url\":\"https:\/\/projekt.vombat.ee\/eco\/pood\/elektrirollerid\/garelli-ciclone-e2-elektriroller-120km\/\",\"name\":\"Garelli Ciclone E2 elektriroller, 120km - Ecocruiser\",\"isPartOf\":{\"@id\":\"https:\/\/projekt.vombat.ee\/eco\/#website\"},\"datePublished\":\"2024-03-09T06:58:16+00:00\",\"dateModified\":\"2024-03-09T06:58:16+00:00\",\"description\":\"Garelli Ciclone E2 on stiilne ja mugav elektriroller, mis pakub sujuvat ja keskkonnas\u00f5bralikku s\u00f5itu. T\u00e4nu oma v\u00f5imsale elektrimootorile ja kompaktsele disainile on see ideaalne valik linnas liikumiseks. Vali Garelli Ciclone ning naudi muretut ja d\u00fcnaamilist s\u00f5itu.\",\"breadcrumb\":{\"@id\":\"https:\/\/projekt.vombat.ee\/eco\/pood\/elektrirollerid\/garelli-ciclone-e2-elektriroller-120km\/#breadcrumb\"},\"inLanguage\":\"en-GB\",\"potentialAction\":[{\"@type\":\"ReadAction\",\"target\":[\"https:\/\/projekt.vombat.ee\/eco\/pood\/elektrirollerid\/garelli-ciclone-e2-elektriroller-120km\/\"]}]},{\"@type\":\"BreadcrumbList\",\"@id\":\"https:\/\/projekt.vombat.ee\/eco\/pood\/elektrirollerid\/garelli-ciclone-e2-elektriroller-120km\/#breadcrumb\",\"itemListElement\":[{\"@type\":\"ListItem\",\"position\":1,\"name\":\"Home\",\"item\":\"https:\/\/projekt.vombat.ee\/eco\/\"},{\"@type\":\"ListItem\",\"position\":2,\"name\":\"Pood\",\"item\":\"https:\/\/projekt.vombat.ee\/eco\/pood\/\"},{\"@type\":\"ListItem\",\"position\":3,\"name\":\"Garelli Ciclone E2 elektriroller, 120km\"}]},{\"@type\":\"WebSite\",\"@id\":\"https:\/\/projekt.vombat.ee\/eco\/#website\",\"url\":\"https:\/\/projekt.vombat.ee\/eco\/\",\"name\":\"Ecocruiser\",\"description\":\"\",\"publisher\":{\"@id\":\"https:\/\/projekt.vombat.ee\/eco\/#organization\"},\"potentialAction\":[{\"@type\":\"SearchAction\",\"target\":{\"@type\":\"EntryPoint\",\"urlTemplate\":\"https:\/\/projekt.vombat.ee\/eco\/?s={search_term_string}\"},\"query-input\":{\"@type\":\"PropertyValueSpecification\",\"valueRequired\":true,\"valueName\":\"search_term_string\"}}],\"inLanguage\":\"en-GB\"},{\"@type\":\"Organization\",\"@id\":\"https:\/\/projekt.vombat.ee\/eco\/#organization\",\"name\":\"Ecocruiser\",\"url\":\"https:\/\/projekt.vombat.ee\/eco\/\",\"logo\":{\"@type\":\"ImageObject\",\"inLanguage\":\"en-GB\",\"@id\":\"https:\/\/projekt.vombat.ee\/eco\/#\/schema\/logo\/image\/\",\"url\":\"https:\/\/projekt.vombat.ee\/eco\/wp-content\/uploads\/2023\/03\/ECOCRUISER_5.png\",\"contentUrl\":\"https:\/\/projekt.vombat.ee\/eco\/wp-content\/uploads\/2023\/03\/ECOCRUISER_5.png\",\"width\":234,\"height\":91,\"caption\":\"Ecocruiser\"},\"image\":{\"@id\":\"https:\/\/projekt.vombat.ee\/eco\/#\/schema\/logo\/image\/\"}}]}<\/script>\n<!-- \/ Yoast SEO plugin. -->","yoast_head_json":{"title":"Garelli Ciclone E2 elektriroller, 120km - Ecocruiser","description":"Garelli Ciclone E2 on stiilne ja mugav elektriroller, mis pakub sujuvat ja keskkonnas\u00f5bralikku s\u00f5itu. T\u00e4nu oma v\u00f5imsale elektrimootorile ja kompaktsele disainile on see ideaalne valik linnas liikumiseks. Vali Garelli Ciclone ning naudi muretut ja d\u00fcnaamilist s\u00f5itu.","robots":{"index":"noindex","follow":"follow","max-snippet":"max-snippet:-1","max-image-preview":"max-image-preview:large","max-video-preview":"max-video-preview:-1"},"og_locale":"en_GB","og_type":"article","og_title":"Garelli Ciclone E2 elektriroller, 120km - Ecocruiser","og_description":"Garelli Ciclone E2 on stiilne ja mugav elektriroller, mis pakub sujuvat ja keskkonnas\u00f5bralikku s\u00f5itu. T\u00e4nu oma v\u00f5imsale elektrimootorile ja kompaktsele disainile on see ideaalne valik linnas liikumiseks. Vali Garelli Ciclone ning naudi muretut ja d\u00fcnaamilist s\u00f5itu.","og_url":"https:\/\/projekt.vombat.ee\/eco\/pood\/elektrirollerid\/garelli-ciclone-e2-elektriroller-120km\/","og_site_name":"Ecocruiser","og_image":[{"width":1000,"height":1000,"url":"https:\/\/projekt.vombat.ee\/eco\/wp-content\/uploads\/2024\/02\/Untitled-design-44-2.png","type":"image\/png"}],"twitter_card":"summary_large_image","twitter_misc":{"Estimated reading time":"2 minutes"},"schema":{"@context":"https:\/\/schema.org","@graph":[{"@type":"WebPage","@id":"https:\/\/projekt.vombat.ee\/eco\/pood\/elektrirollerid\/garelli-ciclone-e2-elektriroller-120km\/","url":"https:\/\/projekt.vombat.ee\/eco\/pood\/elektrirollerid\/garelli-ciclone-e2-elektriroller-120km\/","name":"Garelli Ciclone E2 elektriroller, 120km - Ecocruiser","isPartOf":{"@id":"https:\/\/projekt.vombat.ee\/eco\/#website"},"datePublished":"2024-03-09T06:58:16+00:00","dateModified":"2024-03-09T06:58:16+00:00","description":"Garelli Ciclone E2 on stiilne ja mugav elektriroller, mis pakub sujuvat ja keskkonnas\u00f5bralikku s\u00f5itu. T\u00e4nu oma v\u00f5imsale elektrimootorile ja kompaktsele disainile on see ideaalne valik linnas liikumiseks. Vali Garelli Ciclone ning naudi muretut ja d\u00fcnaamilist s\u00f5itu.","breadcrumb":{"@id":"https:\/\/projekt.vombat.ee\/eco\/pood\/elektrirollerid\/garelli-ciclone-e2-elektriroller-120km\/#breadcrumb"},"inLanguage":"en-GB","potentialAction":[{"@type":"ReadAction","target":["https:\/\/projekt.vombat.ee\/eco\/pood\/elektrirollerid\/garelli-ciclone-e2-elektriroller-120km\/"]}]},{"@type":"BreadcrumbList","@id":"https:\/\/projekt.vombat.ee\/eco\/pood\/elektrirollerid\/garelli-ciclone-e2-elektriroller-120km\/#breadcrumb","itemListElement":[{"@type":"ListItem","position":1,"name":"Home","item":"https:\/\/projekt.vombat.ee\/eco\/"},{"@type":"ListItem","position":2,"name":"Pood","item":"https:\/\/projekt.vombat.ee\/eco\/pood\/"},{"@type":"ListItem","position":3,"name":"Garelli Ciclone E2 elektriroller, 120km"}]},{"@type":"WebSite","@id":"https:\/\/projekt.vombat.ee\/eco\/#website","url":"https:\/\/projekt.vombat.ee\/eco\/","name":"Ecocruiser","description":"","publisher":{"@id":"https:\/\/projekt.vombat.ee\/eco\/#organization"},"potentialAction":[{"@type":"SearchAction","target":{"@type":"EntryPoint","urlTemplate":"https:\/\/projekt.vombat.ee\/eco\/?s={search_term_string}"},"query-input":{"@type":"PropertyValueSpecification","valueRequired":true,"valueName":"search_term_string"}}],"inLanguage":"en-GB"},{"@type":"Organization","@id":"https:\/\/projekt.vombat.ee\/eco\/#organization","name":"Ecocruiser","url":"https:\/\/projekt.vombat.ee\/eco\/","logo":{"@type":"ImageObject","inLanguage":"en-GB","@id":"https:\/\/projekt.vombat.ee\/eco\/#\/schema\/logo\/image\/","url":"https:\/\/projekt.vombat.ee\/eco\/wp-content\/uploads\/2023\/03\/ECOCRUISER_5.png","contentUrl":"https:\/\/projekt.vombat.ee\/eco\/wp-content\/uploads\/2023\/03\/ECOCRUISER_5.png","width":234,"height":91,"caption":"Ecocruiser"},"image":{"@id":"https:\/\/projekt.vombat.ee\/eco\/#\/schema\/logo\/image\/"}}]}},"lang":"et","translations":{"et":14555},"pll_sync_post":[],"_links":{"self":[{"href":"https:\/\/projekt.vombat.ee\/eco\/wp-json\/wp\/v2\/product\/14555"}],"collection":[{"href":"https:\/\/projekt.vombat.ee\/eco\/wp-json\/wp\/v2\/product"}],"about":[{"href":"https:\/\/projekt.vombat.ee\/eco\/wp-json\/wp\/v2\/types\/product"}],"version-history":[{"count":2,"href":"https:\/\/projekt.vombat.ee\/eco\/wp-json\/wp\/v2\/product\/14555\/revisions"}],"predecessor-version":[{"id":15109,"href":"https:\/\/projekt.vombat.ee\/eco\/wp-json\/wp\/v2\/product\/14555\/revisions\/15109"}],"wp:attachment":[{"href":"https:\/\/projekt.vombat.ee\/eco\/wp-json\/wp\/v2\/media?parent=14555"}],"wp:term":[{"taxonomy":"product_cat","embeddable":true,"href":"https:\/\/projekt.vombat.ee\/eco\/wp-json\/wp\/v2\/product_cat?post=14555"},{"taxonomy":"product_tag","embeddable":true,"href":"https:\/\/projekt.vombat.ee\/eco\/wp-json\/wp\/v2\/product_tag?post=14555"}],"curies":[{"name":"wp","href":"https:\/\/api.w.org\/{rel}","templated":true}]}}