{"id":14546,"date":"2024-03-09T06:54:55","date_gmt":"2024-03-09T06:54:55","guid":{"rendered":"https:\/\/projekt.vombat.ee\/eco\/?post_type=product&#038;p=14546"},"modified":"2024-03-09T06:54:55","modified_gmt":"2024-03-09T06:54:55","slug":"horwin-sk3-elektriroller-120km","status":"publish","type":"product","link":"https:\/\/projekt.vombat.ee\/eco\/pood\/elektrirollerid\/horwin-sk3-elektriroller-120km\/","title":{"rendered":"Horwin SK3 elektriroller, 120km"},"content":{"rendered":"<h3>Ajatu ja samas nii kaasaegne<\/h3>\n<p>Ergonoomiline disain, stiilne v\u00e4limus, sportlik stiil ja silmapaistvad jooned. K\u00f5ik see iseloomustab HORWINi SK-seeriat.<\/p>\n<h3>Nutikas ekraan<\/h3>\n<p>5,5-tolline TFT-ekraan on suurep\u00e4raselt valgustatud, et tagada loetavus k\u00f5igis valgustingimustes. See kuvab kogu olulist teavet, nagu kiirus, aku olek, vahemaa ja palju muud.<\/p>\n<h3>LED-id nii kaugele kui silm ulatub<\/h3>\n<p>Kaasaegset ja energias\u00e4\u00e4stlikku LED-valgustust iseloomustab eriti suur eredus, mis tagab t\u00e4iusliku n\u00e4htavuse liikluses. LED-l\u00e4hituled ja kaugtuled tagavad parima valgustuse teel.<\/p>\n<h3>Rohkelt ruumi<\/h3>\n<p>HORWIN SK pakub rohkelt hoiuruumi istme all. Valikulise teise akuga, mis on samuti paigaldatud \u201ckapoti\u201d alla, saab ulatust oluliselt suurendada. Alternatiivina mahub kiiver ka avarasse hoiupessa.<\/p>\n<h3>Aku<\/h3>\n<p>SOC j\u00e4lgimiss\u00fcsteem ja kaasaegne aku juhtimiss\u00fcsteem v\u00f5ivad rikkeid ennetada. Muuhulgas kaitsevad nad \u00fclelaadimise ja \u00fclepinge eest ning j\u00e4lgivad akude temperatuuri. Teine aku on valikuline.<\/p>\n<h3>Lihtsustatud laadimine<\/h3>\n<p>Laetaval akul v\u00f5i akudel on kandek\u00e4epide ja neid saab kergesti transportida. See t\u00e4hendab, et neid saab m\u00f5ne tunni jooksul elutoas laadida, et olla valmis j\u00e4rgmisteks s\u00f5itudeks.<\/p>\n<h3>Kvaliteetne piduris\u00fcsteem<\/h3>\n<p>K\u00f5igi HORWIN SK mudelite esi- ja tagumised ketaspidurid l\u00fchendavad pidurdusmaad. Spetsiaalselt SK3 jaoks v\u00e4lja t\u00f6\u00f6tatud CBS piduris\u00fcsteem tagab veelgi ohutuma pidurdamise ka suurtel kiirustel.<\/p>\n<h3>Kere, millesse v\u00f5ib armuda<\/h3>\n<p>Kahekordsed h\u00fcdraulilised esi- ja tagumised amortisaatorid tagavad juhile suurep\u00e4rase ja turvalise s\u00f5idukogemuse, olenemata teeoludest.<\/p>\n<h3>Kas soovite kullerteenust pakkuda?<\/h3>\n<p>Iga HORWIN SK versioon on saadaval ka kulleriversioonina. Kuller-rollerid (DS) on ideaalselt varustatud ka k\u00f5ige raskemate t\u00f6\u00f6de jaoks ning avaldavad muljet oma eriti tugeva, praktilise ja kuluefektiivse konstruktsiooni poolest.<\/p>\n","protected":false},"excerpt":{"rendered":"<p><strong>Horwin SK3<\/strong> on tipptasemel elektriroller, mis on veel v\u00f5imsam kui <strong>Horwin SK1<\/strong>.<\/p>\n<p>Vali\u00a0<strong>Horwin SK3<\/strong>\u00a0ning naudi muretut ja keskkonnas\u00f5bralikku s\u00f5itu oma sihtkohtadesse.<\/p>\n<p><strong>Omadused:<\/strong><\/p>\n<ul>\n<li>USB-laadimisliitmik<\/li>\n<li>72V 36Ah aku<\/li>\n<li>Laadimisaeg ca 4,5h<\/li>\n<li>Max kiirus: 90km\/h<\/li>\n<li>S\u00f5iduulatus: 120km (kahe akuga)<\/li>\n<li>3 s\u00f5idure\u017eiimi: Eco, Plus, Sport<\/li>\n<\/ul>\n<p>\u2666\u00a0<strong>Tarneaeg 2-6 p\u00e4eva<\/strong><br \/>\n\u2666\u00a0<strong>Laos<\/strong><\/p>\n<p><b>Garantii: 2 aastat!<\/b><\/p>\n","protected":false},"featured_media":0,"template":"","meta":[],"product_cat":[1662],"product_tag":[],"class_list":{"0":"post-14546","1":"product","2":"type-product","3":"status-publish","5":"product_cat-elektrirollerid","7":"first","8":"instock","9":"sale","10":"taxable","11":"shipping-taxable","12":"purchasable","13":"product-type-variable"},"yoast_head":"<!-- This site is optimized with the Yoast SEO plugin v23.8 - https:\/\/yoast.com\/wordpress\/plugins\/seo\/ -->\n<title>Horwin SK3 elektriroller, 120km - Ecocruiser<\/title>\n<meta name=\"description\" content=\"Horwin SK3 - kvaliteetne elektriroller, mis pakub sujuvat ja mugavat s\u00f5itu nii linnas kui maal. T\u00e4nu v\u00f5imsale elektrimootorile ja stiilsele disainile on see ideaalne valik igap\u00e4evaseks liikumiseks. Vali Horwin SK3 ning naudi muretut ja keskkonnas\u00f5bralikku s\u00f5itu oma sihtkohtadesse.\" \/>\n<meta name=\"robots\" content=\"noindex, follow, max-snippet:-1, max-image-preview:large, max-video-preview:-1\" \/>\n<meta property=\"og:locale\" content=\"en_GB\" \/>\n<meta property=\"og:type\" content=\"article\" \/>\n<meta property=\"og:title\" content=\"Horwin SK3 elektriroller, 120km - Ecocruiser\" \/>\n<meta property=\"og:description\" content=\"Horwin SK3 - kvaliteetne elektriroller, mis pakub sujuvat ja mugavat s\u00f5itu nii linnas kui maal. T\u00e4nu v\u00f5imsale elektrimootorile ja stiilsele disainile on see ideaalne valik igap\u00e4evaseks liikumiseks. Vali Horwin SK3 ning naudi muretut ja keskkonnas\u00f5bralikku s\u00f5itu oma sihtkohtadesse.\" \/>\n<meta property=\"og:url\" content=\"https:\/\/projekt.vombat.ee\/eco\/pood\/elektrirollerid\/horwin-sk3-elektriroller-120km\/\" \/>\n<meta property=\"og:site_name\" content=\"Ecocruiser\" \/>\n<meta property=\"og:image\" content=\"https:\/\/projekt.vombat.ee\/eco\/wp-content\/uploads\/2024\/02\/Untitled-design-41-1.png\" \/>\n\t<meta property=\"og:image:width\" content=\"1000\" \/>\n\t<meta property=\"og:image:height\" content=\"1000\" \/>\n\t<meta property=\"og:image:type\" content=\"image\/png\" \/>\n<meta name=\"twitter:card\" content=\"summary_large_image\" \/>\n<meta name=\"twitter:label1\" content=\"Estimated reading time\" \/>\n\t<meta name=\"twitter:data1\" content=\"2 minutes\" \/>\n<script type=\"application\/ld+json\" class=\"yoast-schema-graph\">{\"@context\":\"https:\/\/schema.org\",\"@graph\":[{\"@type\":\"WebPage\",\"@id\":\"https:\/\/projekt.vombat.ee\/eco\/pood\/elektrirollerid\/horwin-sk3-elektriroller-120km\/\",\"url\":\"https:\/\/projekt.vombat.ee\/eco\/pood\/elektrirollerid\/horwin-sk3-elektriroller-120km\/\",\"name\":\"Horwin SK3 elektriroller, 120km - Ecocruiser\",\"isPartOf\":{\"@id\":\"https:\/\/projekt.vombat.ee\/eco\/#website\"},\"datePublished\":\"2024-03-09T06:54:55+00:00\",\"dateModified\":\"2024-03-09T06:54:55+00:00\",\"description\":\"Horwin SK3 - kvaliteetne elektriroller, mis pakub sujuvat ja mugavat s\u00f5itu nii linnas kui maal. T\u00e4nu v\u00f5imsale elektrimootorile ja stiilsele disainile on see ideaalne valik igap\u00e4evaseks liikumiseks. Vali Horwin SK3 ning naudi muretut ja keskkonnas\u00f5bralikku s\u00f5itu oma sihtkohtadesse.\",\"breadcrumb\":{\"@id\":\"https:\/\/projekt.vombat.ee\/eco\/pood\/elektrirollerid\/horwin-sk3-elektriroller-120km\/#breadcrumb\"},\"inLanguage\":\"en-GB\",\"potentialAction\":[{\"@type\":\"ReadAction\",\"target\":[\"https:\/\/projekt.vombat.ee\/eco\/pood\/elektrirollerid\/horwin-sk3-elektriroller-120km\/\"]}]},{\"@type\":\"BreadcrumbList\",\"@id\":\"https:\/\/projekt.vombat.ee\/eco\/pood\/elektrirollerid\/horwin-sk3-elektriroller-120km\/#breadcrumb\",\"itemListElement\":[{\"@type\":\"ListItem\",\"position\":1,\"name\":\"Home\",\"item\":\"https:\/\/projekt.vombat.ee\/eco\/\"},{\"@type\":\"ListItem\",\"position\":2,\"name\":\"Pood\",\"item\":\"https:\/\/projekt.vombat.ee\/eco\/pood\/\"},{\"@type\":\"ListItem\",\"position\":3,\"name\":\"Horwin SK3 elektriroller, 120km\"}]},{\"@type\":\"WebSite\",\"@id\":\"https:\/\/projekt.vombat.ee\/eco\/#website\",\"url\":\"https:\/\/projekt.vombat.ee\/eco\/\",\"name\":\"Ecocruiser\",\"description\":\"\",\"publisher\":{\"@id\":\"https:\/\/projekt.vombat.ee\/eco\/#organization\"},\"potentialAction\":[{\"@type\":\"SearchAction\",\"target\":{\"@type\":\"EntryPoint\",\"urlTemplate\":\"https:\/\/projekt.vombat.ee\/eco\/?s={search_term_string}\"},\"query-input\":{\"@type\":\"PropertyValueSpecification\",\"valueRequired\":true,\"valueName\":\"search_term_string\"}}],\"inLanguage\":\"en-GB\"},{\"@type\":\"Organization\",\"@id\":\"https:\/\/projekt.vombat.ee\/eco\/#organization\",\"name\":\"Ecocruiser\",\"url\":\"https:\/\/projekt.vombat.ee\/eco\/\",\"logo\":{\"@type\":\"ImageObject\",\"inLanguage\":\"en-GB\",\"@id\":\"https:\/\/projekt.vombat.ee\/eco\/#\/schema\/logo\/image\/\",\"url\":\"https:\/\/projekt.vombat.ee\/eco\/wp-content\/uploads\/2023\/03\/ECOCRUISER_5.png\",\"contentUrl\":\"https:\/\/projekt.vombat.ee\/eco\/wp-content\/uploads\/2023\/03\/ECOCRUISER_5.png\",\"width\":234,\"height\":91,\"caption\":\"Ecocruiser\"},\"image\":{\"@id\":\"https:\/\/projekt.vombat.ee\/eco\/#\/schema\/logo\/image\/\"}}]}<\/script>\n<!-- \/ Yoast SEO plugin. -->","yoast_head_json":{"title":"Horwin SK3 elektriroller, 120km - Ecocruiser","description":"Horwin SK3 - kvaliteetne elektriroller, mis pakub sujuvat ja mugavat s\u00f5itu nii linnas kui maal. T\u00e4nu v\u00f5imsale elektrimootorile ja stiilsele disainile on see ideaalne valik igap\u00e4evaseks liikumiseks. Vali Horwin SK3 ning naudi muretut ja keskkonnas\u00f5bralikku s\u00f5itu oma sihtkohtadesse.","robots":{"index":"noindex","follow":"follow","max-snippet":"max-snippet:-1","max-image-preview":"max-image-preview:large","max-video-preview":"max-video-preview:-1"},"og_locale":"en_GB","og_type":"article","og_title":"Horwin SK3 elektriroller, 120km - Ecocruiser","og_description":"Horwin SK3 - kvaliteetne elektriroller, mis pakub sujuvat ja mugavat s\u00f5itu nii linnas kui maal. T\u00e4nu v\u00f5imsale elektrimootorile ja stiilsele disainile on see ideaalne valik igap\u00e4evaseks liikumiseks. Vali Horwin SK3 ning naudi muretut ja keskkonnas\u00f5bralikku s\u00f5itu oma sihtkohtadesse.","og_url":"https:\/\/projekt.vombat.ee\/eco\/pood\/elektrirollerid\/horwin-sk3-elektriroller-120km\/","og_site_name":"Ecocruiser","og_image":[{"width":1000,"height":1000,"url":"https:\/\/projekt.vombat.ee\/eco\/wp-content\/uploads\/2024\/02\/Untitled-design-41-1.png","type":"image\/png"}],"twitter_card":"summary_large_image","twitter_misc":{"Estimated reading time":"2 minutes"},"schema":{"@context":"https:\/\/schema.org","@graph":[{"@type":"WebPage","@id":"https:\/\/projekt.vombat.ee\/eco\/pood\/elektrirollerid\/horwin-sk3-elektriroller-120km\/","url":"https:\/\/projekt.vombat.ee\/eco\/pood\/elektrirollerid\/horwin-sk3-elektriroller-120km\/","name":"Horwin SK3 elektriroller, 120km - Ecocruiser","isPartOf":{"@id":"https:\/\/projekt.vombat.ee\/eco\/#website"},"datePublished":"2024-03-09T06:54:55+00:00","dateModified":"2024-03-09T06:54:55+00:00","description":"Horwin SK3 - kvaliteetne elektriroller, mis pakub sujuvat ja mugavat s\u00f5itu nii linnas kui maal. T\u00e4nu v\u00f5imsale elektrimootorile ja stiilsele disainile on see ideaalne valik igap\u00e4evaseks liikumiseks. Vali Horwin SK3 ning naudi muretut ja keskkonnas\u00f5bralikku s\u00f5itu oma sihtkohtadesse.","breadcrumb":{"@id":"https:\/\/projekt.vombat.ee\/eco\/pood\/elektrirollerid\/horwin-sk3-elektriroller-120km\/#breadcrumb"},"inLanguage":"en-GB","potentialAction":[{"@type":"ReadAction","target":["https:\/\/projekt.vombat.ee\/eco\/pood\/elektrirollerid\/horwin-sk3-elektriroller-120km\/"]}]},{"@type":"BreadcrumbList","@id":"https:\/\/projekt.vombat.ee\/eco\/pood\/elektrirollerid\/horwin-sk3-elektriroller-120km\/#breadcrumb","itemListElement":[{"@type":"ListItem","position":1,"name":"Home","item":"https:\/\/projekt.vombat.ee\/eco\/"},{"@type":"ListItem","position":2,"name":"Pood","item":"https:\/\/projekt.vombat.ee\/eco\/pood\/"},{"@type":"ListItem","position":3,"name":"Horwin SK3 elektriroller, 120km"}]},{"@type":"WebSite","@id":"https:\/\/projekt.vombat.ee\/eco\/#website","url":"https:\/\/projekt.vombat.ee\/eco\/","name":"Ecocruiser","description":"","publisher":{"@id":"https:\/\/projekt.vombat.ee\/eco\/#organization"},"potentialAction":[{"@type":"SearchAction","target":{"@type":"EntryPoint","urlTemplate":"https:\/\/projekt.vombat.ee\/eco\/?s={search_term_string}"},"query-input":{"@type":"PropertyValueSpecification","valueRequired":true,"valueName":"search_term_string"}}],"inLanguage":"en-GB"},{"@type":"Organization","@id":"https:\/\/projekt.vombat.ee\/eco\/#organization","name":"Ecocruiser","url":"https:\/\/projekt.vombat.ee\/eco\/","logo":{"@type":"ImageObject","inLanguage":"en-GB","@id":"https:\/\/projekt.vombat.ee\/eco\/#\/schema\/logo\/image\/","url":"https:\/\/projekt.vombat.ee\/eco\/wp-content\/uploads\/2023\/03\/ECOCRUISER_5.png","contentUrl":"https:\/\/projekt.vombat.ee\/eco\/wp-content\/uploads\/2023\/03\/ECOCRUISER_5.png","width":234,"height":91,"caption":"Ecocruiser"},"image":{"@id":"https:\/\/projekt.vombat.ee\/eco\/#\/schema\/logo\/image\/"}}]}},"lang":"et","translations":{"et":14546},"pll_sync_post":[],"_links":{"self":[{"href":"https:\/\/projekt.vombat.ee\/eco\/wp-json\/wp\/v2\/product\/14546"}],"collection":[{"href":"https:\/\/projekt.vombat.ee\/eco\/wp-json\/wp\/v2\/product"}],"about":[{"href":"https:\/\/projekt.vombat.ee\/eco\/wp-json\/wp\/v2\/types\/product"}],"version-history":[{"count":1,"href":"https:\/\/projekt.vombat.ee\/eco\/wp-json\/wp\/v2\/product\/14546\/revisions"}],"predecessor-version":[{"id":15107,"href":"https:\/\/projekt.vombat.ee\/eco\/wp-json\/wp\/v2\/product\/14546\/revisions\/15107"}],"wp:attachment":[{"href":"https:\/\/projekt.vombat.ee\/eco\/wp-json\/wp\/v2\/media?parent=14546"}],"wp:term":[{"taxonomy":"product_cat","embeddable":true,"href":"https:\/\/projekt.vombat.ee\/eco\/wp-json\/wp\/v2\/product_cat?post=14546"},{"taxonomy":"product_tag","embeddable":true,"href":"https:\/\/projekt.vombat.ee\/eco\/wp-json\/wp\/v2\/product_tag?post=14546"}],"curies":[{"name":"wp","href":"https:\/\/api.w.org\/{rel}","templated":true}]}}