{"id":14446,"date":"2024-02-19T10:36:39","date_gmt":"2024-02-19T10:36:39","guid":{"rendered":"https:\/\/projekt.vombat.ee\/eco\/?post_type=product&#038;p=14446"},"modified":"2024-03-06T07:55:02","modified_gmt":"2024-03-06T07:55:02","slug":"jobobike-lyon-elektriline-maastikuratas-90km","status":"publish","type":"product","link":"https:\/\/projekt.vombat.ee\/eco\/pood\/elektrirattad\/linnarattad\/jobobike-lyon-elektriline-maastikuratas-90km\/","title":{"rendered":"JOBOBIKE Lyon elektriline maastikuratas, 90km"},"content":{"rendered":"<h3>JOBOBIKE Lyon elektriratas<\/h3>\n<p>JOBOBIKE Lyon on madala raamiga meeste elektriline linnaratas. Selle klassikaline hall v\u00e4rv sobib suurep\u00e4raselt meestele, kes otsivad klassikalist maitset. T\u00e4nu heale vedrustusele on sellega mugav ka p\u00f5llu- ja metsateedel s\u00f5ita.<\/p>\n<p>&nbsp;<\/p>\n<p><img fetchpriority=\"high\" decoding=\"async\" class=\"\" src=\"https:\/\/www.jobobike.eu\/uploads\/image\/20230812\/17\/49708347bab96ea8030d5c6858498526.png\" alt=\"JOBOBIKE Lyon\" width=\"665\" height=\"443\" \/><\/p>\n<p>&nbsp;<\/p>\n<p>&nbsp;<\/p>\n<p><strong>INFO<\/strong><\/p>\n<ul>\n<li><strong>Br\u00e4nd:<\/strong> Jobobike<\/li>\n<li><strong>Tippkiirus<\/strong>: 25 km\/h<\/li>\n<li><strong>S\u00f5iduulatus<\/strong>: Kuni 90 kilomeetrit \u00fche laadimisega, ideaalne igap\u00e4evas\u00f5iduks<\/li>\n<li><strong>Aku<\/strong>: (504Wh) LG liitiumaku Varustatud LG liitiumakuga (505Wh), mis on kaitstud \u00fclekuumenemise ja \u00fclelaadimise eest ja v\u00f5imaldab seega nautida r\u00f5\u00f5msat ja muretut s\u00f5itu.<\/li>\n<li><strong>Mootor<\/strong>: Bafangi M200 250 W harjadeta keskmootor, mille p\u00f6\u00f6rdemoment on 65 Nm, v\u00e4iksem, kergem, vaiksem ja t\u00f5husam kui teie vana e-ratta mootor, aitab teid raskel maastikul ning pakub s\u00f5idur\u00f5\u00f5mu ja rahulolu.<\/li>\n<li><strong>Raam<\/strong>: JOBOBIKE Lyon on l\u00e4bim\u00f5eldud raamikujundusega, mis on v\u00e4ga eakas\u00f5bralik, 6061 alumiiniumraam.<\/li>\n<li><strong>Pedaaliabi &#8211;<\/strong> Intelligentne 5-tasemeline pedaaliabi koos p\u00f6\u00f6rdemomendianduriga.<\/li>\n<li><strong>Pedaalid<\/strong> &#8211; Wellgo<\/li>\n<li><strong>Pidurid &#8211;<\/strong> Tektro h\u00fcdraulilised ketaspidurid tagavad l\u00fchema peatumisteekonna ja parema pidurdusj\u00f5u.<\/li>\n<li><strong>Rehvid<\/strong>: CST 26&#8243; x 2,35&#8243; rehvid annavad suurep\u00e4rase torkekaitse ja tagavad hea haarduvuse.<\/li>\n<li><strong>Ekraan<\/strong>: Bafang V\u00e4rviline LCD-ekraan k\u00f5igi vajalike andmetega, varustatud USB laadimispordiga<\/li>\n<li><strong>Kaal<\/strong>: 27,4 kg<\/li>\n<li><strong>Maksimaalne kandev\u00f5ime<\/strong>: 120 kg, toetab erineva kaaluga s\u00f5itjaid.<\/li>\n<li><strong>S\u00f5itja pikkus<\/strong>: 155 -180 cm<\/li>\n<li><strong>Laadija<\/strong>: AC110-240V DC36V2.0A<\/li>\n<li><strong>K\u00e4igukast:<\/strong> Shimano 7-k\u00e4iguline k\u00e4igukast v\u00f5imaldab isegi suurel kiirusel mugavalt k\u00e4iku vahetada.<\/li>\n<li><strong>Tuled<\/strong>: Hele LED-valgusti reflektoriga nii ees kui taga.<\/li>\n<li><strong>Juhtraud: <\/strong>SM Alumiiniumsulam 660mm<\/li>\n<li><strong>Kiirkinnitusega tagumine raam<\/strong> v\u00f5imaldab h\u00f5lpsasti kinnitada nii korvi kui lapseistme.<\/li>\n<\/ul>\n<p><img decoding=\"async\" class=\"\" src=\"https:\/\/www.jobobike.eu\/uploads\/image\/20230503\/10\/battery.jpg\" alt=\"LG 504WH SISSE- LI-ION AKU\" width=\"529\" height=\"379\" \/><\/p>\n<p>&nbsp;<\/p>\n<p><img decoding=\"async\" class=\"\" src=\"https:\/\/www.jobobike.eu\/uploads\/image\/20230503\/10\/6479dbc4b3bfa879438df32bbc829a93.jpg\" alt=\"BAFANG HARJATA KESKMOOTOR\" width=\"536\" height=\"359\" \/> &#8211;<\/p>\n<p><img loading=\"lazy\" decoding=\"async\" class=\"\" src=\"https:\/\/www.jobobike.eu\/uploads\/image\/20230503\/09\/5baa8280000931f4e92e73b33d98bd07.jpg\" alt=\"JOBOBIKE Lyon\" width=\"479\" height=\"479\" \/><\/p>\n<p>&nbsp;<\/p>\n<p><img loading=\"lazy\" decoding=\"async\" class=\"\" src=\"https:\/\/www.jobobike.eu\/uploads\/image\/20230503\/10\/jobobike-lyon-step-thru-mens-city-electric-bike-with-mid-drive-motor-paddle.jpg\" alt=\"Pedaaliabi\" width=\"490\" height=\"351\" \/><\/p>\n<ul>\n<li><\/li>\n<\/ul>\n<p>&nbsp;<\/p>\n<p><img loading=\"lazy\" decoding=\"async\" class=\"\" src=\"https:\/\/www.jobobike.eu\/uploads\/image\/20230508\/14\/3802403.jpg\" alt=\"TUNDLIK PIDURDUST\u00d5UDLUS\" width=\"478\" height=\"320\" \/><\/p>\n<p><img loading=\"lazy\" decoding=\"async\" class=\"\" src=\"https:\/\/www.jobobike.eu\/uploads\/image\/20230508\/14\/8e1b93d4317805edfc67a676be6bac49.jpg\" alt=\"Tektro h\u00fcdrauliline pidur\" width=\"545\" height=\"390\" \/><\/p>\n<p><img loading=\"lazy\" decoding=\"async\" class=\"\" src=\"https:\/\/www.jobobike.eu\/uploads\/image\/20230503\/10\/jobobike-lyon-step-thru-mens-city-electric-bike-with-mid-drive-motor-tyre.jpg\" alt=\"CST rehvid\" width=\"514\" height=\"368\" \/><\/p>\n<p><img loading=\"lazy\" decoding=\"async\" class=\"\" src=\"https:\/\/www.jobobike.eu\/uploads\/image\/20230503\/10\/jobobike-lyon-mens-city-electric-bike-with-mid-drive-motor.jpg\" alt=\"Shimano 7-k\u00e4iguline\" width=\"490\" height=\"328\" \/><\/p>\n<p><img loading=\"lazy\" decoding=\"async\" class=\"\" src=\"https:\/\/www.jobobike.eu\/uploads\/image\/20230503\/10\/jobobike-lyon-step-thru-mens-city-electric-bike-with-mid-drive-motor-display.jpg\" alt=\"T\u00e4isv\u00e4rviline LCD ekraan\" width=\"501\" height=\"359\" \/><\/p>\n<p>&nbsp;<\/p>\n<p>&nbsp;<\/p>\n<p><img loading=\"lazy\" decoding=\"async\" class=\"\" src=\"https:\/\/www.jobobike.eu\/uploads\/image\/20230503\/09\/ed6bf348bde1a85a66e0d6511d906e55.jpg\" alt=\"JOBOBIKE Lyon\" width=\"430\" height=\"430\" \/><\/p>\n<p>&nbsp;<\/p>\n<p>&nbsp;<\/p>\n<p><img loading=\"lazy\" decoding=\"async\" class=\"\" src=\"https:\/\/www.jobobike.eu\/uploads\/image\/20230503\/10\/jobobike-lyon-step-thru-mens-city-electric-bike-with-mid-drive-motor-rear-rack.jpg\" alt=\"Tagumine riiul\" width=\"533\" height=\"382\" \/><\/p>\n<p><img loading=\"lazy\" decoding=\"async\" class=\"\" src=\"https:\/\/www.jobobike.eu\/uploads\/image\/20230503\/10\/jobobike-lyon-step-thru-mens-city-electric-bike-with-mid-drive-motor-saddle.jpg\" alt=\"SR sadul\" width=\"496\" height=\"355\" \/><\/p>\n<p>&nbsp;<\/p>\n<p>&nbsp;<\/p>\n","protected":false},"excerpt":{"rendered":"<h3>JOBOBIKE Lyon elektriline maastikuratas<\/h3>\n<ul>\n<li style=\"list-style-type: none;\">\n<ul>\n<li>M\u00f5\u00f5dud:: 110 *182 cm<\/li>\n<li>Reguleeritav istme k\u00f5rgus: 78-95 cm<\/li>\n<li>Juhtraud: SM Alumiiniumsulam 660mm<\/li>\n<li>Rehvim\u00f5\u00f5t: CST 26&#8243; x 2,35&#8243;<\/li>\n<li>Soovitatav s\u00f5itja pikkus: 155-180 cm<\/li>\n<li>Netokaal: 27,4 kg<\/li>\n<li>Kogukaal: 35,6 kg<\/li>\n<li>Kandev\u00f5ime: 120 kg<\/li>\n<li>Raami materjal: 6061 alumiiniumraam<\/li>\n<li>S\u00f5iduulatus: kuni 90 km<\/li>\n<li>Aku: Samsungi\u00a0 36V 14 Ah\u00a0 liitiumaku<\/li>\n<li>Mootori nimiv\u00f5imsus: 250W<\/li>\n<li>Maksimaalne p\u00f6\u00f6rdemoment: (N.m) 65N.m<\/li>\n<li>Ekraani t\u00fc\u00fcp: v\u00e4rviline LCD ekraan<\/li>\n<li>K\u00e4igukast: Shimano 7-k\u00e4iguline k\u00e4igukast<\/li>\n<li>Pidurid: Tektro h\u00fcdraulilised ketaspidurid<\/li>\n<\/ul>\n<\/li>\n<\/ul>\n<p>&nbsp;<\/p>\n<p><strong>Tarneaeg: 2-6 p\u00e4eva<\/strong><\/p>\n<p><strong>Laos<\/strong><\/p>\n","protected":false},"featured_media":14713,"template":"","meta":[],"product_cat":[52,903,905],"product_tag":[],"class_list":{"0":"post-14446","1":"product","2":"type-product","3":"status-publish","4":"has-post-thumbnail","6":"product_cat-elektrirattad","7":"product_cat-linnarattad","8":"product_cat-maastikurattad","9":"product_shipping_class-suured-pakid","11":"first","12":"instock","13":"taxable","14":"shipping-taxable","15":"purchasable","16":"product-type-simple"},"yoast_head":"<!-- This site is optimized with the Yoast SEO plugin v23.8 - https:\/\/yoast.com\/wordpress\/plugins\/seo\/ -->\n<title>JOBOBIKE Lyon elektriline maastikuratas, 90km - Ecocruiser<\/title>\n<meta name=\"description\" content=\"Madala raamiga meeste elektriline linnaratas, mille klassikaline hall v\u00e4rv ja madal raam sobib suurep\u00e4raselt eakamatele meestele.\" \/>\n<meta name=\"robots\" content=\"noindex, follow, max-snippet:-1, max-image-preview:large, max-video-preview:-1\" \/>\n<meta property=\"og:locale\" content=\"en_GB\" \/>\n<meta property=\"og:type\" content=\"article\" \/>\n<meta property=\"og:title\" content=\"JOBOBIKE Lyon elektriline maastikuratas, 90km - Ecocruiser\" \/>\n<meta property=\"og:description\" content=\"Madala raamiga meeste elektriline linnaratas, mille klassikaline hall v\u00e4rv ja madal raam sobib suurep\u00e4raselt eakamatele meestele.\" \/>\n<meta property=\"og:url\" content=\"https:\/\/projekt.vombat.ee\/eco\/pood\/elektrirattad\/linnarattad\/jobobike-lyon-elektriline-maastikuratas-90km\/\" \/>\n<meta property=\"og:site_name\" content=\"Ecocruiser\" \/>\n<meta property=\"article:modified_time\" content=\"2024-03-06T07:55:02+00:00\" \/>\n<meta property=\"og:image\" content=\"https:\/\/projekt.vombat.ee\/eco\/wp-content\/uploads\/2024\/02\/Untitled-design-60.png\" \/>\n\t<meta property=\"og:image:width\" content=\"1000\" \/>\n\t<meta property=\"og:image:height\" content=\"1000\" \/>\n\t<meta property=\"og:image:type\" content=\"image\/png\" \/>\n<meta name=\"twitter:card\" content=\"summary_large_image\" \/>\n<meta name=\"twitter:label1\" content=\"Estimated reading time\" \/>\n\t<meta name=\"twitter:data1\" content=\"4 minutes\" \/>\n<script type=\"application\/ld+json\" class=\"yoast-schema-graph\">{\"@context\":\"https:\/\/schema.org\",\"@graph\":[{\"@type\":\"WebPage\",\"@id\":\"https:\/\/projekt.vombat.ee\/eco\/pood\/elektrirattad\/linnarattad\/jobobike-lyon-elektriline-maastikuratas-90km\/\",\"url\":\"https:\/\/projekt.vombat.ee\/eco\/pood\/elektrirattad\/linnarattad\/jobobike-lyon-elektriline-maastikuratas-90km\/\",\"name\":\"JOBOBIKE Lyon elektriline maastikuratas, 90km - Ecocruiser\",\"isPartOf\":{\"@id\":\"https:\/\/projekt.vombat.ee\/eco\/#website\"},\"primaryImageOfPage\":{\"@id\":\"https:\/\/projekt.vombat.ee\/eco\/pood\/elektrirattad\/linnarattad\/jobobike-lyon-elektriline-maastikuratas-90km\/#primaryimage\"},\"image\":{\"@id\":\"https:\/\/projekt.vombat.ee\/eco\/pood\/elektrirattad\/linnarattad\/jobobike-lyon-elektriline-maastikuratas-90km\/#primaryimage\"},\"thumbnailUrl\":\"https:\/\/projekt.vombat.ee\/eco\/wp-content\/uploads\/2024\/02\/Untitled-design-60.png\",\"datePublished\":\"2024-02-19T10:36:39+00:00\",\"dateModified\":\"2024-03-06T07:55:02+00:00\",\"description\":\"Madala raamiga meeste elektriline linnaratas, mille klassikaline hall v\u00e4rv ja madal raam sobib suurep\u00e4raselt eakamatele meestele.\",\"breadcrumb\":{\"@id\":\"https:\/\/projekt.vombat.ee\/eco\/pood\/elektrirattad\/linnarattad\/jobobike-lyon-elektriline-maastikuratas-90km\/#breadcrumb\"},\"inLanguage\":\"en-GB\",\"potentialAction\":[{\"@type\":\"ReadAction\",\"target\":[\"https:\/\/projekt.vombat.ee\/eco\/pood\/elektrirattad\/linnarattad\/jobobike-lyon-elektriline-maastikuratas-90km\/\"]}]},{\"@type\":\"ImageObject\",\"inLanguage\":\"en-GB\",\"@id\":\"https:\/\/projekt.vombat.ee\/eco\/pood\/elektrirattad\/linnarattad\/jobobike-lyon-elektriline-maastikuratas-90km\/#primaryimage\",\"url\":\"https:\/\/projekt.vombat.ee\/eco\/wp-content\/uploads\/2024\/02\/Untitled-design-60.png\",\"contentUrl\":\"https:\/\/projekt.vombat.ee\/eco\/wp-content\/uploads\/2024\/02\/Untitled-design-60.png\",\"width\":1000,\"height\":1000,\"caption\":\"JOBOBIKE Bruno\"},{\"@type\":\"BreadcrumbList\",\"@id\":\"https:\/\/projekt.vombat.ee\/eco\/pood\/elektrirattad\/linnarattad\/jobobike-lyon-elektriline-maastikuratas-90km\/#breadcrumb\",\"itemListElement\":[{\"@type\":\"ListItem\",\"position\":1,\"name\":\"Home\",\"item\":\"https:\/\/projekt.vombat.ee\/eco\/\"},{\"@type\":\"ListItem\",\"position\":2,\"name\":\"Pood\",\"item\":\"https:\/\/projekt.vombat.ee\/eco\/pood\/\"},{\"@type\":\"ListItem\",\"position\":3,\"name\":\"JOBOBIKE Lyon elektriline maastikuratas, 90km\"}]},{\"@type\":\"WebSite\",\"@id\":\"https:\/\/projekt.vombat.ee\/eco\/#website\",\"url\":\"https:\/\/projekt.vombat.ee\/eco\/\",\"name\":\"Ecocruiser\",\"description\":\"\",\"publisher\":{\"@id\":\"https:\/\/projekt.vombat.ee\/eco\/#organization\"},\"potentialAction\":[{\"@type\":\"SearchAction\",\"target\":{\"@type\":\"EntryPoint\",\"urlTemplate\":\"https:\/\/projekt.vombat.ee\/eco\/?s={search_term_string}\"},\"query-input\":{\"@type\":\"PropertyValueSpecification\",\"valueRequired\":true,\"valueName\":\"search_term_string\"}}],\"inLanguage\":\"en-GB\"},{\"@type\":\"Organization\",\"@id\":\"https:\/\/projekt.vombat.ee\/eco\/#organization\",\"name\":\"Ecocruiser\",\"url\":\"https:\/\/projekt.vombat.ee\/eco\/\",\"logo\":{\"@type\":\"ImageObject\",\"inLanguage\":\"en-GB\",\"@id\":\"https:\/\/projekt.vombat.ee\/eco\/#\/schema\/logo\/image\/\",\"url\":\"https:\/\/projekt.vombat.ee\/eco\/wp-content\/uploads\/2023\/03\/ECOCRUISER_5.png\",\"contentUrl\":\"https:\/\/projekt.vombat.ee\/eco\/wp-content\/uploads\/2023\/03\/ECOCRUISER_5.png\",\"width\":234,\"height\":91,\"caption\":\"Ecocruiser\"},\"image\":{\"@id\":\"https:\/\/projekt.vombat.ee\/eco\/#\/schema\/logo\/image\/\"}}]}<\/script>\n<!-- \/ Yoast SEO plugin. -->","yoast_head_json":{"title":"JOBOBIKE Lyon elektriline maastikuratas, 90km - Ecocruiser","description":"Madala raamiga meeste elektriline linnaratas, mille klassikaline hall v\u00e4rv ja madal raam sobib suurep\u00e4raselt eakamatele meestele.","robots":{"index":"noindex","follow":"follow","max-snippet":"max-snippet:-1","max-image-preview":"max-image-preview:large","max-video-preview":"max-video-preview:-1"},"og_locale":"en_GB","og_type":"article","og_title":"JOBOBIKE Lyon elektriline maastikuratas, 90km - Ecocruiser","og_description":"Madala raamiga meeste elektriline linnaratas, mille klassikaline hall v\u00e4rv ja madal raam sobib suurep\u00e4raselt eakamatele meestele.","og_url":"https:\/\/projekt.vombat.ee\/eco\/pood\/elektrirattad\/linnarattad\/jobobike-lyon-elektriline-maastikuratas-90km\/","og_site_name":"Ecocruiser","article_modified_time":"2024-03-06T07:55:02+00:00","og_image":[{"width":1000,"height":1000,"url":"https:\/\/projekt.vombat.ee\/eco\/wp-content\/uploads\/2024\/02\/Untitled-design-60.png","type":"image\/png"}],"twitter_card":"summary_large_image","twitter_misc":{"Estimated reading time":"4 minutes"},"schema":{"@context":"https:\/\/schema.org","@graph":[{"@type":"WebPage","@id":"https:\/\/projekt.vombat.ee\/eco\/pood\/elektrirattad\/linnarattad\/jobobike-lyon-elektriline-maastikuratas-90km\/","url":"https:\/\/projekt.vombat.ee\/eco\/pood\/elektrirattad\/linnarattad\/jobobike-lyon-elektriline-maastikuratas-90km\/","name":"JOBOBIKE Lyon elektriline maastikuratas, 90km - Ecocruiser","isPartOf":{"@id":"https:\/\/projekt.vombat.ee\/eco\/#website"},"primaryImageOfPage":{"@id":"https:\/\/projekt.vombat.ee\/eco\/pood\/elektrirattad\/linnarattad\/jobobike-lyon-elektriline-maastikuratas-90km\/#primaryimage"},"image":{"@id":"https:\/\/projekt.vombat.ee\/eco\/pood\/elektrirattad\/linnarattad\/jobobike-lyon-elektriline-maastikuratas-90km\/#primaryimage"},"thumbnailUrl":"https:\/\/projekt.vombat.ee\/eco\/wp-content\/uploads\/2024\/02\/Untitled-design-60.png","datePublished":"2024-02-19T10:36:39+00:00","dateModified":"2024-03-06T07:55:02+00:00","description":"Madala raamiga meeste elektriline linnaratas, mille klassikaline hall v\u00e4rv ja madal raam sobib suurep\u00e4raselt eakamatele meestele.","breadcrumb":{"@id":"https:\/\/projekt.vombat.ee\/eco\/pood\/elektrirattad\/linnarattad\/jobobike-lyon-elektriline-maastikuratas-90km\/#breadcrumb"},"inLanguage":"en-GB","potentialAction":[{"@type":"ReadAction","target":["https:\/\/projekt.vombat.ee\/eco\/pood\/elektrirattad\/linnarattad\/jobobike-lyon-elektriline-maastikuratas-90km\/"]}]},{"@type":"ImageObject","inLanguage":"en-GB","@id":"https:\/\/projekt.vombat.ee\/eco\/pood\/elektrirattad\/linnarattad\/jobobike-lyon-elektriline-maastikuratas-90km\/#primaryimage","url":"https:\/\/projekt.vombat.ee\/eco\/wp-content\/uploads\/2024\/02\/Untitled-design-60.png","contentUrl":"https:\/\/projekt.vombat.ee\/eco\/wp-content\/uploads\/2024\/02\/Untitled-design-60.png","width":1000,"height":1000,"caption":"JOBOBIKE Bruno"},{"@type":"BreadcrumbList","@id":"https:\/\/projekt.vombat.ee\/eco\/pood\/elektrirattad\/linnarattad\/jobobike-lyon-elektriline-maastikuratas-90km\/#breadcrumb","itemListElement":[{"@type":"ListItem","position":1,"name":"Home","item":"https:\/\/projekt.vombat.ee\/eco\/"},{"@type":"ListItem","position":2,"name":"Pood","item":"https:\/\/projekt.vombat.ee\/eco\/pood\/"},{"@type":"ListItem","position":3,"name":"JOBOBIKE Lyon elektriline maastikuratas, 90km"}]},{"@type":"WebSite","@id":"https:\/\/projekt.vombat.ee\/eco\/#website","url":"https:\/\/projekt.vombat.ee\/eco\/","name":"Ecocruiser","description":"","publisher":{"@id":"https:\/\/projekt.vombat.ee\/eco\/#organization"},"potentialAction":[{"@type":"SearchAction","target":{"@type":"EntryPoint","urlTemplate":"https:\/\/projekt.vombat.ee\/eco\/?s={search_term_string}"},"query-input":{"@type":"PropertyValueSpecification","valueRequired":true,"valueName":"search_term_string"}}],"inLanguage":"en-GB"},{"@type":"Organization","@id":"https:\/\/projekt.vombat.ee\/eco\/#organization","name":"Ecocruiser","url":"https:\/\/projekt.vombat.ee\/eco\/","logo":{"@type":"ImageObject","inLanguage":"en-GB","@id":"https:\/\/projekt.vombat.ee\/eco\/#\/schema\/logo\/image\/","url":"https:\/\/projekt.vombat.ee\/eco\/wp-content\/uploads\/2023\/03\/ECOCRUISER_5.png","contentUrl":"https:\/\/projekt.vombat.ee\/eco\/wp-content\/uploads\/2023\/03\/ECOCRUISER_5.png","width":234,"height":91,"caption":"Ecocruiser"},"image":{"@id":"https:\/\/projekt.vombat.ee\/eco\/#\/schema\/logo\/image\/"}}]}},"lang":"et","translations":{"et":14446},"pll_sync_post":[],"_links":{"self":[{"href":"https:\/\/projekt.vombat.ee\/eco\/wp-json\/wp\/v2\/product\/14446"}],"collection":[{"href":"https:\/\/projekt.vombat.ee\/eco\/wp-json\/wp\/v2\/product"}],"about":[{"href":"https:\/\/projekt.vombat.ee\/eco\/wp-json\/wp\/v2\/types\/product"}],"version-history":[{"count":4,"href":"https:\/\/projekt.vombat.ee\/eco\/wp-json\/wp\/v2\/product\/14446\/revisions"}],"predecessor-version":[{"id":14701,"href":"https:\/\/projekt.vombat.ee\/eco\/wp-json\/wp\/v2\/product\/14446\/revisions\/14701"}],"wp:featuredmedia":[{"embeddable":true,"href":"https:\/\/projekt.vombat.ee\/eco\/wp-json\/wp\/v2\/media\/14713"}],"wp:attachment":[{"href":"https:\/\/projekt.vombat.ee\/eco\/wp-json\/wp\/v2\/media?parent=14446"}],"wp:term":[{"taxonomy":"product_cat","embeddable":true,"href":"https:\/\/projekt.vombat.ee\/eco\/wp-json\/wp\/v2\/product_cat?post=14446"},{"taxonomy":"product_tag","embeddable":true,"href":"https:\/\/projekt.vombat.ee\/eco\/wp-json\/wp\/v2\/product_tag?post=14446"}],"curies":[{"name":"wp","href":"https:\/\/api.w.org\/{rel}","templated":true}]}}