{"id":14425,"date":"2024-02-29T09:39:56","date_gmt":"2024-02-29T09:39:56","guid":{"rendered":"https:\/\/projekt.vombat.ee\/eco\/?post_type=product&#038;p=14425"},"modified":"2024-05-01T19:45:16","modified_gmt":"2024-05-01T19:45:16","slug":"eco-flying-f501-elektriratas-60-km","status":"publish","type":"product","link":"https:\/\/projekt.vombat.ee\/eco\/pood\/elektrirattad\/linnarattad\/eco-flying-f501-elektriratas-60-km\/","title":{"rendered":"ECO-FLYING F501 elektriratas 60 km"},"content":{"rendered":"<h1>ECO-FLYING F501 elektriratas<\/h1>\n<p>ECO-FLYING F501 on varustatud tipptasemel omadustega, mis tagavad teile sujuva ja nauditava s\u00f5idukogemuse igal kilomeetril. Alumiiniumsulamist raam tagab kergekaalulisuse ja vastupidavuse, samal ajal kui SHIMANO 7 k\u00e4iku v\u00f5imaldavad sujuvat ja mugavat k\u00e4iguvahetust igas olukorras. Selle elektrijalgratta s\u00fcdameks on v\u00f5imas 250 W mootor ja 36V 10Ah liitiumaku, mis annavad teile piisavalt j\u00f5udu ja ulatust, et avastada uusi radu ja naudingut pakkuvaid seiklusi. Lisaks pakub topelt ketaspidurite s\u00fcsteem suurep\u00e4rast pidurdusj\u00f5udu ja turvalisust, tagades teie ohutuse igal s\u00f5idul. ECO-FLYING F501 mitmek\u00fclgsus peegeldub ka tema kokkupandavas disainis, mis v\u00f5imaldab h\u00f5lpsasti transportida ja hoida seda ka k\u00f5ige piiratud ruumides. Olenemata sellest, kas l\u00e4hed t\u00f6\u00f6le v\u00f5i avastad uusi maastikke, on see jalgratas ideaalne valik sinu igap\u00e4evaseks liikumiseks.<\/p>\n<p><img fetchpriority=\"high\" decoding=\"async\" class=\"alignnone\" src=\"https:\/\/s.alicdn.com\/@sc04\/kf\/H6a987ea0c1bc473b90ace128bdd36791O.jpg\" alt=\"ECO-FLYING F501 elektriratas\" width=\"800\" height=\"800\" \/><\/p>\n<h3>Info<\/h3>\n<ul>\n<li><strong>Br\u00e4ndi nimi:<\/strong> ECO-FLYING<\/li>\n<li><strong>Mudel:<\/strong> F501<\/li>\n<li><strong>Mootori v\u00f5imsus:<\/strong> 250 W<\/li>\n<li><strong>Mootori asukoht:<\/strong> Tagumine veomootor<\/li>\n<li><strong>P\u00f6\u00f6rdemoment:<\/strong> 35-40 Nm<\/li>\n<li><strong>Maksimaalne kiirus:<\/strong> 25 km\/h<\/li>\n<li><strong>Vahemaa \u00fche laadimisega:<\/strong> 31 &#8211; 60 km<\/li>\n<li><strong>Raami materjal:<\/strong> Alumiiniumsulam<\/li>\n<li><strong>Ratta suurus:<\/strong> 20 tolli<\/li>\n<li><strong>Pinge:<\/strong> 36V<\/li>\n<li><strong>Toiteallikas:<\/strong> Liitiumaku<\/li>\n<li><strong>Aku mahtuvus:<\/strong> 36V 10Ah liitiumaku<\/li>\n<li><strong>Laadimisaeg:<\/strong> &gt;3 tundi<\/li>\n<li><strong>Piduris\u00fcsteem:<\/strong> Topelt ketaspidurid<\/li>\n<li><strong>Aku asukoht:<\/strong> Raamis peidetud<\/li>\n<li><strong>Rehvi laius:<\/strong> 20*2.15&#8243;<\/li>\n<li><strong>Esikahvel:<\/strong> P\u00f5rutuskindel esikahvel ja tagumine \u0161okkabsorber<\/li>\n<li><strong>Kokkupandav:<\/strong> Jah<\/li>\n<li><strong>Ekraan:<\/strong> LCD ekraan<\/li>\n<li><strong>Telefonihoidik:<\/strong> Toetab mobiiltelefoni laadimist<\/li>\n<li><strong>K\u00e4igukast:<\/strong> Shimano k\u00e4igukast<\/li>\n<li><strong>S\u00f5idure\u017eiimid:<\/strong> Elektriline, pedaalabi, puhas jalgrattas\u00f5idu re\u017eiim<\/li>\n<\/ul>\n<p><img decoding=\"async\" class=\"alignnone\" src=\"https:\/\/cdn.myshoptet.com\/usr\/www.shopum.cz\/user\/shop\/big\/431-3_rozmey-e-bike.jpg?610cebd0\" alt=\"ECO-FLYING F501 elektriratas\" width=\"887\" height=\"665\" \/><\/p>\n","protected":false},"excerpt":{"rendered":"<p><strong>ECO-FLYING F501 elektriratas<\/strong><\/p>\n<p>&nbsp;<\/p>\n<ul>\n<li><strong>Maksimaalne kiirus: 25 km\/h<\/strong><\/li>\n<li><strong>Vahemaa \u00fche laadimisega: 60 km<\/strong><\/li>\n<li><strong>Ratta suurus: 20 tolli<\/strong><\/li>\n<li><strong>Aku mahtuvus: 36V 10Ah liitiumaku<\/strong><\/li>\n<li><strong>Laadimisaeg: &gt;3 tundi<\/strong><\/li>\n<li><strong>Piduris\u00fcsteem: Topelt ketaspidurid<\/strong><\/li>\n<li><strong>Kokkupandav: Jah<\/strong><\/li>\n<li><strong>Ekraan: LCD ekraan<\/strong><\/li>\n<li><strong>K\u00e4igukast: Shimano k\u00e4igukast<\/strong><\/li>\n<li><strong>S\u00f5idure\u017eiimid: Elektriline, pedaalabi, puhas jalgrattas\u00f5idu re\u017eiim<\/strong><\/li>\n<\/ul>\n<p>&nbsp;<\/p>\n<p>\u2666\u00a0<strong>Tarneaeg 2-6 p\u00e4eva<\/strong><br \/>\n\u2666\u00a0<strong>Laos<\/strong><\/p>\n<p>&nbsp;<\/p>\n","protected":false},"featured_media":14432,"template":"","meta":[],"product_cat":[52,907,903],"product_tag":[],"class_list":{"0":"post-14425","1":"product","2":"type-product","3":"status-publish","4":"has-post-thumbnail","6":"product_cat-elektrirattad","7":"product_cat-kokkupandavad-rattad","8":"product_cat-linnarattad","9":"product_shipping_class-suured-pakid","11":"first","12":"instock","13":"taxable","14":"shipping-taxable","15":"purchasable","16":"product-type-variable"},"yoast_head":"<!-- This site is optimized with the Yoast SEO plugin v23.8 - https:\/\/yoast.com\/wordpress\/plugins\/seo\/ -->\n<title>ECO-FLYING F501 elektriratas 60 km - Ecocruiser<\/title>\n<meta name=\"description\" content=\"ECO-FLYING F501: Kokkupandav elektrijalgratas - kompaktne, v\u00f5imas ja stiilne. 36V 10Ah aku, SHIMANO 7 k\u00e4iku. Ideaalne valik linnas\u00f5itudeks ja seiklusteks!\" \/>\n<meta name=\"robots\" content=\"noindex, follow, max-snippet:-1, max-image-preview:large, max-video-preview:-1\" \/>\n<meta property=\"og:locale\" content=\"en_GB\" \/>\n<meta property=\"og:type\" content=\"article\" \/>\n<meta property=\"og:title\" content=\"ECO-FLYING F501 elektriratas 60 km - Ecocruiser\" \/>\n<meta property=\"og:description\" content=\"ECO-FLYING F501: Kokkupandav elektrijalgratas - kompaktne, v\u00f5imas ja stiilne. 36V 10Ah aku, SHIMANO 7 k\u00e4iku. Ideaalne valik linnas\u00f5itudeks ja seiklusteks!\" \/>\n<meta property=\"og:url\" content=\"https:\/\/projekt.vombat.ee\/eco\/pood\/elektrirattad\/linnarattad\/eco-flying-f501-elektriratas-60-km\/\" \/>\n<meta property=\"og:site_name\" content=\"Ecocruiser\" \/>\n<meta property=\"article:modified_time\" content=\"2024-05-01T19:45:16+00:00\" \/>\n<meta property=\"og:image\" content=\"https:\/\/projekt.vombat.ee\/eco\/wp-content\/uploads\/2024\/02\/12-3.jpg\" \/>\n\t<meta property=\"og:image:width\" content=\"1024\" \/>\n\t<meta property=\"og:image:height\" content=\"768\" \/>\n\t<meta property=\"og:image:type\" content=\"image\/jpeg\" \/>\n<meta name=\"twitter:card\" content=\"summary_large_image\" \/>\n<meta name=\"twitter:label1\" content=\"Estimated reading time\" \/>\n\t<meta name=\"twitter:data1\" content=\"2 minutes\" \/>\n<script type=\"application\/ld+json\" class=\"yoast-schema-graph\">{\"@context\":\"https:\/\/schema.org\",\"@graph\":[{\"@type\":\"WebPage\",\"@id\":\"https:\/\/projekt.vombat.ee\/eco\/pood\/elektrirattad\/linnarattad\/eco-flying-f501-elektriratas-60-km\/\",\"url\":\"https:\/\/projekt.vombat.ee\/eco\/pood\/elektrirattad\/linnarattad\/eco-flying-f501-elektriratas-60-km\/\",\"name\":\"ECO-FLYING F501 elektriratas 60 km - Ecocruiser\",\"isPartOf\":{\"@id\":\"https:\/\/projekt.vombat.ee\/eco\/#website\"},\"primaryImageOfPage\":{\"@id\":\"https:\/\/projekt.vombat.ee\/eco\/pood\/elektrirattad\/linnarattad\/eco-flying-f501-elektriratas-60-km\/#primaryimage\"},\"image\":{\"@id\":\"https:\/\/projekt.vombat.ee\/eco\/pood\/elektrirattad\/linnarattad\/eco-flying-f501-elektriratas-60-km\/#primaryimage\"},\"thumbnailUrl\":\"https:\/\/projekt.vombat.ee\/eco\/wp-content\/uploads\/2024\/02\/12-3.jpg\",\"datePublished\":\"2024-02-29T09:39:56+00:00\",\"dateModified\":\"2024-05-01T19:45:16+00:00\",\"description\":\"ECO-FLYING F501: Kokkupandav elektrijalgratas - kompaktne, v\u00f5imas ja stiilne. 36V 10Ah aku, SHIMANO 7 k\u00e4iku. Ideaalne valik linnas\u00f5itudeks ja seiklusteks!\",\"breadcrumb\":{\"@id\":\"https:\/\/projekt.vombat.ee\/eco\/pood\/elektrirattad\/linnarattad\/eco-flying-f501-elektriratas-60-km\/#breadcrumb\"},\"inLanguage\":\"en-GB\",\"potentialAction\":[{\"@type\":\"ReadAction\",\"target\":[\"https:\/\/projekt.vombat.ee\/eco\/pood\/elektrirattad\/linnarattad\/eco-flying-f501-elektriratas-60-km\/\"]}]},{\"@type\":\"ImageObject\",\"inLanguage\":\"en-GB\",\"@id\":\"https:\/\/projekt.vombat.ee\/eco\/pood\/elektrirattad\/linnarattad\/eco-flying-f501-elektriratas-60-km\/#primaryimage\",\"url\":\"https:\/\/projekt.vombat.ee\/eco\/wp-content\/uploads\/2024\/02\/12-3.jpg\",\"contentUrl\":\"https:\/\/projekt.vombat.ee\/eco\/wp-content\/uploads\/2024\/02\/12-3.jpg\",\"width\":1024,\"height\":768,\"caption\":\"ECO-FLYING F501 elektriratas\"},{\"@type\":\"BreadcrumbList\",\"@id\":\"https:\/\/projekt.vombat.ee\/eco\/pood\/elektrirattad\/linnarattad\/eco-flying-f501-elektriratas-60-km\/#breadcrumb\",\"itemListElement\":[{\"@type\":\"ListItem\",\"position\":1,\"name\":\"Home\",\"item\":\"https:\/\/projekt.vombat.ee\/eco\/\"},{\"@type\":\"ListItem\",\"position\":2,\"name\":\"Pood\",\"item\":\"https:\/\/projekt.vombat.ee\/eco\/pood\/\"},{\"@type\":\"ListItem\",\"position\":3,\"name\":\"ECO-FLYING F501 elektriratas 60 km\"}]},{\"@type\":\"WebSite\",\"@id\":\"https:\/\/projekt.vombat.ee\/eco\/#website\",\"url\":\"https:\/\/projekt.vombat.ee\/eco\/\",\"name\":\"Ecocruiser\",\"description\":\"\",\"publisher\":{\"@id\":\"https:\/\/projekt.vombat.ee\/eco\/#organization\"},\"potentialAction\":[{\"@type\":\"SearchAction\",\"target\":{\"@type\":\"EntryPoint\",\"urlTemplate\":\"https:\/\/projekt.vombat.ee\/eco\/?s={search_term_string}\"},\"query-input\":{\"@type\":\"PropertyValueSpecification\",\"valueRequired\":true,\"valueName\":\"search_term_string\"}}],\"inLanguage\":\"en-GB\"},{\"@type\":\"Organization\",\"@id\":\"https:\/\/projekt.vombat.ee\/eco\/#organization\",\"name\":\"Ecocruiser\",\"url\":\"https:\/\/projekt.vombat.ee\/eco\/\",\"logo\":{\"@type\":\"ImageObject\",\"inLanguage\":\"en-GB\",\"@id\":\"https:\/\/projekt.vombat.ee\/eco\/#\/schema\/logo\/image\/\",\"url\":\"https:\/\/projekt.vombat.ee\/eco\/wp-content\/uploads\/2023\/03\/ECOCRUISER_5.png\",\"contentUrl\":\"https:\/\/projekt.vombat.ee\/eco\/wp-content\/uploads\/2023\/03\/ECOCRUISER_5.png\",\"width\":234,\"height\":91,\"caption\":\"Ecocruiser\"},\"image\":{\"@id\":\"https:\/\/projekt.vombat.ee\/eco\/#\/schema\/logo\/image\/\"}}]}<\/script>\n<!-- \/ Yoast SEO plugin. -->","yoast_head_json":{"title":"ECO-FLYING F501 elektriratas 60 km - Ecocruiser","description":"ECO-FLYING F501: Kokkupandav elektrijalgratas - kompaktne, v\u00f5imas ja stiilne. 36V 10Ah aku, SHIMANO 7 k\u00e4iku. Ideaalne valik linnas\u00f5itudeks ja seiklusteks!","robots":{"index":"noindex","follow":"follow","max-snippet":"max-snippet:-1","max-image-preview":"max-image-preview:large","max-video-preview":"max-video-preview:-1"},"og_locale":"en_GB","og_type":"article","og_title":"ECO-FLYING F501 elektriratas 60 km - Ecocruiser","og_description":"ECO-FLYING F501: Kokkupandav elektrijalgratas - kompaktne, v\u00f5imas ja stiilne. 36V 10Ah aku, SHIMANO 7 k\u00e4iku. Ideaalne valik linnas\u00f5itudeks ja seiklusteks!","og_url":"https:\/\/projekt.vombat.ee\/eco\/pood\/elektrirattad\/linnarattad\/eco-flying-f501-elektriratas-60-km\/","og_site_name":"Ecocruiser","article_modified_time":"2024-05-01T19:45:16+00:00","og_image":[{"width":1024,"height":768,"url":"https:\/\/projekt.vombat.ee\/eco\/wp-content\/uploads\/2024\/02\/12-3.jpg","type":"image\/jpeg"}],"twitter_card":"summary_large_image","twitter_misc":{"Estimated reading time":"2 minutes"},"schema":{"@context":"https:\/\/schema.org","@graph":[{"@type":"WebPage","@id":"https:\/\/projekt.vombat.ee\/eco\/pood\/elektrirattad\/linnarattad\/eco-flying-f501-elektriratas-60-km\/","url":"https:\/\/projekt.vombat.ee\/eco\/pood\/elektrirattad\/linnarattad\/eco-flying-f501-elektriratas-60-km\/","name":"ECO-FLYING F501 elektriratas 60 km - Ecocruiser","isPartOf":{"@id":"https:\/\/projekt.vombat.ee\/eco\/#website"},"primaryImageOfPage":{"@id":"https:\/\/projekt.vombat.ee\/eco\/pood\/elektrirattad\/linnarattad\/eco-flying-f501-elektriratas-60-km\/#primaryimage"},"image":{"@id":"https:\/\/projekt.vombat.ee\/eco\/pood\/elektrirattad\/linnarattad\/eco-flying-f501-elektriratas-60-km\/#primaryimage"},"thumbnailUrl":"https:\/\/projekt.vombat.ee\/eco\/wp-content\/uploads\/2024\/02\/12-3.jpg","datePublished":"2024-02-29T09:39:56+00:00","dateModified":"2024-05-01T19:45:16+00:00","description":"ECO-FLYING F501: Kokkupandav elektrijalgratas - kompaktne, v\u00f5imas ja stiilne. 36V 10Ah aku, SHIMANO 7 k\u00e4iku. Ideaalne valik linnas\u00f5itudeks ja seiklusteks!","breadcrumb":{"@id":"https:\/\/projekt.vombat.ee\/eco\/pood\/elektrirattad\/linnarattad\/eco-flying-f501-elektriratas-60-km\/#breadcrumb"},"inLanguage":"en-GB","potentialAction":[{"@type":"ReadAction","target":["https:\/\/projekt.vombat.ee\/eco\/pood\/elektrirattad\/linnarattad\/eco-flying-f501-elektriratas-60-km\/"]}]},{"@type":"ImageObject","inLanguage":"en-GB","@id":"https:\/\/projekt.vombat.ee\/eco\/pood\/elektrirattad\/linnarattad\/eco-flying-f501-elektriratas-60-km\/#primaryimage","url":"https:\/\/projekt.vombat.ee\/eco\/wp-content\/uploads\/2024\/02\/12-3.jpg","contentUrl":"https:\/\/projekt.vombat.ee\/eco\/wp-content\/uploads\/2024\/02\/12-3.jpg","width":1024,"height":768,"caption":"ECO-FLYING F501 elektriratas"},{"@type":"BreadcrumbList","@id":"https:\/\/projekt.vombat.ee\/eco\/pood\/elektrirattad\/linnarattad\/eco-flying-f501-elektriratas-60-km\/#breadcrumb","itemListElement":[{"@type":"ListItem","position":1,"name":"Home","item":"https:\/\/projekt.vombat.ee\/eco\/"},{"@type":"ListItem","position":2,"name":"Pood","item":"https:\/\/projekt.vombat.ee\/eco\/pood\/"},{"@type":"ListItem","position":3,"name":"ECO-FLYING F501 elektriratas 60 km"}]},{"@type":"WebSite","@id":"https:\/\/projekt.vombat.ee\/eco\/#website","url":"https:\/\/projekt.vombat.ee\/eco\/","name":"Ecocruiser","description":"","publisher":{"@id":"https:\/\/projekt.vombat.ee\/eco\/#organization"},"potentialAction":[{"@type":"SearchAction","target":{"@type":"EntryPoint","urlTemplate":"https:\/\/projekt.vombat.ee\/eco\/?s={search_term_string}"},"query-input":{"@type":"PropertyValueSpecification","valueRequired":true,"valueName":"search_term_string"}}],"inLanguage":"en-GB"},{"@type":"Organization","@id":"https:\/\/projekt.vombat.ee\/eco\/#organization","name":"Ecocruiser","url":"https:\/\/projekt.vombat.ee\/eco\/","logo":{"@type":"ImageObject","inLanguage":"en-GB","@id":"https:\/\/projekt.vombat.ee\/eco\/#\/schema\/logo\/image\/","url":"https:\/\/projekt.vombat.ee\/eco\/wp-content\/uploads\/2023\/03\/ECOCRUISER_5.png","contentUrl":"https:\/\/projekt.vombat.ee\/eco\/wp-content\/uploads\/2023\/03\/ECOCRUISER_5.png","width":234,"height":91,"caption":"Ecocruiser"},"image":{"@id":"https:\/\/projekt.vombat.ee\/eco\/#\/schema\/logo\/image\/"}}]}},"lang":"et","translations":{"et":14425},"pll_sync_post":[],"_links":{"self":[{"href":"https:\/\/projekt.vombat.ee\/eco\/wp-json\/wp\/v2\/product\/14425"}],"collection":[{"href":"https:\/\/projekt.vombat.ee\/eco\/wp-json\/wp\/v2\/product"}],"about":[{"href":"https:\/\/projekt.vombat.ee\/eco\/wp-json\/wp\/v2\/types\/product"}],"version-history":[{"count":3,"href":"https:\/\/projekt.vombat.ee\/eco\/wp-json\/wp\/v2\/product\/14425\/revisions"}],"predecessor-version":[{"id":16739,"href":"https:\/\/projekt.vombat.ee\/eco\/wp-json\/wp\/v2\/product\/14425\/revisions\/16739"}],"wp:featuredmedia":[{"embeddable":true,"href":"https:\/\/projekt.vombat.ee\/eco\/wp-json\/wp\/v2\/media\/14432"}],"wp:attachment":[{"href":"https:\/\/projekt.vombat.ee\/eco\/wp-json\/wp\/v2\/media?parent=14425"}],"wp:term":[{"taxonomy":"product_cat","embeddable":true,"href":"https:\/\/projekt.vombat.ee\/eco\/wp-json\/wp\/v2\/product_cat?post=14425"},{"taxonomy":"product_tag","embeddable":true,"href":"https:\/\/projekt.vombat.ee\/eco\/wp-json\/wp\/v2\/product_tag?post=14425"}],"curies":[{"name":"wp","href":"https:\/\/api.w.org\/{rel}","templated":true}]}}