{"id":14409,"date":"2024-02-29T09:36:37","date_gmt":"2024-02-29T09:36:37","guid":{"rendered":"https:\/\/projekt.vombat.ee\/eco\/?post_type=product&#038;p=14409"},"modified":"2024-05-30T19:45:14","modified_gmt":"2024-05-30T19:45:14","slug":"rich-bit-h100-elektriline-toukeratas-40-km","status":"publish","type":"product","link":"https:\/\/projekt.vombat.ee\/eco\/pood\/elektritoukerattad\/linna-toukerattad\/rich-bit-h100-elektriline-toukeratas-40-km\/","title":{"rendered":"RICH BIT H100 elektriline t\u00f5ukeratas 40 km"},"content":{"rendered":"<h1>RICH BIT H100 elektriline t\u00f5ukeratas<\/h1>\n<p>RICH BIT H100 kokkupandav elektrit\u00f5ukeratas pakub t\u00f5husat ja stiilset transporti, muutes igap\u00e4evase s\u00f5idu mugavaks ja nauditavaks kogemuseks. Selle elegantne disain ja tipptasemel tehnoloogia tagavad sujuva ja kiire liikumise l\u00e4bi linna t\u00e4navate. Olgu siis hommikune s\u00f5it t\u00f6\u00f6le v\u00f5i \u00f5htune ringk\u00e4ik s\u00f5pradega, RICH\u00a0 BIT H100 viib teid sinna kiiresti ja turvaliselt.<\/p>\n<p>Mitte ainult mugavus ja stiil ei ole selle t\u00f5ukeratta m\u00e4rks\u00f5nadeks, vaid ka j\u00f5udlus ja vastupidavus. T\u00e4nu sellele kergele, kuid tugevale alumiiniumraamile ning topeltketaspiduritele saate nautida sujuvat ja ohutut s\u00f5itu igal teekonnal. Lisaks pakub H100 muljetavaldavat s\u00f5iduulatust kuni 45 km \u00fche laadimisega ning kiirust kuni 30 km\/h. See on ideaalne valik neile, kes hindavad efektiivsust, mugavust ja stiili oma igap\u00e4evases linnas\u00f5idus.<\/p>\n<p>Astuge j\u00e4rgmine samm oma linnas\u00f5idu kvaliteedi t\u00f5stmiseks ja valige RICH BIT H100 &#8211; teie usaldusv\u00e4\u00e4rne kaaslane linnaseiklustes!<\/p>\n<p><img fetchpriority=\"high\" decoding=\"async\" class=\"alignnone\" src=\"https:\/\/www.geekbuying.pl\/img\/cms\/RICH%20BIT%20H100\/1.jpg\" alt=\"RICH BIT H100 elektriline t\u00f5ukeratas\" width=\"1150\" height=\"736\" \/><\/p>\n<h3>info<\/h3>\n<ul>\n<li><strong>Br\u00e4ndi nimi:<\/strong> Rich bit<\/li>\n<li><strong>Mudeli number:<\/strong> H100<\/li>\n<li><strong>Kokkupandav disain:<\/strong> Jah<\/li>\n<li><strong>Kaugus \u00fche laadimisega:<\/strong> 40 km<\/li>\n<li><strong>Maksimaalne kiirus<\/strong>: &lt;30 km\/h<\/li>\n<li><strong>Laadimisaeg:<\/strong> 5-6 tundi<\/li>\n<li><strong>Kasutajaskond:<\/strong> Unisex<\/li>\n<li>\u00a0<strong>Mootor:<\/strong> 350W<\/li>\n<li><strong>Aku:<\/strong> 36V 10Ah Liitium-ioonaku<\/li>\n<li><strong>Piduris\u00fcsteem:<\/strong> <span class=\"Y2IQFc\" lang=\"et\">Kahekordne ketaspidur<\/span><\/li>\n<li><strong>Ratta suurus:<\/strong> Esiratas 20&#8243; ja tagaratas 16&#8243;<\/li>\n<li><strong>Ronimisnurk:<\/strong> 20 kraadi<\/li>\n<li><strong>Rehv:<\/strong> Pneumaatiline rehv<\/li>\n<li><strong>Raami materjal:<\/strong> Alumiiniumisulam<\/li>\n<li><strong>Kandev\u00f5ime:<\/strong> 120 KG<\/li>\n<li><strong>Pakendi suurus:<\/strong> 144x23x60 cm<\/li>\n<li><strong>Pakendi brutokaal:<\/strong> 23.800 kg<\/li>\n<\/ul>\n","protected":false},"excerpt":{"rendered":"<p><strong>RICH BIT H100 elektriline t\u00f5ukeratas<\/strong><\/p>\n<p>&nbsp;<\/p>\n<ul>\n<li><strong>Maksimaalne s\u00f5iduulatus \u00fche laadimisega: 40 km<\/strong><\/li>\n<li><strong>Maksimaalne kiirus: 30 km\/h<\/strong><\/li>\n<li><strong>Laadimisaeg: 5-6 tundi<\/strong><\/li>\n<li><strong>Aku: 36V 10Ah Liitium-ioonaku<\/strong><\/li>\n<li><strong>Piduris\u00fcsteem: <span class=\"Y2IQFc\" lang=\"et\">Kahekordne ketaspidur<\/span><\/strong><\/li>\n<li><strong>Ratta suurus: Esiratas 20&#8243; ja tagaratas 16&#8243;<\/strong><\/li>\n<li><strong>Ronimisnurk: 20 kraadi<\/strong><\/li>\n<li><strong>Rehv: Pneumaatiline rehv<\/strong><\/li>\n<li><strong>Raami materjal: Alumiiniumisulam<\/strong><\/li>\n<li><strong>Kandev\u00f5ime: 120 KG<\/strong><\/li>\n<\/ul>\n<p>&nbsp;<\/p>\n<p><strong>\u2666 Tarneaeg 2-7 p\u00e4<\/strong><strong>eva<\/strong><br \/>\n<strong>\u2666 Laos<\/strong><\/p>\n<p>&nbsp;<\/p>\n","protected":false},"featured_media":14414,"template":"","meta":[],"product_cat":[1381,53,909],"product_tag":[],"class_list":{"0":"post-14409","1":"product","2":"type-product","3":"status-publish","4":"has-post-thumbnail","6":"product_cat-top-5-populaarsemat-elektritoukeratast","7":"product_cat-elektritoukerattad","8":"product_cat-linna-toukerattad","9":"product_shipping_class-suured-pakid","11":"first","12":"instock","13":"sale","14":"taxable","15":"shipping-taxable","16":"purchasable","17":"product-type-variable"},"yoast_head":"<!-- This site is optimized with the Yoast SEO plugin v23.8 - https:\/\/yoast.com\/wordpress\/plugins\/seo\/ -->\n<title>RICH BIT H100 elektriline t\u00f5ukeratas 40 km - Ecocruiser<\/title>\n<meta name=\"description\" content=\"Moodsa linnas\u00f5idu lahendus - RICH BIT H100 kokkupandav elektrit\u00f5ukeratas. Stiilne disain, suurep\u00e4rane j\u00f5udlus. Kerge aga vastupidav alumiiniumraam. Kuni 45 km s\u00f5iduulatus \u00fche laadimisega, kiirus kuni 30 km\/h. Kahekordne ketaspidur tagab turvalise peatumise. T\u00e4iuslik valik linnaseiklejatele!\" \/>\n<meta name=\"robots\" content=\"noindex, follow, max-snippet:-1, max-image-preview:large, max-video-preview:-1\" \/>\n<meta property=\"og:locale\" content=\"en_GB\" \/>\n<meta property=\"og:type\" content=\"article\" \/>\n<meta property=\"og:title\" content=\"RICH BIT H100 elektriline t\u00f5ukeratas 40 km - Ecocruiser\" \/>\n<meta property=\"og:description\" content=\"Moodsa linnas\u00f5idu lahendus - RICH BIT H100 kokkupandav elektrit\u00f5ukeratas. Stiilne disain, suurep\u00e4rane j\u00f5udlus. Kerge aga vastupidav alumiiniumraam. Kuni 45 km s\u00f5iduulatus \u00fche laadimisega, kiirus kuni 30 km\/h. Kahekordne ketaspidur tagab turvalise peatumise. T\u00e4iuslik valik linnaseiklejatele!\" \/>\n<meta property=\"og:url\" content=\"https:\/\/projekt.vombat.ee\/eco\/pood\/elektritoukerattad\/linna-toukerattad\/rich-bit-h100-elektriline-toukeratas-40-km\/\" \/>\n<meta property=\"og:site_name\" content=\"Ecocruiser\" \/>\n<meta property=\"article:modified_time\" content=\"2024-05-30T19:45:14+00:00\" \/>\n<meta property=\"og:image\" content=\"https:\/\/projekt.vombat.ee\/eco\/wp-content\/uploads\/2024\/02\/11-3.webp\" \/>\n\t<meta property=\"og:image:width\" content=\"1600\" \/>\n\t<meta property=\"og:image:height\" content=\"1600\" \/>\n\t<meta property=\"og:image:type\" content=\"image\/webp\" \/>\n<meta name=\"twitter:card\" content=\"summary_large_image\" \/>\n<meta name=\"twitter:label1\" content=\"Estimated reading time\" \/>\n\t<meta name=\"twitter:data1\" content=\"2 minutes\" \/>\n<script type=\"application\/ld+json\" class=\"yoast-schema-graph\">{\"@context\":\"https:\/\/schema.org\",\"@graph\":[{\"@type\":\"WebPage\",\"@id\":\"https:\/\/projekt.vombat.ee\/eco\/pood\/elektritoukerattad\/linna-toukerattad\/rich-bit-h100-elektriline-toukeratas-40-km\/\",\"url\":\"https:\/\/projekt.vombat.ee\/eco\/pood\/elektritoukerattad\/linna-toukerattad\/rich-bit-h100-elektriline-toukeratas-40-km\/\",\"name\":\"RICH BIT H100 elektriline t\u00f5ukeratas 40 km - Ecocruiser\",\"isPartOf\":{\"@id\":\"https:\/\/projekt.vombat.ee\/eco\/#website\"},\"primaryImageOfPage\":{\"@id\":\"https:\/\/projekt.vombat.ee\/eco\/pood\/elektritoukerattad\/linna-toukerattad\/rich-bit-h100-elektriline-toukeratas-40-km\/#primaryimage\"},\"image\":{\"@id\":\"https:\/\/projekt.vombat.ee\/eco\/pood\/elektritoukerattad\/linna-toukerattad\/rich-bit-h100-elektriline-toukeratas-40-km\/#primaryimage\"},\"thumbnailUrl\":\"https:\/\/projekt.vombat.ee\/eco\/wp-content\/uploads\/2024\/02\/11-3.webp\",\"datePublished\":\"2024-02-29T09:36:37+00:00\",\"dateModified\":\"2024-05-30T19:45:14+00:00\",\"description\":\"Moodsa linnas\u00f5idu lahendus - RICH BIT H100 kokkupandav elektrit\u00f5ukeratas. Stiilne disain, suurep\u00e4rane j\u00f5udlus. Kerge aga vastupidav alumiiniumraam. Kuni 45 km s\u00f5iduulatus \u00fche laadimisega, kiirus kuni 30 km\/h. Kahekordne ketaspidur tagab turvalise peatumise. T\u00e4iuslik valik linnaseiklejatele!\",\"breadcrumb\":{\"@id\":\"https:\/\/projekt.vombat.ee\/eco\/pood\/elektritoukerattad\/linna-toukerattad\/rich-bit-h100-elektriline-toukeratas-40-km\/#breadcrumb\"},\"inLanguage\":\"en-GB\",\"potentialAction\":[{\"@type\":\"ReadAction\",\"target\":[\"https:\/\/projekt.vombat.ee\/eco\/pood\/elektritoukerattad\/linna-toukerattad\/rich-bit-h100-elektriline-toukeratas-40-km\/\"]}]},{\"@type\":\"ImageObject\",\"inLanguage\":\"en-GB\",\"@id\":\"https:\/\/projekt.vombat.ee\/eco\/pood\/elektritoukerattad\/linna-toukerattad\/rich-bit-h100-elektriline-toukeratas-40-km\/#primaryimage\",\"url\":\"https:\/\/projekt.vombat.ee\/eco\/wp-content\/uploads\/2024\/02\/11-3.webp\",\"contentUrl\":\"https:\/\/projekt.vombat.ee\/eco\/wp-content\/uploads\/2024\/02\/11-3.webp\",\"width\":1600,\"height\":1600,\"caption\":\"RICH BIT H100 elektriline t\u00f5ukeratas\"},{\"@type\":\"BreadcrumbList\",\"@id\":\"https:\/\/projekt.vombat.ee\/eco\/pood\/elektritoukerattad\/linna-toukerattad\/rich-bit-h100-elektriline-toukeratas-40-km\/#breadcrumb\",\"itemListElement\":[{\"@type\":\"ListItem\",\"position\":1,\"name\":\"Home\",\"item\":\"https:\/\/projekt.vombat.ee\/eco\/\"},{\"@type\":\"ListItem\",\"position\":2,\"name\":\"Pood\",\"item\":\"https:\/\/projekt.vombat.ee\/eco\/pood\/\"},{\"@type\":\"ListItem\",\"position\":3,\"name\":\"RICH BIT H100 elektriline t\u00f5ukeratas 40 km\"}]},{\"@type\":\"WebSite\",\"@id\":\"https:\/\/projekt.vombat.ee\/eco\/#website\",\"url\":\"https:\/\/projekt.vombat.ee\/eco\/\",\"name\":\"Ecocruiser\",\"description\":\"\",\"publisher\":{\"@id\":\"https:\/\/projekt.vombat.ee\/eco\/#organization\"},\"potentialAction\":[{\"@type\":\"SearchAction\",\"target\":{\"@type\":\"EntryPoint\",\"urlTemplate\":\"https:\/\/projekt.vombat.ee\/eco\/?s={search_term_string}\"},\"query-input\":{\"@type\":\"PropertyValueSpecification\",\"valueRequired\":true,\"valueName\":\"search_term_string\"}}],\"inLanguage\":\"en-GB\"},{\"@type\":\"Organization\",\"@id\":\"https:\/\/projekt.vombat.ee\/eco\/#organization\",\"name\":\"Ecocruiser\",\"url\":\"https:\/\/projekt.vombat.ee\/eco\/\",\"logo\":{\"@type\":\"ImageObject\",\"inLanguage\":\"en-GB\",\"@id\":\"https:\/\/projekt.vombat.ee\/eco\/#\/schema\/logo\/image\/\",\"url\":\"https:\/\/projekt.vombat.ee\/eco\/wp-content\/uploads\/2023\/03\/ECOCRUISER_5.png\",\"contentUrl\":\"https:\/\/projekt.vombat.ee\/eco\/wp-content\/uploads\/2023\/03\/ECOCRUISER_5.png\",\"width\":234,\"height\":91,\"caption\":\"Ecocruiser\"},\"image\":{\"@id\":\"https:\/\/projekt.vombat.ee\/eco\/#\/schema\/logo\/image\/\"}}]}<\/script>\n<!-- \/ Yoast SEO plugin. -->","yoast_head_json":{"title":"RICH BIT H100 elektriline t\u00f5ukeratas 40 km - Ecocruiser","description":"Moodsa linnas\u00f5idu lahendus - RICH BIT H100 kokkupandav elektrit\u00f5ukeratas. Stiilne disain, suurep\u00e4rane j\u00f5udlus. Kerge aga vastupidav alumiiniumraam. Kuni 45 km s\u00f5iduulatus \u00fche laadimisega, kiirus kuni 30 km\/h. Kahekordne ketaspidur tagab turvalise peatumise. T\u00e4iuslik valik linnaseiklejatele!","robots":{"index":"noindex","follow":"follow","max-snippet":"max-snippet:-1","max-image-preview":"max-image-preview:large","max-video-preview":"max-video-preview:-1"},"og_locale":"en_GB","og_type":"article","og_title":"RICH BIT H100 elektriline t\u00f5ukeratas 40 km - Ecocruiser","og_description":"Moodsa linnas\u00f5idu lahendus - RICH BIT H100 kokkupandav elektrit\u00f5ukeratas. Stiilne disain, suurep\u00e4rane j\u00f5udlus. Kerge aga vastupidav alumiiniumraam. Kuni 45 km s\u00f5iduulatus \u00fche laadimisega, kiirus kuni 30 km\/h. Kahekordne ketaspidur tagab turvalise peatumise. T\u00e4iuslik valik linnaseiklejatele!","og_url":"https:\/\/projekt.vombat.ee\/eco\/pood\/elektritoukerattad\/linna-toukerattad\/rich-bit-h100-elektriline-toukeratas-40-km\/","og_site_name":"Ecocruiser","article_modified_time":"2024-05-30T19:45:14+00:00","og_image":[{"width":1600,"height":1600,"url":"https:\/\/projekt.vombat.ee\/eco\/wp-content\/uploads\/2024\/02\/11-3.webp","type":"image\/webp"}],"twitter_card":"summary_large_image","twitter_misc":{"Estimated reading time":"2 minutes"},"schema":{"@context":"https:\/\/schema.org","@graph":[{"@type":"WebPage","@id":"https:\/\/projekt.vombat.ee\/eco\/pood\/elektritoukerattad\/linna-toukerattad\/rich-bit-h100-elektriline-toukeratas-40-km\/","url":"https:\/\/projekt.vombat.ee\/eco\/pood\/elektritoukerattad\/linna-toukerattad\/rich-bit-h100-elektriline-toukeratas-40-km\/","name":"RICH BIT H100 elektriline t\u00f5ukeratas 40 km - Ecocruiser","isPartOf":{"@id":"https:\/\/projekt.vombat.ee\/eco\/#website"},"primaryImageOfPage":{"@id":"https:\/\/projekt.vombat.ee\/eco\/pood\/elektritoukerattad\/linna-toukerattad\/rich-bit-h100-elektriline-toukeratas-40-km\/#primaryimage"},"image":{"@id":"https:\/\/projekt.vombat.ee\/eco\/pood\/elektritoukerattad\/linna-toukerattad\/rich-bit-h100-elektriline-toukeratas-40-km\/#primaryimage"},"thumbnailUrl":"https:\/\/projekt.vombat.ee\/eco\/wp-content\/uploads\/2024\/02\/11-3.webp","datePublished":"2024-02-29T09:36:37+00:00","dateModified":"2024-05-30T19:45:14+00:00","description":"Moodsa linnas\u00f5idu lahendus - RICH BIT H100 kokkupandav elektrit\u00f5ukeratas. Stiilne disain, suurep\u00e4rane j\u00f5udlus. Kerge aga vastupidav alumiiniumraam. Kuni 45 km s\u00f5iduulatus \u00fche laadimisega, kiirus kuni 30 km\/h. Kahekordne ketaspidur tagab turvalise peatumise. T\u00e4iuslik valik linnaseiklejatele!","breadcrumb":{"@id":"https:\/\/projekt.vombat.ee\/eco\/pood\/elektritoukerattad\/linna-toukerattad\/rich-bit-h100-elektriline-toukeratas-40-km\/#breadcrumb"},"inLanguage":"en-GB","potentialAction":[{"@type":"ReadAction","target":["https:\/\/projekt.vombat.ee\/eco\/pood\/elektritoukerattad\/linna-toukerattad\/rich-bit-h100-elektriline-toukeratas-40-km\/"]}]},{"@type":"ImageObject","inLanguage":"en-GB","@id":"https:\/\/projekt.vombat.ee\/eco\/pood\/elektritoukerattad\/linna-toukerattad\/rich-bit-h100-elektriline-toukeratas-40-km\/#primaryimage","url":"https:\/\/projekt.vombat.ee\/eco\/wp-content\/uploads\/2024\/02\/11-3.webp","contentUrl":"https:\/\/projekt.vombat.ee\/eco\/wp-content\/uploads\/2024\/02\/11-3.webp","width":1600,"height":1600,"caption":"RICH BIT H100 elektriline t\u00f5ukeratas"},{"@type":"BreadcrumbList","@id":"https:\/\/projekt.vombat.ee\/eco\/pood\/elektritoukerattad\/linna-toukerattad\/rich-bit-h100-elektriline-toukeratas-40-km\/#breadcrumb","itemListElement":[{"@type":"ListItem","position":1,"name":"Home","item":"https:\/\/projekt.vombat.ee\/eco\/"},{"@type":"ListItem","position":2,"name":"Pood","item":"https:\/\/projekt.vombat.ee\/eco\/pood\/"},{"@type":"ListItem","position":3,"name":"RICH BIT H100 elektriline t\u00f5ukeratas 40 km"}]},{"@type":"WebSite","@id":"https:\/\/projekt.vombat.ee\/eco\/#website","url":"https:\/\/projekt.vombat.ee\/eco\/","name":"Ecocruiser","description":"","publisher":{"@id":"https:\/\/projekt.vombat.ee\/eco\/#organization"},"potentialAction":[{"@type":"SearchAction","target":{"@type":"EntryPoint","urlTemplate":"https:\/\/projekt.vombat.ee\/eco\/?s={search_term_string}"},"query-input":{"@type":"PropertyValueSpecification","valueRequired":true,"valueName":"search_term_string"}}],"inLanguage":"en-GB"},{"@type":"Organization","@id":"https:\/\/projekt.vombat.ee\/eco\/#organization","name":"Ecocruiser","url":"https:\/\/projekt.vombat.ee\/eco\/","logo":{"@type":"ImageObject","inLanguage":"en-GB","@id":"https:\/\/projekt.vombat.ee\/eco\/#\/schema\/logo\/image\/","url":"https:\/\/projekt.vombat.ee\/eco\/wp-content\/uploads\/2023\/03\/ECOCRUISER_5.png","contentUrl":"https:\/\/projekt.vombat.ee\/eco\/wp-content\/uploads\/2023\/03\/ECOCRUISER_5.png","width":234,"height":91,"caption":"Ecocruiser"},"image":{"@id":"https:\/\/projekt.vombat.ee\/eco\/#\/schema\/logo\/image\/"}}]}},"lang":"et","translations":{"et":14409},"pll_sync_post":[],"_links":{"self":[{"href":"https:\/\/projekt.vombat.ee\/eco\/wp-json\/wp\/v2\/product\/14409"}],"collection":[{"href":"https:\/\/projekt.vombat.ee\/eco\/wp-json\/wp\/v2\/product"}],"about":[{"href":"https:\/\/projekt.vombat.ee\/eco\/wp-json\/wp\/v2\/types\/product"}],"version-history":[{"count":4,"href":"https:\/\/projekt.vombat.ee\/eco\/wp-json\/wp\/v2\/product\/14409\/revisions"}],"predecessor-version":[{"id":14816,"href":"https:\/\/projekt.vombat.ee\/eco\/wp-json\/wp\/v2\/product\/14409\/revisions\/14816"}],"wp:featuredmedia":[{"embeddable":true,"href":"https:\/\/projekt.vombat.ee\/eco\/wp-json\/wp\/v2\/media\/14414"}],"wp:attachment":[{"href":"https:\/\/projekt.vombat.ee\/eco\/wp-json\/wp\/v2\/media?parent=14409"}],"wp:term":[{"taxonomy":"product_cat","embeddable":true,"href":"https:\/\/projekt.vombat.ee\/eco\/wp-json\/wp\/v2\/product_cat?post=14409"},{"taxonomy":"product_tag","embeddable":true,"href":"https:\/\/projekt.vombat.ee\/eco\/wp-json\/wp\/v2\/product_tag?post=14409"}],"curies":[{"name":"wp","href":"https:\/\/api.w.org\/{rel}","templated":true}]}}