{"id":14385,"date":"2024-02-29T09:23:34","date_gmt":"2024-02-29T09:23:34","guid":{"rendered":"https:\/\/projekt.vombat.ee\/eco\/?post_type=product&#038;p=14385"},"modified":"2024-05-01T19:38:06","modified_gmt":"2024-05-01T19:38:06","slug":"coswheel-t20-elektriratas-80-km","status":"publish","type":"product","link":"https:\/\/projekt.vombat.ee\/eco\/pood\/elektrirattad\/linnarattad\/coswheel-t20-elektriratas-80-km\/","title":{"rendered":"COSWHEEL T20 elektriratas 80 km"},"content":{"rendered":"<h1>COSWHEEL T20 elektriratas<\/h1>\n<p>Coswheel T20 elektriratas pakub v\u00f5imsust ja mugavust nii linna- kui ka maastikus\u00f5itudeks. T\u00e4nu v\u00f5imsale 500W elektrimootorile ja rasvarehvidega disainile on see ideaalne valik nii off-road seiklusteks kui ka sujuvaks s\u00f5iduks ebatasasel pinnal. Coswheel T20 on suurep\u00e4rane investeering sinule, kui soovid v\u00e4hendada oma s\u00fcsinikujalaj\u00e4lge ja s\u00e4\u00e4sta transpordikulusid, nautides samal ajal mugavat, stiilset ning usaldusv\u00e4\u00e4rset kaaslast igap\u00e4evastel s\u00f5itudel.<\/p>\n<p><img fetchpriority=\"high\" decoding=\"async\" class=\"alignnone\" src=\"https:\/\/c.coswheel.com\/wp-content\/uploads\/2023\/05\/T20-detail-02new.webp?x-oss-process=image\/resize,m_fill,w_3200,h_1800\/interlace,1\/quality,Q_60\" alt=\"COSWHEEL T20 elektriratas\" width=\"1600\" height=\"900\" \/><\/p>\n<p>&nbsp;<\/p>\n<p>&nbsp;<\/p>\n<p>&nbsp;<\/p>\n<h3>info<\/h3>\n<div class=\"w-full text-token-text-primary\" data-testid=\"conversation-turn-7\">\n<div class=\"px-4 py-2 justify-center text-base md:gap-6 m-auto\">\n<div class=\"flex flex-1 text-base mx-auto gap-3 md:px-5 lg:px-1 xl:px-5 md:max-w-3xl lg:max-w-[40rem] xl:max-w-[48rem] group\">\n<div class=\"relative flex w-full flex-col agent-turn\">\n<div class=\"flex-col gap-1 md:gap-3\">\n<div class=\"flex flex-grow flex-col max-w-full\">\n<div class=\"min-h-[20px] text-message flex flex-col items-start gap-3 whitespace-pre-wrap break-words [.text-message+&amp;]:mt-5 overflow-x-auto\" data-message-author-role=\"assistant\" data-message-id=\"b2f2de59-fd68-4b7c-8ca9-0b6b97edd25b\">\n<div class=\"markdown prose w-full break-words dark:prose-invert dark\">\n<ul>\n<li><strong>Maksimaalne kiirus (KM\/H):<\/strong> 25 km\/h<\/li>\n<li><strong>Kiiruse reguleerimine:<\/strong> SHIMANO 7-k\u00e4iguline k\u00e4iguvahetus<\/li>\n<li><strong>Elektrooniline kiiruse reguleerimine:<\/strong> 5-k\u00e4iguline kiiruse reguleerimine<\/li>\n<li><strong>Kaugus:<\/strong> 80 km<\/li>\n<li><strong>Roni nurk:<\/strong> 30 kraadi<\/li>\n<li><strong>T\u00f6\u00f6temperatuur:<\/strong> -10\u2103 kuni 40\u2103<\/li>\n<li><strong>Hoiustamistemperatuur:<\/strong> -10\u2103 kuni 40\u2103<\/li>\n<li><strong>Aku t\u00fc\u00fcp:<\/strong> 18650 Liitiumaku<\/li>\n<li><strong>Aku mahtuvus:<\/strong> 20Ah eemaldatava akuga<\/li>\n<li><strong>Mootori t\u00fc\u00fcp:<\/strong> Harjadeta alalisvoolumootor (DC)<\/li>\n<li><strong>Mootori v\u00f5imsus:\u00a0<\/strong>250W<\/li>\n<li><strong>Nimipinge:<\/strong> 48V<\/li>\n<li><strong>Laadimisaeg:<\/strong> 3.5-8 tundi<\/li>\n<li><strong>Ratas ja rehv:<\/strong> 20 tolli rannarehv\/lumerehv<\/li>\n<li><strong>Raami materjal:<\/strong> Alumiiniumisulam<\/li>\n<li><strong>Kiirendus:<\/strong> P\u00f6\u00f6rdl\u00fcliti<\/li>\n<li><strong>Pidur:<\/strong> Topeltpidur (Eesmine ja tagumine)<\/li>\n<li><strong>Ekraaniteave:<\/strong> LCD-ekraan: kiirus, esituli, veakood<\/li>\n<li><strong>Maksimaalne kandev\u00f5ime (KG):<\/strong> 120 kg<\/li>\n<li><strong>\u00dcldm\u00f5\u00f5tmed:<\/strong> 1630*600*1050 mm<\/li>\n<li><strong>Pakendi m\u00f5\u00f5tmed:<\/strong> 1400*320*800 mm<\/li>\n<li><strong>Netokaal (KG):<\/strong> 33 kg<\/li>\n<\/ul>\n<\/div>\n<\/div>\n<\/div>\n<div class=\"mt-1 flex justify-start gap-3 empty:hidden\"><\/div>\n<\/div>\n<\/div>\n<\/div>\n<\/div>\n<\/div>\n","protected":false},"excerpt":{"rendered":"<p><strong>COSWHEEL T20 elektriratas<\/strong><\/p>\n<p>&nbsp;<\/p>\n<ul>\n<li><strong>Maksimaalne kiirus: 25 km\/h<\/strong><\/li>\n<li><strong>SHIMANO 7-k\u00e4iguline k\u00e4iguvahetus<\/strong><\/li>\n<li><strong>Kaugus: 80 km<\/strong><\/li>\n<li><strong>Roni nurk: 30 kraadi<\/strong><\/li>\n<li><strong>Aku t\u00fc\u00fcp: 18650 Liitiumaku<\/strong><\/li>\n<li><strong>Aku mahtuvus: 20Ah eemaldatava akuga<\/strong><\/li>\n<li><strong>Laadimisaeg: 3.5-8 tundi<\/strong><\/li>\n<li><strong>Ratas ja rehv: 20 tolli rannarehv\/lumerehv<\/strong><\/li>\n<li><strong>Raami materjal: Alumiiniumisulam<\/strong><\/li>\n<li><strong>Pidur: Topeltpidur (Eesmine ja tagumine)<\/strong><\/li>\n<\/ul>\n<p>&nbsp;<\/p>\n<p>\u2666\u00a0<strong>Tarneaeg 2-6 p\u00e4eva<\/strong><br \/>\n\u2666\u00a0<strong>Laos<\/strong><\/p>\n<p>&nbsp;<\/p>\n","protected":false},"featured_media":14387,"template":"","meta":[],"product_cat":[52,903,905],"product_tag":[],"class_list":{"0":"post-14385","1":"product","2":"type-product","3":"status-publish","4":"has-post-thumbnail","6":"product_cat-elektrirattad","7":"product_cat-linnarattad","8":"product_cat-maastikurattad","9":"product_shipping_class-suured-pakid","11":"first","12":"instock","13":"taxable","14":"shipping-taxable","15":"purchasable","16":"product-type-simple"},"yoast_head":"<!-- This site is optimized with the Yoast SEO plugin v23.8 - https:\/\/yoast.com\/wordpress\/plugins\/seo\/ -->\n<title>COSWHEEL T20 elektriratas 80 km - Ecocruiser<\/title>\n<meta name=\"description\" content=\"Coswheel T20 - V\u00f5imas 20-tolline elektriratas. Ideaalne nii linna- kui maastikus\u00f5itudeks. Suurep\u00e4rane valik neile, kes naudivad mugavust ja stiili.\" \/>\n<meta name=\"robots\" content=\"noindex, follow, max-snippet:-1, max-image-preview:large, max-video-preview:-1\" \/>\n<meta property=\"og:locale\" content=\"en_GB\" \/>\n<meta property=\"og:type\" content=\"article\" \/>\n<meta property=\"og:title\" content=\"COSWHEEL T20 elektriratas 80 km - Ecocruiser\" \/>\n<meta property=\"og:description\" content=\"Coswheel T20 - V\u00f5imas 20-tolline elektriratas. Ideaalne nii linna- kui maastikus\u00f5itudeks. Suurep\u00e4rane valik neile, kes naudivad mugavust ja stiili.\" \/>\n<meta property=\"og:url\" content=\"https:\/\/projekt.vombat.ee\/eco\/pood\/elektrirattad\/linnarattad\/coswheel-t20-elektriratas-80-km\/\" \/>\n<meta property=\"og:site_name\" content=\"Ecocruiser\" \/>\n<meta property=\"article:modified_time\" content=\"2024-05-01T19:38:06+00:00\" \/>\n<meta property=\"og:image\" content=\"https:\/\/projekt.vombat.ee\/eco\/wp-content\/uploads\/2024\/02\/1-7.jpg\" \/>\n\t<meta property=\"og:image:width\" content=\"2500\" \/>\n\t<meta property=\"og:image:height\" content=\"2500\" \/>\n\t<meta property=\"og:image:type\" content=\"image\/jpeg\" \/>\n<meta name=\"twitter:card\" content=\"summary_large_image\" \/>\n<meta name=\"twitter:label1\" content=\"Estimated reading time\" \/>\n\t<meta name=\"twitter:data1\" content=\"2 minutes\" \/>\n<script type=\"application\/ld+json\" class=\"yoast-schema-graph\">{\"@context\":\"https:\/\/schema.org\",\"@graph\":[{\"@type\":\"WebPage\",\"@id\":\"https:\/\/projekt.vombat.ee\/eco\/pood\/elektrirattad\/linnarattad\/coswheel-t20-elektriratas-80-km\/\",\"url\":\"https:\/\/projekt.vombat.ee\/eco\/pood\/elektrirattad\/linnarattad\/coswheel-t20-elektriratas-80-km\/\",\"name\":\"COSWHEEL T20 elektriratas 80 km - Ecocruiser\",\"isPartOf\":{\"@id\":\"https:\/\/projekt.vombat.ee\/eco\/#website\"},\"primaryImageOfPage\":{\"@id\":\"https:\/\/projekt.vombat.ee\/eco\/pood\/elektrirattad\/linnarattad\/coswheel-t20-elektriratas-80-km\/#primaryimage\"},\"image\":{\"@id\":\"https:\/\/projekt.vombat.ee\/eco\/pood\/elektrirattad\/linnarattad\/coswheel-t20-elektriratas-80-km\/#primaryimage\"},\"thumbnailUrl\":\"https:\/\/projekt.vombat.ee\/eco\/wp-content\/uploads\/2024\/02\/1-7.jpg\",\"datePublished\":\"2024-02-29T09:23:34+00:00\",\"dateModified\":\"2024-05-01T19:38:06+00:00\",\"description\":\"Coswheel T20 - V\u00f5imas 20-tolline elektriratas. Ideaalne nii linna- kui maastikus\u00f5itudeks. Suurep\u00e4rane valik neile, kes naudivad mugavust ja stiili.\",\"breadcrumb\":{\"@id\":\"https:\/\/projekt.vombat.ee\/eco\/pood\/elektrirattad\/linnarattad\/coswheel-t20-elektriratas-80-km\/#breadcrumb\"},\"inLanguage\":\"en-GB\",\"potentialAction\":[{\"@type\":\"ReadAction\",\"target\":[\"https:\/\/projekt.vombat.ee\/eco\/pood\/elektrirattad\/linnarattad\/coswheel-t20-elektriratas-80-km\/\"]}]},{\"@type\":\"ImageObject\",\"inLanguage\":\"en-GB\",\"@id\":\"https:\/\/projekt.vombat.ee\/eco\/pood\/elektrirattad\/linnarattad\/coswheel-t20-elektriratas-80-km\/#primaryimage\",\"url\":\"https:\/\/projekt.vombat.ee\/eco\/wp-content\/uploads\/2024\/02\/1-7.jpg\",\"contentUrl\":\"https:\/\/projekt.vombat.ee\/eco\/wp-content\/uploads\/2024\/02\/1-7.jpg\",\"width\":2500,\"height\":2500,\"caption\":\"COSWHEEL T20 elektriratas\"},{\"@type\":\"BreadcrumbList\",\"@id\":\"https:\/\/projekt.vombat.ee\/eco\/pood\/elektrirattad\/linnarattad\/coswheel-t20-elektriratas-80-km\/#breadcrumb\",\"itemListElement\":[{\"@type\":\"ListItem\",\"position\":1,\"name\":\"Home\",\"item\":\"https:\/\/projekt.vombat.ee\/eco\/\"},{\"@type\":\"ListItem\",\"position\":2,\"name\":\"Pood\",\"item\":\"https:\/\/projekt.vombat.ee\/eco\/pood\/\"},{\"@type\":\"ListItem\",\"position\":3,\"name\":\"COSWHEEL T20 elektriratas 80 km\"}]},{\"@type\":\"WebSite\",\"@id\":\"https:\/\/projekt.vombat.ee\/eco\/#website\",\"url\":\"https:\/\/projekt.vombat.ee\/eco\/\",\"name\":\"Ecocruiser\",\"description\":\"\",\"publisher\":{\"@id\":\"https:\/\/projekt.vombat.ee\/eco\/#organization\"},\"potentialAction\":[{\"@type\":\"SearchAction\",\"target\":{\"@type\":\"EntryPoint\",\"urlTemplate\":\"https:\/\/projekt.vombat.ee\/eco\/?s={search_term_string}\"},\"query-input\":{\"@type\":\"PropertyValueSpecification\",\"valueRequired\":true,\"valueName\":\"search_term_string\"}}],\"inLanguage\":\"en-GB\"},{\"@type\":\"Organization\",\"@id\":\"https:\/\/projekt.vombat.ee\/eco\/#organization\",\"name\":\"Ecocruiser\",\"url\":\"https:\/\/projekt.vombat.ee\/eco\/\",\"logo\":{\"@type\":\"ImageObject\",\"inLanguage\":\"en-GB\",\"@id\":\"https:\/\/projekt.vombat.ee\/eco\/#\/schema\/logo\/image\/\",\"url\":\"https:\/\/projekt.vombat.ee\/eco\/wp-content\/uploads\/2023\/03\/ECOCRUISER_5.png\",\"contentUrl\":\"https:\/\/projekt.vombat.ee\/eco\/wp-content\/uploads\/2023\/03\/ECOCRUISER_5.png\",\"width\":234,\"height\":91,\"caption\":\"Ecocruiser\"},\"image\":{\"@id\":\"https:\/\/projekt.vombat.ee\/eco\/#\/schema\/logo\/image\/\"}}]}<\/script>\n<!-- \/ Yoast SEO plugin. -->","yoast_head_json":{"title":"COSWHEEL T20 elektriratas 80 km - Ecocruiser","description":"Coswheel T20 - V\u00f5imas 20-tolline elektriratas. Ideaalne nii linna- kui maastikus\u00f5itudeks. Suurep\u00e4rane valik neile, kes naudivad mugavust ja stiili.","robots":{"index":"noindex","follow":"follow","max-snippet":"max-snippet:-1","max-image-preview":"max-image-preview:large","max-video-preview":"max-video-preview:-1"},"og_locale":"en_GB","og_type":"article","og_title":"COSWHEEL T20 elektriratas 80 km - Ecocruiser","og_description":"Coswheel T20 - V\u00f5imas 20-tolline elektriratas. Ideaalne nii linna- kui maastikus\u00f5itudeks. Suurep\u00e4rane valik neile, kes naudivad mugavust ja stiili.","og_url":"https:\/\/projekt.vombat.ee\/eco\/pood\/elektrirattad\/linnarattad\/coswheel-t20-elektriratas-80-km\/","og_site_name":"Ecocruiser","article_modified_time":"2024-05-01T19:38:06+00:00","og_image":[{"width":2500,"height":2500,"url":"https:\/\/projekt.vombat.ee\/eco\/wp-content\/uploads\/2024\/02\/1-7.jpg","type":"image\/jpeg"}],"twitter_card":"summary_large_image","twitter_misc":{"Estimated reading time":"2 minutes"},"schema":{"@context":"https:\/\/schema.org","@graph":[{"@type":"WebPage","@id":"https:\/\/projekt.vombat.ee\/eco\/pood\/elektrirattad\/linnarattad\/coswheel-t20-elektriratas-80-km\/","url":"https:\/\/projekt.vombat.ee\/eco\/pood\/elektrirattad\/linnarattad\/coswheel-t20-elektriratas-80-km\/","name":"COSWHEEL T20 elektriratas 80 km - Ecocruiser","isPartOf":{"@id":"https:\/\/projekt.vombat.ee\/eco\/#website"},"primaryImageOfPage":{"@id":"https:\/\/projekt.vombat.ee\/eco\/pood\/elektrirattad\/linnarattad\/coswheel-t20-elektriratas-80-km\/#primaryimage"},"image":{"@id":"https:\/\/projekt.vombat.ee\/eco\/pood\/elektrirattad\/linnarattad\/coswheel-t20-elektriratas-80-km\/#primaryimage"},"thumbnailUrl":"https:\/\/projekt.vombat.ee\/eco\/wp-content\/uploads\/2024\/02\/1-7.jpg","datePublished":"2024-02-29T09:23:34+00:00","dateModified":"2024-05-01T19:38:06+00:00","description":"Coswheel T20 - V\u00f5imas 20-tolline elektriratas. Ideaalne nii linna- kui maastikus\u00f5itudeks. Suurep\u00e4rane valik neile, kes naudivad mugavust ja stiili.","breadcrumb":{"@id":"https:\/\/projekt.vombat.ee\/eco\/pood\/elektrirattad\/linnarattad\/coswheel-t20-elektriratas-80-km\/#breadcrumb"},"inLanguage":"en-GB","potentialAction":[{"@type":"ReadAction","target":["https:\/\/projekt.vombat.ee\/eco\/pood\/elektrirattad\/linnarattad\/coswheel-t20-elektriratas-80-km\/"]}]},{"@type":"ImageObject","inLanguage":"en-GB","@id":"https:\/\/projekt.vombat.ee\/eco\/pood\/elektrirattad\/linnarattad\/coswheel-t20-elektriratas-80-km\/#primaryimage","url":"https:\/\/projekt.vombat.ee\/eco\/wp-content\/uploads\/2024\/02\/1-7.jpg","contentUrl":"https:\/\/projekt.vombat.ee\/eco\/wp-content\/uploads\/2024\/02\/1-7.jpg","width":2500,"height":2500,"caption":"COSWHEEL T20 elektriratas"},{"@type":"BreadcrumbList","@id":"https:\/\/projekt.vombat.ee\/eco\/pood\/elektrirattad\/linnarattad\/coswheel-t20-elektriratas-80-km\/#breadcrumb","itemListElement":[{"@type":"ListItem","position":1,"name":"Home","item":"https:\/\/projekt.vombat.ee\/eco\/"},{"@type":"ListItem","position":2,"name":"Pood","item":"https:\/\/projekt.vombat.ee\/eco\/pood\/"},{"@type":"ListItem","position":3,"name":"COSWHEEL T20 elektriratas 80 km"}]},{"@type":"WebSite","@id":"https:\/\/projekt.vombat.ee\/eco\/#website","url":"https:\/\/projekt.vombat.ee\/eco\/","name":"Ecocruiser","description":"","publisher":{"@id":"https:\/\/projekt.vombat.ee\/eco\/#organization"},"potentialAction":[{"@type":"SearchAction","target":{"@type":"EntryPoint","urlTemplate":"https:\/\/projekt.vombat.ee\/eco\/?s={search_term_string}"},"query-input":{"@type":"PropertyValueSpecification","valueRequired":true,"valueName":"search_term_string"}}],"inLanguage":"en-GB"},{"@type":"Organization","@id":"https:\/\/projekt.vombat.ee\/eco\/#organization","name":"Ecocruiser","url":"https:\/\/projekt.vombat.ee\/eco\/","logo":{"@type":"ImageObject","inLanguage":"en-GB","@id":"https:\/\/projekt.vombat.ee\/eco\/#\/schema\/logo\/image\/","url":"https:\/\/projekt.vombat.ee\/eco\/wp-content\/uploads\/2023\/03\/ECOCRUISER_5.png","contentUrl":"https:\/\/projekt.vombat.ee\/eco\/wp-content\/uploads\/2023\/03\/ECOCRUISER_5.png","width":234,"height":91,"caption":"Ecocruiser"},"image":{"@id":"https:\/\/projekt.vombat.ee\/eco\/#\/schema\/logo\/image\/"}}]}},"lang":"et","translations":{"et":14385},"pll_sync_post":[],"_links":{"self":[{"href":"https:\/\/projekt.vombat.ee\/eco\/wp-json\/wp\/v2\/product\/14385"}],"collection":[{"href":"https:\/\/projekt.vombat.ee\/eco\/wp-json\/wp\/v2\/product"}],"about":[{"href":"https:\/\/projekt.vombat.ee\/eco\/wp-json\/wp\/v2\/types\/product"}],"version-history":[{"count":6,"href":"https:\/\/projekt.vombat.ee\/eco\/wp-json\/wp\/v2\/product\/14385\/revisions"}],"predecessor-version":[{"id":16734,"href":"https:\/\/projekt.vombat.ee\/eco\/wp-json\/wp\/v2\/product\/14385\/revisions\/16734"}],"wp:featuredmedia":[{"embeddable":true,"href":"https:\/\/projekt.vombat.ee\/eco\/wp-json\/wp\/v2\/media\/14387"}],"wp:attachment":[{"href":"https:\/\/projekt.vombat.ee\/eco\/wp-json\/wp\/v2\/media?parent=14385"}],"wp:term":[{"taxonomy":"product_cat","embeddable":true,"href":"https:\/\/projekt.vombat.ee\/eco\/wp-json\/wp\/v2\/product_cat?post=14385"},{"taxonomy":"product_tag","embeddable":true,"href":"https:\/\/projekt.vombat.ee\/eco\/wp-json\/wp\/v2\/product_tag?post=14385"}],"curies":[{"name":"wp","href":"https:\/\/api.w.org\/{rel}","templated":true}]}}