{"id":14384,"date":"2024-02-16T12:31:05","date_gmt":"2024-02-16T12:31:05","guid":{"rendered":"https:\/\/projekt.vombat.ee\/eco\/?post_type=product&#038;p=14384"},"modified":"2024-03-06T13:43:37","modified_gmt":"2024-03-06T13:43:37","slug":"jobobike-bruno-elektriline-maastikuratas-130-km","status":"publish","type":"product","link":"https:\/\/projekt.vombat.ee\/eco\/pood\/elektrirattad\/maastikurattad\/jobobike-bruno-elektriline-maastikuratas-130-km\/","title":{"rendered":"JOBOBIKE Bruno elektriline maastikuratas, 85 km"},"content":{"rendered":"<h3>JOBOBIKE Bruno elektriline maastikuratas<\/h3>\n<p>Bruno on mitmek\u00fclgne ja d\u00fcnaamiline elektrijalgratas, mis on ehitatud parimatest saadaolevatest osadest maastikuratta loomiseks. Ja klassikaline punane-hall v\u00f5i must-valge teie valikul. Ideaalne maastikumatkadeks!<\/p>\n<p><img fetchpriority=\"high\" decoding=\"async\" class=\"\" src=\"https:\/\/www.jobobike.eu\/uploads\/image\/20230524\/15\/68ba0822ba5631fb6365bff414a68aa5.jpg\" alt=\"T\u00d6\u00d6RATTA Bruno\" width=\"627\" height=\"418\" \/><\/p>\n<p>&nbsp;<\/p>\n<p>&nbsp;<\/p>\n<p><strong>INFO<\/strong><\/p>\n<ul>\n<li><strong>Br\u00e4nd:<\/strong> Jobobike<\/li>\n<li><strong>Tippkiirus<\/strong>: 25 km\/h<\/li>\n<li><strong>S\u00f5iduulatus<\/strong>: Kuni 85 kilomeetrit \u00fche laadimisega, ideaalne pikemateks s\u00f5itudeks v\u00f5i igap\u00e4evas\u00f5iduks<\/li>\n<li><strong>Aku<\/strong>: Samsungi\u00a0 36V 13 Ah (468Wh)\u00a0 liitiumaku on varustatud BMS akus\u00fcsteemiga, mis kaitseb \u00fclelaadimise ja \u00fclekuumenemise eest.<\/li>\n<li><strong>Juhtraud: <\/strong>Promax alumiinium 720mm<\/li>\n<li><strong>Sadul:<\/strong> Velo nahast mugav sadul, k\u00f5rgus 89-100 cm, ja k\u00e4epidemed.<\/li>\n<li><strong>Raam<\/strong>: Alumiiniumsulamist, 16 tolli<\/li>\n<li><strong>Pedaalid:<\/strong> Wellgo<\/li>\n<li><strong>Veekindel juhtmestik<\/strong>: vastupidav ja lihtsalt puhastatav<\/li>\n<li><strong>Tuled<\/strong>: Hele LED-valgusti reflektoriga ja kuivelemendi toitel tagatuli<\/li>\n<li><strong>Ekraan<\/strong>: Bafang V\u00e4rviline LCD-ekraan k\u00f5igi vajalike andmetega, varustatud USB laadimispordiga. T\u00e4nu IP64 veekindluse reitingule ja t\u00e4psele tehnoloogiale on see h\u00e4sti kaitstud veel ja tolmu eest.<\/li>\n<li><strong>Rehvid<\/strong>: Maxxis 27,5&#8243; x 2,3&#8243; premium \u00f5hkrehvid, torkekindlad, suudavad kohaneda erineva s\u00f5idukeskkonnaga, nagu lumetee, liivatee, pinnastee, kruusatee ja ka sile maastik.<\/li>\n<li><strong>Kaal<\/strong>: 29,6 kg<\/li>\n<li><strong>Maksimaalne kandev\u00f5ime<\/strong>: 120 kg, toetab erineva kaaluga s\u00f5itjaid.<\/li>\n<li><strong>S\u00f5itja pikkus<\/strong>: 160+ cm<\/li>\n<li><strong>Laadija<\/strong>: AC110-240V DC36V 2,0A<\/li>\n<li><strong>K\u00e4igukast:<\/strong> Sram 10-k\u00e4iguline k\u00e4igukast on sujuvalt t\u00f6\u00f6korras t\u00e4nu hammasplaadikandja v\u00e4ikesele kaalule. \u00a0\u00a0Pole vahet, kas s\u00f5idate t\u00f5usul, kiirel s\u00f5idul v\u00f5i k\u00fcnklikul maastikul, saate s\u00e4ilitada oma stabiilsuse ja vahetada k\u00e4ike oma suva j\u00e4rgi.<\/li>\n<li><strong>Pidurid &#8211;<\/strong> L\u00fchema peatumisteekonna ja parema pidurdusj\u00f5uga Tektro h\u00fcdraulilised ketaspidurid.<\/li>\n<li><strong>Mootori nimiv\u00f5imsus<\/strong>: BAFANGi M200 250W, 36V, mootor 95 Nm p\u00f6\u00f6rdemomendiga stabiilse j\u00f5udluse tagamiseks v\u00f5imaldab sujuvamat s\u00f5itu<\/li>\n<li><strong>Laadimisaeg<\/strong> 4-5 tundi<\/li>\n<li><strong>Pedaaliabi &#8211;<\/strong> Intelligentne 5-tasemeline pedaaliabi koos p\u00f6\u00f6rdemomendianduriga<\/li>\n<li><strong>Pedaalid<\/strong> &#8211; Wellgo<\/li>\n<li><strong>Amortisaator<\/strong> &#8211; UDING 100mm \u00f5hkvedrustus tagab sujuva ja \u00fchtlase s\u00f5idu ja suurema kurvikiiruse ka ebatasasel teel.<\/li>\n<li><\/li>\n<\/ul>\n<p><img decoding=\"async\" class=\"\" src=\"https:\/\/www.jobobike.eu\/uploads\/image\/20230508\/14\/830424a4b7cf1e54f45f0a0909e74183.jpg\" alt=\"Samsungi aku\" width=\"586\" height=\"420\" \/><\/p>\n<p>&nbsp;<\/p>\n<p>&nbsp;<\/p>\n<p><img decoding=\"async\" class=\"\" src=\"https:\/\/www.jobobike.eu\/uploads\/image\/20230508\/14\/647a7cc14a0426ebddc728616e53c5d1.jpg\" alt=\"Bafang Mid-Motor\" width=\"509\" height=\"365\" \/><\/p>\n<p>&nbsp;<\/p>\n<p><img loading=\"lazy\" decoding=\"async\" class=\"\" src=\"https:\/\/www.jobobike.eu\/uploads\/image\/20230508\/14\/detail-gabel.jpg\" alt=\"\u00d5hkvedrustus\" width=\"581\" height=\"416\" \/><\/p>\n<p>&nbsp;<\/p>\n<p><img loading=\"lazy\" decoding=\"async\" class=\"\" src=\"https:\/\/www.jobobike.eu\/uploads\/image\/20230508\/14\/3802403.jpg\" alt=\"TUNDLIK PIDURDUST\u00d5UDLUS\" width=\"568\" height=\"380\" \/><\/p>\n<p><img loading=\"lazy\" decoding=\"async\" class=\"\" src=\"https:\/\/www.jobobike.eu\/uploads\/image\/20230508\/14\/8e1b93d4317805edfc67a676be6bac49.jpg\" alt=\"Tektro h\u00fcdrauliline pidur\" width=\"522\" height=\"374\" \/><\/p>\n<p>&nbsp;<\/p>\n<p><img loading=\"lazy\" decoding=\"async\" class=\"\" src=\"https:\/\/www.jobobike.eu\/uploads\/image\/20230508\/15\/jobobike-henry-mens-city-electric-bike-display.jpg\" alt=\"Bafang LCD ekraan\" width=\"500\" height=\"358\" \/><\/p>\n<p>&nbsp;<\/p>\n<p><img loading=\"lazy\" decoding=\"async\" class=\"\" src=\"https:\/\/www.jobobike.eu\/uploads\/image\/20230508\/14\/3802402.jpg\" alt=\"SUURENDAGE OMA MOBIILSUST\" width=\"520\" height=\"348\" \/><\/p>\n<p><img decoding=\"async\" src=\"https:\/\/i.gyazo.com\/b1e76aaf30e7888d4c919d818b1e2a00.png\" \/><\/p>\n<p>&nbsp;<\/p>\n<p>&nbsp;<\/p>\n","protected":false},"excerpt":{"rendered":"<h3>JOBOBIKE Bruno elektriline maastikuratas<\/h3>\n<ul>\n<li style=\"list-style-type: none;\">\n<ul>\n<li>M\u00f5\u00f5dud:: 110 *182 cm<\/li>\n<li>M\u00f5\u00f5dud pakitult: 155 x27 x78 cm<\/li>\n<li>Reguleeritav istme k\u00f5rgus: 89-100 cm<\/li>\n<li>Juhtraud: Promax alumiinium 720mm<\/li>\n<li>Rehvim\u00f5\u00f5t: 27,5&#8243; x 2,3&#8243; \u00f5hkrehvid<\/li>\n<li>Soovitatav s\u00f5itja pikkus: 160-180 cm<\/li>\n<li>Netokaal: 21,9 kg<\/li>\n<li>Kandev\u00f5ime: 120 kg<\/li>\n<li>Raami materjal: alumiiniumsulam, 16 tolli<\/li>\n<li>S\u00f5iduulatus: kuni 85 km<\/li>\n<li>Aku: Samsungi\u00a0 36V 13 Ah (468Wh)\u00a0 liitiumaku<\/li>\n<li>Mootori nimiv\u00f5imsus: (W) 250W<\/li>\n<li>Maksimaalne p\u00f6\u00f6rdemoment: (N.m) 65N.m<\/li>\n<li>Ekraani t\u00fc\u00fcp: v\u00e4rviline LCD ekraan<\/li>\n<li>K\u00e4igukast: Sram 10-k\u00e4iguline k\u00e4igukast<\/li>\n<li>Pidurid: Tektro h\u00fcdraulilised ketaspidurid<\/li>\n<\/ul>\n<\/li>\n<\/ul>\n<p>&nbsp;<\/p>\n<p><strong>Tarneaeg: 2-6 p\u00e4eva<\/strong><\/p>\n<p><strong>Laos<\/strong><\/p>\n","protected":false},"featured_media":15018,"template":"","meta":[],"product_cat":[52,905],"product_tag":[],"class_list":{"0":"post-14384","1":"product","2":"type-product","3":"status-publish","4":"has-post-thumbnail","6":"product_cat-elektrirattad","7":"product_cat-maastikurattad","8":"product_shipping_class-suured-pakid","10":"first","11":"instock","12":"taxable","13":"shipping-taxable","14":"purchasable","15":"product-type-variable"},"yoast_head":"<!-- This site is optimized with the Yoast SEO plugin v23.8 - https:\/\/yoast.com\/wordpress\/plugins\/seo\/ -->\n<title>JOBOBIKE Bruno elektriline maastikuratas, 85 km - Ecocruiser<\/title>\n<meta name=\"description\" content=\"Mitmek\u00fclgne ja d\u00fcnaamiline elektrijalgratas on kokku pandud parimatest saadaolevatest maastikuratta osadest. Ideaalne jalgrattamatkaks.\" \/>\n<meta name=\"robots\" content=\"noindex, follow, max-snippet:-1, max-image-preview:large, max-video-preview:-1\" \/>\n<meta property=\"og:locale\" content=\"en_GB\" \/>\n<meta property=\"og:type\" content=\"article\" \/>\n<meta property=\"og:title\" content=\"JOBOBIKE Bruno elektriline maastikuratas, 85 km - Ecocruiser\" \/>\n<meta property=\"og:description\" content=\"Mitmek\u00fclgne ja d\u00fcnaamiline elektrijalgratas on kokku pandud parimatest saadaolevatest maastikuratta osadest. Ideaalne jalgrattamatkaks.\" \/>\n<meta property=\"og:url\" content=\"https:\/\/projekt.vombat.ee\/eco\/pood\/elektrirattad\/maastikurattad\/jobobike-bruno-elektriline-maastikuratas-130-km\/\" \/>\n<meta property=\"og:site_name\" content=\"Ecocruiser\" \/>\n<meta property=\"article:modified_time\" content=\"2024-03-06T13:43:37+00:00\" \/>\n<meta property=\"og:image\" content=\"https:\/\/projekt.vombat.ee\/eco\/wp-content\/uploads\/2024\/02\/Untitled-design-69.png\" \/>\n\t<meta property=\"og:image:width\" content=\"1000\" \/>\n\t<meta property=\"og:image:height\" content=\"1000\" \/>\n\t<meta property=\"og:image:type\" content=\"image\/png\" \/>\n<meta name=\"twitter:card\" content=\"summary_large_image\" \/>\n<meta name=\"twitter:label1\" content=\"Estimated reading time\" \/>\n\t<meta name=\"twitter:data1\" content=\"4 minutes\" \/>\n<script type=\"application\/ld+json\" class=\"yoast-schema-graph\">{\"@context\":\"https:\/\/schema.org\",\"@graph\":[{\"@type\":\"WebPage\",\"@id\":\"https:\/\/projekt.vombat.ee\/eco\/pood\/elektrirattad\/maastikurattad\/jobobike-bruno-elektriline-maastikuratas-130-km\/\",\"url\":\"https:\/\/projekt.vombat.ee\/eco\/pood\/elektrirattad\/maastikurattad\/jobobike-bruno-elektriline-maastikuratas-130-km\/\",\"name\":\"JOBOBIKE Bruno elektriline maastikuratas, 85 km - Ecocruiser\",\"isPartOf\":{\"@id\":\"https:\/\/projekt.vombat.ee\/eco\/#website\"},\"primaryImageOfPage\":{\"@id\":\"https:\/\/projekt.vombat.ee\/eco\/pood\/elektrirattad\/maastikurattad\/jobobike-bruno-elektriline-maastikuratas-130-km\/#primaryimage\"},\"image\":{\"@id\":\"https:\/\/projekt.vombat.ee\/eco\/pood\/elektrirattad\/maastikurattad\/jobobike-bruno-elektriline-maastikuratas-130-km\/#primaryimage\"},\"thumbnailUrl\":\"https:\/\/projekt.vombat.ee\/eco\/wp-content\/uploads\/2024\/02\/Untitled-design-69.png\",\"datePublished\":\"2024-02-16T12:31:05+00:00\",\"dateModified\":\"2024-03-06T13:43:37+00:00\",\"description\":\"Mitmek\u00fclgne ja d\u00fcnaamiline elektrijalgratas on kokku pandud parimatest saadaolevatest maastikuratta osadest. Ideaalne jalgrattamatkaks.\",\"breadcrumb\":{\"@id\":\"https:\/\/projekt.vombat.ee\/eco\/pood\/elektrirattad\/maastikurattad\/jobobike-bruno-elektriline-maastikuratas-130-km\/#breadcrumb\"},\"inLanguage\":\"en-GB\",\"potentialAction\":[{\"@type\":\"ReadAction\",\"target\":[\"https:\/\/projekt.vombat.ee\/eco\/pood\/elektrirattad\/maastikurattad\/jobobike-bruno-elektriline-maastikuratas-130-km\/\"]}]},{\"@type\":\"ImageObject\",\"inLanguage\":\"en-GB\",\"@id\":\"https:\/\/projekt.vombat.ee\/eco\/pood\/elektrirattad\/maastikurattad\/jobobike-bruno-elektriline-maastikuratas-130-km\/#primaryimage\",\"url\":\"https:\/\/projekt.vombat.ee\/eco\/wp-content\/uploads\/2024\/02\/Untitled-design-69.png\",\"contentUrl\":\"https:\/\/projekt.vombat.ee\/eco\/wp-content\/uploads\/2024\/02\/Untitled-design-69.png\",\"width\":1000,\"height\":1000},{\"@type\":\"BreadcrumbList\",\"@id\":\"https:\/\/projekt.vombat.ee\/eco\/pood\/elektrirattad\/maastikurattad\/jobobike-bruno-elektriline-maastikuratas-130-km\/#breadcrumb\",\"itemListElement\":[{\"@type\":\"ListItem\",\"position\":1,\"name\":\"Home\",\"item\":\"https:\/\/projekt.vombat.ee\/eco\/\"},{\"@type\":\"ListItem\",\"position\":2,\"name\":\"Pood\",\"item\":\"https:\/\/projekt.vombat.ee\/eco\/pood\/\"},{\"@type\":\"ListItem\",\"position\":3,\"name\":\"JOBOBIKE Bruno elektriline maastikuratas, 85 km\"}]},{\"@type\":\"WebSite\",\"@id\":\"https:\/\/projekt.vombat.ee\/eco\/#website\",\"url\":\"https:\/\/projekt.vombat.ee\/eco\/\",\"name\":\"Ecocruiser\",\"description\":\"\",\"publisher\":{\"@id\":\"https:\/\/projekt.vombat.ee\/eco\/#organization\"},\"potentialAction\":[{\"@type\":\"SearchAction\",\"target\":{\"@type\":\"EntryPoint\",\"urlTemplate\":\"https:\/\/projekt.vombat.ee\/eco\/?s={search_term_string}\"},\"query-input\":{\"@type\":\"PropertyValueSpecification\",\"valueRequired\":true,\"valueName\":\"search_term_string\"}}],\"inLanguage\":\"en-GB\"},{\"@type\":\"Organization\",\"@id\":\"https:\/\/projekt.vombat.ee\/eco\/#organization\",\"name\":\"Ecocruiser\",\"url\":\"https:\/\/projekt.vombat.ee\/eco\/\",\"logo\":{\"@type\":\"ImageObject\",\"inLanguage\":\"en-GB\",\"@id\":\"https:\/\/projekt.vombat.ee\/eco\/#\/schema\/logo\/image\/\",\"url\":\"https:\/\/projekt.vombat.ee\/eco\/wp-content\/uploads\/2023\/03\/ECOCRUISER_5.png\",\"contentUrl\":\"https:\/\/projekt.vombat.ee\/eco\/wp-content\/uploads\/2023\/03\/ECOCRUISER_5.png\",\"width\":234,\"height\":91,\"caption\":\"Ecocruiser\"},\"image\":{\"@id\":\"https:\/\/projekt.vombat.ee\/eco\/#\/schema\/logo\/image\/\"}}]}<\/script>\n<!-- \/ Yoast SEO plugin. -->","yoast_head_json":{"title":"JOBOBIKE Bruno elektriline maastikuratas, 85 km - Ecocruiser","description":"Mitmek\u00fclgne ja d\u00fcnaamiline elektrijalgratas on kokku pandud parimatest saadaolevatest maastikuratta osadest. Ideaalne jalgrattamatkaks.","robots":{"index":"noindex","follow":"follow","max-snippet":"max-snippet:-1","max-image-preview":"max-image-preview:large","max-video-preview":"max-video-preview:-1"},"og_locale":"en_GB","og_type":"article","og_title":"JOBOBIKE Bruno elektriline maastikuratas, 85 km - Ecocruiser","og_description":"Mitmek\u00fclgne ja d\u00fcnaamiline elektrijalgratas on kokku pandud parimatest saadaolevatest maastikuratta osadest. Ideaalne jalgrattamatkaks.","og_url":"https:\/\/projekt.vombat.ee\/eco\/pood\/elektrirattad\/maastikurattad\/jobobike-bruno-elektriline-maastikuratas-130-km\/","og_site_name":"Ecocruiser","article_modified_time":"2024-03-06T13:43:37+00:00","og_image":[{"width":1000,"height":1000,"url":"https:\/\/projekt.vombat.ee\/eco\/wp-content\/uploads\/2024\/02\/Untitled-design-69.png","type":"image\/png"}],"twitter_card":"summary_large_image","twitter_misc":{"Estimated reading time":"4 minutes"},"schema":{"@context":"https:\/\/schema.org","@graph":[{"@type":"WebPage","@id":"https:\/\/projekt.vombat.ee\/eco\/pood\/elektrirattad\/maastikurattad\/jobobike-bruno-elektriline-maastikuratas-130-km\/","url":"https:\/\/projekt.vombat.ee\/eco\/pood\/elektrirattad\/maastikurattad\/jobobike-bruno-elektriline-maastikuratas-130-km\/","name":"JOBOBIKE Bruno elektriline maastikuratas, 85 km - Ecocruiser","isPartOf":{"@id":"https:\/\/projekt.vombat.ee\/eco\/#website"},"primaryImageOfPage":{"@id":"https:\/\/projekt.vombat.ee\/eco\/pood\/elektrirattad\/maastikurattad\/jobobike-bruno-elektriline-maastikuratas-130-km\/#primaryimage"},"image":{"@id":"https:\/\/projekt.vombat.ee\/eco\/pood\/elektrirattad\/maastikurattad\/jobobike-bruno-elektriline-maastikuratas-130-km\/#primaryimage"},"thumbnailUrl":"https:\/\/projekt.vombat.ee\/eco\/wp-content\/uploads\/2024\/02\/Untitled-design-69.png","datePublished":"2024-02-16T12:31:05+00:00","dateModified":"2024-03-06T13:43:37+00:00","description":"Mitmek\u00fclgne ja d\u00fcnaamiline elektrijalgratas on kokku pandud parimatest saadaolevatest maastikuratta osadest. Ideaalne jalgrattamatkaks.","breadcrumb":{"@id":"https:\/\/projekt.vombat.ee\/eco\/pood\/elektrirattad\/maastikurattad\/jobobike-bruno-elektriline-maastikuratas-130-km\/#breadcrumb"},"inLanguage":"en-GB","potentialAction":[{"@type":"ReadAction","target":["https:\/\/projekt.vombat.ee\/eco\/pood\/elektrirattad\/maastikurattad\/jobobike-bruno-elektriline-maastikuratas-130-km\/"]}]},{"@type":"ImageObject","inLanguage":"en-GB","@id":"https:\/\/projekt.vombat.ee\/eco\/pood\/elektrirattad\/maastikurattad\/jobobike-bruno-elektriline-maastikuratas-130-km\/#primaryimage","url":"https:\/\/projekt.vombat.ee\/eco\/wp-content\/uploads\/2024\/02\/Untitled-design-69.png","contentUrl":"https:\/\/projekt.vombat.ee\/eco\/wp-content\/uploads\/2024\/02\/Untitled-design-69.png","width":1000,"height":1000},{"@type":"BreadcrumbList","@id":"https:\/\/projekt.vombat.ee\/eco\/pood\/elektrirattad\/maastikurattad\/jobobike-bruno-elektriline-maastikuratas-130-km\/#breadcrumb","itemListElement":[{"@type":"ListItem","position":1,"name":"Home","item":"https:\/\/projekt.vombat.ee\/eco\/"},{"@type":"ListItem","position":2,"name":"Pood","item":"https:\/\/projekt.vombat.ee\/eco\/pood\/"},{"@type":"ListItem","position":3,"name":"JOBOBIKE Bruno elektriline maastikuratas, 85 km"}]},{"@type":"WebSite","@id":"https:\/\/projekt.vombat.ee\/eco\/#website","url":"https:\/\/projekt.vombat.ee\/eco\/","name":"Ecocruiser","description":"","publisher":{"@id":"https:\/\/projekt.vombat.ee\/eco\/#organization"},"potentialAction":[{"@type":"SearchAction","target":{"@type":"EntryPoint","urlTemplate":"https:\/\/projekt.vombat.ee\/eco\/?s={search_term_string}"},"query-input":{"@type":"PropertyValueSpecification","valueRequired":true,"valueName":"search_term_string"}}],"inLanguage":"en-GB"},{"@type":"Organization","@id":"https:\/\/projekt.vombat.ee\/eco\/#organization","name":"Ecocruiser","url":"https:\/\/projekt.vombat.ee\/eco\/","logo":{"@type":"ImageObject","inLanguage":"en-GB","@id":"https:\/\/projekt.vombat.ee\/eco\/#\/schema\/logo\/image\/","url":"https:\/\/projekt.vombat.ee\/eco\/wp-content\/uploads\/2023\/03\/ECOCRUISER_5.png","contentUrl":"https:\/\/projekt.vombat.ee\/eco\/wp-content\/uploads\/2023\/03\/ECOCRUISER_5.png","width":234,"height":91,"caption":"Ecocruiser"},"image":{"@id":"https:\/\/projekt.vombat.ee\/eco\/#\/schema\/logo\/image\/"}}]}},"lang":"et","translations":{"et":14384},"pll_sync_post":[],"_links":{"self":[{"href":"https:\/\/projekt.vombat.ee\/eco\/wp-json\/wp\/v2\/product\/14384"}],"collection":[{"href":"https:\/\/projekt.vombat.ee\/eco\/wp-json\/wp\/v2\/product"}],"about":[{"href":"https:\/\/projekt.vombat.ee\/eco\/wp-json\/wp\/v2\/types\/product"}],"version-history":[{"count":3,"href":"https:\/\/projekt.vombat.ee\/eco\/wp-json\/wp\/v2\/product\/14384\/revisions"}],"predecessor-version":[{"id":15019,"href":"https:\/\/projekt.vombat.ee\/eco\/wp-json\/wp\/v2\/product\/14384\/revisions\/15019"}],"wp:featuredmedia":[{"embeddable":true,"href":"https:\/\/projekt.vombat.ee\/eco\/wp-json\/wp\/v2\/media\/15018"}],"wp:attachment":[{"href":"https:\/\/projekt.vombat.ee\/eco\/wp-json\/wp\/v2\/media?parent=14384"}],"wp:term":[{"taxonomy":"product_cat","embeddable":true,"href":"https:\/\/projekt.vombat.ee\/eco\/wp-json\/wp\/v2\/product_cat?post=14384"},{"taxonomy":"product_tag","embeddable":true,"href":"https:\/\/projekt.vombat.ee\/eco\/wp-json\/wp\/v2\/product_tag?post=14384"}],"curies":[{"name":"wp","href":"https:\/\/api.w.org\/{rel}","templated":true}]}}