{"id":14372,"date":"2024-02-16T09:40:06","date_gmt":"2024-02-16T09:40:06","guid":{"rendered":"https:\/\/projekt.vombat.ee\/eco\/?post_type=product&#038;p=14372"},"modified":"2024-03-06T13:44:03","modified_gmt":"2024-03-06T13:44:03","slug":"jobobike-commuter-elektrijalgratas","status":"publish","type":"product","link":"https:\/\/projekt.vombat.ee\/eco\/pood\/elektrirattad\/linnarattad\/jobobike-commuter-elektrijalgratas\/","title":{"rendered":"JOBOBIKE Commuter elektrijalgratas, 90 km"},"content":{"rendered":"<h3>JOBOBIKE Commuter elektrijalgratas<\/h3>\n<p>Commuter on JOBOBIKE uue disainiga elektriline linnaratas. Sellel on elegantne raam, uus spetsiaalne Samsungi aku, h\u00fcdrauliline ketaspiduris\u00fcsteem turvaliseks ja mugavaks s\u00f5iduks ning 7-k\u00e4iguline Shimano tagumine k\u00e4iguvahetaja.<\/p>\n<p><img fetchpriority=\"high\" decoding=\"async\" class=\"\" src=\"https:\/\/www.jobobike.eu\/uploads\/file\/20230818\/14\/jobobike-city-electric-bicycle-commuter1.webp\" width=\"1092\" height=\"403\" \/><\/p>\n<p>&nbsp;<\/p>\n<p><strong>INFO<\/strong><\/p>\n<ul>\n<li><strong>Br\u00e4nd:<\/strong> Jobobike<\/li>\n<li><strong>Tippkiirus<\/strong>: 25 km\/h<\/li>\n<li><strong>S\u00f5iduulatus<\/strong>: Kuni 90 kilomeetrit \u00fche laadimisega, ideaalne pikemateks s\u00f5itudeks v\u00f5i igap\u00e4evaseks pendeldamiseks<\/li>\n<li><strong>Aku<\/strong>: V\u00f5imas Samsungi liitiumioonaku pingega 36V ja v\u00f5imsusega 18,2Ah tagab ratta pikema eluea ja suurema s\u00f5iduulatuse.<\/li>\n<\/ul>\n<p><img decoding=\"async\" class=\"\" src=\"https:\/\/www.jobobike.eu\/uploads\/file\/20230818\/14\/jobobike-commuter-citybike.webp\" alt=\"V\u00d5IMAS SAMSUNGI AKU\" width=\"930\" height=\"618\" \/><\/p>\n<p>&nbsp;<\/p>\n<ul>\n<li><strong>Mootori nimiv\u00f5imsus<\/strong>: 48V250W harjadeta mootor ja maksimaalne p\u00f6\u00f6rdemoment 45 Nm.<\/li>\n<li><strong>Pedaaliabi &#8211;<\/strong> Intelligentne 5-tasemeline pedaaliabi<\/li>\n<li><strong>Pedaalid<\/strong> &#8211; Wellgo<\/li>\n<li><strong>Amortisaator<\/strong> &#8211; h\u00fcdrauliline amortisaator<\/li>\n<\/ul>\n<p><img decoding=\"async\" class=\"\" src=\"https:\/\/www.jobobike.eu\/uploads\/image\/20230721\/14\/commuter%E8%AF%A6%E6%83%85%E9%A1%B5_33.jpg\" alt=\"H\u00fcdrauliline amortisaator\" width=\"943\" height=\"749\" \/><\/p>\n<ul>\n<li><strong>Pidurid &#8211;<\/strong> Bengali h\u00fcdraulilised ketaspidurid<\/li>\n<\/ul>\n<p><img loading=\"lazy\" decoding=\"async\" class=\"\" src=\"https:\/\/www.jobobike.eu\/uploads\/image\/20230721\/14\/commuter%E8%AF%A6%E6%83%85%E9%A1%B5_21.jpg\" alt=\"Ketaspidurid\" width=\"942\" height=\"748\" \/><\/p>\n<ul>\n<li><strong>Rehvid<\/strong>: KENDA\u00a0 26&#8243; x 1,95&#8243; \u00f5hkrehvid, helkurribadega, torkekindlad, suudavad kohaneda erineva s\u00f5idukeskkonnaga, nagu lumetee, liivatee, pinnastee, kruusatee ja ka sile maastik.<\/li>\n<\/ul>\n<p><img loading=\"lazy\" decoding=\"async\" class=\"\" src=\"https:\/\/www.jobobike.eu\/uploads\/image\/20230721\/14\/commuter%E8%AF%A6%E6%83%85%E9%A1%B5_19.jpg\" alt=\"KENDA 26&quot;*1,95&quot;\" width=\"944\" height=\"748\" \/><\/p>\n<p>&nbsp;<\/p>\n<ul>\n<li><strong>Kaal<\/strong>: 35,5 kg<\/li>\n<li><strong>Maksimaalne kandev\u00f5ime<\/strong>: 120 kg, toetab erineva kaaluga s\u00f5itjaid.<\/li>\n<li><strong>S\u00f5itja pikkus<\/strong>: 160-180 cm<\/li>\n<li><strong>Laadija<\/strong>: AC180-240V DC36V 3,0A<\/li>\n<li><strong>K\u00e4igukast:<\/strong> Shimano 7-k\u00e4iguline k\u00e4iguvahetuss\u00fcsteem muudab \u00fclesm\u00e4ge s\u00f5itmise lihtsaks.<\/li>\n<\/ul>\n<p><img loading=\"lazy\" decoding=\"async\" class=\"\" src=\"https:\/\/www.jobobike.eu\/uploads\/image\/20230721\/14\/commuter%E8%AF%A6%E6%83%85%E9%A1%B5_29.jpg\" alt=\"Shimano 7-k\u00e4iguline k\u00e4iguvahetaja\" width=\"931\" height=\"740\" \/><\/p>\n<ul>\n<li><strong>Ekraan<\/strong>: V\u00e4rviline LCD-ekraan k\u00f5igi vajalike andmetega, varustatud USB pordiga.<\/li>\n<\/ul>\n<p><img loading=\"lazy\" decoding=\"async\" class=\"\" src=\"https:\/\/www.jobobike.eu\/uploads\/image\/20230504\/15\/romer-display.jpg\" alt=\"Elektriline LCD ekraan\" width=\"932\" height=\"668\" \/><\/p>\n<p>&nbsp;<\/p>\n<ul>\n<li><strong>Tuled<\/strong>: Atraktiivne ja automaatne tagumine pidurituli ja hele LED-valgusti reflektoriga esituli.<\/li>\n<\/ul>\n<p><img decoding=\"async\" src=\"https:\/\/www.jobobike.eu\/uploads\/image\/20230706\/13\/jobobike-commuter-light.jpg\" alt=\"JOBOBIKE Pendelr\u00e4ndur\" \/><\/p>\n<p>&nbsp;<\/p>\n<p><img loading=\"lazy\" decoding=\"async\" class=\"\" src=\"https:\/\/www.jobobike.eu\/uploads\/image\/20230510\/09\/1fd56e140de0e7cf610ab89735accb02.jpg\" alt=\"JOBOBIKE Romer\" width=\"918\" height=\"918\" \/><\/p>\n<ul>\n<li><strong>Juhtraud: <\/strong>Alumiiniumisulamist 645mm<\/li>\n<li><strong>Sadul:<\/strong> Velo nahast mugav sadul, k\u00f5rgus 82-102 cm ja k\u00e4epidemed.<\/li>\n<\/ul>\n<p><img loading=\"lazy\" decoding=\"async\" class=\"\" src=\"https:\/\/www.jobobike.eu\/uploads\/file\/20230818\/14\/jobobike-commuter-citybike-3.webp\" alt=\"STABIILSEM JA MUGAVAM\" width=\"924\" height=\"614\" \/><\/p>\n<p><img decoding=\"async\" src=\"https:\/\/www.jobobike.eu\/uploads\/image\/20230706\/13\/jobobike-commuter-lenker.jpg\" alt=\"JOBOBIKE Pendelr\u00e4ndur\" \/><\/p>\n<ul>\n<li><strong>Pedaalid:<\/strong> Wellgo sulamist<\/li>\n<li><strong>Veekindel juhtmestik<\/strong>: vastupidav ja lihtsalt puhastatav<\/li>\n<\/ul>\n<p><img loading=\"lazy\" decoding=\"async\" class=\"\" src=\"https:\/\/www.jobobike.eu\/uploads\/image\/20230721\/14\/commuter%E8%AF%A6%E6%83%85%E9%A1%B5_30.jpg\" alt=\"Veekindel kaabeldus\" width=\"923\" height=\"733\" \/><\/p>\n<ul>\n<li><strong>Kiirkinnitusega pakihoidik<\/strong> lapseistme kinnitamiseks, lisaks esikorv.<\/li>\n<\/ul>\n<p><img loading=\"lazy\" decoding=\"async\" class=\"\" src=\"https:\/\/www.jobobike.eu\/uploads\/file\/20230818\/14\/jobobike-commuter-citybike-2.webp\" alt=\"MITMESUGUSED FUNKTSIOONID\" width=\"925\" height=\"615\" \/><\/p>\n<p>&nbsp;<\/p>\n<p>&nbsp;<\/p>\n<p>&nbsp;<\/p>\n<p>&nbsp;<\/p>\n<p>&nbsp;<\/p>\n","protected":false},"excerpt":{"rendered":"<h3>JOBOBIKE Commuter elektrijalgratas<\/h3>\n<ul>\n<li style=\"list-style-type: none;\">\n<ul>\n<li>M\u00f5\u00f5dud:: 118 *185 cm, ei ole kokkupandav<\/li>\n<li>Reguleeritav istme k\u00f5rgus: 82-102 cm<\/li>\n<li>Juhtraua k\u00f5rgus: 118 cm<\/li>\n<li>Juhtraud: Alumiiniumisulam 645mm<\/li>\n<li>Rehvim\u00f5\u00f5t: 26&#8243; x 1,95&#8243; \u00f5hkrehvid<\/li>\n<li>Soovitatav s\u00f5itja pikkus: 160-180 cm<\/li>\n<li>Netokaal: 35,5 kg<\/li>\n<li>Kandev\u00f5ime: 120 kg<\/li>\n<li>Raami materjal: alumiiniumsulam<\/li>\n<li>S\u00f5iduulatus: kuni 90 km<\/li>\n<li>Aku: 36V 18,2Ah Samsungi liitiumaku<\/li>\n<li>Mootori nimiv\u00f5imsus: (W) 250W<\/li>\n<li>Maksimaalne p\u00f6\u00f6rdemoment: (N.m) 45N.m<\/li>\n<li>Ekraani t\u00fc\u00fcp: v\u00e4rviline LCD ekraan<\/li>\n<li>K\u00e4igukast: Shimano 7S<\/li>\n<li>Piduri t\u00fc\u00fcp: Bengali h\u00fcdrauliline ketaspidur<\/li>\n<li>Sobilik s\u00f5itjale pikkusega 160-185cm<\/li>\n<\/ul>\n<\/li>\n<\/ul>\n<p>&nbsp;<\/p>\n<p><strong>Tarneaeg: 2-6 p\u00e4eva<\/strong><\/p>\n<p><strong>Laos<\/strong><\/p>\n","protected":false},"featured_media":14491,"template":"","meta":[],"product_cat":[52,903],"product_tag":[],"class_list":{"0":"post-14372","1":"product","2":"type-product","3":"status-publish","4":"has-post-thumbnail","6":"product_cat-elektrirattad","7":"product_cat-linnarattad","8":"product_shipping_class-suured-pakid","10":"first","11":"instock","12":"sale","13":"taxable","14":"shipping-taxable","15":"purchasable","16":"product-type-variable"},"yoast_head":"<!-- This site is optimized with the Yoast SEO plugin v23.8 - https:\/\/yoast.com\/wordpress\/plugins\/seo\/ -->\n<title>JOBOBIKE Commuter elektrijalgratas, 90 km - Ecocruiser<\/title>\n<meta name=\"description\" content=\"Uue disainiga elektrilisel linnarattal on elegantne raam, spetsiaalne Samsungi aku, h\u00fcdrauliline ketaspiduris\u00fcsteem turvaliseks ja mugavaks s\u00f5iduks.\" \/>\n<meta name=\"robots\" content=\"noindex, follow, max-snippet:-1, max-image-preview:large, max-video-preview:-1\" \/>\n<meta property=\"og:locale\" content=\"en_GB\" \/>\n<meta property=\"og:type\" content=\"article\" \/>\n<meta property=\"og:title\" content=\"JOBOBIKE Commuter elektrijalgratas, 90 km - Ecocruiser\" \/>\n<meta property=\"og:description\" content=\"Uue disainiga elektrilisel linnarattal on elegantne raam, spetsiaalne Samsungi aku, h\u00fcdrauliline ketaspiduris\u00fcsteem turvaliseks ja mugavaks s\u00f5iduks.\" \/>\n<meta property=\"og:url\" content=\"https:\/\/projekt.vombat.ee\/eco\/pood\/elektrirattad\/linnarattad\/jobobike-commuter-elektrijalgratas\/\" \/>\n<meta property=\"og:site_name\" content=\"Ecocruiser\" \/>\n<meta property=\"article:modified_time\" content=\"2024-03-06T13:44:03+00:00\" \/>\n<meta property=\"og:image\" content=\"https:\/\/projekt.vombat.ee\/eco\/wp-content\/uploads\/2024\/02\/Untitled-design-45-1.png\" \/>\n\t<meta property=\"og:image:width\" content=\"1000\" \/>\n\t<meta property=\"og:image:height\" content=\"1000\" \/>\n\t<meta property=\"og:image:type\" content=\"image\/png\" \/>\n<meta name=\"twitter:card\" content=\"summary_large_image\" \/>\n<meta name=\"twitter:label1\" content=\"Estimated reading time\" \/>\n\t<meta name=\"twitter:data1\" content=\"4 minutes\" \/>\n<script type=\"application\/ld+json\" class=\"yoast-schema-graph\">{\"@context\":\"https:\/\/schema.org\",\"@graph\":[{\"@type\":\"WebPage\",\"@id\":\"https:\/\/projekt.vombat.ee\/eco\/pood\/elektrirattad\/linnarattad\/jobobike-commuter-elektrijalgratas\/\",\"url\":\"https:\/\/projekt.vombat.ee\/eco\/pood\/elektrirattad\/linnarattad\/jobobike-commuter-elektrijalgratas\/\",\"name\":\"JOBOBIKE Commuter elektrijalgratas, 90 km - Ecocruiser\",\"isPartOf\":{\"@id\":\"https:\/\/projekt.vombat.ee\/eco\/#website\"},\"primaryImageOfPage\":{\"@id\":\"https:\/\/projekt.vombat.ee\/eco\/pood\/elektrirattad\/linnarattad\/jobobike-commuter-elektrijalgratas\/#primaryimage\"},\"image\":{\"@id\":\"https:\/\/projekt.vombat.ee\/eco\/pood\/elektrirattad\/linnarattad\/jobobike-commuter-elektrijalgratas\/#primaryimage\"},\"thumbnailUrl\":\"https:\/\/projekt.vombat.ee\/eco\/wp-content\/uploads\/2024\/02\/Untitled-design-45-1.png\",\"datePublished\":\"2024-02-16T09:40:06+00:00\",\"dateModified\":\"2024-03-06T13:44:03+00:00\",\"description\":\"Uue disainiga elektrilisel linnarattal on elegantne raam, spetsiaalne Samsungi aku, h\u00fcdrauliline ketaspiduris\u00fcsteem turvaliseks ja mugavaks s\u00f5iduks.\",\"breadcrumb\":{\"@id\":\"https:\/\/projekt.vombat.ee\/eco\/pood\/elektrirattad\/linnarattad\/jobobike-commuter-elektrijalgratas\/#breadcrumb\"},\"inLanguage\":\"en-GB\",\"potentialAction\":[{\"@type\":\"ReadAction\",\"target\":[\"https:\/\/projekt.vombat.ee\/eco\/pood\/elektrirattad\/linnarattad\/jobobike-commuter-elektrijalgratas\/\"]}]},{\"@type\":\"ImageObject\",\"inLanguage\":\"en-GB\",\"@id\":\"https:\/\/projekt.vombat.ee\/eco\/pood\/elektrirattad\/linnarattad\/jobobike-commuter-elektrijalgratas\/#primaryimage\",\"url\":\"https:\/\/projekt.vombat.ee\/eco\/wp-content\/uploads\/2024\/02\/Untitled-design-45-1.png\",\"contentUrl\":\"https:\/\/projekt.vombat.ee\/eco\/wp-content\/uploads\/2024\/02\/Untitled-design-45-1.png\",\"width\":1000,\"height\":1000},{\"@type\":\"BreadcrumbList\",\"@id\":\"https:\/\/projekt.vombat.ee\/eco\/pood\/elektrirattad\/linnarattad\/jobobike-commuter-elektrijalgratas\/#breadcrumb\",\"itemListElement\":[{\"@type\":\"ListItem\",\"position\":1,\"name\":\"Home\",\"item\":\"https:\/\/projekt.vombat.ee\/eco\/\"},{\"@type\":\"ListItem\",\"position\":2,\"name\":\"Pood\",\"item\":\"https:\/\/projekt.vombat.ee\/eco\/pood\/\"},{\"@type\":\"ListItem\",\"position\":3,\"name\":\"JOBOBIKE Commuter elektrijalgratas, 90 km\"}]},{\"@type\":\"WebSite\",\"@id\":\"https:\/\/projekt.vombat.ee\/eco\/#website\",\"url\":\"https:\/\/projekt.vombat.ee\/eco\/\",\"name\":\"Ecocruiser\",\"description\":\"\",\"publisher\":{\"@id\":\"https:\/\/projekt.vombat.ee\/eco\/#organization\"},\"potentialAction\":[{\"@type\":\"SearchAction\",\"target\":{\"@type\":\"EntryPoint\",\"urlTemplate\":\"https:\/\/projekt.vombat.ee\/eco\/?s={search_term_string}\"},\"query-input\":{\"@type\":\"PropertyValueSpecification\",\"valueRequired\":true,\"valueName\":\"search_term_string\"}}],\"inLanguage\":\"en-GB\"},{\"@type\":\"Organization\",\"@id\":\"https:\/\/projekt.vombat.ee\/eco\/#organization\",\"name\":\"Ecocruiser\",\"url\":\"https:\/\/projekt.vombat.ee\/eco\/\",\"logo\":{\"@type\":\"ImageObject\",\"inLanguage\":\"en-GB\",\"@id\":\"https:\/\/projekt.vombat.ee\/eco\/#\/schema\/logo\/image\/\",\"url\":\"https:\/\/projekt.vombat.ee\/eco\/wp-content\/uploads\/2023\/03\/ECOCRUISER_5.png\",\"contentUrl\":\"https:\/\/projekt.vombat.ee\/eco\/wp-content\/uploads\/2023\/03\/ECOCRUISER_5.png\",\"width\":234,\"height\":91,\"caption\":\"Ecocruiser\"},\"image\":{\"@id\":\"https:\/\/projekt.vombat.ee\/eco\/#\/schema\/logo\/image\/\"}}]}<\/script>\n<!-- \/ Yoast SEO plugin. -->","yoast_head_json":{"title":"JOBOBIKE Commuter elektrijalgratas, 90 km - Ecocruiser","description":"Uue disainiga elektrilisel linnarattal on elegantne raam, spetsiaalne Samsungi aku, h\u00fcdrauliline ketaspiduris\u00fcsteem turvaliseks ja mugavaks s\u00f5iduks.","robots":{"index":"noindex","follow":"follow","max-snippet":"max-snippet:-1","max-image-preview":"max-image-preview:large","max-video-preview":"max-video-preview:-1"},"og_locale":"en_GB","og_type":"article","og_title":"JOBOBIKE Commuter elektrijalgratas, 90 km - Ecocruiser","og_description":"Uue disainiga elektrilisel linnarattal on elegantne raam, spetsiaalne Samsungi aku, h\u00fcdrauliline ketaspiduris\u00fcsteem turvaliseks ja mugavaks s\u00f5iduks.","og_url":"https:\/\/projekt.vombat.ee\/eco\/pood\/elektrirattad\/linnarattad\/jobobike-commuter-elektrijalgratas\/","og_site_name":"Ecocruiser","article_modified_time":"2024-03-06T13:44:03+00:00","og_image":[{"width":1000,"height":1000,"url":"https:\/\/projekt.vombat.ee\/eco\/wp-content\/uploads\/2024\/02\/Untitled-design-45-1.png","type":"image\/png"}],"twitter_card":"summary_large_image","twitter_misc":{"Estimated reading time":"4 minutes"},"schema":{"@context":"https:\/\/schema.org","@graph":[{"@type":"WebPage","@id":"https:\/\/projekt.vombat.ee\/eco\/pood\/elektrirattad\/linnarattad\/jobobike-commuter-elektrijalgratas\/","url":"https:\/\/projekt.vombat.ee\/eco\/pood\/elektrirattad\/linnarattad\/jobobike-commuter-elektrijalgratas\/","name":"JOBOBIKE Commuter elektrijalgratas, 90 km - Ecocruiser","isPartOf":{"@id":"https:\/\/projekt.vombat.ee\/eco\/#website"},"primaryImageOfPage":{"@id":"https:\/\/projekt.vombat.ee\/eco\/pood\/elektrirattad\/linnarattad\/jobobike-commuter-elektrijalgratas\/#primaryimage"},"image":{"@id":"https:\/\/projekt.vombat.ee\/eco\/pood\/elektrirattad\/linnarattad\/jobobike-commuter-elektrijalgratas\/#primaryimage"},"thumbnailUrl":"https:\/\/projekt.vombat.ee\/eco\/wp-content\/uploads\/2024\/02\/Untitled-design-45-1.png","datePublished":"2024-02-16T09:40:06+00:00","dateModified":"2024-03-06T13:44:03+00:00","description":"Uue disainiga elektrilisel linnarattal on elegantne raam, spetsiaalne Samsungi aku, h\u00fcdrauliline ketaspiduris\u00fcsteem turvaliseks ja mugavaks s\u00f5iduks.","breadcrumb":{"@id":"https:\/\/projekt.vombat.ee\/eco\/pood\/elektrirattad\/linnarattad\/jobobike-commuter-elektrijalgratas\/#breadcrumb"},"inLanguage":"en-GB","potentialAction":[{"@type":"ReadAction","target":["https:\/\/projekt.vombat.ee\/eco\/pood\/elektrirattad\/linnarattad\/jobobike-commuter-elektrijalgratas\/"]}]},{"@type":"ImageObject","inLanguage":"en-GB","@id":"https:\/\/projekt.vombat.ee\/eco\/pood\/elektrirattad\/linnarattad\/jobobike-commuter-elektrijalgratas\/#primaryimage","url":"https:\/\/projekt.vombat.ee\/eco\/wp-content\/uploads\/2024\/02\/Untitled-design-45-1.png","contentUrl":"https:\/\/projekt.vombat.ee\/eco\/wp-content\/uploads\/2024\/02\/Untitled-design-45-1.png","width":1000,"height":1000},{"@type":"BreadcrumbList","@id":"https:\/\/projekt.vombat.ee\/eco\/pood\/elektrirattad\/linnarattad\/jobobike-commuter-elektrijalgratas\/#breadcrumb","itemListElement":[{"@type":"ListItem","position":1,"name":"Home","item":"https:\/\/projekt.vombat.ee\/eco\/"},{"@type":"ListItem","position":2,"name":"Pood","item":"https:\/\/projekt.vombat.ee\/eco\/pood\/"},{"@type":"ListItem","position":3,"name":"JOBOBIKE Commuter elektrijalgratas, 90 km"}]},{"@type":"WebSite","@id":"https:\/\/projekt.vombat.ee\/eco\/#website","url":"https:\/\/projekt.vombat.ee\/eco\/","name":"Ecocruiser","description":"","publisher":{"@id":"https:\/\/projekt.vombat.ee\/eco\/#organization"},"potentialAction":[{"@type":"SearchAction","target":{"@type":"EntryPoint","urlTemplate":"https:\/\/projekt.vombat.ee\/eco\/?s={search_term_string}"},"query-input":{"@type":"PropertyValueSpecification","valueRequired":true,"valueName":"search_term_string"}}],"inLanguage":"en-GB"},{"@type":"Organization","@id":"https:\/\/projekt.vombat.ee\/eco\/#organization","name":"Ecocruiser","url":"https:\/\/projekt.vombat.ee\/eco\/","logo":{"@type":"ImageObject","inLanguage":"en-GB","@id":"https:\/\/projekt.vombat.ee\/eco\/#\/schema\/logo\/image\/","url":"https:\/\/projekt.vombat.ee\/eco\/wp-content\/uploads\/2023\/03\/ECOCRUISER_5.png","contentUrl":"https:\/\/projekt.vombat.ee\/eco\/wp-content\/uploads\/2023\/03\/ECOCRUISER_5.png","width":234,"height":91,"caption":"Ecocruiser"},"image":{"@id":"https:\/\/projekt.vombat.ee\/eco\/#\/schema\/logo\/image\/"}}]}},"lang":"et","translations":{"et":14372},"pll_sync_post":[],"_links":{"self":[{"href":"https:\/\/projekt.vombat.ee\/eco\/wp-json\/wp\/v2\/product\/14372"}],"collection":[{"href":"https:\/\/projekt.vombat.ee\/eco\/wp-json\/wp\/v2\/product"}],"about":[{"href":"https:\/\/projekt.vombat.ee\/eco\/wp-json\/wp\/v2\/types\/product"}],"version-history":[{"count":2,"href":"https:\/\/projekt.vombat.ee\/eco\/wp-json\/wp\/v2\/product\/14372\/revisions"}],"predecessor-version":[{"id":14502,"href":"https:\/\/projekt.vombat.ee\/eco\/wp-json\/wp\/v2\/product\/14372\/revisions\/14502"}],"wp:featuredmedia":[{"embeddable":true,"href":"https:\/\/projekt.vombat.ee\/eco\/wp-json\/wp\/v2\/media\/14491"}],"wp:attachment":[{"href":"https:\/\/projekt.vombat.ee\/eco\/wp-json\/wp\/v2\/media?parent=14372"}],"wp:term":[{"taxonomy":"product_cat","embeddable":true,"href":"https:\/\/projekt.vombat.ee\/eco\/wp-json\/wp\/v2\/product_cat?post=14372"},{"taxonomy":"product_tag","embeddable":true,"href":"https:\/\/projekt.vombat.ee\/eco\/wp-json\/wp\/v2\/product_tag?post=14372"}],"curies":[{"name":"wp","href":"https:\/\/api.w.org\/{rel}","templated":true}]}}