{"id":14362,"date":"2024-02-16T07:56:20","date_gmt":"2024-02-16T07:56:20","guid":{"rendered":"https:\/\/projekt.vombat.ee\/eco\/?post_type=product&#038;p=14362"},"modified":"2024-03-06T13:51:42","modified_gmt":"2024-03-06T13:51:42","slug":"jobobike-romer","status":"publish","type":"product","link":"https:\/\/projekt.vombat.ee\/eco\/pood\/elektrirattad\/linnarattad\/jobobike-romer\/","title":{"rendered":"JOBOBIKE Romer elektrijalgratas, 80km"},"content":{"rendered":"<h1>JOBOBIKE Romer universaalne elektrijalgratas<\/h1>\n<p>&nbsp;<\/p>\n<p>Romer on JOBOBIKE&#8217;i uus elektriline jalgratas on m\u00f5eldud aktiivsematele s\u00f5itjatele. T\u00e4nu mugavale kokkupandavale disainile saate seda h\u00f5lpsasti transportida. Rattale saab vastavalt vajadusele kohandada erinevaid lisaseadmeid, nagu haagis, lapse iste, korv jne.<\/p>\n<p>&nbsp;<\/p>\n<p><img fetchpriority=\"high\" decoding=\"async\" class=\"\" src=\"https:\/\/www.jobobike.eu\/uploads\/image\/20230524\/15\/7d383f71216879ff0ba5fd29c7b39b71.jpg\" alt=\"JOBOBIKE Romer\" width=\"1032\" height=\"688\" \/><\/p>\n<p><strong>INFO<\/strong><\/p>\n<ul>\n<li><strong>Br\u00e4nd:<\/strong> Jobobike<\/li>\n<li><strong>Tippkiirus<\/strong>: 25 km\/h<\/li>\n<li><strong>S\u00f5iduulatus<\/strong>: Kuni 80 kilomeetrit \u00fche laadimisega, ideaalne pikemateks s\u00f5itudeks v\u00f5i igap\u00e4evaseks pendeldamiseks<\/li>\n<li><strong>Aku<\/strong>: 48V 11,6Ah\/14Ah liitiumaku. Atraktiivse v\u00e4limusega, vee- ja tolmukindel sisseehitatud aku on kaitstud v\u00e4liste kahjustuste eest.<\/li>\n<\/ul>\n<p><img decoding=\"async\" class=\"\" src=\"https:\/\/www.jobobike.eu\/uploads\/image\/20230504\/15\/romer-battery.jpg\" alt=\"Sisseehitatud aku\" width=\"987\" height=\"707\" \/><\/p>\n<p>&nbsp;<\/p>\n<ul>\n<li><strong>Mootori nimiv\u00f5imsus<\/strong>: 48V250W harjadeta mootor ja maksimaalne p\u00f6\u00f6rdemoment 80 Nm v\u00f5imaldavad toime tulla mistahes maastikul.<\/li>\n<\/ul>\n<p><img decoding=\"async\" class=\"\" src=\"https:\/\/www.jobobike.eu\/uploads\/image\/20230504\/15\/jobobike-romer-detail1.jpg\" alt=\"V\u00f5imas mootor\" width=\"984\" height=\"705\" \/><\/p>\n<p>&nbsp;<\/p>\n<ul>\n<li><strong>Kokkupandav disain.\u00a0<\/strong><\/li>\n<\/ul>\n<p><img loading=\"lazy\" decoding=\"async\" class=\"\" src=\"https:\/\/www.jobobike.eu\/uploads\/image\/20230510\/09\/bb1459c740c34b6f2a932807e847fc20.jpg\" alt=\"JOBOBIKE Romer\" width=\"1005\" height=\"670\" \/><\/p>\n<ul>\n<li><strong>Pedaaliabi &#8211;<\/strong> Intelligentne 5-tasemeline pedaaliabi koos p\u00f6\u00f6rdemomendianduriga<\/li>\n<li><strong>Drosseliklapp<\/strong> &#8211; Drossel sisse\/v\u00e4lja nupuga<\/li>\n<li><strong>Pidurid &#8211;<\/strong> Tektro mehaaniline ketaspidur<\/li>\n<li><strong>Rehvid<\/strong>: CST 20&#8243; x 4,0&#8243; \u00f5hkrehvid, helkurribadega, torkekindlad suudavad kohaneda erineva s\u00f5idukeskkonnaga, nagu lumetee, liivatee, pinnastee, kruusatee ja ka sile maastik. T\u00e4nu valuvelgedele v\u00f5imaldab ratta inerts kiiret s\u00f5itu ja head reageerimisv\u00f5imet, tasasel pinnal p\u00fcrgib suuremaid kiirusi ning tasase profiili ja v\u00e4iksema takistusega rehv muudab ratta linnas\u00f5iduks sobivamaks.<\/li>\n<\/ul>\n<p>&nbsp;<\/p>\n<p><img loading=\"lazy\" decoding=\"async\" class=\"\" src=\"https:\/\/www.jobobike.eu\/uploads\/image\/20230505\/16\/tire.jpg\" alt=\"K\u00d5RGE KVALITEETSED VALUMVELJED\" width=\"901\" height=\"603\" \/><\/p>\n<ul>\n<li><strong>Kaal<\/strong>: 32 kg<\/li>\n<li><strong>Maksimaalne kandev\u00f5ime<\/strong>: 120 kg, toetab erineva kaaluga s\u00f5itjaid.<\/li>\n<li><strong>S\u00f5itja pikkus<\/strong>: 160-180 cm<\/li>\n<li><strong>Laadija<\/strong>: AC180-240V DC48V 2,0A<\/li>\n<li><strong>K\u00e4igukast:<\/strong> Shimano 7-k\u00e4iguline k\u00e4iguvahetuss\u00fcsteem muudab \u00fclesm\u00e4ge s\u00f5itmise lihtsaks. Kui seda kasutatakse t\u00f5husalt erinevates s\u00f5iduolukordades, v\u00f5ib see aidata parandada aku t\u00f6\u00f6ulatust kuni 15%.<\/li>\n<li><strong>Ekraan<\/strong>: V\u00e4rviline LCD-ekraan k\u00f5igi vajalike andmetega, varustatud USB pordiga.<\/li>\n<\/ul>\n<p><img loading=\"lazy\" decoding=\"async\" class=\"\" src=\"https:\/\/www.jobobike.eu\/uploads\/image\/20230504\/15\/romer-display.jpg\" alt=\"Elektriline LCD ekraan\" width=\"864\" height=\"619\" \/><\/p>\n<p>&nbsp;<\/p>\n<ul>\n<li><strong>Tuled<\/strong>: Atraktiivne ja automaatne tagumine pidurituli ja hele LED-valgusti reflektoriga esituli.<\/li>\n<\/ul>\n<p><img loading=\"lazy\" decoding=\"async\" class=\"\" src=\"https:\/\/www.jobobike.eu\/uploads\/image\/20230504\/15\/romer-taillight.jpg\" alt=\"Piduri tagatuli\" width=\"896\" height=\"642\" \/><\/p>\n<p><img loading=\"lazy\" decoding=\"async\" class=\"\" src=\"https:\/\/www.jobobike.eu\/uploads\/image\/20230510\/09\/1fd56e140de0e7cf610ab89735accb02.jpg\" alt=\"JOBOBIKE Romer\" width=\"918\" height=\"918\" \/><\/p>\n<ul>\n<li><strong>Juhtraud: <\/strong>Alumiiniumisulamist 645mm<\/li>\n<li><strong>Sadul:<\/strong> Velo nahast mugav sadul, k\u00f5rgus 80-100 cm<\/li>\n<li><strong>Pedaalid:<\/strong> Wellgo sulamist<\/li>\n<li><strong>Kinnitusega tagumine raam<\/strong> lasteiste v\u00f5i korvi kinnitamiseks.<\/li>\n<\/ul>\n<p><img loading=\"lazy\" decoding=\"async\" class=\"\" src=\"https:\/\/www.jobobike.eu\/uploads\/image\/20230504\/15\/jobobike-romer-detail2.jpg\" alt=\"Tagumine riiul\" width=\"934\" height=\"669\" \/><\/p>\n<ul>\n<li><strong>Raami materjal<\/strong>: 6061 alumiiniumisulamist madal raam, kahekihiline. See on paksem ja tugevam ning kaitseb akut paremini. Raamkonstruktsioon, mis sobib paremini kasutamiseks keerulisel maastikul.<\/li>\n<\/ul>\n<p><img loading=\"lazy\" decoding=\"async\" class=\"\" src=\"https:\/\/www.jobobike.eu\/uploads\/image\/20230505\/16\/step-thru.jpg\" alt=\"SAMM-L\u00c4BI DISAIN\" width=\"948\" height=\"635\" \/><\/p>\n<p>&nbsp;<\/p>\n<p>&nbsp;<\/p>\n<p>&nbsp;<\/p>\n","protected":false},"excerpt":{"rendered":"<h3>JOBOBIKE Romer universaalne elektrijalgratas<\/h3>\n<ul>\n<li style=\"list-style-type: none;\">\n<ul>\n<li>M\u00f5\u00f5dud:: 130 *175 cm, kokkupandav<\/li>\n<li>Reguleeritav istme k\u00f5rgus: 80-100 cm<\/li>\n<li>Rehvim\u00f5\u00f5t: 20&#8243;*4,0<\/li>\n<li>Soovitatav s\u00f5itja pikkus: 160-180 cm<\/li>\n<li>Netokaal: 32 kg<\/li>\n<li>Kandev\u00f5ime: 120 kg<\/li>\n<li>Raami materjal: alumiiniumsulam<\/li>\n<li>Rehvi t\u00fc\u00fcp: \u00f5hkrehv<\/li>\n<li>S\u00f5iduulatus: kuni 80 km<\/li>\n<li>Aku: 48V 11,6Ah liitiumaku<\/li>\n<li>Mootori nimiv\u00f5imsus: (W) 250W<\/li>\n<li>Maksimaalne p\u00f6\u00f6rdemoment: (N.m) 80Nm<\/li>\n<li>Ekraani t\u00fc\u00fcp: v\u00e4rviline LCD ekraan<\/li>\n<li>K\u00e4igukast: Shimano 7S<\/li>\n<li>Piduri t\u00fc\u00fcp: Tektro mehaaniline ketaspidur<\/li>\n<\/ul>\n<\/li>\n<\/ul>\n<p>&nbsp;<\/p>\n<p><strong>Tarneaeg: 2-6 p\u00e4eva<\/strong><\/p>\n<p><strong>Laos<\/strong><\/p>\n","protected":false},"featured_media":14487,"template":"","meta":[],"product_cat":[52,907,903,905],"product_tag":[],"class_list":{"0":"post-14362","1":"product","2":"type-product","3":"status-publish","4":"has-post-thumbnail","6":"product_cat-elektrirattad","7":"product_cat-kokkupandavad-rattad","8":"product_cat-linnarattad","9":"product_cat-maastikurattad","10":"product_shipping_class-suured-pakid","12":"first","13":"instock","14":"sale","15":"taxable","16":"shipping-taxable","17":"purchasable","18":"product-type-variable"},"yoast_head":"<!-- This site is optimized with the Yoast SEO plugin v23.8 - https:\/\/yoast.com\/wordpress\/plugins\/seo\/ -->\n<title>JOBOBIKE Romer elektrijalgratas, 80km - Ecocruiser<\/title>\n<meta name=\"description\" content=\"Uus elektriline jalgratas aktiivsematele s\u00f5itjatele. Mugav kokkupandav disain lubab h\u00f5lpsasti transportida. Lisaseadmeid- nagu haagis, lapse iste, korv jne.\" \/>\n<meta name=\"robots\" content=\"noindex, follow, max-snippet:-1, max-image-preview:large, max-video-preview:-1\" \/>\n<meta property=\"og:locale\" content=\"en_GB\" \/>\n<meta property=\"og:type\" content=\"article\" \/>\n<meta property=\"og:title\" content=\"JOBOBIKE Romer elektrijalgratas, 80km - Ecocruiser\" \/>\n<meta property=\"og:description\" content=\"Uus elektriline jalgratas aktiivsematele s\u00f5itjatele. Mugav kokkupandav disain lubab h\u00f5lpsasti transportida. Lisaseadmeid- nagu haagis, lapse iste, korv jne.\" \/>\n<meta property=\"og:url\" content=\"https:\/\/projekt.vombat.ee\/eco\/pood\/elektrirattad\/linnarattad\/jobobike-romer\/\" \/>\n<meta property=\"og:site_name\" content=\"Ecocruiser\" \/>\n<meta property=\"article:modified_time\" content=\"2024-03-06T13:51:42+00:00\" \/>\n<meta property=\"og:image\" content=\"https:\/\/projekt.vombat.ee\/eco\/wp-content\/uploads\/2024\/02\/Untitled-design-43-1.png\" \/>\n\t<meta property=\"og:image:width\" content=\"1000\" \/>\n\t<meta property=\"og:image:height\" content=\"1000\" \/>\n\t<meta property=\"og:image:type\" content=\"image\/png\" \/>\n<meta name=\"twitter:card\" content=\"summary_large_image\" \/>\n<meta name=\"twitter:label1\" content=\"Estimated reading time\" \/>\n\t<meta name=\"twitter:data1\" content=\"4 minutes\" \/>\n<script type=\"application\/ld+json\" class=\"yoast-schema-graph\">{\"@context\":\"https:\/\/schema.org\",\"@graph\":[{\"@type\":\"WebPage\",\"@id\":\"https:\/\/projekt.vombat.ee\/eco\/pood\/elektrirattad\/linnarattad\/jobobike-romer\/\",\"url\":\"https:\/\/projekt.vombat.ee\/eco\/pood\/elektrirattad\/linnarattad\/jobobike-romer\/\",\"name\":\"JOBOBIKE Romer elektrijalgratas, 80km - Ecocruiser\",\"isPartOf\":{\"@id\":\"https:\/\/projekt.vombat.ee\/eco\/#website\"},\"primaryImageOfPage\":{\"@id\":\"https:\/\/projekt.vombat.ee\/eco\/pood\/elektrirattad\/linnarattad\/jobobike-romer\/#primaryimage\"},\"image\":{\"@id\":\"https:\/\/projekt.vombat.ee\/eco\/pood\/elektrirattad\/linnarattad\/jobobike-romer\/#primaryimage\"},\"thumbnailUrl\":\"https:\/\/projekt.vombat.ee\/eco\/wp-content\/uploads\/2024\/02\/Untitled-design-43-1.png\",\"datePublished\":\"2024-02-16T07:56:20+00:00\",\"dateModified\":\"2024-03-06T13:51:42+00:00\",\"description\":\"Uus elektriline jalgratas aktiivsematele s\u00f5itjatele. Mugav kokkupandav disain lubab h\u00f5lpsasti transportida. Lisaseadmeid- nagu haagis, lapse iste, korv jne.\",\"breadcrumb\":{\"@id\":\"https:\/\/projekt.vombat.ee\/eco\/pood\/elektrirattad\/linnarattad\/jobobike-romer\/#breadcrumb\"},\"inLanguage\":\"en-GB\",\"potentialAction\":[{\"@type\":\"ReadAction\",\"target\":[\"https:\/\/projekt.vombat.ee\/eco\/pood\/elektrirattad\/linnarattad\/jobobike-romer\/\"]}]},{\"@type\":\"ImageObject\",\"inLanguage\":\"en-GB\",\"@id\":\"https:\/\/projekt.vombat.ee\/eco\/pood\/elektrirattad\/linnarattad\/jobobike-romer\/#primaryimage\",\"url\":\"https:\/\/projekt.vombat.ee\/eco\/wp-content\/uploads\/2024\/02\/Untitled-design-43-1.png\",\"contentUrl\":\"https:\/\/projekt.vombat.ee\/eco\/wp-content\/uploads\/2024\/02\/Untitled-design-43-1.png\",\"width\":1000,\"height\":1000},{\"@type\":\"BreadcrumbList\",\"@id\":\"https:\/\/projekt.vombat.ee\/eco\/pood\/elektrirattad\/linnarattad\/jobobike-romer\/#breadcrumb\",\"itemListElement\":[{\"@type\":\"ListItem\",\"position\":1,\"name\":\"Home\",\"item\":\"https:\/\/projekt.vombat.ee\/eco\/\"},{\"@type\":\"ListItem\",\"position\":2,\"name\":\"Pood\",\"item\":\"https:\/\/projekt.vombat.ee\/eco\/pood\/\"},{\"@type\":\"ListItem\",\"position\":3,\"name\":\"JOBOBIKE Romer elektrijalgratas, 80km\"}]},{\"@type\":\"WebSite\",\"@id\":\"https:\/\/projekt.vombat.ee\/eco\/#website\",\"url\":\"https:\/\/projekt.vombat.ee\/eco\/\",\"name\":\"Ecocruiser\",\"description\":\"\",\"publisher\":{\"@id\":\"https:\/\/projekt.vombat.ee\/eco\/#organization\"},\"potentialAction\":[{\"@type\":\"SearchAction\",\"target\":{\"@type\":\"EntryPoint\",\"urlTemplate\":\"https:\/\/projekt.vombat.ee\/eco\/?s={search_term_string}\"},\"query-input\":{\"@type\":\"PropertyValueSpecification\",\"valueRequired\":true,\"valueName\":\"search_term_string\"}}],\"inLanguage\":\"en-GB\"},{\"@type\":\"Organization\",\"@id\":\"https:\/\/projekt.vombat.ee\/eco\/#organization\",\"name\":\"Ecocruiser\",\"url\":\"https:\/\/projekt.vombat.ee\/eco\/\",\"logo\":{\"@type\":\"ImageObject\",\"inLanguage\":\"en-GB\",\"@id\":\"https:\/\/projekt.vombat.ee\/eco\/#\/schema\/logo\/image\/\",\"url\":\"https:\/\/projekt.vombat.ee\/eco\/wp-content\/uploads\/2023\/03\/ECOCRUISER_5.png\",\"contentUrl\":\"https:\/\/projekt.vombat.ee\/eco\/wp-content\/uploads\/2023\/03\/ECOCRUISER_5.png\",\"width\":234,\"height\":91,\"caption\":\"Ecocruiser\"},\"image\":{\"@id\":\"https:\/\/projekt.vombat.ee\/eco\/#\/schema\/logo\/image\/\"}}]}<\/script>\n<!-- \/ Yoast SEO plugin. -->","yoast_head_json":{"title":"JOBOBIKE Romer elektrijalgratas, 80km - Ecocruiser","description":"Uus elektriline jalgratas aktiivsematele s\u00f5itjatele. Mugav kokkupandav disain lubab h\u00f5lpsasti transportida. Lisaseadmeid- nagu haagis, lapse iste, korv jne.","robots":{"index":"noindex","follow":"follow","max-snippet":"max-snippet:-1","max-image-preview":"max-image-preview:large","max-video-preview":"max-video-preview:-1"},"og_locale":"en_GB","og_type":"article","og_title":"JOBOBIKE Romer elektrijalgratas, 80km - Ecocruiser","og_description":"Uus elektriline jalgratas aktiivsematele s\u00f5itjatele. Mugav kokkupandav disain lubab h\u00f5lpsasti transportida. Lisaseadmeid- nagu haagis, lapse iste, korv jne.","og_url":"https:\/\/projekt.vombat.ee\/eco\/pood\/elektrirattad\/linnarattad\/jobobike-romer\/","og_site_name":"Ecocruiser","article_modified_time":"2024-03-06T13:51:42+00:00","og_image":[{"width":1000,"height":1000,"url":"https:\/\/projekt.vombat.ee\/eco\/wp-content\/uploads\/2024\/02\/Untitled-design-43-1.png","type":"image\/png"}],"twitter_card":"summary_large_image","twitter_misc":{"Estimated reading time":"4 minutes"},"schema":{"@context":"https:\/\/schema.org","@graph":[{"@type":"WebPage","@id":"https:\/\/projekt.vombat.ee\/eco\/pood\/elektrirattad\/linnarattad\/jobobike-romer\/","url":"https:\/\/projekt.vombat.ee\/eco\/pood\/elektrirattad\/linnarattad\/jobobike-romer\/","name":"JOBOBIKE Romer elektrijalgratas, 80km - Ecocruiser","isPartOf":{"@id":"https:\/\/projekt.vombat.ee\/eco\/#website"},"primaryImageOfPage":{"@id":"https:\/\/projekt.vombat.ee\/eco\/pood\/elektrirattad\/linnarattad\/jobobike-romer\/#primaryimage"},"image":{"@id":"https:\/\/projekt.vombat.ee\/eco\/pood\/elektrirattad\/linnarattad\/jobobike-romer\/#primaryimage"},"thumbnailUrl":"https:\/\/projekt.vombat.ee\/eco\/wp-content\/uploads\/2024\/02\/Untitled-design-43-1.png","datePublished":"2024-02-16T07:56:20+00:00","dateModified":"2024-03-06T13:51:42+00:00","description":"Uus elektriline jalgratas aktiivsematele s\u00f5itjatele. Mugav kokkupandav disain lubab h\u00f5lpsasti transportida. Lisaseadmeid- nagu haagis, lapse iste, korv jne.","breadcrumb":{"@id":"https:\/\/projekt.vombat.ee\/eco\/pood\/elektrirattad\/linnarattad\/jobobike-romer\/#breadcrumb"},"inLanguage":"en-GB","potentialAction":[{"@type":"ReadAction","target":["https:\/\/projekt.vombat.ee\/eco\/pood\/elektrirattad\/linnarattad\/jobobike-romer\/"]}]},{"@type":"ImageObject","inLanguage":"en-GB","@id":"https:\/\/projekt.vombat.ee\/eco\/pood\/elektrirattad\/linnarattad\/jobobike-romer\/#primaryimage","url":"https:\/\/projekt.vombat.ee\/eco\/wp-content\/uploads\/2024\/02\/Untitled-design-43-1.png","contentUrl":"https:\/\/projekt.vombat.ee\/eco\/wp-content\/uploads\/2024\/02\/Untitled-design-43-1.png","width":1000,"height":1000},{"@type":"BreadcrumbList","@id":"https:\/\/projekt.vombat.ee\/eco\/pood\/elektrirattad\/linnarattad\/jobobike-romer\/#breadcrumb","itemListElement":[{"@type":"ListItem","position":1,"name":"Home","item":"https:\/\/projekt.vombat.ee\/eco\/"},{"@type":"ListItem","position":2,"name":"Pood","item":"https:\/\/projekt.vombat.ee\/eco\/pood\/"},{"@type":"ListItem","position":3,"name":"JOBOBIKE Romer elektrijalgratas, 80km"}]},{"@type":"WebSite","@id":"https:\/\/projekt.vombat.ee\/eco\/#website","url":"https:\/\/projekt.vombat.ee\/eco\/","name":"Ecocruiser","description":"","publisher":{"@id":"https:\/\/projekt.vombat.ee\/eco\/#organization"},"potentialAction":[{"@type":"SearchAction","target":{"@type":"EntryPoint","urlTemplate":"https:\/\/projekt.vombat.ee\/eco\/?s={search_term_string}"},"query-input":{"@type":"PropertyValueSpecification","valueRequired":true,"valueName":"search_term_string"}}],"inLanguage":"en-GB"},{"@type":"Organization","@id":"https:\/\/projekt.vombat.ee\/eco\/#organization","name":"Ecocruiser","url":"https:\/\/projekt.vombat.ee\/eco\/","logo":{"@type":"ImageObject","inLanguage":"en-GB","@id":"https:\/\/projekt.vombat.ee\/eco\/#\/schema\/logo\/image\/","url":"https:\/\/projekt.vombat.ee\/eco\/wp-content\/uploads\/2023\/03\/ECOCRUISER_5.png","contentUrl":"https:\/\/projekt.vombat.ee\/eco\/wp-content\/uploads\/2023\/03\/ECOCRUISER_5.png","width":234,"height":91,"caption":"Ecocruiser"},"image":{"@id":"https:\/\/projekt.vombat.ee\/eco\/#\/schema\/logo\/image\/"}}]}},"lang":"et","translations":{"et":14362},"pll_sync_post":[],"_links":{"self":[{"href":"https:\/\/projekt.vombat.ee\/eco\/wp-json\/wp\/v2\/product\/14362"}],"collection":[{"href":"https:\/\/projekt.vombat.ee\/eco\/wp-json\/wp\/v2\/product"}],"about":[{"href":"https:\/\/projekt.vombat.ee\/eco\/wp-json\/wp\/v2\/types\/product"}],"version-history":[{"count":3,"href":"https:\/\/projekt.vombat.ee\/eco\/wp-json\/wp\/v2\/product\/14362\/revisions"}],"predecessor-version":[{"id":15025,"href":"https:\/\/projekt.vombat.ee\/eco\/wp-json\/wp\/v2\/product\/14362\/revisions\/15025"}],"wp:featuredmedia":[{"embeddable":true,"href":"https:\/\/projekt.vombat.ee\/eco\/wp-json\/wp\/v2\/media\/14487"}],"wp:attachment":[{"href":"https:\/\/projekt.vombat.ee\/eco\/wp-json\/wp\/v2\/media?parent=14362"}],"wp:term":[{"taxonomy":"product_cat","embeddable":true,"href":"https:\/\/projekt.vombat.ee\/eco\/wp-json\/wp\/v2\/product_cat?post=14362"},{"taxonomy":"product_tag","embeddable":true,"href":"https:\/\/projekt.vombat.ee\/eco\/wp-json\/wp\/v2\/product_tag?post=14362"}],"curies":[{"name":"wp","href":"https:\/\/api.w.org\/{rel}","templated":true}]}}