{"id":14344,"date":"2024-02-29T09:28:56","date_gmt":"2024-02-29T09:28:56","guid":{"rendered":"https:\/\/projekt.vombat.ee\/eco\/?post_type=product&#038;p=14344"},"modified":"2024-05-01T19:36:49","modified_gmt":"2024-05-01T19:36:49","slug":"coswheel-gt20-elektriratas-100-km","status":"publish","type":"product","link":"https:\/\/projekt.vombat.ee\/eco\/pood\/elektrirattad\/linnarattad\/coswheel-gt20-elektriratas-100-km\/","title":{"rendered":"COSWHEEL GT20 elektriratas 100 km"},"content":{"rendered":"<h1>COSWHEEL GT20 elektriratas<\/h1>\n<p>COSWHEEL GT20 on stiilne ja kvaliteetne elektriratas, mis pakub suurep\u00e4rast s\u00f5idukogemust nii linna- kui ka maastikus\u00f5itudeks. IP66 veekindlusega e-ratas on varustatud v\u00f5imsa mootori, topelt\u00f5lipidurite, suuremahulise aku ja v\u00e4rvilise LCD-n\u00e4idikuga. Sellel on ka suurep\u00e4rased omadused nagu tipptasemel disain, vastupidav konstruktsioon ning lai valik v\u00f5imsusi ja funktsioone, mis muudavad s\u00f5idu nauditavaks ja mugavaks. Tutvuge t\u00e4na GT20 usaldusv\u00e4\u00e4rse ja mitmek\u00fclgse elektrirattaga!<\/p>\n<p><strong><img fetchpriority=\"high\" decoding=\"async\" class=\"alignnone\" src=\"https:\/\/c.coswheel.com\/wp-content\/uploads\/2023\/02\/B-GT20-details-01-adjustment-scaled.webp?x-oss-process=image\/interlace,1\/quality,Q_60\" alt=\"COSWHEEL GT20 elektriratas\" width=\"2560\" height=\"1440\" \/><\/strong><\/p>\n<h3>info<\/h3>\n<div class=\"w-full text-token-text-primary\" data-testid=\"conversation-turn-11\">\n<div class=\"px-4 py-2 justify-center text-base md:gap-6 m-auto\">\n<div class=\"flex flex-1 text-base mx-auto gap-3 md:px-5 lg:px-1 xl:px-5 md:max-w-3xl lg:max-w-[40rem] xl:max-w-[48rem] group\">\n<div class=\"relative flex w-full flex-col agent-turn\">\n<div class=\"flex-col gap-1 md:gap-3\">\n<div class=\"flex flex-grow flex-col max-w-full\">\n<div class=\"min-h-[20px] text-message flex flex-col items-start gap-3 whitespace-pre-wrap break-words [.text-message+&amp;]:mt-5 overflow-x-auto\" data-message-author-role=\"assistant\" data-message-id=\"75a48fb2-7c8d-4f19-8dfd-bcd9df0d640b\">\n<div class=\"markdown prose w-full break-words dark:prose-invert dark\">\n<ul>\n<li><strong>Br\u00e4nd:<\/strong> COSWHEEL<\/li>\n<li><strong>Mudel:<\/strong> GT20<\/li>\n<li><strong>L\u00e4bis\u00f5it:<\/strong> 100 km<\/li>\n<li><strong>Mootor:<\/strong> 250W<\/li>\n<li><strong>Materjal:<\/strong> Alumiiniumsulam<\/li>\n<li><strong>Piduris\u00fcsteem:<\/strong>Topeltdiskpidur (ees ja taga)<\/li>\n<li><strong>Aku:<\/strong> 18650 liitiumaku<\/li>\n<li><strong>Aku mahtuvus:<\/strong> 25Ah eemaldatava akuga<\/li>\n<li><strong>P\u00f6\u00f6rdemoment:<\/strong> 80 Nm<\/li>\n<li><strong>T\u00f5usunurk:<\/strong> Umbes 25-30\u00b0<\/li>\n<li><strong>Maksimaalne kiirus:<\/strong> 25 km\/h kiiruse piiramine v\u00f5imalik<\/li>\n<li><strong>N\u00e4idik:<\/strong> Suur 4-tolline v\u00e4rviline LCD-n\u00e4idik<\/li>\n<li><strong>Suunatuli:<\/strong> Tagatuli vasaku ja parema suunaga<\/li>\n<li><strong>Rehvid: <\/strong>20 tolli rannarehv\/lume rehv<\/li>\n<li><strong>Esikahvel<\/strong>: 20-tolline topelt\u00f5la antioks\u00fcdatsiooni ja amordiga esikahvel<\/li>\n<li><strong>Esituled:<\/strong> LED-ingleid esituled koos topelt suunatuledega<\/li>\n<li><strong>Laadimine:<\/strong> 3.5-8 h<\/li>\n<li><strong>Pinge:<\/strong> 110V-240V<\/li>\n<li><strong>K\u00e4igukast:<\/strong> Shimano 7-k\u00e4iguline k\u00e4iguvahetus<\/li>\n<li><strong>Veekindlus<\/strong>: vastab IP66 standardile<\/li>\n<li><strong>Lisad:<\/strong> Eesmised ja tagumised porilauad<\/li>\n<li><strong>V\u00e4rv:<\/strong> Must, hall<\/li>\n<\/ul>\n<p><img decoding=\"async\" class=\"alignnone\" src=\"https:\/\/c.coswheel.com\/wp-content\/uploads\/2023\/02\/B-GT20-details-03-adjustment-scaled.webp?x-oss-process=image\/interlace,1\/quality,Q_60\" alt=\"COSWHEEL GT20\" width=\"2560\" height=\"1440\" \/><\/p>\n<h3>Kaal ja m\u00f5\u00f5tmed<\/h3>\n<ul>\n<li><strong>Kaal:<\/strong> 39 kg<\/li>\n<li><strong>M\u00f5\u00f5tmed:<\/strong> 1800*600*1150 mm<\/li>\n<li><strong>Pakendi m\u00f5\u00f5tmed:<\/strong> 1460*390*860 mm<\/li>\n<li><strong>Maksimaalne koormus:<\/strong> 150 kg<\/li>\n<\/ul>\n<\/div>\n<\/div>\n<\/div>\n<\/div>\n<\/div>\n<\/div>\n<\/div>\n<\/div>\n","protected":false},"excerpt":{"rendered":"<p><strong>COSWHEEL GT20 elektriratas<\/strong><\/p>\n<p>&nbsp;<\/p>\n<ul>\n<li><strong>L\u00e4bis\u00f5it: 100 km<\/strong><\/li>\n<li><strong>Materjal: Alumiiniumsulam<\/strong><\/li>\n<li><strong>Piduris\u00fcsteem:Topeltdiskpidur (ees ja taga)<\/strong><\/li>\n<li><strong>Aku: 18650 liitiumaku<\/strong><\/li>\n<li><strong>T\u00f5usunurk: Umbes 25-30\u00b0<\/strong><\/li>\n<li><strong>Maksimaalne kiirus: 25 km\/h\u00a0<\/strong><\/li>\n<li><strong>N\u00e4idik: Suur 4-tolline v\u00e4rviline LCD-n\u00e4idik<\/strong><\/li>\n<li><strong>Rehvid: 20 tolli rannarehv\/lume rehv<\/strong><\/li>\n<li><strong>Esituled: LED esituled koos topelt suunatuledega<\/strong><\/li>\n<li><strong>Laadimine: 3.5-8 h<\/strong><\/li>\n<li><strong>K\u00e4igukast: Shimano 7-k\u00e4iguline k\u00e4iguvahetus<\/strong><\/li>\n<li><strong>Aku:<\/strong> 25ah<\/li>\n<\/ul>\n<p>&nbsp;<\/p>\n<p>\u2666\u00a0<strong>Tarneaeg 2-6 p\u00e4eva<\/strong><br \/>\n\u2666\u00a0<strong>Laos<\/strong><\/p>\n<p>&nbsp;<\/p>\n","protected":false},"featured_media":14348,"template":"","meta":[],"product_cat":[1974,52,903,905],"product_tag":[],"class_list":{"0":"post-14344","1":"product","2":"type-product","3":"status-publish","4":"has-post-thumbnail","6":"product_cat-elektrimootorratas","7":"product_cat-elektrirattad","8":"product_cat-linnarattad","9":"product_cat-maastikurattad","10":"product_shipping_class-suured-pakid","12":"first","13":"instock","14":"sale","15":"taxable","16":"shipping-taxable","17":"purchasable","18":"product-type-simple"},"yoast_head":"<!-- This site is optimized with the Yoast SEO plugin v23.8 - https:\/\/yoast.com\/wordpress\/plugins\/seo\/ -->\n<title>COSWHEEL GT20 elektriratas 100 km - Ecocruiser<\/title>\n<meta name=\"description\" content=\"Avasta COSWHEEL GT20 - stiilne ja vastupidav elektriratas linna- ja maastikus\u00f5itudeks. V\u00f5imas mootor, topelt\u00f5lipidurid ja v\u00e4rviline LCD-n\u00e4idik tagavad suurep\u00e4rase s\u00f5idukogemuse. Tutvu t\u00e4na!\" \/>\n<meta name=\"robots\" content=\"noindex, follow, max-snippet:-1, max-image-preview:large, max-video-preview:-1\" \/>\n<meta property=\"og:locale\" content=\"en_GB\" \/>\n<meta property=\"og:type\" content=\"article\" \/>\n<meta property=\"og:title\" content=\"COSWHEEL GT20 elektriratas 100 km - Ecocruiser\" \/>\n<meta property=\"og:description\" content=\"Avasta COSWHEEL GT20 - stiilne ja vastupidav elektriratas linna- ja maastikus\u00f5itudeks. V\u00f5imas mootor, topelt\u00f5lipidurid ja v\u00e4rviline LCD-n\u00e4idik tagavad suurep\u00e4rase s\u00f5idukogemuse. Tutvu t\u00e4na!\" \/>\n<meta property=\"og:url\" content=\"https:\/\/projekt.vombat.ee\/eco\/pood\/elektrirattad\/linnarattad\/coswheel-gt20-elektriratas-100-km\/\" \/>\n<meta property=\"og:site_name\" content=\"Ecocruiser\" \/>\n<meta property=\"article:modified_time\" content=\"2024-05-01T19:36:49+00:00\" \/>\n<meta property=\"og:image\" content=\"https:\/\/projekt.vombat.ee\/eco\/wp-content\/uploads\/2024\/02\/1-6.jpg\" \/>\n\t<meta property=\"og:image:width\" content=\"2500\" \/>\n\t<meta property=\"og:image:height\" content=\"2500\" \/>\n\t<meta property=\"og:image:type\" content=\"image\/jpeg\" \/>\n<meta name=\"twitter:card\" content=\"summary_large_image\" \/>\n<meta name=\"twitter:label1\" content=\"Estimated reading time\" \/>\n\t<meta name=\"twitter:data1\" content=\"2 minutes\" \/>\n<script type=\"application\/ld+json\" class=\"yoast-schema-graph\">{\"@context\":\"https:\/\/schema.org\",\"@graph\":[{\"@type\":\"WebPage\",\"@id\":\"https:\/\/projekt.vombat.ee\/eco\/pood\/elektrirattad\/linnarattad\/coswheel-gt20-elektriratas-100-km\/\",\"url\":\"https:\/\/projekt.vombat.ee\/eco\/pood\/elektrirattad\/linnarattad\/coswheel-gt20-elektriratas-100-km\/\",\"name\":\"COSWHEEL GT20 elektriratas 100 km - Ecocruiser\",\"isPartOf\":{\"@id\":\"https:\/\/projekt.vombat.ee\/eco\/#website\"},\"primaryImageOfPage\":{\"@id\":\"https:\/\/projekt.vombat.ee\/eco\/pood\/elektrirattad\/linnarattad\/coswheel-gt20-elektriratas-100-km\/#primaryimage\"},\"image\":{\"@id\":\"https:\/\/projekt.vombat.ee\/eco\/pood\/elektrirattad\/linnarattad\/coswheel-gt20-elektriratas-100-km\/#primaryimage\"},\"thumbnailUrl\":\"https:\/\/projekt.vombat.ee\/eco\/wp-content\/uploads\/2024\/02\/1-6.jpg\",\"datePublished\":\"2024-02-29T09:28:56+00:00\",\"dateModified\":\"2024-05-01T19:36:49+00:00\",\"description\":\"Avasta COSWHEEL GT20 - stiilne ja vastupidav elektriratas linna- ja maastikus\u00f5itudeks. V\u00f5imas mootor, topelt\u00f5lipidurid ja v\u00e4rviline LCD-n\u00e4idik tagavad suurep\u00e4rase s\u00f5idukogemuse. Tutvu t\u00e4na!\",\"breadcrumb\":{\"@id\":\"https:\/\/projekt.vombat.ee\/eco\/pood\/elektrirattad\/linnarattad\/coswheel-gt20-elektriratas-100-km\/#breadcrumb\"},\"inLanguage\":\"en-GB\",\"potentialAction\":[{\"@type\":\"ReadAction\",\"target\":[\"https:\/\/projekt.vombat.ee\/eco\/pood\/elektrirattad\/linnarattad\/coswheel-gt20-elektriratas-100-km\/\"]}]},{\"@type\":\"ImageObject\",\"inLanguage\":\"en-GB\",\"@id\":\"https:\/\/projekt.vombat.ee\/eco\/pood\/elektrirattad\/linnarattad\/coswheel-gt20-elektriratas-100-km\/#primaryimage\",\"url\":\"https:\/\/projekt.vombat.ee\/eco\/wp-content\/uploads\/2024\/02\/1-6.jpg\",\"contentUrl\":\"https:\/\/projekt.vombat.ee\/eco\/wp-content\/uploads\/2024\/02\/1-6.jpg\",\"width\":2500,\"height\":2500,\"caption\":\"COSWHEEL GT20 elektriratas\"},{\"@type\":\"BreadcrumbList\",\"@id\":\"https:\/\/projekt.vombat.ee\/eco\/pood\/elektrirattad\/linnarattad\/coswheel-gt20-elektriratas-100-km\/#breadcrumb\",\"itemListElement\":[{\"@type\":\"ListItem\",\"position\":1,\"name\":\"Home\",\"item\":\"https:\/\/projekt.vombat.ee\/eco\/\"},{\"@type\":\"ListItem\",\"position\":2,\"name\":\"Pood\",\"item\":\"https:\/\/projekt.vombat.ee\/eco\/pood\/\"},{\"@type\":\"ListItem\",\"position\":3,\"name\":\"COSWHEEL GT20 elektriratas 100 km\"}]},{\"@type\":\"WebSite\",\"@id\":\"https:\/\/projekt.vombat.ee\/eco\/#website\",\"url\":\"https:\/\/projekt.vombat.ee\/eco\/\",\"name\":\"Ecocruiser\",\"description\":\"\",\"publisher\":{\"@id\":\"https:\/\/projekt.vombat.ee\/eco\/#organization\"},\"potentialAction\":[{\"@type\":\"SearchAction\",\"target\":{\"@type\":\"EntryPoint\",\"urlTemplate\":\"https:\/\/projekt.vombat.ee\/eco\/?s={search_term_string}\"},\"query-input\":{\"@type\":\"PropertyValueSpecification\",\"valueRequired\":true,\"valueName\":\"search_term_string\"}}],\"inLanguage\":\"en-GB\"},{\"@type\":\"Organization\",\"@id\":\"https:\/\/projekt.vombat.ee\/eco\/#organization\",\"name\":\"Ecocruiser\",\"url\":\"https:\/\/projekt.vombat.ee\/eco\/\",\"logo\":{\"@type\":\"ImageObject\",\"inLanguage\":\"en-GB\",\"@id\":\"https:\/\/projekt.vombat.ee\/eco\/#\/schema\/logo\/image\/\",\"url\":\"https:\/\/projekt.vombat.ee\/eco\/wp-content\/uploads\/2023\/03\/ECOCRUISER_5.png\",\"contentUrl\":\"https:\/\/projekt.vombat.ee\/eco\/wp-content\/uploads\/2023\/03\/ECOCRUISER_5.png\",\"width\":234,\"height\":91,\"caption\":\"Ecocruiser\"},\"image\":{\"@id\":\"https:\/\/projekt.vombat.ee\/eco\/#\/schema\/logo\/image\/\"}}]}<\/script>\n<!-- \/ Yoast SEO plugin. -->","yoast_head_json":{"title":"COSWHEEL GT20 elektriratas 100 km - Ecocruiser","description":"Avasta COSWHEEL GT20 - stiilne ja vastupidav elektriratas linna- ja maastikus\u00f5itudeks. V\u00f5imas mootor, topelt\u00f5lipidurid ja v\u00e4rviline LCD-n\u00e4idik tagavad suurep\u00e4rase s\u00f5idukogemuse. Tutvu t\u00e4na!","robots":{"index":"noindex","follow":"follow","max-snippet":"max-snippet:-1","max-image-preview":"max-image-preview:large","max-video-preview":"max-video-preview:-1"},"og_locale":"en_GB","og_type":"article","og_title":"COSWHEEL GT20 elektriratas 100 km - Ecocruiser","og_description":"Avasta COSWHEEL GT20 - stiilne ja vastupidav elektriratas linna- ja maastikus\u00f5itudeks. V\u00f5imas mootor, topelt\u00f5lipidurid ja v\u00e4rviline LCD-n\u00e4idik tagavad suurep\u00e4rase s\u00f5idukogemuse. Tutvu t\u00e4na!","og_url":"https:\/\/projekt.vombat.ee\/eco\/pood\/elektrirattad\/linnarattad\/coswheel-gt20-elektriratas-100-km\/","og_site_name":"Ecocruiser","article_modified_time":"2024-05-01T19:36:49+00:00","og_image":[{"width":2500,"height":2500,"url":"https:\/\/projekt.vombat.ee\/eco\/wp-content\/uploads\/2024\/02\/1-6.jpg","type":"image\/jpeg"}],"twitter_card":"summary_large_image","twitter_misc":{"Estimated reading time":"2 minutes"},"schema":{"@context":"https:\/\/schema.org","@graph":[{"@type":"WebPage","@id":"https:\/\/projekt.vombat.ee\/eco\/pood\/elektrirattad\/linnarattad\/coswheel-gt20-elektriratas-100-km\/","url":"https:\/\/projekt.vombat.ee\/eco\/pood\/elektrirattad\/linnarattad\/coswheel-gt20-elektriratas-100-km\/","name":"COSWHEEL GT20 elektriratas 100 km - Ecocruiser","isPartOf":{"@id":"https:\/\/projekt.vombat.ee\/eco\/#website"},"primaryImageOfPage":{"@id":"https:\/\/projekt.vombat.ee\/eco\/pood\/elektrirattad\/linnarattad\/coswheel-gt20-elektriratas-100-km\/#primaryimage"},"image":{"@id":"https:\/\/projekt.vombat.ee\/eco\/pood\/elektrirattad\/linnarattad\/coswheel-gt20-elektriratas-100-km\/#primaryimage"},"thumbnailUrl":"https:\/\/projekt.vombat.ee\/eco\/wp-content\/uploads\/2024\/02\/1-6.jpg","datePublished":"2024-02-29T09:28:56+00:00","dateModified":"2024-05-01T19:36:49+00:00","description":"Avasta COSWHEEL GT20 - stiilne ja vastupidav elektriratas linna- ja maastikus\u00f5itudeks. V\u00f5imas mootor, topelt\u00f5lipidurid ja v\u00e4rviline LCD-n\u00e4idik tagavad suurep\u00e4rase s\u00f5idukogemuse. Tutvu t\u00e4na!","breadcrumb":{"@id":"https:\/\/projekt.vombat.ee\/eco\/pood\/elektrirattad\/linnarattad\/coswheel-gt20-elektriratas-100-km\/#breadcrumb"},"inLanguage":"en-GB","potentialAction":[{"@type":"ReadAction","target":["https:\/\/projekt.vombat.ee\/eco\/pood\/elektrirattad\/linnarattad\/coswheel-gt20-elektriratas-100-km\/"]}]},{"@type":"ImageObject","inLanguage":"en-GB","@id":"https:\/\/projekt.vombat.ee\/eco\/pood\/elektrirattad\/linnarattad\/coswheel-gt20-elektriratas-100-km\/#primaryimage","url":"https:\/\/projekt.vombat.ee\/eco\/wp-content\/uploads\/2024\/02\/1-6.jpg","contentUrl":"https:\/\/projekt.vombat.ee\/eco\/wp-content\/uploads\/2024\/02\/1-6.jpg","width":2500,"height":2500,"caption":"COSWHEEL GT20 elektriratas"},{"@type":"BreadcrumbList","@id":"https:\/\/projekt.vombat.ee\/eco\/pood\/elektrirattad\/linnarattad\/coswheel-gt20-elektriratas-100-km\/#breadcrumb","itemListElement":[{"@type":"ListItem","position":1,"name":"Home","item":"https:\/\/projekt.vombat.ee\/eco\/"},{"@type":"ListItem","position":2,"name":"Pood","item":"https:\/\/projekt.vombat.ee\/eco\/pood\/"},{"@type":"ListItem","position":3,"name":"COSWHEEL GT20 elektriratas 100 km"}]},{"@type":"WebSite","@id":"https:\/\/projekt.vombat.ee\/eco\/#website","url":"https:\/\/projekt.vombat.ee\/eco\/","name":"Ecocruiser","description":"","publisher":{"@id":"https:\/\/projekt.vombat.ee\/eco\/#organization"},"potentialAction":[{"@type":"SearchAction","target":{"@type":"EntryPoint","urlTemplate":"https:\/\/projekt.vombat.ee\/eco\/?s={search_term_string}"},"query-input":{"@type":"PropertyValueSpecification","valueRequired":true,"valueName":"search_term_string"}}],"inLanguage":"en-GB"},{"@type":"Organization","@id":"https:\/\/projekt.vombat.ee\/eco\/#organization","name":"Ecocruiser","url":"https:\/\/projekt.vombat.ee\/eco\/","logo":{"@type":"ImageObject","inLanguage":"en-GB","@id":"https:\/\/projekt.vombat.ee\/eco\/#\/schema\/logo\/image\/","url":"https:\/\/projekt.vombat.ee\/eco\/wp-content\/uploads\/2023\/03\/ECOCRUISER_5.png","contentUrl":"https:\/\/projekt.vombat.ee\/eco\/wp-content\/uploads\/2023\/03\/ECOCRUISER_5.png","width":234,"height":91,"caption":"Ecocruiser"},"image":{"@id":"https:\/\/projekt.vombat.ee\/eco\/#\/schema\/logo\/image\/"}}]}},"lang":"et","translations":{"et":14344},"pll_sync_post":[],"_links":{"self":[{"href":"https:\/\/projekt.vombat.ee\/eco\/wp-json\/wp\/v2\/product\/14344"}],"collection":[{"href":"https:\/\/projekt.vombat.ee\/eco\/wp-json\/wp\/v2\/product"}],"about":[{"href":"https:\/\/projekt.vombat.ee\/eco\/wp-json\/wp\/v2\/types\/product"}],"version-history":[{"count":6,"href":"https:\/\/projekt.vombat.ee\/eco\/wp-json\/wp\/v2\/product\/14344\/revisions"}],"predecessor-version":[{"id":16732,"href":"https:\/\/projekt.vombat.ee\/eco\/wp-json\/wp\/v2\/product\/14344\/revisions\/16732"}],"wp:featuredmedia":[{"embeddable":true,"href":"https:\/\/projekt.vombat.ee\/eco\/wp-json\/wp\/v2\/media\/14348"}],"wp:attachment":[{"href":"https:\/\/projekt.vombat.ee\/eco\/wp-json\/wp\/v2\/media?parent=14344"}],"wp:term":[{"taxonomy":"product_cat","embeddable":true,"href":"https:\/\/projekt.vombat.ee\/eco\/wp-json\/wp\/v2\/product_cat?post=14344"},{"taxonomy":"product_tag","embeddable":true,"href":"https:\/\/projekt.vombat.ee\/eco\/wp-json\/wp\/v2\/product_tag?post=14344"}],"curies":[{"name":"wp","href":"https:\/\/api.w.org\/{rel}","templated":true}]}}