{"id":14320,"date":"2024-03-09T06:44:02","date_gmt":"2024-03-09T06:44:02","guid":{"rendered":"https:\/\/projekt.vombat.ee\/eco\/?post_type=product&#038;p=14320"},"modified":"2024-04-28T10:23:14","modified_gmt":"2024-04-28T10:23:14","slug":"horwin-ek3-elektriroller-150km","status":"publish","type":"product","link":"https:\/\/projekt.vombat.ee\/eco\/pood\/elektrirollerid\/horwin-ek3-elektriroller-150km\/","title":{"rendered":"HORWIN EK3 elektriroller, 150km"},"content":{"rendered":"<h3>Disain<\/h3>\n<p>Kaasaegne disain ja pehmed kontuurid tagavad t\u00e4iusliku kombinatsiooni moest ja luksusest. Mitmek\u00fclgne v\u00e4rvivalik veenab ka viimast kriitikut.<\/p>\n<h3>Nutikas ekraan<\/h3>\n<p>HORWIN EK3 saab k\u00e4ivitada s\u00f5rmega \u00fcle ekraani libistades. Ekraanil kuvatakse kogu vajalik teave, nagu kiirus, v\u00f5imsus, aku olek ja vahemaa, mis on s\u00f5idu ajal oluline.<\/p>\n<h3>LED-id nii kaugele kui silm ulatub<\/h3>\n<p>Automaatsed p\u00e4evatuled parandavad ohutust &#8211; eriti vihmastel ja udustel p\u00e4evadel. Automaatne v\u00e4ljal\u00fclitusviivitus tulede v\u00e4ljal\u00fclitamisel valgustab tee garaa\u017ei v\u00f5i sisses\u00f5idu ukse juurde, kui s\u00f5idukist lahkutakse.<\/p>\n<h3>Aku<\/h3>\n<p>SOC j\u00e4lgimiss\u00fcsteem ja kaasaegne aku juhtimiss\u00fcsteem v\u00f5ivad v\u00e4ltida t\u00f5rkeid. Muuhulgas kaitsevad nad \u00fclelaadimise, t\u00fchjenemise ja \u00fclepinge eest ning j\u00e4lgivad akude temperatuuri.<\/p>\n<h3>Kvaliteetne piduris\u00fcsteem<\/h3>\n<p>K\u00f5igi HORWIN EK mudelite esi- ja tagumised ketaspidurid l\u00fchendavad pidurdusteed. Spetsiaalselt EK3 jaoks v\u00e4lja t\u00f6\u00f6tatud CBS piduris\u00fcsteem tagab veelgi ohutuma pidurdamise ka suurtel kiirustel.<\/p>\n<h3>Mugavus ja ergonoomika<\/h3>\n<p>Suur jalalaud ja lai iste on ergonoomiliselt kujundatud. \u00dclakeha ja jalad on l\u00f5dvestunud igal k\u00f5rgusel. HORWIN EK pakub mugavat s\u00f5idukogemust igal ajal.<\/p>\n<p>&nbsp;<\/p>\n<h3>EK3<\/h3>\n<p>Mootori t\u00fc\u00fcp Keskmootor<br \/>\nEnergiajuhtimine FOC kontroll<br \/>\nAku 72 V, 36 Ah (valikuline koos teise akuga)<br \/>\nM\u00f5\u00f5tmed<br \/>\nPikkus 1900 mm<br \/>\nLaius 690 mm<br \/>\nK\u00f5rgus 1130 mm<br \/>\nIstme k\u00f5rgus 780 mm<br \/>\nEsirehv 100 \/ 80-14<br \/>\nTagarehv 110 \/ 70-13<br \/>\nTeljevahe 1320 mm<br \/>\nmax. Lubatud t\u00e4ismass 284 kg<br \/>\nT\u00fchi kaal ilma akuta 95 kg<\/p>\n<h3>Tehnilised andmed&#8217;<\/h3>\n<p>Max V\u00f5imsus: 6,2 kW<br \/>\nMax Kiirus :95 km\/h<br \/>\nPiduris\u00fcsteem: CBS piduris\u00fcsteem<br \/>\nLaadimisaeg: 36 Ah \/ ca. 4,5 h<br \/>\nS\u00f5iduulatus aku kohta: 80 km<br \/>\nMax S\u00f5iduulatus 2 akuga : 150 km<\/p>\n<p>Teist akut on v\u00f5imalik juurde tellida<\/p>\n","protected":false},"excerpt":{"rendered":"<p><strong>HORWIN EK3<\/strong> elektriroller &#8211; mugav ja keskkonnas\u00f5bralik s\u00f5iduvahend linnas liikumiseks. Ideaalne valik l\u00fchikesteks vahemaadeks, pakkudes sujuvat ja vaikset s\u00f5itu.<\/p>\n<p>Vali <strong>HORWIN EK3<\/strong> elektriroller ning naudi mugavust ja lihtsust oma igap\u00e4evastes s\u00f5itudest.<\/p>\n<ul>\n<li>USB-laadimisliitmik<\/li>\n<li>P\u00fcsikiiruse hoidja<\/li>\n<li>Kaugjuhtimispult<\/li>\n<li>Max kiirus: 95km\/h<\/li>\n<li>S\u00f5iduulatus: 150km<\/li>\n<li>Valguse v\u00e4ljal\u00fclitamise viivitus<\/li>\n<li>3 s\u00f5idure\u017eiimi: Eco, Plus, Sport<\/li>\n<li>LCD-ekraan<\/li>\n<\/ul>\n<p>\u2666\u00a0<strong>Tarneaeg 2-6 p\u00e4eva<\/strong><br \/>\n\u2666\u00a0<strong>Laos<\/strong><\/p>\n<p><b>Garantii: 2 aastat!<\/b><\/p>\n<p>&nbsp;<\/p>\n<p>&nbsp;<\/p>\n","protected":false},"featured_media":16679,"template":"","meta":[],"product_cat":[1662],"product_tag":[],"class_list":{"0":"post-14320","1":"product","2":"type-product","3":"status-publish","4":"has-post-thumbnail","6":"product_cat-elektrirollerid","8":"first","9":"instock","10":"sale","11":"taxable","12":"shipping-taxable","13":"purchasable","14":"product-type-variable"},"yoast_head":"<!-- This site is optimized with the Yoast SEO plugin v23.8 - https:\/\/yoast.com\/wordpress\/plugins\/seo\/ -->\n<title>HORWIN EK3 elektriroller, 150km - Ecocruiser<\/title>\n<meta name=\"description\" content=\"Horwin EK3 elektriroller pakub sujuvat ja keskkonnas\u00f5bralikku liikumist linnaruumis. T\u00e4nu oma kompaktsele disainile ja v\u00f5imsale elektrimootorile on see ideaalne valik igap\u00e4evaseks s\u00f5iduks nii l\u00fchikestel kui ka pikkadel vahemaadel. Vali EK elektriroller ning naudi mugavat ja vaikset liikumist oma sihtkohtadesse.\" \/>\n<meta name=\"robots\" content=\"noindex, follow, max-snippet:-1, max-image-preview:large, max-video-preview:-1\" \/>\n<meta property=\"og:locale\" content=\"en_GB\" \/>\n<meta property=\"og:type\" content=\"article\" \/>\n<meta property=\"og:title\" content=\"HORWIN EK3 elektriroller, 150km - Ecocruiser\" \/>\n<meta property=\"og:description\" content=\"Horwin EK3 elektriroller pakub sujuvat ja keskkonnas\u00f5bralikku liikumist linnaruumis. T\u00e4nu oma kompaktsele disainile ja v\u00f5imsale elektrimootorile on see ideaalne valik igap\u00e4evaseks s\u00f5iduks nii l\u00fchikestel kui ka pikkadel vahemaadel. Vali EK elektriroller ning naudi mugavat ja vaikset liikumist oma sihtkohtadesse.\" \/>\n<meta property=\"og:url\" content=\"https:\/\/projekt.vombat.ee\/eco\/pood\/elektrirollerid\/horwin-ek3-elektriroller-150km\/\" \/>\n<meta property=\"og:site_name\" content=\"Ecocruiser\" \/>\n<meta property=\"article:modified_time\" content=\"2024-04-28T10:23:14+00:00\" \/>\n<meta property=\"og:image\" content=\"https:\/\/projekt.vombat.ee\/eco\/wp-content\/uploads\/2024\/03\/Untitled-design-2024-04-28T130705.228.png\" \/>\n\t<meta property=\"og:image:width\" content=\"1080\" \/>\n\t<meta property=\"og:image:height\" content=\"1080\" \/>\n\t<meta property=\"og:image:type\" content=\"image\/png\" \/>\n<meta name=\"twitter:card\" content=\"summary_large_image\" \/>\n<meta name=\"twitter:label1\" content=\"Estimated reading time\" \/>\n\t<meta name=\"twitter:data1\" content=\"2 minutes\" \/>\n<script type=\"application\/ld+json\" class=\"yoast-schema-graph\">{\"@context\":\"https:\/\/schema.org\",\"@graph\":[{\"@type\":\"WebPage\",\"@id\":\"https:\/\/projekt.vombat.ee\/eco\/pood\/elektrirollerid\/horwin-ek3-elektriroller-150km\/\",\"url\":\"https:\/\/projekt.vombat.ee\/eco\/pood\/elektrirollerid\/horwin-ek3-elektriroller-150km\/\",\"name\":\"HORWIN EK3 elektriroller, 150km - Ecocruiser\",\"isPartOf\":{\"@id\":\"https:\/\/projekt.vombat.ee\/eco\/#website\"},\"primaryImageOfPage\":{\"@id\":\"https:\/\/projekt.vombat.ee\/eco\/pood\/elektrirollerid\/horwin-ek3-elektriroller-150km\/#primaryimage\"},\"image\":{\"@id\":\"https:\/\/projekt.vombat.ee\/eco\/pood\/elektrirollerid\/horwin-ek3-elektriroller-150km\/#primaryimage\"},\"thumbnailUrl\":\"https:\/\/projekt.vombat.ee\/eco\/wp-content\/uploads\/2024\/03\/Untitled-design-2024-04-28T130705.228.png\",\"datePublished\":\"2024-03-09T06:44:02+00:00\",\"dateModified\":\"2024-04-28T10:23:14+00:00\",\"description\":\"Horwin EK3 elektriroller pakub sujuvat ja keskkonnas\u00f5bralikku liikumist linnaruumis. T\u00e4nu oma kompaktsele disainile ja v\u00f5imsale elektrimootorile on see ideaalne valik igap\u00e4evaseks s\u00f5iduks nii l\u00fchikestel kui ka pikkadel vahemaadel. Vali EK elektriroller ning naudi mugavat ja vaikset liikumist oma sihtkohtadesse.\",\"breadcrumb\":{\"@id\":\"https:\/\/projekt.vombat.ee\/eco\/pood\/elektrirollerid\/horwin-ek3-elektriroller-150km\/#breadcrumb\"},\"inLanguage\":\"en-GB\",\"potentialAction\":[{\"@type\":\"ReadAction\",\"target\":[\"https:\/\/projekt.vombat.ee\/eco\/pood\/elektrirollerid\/horwin-ek3-elektriroller-150km\/\"]}]},{\"@type\":\"ImageObject\",\"inLanguage\":\"en-GB\",\"@id\":\"https:\/\/projekt.vombat.ee\/eco\/pood\/elektrirollerid\/horwin-ek3-elektriroller-150km\/#primaryimage\",\"url\":\"https:\/\/projekt.vombat.ee\/eco\/wp-content\/uploads\/2024\/03\/Untitled-design-2024-04-28T130705.228.png\",\"contentUrl\":\"https:\/\/projekt.vombat.ee\/eco\/wp-content\/uploads\/2024\/03\/Untitled-design-2024-04-28T130705.228.png\",\"width\":1080,\"height\":1080,\"caption\":\"Horwin EK3\"},{\"@type\":\"BreadcrumbList\",\"@id\":\"https:\/\/projekt.vombat.ee\/eco\/pood\/elektrirollerid\/horwin-ek3-elektriroller-150km\/#breadcrumb\",\"itemListElement\":[{\"@type\":\"ListItem\",\"position\":1,\"name\":\"Home\",\"item\":\"https:\/\/projekt.vombat.ee\/eco\/\"},{\"@type\":\"ListItem\",\"position\":2,\"name\":\"Pood\",\"item\":\"https:\/\/projekt.vombat.ee\/eco\/pood\/\"},{\"@type\":\"ListItem\",\"position\":3,\"name\":\"HORWIN EK3 elektriroller, 150km\"}]},{\"@type\":\"WebSite\",\"@id\":\"https:\/\/projekt.vombat.ee\/eco\/#website\",\"url\":\"https:\/\/projekt.vombat.ee\/eco\/\",\"name\":\"Ecocruiser\",\"description\":\"\",\"publisher\":{\"@id\":\"https:\/\/projekt.vombat.ee\/eco\/#organization\"},\"potentialAction\":[{\"@type\":\"SearchAction\",\"target\":{\"@type\":\"EntryPoint\",\"urlTemplate\":\"https:\/\/projekt.vombat.ee\/eco\/?s={search_term_string}\"},\"query-input\":{\"@type\":\"PropertyValueSpecification\",\"valueRequired\":true,\"valueName\":\"search_term_string\"}}],\"inLanguage\":\"en-GB\"},{\"@type\":\"Organization\",\"@id\":\"https:\/\/projekt.vombat.ee\/eco\/#organization\",\"name\":\"Ecocruiser\",\"url\":\"https:\/\/projekt.vombat.ee\/eco\/\",\"logo\":{\"@type\":\"ImageObject\",\"inLanguage\":\"en-GB\",\"@id\":\"https:\/\/projekt.vombat.ee\/eco\/#\/schema\/logo\/image\/\",\"url\":\"https:\/\/projekt.vombat.ee\/eco\/wp-content\/uploads\/2023\/03\/ECOCRUISER_5.png\",\"contentUrl\":\"https:\/\/projekt.vombat.ee\/eco\/wp-content\/uploads\/2023\/03\/ECOCRUISER_5.png\",\"width\":234,\"height\":91,\"caption\":\"Ecocruiser\"},\"image\":{\"@id\":\"https:\/\/projekt.vombat.ee\/eco\/#\/schema\/logo\/image\/\"}}]}<\/script>\n<!-- \/ Yoast SEO plugin. -->","yoast_head_json":{"title":"HORWIN EK3 elektriroller, 150km - Ecocruiser","description":"Horwin EK3 elektriroller pakub sujuvat ja keskkonnas\u00f5bralikku liikumist linnaruumis. T\u00e4nu oma kompaktsele disainile ja v\u00f5imsale elektrimootorile on see ideaalne valik igap\u00e4evaseks s\u00f5iduks nii l\u00fchikestel kui ka pikkadel vahemaadel. Vali EK elektriroller ning naudi mugavat ja vaikset liikumist oma sihtkohtadesse.","robots":{"index":"noindex","follow":"follow","max-snippet":"max-snippet:-1","max-image-preview":"max-image-preview:large","max-video-preview":"max-video-preview:-1"},"og_locale":"en_GB","og_type":"article","og_title":"HORWIN EK3 elektriroller, 150km - Ecocruiser","og_description":"Horwin EK3 elektriroller pakub sujuvat ja keskkonnas\u00f5bralikku liikumist linnaruumis. T\u00e4nu oma kompaktsele disainile ja v\u00f5imsale elektrimootorile on see ideaalne valik igap\u00e4evaseks s\u00f5iduks nii l\u00fchikestel kui ka pikkadel vahemaadel. Vali EK elektriroller ning naudi mugavat ja vaikset liikumist oma sihtkohtadesse.","og_url":"https:\/\/projekt.vombat.ee\/eco\/pood\/elektrirollerid\/horwin-ek3-elektriroller-150km\/","og_site_name":"Ecocruiser","article_modified_time":"2024-04-28T10:23:14+00:00","og_image":[{"width":1080,"height":1080,"url":"https:\/\/projekt.vombat.ee\/eco\/wp-content\/uploads\/2024\/03\/Untitled-design-2024-04-28T130705.228.png","type":"image\/png"}],"twitter_card":"summary_large_image","twitter_misc":{"Estimated reading time":"2 minutes"},"schema":{"@context":"https:\/\/schema.org","@graph":[{"@type":"WebPage","@id":"https:\/\/projekt.vombat.ee\/eco\/pood\/elektrirollerid\/horwin-ek3-elektriroller-150km\/","url":"https:\/\/projekt.vombat.ee\/eco\/pood\/elektrirollerid\/horwin-ek3-elektriroller-150km\/","name":"HORWIN EK3 elektriroller, 150km - Ecocruiser","isPartOf":{"@id":"https:\/\/projekt.vombat.ee\/eco\/#website"},"primaryImageOfPage":{"@id":"https:\/\/projekt.vombat.ee\/eco\/pood\/elektrirollerid\/horwin-ek3-elektriroller-150km\/#primaryimage"},"image":{"@id":"https:\/\/projekt.vombat.ee\/eco\/pood\/elektrirollerid\/horwin-ek3-elektriroller-150km\/#primaryimage"},"thumbnailUrl":"https:\/\/projekt.vombat.ee\/eco\/wp-content\/uploads\/2024\/03\/Untitled-design-2024-04-28T130705.228.png","datePublished":"2024-03-09T06:44:02+00:00","dateModified":"2024-04-28T10:23:14+00:00","description":"Horwin EK3 elektriroller pakub sujuvat ja keskkonnas\u00f5bralikku liikumist linnaruumis. T\u00e4nu oma kompaktsele disainile ja v\u00f5imsale elektrimootorile on see ideaalne valik igap\u00e4evaseks s\u00f5iduks nii l\u00fchikestel kui ka pikkadel vahemaadel. Vali EK elektriroller ning naudi mugavat ja vaikset liikumist oma sihtkohtadesse.","breadcrumb":{"@id":"https:\/\/projekt.vombat.ee\/eco\/pood\/elektrirollerid\/horwin-ek3-elektriroller-150km\/#breadcrumb"},"inLanguage":"en-GB","potentialAction":[{"@type":"ReadAction","target":["https:\/\/projekt.vombat.ee\/eco\/pood\/elektrirollerid\/horwin-ek3-elektriroller-150km\/"]}]},{"@type":"ImageObject","inLanguage":"en-GB","@id":"https:\/\/projekt.vombat.ee\/eco\/pood\/elektrirollerid\/horwin-ek3-elektriroller-150km\/#primaryimage","url":"https:\/\/projekt.vombat.ee\/eco\/wp-content\/uploads\/2024\/03\/Untitled-design-2024-04-28T130705.228.png","contentUrl":"https:\/\/projekt.vombat.ee\/eco\/wp-content\/uploads\/2024\/03\/Untitled-design-2024-04-28T130705.228.png","width":1080,"height":1080,"caption":"Horwin EK3"},{"@type":"BreadcrumbList","@id":"https:\/\/projekt.vombat.ee\/eco\/pood\/elektrirollerid\/horwin-ek3-elektriroller-150km\/#breadcrumb","itemListElement":[{"@type":"ListItem","position":1,"name":"Home","item":"https:\/\/projekt.vombat.ee\/eco\/"},{"@type":"ListItem","position":2,"name":"Pood","item":"https:\/\/projekt.vombat.ee\/eco\/pood\/"},{"@type":"ListItem","position":3,"name":"HORWIN EK3 elektriroller, 150km"}]},{"@type":"WebSite","@id":"https:\/\/projekt.vombat.ee\/eco\/#website","url":"https:\/\/projekt.vombat.ee\/eco\/","name":"Ecocruiser","description":"","publisher":{"@id":"https:\/\/projekt.vombat.ee\/eco\/#organization"},"potentialAction":[{"@type":"SearchAction","target":{"@type":"EntryPoint","urlTemplate":"https:\/\/projekt.vombat.ee\/eco\/?s={search_term_string}"},"query-input":{"@type":"PropertyValueSpecification","valueRequired":true,"valueName":"search_term_string"}}],"inLanguage":"en-GB"},{"@type":"Organization","@id":"https:\/\/projekt.vombat.ee\/eco\/#organization","name":"Ecocruiser","url":"https:\/\/projekt.vombat.ee\/eco\/","logo":{"@type":"ImageObject","inLanguage":"en-GB","@id":"https:\/\/projekt.vombat.ee\/eco\/#\/schema\/logo\/image\/","url":"https:\/\/projekt.vombat.ee\/eco\/wp-content\/uploads\/2023\/03\/ECOCRUISER_5.png","contentUrl":"https:\/\/projekt.vombat.ee\/eco\/wp-content\/uploads\/2023\/03\/ECOCRUISER_5.png","width":234,"height":91,"caption":"Ecocruiser"},"image":{"@id":"https:\/\/projekt.vombat.ee\/eco\/#\/schema\/logo\/image\/"}}]}},"lang":"et","translations":{"et":14320},"pll_sync_post":[],"_links":{"self":[{"href":"https:\/\/projekt.vombat.ee\/eco\/wp-json\/wp\/v2\/product\/14320"}],"collection":[{"href":"https:\/\/projekt.vombat.ee\/eco\/wp-json\/wp\/v2\/product"}],"about":[{"href":"https:\/\/projekt.vombat.ee\/eco\/wp-json\/wp\/v2\/types\/product"}],"version-history":[{"count":4,"href":"https:\/\/projekt.vombat.ee\/eco\/wp-json\/wp\/v2\/product\/14320\/revisions"}],"predecessor-version":[{"id":16681,"href":"https:\/\/projekt.vombat.ee\/eco\/wp-json\/wp\/v2\/product\/14320\/revisions\/16681"}],"wp:featuredmedia":[{"embeddable":true,"href":"https:\/\/projekt.vombat.ee\/eco\/wp-json\/wp\/v2\/media\/16679"}],"wp:attachment":[{"href":"https:\/\/projekt.vombat.ee\/eco\/wp-json\/wp\/v2\/media?parent=14320"}],"wp:term":[{"taxonomy":"product_cat","embeddable":true,"href":"https:\/\/projekt.vombat.ee\/eco\/wp-json\/wp\/v2\/product_cat?post=14320"},{"taxonomy":"product_tag","embeddable":true,"href":"https:\/\/projekt.vombat.ee\/eco\/wp-json\/wp\/v2\/product_tag?post=14320"}],"curies":[{"name":"wp","href":"https:\/\/api.w.org\/{rel}","templated":true}]}}