{"id":14269,"date":"2024-02-15T10:58:35","date_gmt":"2024-02-15T10:58:35","guid":{"rendered":"https:\/\/projekt.vombat.ee\/eco\/?post_type=product&#038;p=14269"},"modified":"2024-04-08T10:40:32","modified_gmt":"2024-04-08T10:40:32","slug":"fafrees-f20-max-22-5ah-elektriratas-160-km","status":"publish","type":"product","link":"https:\/\/projekt.vombat.ee\/eco\/pood\/elektrirattad\/linnarattad\/fafrees-f20-max-22-5ah-elektriratas-160-km\/","title":{"rendered":"Fafrees F200 Max 22.5Ah Elektriratas, 160 km"},"content":{"rendered":"<h1 class=\"product_title entry-title sca-fg-form-icon-product-page\">Fafrees F200 Max<\/h1>\n<h3><img fetchpriority=\"high\" decoding=\"async\" class=\"msub_k4 mupj_5k mjru_k4 mse2_k4 mp7g_f6 mq1m_0 mj7u_0 m7er_k4 lazyloaded\" src=\"https:\/\/a.allegroimg.com\/original\/11f0e5\/70fa9813488191c33e553255b9e2\/Rower-Elektryczny-Fafrees-F20-Max-690W-Peak-22-5Ah-EAN-GTIN-4537366176750\" sizes=\"100vw\" srcset=\"https:\/\/a.allegroimg.com\/s360\/11f0e5\/70fa9813488191c33e553255b9e2\/Rower-Elektryczny-Fafrees-F20-Max-690W-Peak-22-5Ah-EAN-GTIN-4537366176750 360w,https:\/\/a.allegroimg.com\/s720\/11f0e5\/70fa9813488191c33e553255b9e2\/Rower-Elektryczny-Fafrees-F20-Max-690W-Peak-22-5Ah-EAN-GTIN-4537366176750 720w,https:\/\/a.allegroimg.com\/s1024\/11f0e5\/70fa9813488191c33e553255b9e2\/Rower-Elektryczny-Fafrees-F20-Max-690W-Peak-22-5Ah-EAN-GTIN-4537366176750 1024w,https:\/\/a.allegroimg.com\/s1440\/11f0e5\/70fa9813488191c33e553255b9e2\/Rower-Elektryczny-Fafrees-F20-Max-690W-Peak-22-5Ah-EAN-GTIN-4537366176750 1440w,https:\/\/a.allegroimg.com\/original\/11f0e5\/70fa9813488191c33e553255b9e2\/Rower-Elektryczny-Fafrees-F20-Max-690W-Peak-22-5Ah-EAN-GTIN-4537366176750 1920w\" alt=\"Rower Elektryczny Fafrees F20 Max 690W Peak 22.5Ah EAN (GTIN) 4537366176750\" width=\"810\" height=\"540\" data-src=\"https:\/\/a.allegroimg.com\/original\/11f0e5\/70fa9813488191c33e553255b9e2\/Rower-Elektryczny-Fafrees-F20-Max-690W-Peak-22-5Ah-EAN-GTIN-4537366176750\" data-srcset=\"https:\/\/a.allegroimg.com\/s360\/11f0e5\/70fa9813488191c33e553255b9e2\/Rower-Elektryczny-Fafrees-F20-Max-690W-Peak-22-5Ah-EAN-GTIN-4537366176750 360w,https:\/\/a.allegroimg.com\/s720\/11f0e5\/70fa9813488191c33e553255b9e2\/Rower-Elektryczny-Fafrees-F20-Max-690W-Peak-22-5Ah-EAN-GTIN-4537366176750 720w,https:\/\/a.allegroimg.com\/s1024\/11f0e5\/70fa9813488191c33e553255b9e2\/Rower-Elektryczny-Fafrees-F20-Max-690W-Peak-22-5Ah-EAN-GTIN-4537366176750 1024w,https:\/\/a.allegroimg.com\/s1440\/11f0e5\/70fa9813488191c33e553255b9e2\/Rower-Elektryczny-Fafrees-F20-Max-690W-Peak-22-5Ah-EAN-GTIN-4537366176750 1440w,https:\/\/a.allegroimg.com\/original\/11f0e5\/70fa9813488191c33e553255b9e2\/Rower-Elektryczny-Fafrees-F20-Max-690W-Peak-22-5Ah-EAN-GTIN-4537366176750 1920w\" \/><\/h3>\n<h3>250 W v\u00f5imas mootor<\/h3>\n<p>250 W k\u00e4igukastiga rummumootor maksimaalse p\u00f6\u00f6rdemomendiga 54 N.M tagab parema ronimisv\u00f5ime. Maksimaalne kiirus ulatub 25 km\/h.<\/p>\n<p><img decoding=\"async\" class=\"\" src=\"https:\/\/cdn.shopifycdn.net\/s\/files\/1\/0559\/8491\/4624\/files\/2_6ae215a4-b0f1-4721-8528-7f17e3f26217.jpg?v=1668822467\" width=\"557\" height=\"557\" \/><\/p>\n<h3>48v 22,5Ah Aku<\/h3>\n<p>Samsungi elemendiga 48 V 22,5 Ah suure mahutavusega aku pikendab s\u00f5idudistantsi kuni 100 km \u00fche laadimisega. V\u00f5tke see koju ja laadige seda millal iganes soovite.<\/p>\n<p><img decoding=\"async\" class=\"\" src=\"https:\/\/cdn.shopifycdn.net\/s\/files\/1\/0559\/8491\/4624\/files\/3_ed26ba4b-5aeb-43f3-b7c5-4db190c350cd.jpg?v=1668822620\" width=\"550\" height=\"550\" \/><\/p>\n<h3>CST 20*4,0&#8243; paksud rehvid<\/h3>\n<p>Suurenenud h\u00f5\u00f5rdumisega 4,0&#8243; paksune rehv, mis kohandub mitmesuguste s\u00f5idutingimustega, sealhulgas tasasel pinnasel, samuti lumel, liival, muda ja kruusateel.<\/p>\n<p><img loading=\"lazy\" decoding=\"async\" class=\"\" src=\"https:\/\/cdn.shopify.com\/s\/files\/1\/0559\/8491\/4624\/files\/4_417d85bf-e311-4b7c-9e4e-dab2c444f8b0.jpg?v=1668822699\" width=\"545\" height=\"545\" \/><\/p>\n<h3>Nutikas LCD-ekraan lihtsa juhtimisega<\/h3>\n<p>Suure ekraaniga LCD-nutiekraan n\u00e4itab erinevaid andmeid, nagu kiirus, aku, l\u00e4bis\u00f5it ja k\u00e4ik. Sellel on k\u00f5ndimisabi re\u017eiim ja p\u00fcsikiiruse hoidja, mis aitavad s\u00f5ita mugavamalt.<\/p>\n<p><img loading=\"lazy\" decoding=\"async\" class=\"\" src=\"https:\/\/cdn.shopify.com\/s\/files\/1\/0559\/8491\/4624\/files\/5_a4107ddf-5953-41f2-a7a2-e6df9e795bb9.jpg?v=1668824082\" width=\"546\" height=\"546\" \/><\/p>\n<h3>Kokkupandav raam<\/h3>\n<p>F200 MAX-il on madala astmega disain, samuti kokkupandav raam, juhtraud ja pedaalid. See volditakse kokku \u00fclikompaktseks, seda on lihtne transportida.<\/p>\n<p><img loading=\"lazy\" decoding=\"async\" class=\"\" src=\"https:\/\/cdn.shopify.com\/s\/files\/1\/0559\/8491\/4624\/files\/6.jpg?v=1668824194\" width=\"531\" height=\"531\" \/><\/p>\n<h3>Eesmised ja tagumised amortisaatorid<\/h3>\n<p>Esivedrustus ja amortisatsioonitoru pakuvad kohest ja kauakestvat amortisatsiooni, et suurendada s\u00f5idumugavust.<\/p>\n<h3>M\u00f5\u00f5tmed<\/h3>\n<p>Reguleeritav juhtraua ja istmetoru muudavad selle ideaalseks teismelistele ja t\u00e4iskasvanutele pikkusega 165-200 cm. Maksimaalne kandev\u00f5ime on 150 kg.<\/p>\n<p><img loading=\"lazy\" decoding=\"async\" class=\"\" src=\"https:\/\/cdn.shopify.com\/s\/files\/1\/0559\/8491\/4624\/files\/10.jpg?v=1668825067\" width=\"552\" height=\"552\" \/><\/p>\n<h3>Info<\/h3>\n<p>Raami materjal: alumiinium<br \/>\nKokkupandav kronstein: jah<br \/>\nMootor: 250 W 48V (piirajaga)<br \/>\nAku: 48V 22.5AH 1080Wh<br \/>\nLaadimisaeg: 6-7 h<br \/>\nMaksimaalne s\u00f5iduulatus abire\u017eiimil: 140-160 km<br \/>\nVaikimisi tippkiirus: 25 km\/h (piirajaga)<br \/>\nPuhta v\u00f5imsuse maksimaalne s\u00f5iduulatus: 100-120 km<br \/>\nRonimisnurk: 25\u00b0<br \/>\nRingi l\u00e4bim\u00f5\u00f5t: 20*4,0<br \/>\nDigitaalne ekraan: spidomeeter, l\u00e4bis\u00f5idum\u00f5\u00f5dik, aeg, valgus, aku<br \/>\nS\u00f5idure\u017eiimid: 3 re\u017eiimi (toitere\u017eiim, jalgrattare\u017eiim, elektrire\u017eiim)<br \/>\nK\u00e4igud: 7-k\u00e4iguline k\u00e4igukast<br \/>\nPidurid: mehaanilised ketaspidurid<br \/>\nKohtvalgusti: LED-valgusti<br \/>\nKandekaal: 150 kg<br \/>\nSoovitatav s\u00f5itja pikkus: 160-200cm<\/p>\n","protected":false},"excerpt":{"rendered":"<p class=\"product_title entry-title sca-fg-form-icon-product-page\"><strong>Fafrees F200 Max<\/strong> elektriratas on F200 k\u00f5ige v\u00f5imsam mudel<\/p>\n<ul>\n<li>Mootor: 250W 48V(piirajaga)<\/li>\n<li>Aku: 48V 22.5AH 1080Wh<\/li>\n<li>Laadimisaeg: 6-7 h<\/li>\n<li>Maksimaalne s\u00f5iduulatus abire\u017eiimil: 140-160 km<\/li>\n<li>Vaikimisi tippkiirus: 25 km\/h(piirajaga)<\/li>\n<li>Maksimaalne s\u00f5iduulatus elektri\u017eiimil: 100-120 km<\/li>\n<li>Maksimaalne Kandev\u00f5ime: 150 kg<\/li>\n<li>Soovitatav s\u00f5itja pikkus: 160-200cm<\/li>\n<\/ul>\n<p>&nbsp;<\/p>\n<p>\u2666\u00a0<strong>Tarneaeg 2-6 p\u00e4eva<\/strong><br \/>\n\u2666\u00a0<strong>Laos<\/strong><\/p>\n","protected":false},"featured_media":15563,"template":"","meta":[],"product_cat":[52,907,903,905],"product_tag":[],"class_list":{"0":"post-14269","1":"product","2":"type-product","3":"status-publish","4":"has-post-thumbnail","6":"product_cat-elektrirattad","7":"product_cat-kokkupandavad-rattad","8":"product_cat-linnarattad","9":"product_cat-maastikurattad","11":"first","12":"instock","13":"sale","14":"taxable","15":"shipping-taxable","16":"purchasable","17":"product-type-variable"},"yoast_head":"<!-- This site is optimized with the Yoast SEO plugin v23.8 - https:\/\/yoast.com\/wordpress\/plugins\/seo\/ -->\n<title>Fafrees F200 Max 22.5Ah Elektriratas, 160 km - Ecocruiser<\/title>\n<meta name=\"description\" content=\"Fafrees F20 Max elektriratas on F20 k\u00f5ige v\u00f5imsam mudel Mootor: 250 W 48V (690W) Aku: 48V 22.5AH 1080Wh Laadimisaeg: 6-7 h Maksimaalne s\u00f5iduulatus abire\u017eiimil: 140-160 km Vaikimisi tippkiirus: 25 km\/h Maksimaalne kiirus p\u00e4rast avamist: 25km\/h Maksimaalne s\u00f5iduulatus elektri\u017eiimil: 100-120 km Maksimaalne Kandev\u00f5ime: 150 kg Soovitatav s\u00f5itja pikkus: 160-200cm\" \/>\n<meta name=\"robots\" content=\"noindex, follow, max-snippet:-1, max-image-preview:large, max-video-preview:-1\" \/>\n<meta property=\"og:locale\" content=\"en_GB\" \/>\n<meta property=\"og:type\" content=\"article\" \/>\n<meta property=\"og:title\" content=\"Fafrees F200 Max 22.5Ah Elektriratas, 160 km - Ecocruiser\" \/>\n<meta property=\"og:description\" content=\"Fafrees F20 Max elektriratas on F20 k\u00f5ige v\u00f5imsam mudel Mootor: 250 W 48V (690W) Aku: 48V 22.5AH 1080Wh Laadimisaeg: 6-7 h Maksimaalne s\u00f5iduulatus abire\u017eiimil: 140-160 km Vaikimisi tippkiirus: 25 km\/h Maksimaalne kiirus p\u00e4rast avamist: 25km\/h Maksimaalne s\u00f5iduulatus elektri\u017eiimil: 100-120 km Maksimaalne Kandev\u00f5ime: 150 kg Soovitatav s\u00f5itja pikkus: 160-200cm\" \/>\n<meta property=\"og:url\" content=\"https:\/\/projekt.vombat.ee\/eco\/pood\/elektrirattad\/linnarattad\/fafrees-f20-max-22-5ah-elektriratas-160-km\/\" \/>\n<meta property=\"og:site_name\" content=\"Ecocruiser\" \/>\n<meta property=\"article:modified_time\" content=\"2024-04-08T10:40:32+00:00\" \/>\n<meta property=\"og:image\" content=\"https:\/\/projekt.vombat.ee\/eco\/wp-content\/uploads\/2024\/02\/Untitled-design-93.png\" \/>\n\t<meta property=\"og:image:width\" content=\"1000\" \/>\n\t<meta property=\"og:image:height\" content=\"1000\" \/>\n\t<meta property=\"og:image:type\" content=\"image\/png\" \/>\n<meta name=\"twitter:card\" content=\"summary_large_image\" \/>\n<meta name=\"twitter:label1\" content=\"Estimated reading time\" \/>\n\t<meta name=\"twitter:data1\" content=\"3 minutes\" \/>\n<script type=\"application\/ld+json\" class=\"yoast-schema-graph\">{\"@context\":\"https:\/\/schema.org\",\"@graph\":[{\"@type\":\"WebPage\",\"@id\":\"https:\/\/projekt.vombat.ee\/eco\/pood\/elektrirattad\/linnarattad\/fafrees-f20-max-22-5ah-elektriratas-160-km\/\",\"url\":\"https:\/\/projekt.vombat.ee\/eco\/pood\/elektrirattad\/linnarattad\/fafrees-f20-max-22-5ah-elektriratas-160-km\/\",\"name\":\"Fafrees F200 Max 22.5Ah Elektriratas, 160 km - Ecocruiser\",\"isPartOf\":{\"@id\":\"https:\/\/projekt.vombat.ee\/eco\/#website\"},\"primaryImageOfPage\":{\"@id\":\"https:\/\/projekt.vombat.ee\/eco\/pood\/elektrirattad\/linnarattad\/fafrees-f20-max-22-5ah-elektriratas-160-km\/#primaryimage\"},\"image\":{\"@id\":\"https:\/\/projekt.vombat.ee\/eco\/pood\/elektrirattad\/linnarattad\/fafrees-f20-max-22-5ah-elektriratas-160-km\/#primaryimage\"},\"thumbnailUrl\":\"https:\/\/projekt.vombat.ee\/eco\/wp-content\/uploads\/2024\/02\/Untitled-design-93.png\",\"datePublished\":\"2024-02-15T10:58:35+00:00\",\"dateModified\":\"2024-04-08T10:40:32+00:00\",\"description\":\"Fafrees F20 Max elektriratas on F20 k\u00f5ige v\u00f5imsam mudel Mootor: 250 W 48V (690W) Aku: 48V 22.5AH 1080Wh Laadimisaeg: 6-7 h Maksimaalne s\u00f5iduulatus abire\u017eiimil: 140-160 km Vaikimisi tippkiirus: 25 km\/h Maksimaalne kiirus p\u00e4rast avamist: 25km\/h Maksimaalne s\u00f5iduulatus elektri\u017eiimil: 100-120 km Maksimaalne Kandev\u00f5ime: 150 kg Soovitatav s\u00f5itja pikkus: 160-200cm\",\"breadcrumb\":{\"@id\":\"https:\/\/projekt.vombat.ee\/eco\/pood\/elektrirattad\/linnarattad\/fafrees-f20-max-22-5ah-elektriratas-160-km\/#breadcrumb\"},\"inLanguage\":\"en-GB\",\"potentialAction\":[{\"@type\":\"ReadAction\",\"target\":[\"https:\/\/projekt.vombat.ee\/eco\/pood\/elektrirattad\/linnarattad\/fafrees-f20-max-22-5ah-elektriratas-160-km\/\"]}]},{\"@type\":\"ImageObject\",\"inLanguage\":\"en-GB\",\"@id\":\"https:\/\/projekt.vombat.ee\/eco\/pood\/elektrirattad\/linnarattad\/fafrees-f20-max-22-5ah-elektriratas-160-km\/#primaryimage\",\"url\":\"https:\/\/projekt.vombat.ee\/eco\/wp-content\/uploads\/2024\/02\/Untitled-design-93.png\",\"contentUrl\":\"https:\/\/projekt.vombat.ee\/eco\/wp-content\/uploads\/2024\/02\/Untitled-design-93.png\",\"width\":1000,\"height\":1000},{\"@type\":\"BreadcrumbList\",\"@id\":\"https:\/\/projekt.vombat.ee\/eco\/pood\/elektrirattad\/linnarattad\/fafrees-f20-max-22-5ah-elektriratas-160-km\/#breadcrumb\",\"itemListElement\":[{\"@type\":\"ListItem\",\"position\":1,\"name\":\"Home\",\"item\":\"https:\/\/projekt.vombat.ee\/eco\/\"},{\"@type\":\"ListItem\",\"position\":2,\"name\":\"Pood\",\"item\":\"https:\/\/projekt.vombat.ee\/eco\/pood\/\"},{\"@type\":\"ListItem\",\"position\":3,\"name\":\"Fafrees F200 Max 22.5Ah Elektriratas, 160 km\"}]},{\"@type\":\"WebSite\",\"@id\":\"https:\/\/projekt.vombat.ee\/eco\/#website\",\"url\":\"https:\/\/projekt.vombat.ee\/eco\/\",\"name\":\"Ecocruiser\",\"description\":\"\",\"publisher\":{\"@id\":\"https:\/\/projekt.vombat.ee\/eco\/#organization\"},\"potentialAction\":[{\"@type\":\"SearchAction\",\"target\":{\"@type\":\"EntryPoint\",\"urlTemplate\":\"https:\/\/projekt.vombat.ee\/eco\/?s={search_term_string}\"},\"query-input\":{\"@type\":\"PropertyValueSpecification\",\"valueRequired\":true,\"valueName\":\"search_term_string\"}}],\"inLanguage\":\"en-GB\"},{\"@type\":\"Organization\",\"@id\":\"https:\/\/projekt.vombat.ee\/eco\/#organization\",\"name\":\"Ecocruiser\",\"url\":\"https:\/\/projekt.vombat.ee\/eco\/\",\"logo\":{\"@type\":\"ImageObject\",\"inLanguage\":\"en-GB\",\"@id\":\"https:\/\/projekt.vombat.ee\/eco\/#\/schema\/logo\/image\/\",\"url\":\"https:\/\/projekt.vombat.ee\/eco\/wp-content\/uploads\/2023\/03\/ECOCRUISER_5.png\",\"contentUrl\":\"https:\/\/projekt.vombat.ee\/eco\/wp-content\/uploads\/2023\/03\/ECOCRUISER_5.png\",\"width\":234,\"height\":91,\"caption\":\"Ecocruiser\"},\"image\":{\"@id\":\"https:\/\/projekt.vombat.ee\/eco\/#\/schema\/logo\/image\/\"}}]}<\/script>\n<!-- \/ Yoast SEO plugin. -->","yoast_head_json":{"title":"Fafrees F200 Max 22.5Ah Elektriratas, 160 km - Ecocruiser","description":"Fafrees F20 Max elektriratas on F20 k\u00f5ige v\u00f5imsam mudel Mootor: 250 W 48V (690W) Aku: 48V 22.5AH 1080Wh Laadimisaeg: 6-7 h Maksimaalne s\u00f5iduulatus abire\u017eiimil: 140-160 km Vaikimisi tippkiirus: 25 km\/h Maksimaalne kiirus p\u00e4rast avamist: 25km\/h Maksimaalne s\u00f5iduulatus elektri\u017eiimil: 100-120 km Maksimaalne Kandev\u00f5ime: 150 kg Soovitatav s\u00f5itja pikkus: 160-200cm","robots":{"index":"noindex","follow":"follow","max-snippet":"max-snippet:-1","max-image-preview":"max-image-preview:large","max-video-preview":"max-video-preview:-1"},"og_locale":"en_GB","og_type":"article","og_title":"Fafrees F200 Max 22.5Ah Elektriratas, 160 km - Ecocruiser","og_description":"Fafrees F20 Max elektriratas on F20 k\u00f5ige v\u00f5imsam mudel Mootor: 250 W 48V (690W) Aku: 48V 22.5AH 1080Wh Laadimisaeg: 6-7 h Maksimaalne s\u00f5iduulatus abire\u017eiimil: 140-160 km Vaikimisi tippkiirus: 25 km\/h Maksimaalne kiirus p\u00e4rast avamist: 25km\/h Maksimaalne s\u00f5iduulatus elektri\u017eiimil: 100-120 km Maksimaalne Kandev\u00f5ime: 150 kg Soovitatav s\u00f5itja pikkus: 160-200cm","og_url":"https:\/\/projekt.vombat.ee\/eco\/pood\/elektrirattad\/linnarattad\/fafrees-f20-max-22-5ah-elektriratas-160-km\/","og_site_name":"Ecocruiser","article_modified_time":"2024-04-08T10:40:32+00:00","og_image":[{"width":1000,"height":1000,"url":"https:\/\/projekt.vombat.ee\/eco\/wp-content\/uploads\/2024\/02\/Untitled-design-93.png","type":"image\/png"}],"twitter_card":"summary_large_image","twitter_misc":{"Estimated reading time":"3 minutes"},"schema":{"@context":"https:\/\/schema.org","@graph":[{"@type":"WebPage","@id":"https:\/\/projekt.vombat.ee\/eco\/pood\/elektrirattad\/linnarattad\/fafrees-f20-max-22-5ah-elektriratas-160-km\/","url":"https:\/\/projekt.vombat.ee\/eco\/pood\/elektrirattad\/linnarattad\/fafrees-f20-max-22-5ah-elektriratas-160-km\/","name":"Fafrees F200 Max 22.5Ah Elektriratas, 160 km - Ecocruiser","isPartOf":{"@id":"https:\/\/projekt.vombat.ee\/eco\/#website"},"primaryImageOfPage":{"@id":"https:\/\/projekt.vombat.ee\/eco\/pood\/elektrirattad\/linnarattad\/fafrees-f20-max-22-5ah-elektriratas-160-km\/#primaryimage"},"image":{"@id":"https:\/\/projekt.vombat.ee\/eco\/pood\/elektrirattad\/linnarattad\/fafrees-f20-max-22-5ah-elektriratas-160-km\/#primaryimage"},"thumbnailUrl":"https:\/\/projekt.vombat.ee\/eco\/wp-content\/uploads\/2024\/02\/Untitled-design-93.png","datePublished":"2024-02-15T10:58:35+00:00","dateModified":"2024-04-08T10:40:32+00:00","description":"Fafrees F20 Max elektriratas on F20 k\u00f5ige v\u00f5imsam mudel Mootor: 250 W 48V (690W) Aku: 48V 22.5AH 1080Wh Laadimisaeg: 6-7 h Maksimaalne s\u00f5iduulatus abire\u017eiimil: 140-160 km Vaikimisi tippkiirus: 25 km\/h Maksimaalne kiirus p\u00e4rast avamist: 25km\/h Maksimaalne s\u00f5iduulatus elektri\u017eiimil: 100-120 km Maksimaalne Kandev\u00f5ime: 150 kg Soovitatav s\u00f5itja pikkus: 160-200cm","breadcrumb":{"@id":"https:\/\/projekt.vombat.ee\/eco\/pood\/elektrirattad\/linnarattad\/fafrees-f20-max-22-5ah-elektriratas-160-km\/#breadcrumb"},"inLanguage":"en-GB","potentialAction":[{"@type":"ReadAction","target":["https:\/\/projekt.vombat.ee\/eco\/pood\/elektrirattad\/linnarattad\/fafrees-f20-max-22-5ah-elektriratas-160-km\/"]}]},{"@type":"ImageObject","inLanguage":"en-GB","@id":"https:\/\/projekt.vombat.ee\/eco\/pood\/elektrirattad\/linnarattad\/fafrees-f20-max-22-5ah-elektriratas-160-km\/#primaryimage","url":"https:\/\/projekt.vombat.ee\/eco\/wp-content\/uploads\/2024\/02\/Untitled-design-93.png","contentUrl":"https:\/\/projekt.vombat.ee\/eco\/wp-content\/uploads\/2024\/02\/Untitled-design-93.png","width":1000,"height":1000},{"@type":"BreadcrumbList","@id":"https:\/\/projekt.vombat.ee\/eco\/pood\/elektrirattad\/linnarattad\/fafrees-f20-max-22-5ah-elektriratas-160-km\/#breadcrumb","itemListElement":[{"@type":"ListItem","position":1,"name":"Home","item":"https:\/\/projekt.vombat.ee\/eco\/"},{"@type":"ListItem","position":2,"name":"Pood","item":"https:\/\/projekt.vombat.ee\/eco\/pood\/"},{"@type":"ListItem","position":3,"name":"Fafrees F200 Max 22.5Ah Elektriratas, 160 km"}]},{"@type":"WebSite","@id":"https:\/\/projekt.vombat.ee\/eco\/#website","url":"https:\/\/projekt.vombat.ee\/eco\/","name":"Ecocruiser","description":"","publisher":{"@id":"https:\/\/projekt.vombat.ee\/eco\/#organization"},"potentialAction":[{"@type":"SearchAction","target":{"@type":"EntryPoint","urlTemplate":"https:\/\/projekt.vombat.ee\/eco\/?s={search_term_string}"},"query-input":{"@type":"PropertyValueSpecification","valueRequired":true,"valueName":"search_term_string"}}],"inLanguage":"en-GB"},{"@type":"Organization","@id":"https:\/\/projekt.vombat.ee\/eco\/#organization","name":"Ecocruiser","url":"https:\/\/projekt.vombat.ee\/eco\/","logo":{"@type":"ImageObject","inLanguage":"en-GB","@id":"https:\/\/projekt.vombat.ee\/eco\/#\/schema\/logo\/image\/","url":"https:\/\/projekt.vombat.ee\/eco\/wp-content\/uploads\/2023\/03\/ECOCRUISER_5.png","contentUrl":"https:\/\/projekt.vombat.ee\/eco\/wp-content\/uploads\/2023\/03\/ECOCRUISER_5.png","width":234,"height":91,"caption":"Ecocruiser"},"image":{"@id":"https:\/\/projekt.vombat.ee\/eco\/#\/schema\/logo\/image\/"}}]}},"lang":"et","translations":{"et":14269},"pll_sync_post":[],"_links":{"self":[{"href":"https:\/\/projekt.vombat.ee\/eco\/wp-json\/wp\/v2\/product\/14269"}],"collection":[{"href":"https:\/\/projekt.vombat.ee\/eco\/wp-json\/wp\/v2\/product"}],"about":[{"href":"https:\/\/projekt.vombat.ee\/eco\/wp-json\/wp\/v2\/types\/product"}],"version-history":[{"count":5,"href":"https:\/\/projekt.vombat.ee\/eco\/wp-json\/wp\/v2\/product\/14269\/revisions"}],"predecessor-version":[{"id":15566,"href":"https:\/\/projekt.vombat.ee\/eco\/wp-json\/wp\/v2\/product\/14269\/revisions\/15566"}],"wp:featuredmedia":[{"embeddable":true,"href":"https:\/\/projekt.vombat.ee\/eco\/wp-json\/wp\/v2\/media\/15563"}],"wp:attachment":[{"href":"https:\/\/projekt.vombat.ee\/eco\/wp-json\/wp\/v2\/media?parent=14269"}],"wp:term":[{"taxonomy":"product_cat","embeddable":true,"href":"https:\/\/projekt.vombat.ee\/eco\/wp-json\/wp\/v2\/product_cat?post=14269"},{"taxonomy":"product_tag","embeddable":true,"href":"https:\/\/projekt.vombat.ee\/eco\/wp-json\/wp\/v2\/product_tag?post=14269"}],"curies":[{"name":"wp","href":"https:\/\/api.w.org\/{rel}","templated":true}]}}