{"id":14131,"date":"2024-02-19T12:37:44","date_gmt":"2024-02-19T12:37:44","guid":{"rendered":"https:\/\/projekt.vombat.ee\/eco\/?post_type=product&#038;p=14131"},"modified":"2024-05-02T17:28:05","modified_gmt":"2024-05-02T17:28:05","slug":"fucare-taurus-elektriline-maastikuratas-145-km","status":"publish","type":"product","link":"https:\/\/projekt.vombat.ee\/eco\/pood\/elektrirattad\/maastikurattad\/fucare-taurus-elektriline-maastikuratas-145-km\/","title":{"rendered":"Fucare Taurus Elektriline Maastikuratas, 145 km"},"content":{"rendered":"<div class=\"youtube responsive-embed wp-embed\"><iframe title=\"Fucare Taurus | New  Launch  | Mountain Cross-Country Ebike\" width=\"1778\" height=\"1000\" src=\"https:\/\/www.youtube.com\/embed\/u3_3xcpdXRY?feature=oembed&#038;enablejsapi=1&#038;rel=0&#038;showinfo=0&#038;color=white\" frameborder=\"0\" allow=\"accelerometer; autoplay; clipboard-write; encrypted-media; gyroscope; picture-in-picture; web-share\" referrerpolicy=\"strict-origin-when-cross-origin\" allowfullscreen><\/iframe><\/div>\n<h3>Rajavalmis k\u00e4igukast<\/h3>\n<p>Vallutage off-road takistusi enesekindlalt t\u00e4nu Shimano 8-k\u00e4igulisele k\u00e4igukastile. L\u00fclita k\u00e4igud sujuvalt \u00fcmber, kui liigud keerulistel radadel. Shimano t\u00e4psus ja usaldusv\u00e4\u00e4rsus tagavad, et teie off-road s\u00f5idud on tagatud tundlike k\u00e4iguvahetustega, mis annavad parima tulemuse ka k\u00f5ige raskematel maastikel.<\/p>\n<p>&nbsp;<\/p>\n<h3>4,2&#8221; v\u00e4rviline ekraan<\/h3>\n<p>Taurus on varustatud 4,2&#8221; v\u00e4rvilise ekraaniga, mis esitab suurep\u00e4raselt s\u00f5iduandmeid, aku taset ja olekut. Intuitiivne v\u00e4rviline LCD-ekraan tagab probleemideta kasutamise, samal ajal kui USB-laadimisfunktsioon tagab, et teie seadmed on teekonnaks valmis.<\/p>\n<p>&nbsp;<\/p>\n<h3>Valgustage teed<\/h3>\n<p>Navigeerige \u00f6\u00f6sel meie erakordselt v\u00f5imeka LED-esitulega. V\u00f5imas valgusvihk l\u00f5ikab l\u00e4bi pimeduse, pakkudes selget \u00fclevaadet \u00fcmbritsevast. S\u00f5itke julgelt, teades, et meie LED-esituli on teie usaldusv\u00e4\u00e4rne teejuht igas kurvis.<\/p>\n<p>&nbsp;<\/p>\n<h3>250W v\u00f5imas harjavaba mootor<\/h3>\n<p>Vallutage m\u00e4gesid h\u00f5lpsasti, kasutades tugevat 250W harjadeta mootorit. 80Nm p\u00f6\u00f6rdemomendiga tagab see mootor v\u00f5imsa m\u00e4kket\u00f5usu.<\/p>\n<p>&nbsp;<\/p>\n<h3>48V 25Ah (1200Wh) Samsungi liitiumaku<\/h3>\n<p>Taurus on varustatud Samsungi 48V25Ah liitiumakuga, mis pakub tugevat energiat, et h\u00f5lpsasti vallutada j\u00e4rsud n\u00f5lvad ja keerulised maastikud.<\/p>\n<p>&nbsp;<\/p>\n","protected":false},"excerpt":{"rendered":"<p><strong>Fucare Taurus<\/strong>\u00a0\u2013 v\u00f5imas ja mugav elektriratas, mis pakub sujuvat ja nauditavat s\u00f5idukogemust nii linnas kui ka maastikul.<\/p>\n<p>Vali<strong> Fucare Taurus<\/strong>\u00a0ja avasta uued v\u00f5imalused liikumiseks!<\/p>\n<ul>\n<li>Mootor: 250W<\/li>\n<li>Aku mahutavus: 25Ah Samsung aku<\/li>\n<li>S\u00f5iduulatus: 65-145km<\/li>\n<li>Tippkiirus: 25km\/h<\/li>\n<\/ul>\n<p>\u2666\u00a0<strong>Tarneaeg 2-6 p\u00e4eva<\/strong><br \/>\n\u2666\u00a0<strong>Laos<\/strong><\/p>\n<p><b>Garantii: 2 aastat!<\/b><\/p>\n","protected":false},"featured_media":16443,"template":"","meta":[],"product_cat":[52,905],"product_tag":[],"class_list":{"0":"post-14131","1":"product","2":"type-product","3":"status-publish","4":"has-post-thumbnail","6":"product_cat-elektrirattad","7":"product_cat-maastikurattad","9":"first","10":"instock","11":"sale","12":"taxable","13":"shipping-taxable","14":"purchasable","15":"product-type-variable"},"yoast_head":"<!-- This site is optimized with the Yoast SEO plugin v23.8 - https:\/\/yoast.com\/wordpress\/plugins\/seo\/ -->\n<title>Fucare Taurus Elektriline Maastikuratas, 145 km - Ecocruiser<\/title>\n<meta name=\"description\" content=\"Fucare Taurus on v\u00f5imas ja vastupidav elektriline maastikuratas, mis on loodud seiklushimulistele s\u00f5itjatele. Selle robustne raam ja kvaliteetsed komponendid tagavad suurep\u00e4rase vastupidavuse ja stabiilsuse ka k\u00f5ige keerulisemates tingimustes. Taurusel on v\u00f5imas mootor, mis v\u00f5imaldab vallutada n\u00f5lvu ja l\u00e4bida raskemaid maastikke ilma pingutuseta. Lisaks on sellel elektrirattal nutikad funktsioonid, nagu n\u00e4iteks erinevad s\u00f5idure\u017eiimid ja aku j\u00e4lgimiss\u00fcsteem, mis tagavad sujuva ja kontrollitud s\u00f5idukogemuse igal teekonnal. Avasta maastikur\u00f5\u00f5mud uuel tasemel koos Fucare Taurus elektrilise maastikurattaga.\" \/>\n<meta name=\"robots\" content=\"noindex, follow, max-snippet:-1, max-image-preview:large, max-video-preview:-1\" \/>\n<meta property=\"og:locale\" content=\"en_GB\" \/>\n<meta property=\"og:type\" content=\"article\" \/>\n<meta property=\"og:title\" content=\"Fucare Taurus Elektriline Maastikuratas, 145 km - Ecocruiser\" \/>\n<meta property=\"og:description\" content=\"Fucare Taurus on v\u00f5imas ja vastupidav elektriline maastikuratas, mis on loodud seiklushimulistele s\u00f5itjatele. Selle robustne raam ja kvaliteetsed komponendid tagavad suurep\u00e4rase vastupidavuse ja stabiilsuse ka k\u00f5ige keerulisemates tingimustes. Taurusel on v\u00f5imas mootor, mis v\u00f5imaldab vallutada n\u00f5lvu ja l\u00e4bida raskemaid maastikke ilma pingutuseta. Lisaks on sellel elektrirattal nutikad funktsioonid, nagu n\u00e4iteks erinevad s\u00f5idure\u017eiimid ja aku j\u00e4lgimiss\u00fcsteem, mis tagavad sujuva ja kontrollitud s\u00f5idukogemuse igal teekonnal. Avasta maastikur\u00f5\u00f5mud uuel tasemel koos Fucare Taurus elektrilise maastikurattaga.\" \/>\n<meta property=\"og:url\" content=\"https:\/\/projekt.vombat.ee\/eco\/pood\/elektrirattad\/maastikurattad\/fucare-taurus-elektriline-maastikuratas-145-km\/\" \/>\n<meta property=\"og:site_name\" content=\"Ecocruiser\" \/>\n<meta property=\"article:modified_time\" content=\"2024-05-02T17:28:05+00:00\" \/>\n<meta property=\"og:image\" content=\"https:\/\/projekt.vombat.ee\/eco\/wp-content\/uploads\/2024\/02\/Untitled-design-2024-04-22T223612.206.png\" \/>\n\t<meta property=\"og:image:width\" content=\"1000\" \/>\n\t<meta property=\"og:image:height\" content=\"1000\" \/>\n\t<meta property=\"og:image:type\" content=\"image\/png\" \/>\n<meta name=\"twitter:card\" content=\"summary_large_image\" \/>\n<meta name=\"twitter:label1\" content=\"Estimated reading time\" \/>\n\t<meta name=\"twitter:data1\" content=\"1 minute\" \/>\n<script type=\"application\/ld+json\" class=\"yoast-schema-graph\">{\"@context\":\"https:\/\/schema.org\",\"@graph\":[{\"@type\":\"WebPage\",\"@id\":\"https:\/\/projekt.vombat.ee\/eco\/pood\/elektrirattad\/maastikurattad\/fucare-taurus-elektriline-maastikuratas-145-km\/\",\"url\":\"https:\/\/projekt.vombat.ee\/eco\/pood\/elektrirattad\/maastikurattad\/fucare-taurus-elektriline-maastikuratas-145-km\/\",\"name\":\"Fucare Taurus Elektriline Maastikuratas, 145 km - Ecocruiser\",\"isPartOf\":{\"@id\":\"https:\/\/projekt.vombat.ee\/eco\/#website\"},\"primaryImageOfPage\":{\"@id\":\"https:\/\/projekt.vombat.ee\/eco\/pood\/elektrirattad\/maastikurattad\/fucare-taurus-elektriline-maastikuratas-145-km\/#primaryimage\"},\"image\":{\"@id\":\"https:\/\/projekt.vombat.ee\/eco\/pood\/elektrirattad\/maastikurattad\/fucare-taurus-elektriline-maastikuratas-145-km\/#primaryimage\"},\"thumbnailUrl\":\"https:\/\/projekt.vombat.ee\/eco\/wp-content\/uploads\/2024\/02\/Untitled-design-2024-04-22T223612.206.png\",\"datePublished\":\"2024-02-19T12:37:44+00:00\",\"dateModified\":\"2024-05-02T17:28:05+00:00\",\"description\":\"Fucare Taurus on v\u00f5imas ja vastupidav elektriline maastikuratas, mis on loodud seiklushimulistele s\u00f5itjatele. Selle robustne raam ja kvaliteetsed komponendid tagavad suurep\u00e4rase vastupidavuse ja stabiilsuse ka k\u00f5ige keerulisemates tingimustes. Taurusel on v\u00f5imas mootor, mis v\u00f5imaldab vallutada n\u00f5lvu ja l\u00e4bida raskemaid maastikke ilma pingutuseta. Lisaks on sellel elektrirattal nutikad funktsioonid, nagu n\u00e4iteks erinevad s\u00f5idure\u017eiimid ja aku j\u00e4lgimiss\u00fcsteem, mis tagavad sujuva ja kontrollitud s\u00f5idukogemuse igal teekonnal. Avasta maastikur\u00f5\u00f5mud uuel tasemel koos Fucare Taurus elektrilise maastikurattaga.\",\"breadcrumb\":{\"@id\":\"https:\/\/projekt.vombat.ee\/eco\/pood\/elektrirattad\/maastikurattad\/fucare-taurus-elektriline-maastikuratas-145-km\/#breadcrumb\"},\"inLanguage\":\"en-GB\",\"potentialAction\":[{\"@type\":\"ReadAction\",\"target\":[\"https:\/\/projekt.vombat.ee\/eco\/pood\/elektrirattad\/maastikurattad\/fucare-taurus-elektriline-maastikuratas-145-km\/\"]}]},{\"@type\":\"ImageObject\",\"inLanguage\":\"en-GB\",\"@id\":\"https:\/\/projekt.vombat.ee\/eco\/pood\/elektrirattad\/maastikurattad\/fucare-taurus-elektriline-maastikuratas-145-km\/#primaryimage\",\"url\":\"https:\/\/projekt.vombat.ee\/eco\/wp-content\/uploads\/2024\/02\/Untitled-design-2024-04-22T223612.206.png\",\"contentUrl\":\"https:\/\/projekt.vombat.ee\/eco\/wp-content\/uploads\/2024\/02\/Untitled-design-2024-04-22T223612.206.png\",\"width\":1000,\"height\":1000},{\"@type\":\"BreadcrumbList\",\"@id\":\"https:\/\/projekt.vombat.ee\/eco\/pood\/elektrirattad\/maastikurattad\/fucare-taurus-elektriline-maastikuratas-145-km\/#breadcrumb\",\"itemListElement\":[{\"@type\":\"ListItem\",\"position\":1,\"name\":\"Home\",\"item\":\"https:\/\/projekt.vombat.ee\/eco\/\"},{\"@type\":\"ListItem\",\"position\":2,\"name\":\"Pood\",\"item\":\"https:\/\/projekt.vombat.ee\/eco\/pood\/\"},{\"@type\":\"ListItem\",\"position\":3,\"name\":\"Fucare Taurus Elektriline Maastikuratas, 145 km\"}]},{\"@type\":\"WebSite\",\"@id\":\"https:\/\/projekt.vombat.ee\/eco\/#website\",\"url\":\"https:\/\/projekt.vombat.ee\/eco\/\",\"name\":\"Ecocruiser\",\"description\":\"\",\"publisher\":{\"@id\":\"https:\/\/projekt.vombat.ee\/eco\/#organization\"},\"potentialAction\":[{\"@type\":\"SearchAction\",\"target\":{\"@type\":\"EntryPoint\",\"urlTemplate\":\"https:\/\/projekt.vombat.ee\/eco\/?s={search_term_string}\"},\"query-input\":{\"@type\":\"PropertyValueSpecification\",\"valueRequired\":true,\"valueName\":\"search_term_string\"}}],\"inLanguage\":\"en-GB\"},{\"@type\":\"Organization\",\"@id\":\"https:\/\/projekt.vombat.ee\/eco\/#organization\",\"name\":\"Ecocruiser\",\"url\":\"https:\/\/projekt.vombat.ee\/eco\/\",\"logo\":{\"@type\":\"ImageObject\",\"inLanguage\":\"en-GB\",\"@id\":\"https:\/\/projekt.vombat.ee\/eco\/#\/schema\/logo\/image\/\",\"url\":\"https:\/\/projekt.vombat.ee\/eco\/wp-content\/uploads\/2023\/03\/ECOCRUISER_5.png\",\"contentUrl\":\"https:\/\/projekt.vombat.ee\/eco\/wp-content\/uploads\/2023\/03\/ECOCRUISER_5.png\",\"width\":234,\"height\":91,\"caption\":\"Ecocruiser\"},\"image\":{\"@id\":\"https:\/\/projekt.vombat.ee\/eco\/#\/schema\/logo\/image\/\"}}]}<\/script>\n<!-- \/ Yoast SEO plugin. -->","yoast_head_json":{"title":"Fucare Taurus Elektriline Maastikuratas, 145 km - Ecocruiser","description":"Fucare Taurus on v\u00f5imas ja vastupidav elektriline maastikuratas, mis on loodud seiklushimulistele s\u00f5itjatele. Selle robustne raam ja kvaliteetsed komponendid tagavad suurep\u00e4rase vastupidavuse ja stabiilsuse ka k\u00f5ige keerulisemates tingimustes. Taurusel on v\u00f5imas mootor, mis v\u00f5imaldab vallutada n\u00f5lvu ja l\u00e4bida raskemaid maastikke ilma pingutuseta. Lisaks on sellel elektrirattal nutikad funktsioonid, nagu n\u00e4iteks erinevad s\u00f5idure\u017eiimid ja aku j\u00e4lgimiss\u00fcsteem, mis tagavad sujuva ja kontrollitud s\u00f5idukogemuse igal teekonnal. Avasta maastikur\u00f5\u00f5mud uuel tasemel koos Fucare Taurus elektrilise maastikurattaga.","robots":{"index":"noindex","follow":"follow","max-snippet":"max-snippet:-1","max-image-preview":"max-image-preview:large","max-video-preview":"max-video-preview:-1"},"og_locale":"en_GB","og_type":"article","og_title":"Fucare Taurus Elektriline Maastikuratas, 145 km - Ecocruiser","og_description":"Fucare Taurus on v\u00f5imas ja vastupidav elektriline maastikuratas, mis on loodud seiklushimulistele s\u00f5itjatele. Selle robustne raam ja kvaliteetsed komponendid tagavad suurep\u00e4rase vastupidavuse ja stabiilsuse ka k\u00f5ige keerulisemates tingimustes. Taurusel on v\u00f5imas mootor, mis v\u00f5imaldab vallutada n\u00f5lvu ja l\u00e4bida raskemaid maastikke ilma pingutuseta. Lisaks on sellel elektrirattal nutikad funktsioonid, nagu n\u00e4iteks erinevad s\u00f5idure\u017eiimid ja aku j\u00e4lgimiss\u00fcsteem, mis tagavad sujuva ja kontrollitud s\u00f5idukogemuse igal teekonnal. Avasta maastikur\u00f5\u00f5mud uuel tasemel koos Fucare Taurus elektrilise maastikurattaga.","og_url":"https:\/\/projekt.vombat.ee\/eco\/pood\/elektrirattad\/maastikurattad\/fucare-taurus-elektriline-maastikuratas-145-km\/","og_site_name":"Ecocruiser","article_modified_time":"2024-05-02T17:28:05+00:00","og_image":[{"width":1000,"height":1000,"url":"https:\/\/projekt.vombat.ee\/eco\/wp-content\/uploads\/2024\/02\/Untitled-design-2024-04-22T223612.206.png","type":"image\/png"}],"twitter_card":"summary_large_image","twitter_misc":{"Estimated reading time":"1 minute"},"schema":{"@context":"https:\/\/schema.org","@graph":[{"@type":"WebPage","@id":"https:\/\/projekt.vombat.ee\/eco\/pood\/elektrirattad\/maastikurattad\/fucare-taurus-elektriline-maastikuratas-145-km\/","url":"https:\/\/projekt.vombat.ee\/eco\/pood\/elektrirattad\/maastikurattad\/fucare-taurus-elektriline-maastikuratas-145-km\/","name":"Fucare Taurus Elektriline Maastikuratas, 145 km - Ecocruiser","isPartOf":{"@id":"https:\/\/projekt.vombat.ee\/eco\/#website"},"primaryImageOfPage":{"@id":"https:\/\/projekt.vombat.ee\/eco\/pood\/elektrirattad\/maastikurattad\/fucare-taurus-elektriline-maastikuratas-145-km\/#primaryimage"},"image":{"@id":"https:\/\/projekt.vombat.ee\/eco\/pood\/elektrirattad\/maastikurattad\/fucare-taurus-elektriline-maastikuratas-145-km\/#primaryimage"},"thumbnailUrl":"https:\/\/projekt.vombat.ee\/eco\/wp-content\/uploads\/2024\/02\/Untitled-design-2024-04-22T223612.206.png","datePublished":"2024-02-19T12:37:44+00:00","dateModified":"2024-05-02T17:28:05+00:00","description":"Fucare Taurus on v\u00f5imas ja vastupidav elektriline maastikuratas, mis on loodud seiklushimulistele s\u00f5itjatele. Selle robustne raam ja kvaliteetsed komponendid tagavad suurep\u00e4rase vastupidavuse ja stabiilsuse ka k\u00f5ige keerulisemates tingimustes. Taurusel on v\u00f5imas mootor, mis v\u00f5imaldab vallutada n\u00f5lvu ja l\u00e4bida raskemaid maastikke ilma pingutuseta. Lisaks on sellel elektrirattal nutikad funktsioonid, nagu n\u00e4iteks erinevad s\u00f5idure\u017eiimid ja aku j\u00e4lgimiss\u00fcsteem, mis tagavad sujuva ja kontrollitud s\u00f5idukogemuse igal teekonnal. Avasta maastikur\u00f5\u00f5mud uuel tasemel koos Fucare Taurus elektrilise maastikurattaga.","breadcrumb":{"@id":"https:\/\/projekt.vombat.ee\/eco\/pood\/elektrirattad\/maastikurattad\/fucare-taurus-elektriline-maastikuratas-145-km\/#breadcrumb"},"inLanguage":"en-GB","potentialAction":[{"@type":"ReadAction","target":["https:\/\/projekt.vombat.ee\/eco\/pood\/elektrirattad\/maastikurattad\/fucare-taurus-elektriline-maastikuratas-145-km\/"]}]},{"@type":"ImageObject","inLanguage":"en-GB","@id":"https:\/\/projekt.vombat.ee\/eco\/pood\/elektrirattad\/maastikurattad\/fucare-taurus-elektriline-maastikuratas-145-km\/#primaryimage","url":"https:\/\/projekt.vombat.ee\/eco\/wp-content\/uploads\/2024\/02\/Untitled-design-2024-04-22T223612.206.png","contentUrl":"https:\/\/projekt.vombat.ee\/eco\/wp-content\/uploads\/2024\/02\/Untitled-design-2024-04-22T223612.206.png","width":1000,"height":1000},{"@type":"BreadcrumbList","@id":"https:\/\/projekt.vombat.ee\/eco\/pood\/elektrirattad\/maastikurattad\/fucare-taurus-elektriline-maastikuratas-145-km\/#breadcrumb","itemListElement":[{"@type":"ListItem","position":1,"name":"Home","item":"https:\/\/projekt.vombat.ee\/eco\/"},{"@type":"ListItem","position":2,"name":"Pood","item":"https:\/\/projekt.vombat.ee\/eco\/pood\/"},{"@type":"ListItem","position":3,"name":"Fucare Taurus Elektriline Maastikuratas, 145 km"}]},{"@type":"WebSite","@id":"https:\/\/projekt.vombat.ee\/eco\/#website","url":"https:\/\/projekt.vombat.ee\/eco\/","name":"Ecocruiser","description":"","publisher":{"@id":"https:\/\/projekt.vombat.ee\/eco\/#organization"},"potentialAction":[{"@type":"SearchAction","target":{"@type":"EntryPoint","urlTemplate":"https:\/\/projekt.vombat.ee\/eco\/?s={search_term_string}"},"query-input":{"@type":"PropertyValueSpecification","valueRequired":true,"valueName":"search_term_string"}}],"inLanguage":"en-GB"},{"@type":"Organization","@id":"https:\/\/projekt.vombat.ee\/eco\/#organization","name":"Ecocruiser","url":"https:\/\/projekt.vombat.ee\/eco\/","logo":{"@type":"ImageObject","inLanguage":"en-GB","@id":"https:\/\/projekt.vombat.ee\/eco\/#\/schema\/logo\/image\/","url":"https:\/\/projekt.vombat.ee\/eco\/wp-content\/uploads\/2023\/03\/ECOCRUISER_5.png","contentUrl":"https:\/\/projekt.vombat.ee\/eco\/wp-content\/uploads\/2023\/03\/ECOCRUISER_5.png","width":234,"height":91,"caption":"Ecocruiser"},"image":{"@id":"https:\/\/projekt.vombat.ee\/eco\/#\/schema\/logo\/image\/"}}]}},"lang":"et","translations":{"et":14131},"pll_sync_post":[],"_links":{"self":[{"href":"https:\/\/projekt.vombat.ee\/eco\/wp-json\/wp\/v2\/product\/14131"}],"collection":[{"href":"https:\/\/projekt.vombat.ee\/eco\/wp-json\/wp\/v2\/product"}],"about":[{"href":"https:\/\/projekt.vombat.ee\/eco\/wp-json\/wp\/v2\/types\/product"}],"version-history":[{"count":5,"href":"https:\/\/projekt.vombat.ee\/eco\/wp-json\/wp\/v2\/product\/14131\/revisions"}],"predecessor-version":[{"id":16788,"href":"https:\/\/projekt.vombat.ee\/eco\/wp-json\/wp\/v2\/product\/14131\/revisions\/16788"}],"wp:featuredmedia":[{"embeddable":true,"href":"https:\/\/projekt.vombat.ee\/eco\/wp-json\/wp\/v2\/media\/16443"}],"wp:attachment":[{"href":"https:\/\/projekt.vombat.ee\/eco\/wp-json\/wp\/v2\/media?parent=14131"}],"wp:term":[{"taxonomy":"product_cat","embeddable":true,"href":"https:\/\/projekt.vombat.ee\/eco\/wp-json\/wp\/v2\/product_cat?post=14131"},{"taxonomy":"product_tag","embeddable":true,"href":"https:\/\/projekt.vombat.ee\/eco\/wp-json\/wp\/v2\/product_tag?post=14131"}],"curies":[{"name":"wp","href":"https:\/\/api.w.org\/{rel}","templated":true}]}}