{"id":14123,"date":"2024-02-19T12:41:01","date_gmt":"2024-02-19T12:41:01","guid":{"rendered":"https:\/\/projekt.vombat.ee\/eco\/?post_type=product&#038;p=14123"},"modified":"2024-05-02T17:27:08","modified_gmt":"2024-05-02T17:27:08","slug":"fucare-gemini-step-thru-elektriratas-193-km","status":"publish","type":"product","link":"https:\/\/projekt.vombat.ee\/eco\/pood\/elektrirattad\/linnarattad\/fucare-gemini-step-thru-elektriratas-193-km\/","title":{"rendered":"Fucare Gemini Step-Thru elektriratas, 193 km"},"content":{"rendered":"<h3>Samsungi 30Ah aku<\/h3>\n<p>Gemini X on varustatud kahe 48V 15Ah akuga (kokku 30Ah), mis tagavad stabiilse t\u00f6\u00f6kindluse. Gemini tagab t\u00e4islaadimisega 80-193 kilomeetri pikkuse s\u00f5iduraadiuse. Kogege muretuid reise koos Samsungi 30Ah akuga.<\/p>\n<p><img fetchpriority=\"high\" decoding=\"async\" class=\"alignnone wp-image-16411 \" src=\"https:\/\/projekt.vombat.ee\/eco\/wp-content\/uploads\/2024\/02\/1440c33311804fbba8fee60cd4633c3d-1024x682.jpg\" alt=\"\" width=\"703\" height=\"468\" srcset=\"https:\/\/projekt.vombat.ee\/eco\/wp-content\/uploads\/2024\/02\/1440c33311804fbba8fee60cd4633c3d-1024x682.jpg 1024w, https:\/\/projekt.vombat.ee\/eco\/wp-content\/uploads\/2024\/02\/1440c33311804fbba8fee60cd4633c3d-300x200.jpg 300w, https:\/\/projekt.vombat.ee\/eco\/wp-content\/uploads\/2024\/02\/1440c33311804fbba8fee60cd4633c3d-768x511.jpg 768w, https:\/\/projekt.vombat.ee\/eco\/wp-content\/uploads\/2024\/02\/1440c33311804fbba8fee60cd4633c3d-500x333.jpg 500w, https:\/\/projekt.vombat.ee\/eco\/wp-content\/uploads\/2024\/02\/1440c33311804fbba8fee60cd4633c3d-800x533.jpg 800w, https:\/\/projekt.vombat.ee\/eco\/wp-content\/uploads\/2024\/02\/1440c33311804fbba8fee60cd4633c3d-760x506.jpg 760w, https:\/\/projekt.vombat.ee\/eco\/wp-content\/uploads\/2024\/02\/1440c33311804fbba8fee60cd4633c3d-370x246.jpg 370w, https:\/\/projekt.vombat.ee\/eco\/wp-content\/uploads\/2024\/02\/1440c33311804fbba8fee60cd4633c3d.jpg 1356w\" sizes=\"(max-width: 767px) 100vw, 703px\" \/><\/p>\n<h3>N\u00e4e ja ole n\u00e4htav<\/h3>\n<p>S\u00f5itke \u00f6\u00f6sel meie tipptasemel LED-esitulega. See ei ole lihtsalt valgus; see on teie ohutuse t\u00e4his. Ere, fokuseeritud valgusvihk ei valgusta mitte ainult teie teed, vaid tagab ka selle, et te olete teistele liiklejatele n\u00e4htav.<\/p>\n<p>&nbsp;<\/p>\n<h3>5,3\u201d LCD v\u00e4rviline ekraan<\/h3>\n<p>See nutikas ekraan on teie sujuva s\u00f5idu aluseks. Iga detail on mugavalt teie k\u00e4eulatuses. Navigeerige lihtsalt intuitiivse juhtpaneeli abil, samal ajal kui USB-laadimisfunktsioon hoiab teid liikveloleku ajal voolu t\u00e4is.<\/p>\n<p><img decoding=\"async\" class=\"alignnone wp-image-16409 \" src=\"https:\/\/projekt.vombat.ee\/eco\/wp-content\/uploads\/2024\/02\/b7df6627775b9cf7c95604118237bc28.png\" alt=\"\" width=\"602\" height=\"601\" srcset=\"https:\/\/projekt.vombat.ee\/eco\/wp-content\/uploads\/2024\/02\/b7df6627775b9cf7c95604118237bc28.png 901w, https:\/\/projekt.vombat.ee\/eco\/wp-content\/uploads\/2024\/02\/b7df6627775b9cf7c95604118237bc28-300x300.png 300w, https:\/\/projekt.vombat.ee\/eco\/wp-content\/uploads\/2024\/02\/b7df6627775b9cf7c95604118237bc28-150x150.png 150w, https:\/\/projekt.vombat.ee\/eco\/wp-content\/uploads\/2024\/02\/b7df6627775b9cf7c95604118237bc28-768x767.png 768w, https:\/\/projekt.vombat.ee\/eco\/wp-content\/uploads\/2024\/02\/b7df6627775b9cf7c95604118237bc28-500x499.png 500w, https:\/\/projekt.vombat.ee\/eco\/wp-content\/uploads\/2024\/02\/b7df6627775b9cf7c95604118237bc28-800x799.png 800w, https:\/\/projekt.vombat.ee\/eco\/wp-content\/uploads\/2024\/02\/b7df6627775b9cf7c95604118237bc28-50x50.png 50w, https:\/\/projekt.vombat.ee\/eco\/wp-content\/uploads\/2024\/02\/b7df6627775b9cf7c95604118237bc28-100x100.png 100w, https:\/\/projekt.vombat.ee\/eco\/wp-content\/uploads\/2024\/02\/b7df6627775b9cf7c95604118237bc28-370x370.png 370w, https:\/\/projekt.vombat.ee\/eco\/wp-content\/uploads\/2024\/02\/b7df6627775b9cf7c95604118237bc28-75x75.png 75w, https:\/\/projekt.vombat.ee\/eco\/wp-content\/uploads\/2024\/02\/b7df6627775b9cf7c95604118237bc28-760x759.png 760w\" sizes=\"(max-width: 767px) 100vw, 602px\" \/><\/p>\n<h3>250W v\u00f5imas harjavaba mootor<\/h3>\n<p>Vallutage m\u00e4gesid h\u00f5lpsasti, kasutades tugevat 250W harjadeta mootorit. 80Nm p\u00f6\u00f6rdemomendiga tagab see mootor v\u00f5imsa m\u00e4kket\u00f5usu.<\/p>\n<p><img decoding=\"async\" class=\"alignnone wp-image-16408 size-trx_addons-thumb-big\" src=\"https:\/\/projekt.vombat.ee\/eco\/wp-content\/uploads\/2024\/02\/b7cd1e82efbbc39357f3a26b66f31062-760x428.jpg\" alt=\"\" width=\"760\" height=\"428\" srcset=\"https:\/\/projekt.vombat.ee\/eco\/wp-content\/uploads\/2024\/02\/b7cd1e82efbbc39357f3a26b66f31062-760x428.jpg 760w, https:\/\/projekt.vombat.ee\/eco\/wp-content\/uploads\/2024\/02\/b7cd1e82efbbc39357f3a26b66f31062-370x208.jpg 370w, https:\/\/projekt.vombat.ee\/eco\/wp-content\/uploads\/2024\/02\/b7cd1e82efbbc39357f3a26b66f31062-270x152.jpg 270w\" sizes=\"(max-width: 767px) 100vw, 760px\" \/><\/p>\n<h3>Kvaliteetsed pidurid<\/h3>\n<p>Halda oma s\u00f5itu h\u00fcdrauliliste 180 mm ketaspiduritega. Nii linnat\u00e4navatel kui ka karmidel radadel liikudes tagavad pidurid tundliku ja usaldusv\u00e4\u00e4rse pidurdamise, mis annab sulle t\u00e4ieliku kontrolli juhtimisel.<\/p>\n<p>&nbsp;<\/p>\n","protected":false},"excerpt":{"rendered":"<p><strong>Fucare Gemini Step-Thru<\/strong>\u00a0\u2013 v\u00f5imas ja mugav elektriratas, mis pakub sujuvat ja nauditavat s\u00f5idukogemust nii linnas kui ka maastikul.<\/p>\n<p>Vali<strong> Fucare Gemini Step-Thru <\/strong>ja avasta uued v\u00f5imalused liikumiseks!<\/p>\n<ul>\n<li>Mootor: 250W<\/li>\n<li>Aku mahutavus: 30Ah Samsung aku<\/li>\n<li>S\u00f5iduulatus: 75-193km<\/li>\n<li>Tippkiirus: 25km\/h<\/li>\n<\/ul>\n<p>\u2666\u00a0<strong>Tarneaeg 2-6 p\u00e4eva<\/strong><br \/>\n\u2666\u00a0<strong>Laos<\/strong><\/p>\n<p><b>Garantii: 2 aastat!<\/b><\/p>\n","protected":false},"featured_media":16401,"template":"","meta":[],"product_cat":[52,903,905],"product_tag":[],"class_list":{"0":"post-14123","1":"product","2":"type-product","3":"status-publish","4":"has-post-thumbnail","6":"product_cat-elektrirattad","7":"product_cat-linnarattad","8":"product_cat-maastikurattad","10":"first","11":"instock","12":"taxable","13":"shipping-taxable","14":"purchasable","15":"product-type-variable"},"yoast_head":"<!-- This site is optimized with the Yoast SEO plugin v23.8 - https:\/\/yoast.com\/wordpress\/plugins\/seo\/ -->\n<title>Fucare Gemini Step-Thru elektriratas, 193 km - Ecocruiser<\/title>\n<meta name=\"description\" content=\"Fucare Gemini Step-Thru on tipptasemel elektriratas, mis pakub suurep\u00e4rast kombinatsiooni j\u00f5udlusest, mugavusest ja stiilist. Selle k\u00f5rgtehnoloogiline disain ja v\u00f5imas mootor tagavad sujuva s\u00f5idukogemuse igal teekonnal. \u00dchendades endas kvaliteetsed komponendid ja nutikad funktsioonid, on Fucare Gemini Step-Thru parim valik nii linnas kui ka maastikul s\u00f5itmiseks. Avasta uus tasand s\u00f5idumugavusest koos Fucare Gemini Step-Thru elektrirattaga.\" \/>\n<meta name=\"robots\" content=\"noindex, follow, max-snippet:-1, max-image-preview:large, max-video-preview:-1\" \/>\n<meta property=\"og:locale\" content=\"en_GB\" \/>\n<meta property=\"og:type\" content=\"article\" \/>\n<meta property=\"og:title\" content=\"Fucare Gemini Step-Thru elektriratas, 193 km - Ecocruiser\" \/>\n<meta property=\"og:description\" content=\"Fucare Gemini Step-Thru on tipptasemel elektriratas, mis pakub suurep\u00e4rast kombinatsiooni j\u00f5udlusest, mugavusest ja stiilist. Selle k\u00f5rgtehnoloogiline disain ja v\u00f5imas mootor tagavad sujuva s\u00f5idukogemuse igal teekonnal. \u00dchendades endas kvaliteetsed komponendid ja nutikad funktsioonid, on Fucare Gemini Step-Thru parim valik nii linnas kui ka maastikul s\u00f5itmiseks. Avasta uus tasand s\u00f5idumugavusest koos Fucare Gemini Step-Thru elektrirattaga.\" \/>\n<meta property=\"og:url\" content=\"https:\/\/projekt.vombat.ee\/eco\/pood\/elektrirattad\/linnarattad\/fucare-gemini-step-thru-elektriratas-193-km\/\" \/>\n<meta property=\"og:site_name\" content=\"Ecocruiser\" \/>\n<meta property=\"article:modified_time\" content=\"2024-05-02T17:27:08+00:00\" \/>\n<meta property=\"og:image\" content=\"https:\/\/projekt.vombat.ee\/eco\/wp-content\/uploads\/2024\/02\/Untitled-design-2024-04-22T213040.376.png\" \/>\n\t<meta property=\"og:image:width\" content=\"1000\" \/>\n\t<meta property=\"og:image:height\" content=\"1000\" \/>\n\t<meta property=\"og:image:type\" content=\"image\/png\" \/>\n<meta name=\"twitter:card\" content=\"summary_large_image\" \/>\n<meta name=\"twitter:label1\" content=\"Estimated reading time\" \/>\n\t<meta name=\"twitter:data1\" content=\"2 minutes\" \/>\n<script type=\"application\/ld+json\" class=\"yoast-schema-graph\">{\"@context\":\"https:\/\/schema.org\",\"@graph\":[{\"@type\":\"WebPage\",\"@id\":\"https:\/\/projekt.vombat.ee\/eco\/pood\/elektrirattad\/linnarattad\/fucare-gemini-step-thru-elektriratas-193-km\/\",\"url\":\"https:\/\/projekt.vombat.ee\/eco\/pood\/elektrirattad\/linnarattad\/fucare-gemini-step-thru-elektriratas-193-km\/\",\"name\":\"Fucare Gemini Step-Thru elektriratas, 193 km - Ecocruiser\",\"isPartOf\":{\"@id\":\"https:\/\/projekt.vombat.ee\/eco\/#website\"},\"primaryImageOfPage\":{\"@id\":\"https:\/\/projekt.vombat.ee\/eco\/pood\/elektrirattad\/linnarattad\/fucare-gemini-step-thru-elektriratas-193-km\/#primaryimage\"},\"image\":{\"@id\":\"https:\/\/projekt.vombat.ee\/eco\/pood\/elektrirattad\/linnarattad\/fucare-gemini-step-thru-elektriratas-193-km\/#primaryimage\"},\"thumbnailUrl\":\"https:\/\/projekt.vombat.ee\/eco\/wp-content\/uploads\/2024\/02\/Untitled-design-2024-04-22T213040.376.png\",\"datePublished\":\"2024-02-19T12:41:01+00:00\",\"dateModified\":\"2024-05-02T17:27:08+00:00\",\"description\":\"Fucare Gemini Step-Thru on tipptasemel elektriratas, mis pakub suurep\u00e4rast kombinatsiooni j\u00f5udlusest, mugavusest ja stiilist. Selle k\u00f5rgtehnoloogiline disain ja v\u00f5imas mootor tagavad sujuva s\u00f5idukogemuse igal teekonnal. \u00dchendades endas kvaliteetsed komponendid ja nutikad funktsioonid, on Fucare Gemini Step-Thru parim valik nii linnas kui ka maastikul s\u00f5itmiseks. Avasta uus tasand s\u00f5idumugavusest koos Fucare Gemini Step-Thru elektrirattaga.\",\"breadcrumb\":{\"@id\":\"https:\/\/projekt.vombat.ee\/eco\/pood\/elektrirattad\/linnarattad\/fucare-gemini-step-thru-elektriratas-193-km\/#breadcrumb\"},\"inLanguage\":\"en-GB\",\"potentialAction\":[{\"@type\":\"ReadAction\",\"target\":[\"https:\/\/projekt.vombat.ee\/eco\/pood\/elektrirattad\/linnarattad\/fucare-gemini-step-thru-elektriratas-193-km\/\"]}]},{\"@type\":\"ImageObject\",\"inLanguage\":\"en-GB\",\"@id\":\"https:\/\/projekt.vombat.ee\/eco\/pood\/elektrirattad\/linnarattad\/fucare-gemini-step-thru-elektriratas-193-km\/#primaryimage\",\"url\":\"https:\/\/projekt.vombat.ee\/eco\/wp-content\/uploads\/2024\/02\/Untitled-design-2024-04-22T213040.376.png\",\"contentUrl\":\"https:\/\/projekt.vombat.ee\/eco\/wp-content\/uploads\/2024\/02\/Untitled-design-2024-04-22T213040.376.png\",\"width\":1000,\"height\":1000},{\"@type\":\"BreadcrumbList\",\"@id\":\"https:\/\/projekt.vombat.ee\/eco\/pood\/elektrirattad\/linnarattad\/fucare-gemini-step-thru-elektriratas-193-km\/#breadcrumb\",\"itemListElement\":[{\"@type\":\"ListItem\",\"position\":1,\"name\":\"Home\",\"item\":\"https:\/\/projekt.vombat.ee\/eco\/\"},{\"@type\":\"ListItem\",\"position\":2,\"name\":\"Pood\",\"item\":\"https:\/\/projekt.vombat.ee\/eco\/pood\/\"},{\"@type\":\"ListItem\",\"position\":3,\"name\":\"Fucare Gemini Step-Thru elektriratas, 193 km\"}]},{\"@type\":\"WebSite\",\"@id\":\"https:\/\/projekt.vombat.ee\/eco\/#website\",\"url\":\"https:\/\/projekt.vombat.ee\/eco\/\",\"name\":\"Ecocruiser\",\"description\":\"\",\"publisher\":{\"@id\":\"https:\/\/projekt.vombat.ee\/eco\/#organization\"},\"potentialAction\":[{\"@type\":\"SearchAction\",\"target\":{\"@type\":\"EntryPoint\",\"urlTemplate\":\"https:\/\/projekt.vombat.ee\/eco\/?s={search_term_string}\"},\"query-input\":{\"@type\":\"PropertyValueSpecification\",\"valueRequired\":true,\"valueName\":\"search_term_string\"}}],\"inLanguage\":\"en-GB\"},{\"@type\":\"Organization\",\"@id\":\"https:\/\/projekt.vombat.ee\/eco\/#organization\",\"name\":\"Ecocruiser\",\"url\":\"https:\/\/projekt.vombat.ee\/eco\/\",\"logo\":{\"@type\":\"ImageObject\",\"inLanguage\":\"en-GB\",\"@id\":\"https:\/\/projekt.vombat.ee\/eco\/#\/schema\/logo\/image\/\",\"url\":\"https:\/\/projekt.vombat.ee\/eco\/wp-content\/uploads\/2023\/03\/ECOCRUISER_5.png\",\"contentUrl\":\"https:\/\/projekt.vombat.ee\/eco\/wp-content\/uploads\/2023\/03\/ECOCRUISER_5.png\",\"width\":234,\"height\":91,\"caption\":\"Ecocruiser\"},\"image\":{\"@id\":\"https:\/\/projekt.vombat.ee\/eco\/#\/schema\/logo\/image\/\"}}]}<\/script>\n<!-- \/ Yoast SEO plugin. -->","yoast_head_json":{"title":"Fucare Gemini Step-Thru elektriratas, 193 km - Ecocruiser","description":"Fucare Gemini Step-Thru on tipptasemel elektriratas, mis pakub suurep\u00e4rast kombinatsiooni j\u00f5udlusest, mugavusest ja stiilist. Selle k\u00f5rgtehnoloogiline disain ja v\u00f5imas mootor tagavad sujuva s\u00f5idukogemuse igal teekonnal. \u00dchendades endas kvaliteetsed komponendid ja nutikad funktsioonid, on Fucare Gemini Step-Thru parim valik nii linnas kui ka maastikul s\u00f5itmiseks. Avasta uus tasand s\u00f5idumugavusest koos Fucare Gemini Step-Thru elektrirattaga.","robots":{"index":"noindex","follow":"follow","max-snippet":"max-snippet:-1","max-image-preview":"max-image-preview:large","max-video-preview":"max-video-preview:-1"},"og_locale":"en_GB","og_type":"article","og_title":"Fucare Gemini Step-Thru elektriratas, 193 km - Ecocruiser","og_description":"Fucare Gemini Step-Thru on tipptasemel elektriratas, mis pakub suurep\u00e4rast kombinatsiooni j\u00f5udlusest, mugavusest ja stiilist. Selle k\u00f5rgtehnoloogiline disain ja v\u00f5imas mootor tagavad sujuva s\u00f5idukogemuse igal teekonnal. \u00dchendades endas kvaliteetsed komponendid ja nutikad funktsioonid, on Fucare Gemini Step-Thru parim valik nii linnas kui ka maastikul s\u00f5itmiseks. Avasta uus tasand s\u00f5idumugavusest koos Fucare Gemini Step-Thru elektrirattaga.","og_url":"https:\/\/projekt.vombat.ee\/eco\/pood\/elektrirattad\/linnarattad\/fucare-gemini-step-thru-elektriratas-193-km\/","og_site_name":"Ecocruiser","article_modified_time":"2024-05-02T17:27:08+00:00","og_image":[{"width":1000,"height":1000,"url":"https:\/\/projekt.vombat.ee\/eco\/wp-content\/uploads\/2024\/02\/Untitled-design-2024-04-22T213040.376.png","type":"image\/png"}],"twitter_card":"summary_large_image","twitter_misc":{"Estimated reading time":"2 minutes"},"schema":{"@context":"https:\/\/schema.org","@graph":[{"@type":"WebPage","@id":"https:\/\/projekt.vombat.ee\/eco\/pood\/elektrirattad\/linnarattad\/fucare-gemini-step-thru-elektriratas-193-km\/","url":"https:\/\/projekt.vombat.ee\/eco\/pood\/elektrirattad\/linnarattad\/fucare-gemini-step-thru-elektriratas-193-km\/","name":"Fucare Gemini Step-Thru elektriratas, 193 km - Ecocruiser","isPartOf":{"@id":"https:\/\/projekt.vombat.ee\/eco\/#website"},"primaryImageOfPage":{"@id":"https:\/\/projekt.vombat.ee\/eco\/pood\/elektrirattad\/linnarattad\/fucare-gemini-step-thru-elektriratas-193-km\/#primaryimage"},"image":{"@id":"https:\/\/projekt.vombat.ee\/eco\/pood\/elektrirattad\/linnarattad\/fucare-gemini-step-thru-elektriratas-193-km\/#primaryimage"},"thumbnailUrl":"https:\/\/projekt.vombat.ee\/eco\/wp-content\/uploads\/2024\/02\/Untitled-design-2024-04-22T213040.376.png","datePublished":"2024-02-19T12:41:01+00:00","dateModified":"2024-05-02T17:27:08+00:00","description":"Fucare Gemini Step-Thru on tipptasemel elektriratas, mis pakub suurep\u00e4rast kombinatsiooni j\u00f5udlusest, mugavusest ja stiilist. Selle k\u00f5rgtehnoloogiline disain ja v\u00f5imas mootor tagavad sujuva s\u00f5idukogemuse igal teekonnal. \u00dchendades endas kvaliteetsed komponendid ja nutikad funktsioonid, on Fucare Gemini Step-Thru parim valik nii linnas kui ka maastikul s\u00f5itmiseks. Avasta uus tasand s\u00f5idumugavusest koos Fucare Gemini Step-Thru elektrirattaga.","breadcrumb":{"@id":"https:\/\/projekt.vombat.ee\/eco\/pood\/elektrirattad\/linnarattad\/fucare-gemini-step-thru-elektriratas-193-km\/#breadcrumb"},"inLanguage":"en-GB","potentialAction":[{"@type":"ReadAction","target":["https:\/\/projekt.vombat.ee\/eco\/pood\/elektrirattad\/linnarattad\/fucare-gemini-step-thru-elektriratas-193-km\/"]}]},{"@type":"ImageObject","inLanguage":"en-GB","@id":"https:\/\/projekt.vombat.ee\/eco\/pood\/elektrirattad\/linnarattad\/fucare-gemini-step-thru-elektriratas-193-km\/#primaryimage","url":"https:\/\/projekt.vombat.ee\/eco\/wp-content\/uploads\/2024\/02\/Untitled-design-2024-04-22T213040.376.png","contentUrl":"https:\/\/projekt.vombat.ee\/eco\/wp-content\/uploads\/2024\/02\/Untitled-design-2024-04-22T213040.376.png","width":1000,"height":1000},{"@type":"BreadcrumbList","@id":"https:\/\/projekt.vombat.ee\/eco\/pood\/elektrirattad\/linnarattad\/fucare-gemini-step-thru-elektriratas-193-km\/#breadcrumb","itemListElement":[{"@type":"ListItem","position":1,"name":"Home","item":"https:\/\/projekt.vombat.ee\/eco\/"},{"@type":"ListItem","position":2,"name":"Pood","item":"https:\/\/projekt.vombat.ee\/eco\/pood\/"},{"@type":"ListItem","position":3,"name":"Fucare Gemini Step-Thru elektriratas, 193 km"}]},{"@type":"WebSite","@id":"https:\/\/projekt.vombat.ee\/eco\/#website","url":"https:\/\/projekt.vombat.ee\/eco\/","name":"Ecocruiser","description":"","publisher":{"@id":"https:\/\/projekt.vombat.ee\/eco\/#organization"},"potentialAction":[{"@type":"SearchAction","target":{"@type":"EntryPoint","urlTemplate":"https:\/\/projekt.vombat.ee\/eco\/?s={search_term_string}"},"query-input":{"@type":"PropertyValueSpecification","valueRequired":true,"valueName":"search_term_string"}}],"inLanguage":"en-GB"},{"@type":"Organization","@id":"https:\/\/projekt.vombat.ee\/eco\/#organization","name":"Ecocruiser","url":"https:\/\/projekt.vombat.ee\/eco\/","logo":{"@type":"ImageObject","inLanguage":"en-GB","@id":"https:\/\/projekt.vombat.ee\/eco\/#\/schema\/logo\/image\/","url":"https:\/\/projekt.vombat.ee\/eco\/wp-content\/uploads\/2023\/03\/ECOCRUISER_5.png","contentUrl":"https:\/\/projekt.vombat.ee\/eco\/wp-content\/uploads\/2023\/03\/ECOCRUISER_5.png","width":234,"height":91,"caption":"Ecocruiser"},"image":{"@id":"https:\/\/projekt.vombat.ee\/eco\/#\/schema\/logo\/image\/"}}]}},"lang":"et","translations":{"et":14123},"pll_sync_post":[],"_links":{"self":[{"href":"https:\/\/projekt.vombat.ee\/eco\/wp-json\/wp\/v2\/product\/14123"}],"collection":[{"href":"https:\/\/projekt.vombat.ee\/eco\/wp-json\/wp\/v2\/product"}],"about":[{"href":"https:\/\/projekt.vombat.ee\/eco\/wp-json\/wp\/v2\/types\/product"}],"version-history":[{"count":4,"href":"https:\/\/projekt.vombat.ee\/eco\/wp-json\/wp\/v2\/product\/14123\/revisions"}],"predecessor-version":[{"id":16785,"href":"https:\/\/projekt.vombat.ee\/eco\/wp-json\/wp\/v2\/product\/14123\/revisions\/16785"}],"wp:featuredmedia":[{"embeddable":true,"href":"https:\/\/projekt.vombat.ee\/eco\/wp-json\/wp\/v2\/media\/16401"}],"wp:attachment":[{"href":"https:\/\/projekt.vombat.ee\/eco\/wp-json\/wp\/v2\/media?parent=14123"}],"wp:term":[{"taxonomy":"product_cat","embeddable":true,"href":"https:\/\/projekt.vombat.ee\/eco\/wp-json\/wp\/v2\/product_cat?post=14123"},{"taxonomy":"product_tag","embeddable":true,"href":"https:\/\/projekt.vombat.ee\/eco\/wp-json\/wp\/v2\/product_tag?post=14123"}],"curies":[{"name":"wp","href":"https:\/\/api.w.org\/{rel}","templated":true}]}}