{"id":14003,"date":"2024-02-09T02:34:17","date_gmt":"2024-02-09T02:34:17","guid":{"rendered":"https:\/\/projekt.vombat.ee\/eco\/?post_type=product&#038;p=14003"},"modified":"2024-07-28T06:56:51","modified_gmt":"2024-07-28T06:56:51","slug":"h10-elektriline-toukeratas-60-km","status":"publish","type":"product","link":"https:\/\/projekt.vombat.ee\/eco\/pood\/elektritoukerattad\/linna-toukerattad\/h10-elektriline-toukeratas-60-km\/","title":{"rendered":"Ecocruiser H10 elektriline t\u00f5ukeratas, 60 km"},"content":{"rendered":"<h1>Ecocruiser H10 Elektrit\u00f5ukeratas<\/h1>\n<p>S\u00f5ida muretult ja stiilselt t\u00e4iskasvanutele m\u00f5eldud H10 elektrilise t\u00f5ukerattaga. Tipptasemel disain ja j\u00f5udlus kohtuvad praktilisuse ja mugavusega. See kokkupandav elektrit\u00f5ukeratas pakub 800W mootoriv\u00f5imsust, kuni 40 km\/h maksimaalset kiirust ning muljetavaldavat 60 km l\u00e4bis\u00f5itu \u00fche laadimisega. Topeltdiskpidurid ja topeltesi-tagumine vedrustus tagavad suurep\u00e4rase ohutuse ja mugavuse igal s\u00f5idul. Lisaks nutikas LED-ekraan, reguleeritav k\u00f5rgus ning klassi A liitiumaku. Tutvu H10 elektrilise t\u00f5ukerattaga ja naudi vabadust liikumisel!<\/p>\n<p><img fetchpriority=\"high\" decoding=\"async\" class=\"alignnone\" src=\"https:\/\/a.allegroimg.com\/original\/11f67b\/11d0f9204011ad235e75b5a81650\/Hulajnoga-elektryczna-dla-doroslych-H10-800W-40km-h-48V15AH-60KM-10-opona-pneumatyczna-Skladana-PL-Model-H10\" alt=\"H10 elektriline t\u00f5ukeratas\" width=\"800\" height=\"800\" \/><\/p>\n<h3>Info<\/h3>\n<div class=\"w-full text-token-text-primary\" data-testid=\"conversation-turn-13\">\n<div class=\"px-4 py-2 justify-center text-base md:gap-6 m-auto\">\n<div class=\"flex flex-1 text-base mx-auto gap-3 md:px-5 lg:px-1 xl:px-5 md:max-w-3xl lg:max-w-[40rem] xl:max-w-[48rem] group\">\n<div class=\"relative flex w-full flex-col lg:w-[calc(100%-115px)] agent-turn\">\n<div class=\"flex-col gap-1 md:gap-3\">\n<div class=\"flex flex-grow flex-col max-w-full\">\n<div class=\"min-h-[20px] text-message flex flex-col items-start gap-3 whitespace-pre-wrap break-words [.text-message+&amp;]:mt-5 overflow-x-auto\" data-message-author-role=\"assistant\" data-message-id=\"277595bd-711f-406a-8fbc-6c80f04002a2\">\n<div class=\"markdown prose w-full break-words dark:prose-invert dark\">\n<ul>\n<li><strong>Mudel:<\/strong> H10<\/li>\n<li><strong>Kokkupandav:<\/strong> Jah<\/li>\n<li><strong>Rataste arv:<\/strong> 2<\/li>\n<li><strong>Kaal:<\/strong> 23 kg<\/li>\n<li><strong>V\u00e4rv:<\/strong> Must<\/li>\n<li><strong>Mootori v\u00f5imsus:<\/strong> 800 W<\/li>\n<li><strong>Maksimaalne kallekaldenurk:<\/strong> 20\u00b0<\/li>\n<li><strong>Maksimaalne koormus:<\/strong> 120 kg<\/li>\n<li><strong>Maksimaalne kiirus:<\/strong> 25 km\/h (piirajaga)<\/li>\n<li><strong>Maksimaalne l\u00e4bis\u00f5it:<\/strong> 60 km<\/li>\n<li><strong>Mootori ajami t\u00fc\u00fcp:<\/strong> Tagarattavedu<\/li>\n<li><strong>Kiirusevahetus:<\/strong> 4 kiirust<\/li>\n<li><strong>Aku:<\/strong> 48V 15Ah<\/li>\n<li><strong>Klassi A liitiumaku<\/strong><\/li>\n<li><strong>Laadimisaeg:<\/strong> 6-7 tundi<\/li>\n<li><strong>Rehv:<\/strong> 10-tolline \u00f5hk rehv<\/li>\n<li><strong>Sertifitseerimine:<\/strong> CE\/ROHS\/MSDS\/UN38.3<\/li>\n<li><strong>Reguleeritav lenksu k\u00f5rgus<\/strong><\/li>\n<li><strong>Kiire kokkupanek \u00fche sekundiga<\/strong><\/li>\n<li><strong>Lisad:<\/strong> Nutikas LED-ekraan, kiirushoidik, aku eluiga, kiiruse re\u017eiim, helkur<\/li>\n<li><strong>Esimene ja tagumine ketaspidur<\/strong><\/li>\n<li><strong>Esimene ja tagumine vedrustus<\/strong><\/li>\n<li><strong>Esimene ja tagumine \u0161okksummut<\/strong><\/li>\n<li><strong>Kaal:<\/strong> 22,8 kg<\/li>\n<\/ul>\n<\/div>\n<\/div>\n<\/div>\n<div class=\"mt-1 flex justify-start gap-3 empty:hidden\"><\/div>\n<\/div>\n<\/div>\n<\/div>\n<\/div>\n<\/div>\n","protected":false},"excerpt":{"rendered":"<p><strong>Ecocruiser H10<\/strong> on \u00fclimat vinge elektriline t\u00f5ukeratas, mis pakub sulle mugavat ja turvalist s\u00f5itu.<\/p>\n<p>LCD-ekraan tagab t\u00e4ieliku kontrolli ja 15Ah aku v\u00f5imaldab l\u00e4bida kuni 60 km.<\/p>\n<p>Lisaks teeb kokkupandav lenks selle h\u00f5lpsaks k\u00f5ikjale kaasa v\u00f5tmiseks.<\/p>\n<p>T\u00e4nu \u00f5hkrehvidele on ideaalne s\u00f5itmiseks linnas ja maal.<\/p>\n<p>&nbsp;<\/p>\n<ul>\n<li><strong>Maksimaalne kiirus: <\/strong>25\u00a0km\/h<\/li>\n<li><strong>Maksimaalne l\u00e4bis\u00f5it: <\/strong>60 km<\/li>\n<li><strong>Aku: <\/strong>48V 15Ah<\/li>\n<li><strong>Laadimisaeg: <\/strong>6-7 tundi<\/li>\n<li><strong>Reguleeritav lenksu k\u00f5rgus<\/strong><\/li>\n<li><strong>Nutikas LED-ekraan<\/strong><\/li>\n<\/ul>\n<p>&nbsp;<\/p>\n<p><strong>\u2666 Tarneaeg 2-7 p\u00e4<\/strong><strong>eva<\/strong><br \/>\n<strong>\u2666 Laos<\/strong><\/p>\n<p>&nbsp;<\/p>\n","protected":false},"featured_media":14004,"template":"","meta":[],"product_cat":[53,909,911],"product_tag":[4019],"class_list":{"0":"post-14003","1":"product","2":"type-product","3":"status-publish","4":"has-post-thumbnail","6":"product_cat-elektritoukerattad","7":"product_cat-linna-toukerattad","8":"product_cat-voimsad-toukerattad","9":"product_tag-deplacements-urbains","10":"product_shipping_class-suured-pakid","12":"first","13":"instock","14":"sale","15":"taxable","16":"shipping-taxable","17":"purchasable","18":"product-type-simple"},"yoast_head":"<!-- This site is optimized with the Yoast SEO plugin v23.8 - https:\/\/yoast.com\/wordpress\/plugins\/seo\/ -->\n<title>Ecocruiser H10 elektriline t\u00f5ukeratas, 60 km - Ecocruiser<\/title>\n<meta name=\"description\" content=\"Avasta H10 elektriline t\u00f5ukeratas- v\u00f5imas, kokkupandav ja stiilne. Naudi kiiret s\u00f5itu kuni 40 km\/h ning kuni 60 km l\u00e4bis\u00f5itu \u00fche laadimisega.\" \/>\n<meta name=\"robots\" content=\"noindex, follow, max-snippet:-1, max-image-preview:large, max-video-preview:-1\" \/>\n<meta property=\"og:locale\" content=\"en_GB\" \/>\n<meta property=\"og:type\" content=\"article\" \/>\n<meta property=\"og:title\" content=\"Ecocruiser H10 elektriline t\u00f5ukeratas, 60 km - Ecocruiser\" \/>\n<meta property=\"og:description\" content=\"Avasta H10 elektriline t\u00f5ukeratas- v\u00f5imas, kokkupandav ja stiilne. Naudi kiiret s\u00f5itu kuni 40 km\/h ning kuni 60 km l\u00e4bis\u00f5itu \u00fche laadimisega.\" \/>\n<meta property=\"og:url\" content=\"https:\/\/projekt.vombat.ee\/eco\/pood\/elektritoukerattad\/linna-toukerattad\/h10-elektriline-toukeratas-60-km\/\" \/>\n<meta property=\"og:site_name\" content=\"Ecocruiser\" \/>\n<meta property=\"article:modified_time\" content=\"2024-07-28T06:56:51+00:00\" \/>\n<meta property=\"og:image\" content=\"https:\/\/projekt.vombat.ee\/eco\/wp-content\/uploads\/2024\/02\/1-3.jpg\" \/>\n\t<meta property=\"og:image:width\" content=\"800\" \/>\n\t<meta property=\"og:image:height\" content=\"800\" \/>\n\t<meta property=\"og:image:type\" content=\"image\/jpeg\" \/>\n<meta name=\"twitter:card\" content=\"summary_large_image\" \/>\n<meta name=\"twitter:label1\" content=\"Estimated reading time\" \/>\n\t<meta name=\"twitter:data1\" content=\"2 minutes\" \/>\n<script type=\"application\/ld+json\" class=\"yoast-schema-graph\">{\"@context\":\"https:\/\/schema.org\",\"@graph\":[{\"@type\":\"WebPage\",\"@id\":\"https:\/\/projekt.vombat.ee\/eco\/pood\/elektritoukerattad\/linna-toukerattad\/h10-elektriline-toukeratas-60-km\/\",\"url\":\"https:\/\/projekt.vombat.ee\/eco\/pood\/elektritoukerattad\/linna-toukerattad\/h10-elektriline-toukeratas-60-km\/\",\"name\":\"Ecocruiser H10 elektriline t\u00f5ukeratas, 60 km - Ecocruiser\",\"isPartOf\":{\"@id\":\"https:\/\/projekt.vombat.ee\/eco\/#website\"},\"primaryImageOfPage\":{\"@id\":\"https:\/\/projekt.vombat.ee\/eco\/pood\/elektritoukerattad\/linna-toukerattad\/h10-elektriline-toukeratas-60-km\/#primaryimage\"},\"image\":{\"@id\":\"https:\/\/projekt.vombat.ee\/eco\/pood\/elektritoukerattad\/linna-toukerattad\/h10-elektriline-toukeratas-60-km\/#primaryimage\"},\"thumbnailUrl\":\"https:\/\/projekt.vombat.ee\/eco\/wp-content\/uploads\/2024\/02\/1-3.jpg\",\"datePublished\":\"2024-02-09T02:34:17+00:00\",\"dateModified\":\"2024-07-28T06:56:51+00:00\",\"description\":\"Avasta H10 elektriline t\u00f5ukeratas- v\u00f5imas, kokkupandav ja stiilne. Naudi kiiret s\u00f5itu kuni 40 km\/h ning kuni 60 km l\u00e4bis\u00f5itu \u00fche laadimisega.\",\"breadcrumb\":{\"@id\":\"https:\/\/projekt.vombat.ee\/eco\/pood\/elektritoukerattad\/linna-toukerattad\/h10-elektriline-toukeratas-60-km\/#breadcrumb\"},\"inLanguage\":\"en-GB\",\"potentialAction\":[{\"@type\":\"ReadAction\",\"target\":[\"https:\/\/projekt.vombat.ee\/eco\/pood\/elektritoukerattad\/linna-toukerattad\/h10-elektriline-toukeratas-60-km\/\"]}]},{\"@type\":\"ImageObject\",\"inLanguage\":\"en-GB\",\"@id\":\"https:\/\/projekt.vombat.ee\/eco\/pood\/elektritoukerattad\/linna-toukerattad\/h10-elektriline-toukeratas-60-km\/#primaryimage\",\"url\":\"https:\/\/projekt.vombat.ee\/eco\/wp-content\/uploads\/2024\/02\/1-3.jpg\",\"contentUrl\":\"https:\/\/projekt.vombat.ee\/eco\/wp-content\/uploads\/2024\/02\/1-3.jpg\",\"width\":800,\"height\":800,\"caption\":\"H10 elektriline t\u00f5ukeratas\"},{\"@type\":\"BreadcrumbList\",\"@id\":\"https:\/\/projekt.vombat.ee\/eco\/pood\/elektritoukerattad\/linna-toukerattad\/h10-elektriline-toukeratas-60-km\/#breadcrumb\",\"itemListElement\":[{\"@type\":\"ListItem\",\"position\":1,\"name\":\"Home\",\"item\":\"https:\/\/projekt.vombat.ee\/eco\/\"},{\"@type\":\"ListItem\",\"position\":2,\"name\":\"Pood\",\"item\":\"https:\/\/projekt.vombat.ee\/eco\/pood\/\"},{\"@type\":\"ListItem\",\"position\":3,\"name\":\"Ecocruiser H10 elektriline t\u00f5ukeratas, 60 km\"}]},{\"@type\":\"WebSite\",\"@id\":\"https:\/\/projekt.vombat.ee\/eco\/#website\",\"url\":\"https:\/\/projekt.vombat.ee\/eco\/\",\"name\":\"Ecocruiser\",\"description\":\"\",\"publisher\":{\"@id\":\"https:\/\/projekt.vombat.ee\/eco\/#organization\"},\"potentialAction\":[{\"@type\":\"SearchAction\",\"target\":{\"@type\":\"EntryPoint\",\"urlTemplate\":\"https:\/\/projekt.vombat.ee\/eco\/?s={search_term_string}\"},\"query-input\":{\"@type\":\"PropertyValueSpecification\",\"valueRequired\":true,\"valueName\":\"search_term_string\"}}],\"inLanguage\":\"en-GB\"},{\"@type\":\"Organization\",\"@id\":\"https:\/\/projekt.vombat.ee\/eco\/#organization\",\"name\":\"Ecocruiser\",\"url\":\"https:\/\/projekt.vombat.ee\/eco\/\",\"logo\":{\"@type\":\"ImageObject\",\"inLanguage\":\"en-GB\",\"@id\":\"https:\/\/projekt.vombat.ee\/eco\/#\/schema\/logo\/image\/\",\"url\":\"https:\/\/projekt.vombat.ee\/eco\/wp-content\/uploads\/2023\/03\/ECOCRUISER_5.png\",\"contentUrl\":\"https:\/\/projekt.vombat.ee\/eco\/wp-content\/uploads\/2023\/03\/ECOCRUISER_5.png\",\"width\":234,\"height\":91,\"caption\":\"Ecocruiser\"},\"image\":{\"@id\":\"https:\/\/projekt.vombat.ee\/eco\/#\/schema\/logo\/image\/\"}}]}<\/script>\n<!-- \/ Yoast SEO plugin. -->","yoast_head_json":{"title":"Ecocruiser H10 elektriline t\u00f5ukeratas, 60 km - Ecocruiser","description":"Avasta H10 elektriline t\u00f5ukeratas- v\u00f5imas, kokkupandav ja stiilne. Naudi kiiret s\u00f5itu kuni 40 km\/h ning kuni 60 km l\u00e4bis\u00f5itu \u00fche laadimisega.","robots":{"index":"noindex","follow":"follow","max-snippet":"max-snippet:-1","max-image-preview":"max-image-preview:large","max-video-preview":"max-video-preview:-1"},"og_locale":"en_GB","og_type":"article","og_title":"Ecocruiser H10 elektriline t\u00f5ukeratas, 60 km - Ecocruiser","og_description":"Avasta H10 elektriline t\u00f5ukeratas- v\u00f5imas, kokkupandav ja stiilne. Naudi kiiret s\u00f5itu kuni 40 km\/h ning kuni 60 km l\u00e4bis\u00f5itu \u00fche laadimisega.","og_url":"https:\/\/projekt.vombat.ee\/eco\/pood\/elektritoukerattad\/linna-toukerattad\/h10-elektriline-toukeratas-60-km\/","og_site_name":"Ecocruiser","article_modified_time":"2024-07-28T06:56:51+00:00","og_image":[{"width":800,"height":800,"url":"https:\/\/projekt.vombat.ee\/eco\/wp-content\/uploads\/2024\/02\/1-3.jpg","type":"image\/jpeg"}],"twitter_card":"summary_large_image","twitter_misc":{"Estimated reading time":"2 minutes"},"schema":{"@context":"https:\/\/schema.org","@graph":[{"@type":"WebPage","@id":"https:\/\/projekt.vombat.ee\/eco\/pood\/elektritoukerattad\/linna-toukerattad\/h10-elektriline-toukeratas-60-km\/","url":"https:\/\/projekt.vombat.ee\/eco\/pood\/elektritoukerattad\/linna-toukerattad\/h10-elektriline-toukeratas-60-km\/","name":"Ecocruiser H10 elektriline t\u00f5ukeratas, 60 km - Ecocruiser","isPartOf":{"@id":"https:\/\/projekt.vombat.ee\/eco\/#website"},"primaryImageOfPage":{"@id":"https:\/\/projekt.vombat.ee\/eco\/pood\/elektritoukerattad\/linna-toukerattad\/h10-elektriline-toukeratas-60-km\/#primaryimage"},"image":{"@id":"https:\/\/projekt.vombat.ee\/eco\/pood\/elektritoukerattad\/linna-toukerattad\/h10-elektriline-toukeratas-60-km\/#primaryimage"},"thumbnailUrl":"https:\/\/projekt.vombat.ee\/eco\/wp-content\/uploads\/2024\/02\/1-3.jpg","datePublished":"2024-02-09T02:34:17+00:00","dateModified":"2024-07-28T06:56:51+00:00","description":"Avasta H10 elektriline t\u00f5ukeratas- v\u00f5imas, kokkupandav ja stiilne. Naudi kiiret s\u00f5itu kuni 40 km\/h ning kuni 60 km l\u00e4bis\u00f5itu \u00fche laadimisega.","breadcrumb":{"@id":"https:\/\/projekt.vombat.ee\/eco\/pood\/elektritoukerattad\/linna-toukerattad\/h10-elektriline-toukeratas-60-km\/#breadcrumb"},"inLanguage":"en-GB","potentialAction":[{"@type":"ReadAction","target":["https:\/\/projekt.vombat.ee\/eco\/pood\/elektritoukerattad\/linna-toukerattad\/h10-elektriline-toukeratas-60-km\/"]}]},{"@type":"ImageObject","inLanguage":"en-GB","@id":"https:\/\/projekt.vombat.ee\/eco\/pood\/elektritoukerattad\/linna-toukerattad\/h10-elektriline-toukeratas-60-km\/#primaryimage","url":"https:\/\/projekt.vombat.ee\/eco\/wp-content\/uploads\/2024\/02\/1-3.jpg","contentUrl":"https:\/\/projekt.vombat.ee\/eco\/wp-content\/uploads\/2024\/02\/1-3.jpg","width":800,"height":800,"caption":"H10 elektriline t\u00f5ukeratas"},{"@type":"BreadcrumbList","@id":"https:\/\/projekt.vombat.ee\/eco\/pood\/elektritoukerattad\/linna-toukerattad\/h10-elektriline-toukeratas-60-km\/#breadcrumb","itemListElement":[{"@type":"ListItem","position":1,"name":"Home","item":"https:\/\/projekt.vombat.ee\/eco\/"},{"@type":"ListItem","position":2,"name":"Pood","item":"https:\/\/projekt.vombat.ee\/eco\/pood\/"},{"@type":"ListItem","position":3,"name":"Ecocruiser H10 elektriline t\u00f5ukeratas, 60 km"}]},{"@type":"WebSite","@id":"https:\/\/projekt.vombat.ee\/eco\/#website","url":"https:\/\/projekt.vombat.ee\/eco\/","name":"Ecocruiser","description":"","publisher":{"@id":"https:\/\/projekt.vombat.ee\/eco\/#organization"},"potentialAction":[{"@type":"SearchAction","target":{"@type":"EntryPoint","urlTemplate":"https:\/\/projekt.vombat.ee\/eco\/?s={search_term_string}"},"query-input":{"@type":"PropertyValueSpecification","valueRequired":true,"valueName":"search_term_string"}}],"inLanguage":"en-GB"},{"@type":"Organization","@id":"https:\/\/projekt.vombat.ee\/eco\/#organization","name":"Ecocruiser","url":"https:\/\/projekt.vombat.ee\/eco\/","logo":{"@type":"ImageObject","inLanguage":"en-GB","@id":"https:\/\/projekt.vombat.ee\/eco\/#\/schema\/logo\/image\/","url":"https:\/\/projekt.vombat.ee\/eco\/wp-content\/uploads\/2023\/03\/ECOCRUISER_5.png","contentUrl":"https:\/\/projekt.vombat.ee\/eco\/wp-content\/uploads\/2023\/03\/ECOCRUISER_5.png","width":234,"height":91,"caption":"Ecocruiser"},"image":{"@id":"https:\/\/projekt.vombat.ee\/eco\/#\/schema\/logo\/image\/"}}]}},"lang":"et","translations":{"et":14003,"fr":20802},"pll_sync_post":[],"_links":{"self":[{"href":"https:\/\/projekt.vombat.ee\/eco\/wp-json\/wp\/v2\/product\/14003"}],"collection":[{"href":"https:\/\/projekt.vombat.ee\/eco\/wp-json\/wp\/v2\/product"}],"about":[{"href":"https:\/\/projekt.vombat.ee\/eco\/wp-json\/wp\/v2\/types\/product"}],"version-history":[{"count":8,"href":"https:\/\/projekt.vombat.ee\/eco\/wp-json\/wp\/v2\/product\/14003\/revisions"}],"predecessor-version":[{"id":17366,"href":"https:\/\/projekt.vombat.ee\/eco\/wp-json\/wp\/v2\/product\/14003\/revisions\/17366"}],"wp:featuredmedia":[{"embeddable":true,"href":"https:\/\/projekt.vombat.ee\/eco\/wp-json\/wp\/v2\/media\/14004"}],"wp:attachment":[{"href":"https:\/\/projekt.vombat.ee\/eco\/wp-json\/wp\/v2\/media?parent=14003"}],"wp:term":[{"taxonomy":"product_cat","embeddable":true,"href":"https:\/\/projekt.vombat.ee\/eco\/wp-json\/wp\/v2\/product_cat?post=14003"},{"taxonomy":"product_tag","embeddable":true,"href":"https:\/\/projekt.vombat.ee\/eco\/wp-json\/wp\/v2\/product_tag?post=14003"}],"curies":[{"name":"wp","href":"https:\/\/api.w.org\/{rel}","templated":true}]}}