{"id":13927,"date":"2024-02-08T13:55:16","date_gmt":"2024-02-08T13:55:16","guid":{"rendered":"https:\/\/projekt.vombat.ee\/eco\/?post_type=product&#038;p=13927"},"modified":"2024-05-29T09:46:37","modified_gmt":"2024-05-29T09:46:37","slug":"kukirin-c1-elektriline-toukeratas-40-km","status":"publish","type":"product","link":"https:\/\/projekt.vombat.ee\/eco\/pood\/elektritoukerattad\/linna-toukerattad\/kukirin-c1-elektriline-toukeratas-40-km\/","title":{"rendered":"KUKIRIN C1 elektriline t\u00f5ukeratas 40 km"},"content":{"rendered":"<h1>KUKIRIN C1 elektriline t\u00f5ukeratas<\/h1>\n<div class=\"flex-1 overflow-hidden\">\n<div class=\"react-scroll-to-bottom--css-bvdqq-79elbk h-full\">\n<div class=\"react-scroll-to-bottom--css-bvdqq-1n7m0yu\">\n<div class=\"flex flex-col pb-9 text-sm\">\n<div class=\"w-full text-token-text-primary\" data-testid=\"conversation-turn-21\">\n<div class=\"px-4 py-2 justify-center text-base md:gap-6 m-auto\">\n<div class=\"flex flex-1 text-base mx-auto gap-3 md:px-5 lg:px-1 xl:px-5 md:max-w-3xl lg:max-w-[40rem] xl:max-w-[48rem] group final-completion\">\n<div class=\"relative flex w-full flex-col lg:w-[calc(100%-115px)] agent-turn\">\n<div class=\"flex-col gap-1 md:gap-3\">\n<div class=\"flex flex-grow flex-col max-w-full\">\n<div class=\"min-h-[20px] text-message flex flex-col items-start gap-3 whitespace-pre-wrap break-words [.text-message+&amp;]:mt-5 overflow-x-auto\" data-message-author-role=\"assistant\" data-message-id=\"0a9bf8d1-e481-42a4-8544-efc07e88c4bf\">\n<div class=\"markdown prose w-full break-words dark:prose-invert dark\">\n<p>Kukirin C1 elektriline t\u00f5ukeratas ei ole ainult transpordivahend; see on investeering sinu mobiilsusse, vabadusse ja naudingusse. \u00dcksk\u00f5ik, kas l\u00e4hed t\u00f6\u00f6le, kohtumisele v\u00f5i lihtsalt naudid v\u00e4rskes \u00f5hus viibimist, see elektriline t\u00f5ukeratas on valmis sind viima sinna, kuhu soovid. Astu samm l\u00e4hemale t\u00f5husale, ohutule ja stiilsele linnas\u00f5idule \u2013 vali Kukirin C1 elektriline t\u00f5ukeratas.<\/p>\n<\/div>\n<\/div>\n<\/div>\n<\/div>\n<\/div>\n<\/div>\n<\/div>\n<\/div>\n<\/div>\n<\/div>\n<\/div>\n<\/div>\n<p><img fetchpriority=\"high\" decoding=\"async\" class=\"alignnone\" src=\"https:\/\/a.allegroimg.com\/original\/115c4f\/11c642f4444fa1a0063801f070b3\/Electric-scooter-Hulajnoga-Kukirin-C1-48V-10ah-350W-25km-h-storage-basket-Predkosc-maksymalna-25-km-h\" alt=\"Kukirin C1\" width=\"1000\" height=\"1034\" \/><\/p>\n<p>&nbsp;<\/p>\n<h3>Info<\/h3>\n<ul>\n<li><strong>Br\u00e4nd:<\/strong> Kugoo<\/li>\n<li><strong>V\u00e4rv:<\/strong> Must<\/li>\n<li><strong>Kiirus:<\/strong> 25 km\/h<\/li>\n<li><strong>L\u00e4bis\u00f5it:<\/strong> 40 km<\/li>\n<li><strong>350W harjadeta mootor:<\/strong> Keskkonnas\u00e4\u00e4stlik, varustatud h\u00e4sti h\u00e4\u00e4lestatud sisemise kontrolleriga<\/li>\n<li><strong>Kalde nurk:<\/strong> 15\u00b0<\/li>\n<li><strong>Piduris\u00fcsteem:<\/strong> Mehaaniline ketaspidur<\/li>\n<li><strong>Pidurdusmaa:<\/strong> 7-10 m<\/li>\n<li><strong>Aku:<\/strong> 48V 10Ah liitiumaku<\/li>\n<li><strong>Laadimisaeg:<\/strong> 6-8 tundi<\/li>\n<li><strong>Maksimaalne koormus:<\/strong> 120 kg<\/li>\n<li><strong>Lenksu laius:<\/strong> 220 mm<\/li>\n<li><strong>Raamistiku k\u00f5rgus:<\/strong> 195 mm<\/li>\n<li><strong>Laua suurus:<\/strong> 420*225 mm<\/li>\n<li><strong>Veekindlus:<\/strong> IP54<\/li>\n<li><strong>Raami materjal:<\/strong> Alumiinium<\/li>\n<li><strong>Maksimaalne p\u00f6\u00f6rete arv minutis:<\/strong> 620 rpm<\/li>\n<li><strong>Maksimaalne p\u00f6\u00f6rdemoment:<\/strong> 35Nm<\/li>\n<li><strong>LED-esituli:<\/strong> 1 tk, 7-8W v\u00f5imsusega, valgusnurk 45\u00b0, valgustab kuni 80 meetrit<\/li>\n<li><strong>14-tolline \u00f5hkrehv:<\/strong> Parandab haarduvust ja l\u00fchendab pidurdusmaad<\/li>\n<li><strong>Mugavus:<\/strong> Kokkupandav lenks teeb transpordi ja hoiustamise lihtsaks ja mugavaks<\/li>\n<li><strong>Disain:<\/strong> Lihtne ja intuitiivne, k\u00e4ep\u00e4raste nuppudega lenksul, peen t\u00f6\u00f6tlus n\u00e4itab kvaliteeti<\/li>\n<\/ul>\n<p><img decoding=\"async\" class=\"alignnone\" src=\"https:\/\/a.allegroimg.com\/original\/11d143\/86731f534329ac8183c73e8b24a6\/Electric-scooter-Hulajnoga-Kukirin-C1-48V-10ah-350W-25km-h-storage-basket-Srednica-kol-cale-14\" alt=\"Kukirin C1 elektriline t\u00f5ukeratas\" width=\"1000\" height=\"947\" \/><\/p>\n<h3>Pakend sisaldab<\/h3>\n<ul>\n<li>Sinu uus elektriline t\u00f5ukeratas<\/li>\n<li>Laadija<\/li>\n<li>Laadimisadapter<\/li>\n<li>Paigalduskomplekt<\/li>\n<li>Kasutusjuhend<\/li>\n<\/ul>\n","protected":false},"excerpt":{"rendered":"<p><strong>KUKIRIN C1 elektriline t\u00f5ukeratas<\/strong><\/p>\n<p>&nbsp;<\/p>\n<ul>\n<li><strong>Br\u00e4nd: Kugoo<\/strong><\/li>\n<li><strong>V\u00e4rv: Must<\/strong><\/li>\n<li><strong>Kiirus: 25 km\/h<\/strong><\/li>\n<li><strong>L\u00e4bis\u00f5it: 40 km<\/strong><\/li>\n<li><strong>350W harjadeta mootor<\/strong><\/li>\n<li><strong>Kalde nurk: 15\u00b0<\/strong><\/li>\n<li><strong>Piduris\u00fcsteem: Mehaaniline ketaspidur<\/strong><\/li>\n<li><strong>Aku: 48V 10Ah liitiumaku<\/strong><\/li>\n<li><strong>Laadimisaeg: 6-8 tundi<\/strong><\/li>\n<li><strong>Maksimaalne koormus: 120 kg<\/strong><\/li>\n<li><strong>Raami materjal: Alumiinium<\/strong><\/li>\n<li><strong>LED-esituli<\/strong><\/li>\n<li><strong>Rehvid: 14*2.125&#8243; \u00f5hkrehv<\/strong><\/li>\n<\/ul>\n<p>&nbsp;<\/p>\n<p><strong>\u2666 Tarneaeg 2-7 p\u00e4<\/strong><strong>eva<\/strong><br \/>\n<strong>\u2666 Laos<\/strong><\/p>\n<p>&nbsp;<\/p>\n","protected":false},"featured_media":13928,"template":"","meta":[],"product_cat":[53,909,59],"product_tag":[],"class_list":{"0":"post-13927","1":"product","2":"type-product","3":"status-publish","4":"has-post-thumbnail","6":"product_cat-elektritoukerattad","7":"product_cat-linna-toukerattad","8":"product_cat-kugoo-elektritoukerattad","9":"product_shipping_class-suured-pakid","11":"first","12":"instock","13":"sale","14":"taxable","15":"shipping-taxable","16":"purchasable","17":"product-type-simple"},"yoast_head":"<!-- This site is optimized with the Yoast SEO plugin v23.8 - https:\/\/yoast.com\/wordpress\/plugins\/seo\/ -->\n<title>KUKIRIN C1 elektriline t\u00f5ukeratas 40 km - Ecocruiser<\/title>\n<meta name=\"description\" content=\"Kukirin C1 elektriline t\u00f5ukeratas: 25 km\/h, 40 km l\u00e4bis\u00f5it, 48V aku, ketaspidurid. Ideaalne, turvaline ja mugav linnas\u00f5iduk, mitmete funktsioonidega.\" \/>\n<meta name=\"robots\" content=\"noindex, follow, max-snippet:-1, max-image-preview:large, max-video-preview:-1\" \/>\n<meta property=\"og:locale\" content=\"en_GB\" \/>\n<meta property=\"og:type\" content=\"article\" \/>\n<meta property=\"og:title\" content=\"KUKIRIN C1 elektriline t\u00f5ukeratas 40 km - Ecocruiser\" \/>\n<meta property=\"og:description\" content=\"Kukirin C1 elektriline t\u00f5ukeratas: 25 km\/h, 40 km l\u00e4bis\u00f5it, 48V aku, ketaspidurid. Ideaalne, turvaline ja mugav linnas\u00f5iduk, mitmete funktsioonidega.\" \/>\n<meta property=\"og:url\" content=\"https:\/\/projekt.vombat.ee\/eco\/pood\/elektritoukerattad\/linna-toukerattad\/kukirin-c1-elektriline-toukeratas-40-km\/\" \/>\n<meta property=\"og:site_name\" content=\"Ecocruiser\" \/>\n<meta property=\"article:modified_time\" content=\"2024-05-29T09:46:37+00:00\" \/>\n<meta property=\"og:image\" content=\"https:\/\/projekt.vombat.ee\/eco\/wp-content\/uploads\/2024\/02\/1-1.jpg\" \/>\n\t<meta property=\"og:image:width\" content=\"1000\" \/>\n\t<meta property=\"og:image:height\" content=\"1000\" \/>\n\t<meta property=\"og:image:type\" content=\"image\/jpeg\" \/>\n<meta name=\"twitter:card\" content=\"summary_large_image\" \/>\n<meta name=\"twitter:label1\" content=\"Estimated reading time\" \/>\n\t<meta name=\"twitter:data1\" content=\"2 minutes\" \/>\n<script type=\"application\/ld+json\" class=\"yoast-schema-graph\">{\"@context\":\"https:\/\/schema.org\",\"@graph\":[{\"@type\":\"WebPage\",\"@id\":\"https:\/\/projekt.vombat.ee\/eco\/pood\/elektritoukerattad\/linna-toukerattad\/kukirin-c1-elektriline-toukeratas-40-km\/\",\"url\":\"https:\/\/projekt.vombat.ee\/eco\/pood\/elektritoukerattad\/linna-toukerattad\/kukirin-c1-elektriline-toukeratas-40-km\/\",\"name\":\"KUKIRIN C1 elektriline t\u00f5ukeratas 40 km - Ecocruiser\",\"isPartOf\":{\"@id\":\"https:\/\/projekt.vombat.ee\/eco\/#website\"},\"primaryImageOfPage\":{\"@id\":\"https:\/\/projekt.vombat.ee\/eco\/pood\/elektritoukerattad\/linna-toukerattad\/kukirin-c1-elektriline-toukeratas-40-km\/#primaryimage\"},\"image\":{\"@id\":\"https:\/\/projekt.vombat.ee\/eco\/pood\/elektritoukerattad\/linna-toukerattad\/kukirin-c1-elektriline-toukeratas-40-km\/#primaryimage\"},\"thumbnailUrl\":\"https:\/\/projekt.vombat.ee\/eco\/wp-content\/uploads\/2024\/02\/1-1.jpg\",\"datePublished\":\"2024-02-08T13:55:16+00:00\",\"dateModified\":\"2024-05-29T09:46:37+00:00\",\"description\":\"Kukirin C1 elektriline t\u00f5ukeratas: 25 km\/h, 40 km l\u00e4bis\u00f5it, 48V aku, ketaspidurid. Ideaalne, turvaline ja mugav linnas\u00f5iduk, mitmete funktsioonidega.\",\"breadcrumb\":{\"@id\":\"https:\/\/projekt.vombat.ee\/eco\/pood\/elektritoukerattad\/linna-toukerattad\/kukirin-c1-elektriline-toukeratas-40-km\/#breadcrumb\"},\"inLanguage\":\"en-GB\",\"potentialAction\":[{\"@type\":\"ReadAction\",\"target\":[\"https:\/\/projekt.vombat.ee\/eco\/pood\/elektritoukerattad\/linna-toukerattad\/kukirin-c1-elektriline-toukeratas-40-km\/\"]}]},{\"@type\":\"ImageObject\",\"inLanguage\":\"en-GB\",\"@id\":\"https:\/\/projekt.vombat.ee\/eco\/pood\/elektritoukerattad\/linna-toukerattad\/kukirin-c1-elektriline-toukeratas-40-km\/#primaryimage\",\"url\":\"https:\/\/projekt.vombat.ee\/eco\/wp-content\/uploads\/2024\/02\/1-1.jpg\",\"contentUrl\":\"https:\/\/projekt.vombat.ee\/eco\/wp-content\/uploads\/2024\/02\/1-1.jpg\",\"width\":1000,\"height\":1000,\"caption\":\"KUKIRIN C1 elektriline t\u00f5ukeratas\"},{\"@type\":\"BreadcrumbList\",\"@id\":\"https:\/\/projekt.vombat.ee\/eco\/pood\/elektritoukerattad\/linna-toukerattad\/kukirin-c1-elektriline-toukeratas-40-km\/#breadcrumb\",\"itemListElement\":[{\"@type\":\"ListItem\",\"position\":1,\"name\":\"Home\",\"item\":\"https:\/\/projekt.vombat.ee\/eco\/\"},{\"@type\":\"ListItem\",\"position\":2,\"name\":\"Pood\",\"item\":\"https:\/\/projekt.vombat.ee\/eco\/pood\/\"},{\"@type\":\"ListItem\",\"position\":3,\"name\":\"KUKIRIN C1 elektriline t\u00f5ukeratas 40 km\"}]},{\"@type\":\"WebSite\",\"@id\":\"https:\/\/projekt.vombat.ee\/eco\/#website\",\"url\":\"https:\/\/projekt.vombat.ee\/eco\/\",\"name\":\"Ecocruiser\",\"description\":\"\",\"publisher\":{\"@id\":\"https:\/\/projekt.vombat.ee\/eco\/#organization\"},\"potentialAction\":[{\"@type\":\"SearchAction\",\"target\":{\"@type\":\"EntryPoint\",\"urlTemplate\":\"https:\/\/projekt.vombat.ee\/eco\/?s={search_term_string}\"},\"query-input\":{\"@type\":\"PropertyValueSpecification\",\"valueRequired\":true,\"valueName\":\"search_term_string\"}}],\"inLanguage\":\"en-GB\"},{\"@type\":\"Organization\",\"@id\":\"https:\/\/projekt.vombat.ee\/eco\/#organization\",\"name\":\"Ecocruiser\",\"url\":\"https:\/\/projekt.vombat.ee\/eco\/\",\"logo\":{\"@type\":\"ImageObject\",\"inLanguage\":\"en-GB\",\"@id\":\"https:\/\/projekt.vombat.ee\/eco\/#\/schema\/logo\/image\/\",\"url\":\"https:\/\/projekt.vombat.ee\/eco\/wp-content\/uploads\/2023\/03\/ECOCRUISER_5.png\",\"contentUrl\":\"https:\/\/projekt.vombat.ee\/eco\/wp-content\/uploads\/2023\/03\/ECOCRUISER_5.png\",\"width\":234,\"height\":91,\"caption\":\"Ecocruiser\"},\"image\":{\"@id\":\"https:\/\/projekt.vombat.ee\/eco\/#\/schema\/logo\/image\/\"}}]}<\/script>\n<!-- \/ Yoast SEO plugin. -->","yoast_head_json":{"title":"KUKIRIN C1 elektriline t\u00f5ukeratas 40 km - Ecocruiser","description":"Kukirin C1 elektriline t\u00f5ukeratas: 25 km\/h, 40 km l\u00e4bis\u00f5it, 48V aku, ketaspidurid. Ideaalne, turvaline ja mugav linnas\u00f5iduk, mitmete funktsioonidega.","robots":{"index":"noindex","follow":"follow","max-snippet":"max-snippet:-1","max-image-preview":"max-image-preview:large","max-video-preview":"max-video-preview:-1"},"og_locale":"en_GB","og_type":"article","og_title":"KUKIRIN C1 elektriline t\u00f5ukeratas 40 km - Ecocruiser","og_description":"Kukirin C1 elektriline t\u00f5ukeratas: 25 km\/h, 40 km l\u00e4bis\u00f5it, 48V aku, ketaspidurid. Ideaalne, turvaline ja mugav linnas\u00f5iduk, mitmete funktsioonidega.","og_url":"https:\/\/projekt.vombat.ee\/eco\/pood\/elektritoukerattad\/linna-toukerattad\/kukirin-c1-elektriline-toukeratas-40-km\/","og_site_name":"Ecocruiser","article_modified_time":"2024-05-29T09:46:37+00:00","og_image":[{"width":1000,"height":1000,"url":"https:\/\/projekt.vombat.ee\/eco\/wp-content\/uploads\/2024\/02\/1-1.jpg","type":"image\/jpeg"}],"twitter_card":"summary_large_image","twitter_misc":{"Estimated reading time":"2 minutes"},"schema":{"@context":"https:\/\/schema.org","@graph":[{"@type":"WebPage","@id":"https:\/\/projekt.vombat.ee\/eco\/pood\/elektritoukerattad\/linna-toukerattad\/kukirin-c1-elektriline-toukeratas-40-km\/","url":"https:\/\/projekt.vombat.ee\/eco\/pood\/elektritoukerattad\/linna-toukerattad\/kukirin-c1-elektriline-toukeratas-40-km\/","name":"KUKIRIN C1 elektriline t\u00f5ukeratas 40 km - Ecocruiser","isPartOf":{"@id":"https:\/\/projekt.vombat.ee\/eco\/#website"},"primaryImageOfPage":{"@id":"https:\/\/projekt.vombat.ee\/eco\/pood\/elektritoukerattad\/linna-toukerattad\/kukirin-c1-elektriline-toukeratas-40-km\/#primaryimage"},"image":{"@id":"https:\/\/projekt.vombat.ee\/eco\/pood\/elektritoukerattad\/linna-toukerattad\/kukirin-c1-elektriline-toukeratas-40-km\/#primaryimage"},"thumbnailUrl":"https:\/\/projekt.vombat.ee\/eco\/wp-content\/uploads\/2024\/02\/1-1.jpg","datePublished":"2024-02-08T13:55:16+00:00","dateModified":"2024-05-29T09:46:37+00:00","description":"Kukirin C1 elektriline t\u00f5ukeratas: 25 km\/h, 40 km l\u00e4bis\u00f5it, 48V aku, ketaspidurid. Ideaalne, turvaline ja mugav linnas\u00f5iduk, mitmete funktsioonidega.","breadcrumb":{"@id":"https:\/\/projekt.vombat.ee\/eco\/pood\/elektritoukerattad\/linna-toukerattad\/kukirin-c1-elektriline-toukeratas-40-km\/#breadcrumb"},"inLanguage":"en-GB","potentialAction":[{"@type":"ReadAction","target":["https:\/\/projekt.vombat.ee\/eco\/pood\/elektritoukerattad\/linna-toukerattad\/kukirin-c1-elektriline-toukeratas-40-km\/"]}]},{"@type":"ImageObject","inLanguage":"en-GB","@id":"https:\/\/projekt.vombat.ee\/eco\/pood\/elektritoukerattad\/linna-toukerattad\/kukirin-c1-elektriline-toukeratas-40-km\/#primaryimage","url":"https:\/\/projekt.vombat.ee\/eco\/wp-content\/uploads\/2024\/02\/1-1.jpg","contentUrl":"https:\/\/projekt.vombat.ee\/eco\/wp-content\/uploads\/2024\/02\/1-1.jpg","width":1000,"height":1000,"caption":"KUKIRIN C1 elektriline t\u00f5ukeratas"},{"@type":"BreadcrumbList","@id":"https:\/\/projekt.vombat.ee\/eco\/pood\/elektritoukerattad\/linna-toukerattad\/kukirin-c1-elektriline-toukeratas-40-km\/#breadcrumb","itemListElement":[{"@type":"ListItem","position":1,"name":"Home","item":"https:\/\/projekt.vombat.ee\/eco\/"},{"@type":"ListItem","position":2,"name":"Pood","item":"https:\/\/projekt.vombat.ee\/eco\/pood\/"},{"@type":"ListItem","position":3,"name":"KUKIRIN C1 elektriline t\u00f5ukeratas 40 km"}]},{"@type":"WebSite","@id":"https:\/\/projekt.vombat.ee\/eco\/#website","url":"https:\/\/projekt.vombat.ee\/eco\/","name":"Ecocruiser","description":"","publisher":{"@id":"https:\/\/projekt.vombat.ee\/eco\/#organization"},"potentialAction":[{"@type":"SearchAction","target":{"@type":"EntryPoint","urlTemplate":"https:\/\/projekt.vombat.ee\/eco\/?s={search_term_string}"},"query-input":{"@type":"PropertyValueSpecification","valueRequired":true,"valueName":"search_term_string"}}],"inLanguage":"en-GB"},{"@type":"Organization","@id":"https:\/\/projekt.vombat.ee\/eco\/#organization","name":"Ecocruiser","url":"https:\/\/projekt.vombat.ee\/eco\/","logo":{"@type":"ImageObject","inLanguage":"en-GB","@id":"https:\/\/projekt.vombat.ee\/eco\/#\/schema\/logo\/image\/","url":"https:\/\/projekt.vombat.ee\/eco\/wp-content\/uploads\/2023\/03\/ECOCRUISER_5.png","contentUrl":"https:\/\/projekt.vombat.ee\/eco\/wp-content\/uploads\/2023\/03\/ECOCRUISER_5.png","width":234,"height":91,"caption":"Ecocruiser"},"image":{"@id":"https:\/\/projekt.vombat.ee\/eco\/#\/schema\/logo\/image\/"}}]}},"lang":"et","translations":{"et":13927,"fr":17080},"pll_sync_post":[],"_links":{"self":[{"href":"https:\/\/projekt.vombat.ee\/eco\/wp-json\/wp\/v2\/product\/13927"}],"collection":[{"href":"https:\/\/projekt.vombat.ee\/eco\/wp-json\/wp\/v2\/product"}],"about":[{"href":"https:\/\/projekt.vombat.ee\/eco\/wp-json\/wp\/v2\/types\/product"}],"version-history":[{"count":3,"href":"https:\/\/projekt.vombat.ee\/eco\/wp-json\/wp\/v2\/product\/13927\/revisions"}],"predecessor-version":[{"id":16822,"href":"https:\/\/projekt.vombat.ee\/eco\/wp-json\/wp\/v2\/product\/13927\/revisions\/16822"}],"wp:featuredmedia":[{"embeddable":true,"href":"https:\/\/projekt.vombat.ee\/eco\/wp-json\/wp\/v2\/media\/13928"}],"wp:attachment":[{"href":"https:\/\/projekt.vombat.ee\/eco\/wp-json\/wp\/v2\/media?parent=13927"}],"wp:term":[{"taxonomy":"product_cat","embeddable":true,"href":"https:\/\/projekt.vombat.ee\/eco\/wp-json\/wp\/v2\/product_cat?post=13927"},{"taxonomy":"product_tag","embeddable":true,"href":"https:\/\/projekt.vombat.ee\/eco\/wp-json\/wp\/v2\/product_tag?post=13927"}],"curies":[{"name":"wp","href":"https:\/\/api.w.org\/{rel}","templated":true}]}}