{"id":13854,"date":"2024-02-01T12:14:44","date_gmt":"2024-02-01T12:14:44","guid":{"rendered":"https:\/\/projekt.vombat.ee\/eco\/?post_type=product&#038;p=13854"},"modified":"2024-05-02T17:36:11","modified_gmt":"2024-05-02T17:36:11","slug":"ridstar-elektrijalgratas-e26","status":"publish","type":"product","link":"https:\/\/projekt.vombat.ee\/eco\/pood\/elektrirattad\/linnarattad\/ridstar-elektrijalgratas-e26\/","title":{"rendered":"Ridstar elektrijalgratas E26"},"content":{"rendered":"<h1 class=\"product_title entry-title sca-fg-form-icon-product-page\">Ridstar elektrijalgratas E26<\/h1>\n<p><span style=\"font-size: inherit;\"> <img decoding=\"async\" src=\"https:\/\/ridstar-ebike.com\/wp-content\/uploads\/2023\/09\/main-1-2.jpg\" \/><\/span><\/p>\n<p>&nbsp;<\/p>\n<h3>250 W mootor<\/h3>\n<p>Ridstar elektrijalgratas on varustatud 250W mootoriga. See tagab maksimaalse kiiruse 25 km\/h.<\/p>\n<p><img decoding=\"async\" src=\"https:\/\/ridstar-ebike.com\/wp-content\/uploads\/2023\/09\/Detail-07.jpg\" alt=\"ridstar e bike\" \/><\/p>\n<p>&nbsp;<\/p>\n<p>&nbsp;<\/p>\n<p>&nbsp;<\/p>\n<p>&nbsp;<\/p>\n<h3>Eemaldatav liitiumaku<\/h3>\n<p>Ridstar E26 48V\/14Ah on varustatud vee- ja plahvatuskindla eemaldatava akuga. Ridstari elektrijalgratta liitiumioonaku on erinevate kaitsefunktsioonidega, sealhulgas \u00fclelaadimise, \u00fclevoolu ja l\u00fchisekaitsega. Isegi p\u00e4rast 1000 laadimists\u00fcklit suudab aku s\u00e4ilitada 80% oma algsest mahust. Aku laadimisaeg 4-6 tundi.<\/p>\n<p>&nbsp;<\/p>\n<p>&nbsp;<\/p>\n<p><img decoding=\"async\" src=\"https:\/\/ridstar-ebike.com\/wp-content\/uploads\/2023\/09\/Detail-06.jpg\" alt=\"ridstar e bike\" \/><\/p>\n<p>&nbsp;<\/p>\n<h3>Rehvid<\/h3>\n<p>Libisemisvastased 26\u201d x 4,0 paksud rehvid on sobilikud erinevates s\u00f5idutingimustes, isegi lumel ja rannas, aga ka\u00a0 m\u00e4gedes ja linnat\u00e4naval.<\/p>\n<p>&nbsp;<\/p>\n<h3>Nutikas LCD-ekraan ja LED-tuled<\/h3>\n<p>Ratta LCD-ekraan n\u00e4itab kiirust, aku taset ja hetkek\u00e4iku., aidates nii s\u00f5itu j\u00e4lgida. See on mugav j\u00f5udluse j\u00e4lgimiseks ja piisava v\u00f5imsuse tagamiseks.<\/p>\n<p>LED-esituli valgustab teed \u00f6isel ajal. Tagatuli muudab teid tagant n\u00e4htavaks ning helkurid ja peeglid parandavad teie \u00fcldist n\u00e4htavust ja ohutust.<\/p>\n<p>&nbsp;<\/p>\n<p><img fetchpriority=\"high\" decoding=\"async\" class=\"\" src=\"https:\/\/ridstar-ebike.com\/wp-content\/uploads\/2023\/09\/Detail-08.jpg\" width=\"972\" height=\"1749\" \/><\/p>\n<p>&nbsp;<\/p>\n<p>&nbsp;<\/p>\n<h3>Amortisaatorid<\/h3>\n<p>T\u00e4iustatud alumiiniumsulamist amortisaator pakub rohkem v\u00f5imalusi maastikul s\u00f5itmiseks. Rattal on esi- ja tagaosa topelth\u00fcdrauliline vedrustus.<\/p>\n<p>&nbsp;<\/p>\n<p>&nbsp;<\/p>\n<h3><img decoding=\"async\" src=\"https:\/\/ridstar-ebike.com\/wp-content\/uploads\/2023\/09\/Detail-10.jpg\" alt=\"ridstar e bike\" \/><\/h3>\n<h3><\/h3>\n<h3>M\u00f5\u00f5dud:<\/h3>\n<p><img decoding=\"async\" src=\"https:\/\/ridstar-ebike.com\/wp-content\/uploads\/2023\/09\/Detail-04-1-969x1024.jpg\" alt=\"ridstar e bike\" \/><\/p>\n<p>&nbsp;<\/p>\n<p>Sobib s\u00f5itjale pikkusega: 160-190 cm<\/p>\n<p>Ratta kaal: 28 kg<\/p>\n<p>Ratta pikkus:\u00a0 1950 mm; k\u00f5rgus 1150 mm<\/p>\n<p>Ratta maksimaalne kandev\u00f5ime 150 kg<\/p>\n<h3>Info<\/h3>\n<p>Raami materjal: kroomitud teras<br \/>\nKokkupandav kronstein: ei<br \/>\nMootor: 250W harjadeta mootor<br \/>\nAku: 48V 14AH liitiumaku, eemaldatav<\/p>\n<p>Laadimisaeg 4-6 tundi<br \/>\nMaksimaalne s\u00f5iduulatus: 80 km<br \/>\nMaksimaalne kiirus : 25 KM\/H<\/p>\n<p>T\u00f5usunurk: 35\u00b0<br \/>\nRehvid: 26*4,0 tolli<br \/>\nDigitaalne ekraan: spidomeeter, l\u00e4bis\u00f5idum\u00f5\u00f5dik, aku<br \/>\nK\u00e4igud: 7-k\u00e4iguline Shimano mehaaniline k\u00e4iguvahetus<\/p>\n<p>Pidurid: Topeltpidurid<\/p>\n<p>Eesmine ja tagumine topelth\u00fcdrauliline vedrustus<\/p>\n<p>Kohtvalgusti: LED-esi- ja tagatuled<br \/>\nMaksimaalne kandev\u00f5ime: 150 kg<\/p>\n<p>Ratta kaal: 28 kg<br \/>\nSoovitatav s\u00f5itja pikkus: 160-190 cm<\/p>\n<p>Pakiraam<\/p>\n","protected":false},"excerpt":{"rendered":"<h5 class=\"product_title entry-title sca-fg-form-icon-product-page\">Ridstar elektrijalgratas E26<\/h5>\n<ul>\n<li>Mootor: 250W<\/li>\n<li>Aku: 48V 14AH liitiumaku, eemaldatav<\/li>\n<li>Maksimaalne s\u00f5iduulatus kuni 80 km<\/li>\n<li>Vaikimisi tippkiirus: 25 km\/h<\/li>\n<li>Maksimaalne Kandev\u00f5ime: 150 kg<\/li>\n<li>Soovitatav s\u00f5itja pikkus: 160-190 cm<\/li>\n<\/ul>\n<p>&nbsp;<\/p>\n<p>\u2666\u00a0<strong>Tarneaeg 2-6 p\u00e4eva<\/strong><br \/>\n\u2666\u00a0<strong>Laos<\/strong><\/p>\n","protected":false},"featured_media":16449,"template":"","meta":[],"product_cat":[52,903,905],"product_tag":[],"class_list":{"0":"post-13854","1":"product","2":"type-product","3":"status-publish","4":"has-post-thumbnail","6":"product_cat-elektrirattad","7":"product_cat-linnarattad","8":"product_cat-maastikurattad","9":"product_shipping_class-suured-pakid","11":"first","12":"instock","13":"sale","14":"taxable","15":"shipping-taxable","16":"purchasable","17":"product-type-simple"},"yoast_head":"<!-- This site is optimized with the Yoast SEO plugin v23.8 - https:\/\/yoast.com\/wordpress\/plugins\/seo\/ -->\n<title>Ridstar elektrijalgratas E26 - Ecocruiser<\/title>\n<meta name=\"description\" content=\"Mugava disainiga Ridstar elektriratas E26 on \u00fclikerge raamiga, mugav s\u00f5itmiseks nii lumel kui kruusal, nii maanteel kui linnat\u00e4naval. Boonuseks pakiraam.\" \/>\n<meta name=\"robots\" content=\"noindex, follow, max-snippet:-1, max-image-preview:large, max-video-preview:-1\" \/>\n<meta property=\"og:locale\" content=\"en_GB\" \/>\n<meta property=\"og:type\" content=\"article\" \/>\n<meta property=\"og:title\" content=\"Ridstar elektrijalgratas E26 - Ecocruiser\" \/>\n<meta property=\"og:description\" content=\"Mugava disainiga Ridstar elektriratas E26 on \u00fclikerge raamiga, mugav s\u00f5itmiseks nii lumel kui kruusal, nii maanteel kui linnat\u00e4naval. Boonuseks pakiraam.\" \/>\n<meta property=\"og:url\" content=\"https:\/\/projekt.vombat.ee\/eco\/pood\/elektrirattad\/linnarattad\/ridstar-elektrijalgratas-e26\/\" \/>\n<meta property=\"og:site_name\" content=\"Ecocruiser\" \/>\n<meta property=\"article:modified_time\" content=\"2024-05-02T17:36:11+00:00\" \/>\n<meta property=\"og:image\" content=\"https:\/\/projekt.vombat.ee\/eco\/wp-content\/uploads\/2024\/02\/Untitled-design-2024-04-22T224949.770.png\" \/>\n\t<meta property=\"og:image:width\" content=\"1000\" \/>\n\t<meta property=\"og:image:height\" content=\"1000\" \/>\n\t<meta property=\"og:image:type\" content=\"image\/png\" \/>\n<meta name=\"twitter:card\" content=\"summary_large_image\" \/>\n<meta name=\"twitter:label1\" content=\"Estimated reading time\" \/>\n\t<meta name=\"twitter:data1\" content=\"3 minutes\" \/>\n<script type=\"application\/ld+json\" class=\"yoast-schema-graph\">{\"@context\":\"https:\/\/schema.org\",\"@graph\":[{\"@type\":\"WebPage\",\"@id\":\"https:\/\/projekt.vombat.ee\/eco\/pood\/elektrirattad\/linnarattad\/ridstar-elektrijalgratas-e26\/\",\"url\":\"https:\/\/projekt.vombat.ee\/eco\/pood\/elektrirattad\/linnarattad\/ridstar-elektrijalgratas-e26\/\",\"name\":\"Ridstar elektrijalgratas E26 - Ecocruiser\",\"isPartOf\":{\"@id\":\"https:\/\/projekt.vombat.ee\/eco\/#website\"},\"primaryImageOfPage\":{\"@id\":\"https:\/\/projekt.vombat.ee\/eco\/pood\/elektrirattad\/linnarattad\/ridstar-elektrijalgratas-e26\/#primaryimage\"},\"image\":{\"@id\":\"https:\/\/projekt.vombat.ee\/eco\/pood\/elektrirattad\/linnarattad\/ridstar-elektrijalgratas-e26\/#primaryimage\"},\"thumbnailUrl\":\"https:\/\/projekt.vombat.ee\/eco\/wp-content\/uploads\/2024\/02\/Untitled-design-2024-04-22T224949.770.png\",\"datePublished\":\"2024-02-01T12:14:44+00:00\",\"dateModified\":\"2024-05-02T17:36:11+00:00\",\"description\":\"Mugava disainiga Ridstar elektriratas E26 on \u00fclikerge raamiga, mugav s\u00f5itmiseks nii lumel kui kruusal, nii maanteel kui linnat\u00e4naval. Boonuseks pakiraam.\",\"breadcrumb\":{\"@id\":\"https:\/\/projekt.vombat.ee\/eco\/pood\/elektrirattad\/linnarattad\/ridstar-elektrijalgratas-e26\/#breadcrumb\"},\"inLanguage\":\"en-GB\",\"potentialAction\":[{\"@type\":\"ReadAction\",\"target\":[\"https:\/\/projekt.vombat.ee\/eco\/pood\/elektrirattad\/linnarattad\/ridstar-elektrijalgratas-e26\/\"]}]},{\"@type\":\"ImageObject\",\"inLanguage\":\"en-GB\",\"@id\":\"https:\/\/projekt.vombat.ee\/eco\/pood\/elektrirattad\/linnarattad\/ridstar-elektrijalgratas-e26\/#primaryimage\",\"url\":\"https:\/\/projekt.vombat.ee\/eco\/wp-content\/uploads\/2024\/02\/Untitled-design-2024-04-22T224949.770.png\",\"contentUrl\":\"https:\/\/projekt.vombat.ee\/eco\/wp-content\/uploads\/2024\/02\/Untitled-design-2024-04-22T224949.770.png\",\"width\":1000,\"height\":1000},{\"@type\":\"BreadcrumbList\",\"@id\":\"https:\/\/projekt.vombat.ee\/eco\/pood\/elektrirattad\/linnarattad\/ridstar-elektrijalgratas-e26\/#breadcrumb\",\"itemListElement\":[{\"@type\":\"ListItem\",\"position\":1,\"name\":\"Home\",\"item\":\"https:\/\/projekt.vombat.ee\/eco\/\"},{\"@type\":\"ListItem\",\"position\":2,\"name\":\"Pood\",\"item\":\"https:\/\/projekt.vombat.ee\/eco\/pood\/\"},{\"@type\":\"ListItem\",\"position\":3,\"name\":\"Ridstar elektrijalgratas E26\"}]},{\"@type\":\"WebSite\",\"@id\":\"https:\/\/projekt.vombat.ee\/eco\/#website\",\"url\":\"https:\/\/projekt.vombat.ee\/eco\/\",\"name\":\"Ecocruiser\",\"description\":\"\",\"publisher\":{\"@id\":\"https:\/\/projekt.vombat.ee\/eco\/#organization\"},\"potentialAction\":[{\"@type\":\"SearchAction\",\"target\":{\"@type\":\"EntryPoint\",\"urlTemplate\":\"https:\/\/projekt.vombat.ee\/eco\/?s={search_term_string}\"},\"query-input\":{\"@type\":\"PropertyValueSpecification\",\"valueRequired\":true,\"valueName\":\"search_term_string\"}}],\"inLanguage\":\"en-GB\"},{\"@type\":\"Organization\",\"@id\":\"https:\/\/projekt.vombat.ee\/eco\/#organization\",\"name\":\"Ecocruiser\",\"url\":\"https:\/\/projekt.vombat.ee\/eco\/\",\"logo\":{\"@type\":\"ImageObject\",\"inLanguage\":\"en-GB\",\"@id\":\"https:\/\/projekt.vombat.ee\/eco\/#\/schema\/logo\/image\/\",\"url\":\"https:\/\/projekt.vombat.ee\/eco\/wp-content\/uploads\/2023\/03\/ECOCRUISER_5.png\",\"contentUrl\":\"https:\/\/projekt.vombat.ee\/eco\/wp-content\/uploads\/2023\/03\/ECOCRUISER_5.png\",\"width\":234,\"height\":91,\"caption\":\"Ecocruiser\"},\"image\":{\"@id\":\"https:\/\/projekt.vombat.ee\/eco\/#\/schema\/logo\/image\/\"}}]}<\/script>\n<!-- \/ Yoast SEO plugin. -->","yoast_head_json":{"title":"Ridstar elektrijalgratas E26 - Ecocruiser","description":"Mugava disainiga Ridstar elektriratas E26 on \u00fclikerge raamiga, mugav s\u00f5itmiseks nii lumel kui kruusal, nii maanteel kui linnat\u00e4naval. Boonuseks pakiraam.","robots":{"index":"noindex","follow":"follow","max-snippet":"max-snippet:-1","max-image-preview":"max-image-preview:large","max-video-preview":"max-video-preview:-1"},"og_locale":"en_GB","og_type":"article","og_title":"Ridstar elektrijalgratas E26 - Ecocruiser","og_description":"Mugava disainiga Ridstar elektriratas E26 on \u00fclikerge raamiga, mugav s\u00f5itmiseks nii lumel kui kruusal, nii maanteel kui linnat\u00e4naval. Boonuseks pakiraam.","og_url":"https:\/\/projekt.vombat.ee\/eco\/pood\/elektrirattad\/linnarattad\/ridstar-elektrijalgratas-e26\/","og_site_name":"Ecocruiser","article_modified_time":"2024-05-02T17:36:11+00:00","og_image":[{"width":1000,"height":1000,"url":"https:\/\/projekt.vombat.ee\/eco\/wp-content\/uploads\/2024\/02\/Untitled-design-2024-04-22T224949.770.png","type":"image\/png"}],"twitter_card":"summary_large_image","twitter_misc":{"Estimated reading time":"3 minutes"},"schema":{"@context":"https:\/\/schema.org","@graph":[{"@type":"WebPage","@id":"https:\/\/projekt.vombat.ee\/eco\/pood\/elektrirattad\/linnarattad\/ridstar-elektrijalgratas-e26\/","url":"https:\/\/projekt.vombat.ee\/eco\/pood\/elektrirattad\/linnarattad\/ridstar-elektrijalgratas-e26\/","name":"Ridstar elektrijalgratas E26 - Ecocruiser","isPartOf":{"@id":"https:\/\/projekt.vombat.ee\/eco\/#website"},"primaryImageOfPage":{"@id":"https:\/\/projekt.vombat.ee\/eco\/pood\/elektrirattad\/linnarattad\/ridstar-elektrijalgratas-e26\/#primaryimage"},"image":{"@id":"https:\/\/projekt.vombat.ee\/eco\/pood\/elektrirattad\/linnarattad\/ridstar-elektrijalgratas-e26\/#primaryimage"},"thumbnailUrl":"https:\/\/projekt.vombat.ee\/eco\/wp-content\/uploads\/2024\/02\/Untitled-design-2024-04-22T224949.770.png","datePublished":"2024-02-01T12:14:44+00:00","dateModified":"2024-05-02T17:36:11+00:00","description":"Mugava disainiga Ridstar elektriratas E26 on \u00fclikerge raamiga, mugav s\u00f5itmiseks nii lumel kui kruusal, nii maanteel kui linnat\u00e4naval. Boonuseks pakiraam.","breadcrumb":{"@id":"https:\/\/projekt.vombat.ee\/eco\/pood\/elektrirattad\/linnarattad\/ridstar-elektrijalgratas-e26\/#breadcrumb"},"inLanguage":"en-GB","potentialAction":[{"@type":"ReadAction","target":["https:\/\/projekt.vombat.ee\/eco\/pood\/elektrirattad\/linnarattad\/ridstar-elektrijalgratas-e26\/"]}]},{"@type":"ImageObject","inLanguage":"en-GB","@id":"https:\/\/projekt.vombat.ee\/eco\/pood\/elektrirattad\/linnarattad\/ridstar-elektrijalgratas-e26\/#primaryimage","url":"https:\/\/projekt.vombat.ee\/eco\/wp-content\/uploads\/2024\/02\/Untitled-design-2024-04-22T224949.770.png","contentUrl":"https:\/\/projekt.vombat.ee\/eco\/wp-content\/uploads\/2024\/02\/Untitled-design-2024-04-22T224949.770.png","width":1000,"height":1000},{"@type":"BreadcrumbList","@id":"https:\/\/projekt.vombat.ee\/eco\/pood\/elektrirattad\/linnarattad\/ridstar-elektrijalgratas-e26\/#breadcrumb","itemListElement":[{"@type":"ListItem","position":1,"name":"Home","item":"https:\/\/projekt.vombat.ee\/eco\/"},{"@type":"ListItem","position":2,"name":"Pood","item":"https:\/\/projekt.vombat.ee\/eco\/pood\/"},{"@type":"ListItem","position":3,"name":"Ridstar elektrijalgratas E26"}]},{"@type":"WebSite","@id":"https:\/\/projekt.vombat.ee\/eco\/#website","url":"https:\/\/projekt.vombat.ee\/eco\/","name":"Ecocruiser","description":"","publisher":{"@id":"https:\/\/projekt.vombat.ee\/eco\/#organization"},"potentialAction":[{"@type":"SearchAction","target":{"@type":"EntryPoint","urlTemplate":"https:\/\/projekt.vombat.ee\/eco\/?s={search_term_string}"},"query-input":{"@type":"PropertyValueSpecification","valueRequired":true,"valueName":"search_term_string"}}],"inLanguage":"en-GB"},{"@type":"Organization","@id":"https:\/\/projekt.vombat.ee\/eco\/#organization","name":"Ecocruiser","url":"https:\/\/projekt.vombat.ee\/eco\/","logo":{"@type":"ImageObject","inLanguage":"en-GB","@id":"https:\/\/projekt.vombat.ee\/eco\/#\/schema\/logo\/image\/","url":"https:\/\/projekt.vombat.ee\/eco\/wp-content\/uploads\/2023\/03\/ECOCRUISER_5.png","contentUrl":"https:\/\/projekt.vombat.ee\/eco\/wp-content\/uploads\/2023\/03\/ECOCRUISER_5.png","width":234,"height":91,"caption":"Ecocruiser"},"image":{"@id":"https:\/\/projekt.vombat.ee\/eco\/#\/schema\/logo\/image\/"}}]}},"lang":"et","translations":{"et":13854},"pll_sync_post":[],"_links":{"self":[{"href":"https:\/\/projekt.vombat.ee\/eco\/wp-json\/wp\/v2\/product\/13854"}],"collection":[{"href":"https:\/\/projekt.vombat.ee\/eco\/wp-json\/wp\/v2\/product"}],"about":[{"href":"https:\/\/projekt.vombat.ee\/eco\/wp-json\/wp\/v2\/types\/product"}],"version-history":[{"count":5,"href":"https:\/\/projekt.vombat.ee\/eco\/wp-json\/wp\/v2\/product\/13854\/revisions"}],"predecessor-version":[{"id":16791,"href":"https:\/\/projekt.vombat.ee\/eco\/wp-json\/wp\/v2\/product\/13854\/revisions\/16791"}],"wp:featuredmedia":[{"embeddable":true,"href":"https:\/\/projekt.vombat.ee\/eco\/wp-json\/wp\/v2\/media\/16449"}],"wp:attachment":[{"href":"https:\/\/projekt.vombat.ee\/eco\/wp-json\/wp\/v2\/media?parent=13854"}],"wp:term":[{"taxonomy":"product_cat","embeddable":true,"href":"https:\/\/projekt.vombat.ee\/eco\/wp-json\/wp\/v2\/product_cat?post=13854"},{"taxonomy":"product_tag","embeddable":true,"href":"https:\/\/projekt.vombat.ee\/eco\/wp-json\/wp\/v2\/product_tag?post=13854"}],"curies":[{"name":"wp","href":"https:\/\/api.w.org\/{rel}","templated":true}]}}