{"id":13755,"date":"2024-02-19T09:06:03","date_gmt":"2024-02-19T09:06:03","guid":{"rendered":"https:\/\/projekt.vombat.ee\/eco\/?post_type=product&#038;p=13755"},"modified":"2024-05-22T07:11:05","modified_gmt":"2024-05-22T07:11:05","slug":"burchda-u80-elektriratas-170-km","status":"publish","type":"product","link":"https:\/\/projekt.vombat.ee\/eco\/pood\/elektrirattad\/linnarattad\/burchda-u80-elektriratas-170-km\/","title":{"rendered":"BURCHDA U80 Elektriratas 170 km"},"content":{"rendered":"<h1 style=\"text-align: left;\">BURCHDA U80 Elektriratas<\/h1>\n<p><img fetchpriority=\"high\" decoding=\"async\" class=\"alignnone\" src=\"https:\/\/www.burchdabikes.com\/cdn\/shop\/files\/14.jpg?v=1704880738\" alt=\"Burchda U8 Elektriratas\" width=\"1331\" height=\"820\" \/><\/p>\n<div class=\"w-full text-token-text-primary\" data-testid=\"conversation-turn-13\">\n<div class=\"px-4 py-2 justify-center text-base md:gap-6 m-auto\">\n<div class=\"flex flex-1 text-base mx-auto gap-3 md:px-5 lg:px-1 xl:px-5 md:max-w-3xl lg:max-w-[40rem] xl:max-w-[48rem] group\">\n<div class=\"relative flex w-full flex-col lg:w-[calc(100%-115px)] agent-turn\">\n<div class=\"flex-col gap-1 md:gap-3\">\n<div class=\"flex flex-grow flex-col max-w-full\">\n<div class=\"min-h-[20px] text-message flex flex-col items-start gap-3 whitespace-pre-wrap break-words [.text-message+&amp;]:mt-5 overflow-x-auto\" data-message-author-role=\"assistant\" data-message-id=\"655a9ff4-82c2-48ea-b957-d17c6c0db328\">\n<div class=\"markdown prose w-full break-words dark:prose-invert dark\">\n<p>BURCHDA U80 Elektriratta suurendatud ja paksendatud sadul suurendab oluliselt pehmust ja mugavust ning leevendab efektiivselt tuharate valulikkust pikamaas\u00f5idul.<\/p>\n<p><img decoding=\"async\" class=\"alignnone\" src=\"https:\/\/www.burchdabikes.com\/cdn\/shop\/files\/40112183000.jpg?v=1705055497\" alt=\"BURCHDA U8 Elektriratas\" width=\"1620\" height=\"1080\" \/><\/p>\n<p>Kas vallutad ebatasast maastikku v\u00f5i s\u00f5idad siledamal teel, U80 amordiga kahvel kohandub sinu eelistustele. Saad seda peenh\u00e4\u00e4lestada mugava ja pehme s\u00f5idu jaoks v\u00f5i pingutada seda, et saavutada reageerivam juhitavus.<\/p>\n<p><img decoding=\"async\" class=\"alignnone\" src=\"https:\/\/www.burchdabikes.com\/cdn\/shop\/files\/0112182515.jpg?v=1705055523\" alt=\"Burchda U8\" width=\"1132\" height=\"755\" \/><\/p>\n<p>BURCHDA U80 Elektriratta valgustusega ekraan pakub reaalajas andmeid kiiruse, l\u00e4bis\u00f5idu, v\u00f5imsuse ja muu kohta. Funktsiooninupud ja armatuurlaud juhtraual on ergonoomiliselt kujundatud, r\u00f5hutades mugavust ja praktilisust. Koge optimaalset mugavust ja lihtsat juhtimist.<\/p>\n<p><img loading=\"lazy\" decoding=\"async\" class=\"alignnone\" src=\"https:\/\/www.burchdabikes.com\/cdn\/shop\/files\/5.jpg?v=1704966215\" alt=\"Burchda\" width=\"1620\" height=\"1080\" \/><\/p>\n<p>U80 20-tollised rattad sobivad l\u00fchikestele ja eakatele inimestele, vastates nende igap\u00e4evastele pendel- ja aeg-ajalt maastikuvajadustele. 4-tolline laius tagab absoluutse haarduvuse ja stabiilsuse, vallutades vaevata mudaseid ja ebatasaseid teid.<\/p>\n<p><img loading=\"lazy\" decoding=\"async\" class=\"alignnone\" src=\"https:\/\/www.burchdabikes.com\/cdn\/shop\/files\/40113112258.jpg?v=1705116249&amp;width=750\" alt=\"U8\" width=\"750\" height=\"750\" \/><\/p>\n<p>BURCHDA U80 elektriratta astumisega raam tagab, et k\u00f5ikide pikkustega s\u00f5itjad saavad selle jalgrattaga mugavalt s\u00f5ita, samal ajal kui selle V-kujuline vorm lisab nii praktilisuse kui ka visuaalse atraktiivsuse.<\/p>\n<p><img loading=\"lazy\" decoding=\"async\" class=\"alignnone\" src=\"https:\/\/www.burchdabikes.com\/cdn\/shop\/files\/0113112317.jpg?v=1705116249&amp;width=750\" alt=\"Burchda U8\" width=\"750\" height=\"750\" \/><\/p>\n<\/div>\n<\/div>\n<\/div>\n<\/div>\n<\/div>\n<\/div>\n<\/div>\n<\/div>\n<p><span style=\"color: #2f2f2f; font-size: 24px; font-weight: 600;\">Info<\/span><\/p>\n<ul>\n<li><strong>Maksimaalne vahemaa<\/strong>: 170 kilomeetrit \u00fche laadimisega.<\/li>\n<li><strong>\u00dclisuur aku<\/strong>: 1512W (48V 31.5Ah) eemaldatav liitiumioonaku.<\/li>\n<li><strong>Laadimisaeg:<\/strong> 7-9 tundi<\/li>\n<li><strong>Kiirus<\/strong>: Maksimaalne kiirus 25 km\/h<\/li>\n<li><strong>Mootor<\/strong>: 250W tippv\u00f5imsusega harjadeta mootor<\/li>\n<li><strong>V\u00e4\u00e4ne<\/strong>: 75 Nm<\/li>\n<li><strong>T\u00f5usunurk: <\/strong>30 kraadi<\/li>\n<li><strong>S\u00f5idure\u017eiimid<\/strong>: Pedaal\/Pedaali abi\/Gaasipedaal\/P\u00fcsikiiruse hoidja.<\/li>\n<li><strong>\u00dclisuur amortisaatoriga sadul<\/strong>: Suurendatud ja paksendatud reguleeritav sadul suurendab pehmust ja mugavust.<\/li>\n<li><strong>Reguleeritav esiamort<\/strong>: Amordiga kahvel kohandub teie eelistustele.<\/li>\n<li><strong>Raami materjal:<\/strong> 6061 Alumiiniumsulam<\/li>\n<li><strong>Armatuur ja nutikas rakendus<\/strong>: Valgustusega ekraan n\u00e4itab reaalajas kiirust, l\u00e4bis\u00f5itu, v\u00f5imsust ja muud.<\/li>\n<li><strong>Rehv:<\/strong> 20&#8243;x4.0&#8243; paks rehv. 4-tolline laius tagab suure haarduvuse ja stabiilsuse.<\/li>\n<li><strong>Astumisega raam:<\/strong> V-kujuline raam tagab praktilisuse ja visuaalse atraktiivsuse.<\/li>\n<li><strong>LED:<\/strong> Suurendab turvalisust suurema n\u00e4htavusega.<\/li>\n<li><strong>Esilatern:<\/strong> V\u00f5imas esilatern valgustab teed madala valguse tingimustes.<\/li>\n<li><strong>Shimano 7-k\u00e4iguline k\u00e4iguvahetuss\u00fcsteem:<\/strong> 7 k\u00e4iku tagavad sujuva kohandatava s\u00f5idukogemuse.<\/li>\n<li><strong>Kulumiskindel pedaal:<\/strong> Pedaalid on vastupidavad igap\u00e4evasele kasutamisele.<\/li>\n<li><strong>IP tase:<\/strong>\u00a0IPX 4<\/li>\n<\/ul>\n<p><img loading=\"lazy\" decoding=\"async\" class=\"alignnone\" src=\"https:\/\/www.burchdabikes.com\/cdn\/shop\/files\/13.jpg?v=1704872207\" alt=\"Burchda\" width=\"1330\" height=\"820\" \/><\/p>\n<h3>Kaal ja m\u00f5\u00f5tmed<\/h3>\n<ul>\n<li><strong>Soovituslik kasutaja pikkus:<\/strong> 157.5 cm kuni 187.96 cm<\/li>\n<li><strong>Maksimaalne kandev\u00f5ime:<\/strong> umbes 158.76 kg<\/li>\n<li><strong>Jalgratta kaal:<\/strong> umbes 28.58 kg (Aku kaal eraldi 8.16 kg)<\/li>\n<li><strong>Kogupikkus:<\/strong> 179.83 cm<\/li>\n<li><strong>Teljevahe:<\/strong> 122 cm<\/li>\n<li><strong>Lenksu k\u00f5rgus: <\/strong>120 cm<\/li>\n<li><strong>Lenksu pikkus:<\/strong> 70 cm<\/li>\n<li><strong>Maksimaalne istme k\u00f5rgus maapinnast:<\/strong> 112cm<\/li>\n<li><strong>Minimaalne istme k\u00f5rgus maapinnast:<\/strong> 84 cm<\/li>\n<li><strong>Ratta diameeter: <\/strong>50.8 cm<\/li>\n<li><strong>Seisuk\u00f5rgus:<\/strong> 45cm<\/li>\n<\/ul>\n<div class=\"flex-1 overflow-hidden\">\n<div class=\"react-scroll-to-bottom--css-bjtog-79elbk h-full\">\n<div class=\"react-scroll-to-bottom--css-bjtog-1n7m0yu\">\n<div class=\"flex flex-col pb-9 text-sm\">\n<div class=\"w-full text-token-text-primary\" data-testid=\"conversation-turn-9\">\n<div class=\"px-4 py-2 justify-center text-base md:gap-6 m-auto\">\n<div class=\"flex flex-1 text-base mx-auto gap-3 md:px-5 lg:px-1 xl:px-5 md:max-w-3xl lg:max-w-[40rem] xl:max-w-[48rem] group final-completion\">\n<div class=\"relative flex w-full flex-col lg:w-[calc(100%-115px)] agent-turn\">\n<div class=\"flex-col gap-1 md:gap-3\">\n<div class=\"flex flex-grow flex-col max-w-full\">\n<div class=\"min-h-[20px] text-message flex flex-col items-start gap-3 whitespace-pre-wrap break-words [.text-message+&amp;]:mt-5 overflow-x-auto\" data-message-author-role=\"assistant\" data-message-id=\"6ef1cbff-4441-436e-b208-f1cca08f7012\">\n<div class=\"markdown prose w-full break-words dark:prose-invert dark\">\n<ul>\n<li><strong>Pakendi suurus: <\/strong>148 cm x 30 cm x 78 cm<\/li>\n<li><strong>Pakendi kaal:<\/strong>\u00a048kg<\/li>\n<\/ul>\n<\/div>\n<\/div>\n<\/div>\n<\/div>\n<div class=\"absolute\">\n<div class=\"flex w-full gap-2 items-center justify-center\"><\/div>\n<\/div>\n<\/div>\n<\/div>\n<\/div>\n<\/div>\n<\/div>\n<\/div>\n<\/div>\n<\/div>\n","protected":false},"excerpt":{"rendered":"<p><strong>BURCHDA U8 Ele<\/strong><strong>ktriratas<\/strong><\/p>\n<p>&nbsp;<\/p>\n<ul>\n<li><strong>Maksimaalne vahemaa: 170 kilomeetrit \u00fche laadimisega.<\/strong><\/li>\n<li><strong>Aku: 48V 31.5Ah eemaldatav liitiumioonaku.<\/strong><\/li>\n<li><strong>Kiirus: 25 km\/h<\/strong><\/li>\n<li><strong>\u00dclisuur amortisaatoriga sadul<\/strong><\/li>\n<li><strong>Armatuur ja nutikas rakendus<\/strong><\/li>\n<li><strong>Rehv: 20&#8243;x4.0&#8243; paks rehv. 4-tolline laius<\/strong><\/li>\n<li><strong>V-kujuline raam<\/strong><\/li>\n<li><strong>Shimano 7-k\u00e4iguline k\u00e4iguvahetuss\u00fcsteem<\/strong><\/li>\n<li><strong>Kulumiskindel pedaal<\/strong><\/li>\n<\/ul>\n<p>&nbsp;<\/p>\n<p><strong>\u2666 Tarneaeg 2-6 p\u00e4eva<\/strong><br \/>\n<strong>\u2666 Laos<\/strong><\/p>\n<p>&nbsp;<\/p>\n","protected":false},"featured_media":17303,"template":"","meta":[],"product_cat":[52,907,903,905,15],"product_tag":[],"class_list":{"0":"post-13755","1":"product","2":"type-product","3":"status-publish","4":"has-post-thumbnail","6":"product_cat-elektrirattad","7":"product_cat-kokkupandavad-rattad","8":"product_cat-linnarattad","9":"product_cat-maastikurattad","10":"product_cat-uued-tooted","11":"product_shipping_class-suured-pakid","13":"first","14":"instock","15":"sale","16":"taxable","17":"shipping-taxable","18":"purchasable","19":"product-type-variable"},"yoast_head":"<!-- This site is optimized with the Yoast SEO plugin v23.8 - https:\/\/yoast.com\/wordpress\/plugins\/seo\/ -->\n<title>BURCHDA U80 Elektriratas 170 km - Ecocruiser<\/title>\n<meta name=\"description\" content=\"Avasta BURCHDA U8 Elektriratas \u2013 Sinu igap\u00e4evane s\u00f5idukaaslane, mille kerge alumiiniumraam ja v\u00f5imas mootor viivad sind sihtpunkti kiirelt ja stiilselt.\" \/>\n<meta name=\"robots\" content=\"noindex, follow, max-snippet:-1, max-image-preview:large, max-video-preview:-1\" \/>\n<meta property=\"og:locale\" content=\"en_GB\" \/>\n<meta property=\"og:type\" content=\"article\" \/>\n<meta property=\"og:title\" content=\"BURCHDA U80 Elektriratas 170 km - Ecocruiser\" \/>\n<meta property=\"og:description\" content=\"Avasta BURCHDA U8 Elektriratas \u2013 Sinu igap\u00e4evane s\u00f5idukaaslane, mille kerge alumiiniumraam ja v\u00f5imas mootor viivad sind sihtpunkti kiirelt ja stiilselt.\" \/>\n<meta property=\"og:url\" content=\"https:\/\/projekt.vombat.ee\/eco\/pood\/elektrirattad\/linnarattad\/burchda-u80-elektriratas-170-km\/\" \/>\n<meta property=\"og:site_name\" content=\"Ecocruiser\" \/>\n<meta property=\"article:modified_time\" content=\"2024-05-22T07:11:05+00:00\" \/>\n<meta property=\"og:image\" content=\"https:\/\/projekt.vombat.ee\/eco\/wp-content\/uploads\/2024\/02\/Untitled-design-2024-05-22T101028.209.png\" \/>\n\t<meta property=\"og:image:width\" content=\"1080\" \/>\n\t<meta property=\"og:image:height\" content=\"1080\" \/>\n\t<meta property=\"og:image:type\" content=\"image\/png\" \/>\n<meta name=\"twitter:card\" content=\"summary_large_image\" \/>\n<meta name=\"twitter:label1\" content=\"Estimated reading time\" \/>\n\t<meta name=\"twitter:data1\" content=\"4 minutes\" \/>\n<script type=\"application\/ld+json\" class=\"yoast-schema-graph\">{\"@context\":\"https:\/\/schema.org\",\"@graph\":[{\"@type\":\"WebPage\",\"@id\":\"https:\/\/projekt.vombat.ee\/eco\/pood\/elektrirattad\/linnarattad\/burchda-u80-elektriratas-170-km\/\",\"url\":\"https:\/\/projekt.vombat.ee\/eco\/pood\/elektrirattad\/linnarattad\/burchda-u80-elektriratas-170-km\/\",\"name\":\"BURCHDA U80 Elektriratas 170 km - Ecocruiser\",\"isPartOf\":{\"@id\":\"https:\/\/projekt.vombat.ee\/eco\/#website\"},\"primaryImageOfPage\":{\"@id\":\"https:\/\/projekt.vombat.ee\/eco\/pood\/elektrirattad\/linnarattad\/burchda-u80-elektriratas-170-km\/#primaryimage\"},\"image\":{\"@id\":\"https:\/\/projekt.vombat.ee\/eco\/pood\/elektrirattad\/linnarattad\/burchda-u80-elektriratas-170-km\/#primaryimage\"},\"thumbnailUrl\":\"https:\/\/projekt.vombat.ee\/eco\/wp-content\/uploads\/2024\/02\/Untitled-design-2024-05-22T101028.209.png\",\"datePublished\":\"2024-02-19T09:06:03+00:00\",\"dateModified\":\"2024-05-22T07:11:05+00:00\",\"description\":\"Avasta BURCHDA U8 Elektriratas \u2013 Sinu igap\u00e4evane s\u00f5idukaaslane, mille kerge alumiiniumraam ja v\u00f5imas mootor viivad sind sihtpunkti kiirelt ja stiilselt.\",\"breadcrumb\":{\"@id\":\"https:\/\/projekt.vombat.ee\/eco\/pood\/elektrirattad\/linnarattad\/burchda-u80-elektriratas-170-km\/#breadcrumb\"},\"inLanguage\":\"en-GB\",\"potentialAction\":[{\"@type\":\"ReadAction\",\"target\":[\"https:\/\/projekt.vombat.ee\/eco\/pood\/elektrirattad\/linnarattad\/burchda-u80-elektriratas-170-km\/\"]}]},{\"@type\":\"ImageObject\",\"inLanguage\":\"en-GB\",\"@id\":\"https:\/\/projekt.vombat.ee\/eco\/pood\/elektrirattad\/linnarattad\/burchda-u80-elektriratas-170-km\/#primaryimage\",\"url\":\"https:\/\/projekt.vombat.ee\/eco\/wp-content\/uploads\/2024\/02\/Untitled-design-2024-05-22T101028.209.png\",\"contentUrl\":\"https:\/\/projekt.vombat.ee\/eco\/wp-content\/uploads\/2024\/02\/Untitled-design-2024-05-22T101028.209.png\",\"width\":1080,\"height\":1080},{\"@type\":\"BreadcrumbList\",\"@id\":\"https:\/\/projekt.vombat.ee\/eco\/pood\/elektrirattad\/linnarattad\/burchda-u80-elektriratas-170-km\/#breadcrumb\",\"itemListElement\":[{\"@type\":\"ListItem\",\"position\":1,\"name\":\"Home\",\"item\":\"https:\/\/projekt.vombat.ee\/eco\/\"},{\"@type\":\"ListItem\",\"position\":2,\"name\":\"Pood\",\"item\":\"https:\/\/projekt.vombat.ee\/eco\/pood\/\"},{\"@type\":\"ListItem\",\"position\":3,\"name\":\"BURCHDA U80 Elektriratas 170 km\"}]},{\"@type\":\"WebSite\",\"@id\":\"https:\/\/projekt.vombat.ee\/eco\/#website\",\"url\":\"https:\/\/projekt.vombat.ee\/eco\/\",\"name\":\"Ecocruiser\",\"description\":\"\",\"publisher\":{\"@id\":\"https:\/\/projekt.vombat.ee\/eco\/#organization\"},\"potentialAction\":[{\"@type\":\"SearchAction\",\"target\":{\"@type\":\"EntryPoint\",\"urlTemplate\":\"https:\/\/projekt.vombat.ee\/eco\/?s={search_term_string}\"},\"query-input\":{\"@type\":\"PropertyValueSpecification\",\"valueRequired\":true,\"valueName\":\"search_term_string\"}}],\"inLanguage\":\"en-GB\"},{\"@type\":\"Organization\",\"@id\":\"https:\/\/projekt.vombat.ee\/eco\/#organization\",\"name\":\"Ecocruiser\",\"url\":\"https:\/\/projekt.vombat.ee\/eco\/\",\"logo\":{\"@type\":\"ImageObject\",\"inLanguage\":\"en-GB\",\"@id\":\"https:\/\/projekt.vombat.ee\/eco\/#\/schema\/logo\/image\/\",\"url\":\"https:\/\/projekt.vombat.ee\/eco\/wp-content\/uploads\/2023\/03\/ECOCRUISER_5.png\",\"contentUrl\":\"https:\/\/projekt.vombat.ee\/eco\/wp-content\/uploads\/2023\/03\/ECOCRUISER_5.png\",\"width\":234,\"height\":91,\"caption\":\"Ecocruiser\"},\"image\":{\"@id\":\"https:\/\/projekt.vombat.ee\/eco\/#\/schema\/logo\/image\/\"}}]}<\/script>\n<!-- \/ Yoast SEO plugin. -->","yoast_head_json":{"title":"BURCHDA U80 Elektriratas 170 km - Ecocruiser","description":"Avasta BURCHDA U8 Elektriratas \u2013 Sinu igap\u00e4evane s\u00f5idukaaslane, mille kerge alumiiniumraam ja v\u00f5imas mootor viivad sind sihtpunkti kiirelt ja stiilselt.","robots":{"index":"noindex","follow":"follow","max-snippet":"max-snippet:-1","max-image-preview":"max-image-preview:large","max-video-preview":"max-video-preview:-1"},"og_locale":"en_GB","og_type":"article","og_title":"BURCHDA U80 Elektriratas 170 km - Ecocruiser","og_description":"Avasta BURCHDA U8 Elektriratas \u2013 Sinu igap\u00e4evane s\u00f5idukaaslane, mille kerge alumiiniumraam ja v\u00f5imas mootor viivad sind sihtpunkti kiirelt ja stiilselt.","og_url":"https:\/\/projekt.vombat.ee\/eco\/pood\/elektrirattad\/linnarattad\/burchda-u80-elektriratas-170-km\/","og_site_name":"Ecocruiser","article_modified_time":"2024-05-22T07:11:05+00:00","og_image":[{"width":1080,"height":1080,"url":"https:\/\/projekt.vombat.ee\/eco\/wp-content\/uploads\/2024\/02\/Untitled-design-2024-05-22T101028.209.png","type":"image\/png"}],"twitter_card":"summary_large_image","twitter_misc":{"Estimated reading time":"4 minutes"},"schema":{"@context":"https:\/\/schema.org","@graph":[{"@type":"WebPage","@id":"https:\/\/projekt.vombat.ee\/eco\/pood\/elektrirattad\/linnarattad\/burchda-u80-elektriratas-170-km\/","url":"https:\/\/projekt.vombat.ee\/eco\/pood\/elektrirattad\/linnarattad\/burchda-u80-elektriratas-170-km\/","name":"BURCHDA U80 Elektriratas 170 km - Ecocruiser","isPartOf":{"@id":"https:\/\/projekt.vombat.ee\/eco\/#website"},"primaryImageOfPage":{"@id":"https:\/\/projekt.vombat.ee\/eco\/pood\/elektrirattad\/linnarattad\/burchda-u80-elektriratas-170-km\/#primaryimage"},"image":{"@id":"https:\/\/projekt.vombat.ee\/eco\/pood\/elektrirattad\/linnarattad\/burchda-u80-elektriratas-170-km\/#primaryimage"},"thumbnailUrl":"https:\/\/projekt.vombat.ee\/eco\/wp-content\/uploads\/2024\/02\/Untitled-design-2024-05-22T101028.209.png","datePublished":"2024-02-19T09:06:03+00:00","dateModified":"2024-05-22T07:11:05+00:00","description":"Avasta BURCHDA U8 Elektriratas \u2013 Sinu igap\u00e4evane s\u00f5idukaaslane, mille kerge alumiiniumraam ja v\u00f5imas mootor viivad sind sihtpunkti kiirelt ja stiilselt.","breadcrumb":{"@id":"https:\/\/projekt.vombat.ee\/eco\/pood\/elektrirattad\/linnarattad\/burchda-u80-elektriratas-170-km\/#breadcrumb"},"inLanguage":"en-GB","potentialAction":[{"@type":"ReadAction","target":["https:\/\/projekt.vombat.ee\/eco\/pood\/elektrirattad\/linnarattad\/burchda-u80-elektriratas-170-km\/"]}]},{"@type":"ImageObject","inLanguage":"en-GB","@id":"https:\/\/projekt.vombat.ee\/eco\/pood\/elektrirattad\/linnarattad\/burchda-u80-elektriratas-170-km\/#primaryimage","url":"https:\/\/projekt.vombat.ee\/eco\/wp-content\/uploads\/2024\/02\/Untitled-design-2024-05-22T101028.209.png","contentUrl":"https:\/\/projekt.vombat.ee\/eco\/wp-content\/uploads\/2024\/02\/Untitled-design-2024-05-22T101028.209.png","width":1080,"height":1080},{"@type":"BreadcrumbList","@id":"https:\/\/projekt.vombat.ee\/eco\/pood\/elektrirattad\/linnarattad\/burchda-u80-elektriratas-170-km\/#breadcrumb","itemListElement":[{"@type":"ListItem","position":1,"name":"Home","item":"https:\/\/projekt.vombat.ee\/eco\/"},{"@type":"ListItem","position":2,"name":"Pood","item":"https:\/\/projekt.vombat.ee\/eco\/pood\/"},{"@type":"ListItem","position":3,"name":"BURCHDA U80 Elektriratas 170 km"}]},{"@type":"WebSite","@id":"https:\/\/projekt.vombat.ee\/eco\/#website","url":"https:\/\/projekt.vombat.ee\/eco\/","name":"Ecocruiser","description":"","publisher":{"@id":"https:\/\/projekt.vombat.ee\/eco\/#organization"},"potentialAction":[{"@type":"SearchAction","target":{"@type":"EntryPoint","urlTemplate":"https:\/\/projekt.vombat.ee\/eco\/?s={search_term_string}"},"query-input":{"@type":"PropertyValueSpecification","valueRequired":true,"valueName":"search_term_string"}}],"inLanguage":"en-GB"},{"@type":"Organization","@id":"https:\/\/projekt.vombat.ee\/eco\/#organization","name":"Ecocruiser","url":"https:\/\/projekt.vombat.ee\/eco\/","logo":{"@type":"ImageObject","inLanguage":"en-GB","@id":"https:\/\/projekt.vombat.ee\/eco\/#\/schema\/logo\/image\/","url":"https:\/\/projekt.vombat.ee\/eco\/wp-content\/uploads\/2023\/03\/ECOCRUISER_5.png","contentUrl":"https:\/\/projekt.vombat.ee\/eco\/wp-content\/uploads\/2023\/03\/ECOCRUISER_5.png","width":234,"height":91,"caption":"Ecocruiser"},"image":{"@id":"https:\/\/projekt.vombat.ee\/eco\/#\/schema\/logo\/image\/"}}]}},"lang":"et","translations":{"et":13755},"pll_sync_post":[],"_links":{"self":[{"href":"https:\/\/projekt.vombat.ee\/eco\/wp-json\/wp\/v2\/product\/13755"}],"collection":[{"href":"https:\/\/projekt.vombat.ee\/eco\/wp-json\/wp\/v2\/product"}],"about":[{"href":"https:\/\/projekt.vombat.ee\/eco\/wp-json\/wp\/v2\/types\/product"}],"version-history":[{"count":11,"href":"https:\/\/projekt.vombat.ee\/eco\/wp-json\/wp\/v2\/product\/13755\/revisions"}],"predecessor-version":[{"id":16730,"href":"https:\/\/projekt.vombat.ee\/eco\/wp-json\/wp\/v2\/product\/13755\/revisions\/16730"}],"wp:featuredmedia":[{"embeddable":true,"href":"https:\/\/projekt.vombat.ee\/eco\/wp-json\/wp\/v2\/media\/17303"}],"wp:attachment":[{"href":"https:\/\/projekt.vombat.ee\/eco\/wp-json\/wp\/v2\/media?parent=13755"}],"wp:term":[{"taxonomy":"product_cat","embeddable":true,"href":"https:\/\/projekt.vombat.ee\/eco\/wp-json\/wp\/v2\/product_cat?post=13755"},{"taxonomy":"product_tag","embeddable":true,"href":"https:\/\/projekt.vombat.ee\/eco\/wp-json\/wp\/v2\/product_tag?post=13755"}],"curies":[{"name":"wp","href":"https:\/\/api.w.org\/{rel}","templated":true}]}}