{"id":13694,"date":"2024-01-31T10:24:08","date_gmt":"2024-01-31T10:24:08","guid":{"rendered":"https:\/\/projekt.vombat.ee\/eco\/?post_type=product&#038;p=13694"},"modified":"2024-05-02T17:43:27","modified_gmt":"2024-05-02T17:43:27","slug":"ridstar-h20-elektrijalgratas-80-km","status":"publish","type":"product","link":"https:\/\/projekt.vombat.ee\/eco\/pood\/elektrirattad\/linnarattad\/ridstar-h20-elektrijalgratas-80-km\/","title":{"rendered":"Ridstar H20 elektrijalgratas, 80 km"},"content":{"rendered":"<div class=\"youtube responsive-embed wp-embed\"><iframe title=\"Ristar E Bike H20 Foldable Electric Bike for Adults\" width=\"1778\" height=\"1000\" src=\"https:\/\/www.youtube.com\/embed\/r9RE-1YFrcc?feature=oembed&#038;enablejsapi=1&#038;rel=0&#038;showinfo=0&#038;color=white\" frameborder=\"0\" allow=\"accelerometer; autoplay; clipboard-write; encrypted-media; gyroscope; picture-in-picture; web-share\" referrerpolicy=\"strict-origin-when-cross-origin\" allowfullscreen><\/iframe><\/div>\n<h1 class=\"product_title entry-title sca-fg-form-icon-product-page\">Ridstar kokkupandav elektrijalgratas H20<\/h1>\n<p><img fetchpriority=\"high\" decoding=\"async\" class=\"\" src=\"https:\/\/ridstar-ebike.com\/wp-content\/uploads\/2023\/09\/m1.jpg\" width=\"815\" height=\"534\" \/><\/p>\n<p>&nbsp;<\/p>\n<h3>250W harjadeta mootor<\/h3>\n<p>Kokkupandav Ridstar elektrijalgratas on varustatud 250W harjadeta mootoritega. Need v\u00f5imsad mootorid suudavad teie maksimaalset kiirust 25 km\/h ja t\u00f5usta 30\u00b0 m\u00e4kke.<\/p>\n<p>&nbsp;<\/p>\n<h3>Eemaldatav aku<\/h3>\n<p>Ridstar H20 48V\/14Ah on varustatud vee- ja plahvatuskindla eemaldatava akuga. Ridstari elektrijalgratta liitiumioonaku on erinevate kaitsefunktsioonidega, sealhulgas \u00fclelaadimise, \u00fclevoolu ja l\u00fchisekaitsega. Isegi p\u00e4rast 1000 laadimists\u00fcklit suudab aku s\u00e4ilitada 80% oma algsest mahust.<\/p>\n<p>&nbsp;<\/p>\n<p><img decoding=\"async\" class=\"\" src=\"https:\/\/ridstar-ebike.com\/wp-content\/uploads\/2023\/09\/Main-05.jpg\" alt=\"ridstar electric bike\" width=\"477\" height=\"477\" \/><\/p>\n<p>&nbsp;<\/p>\n<h3>7-k\u00e4iguline Shimano mehaaniline k\u00e4iguvahetus<\/h3>\n<h3>Lihtsalt kokkupandav<\/h3>\n<p>Rattal on mugav voltimiskonstruktsioon l\u00e4heb kiiresti kokku 10 sekundiga. Kokkupandud suurus 170*102*57cm. Seda saab h\u00f5lpsasti pagasiruumi mahutada, \u00fclikergest materjalist raamiga ratast on lihtne t\u00f5sta.<\/p>\n<p>&nbsp;<\/p>\n<p>&nbsp;<\/p>\n<p><img decoding=\"async\" class=\"\" src=\"https:\/\/ridstar-ebike.com\/wp-content\/uploads\/2023\/09\/main-5-1.jpg\" width=\"600\" height=\"600\" \/><\/p>\n<p>&nbsp;<\/p>\n<h3>Alumiiniumsulamist esikahvel<\/h3>\n<p>Tugevate ja kergete materjalide kombinatsioon koos esihargi vedrustusega tagab mugavama ja sujuvama s\u00f5idu. Kahvli saab ka lukustada. See mitte ainult ei paranda juhitavust, vaid v\u00e4hendab ka kogukaalu, muutes s\u00f5idu nauditavamaks.<\/p>\n<p>&nbsp;<\/p>\n<h3>Rehvid<\/h3>\n<p>Libisemisvastased 20\u201d x 4,0 paksud rehvid on sobilikud erinevates s\u00f5idutingimustes, isegi lumel ja rannas, aga ka\u00a0 m\u00e4gedes ja linnat\u00e4naval.<\/p>\n<p>&nbsp;<\/p>\n<h3>Nutikas LCD-ekraan ja LED-tuled<\/h3>\n<p>Ratta LCD-ekraan n\u00e4itab kiirust, aku taset ja l\u00e4bitud vahemaad, aidates nii s\u00f5itu j\u00e4lgida. See on mugav j\u00f5udluse j\u00e4lgimiseks ja piisava v\u00f5imsuse tagamiseks.<\/p>\n<p>LED-esituli valgustab teed \u00f6isel ajal. Tagatuli muudab teid tagant n\u00e4htavaks ning helkurid ja peeglid parandavad teie \u00fcldist n\u00e4htavust ja ohutust.<\/p>\n<p>&nbsp;<\/p>\n<p><img loading=\"lazy\" decoding=\"async\" class=\"\" src=\"https:\/\/ridstar-ebike.com\/wp-content\/uploads\/2023\/09\/Screen1.jpg\" alt=\"ridstar electric bike\" width=\"510\" height=\"510\" \/><\/p>\n<p>&nbsp;<\/p>\n<h3>Amortisaatorid<\/h3>\n<p>T\u00e4iustatud alumiiniumsulamist amortisaator pakub rohkem v\u00f5imalusi maastikul s\u00f5itmiseks. Rattal on esi- ja tagaosa topelth\u00fcdrauliline vedrustus.<\/p>\n<h3><\/h3>\n<h3>M\u00f5\u00f5dud:<\/h3>\n<p>Ratturi pikkus: 160-190 cm<\/p>\n<p>Ratta kaal: 30 kg<\/p>\n<p>Ratta pikkus:\u00a0 1700 mm; k\u00f5rgus 1020 mm<\/p>\n<p>Kokkupandult m\u00f5\u00f5dud: 1700 mm x 1020 mm x 5700 mm<\/p>\n<p>Ratta maksimaalne kandev\u00f5ime 150 kg<\/p>\n<p>&nbsp;<\/p>\n<h3>Info<\/h3>\n<p>Raami materjal: kroomitud teras<br \/>\nKokkupandav kronstein: jah<br \/>\nMootor: 250W harjadeta mootor<br \/>\nAku: 48V 15AH aku<br \/>\nMaksimaalne s\u00f5iduulatus: 80 km<br \/>\nMaksimaalne kiirus : 25 KM\/H<\/p>\n<p>T\u00f5usunurk: 30\u00b0<br \/>\nRehvid: 20*4,0 tolli<br \/>\nDigitaalne ekraan: spidomeeter, l\u00e4bis\u00f5idum\u00f5\u00f5dik, aku<br \/>\nK\u00e4igud: 7-k\u00e4iguline Shimano mehaaniline k\u00e4iguvahetus<\/p>\n<p>Pidurid: Topeltpidurid<\/p>\n<p>Eesmine ja tagumine topelth\u00fcdrauliline vedrustus<\/p>\n<p>Kohtvalgusti: LED-esi- ja tagatuled<br \/>\nMaksimaalne kandev\u00f5ime: 150 kg<br \/>\nSoovitatav s\u00f5itja pikkus: 160-190 cm<\/p>\n","protected":false},"excerpt":{"rendered":"<h5 class=\"product_title entry-title sca-fg-form-icon-product-page\">Ridstar kokkupandav elektrijalgratas H20<\/h5>\n<ul>\n<li>Mootor: 250W<\/li>\n<li>Aku: 48V 15AH aku<\/li>\n<li>Maksimaalne s\u00f5iduulatus kuni 80 km<\/li>\n<li>Vaikimisi tippkiirus: 25 km\/h<\/li>\n<li>Maksimaalne Kandev\u00f5ime: 150 kg<\/li>\n<li>Soovitatav s\u00f5itja pikkus: 160-190 cm<\/li>\n<\/ul>\n<p>&nbsp;<\/p>\n<p>\u2666\u00a0<strong>Tarneaeg 2-6 p\u00e4eva<\/strong><br \/>\n\u2666\u00a0<strong>Laos<\/strong><\/p>\n","protected":false},"featured_media":15163,"template":"","meta":[],"product_cat":[52,907,903,905],"product_tag":[],"class_list":{"0":"post-13694","1":"product","2":"type-product","3":"status-publish","4":"has-post-thumbnail","6":"product_cat-elektrirattad","7":"product_cat-kokkupandavad-rattad","8":"product_cat-linnarattad","9":"product_cat-maastikurattad","10":"product_shipping_class-suured-pakid","12":"first","13":"instock","14":"sale","15":"taxable","16":"shipping-taxable","17":"purchasable","18":"product-type-simple"},"yoast_head":"<!-- This site is optimized with the Yoast SEO plugin v23.8 - https:\/\/yoast.com\/wordpress\/plugins\/seo\/ -->\n<title>Ridstar H20 elektrijalgratas, 80 km - Ecocruiser<\/title>\n<meta name=\"description\" content=\"Mugava disainiga Ridstar elektriratas H20 on \u00fclikerge raamiga ja mahub kokkupakituna vabalt pagasiruumi. Sobib nii maastikule kui t\u00e4navas\u00f5iduks.\" \/>\n<meta name=\"robots\" content=\"noindex, follow, max-snippet:-1, max-image-preview:large, max-video-preview:-1\" \/>\n<meta property=\"og:locale\" content=\"en_GB\" \/>\n<meta property=\"og:type\" content=\"article\" \/>\n<meta property=\"og:title\" content=\"Ridstar H20 elektrijalgratas, 80 km - Ecocruiser\" \/>\n<meta property=\"og:description\" content=\"Mugava disainiga Ridstar elektriratas H20 on \u00fclikerge raamiga ja mahub kokkupakituna vabalt pagasiruumi. Sobib nii maastikule kui t\u00e4navas\u00f5iduks.\" \/>\n<meta property=\"og:url\" content=\"https:\/\/projekt.vombat.ee\/eco\/pood\/elektrirattad\/linnarattad\/ridstar-h20-elektrijalgratas-80-km\/\" \/>\n<meta property=\"og:site_name\" content=\"Ecocruiser\" \/>\n<meta property=\"article:modified_time\" content=\"2024-05-02T17:43:27+00:00\" \/>\n<meta property=\"og:image\" content=\"https:\/\/projekt.vombat.ee\/eco\/wp-content\/uploads\/2024\/01\/Untitled-design-72.png\" \/>\n\t<meta property=\"og:image:width\" content=\"1000\" \/>\n\t<meta property=\"og:image:height\" content=\"1000\" \/>\n\t<meta property=\"og:image:type\" content=\"image\/png\" \/>\n<meta name=\"twitter:card\" content=\"summary_large_image\" \/>\n<meta name=\"twitter:label1\" content=\"Estimated reading time\" \/>\n\t<meta name=\"twitter:data1\" content=\"3 minutes\" \/>\n<script type=\"application\/ld+json\" class=\"yoast-schema-graph\">{\"@context\":\"https:\/\/schema.org\",\"@graph\":[{\"@type\":\"WebPage\",\"@id\":\"https:\/\/projekt.vombat.ee\/eco\/pood\/elektrirattad\/linnarattad\/ridstar-h20-elektrijalgratas-80-km\/\",\"url\":\"https:\/\/projekt.vombat.ee\/eco\/pood\/elektrirattad\/linnarattad\/ridstar-h20-elektrijalgratas-80-km\/\",\"name\":\"Ridstar H20 elektrijalgratas, 80 km - Ecocruiser\",\"isPartOf\":{\"@id\":\"https:\/\/projekt.vombat.ee\/eco\/#website\"},\"primaryImageOfPage\":{\"@id\":\"https:\/\/projekt.vombat.ee\/eco\/pood\/elektrirattad\/linnarattad\/ridstar-h20-elektrijalgratas-80-km\/#primaryimage\"},\"image\":{\"@id\":\"https:\/\/projekt.vombat.ee\/eco\/pood\/elektrirattad\/linnarattad\/ridstar-h20-elektrijalgratas-80-km\/#primaryimage\"},\"thumbnailUrl\":\"https:\/\/projekt.vombat.ee\/eco\/wp-content\/uploads\/2024\/01\/Untitled-design-72.png\",\"datePublished\":\"2024-01-31T10:24:08+00:00\",\"dateModified\":\"2024-05-02T17:43:27+00:00\",\"description\":\"Mugava disainiga Ridstar elektriratas H20 on \u00fclikerge raamiga ja mahub kokkupakituna vabalt pagasiruumi. Sobib nii maastikule kui t\u00e4navas\u00f5iduks.\",\"breadcrumb\":{\"@id\":\"https:\/\/projekt.vombat.ee\/eco\/pood\/elektrirattad\/linnarattad\/ridstar-h20-elektrijalgratas-80-km\/#breadcrumb\"},\"inLanguage\":\"en-GB\",\"potentialAction\":[{\"@type\":\"ReadAction\",\"target\":[\"https:\/\/projekt.vombat.ee\/eco\/pood\/elektrirattad\/linnarattad\/ridstar-h20-elektrijalgratas-80-km\/\"]}]},{\"@type\":\"ImageObject\",\"inLanguage\":\"en-GB\",\"@id\":\"https:\/\/projekt.vombat.ee\/eco\/pood\/elektrirattad\/linnarattad\/ridstar-h20-elektrijalgratas-80-km\/#primaryimage\",\"url\":\"https:\/\/projekt.vombat.ee\/eco\/wp-content\/uploads\/2024\/01\/Untitled-design-72.png\",\"contentUrl\":\"https:\/\/projekt.vombat.ee\/eco\/wp-content\/uploads\/2024\/01\/Untitled-design-72.png\",\"width\":1000,\"height\":1000,\"caption\":\"Ridstar H20 elektrijalgratas\"},{\"@type\":\"BreadcrumbList\",\"@id\":\"https:\/\/projekt.vombat.ee\/eco\/pood\/elektrirattad\/linnarattad\/ridstar-h20-elektrijalgratas-80-km\/#breadcrumb\",\"itemListElement\":[{\"@type\":\"ListItem\",\"position\":1,\"name\":\"Home\",\"item\":\"https:\/\/projekt.vombat.ee\/eco\/\"},{\"@type\":\"ListItem\",\"position\":2,\"name\":\"Pood\",\"item\":\"https:\/\/projekt.vombat.ee\/eco\/pood\/\"},{\"@type\":\"ListItem\",\"position\":3,\"name\":\"Ridstar H20 elektrijalgratas, 80 km\"}]},{\"@type\":\"WebSite\",\"@id\":\"https:\/\/projekt.vombat.ee\/eco\/#website\",\"url\":\"https:\/\/projekt.vombat.ee\/eco\/\",\"name\":\"Ecocruiser\",\"description\":\"\",\"publisher\":{\"@id\":\"https:\/\/projekt.vombat.ee\/eco\/#organization\"},\"potentialAction\":[{\"@type\":\"SearchAction\",\"target\":{\"@type\":\"EntryPoint\",\"urlTemplate\":\"https:\/\/projekt.vombat.ee\/eco\/?s={search_term_string}\"},\"query-input\":{\"@type\":\"PropertyValueSpecification\",\"valueRequired\":true,\"valueName\":\"search_term_string\"}}],\"inLanguage\":\"en-GB\"},{\"@type\":\"Organization\",\"@id\":\"https:\/\/projekt.vombat.ee\/eco\/#organization\",\"name\":\"Ecocruiser\",\"url\":\"https:\/\/projekt.vombat.ee\/eco\/\",\"logo\":{\"@type\":\"ImageObject\",\"inLanguage\":\"en-GB\",\"@id\":\"https:\/\/projekt.vombat.ee\/eco\/#\/schema\/logo\/image\/\",\"url\":\"https:\/\/projekt.vombat.ee\/eco\/wp-content\/uploads\/2023\/03\/ECOCRUISER_5.png\",\"contentUrl\":\"https:\/\/projekt.vombat.ee\/eco\/wp-content\/uploads\/2023\/03\/ECOCRUISER_5.png\",\"width\":234,\"height\":91,\"caption\":\"Ecocruiser\"},\"image\":{\"@id\":\"https:\/\/projekt.vombat.ee\/eco\/#\/schema\/logo\/image\/\"}}]}<\/script>\n<!-- \/ Yoast SEO plugin. -->","yoast_head_json":{"title":"Ridstar H20 elektrijalgratas, 80 km - Ecocruiser","description":"Mugava disainiga Ridstar elektriratas H20 on \u00fclikerge raamiga ja mahub kokkupakituna vabalt pagasiruumi. Sobib nii maastikule kui t\u00e4navas\u00f5iduks.","robots":{"index":"noindex","follow":"follow","max-snippet":"max-snippet:-1","max-image-preview":"max-image-preview:large","max-video-preview":"max-video-preview:-1"},"og_locale":"en_GB","og_type":"article","og_title":"Ridstar H20 elektrijalgratas, 80 km - Ecocruiser","og_description":"Mugava disainiga Ridstar elektriratas H20 on \u00fclikerge raamiga ja mahub kokkupakituna vabalt pagasiruumi. Sobib nii maastikule kui t\u00e4navas\u00f5iduks.","og_url":"https:\/\/projekt.vombat.ee\/eco\/pood\/elektrirattad\/linnarattad\/ridstar-h20-elektrijalgratas-80-km\/","og_site_name":"Ecocruiser","article_modified_time":"2024-05-02T17:43:27+00:00","og_image":[{"width":1000,"height":1000,"url":"https:\/\/projekt.vombat.ee\/eco\/wp-content\/uploads\/2024\/01\/Untitled-design-72.png","type":"image\/png"}],"twitter_card":"summary_large_image","twitter_misc":{"Estimated reading time":"3 minutes"},"schema":{"@context":"https:\/\/schema.org","@graph":[{"@type":"WebPage","@id":"https:\/\/projekt.vombat.ee\/eco\/pood\/elektrirattad\/linnarattad\/ridstar-h20-elektrijalgratas-80-km\/","url":"https:\/\/projekt.vombat.ee\/eco\/pood\/elektrirattad\/linnarattad\/ridstar-h20-elektrijalgratas-80-km\/","name":"Ridstar H20 elektrijalgratas, 80 km - Ecocruiser","isPartOf":{"@id":"https:\/\/projekt.vombat.ee\/eco\/#website"},"primaryImageOfPage":{"@id":"https:\/\/projekt.vombat.ee\/eco\/pood\/elektrirattad\/linnarattad\/ridstar-h20-elektrijalgratas-80-km\/#primaryimage"},"image":{"@id":"https:\/\/projekt.vombat.ee\/eco\/pood\/elektrirattad\/linnarattad\/ridstar-h20-elektrijalgratas-80-km\/#primaryimage"},"thumbnailUrl":"https:\/\/projekt.vombat.ee\/eco\/wp-content\/uploads\/2024\/01\/Untitled-design-72.png","datePublished":"2024-01-31T10:24:08+00:00","dateModified":"2024-05-02T17:43:27+00:00","description":"Mugava disainiga Ridstar elektriratas H20 on \u00fclikerge raamiga ja mahub kokkupakituna vabalt pagasiruumi. Sobib nii maastikule kui t\u00e4navas\u00f5iduks.","breadcrumb":{"@id":"https:\/\/projekt.vombat.ee\/eco\/pood\/elektrirattad\/linnarattad\/ridstar-h20-elektrijalgratas-80-km\/#breadcrumb"},"inLanguage":"en-GB","potentialAction":[{"@type":"ReadAction","target":["https:\/\/projekt.vombat.ee\/eco\/pood\/elektrirattad\/linnarattad\/ridstar-h20-elektrijalgratas-80-km\/"]}]},{"@type":"ImageObject","inLanguage":"en-GB","@id":"https:\/\/projekt.vombat.ee\/eco\/pood\/elektrirattad\/linnarattad\/ridstar-h20-elektrijalgratas-80-km\/#primaryimage","url":"https:\/\/projekt.vombat.ee\/eco\/wp-content\/uploads\/2024\/01\/Untitled-design-72.png","contentUrl":"https:\/\/projekt.vombat.ee\/eco\/wp-content\/uploads\/2024\/01\/Untitled-design-72.png","width":1000,"height":1000,"caption":"Ridstar H20 elektrijalgratas"},{"@type":"BreadcrumbList","@id":"https:\/\/projekt.vombat.ee\/eco\/pood\/elektrirattad\/linnarattad\/ridstar-h20-elektrijalgratas-80-km\/#breadcrumb","itemListElement":[{"@type":"ListItem","position":1,"name":"Home","item":"https:\/\/projekt.vombat.ee\/eco\/"},{"@type":"ListItem","position":2,"name":"Pood","item":"https:\/\/projekt.vombat.ee\/eco\/pood\/"},{"@type":"ListItem","position":3,"name":"Ridstar H20 elektrijalgratas, 80 km"}]},{"@type":"WebSite","@id":"https:\/\/projekt.vombat.ee\/eco\/#website","url":"https:\/\/projekt.vombat.ee\/eco\/","name":"Ecocruiser","description":"","publisher":{"@id":"https:\/\/projekt.vombat.ee\/eco\/#organization"},"potentialAction":[{"@type":"SearchAction","target":{"@type":"EntryPoint","urlTemplate":"https:\/\/projekt.vombat.ee\/eco\/?s={search_term_string}"},"query-input":{"@type":"PropertyValueSpecification","valueRequired":true,"valueName":"search_term_string"}}],"inLanguage":"en-GB"},{"@type":"Organization","@id":"https:\/\/projekt.vombat.ee\/eco\/#organization","name":"Ecocruiser","url":"https:\/\/projekt.vombat.ee\/eco\/","logo":{"@type":"ImageObject","inLanguage":"en-GB","@id":"https:\/\/projekt.vombat.ee\/eco\/#\/schema\/logo\/image\/","url":"https:\/\/projekt.vombat.ee\/eco\/wp-content\/uploads\/2023\/03\/ECOCRUISER_5.png","contentUrl":"https:\/\/projekt.vombat.ee\/eco\/wp-content\/uploads\/2023\/03\/ECOCRUISER_5.png","width":234,"height":91,"caption":"Ecocruiser"},"image":{"@id":"https:\/\/projekt.vombat.ee\/eco\/#\/schema\/logo\/image\/"}}]}},"lang":"et","translations":{"et":13694},"pll_sync_post":[],"_links":{"self":[{"href":"https:\/\/projekt.vombat.ee\/eco\/wp-json\/wp\/v2\/product\/13694"}],"collection":[{"href":"https:\/\/projekt.vombat.ee\/eco\/wp-json\/wp\/v2\/product"}],"about":[{"href":"https:\/\/projekt.vombat.ee\/eco\/wp-json\/wp\/v2\/types\/product"}],"version-history":[{"count":7,"href":"https:\/\/projekt.vombat.ee\/eco\/wp-json\/wp\/v2\/product\/13694\/revisions"}],"predecessor-version":[{"id":16796,"href":"https:\/\/projekt.vombat.ee\/eco\/wp-json\/wp\/v2\/product\/13694\/revisions\/16796"}],"wp:featuredmedia":[{"embeddable":true,"href":"https:\/\/projekt.vombat.ee\/eco\/wp-json\/wp\/v2\/media\/15163"}],"wp:attachment":[{"href":"https:\/\/projekt.vombat.ee\/eco\/wp-json\/wp\/v2\/media?parent=13694"}],"wp:term":[{"taxonomy":"product_cat","embeddable":true,"href":"https:\/\/projekt.vombat.ee\/eco\/wp-json\/wp\/v2\/product_cat?post=13694"},{"taxonomy":"product_tag","embeddable":true,"href":"https:\/\/projekt.vombat.ee\/eco\/wp-json\/wp\/v2\/product_tag?post=13694"}],"curies":[{"name":"wp","href":"https:\/\/api.w.org\/{rel}","templated":true}]}}