{"id":13657,"date":"2024-01-30T14:49:47","date_gmt":"2024-01-30T14:49:47","guid":{"rendered":"https:\/\/projekt.vombat.ee\/eco\/?post_type=product&#038;p=13657"},"modified":"2024-05-02T17:41:44","modified_gmt":"2024-05-02T17:41:44","slug":"ridstar-elektrijalgratas-q20","status":"publish","type":"product","link":"https:\/\/projekt.vombat.ee\/eco\/pood\/elektrirattad\/linnarattad\/ridstar-elektrijalgratas-q20\/","title":{"rendered":"Ridstar elektrijalgratas Q20, 120km"},"content":{"rendered":"<h1 class=\"product_title entry-title sca-fg-form-icon-product-page\">Ridstar elektrijalgratas Q20<\/h1>\n<p><span style=\"font-size: inherit;\">\u00a0<\/span> <img fetchpriority=\"high\" decoding=\"async\" class=\"alignnone wp-image-16459 \" src=\"https:\/\/projekt.vombat.ee\/eco\/wp-content\/uploads\/2024\/01\/7-8.jpg\" alt=\"\" width=\"562\" height=\"562\" srcset=\"https:\/\/projekt.vombat.ee\/eco\/wp-content\/uploads\/2024\/01\/7-8.jpg 1000w, https:\/\/projekt.vombat.ee\/eco\/wp-content\/uploads\/2024\/01\/7-8-300x300.jpg 300w, https:\/\/projekt.vombat.ee\/eco\/wp-content\/uploads\/2024\/01\/7-8-150x150.jpg 150w, https:\/\/projekt.vombat.ee\/eco\/wp-content\/uploads\/2024\/01\/7-8-768x768.jpg 768w, https:\/\/projekt.vombat.ee\/eco\/wp-content\/uploads\/2024\/01\/7-8-500x500.jpg 500w, https:\/\/projekt.vombat.ee\/eco\/wp-content\/uploads\/2024\/01\/7-8-800x800.jpg 800w, https:\/\/projekt.vombat.ee\/eco\/wp-content\/uploads\/2024\/01\/7-8-50x50.jpg 50w, https:\/\/projekt.vombat.ee\/eco\/wp-content\/uploads\/2024\/01\/7-8-100x100.jpg 100w, https:\/\/projekt.vombat.ee\/eco\/wp-content\/uploads\/2024\/01\/7-8-370x370.jpg 370w, https:\/\/projekt.vombat.ee\/eco\/wp-content\/uploads\/2024\/01\/7-8-75x75.jpg 75w, https:\/\/projekt.vombat.ee\/eco\/wp-content\/uploads\/2024\/01\/7-8-760x760.jpg 760w\" sizes=\"(max-width: 767px) 100vw, 562px\" \/><\/p>\n<p>&nbsp;<\/p>\n<h3>250 W v\u00f5imas mootor<\/h3>\n<p>Ridstar Q20 ratas on varustatud 250 W harjadeta mootoritega. Ratas suudab saavutada kiirust kuni 25 kilomeetrit tunnis ja selle p\u00f6\u00f6rdemoment on 80 Nm, mis v\u00f5imaldab teil h\u00f5lpsasti t\u00f5usta ka\u00a0 30\u00b0 kallakul.<\/p>\n<p><img decoding=\"async\" src=\"https:\/\/ridstar-ebike.com\/wp-content\/uploads\/2023\/09\/7.jpg\" \/><\/p>\n<p>&nbsp;<\/p>\n<p>&nbsp;<\/p>\n<h3>Eemaldatav aku<\/h3>\n<p>Ridstari elektrijalgratas Q20 on varustatud eemaldatava 48V 20AH akuga, mis v\u00f5imaldab p\u00e4rast 5-6-tunnist laadimist l\u00e4bida pedaaliabiga kuni 120 kilomeetrit. See eemaldatav funktsioon v\u00f5imaldab seda paindlikult laadida vastavalt mugavusele, olenemata asukohast.<\/p>\n<p><img decoding=\"async\" src=\"https:\/\/ridstar-ebike.com\/wp-content\/uploads\/2023\/09\/battery.jpg\" alt=\"ridstar\" \/><\/p>\n<h3><\/h3>\n<h3>H\u00fcdrauliline \u00f5lipidur<\/h3>\n<p>Ridstar e-ratas pakub t\u00e4iustatud pidurdustehnoloogiat, mis tagab vee- ja tolmukindla v\u00f5imekuse, tagades t\u00f6\u00f6kindluse mis tahes ilmastikutingimustes. Disain soodustab vabas\u00f5itu, mis n\u00f5uab minimaalset hooldust.<\/p>\n<p><img decoding=\"async\" src=\"https:\/\/ridstar-ebike.com\/wp-content\/uploads\/2022\/05\/main-brake-1-1.jpg\" \/><\/p>\n<p>&nbsp;<\/p>\n<h3>Alumiiniumsulamist juhtraud<\/h3>\n<p>Tugevate ja kergete materjalide kombinatsioon koos esikahvli vedrustusega tagab mugavama ja sujuvama s\u00f5idu. See mitte ainult ei paranda juhitavust ja kontrolli, vaid v\u00e4hendab ka kogukaalu, muutes kogu s\u00f5idu nauditavamaks.<\/p>\n<p><img decoding=\"async\" src=\"https:\/\/ridstar-ebike.com\/wp-content\/uploads\/2022\/05\/front-suspension.jpg\" \/><\/p>\n<p>&nbsp;<\/p>\n<h3><\/h3>\n<p>&nbsp;<\/p>\n<h3>Rehvid<\/h3>\n<p>Libisemisvastased 20\u201d x 4,0 paksud rehvid on sobilikud erinevates s\u00f5idutingimustes, isegi lumel ja rannas, aga ka\u00a0 m\u00e4gedes ja linnat\u00e4naval.<\/p>\n<p><img decoding=\"async\" src=\"https:\/\/ridstar-ebike.com\/wp-content\/uploads\/2022\/05\/H092ca2d57f554ea2913a1b785870a6932.jpg\" \/><\/p>\n<p>&nbsp;<\/p>\n<p>&nbsp;<\/p>\n<h3>Nutikas LCD-ekraan ja LED-tuled<\/h3>\n<p>Ratas on varustatud t\u00e4iustatud LCD-ekraaniga, mis pakub reaalajas m\u00f5\u00f5dikuid, reguleeritavaid parameetreid ja mitmesuguseid reisi j\u00e4lgimise v\u00f5imalusi. Kolme s\u00f5idure\u017eiimiga, sealhulgas jalgrattare\u017eiim, pedaaliabire\u017eiim ja t\u00e4iselektriline re\u017eiim, saab oma s\u00f5itu kohandada otse ekraanil.<\/p>\n<p>LED-esituli valgustab teed \u00f6isel ajal. Tagatuli muudab teid tagant n\u00e4htavaks ning helkurid ja peeglid parandavad teie \u00fcldist n\u00e4htavust ja ohutust.<\/p>\n<p><img decoding=\"async\" src=\"https:\/\/ridstar-ebike.com\/wp-content\/uploads\/2023\/09\/display-1024x1024.jpg\" \/><\/p>\n<p>&nbsp;<\/p>\n<p>&nbsp;<\/p>\n<h3><img decoding=\"async\" src=\"https:\/\/ridstar-ebike.com\/wp-content\/uploads\/2022\/05\/led-light.jpg\" \/><\/h3>\n<h3><\/h3>\n<h3>Amortisaatorid<\/h3>\n<p>T\u00e4iustatud alumiiniumsulamist amortisaator pakub rohkem v\u00f5imalusi maastikul s\u00f5itmiseks. Rattal on esi- ja tagaosa topeltvedrustus.<\/p>\n<h3><img decoding=\"async\" src=\"https:\/\/ridstar-ebike.com\/wp-content\/uploads\/2022\/05\/real-suspension-1.jpg\" \/><\/h3>\n<p>&nbsp;<\/p>\n<h3>M\u00f5\u00f5dud:<\/h3>\n<p>Ratturi pikkus: 160-190 cm<\/p>\n<p>Ratta kaal: 30 kg<\/p>\n<p>Ratta pikkus: 1,7 m; k\u00f5rgus 1,17m,<\/p>\n<p>Ratta maksimaalne kandev\u00f5ime 150 kg.<\/p>\n<p>&nbsp;<\/p>\n<h3>Info<\/h3>\n<p>Raami materjal: alumiinium<br \/>\nKokkupandav kronstein: ei<br \/>\nMootor: 250W<br \/>\nAku: 48V 20AH eemaldatav aku<br \/>\nLaadimisaeg: 5-6 h<br \/>\nMaksimaalne s\u00f5iduulatus: 80 km, abireziimil kuni 120 km<br \/>\nMaksimaalne kiirus : 25 KM\/H<\/p>\n<p>Ronimisnurk: 30\u00b0<br \/>\nRehvid: 20*4,0 tolli<br \/>\nDigitaalne ekraan: spidomeeter, l\u00e4bis\u00f5idum\u00f5\u00f5dik, aku, valgus<br \/>\nS\u00f5idure\u017eiimid: 3 re\u017eiimi (toitere\u017eiim, jalgrattare\u017eiim, elektrire\u017eiim)<br \/>\nK\u00e4igud: 7-k\u00e4iguline Shimano mehaaniline k\u00e4iguvahetus<\/p>\n<p>Pidurid: Topelth\u00fcdraulilised pidurid<\/p>\n<p>Kohtvalgusti: LED-esi- ja tagatuled<br \/>\nMaksimaalne kandev\u00f5ime: 150 kg<br \/>\nSoovitatav s\u00f5itja pikkus: 160-190 cm<\/p>\n","protected":false},"excerpt":{"rendered":"<p class=\"product_title entry-title sca-fg-form-icon-product-page\"><strong>Ridstar elektrijalgratas Q20<\/strong><\/p>\n<ul>\n<li>Mootor: 250 W<\/li>\n<li>Aku: 48V 20AH eemaldatav aku<\/li>\n<li>Laadimisaeg: 5-6 h<\/li>\n<li>Maksimaalne s\u00f5iduulatus abire\u017eiimil: kuni 120 km<\/li>\n<li>Tippkiirus: 25 km\/h<\/li>\n<li>Maksimaalne s\u00f5iduulatus elektri\u017eiimil: 80 km<\/li>\n<li>Maksimaalne Kandev\u00f5ime: 150 kg<\/li>\n<li>Soovitatav s\u00f5itja pikkus: 160-190 cm<\/li>\n<\/ul>\n<p>&nbsp;<\/p>\n<p>\u2666\u00a0<strong>Tarneaeg 2-6 p\u00e4eva<\/strong><br \/>\n\u2666\u00a0<strong>Laos<\/strong><\/p>\n","protected":false},"featured_media":16460,"template":"","meta":[],"product_cat":[52,903,905],"product_tag":[],"class_list":{"0":"post-13657","1":"product","2":"type-product","3":"status-publish","4":"has-post-thumbnail","6":"product_cat-elektrirattad","7":"product_cat-linnarattad","8":"product_cat-maastikurattad","9":"product_shipping_class-suured-pakid","11":"first","12":"instock","13":"sale","14":"taxable","15":"shipping-taxable","16":"purchasable","17":"product-type-simple"},"yoast_head":"<!-- This site is optimized with the Yoast SEO plugin v23.8 - https:\/\/yoast.com\/wordpress\/plugins\/seo\/ -->\n<title>Ridstar elektrijalgratas Q20, 120km - Ecocruiser<\/title>\n<meta name=\"description\" content=\"Ridstar elektrijalgratas Q20 s\u00e4\u00e4stab aega, on stiilne ja vastupidav, kiire ja keskkonnas\u00f5bralik. See ratas tagab t\u00e4iusliku s\u00f5iduelamuse.\" \/>\n<meta name=\"robots\" content=\"noindex, follow, max-snippet:-1, max-image-preview:large, max-video-preview:-1\" \/>\n<meta property=\"og:locale\" content=\"en_GB\" \/>\n<meta property=\"og:type\" content=\"article\" \/>\n<meta property=\"og:title\" content=\"Ridstar elektrijalgratas Q20, 120km - Ecocruiser\" \/>\n<meta property=\"og:description\" content=\"Ridstar elektrijalgratas Q20 s\u00e4\u00e4stab aega, on stiilne ja vastupidav, kiire ja keskkonnas\u00f5bralik. See ratas tagab t\u00e4iusliku s\u00f5iduelamuse.\" \/>\n<meta property=\"og:url\" content=\"https:\/\/projekt.vombat.ee\/eco\/pood\/elektrirattad\/linnarattad\/ridstar-elektrijalgratas-q20\/\" \/>\n<meta property=\"og:site_name\" content=\"Ecocruiser\" \/>\n<meta property=\"article:modified_time\" content=\"2024-05-02T17:41:44+00:00\" \/>\n<meta property=\"og:image\" content=\"https:\/\/projekt.vombat.ee\/eco\/wp-content\/uploads\/2024\/01\/2-6.jpg\" \/>\n\t<meta property=\"og:image:width\" content=\"1000\" \/>\n\t<meta property=\"og:image:height\" content=\"1000\" \/>\n\t<meta property=\"og:image:type\" content=\"image\/jpeg\" \/>\n<meta name=\"twitter:card\" content=\"summary_large_image\" \/>\n<meta name=\"twitter:label1\" content=\"Estimated reading time\" \/>\n\t<meta name=\"twitter:data1\" content=\"4 minutes\" \/>\n<script type=\"application\/ld+json\" class=\"yoast-schema-graph\">{\"@context\":\"https:\/\/schema.org\",\"@graph\":[{\"@type\":\"WebPage\",\"@id\":\"https:\/\/projekt.vombat.ee\/eco\/pood\/elektrirattad\/linnarattad\/ridstar-elektrijalgratas-q20\/\",\"url\":\"https:\/\/projekt.vombat.ee\/eco\/pood\/elektrirattad\/linnarattad\/ridstar-elektrijalgratas-q20\/\",\"name\":\"Ridstar elektrijalgratas Q20, 120km - Ecocruiser\",\"isPartOf\":{\"@id\":\"https:\/\/projekt.vombat.ee\/eco\/#website\"},\"primaryImageOfPage\":{\"@id\":\"https:\/\/projekt.vombat.ee\/eco\/pood\/elektrirattad\/linnarattad\/ridstar-elektrijalgratas-q20\/#primaryimage\"},\"image\":{\"@id\":\"https:\/\/projekt.vombat.ee\/eco\/pood\/elektrirattad\/linnarattad\/ridstar-elektrijalgratas-q20\/#primaryimage\"},\"thumbnailUrl\":\"https:\/\/projekt.vombat.ee\/eco\/wp-content\/uploads\/2024\/01\/2-6.jpg\",\"datePublished\":\"2024-01-30T14:49:47+00:00\",\"dateModified\":\"2024-05-02T17:41:44+00:00\",\"description\":\"Ridstar elektrijalgratas Q20 s\u00e4\u00e4stab aega, on stiilne ja vastupidav, kiire ja keskkonnas\u00f5bralik. See ratas tagab t\u00e4iusliku s\u00f5iduelamuse.\",\"breadcrumb\":{\"@id\":\"https:\/\/projekt.vombat.ee\/eco\/pood\/elektrirattad\/linnarattad\/ridstar-elektrijalgratas-q20\/#breadcrumb\"},\"inLanguage\":\"en-GB\",\"potentialAction\":[{\"@type\":\"ReadAction\",\"target\":[\"https:\/\/projekt.vombat.ee\/eco\/pood\/elektrirattad\/linnarattad\/ridstar-elektrijalgratas-q20\/\"]}]},{\"@type\":\"ImageObject\",\"inLanguage\":\"en-GB\",\"@id\":\"https:\/\/projekt.vombat.ee\/eco\/pood\/elektrirattad\/linnarattad\/ridstar-elektrijalgratas-q20\/#primaryimage\",\"url\":\"https:\/\/projekt.vombat.ee\/eco\/wp-content\/uploads\/2024\/01\/2-6.jpg\",\"contentUrl\":\"https:\/\/projekt.vombat.ee\/eco\/wp-content\/uploads\/2024\/01\/2-6.jpg\",\"width\":1000,\"height\":1000},{\"@type\":\"BreadcrumbList\",\"@id\":\"https:\/\/projekt.vombat.ee\/eco\/pood\/elektrirattad\/linnarattad\/ridstar-elektrijalgratas-q20\/#breadcrumb\",\"itemListElement\":[{\"@type\":\"ListItem\",\"position\":1,\"name\":\"Home\",\"item\":\"https:\/\/projekt.vombat.ee\/eco\/\"},{\"@type\":\"ListItem\",\"position\":2,\"name\":\"Pood\",\"item\":\"https:\/\/projekt.vombat.ee\/eco\/pood\/\"},{\"@type\":\"ListItem\",\"position\":3,\"name\":\"Ridstar elektrijalgratas Q20, 120km\"}]},{\"@type\":\"WebSite\",\"@id\":\"https:\/\/projekt.vombat.ee\/eco\/#website\",\"url\":\"https:\/\/projekt.vombat.ee\/eco\/\",\"name\":\"Ecocruiser\",\"description\":\"\",\"publisher\":{\"@id\":\"https:\/\/projekt.vombat.ee\/eco\/#organization\"},\"potentialAction\":[{\"@type\":\"SearchAction\",\"target\":{\"@type\":\"EntryPoint\",\"urlTemplate\":\"https:\/\/projekt.vombat.ee\/eco\/?s={search_term_string}\"},\"query-input\":{\"@type\":\"PropertyValueSpecification\",\"valueRequired\":true,\"valueName\":\"search_term_string\"}}],\"inLanguage\":\"en-GB\"},{\"@type\":\"Organization\",\"@id\":\"https:\/\/projekt.vombat.ee\/eco\/#organization\",\"name\":\"Ecocruiser\",\"url\":\"https:\/\/projekt.vombat.ee\/eco\/\",\"logo\":{\"@type\":\"ImageObject\",\"inLanguage\":\"en-GB\",\"@id\":\"https:\/\/projekt.vombat.ee\/eco\/#\/schema\/logo\/image\/\",\"url\":\"https:\/\/projekt.vombat.ee\/eco\/wp-content\/uploads\/2023\/03\/ECOCRUISER_5.png\",\"contentUrl\":\"https:\/\/projekt.vombat.ee\/eco\/wp-content\/uploads\/2023\/03\/ECOCRUISER_5.png\",\"width\":234,\"height\":91,\"caption\":\"Ecocruiser\"},\"image\":{\"@id\":\"https:\/\/projekt.vombat.ee\/eco\/#\/schema\/logo\/image\/\"}}]}<\/script>\n<!-- \/ Yoast SEO plugin. -->","yoast_head_json":{"title":"Ridstar elektrijalgratas Q20, 120km - Ecocruiser","description":"Ridstar elektrijalgratas Q20 s\u00e4\u00e4stab aega, on stiilne ja vastupidav, kiire ja keskkonnas\u00f5bralik. See ratas tagab t\u00e4iusliku s\u00f5iduelamuse.","robots":{"index":"noindex","follow":"follow","max-snippet":"max-snippet:-1","max-image-preview":"max-image-preview:large","max-video-preview":"max-video-preview:-1"},"og_locale":"en_GB","og_type":"article","og_title":"Ridstar elektrijalgratas Q20, 120km - Ecocruiser","og_description":"Ridstar elektrijalgratas Q20 s\u00e4\u00e4stab aega, on stiilne ja vastupidav, kiire ja keskkonnas\u00f5bralik. See ratas tagab t\u00e4iusliku s\u00f5iduelamuse.","og_url":"https:\/\/projekt.vombat.ee\/eco\/pood\/elektrirattad\/linnarattad\/ridstar-elektrijalgratas-q20\/","og_site_name":"Ecocruiser","article_modified_time":"2024-05-02T17:41:44+00:00","og_image":[{"width":1000,"height":1000,"url":"https:\/\/projekt.vombat.ee\/eco\/wp-content\/uploads\/2024\/01\/2-6.jpg","type":"image\/jpeg"}],"twitter_card":"summary_large_image","twitter_misc":{"Estimated reading time":"4 minutes"},"schema":{"@context":"https:\/\/schema.org","@graph":[{"@type":"WebPage","@id":"https:\/\/projekt.vombat.ee\/eco\/pood\/elektrirattad\/linnarattad\/ridstar-elektrijalgratas-q20\/","url":"https:\/\/projekt.vombat.ee\/eco\/pood\/elektrirattad\/linnarattad\/ridstar-elektrijalgratas-q20\/","name":"Ridstar elektrijalgratas Q20, 120km - Ecocruiser","isPartOf":{"@id":"https:\/\/projekt.vombat.ee\/eco\/#website"},"primaryImageOfPage":{"@id":"https:\/\/projekt.vombat.ee\/eco\/pood\/elektrirattad\/linnarattad\/ridstar-elektrijalgratas-q20\/#primaryimage"},"image":{"@id":"https:\/\/projekt.vombat.ee\/eco\/pood\/elektrirattad\/linnarattad\/ridstar-elektrijalgratas-q20\/#primaryimage"},"thumbnailUrl":"https:\/\/projekt.vombat.ee\/eco\/wp-content\/uploads\/2024\/01\/2-6.jpg","datePublished":"2024-01-30T14:49:47+00:00","dateModified":"2024-05-02T17:41:44+00:00","description":"Ridstar elektrijalgratas Q20 s\u00e4\u00e4stab aega, on stiilne ja vastupidav, kiire ja keskkonnas\u00f5bralik. See ratas tagab t\u00e4iusliku s\u00f5iduelamuse.","breadcrumb":{"@id":"https:\/\/projekt.vombat.ee\/eco\/pood\/elektrirattad\/linnarattad\/ridstar-elektrijalgratas-q20\/#breadcrumb"},"inLanguage":"en-GB","potentialAction":[{"@type":"ReadAction","target":["https:\/\/projekt.vombat.ee\/eco\/pood\/elektrirattad\/linnarattad\/ridstar-elektrijalgratas-q20\/"]}]},{"@type":"ImageObject","inLanguage":"en-GB","@id":"https:\/\/projekt.vombat.ee\/eco\/pood\/elektrirattad\/linnarattad\/ridstar-elektrijalgratas-q20\/#primaryimage","url":"https:\/\/projekt.vombat.ee\/eco\/wp-content\/uploads\/2024\/01\/2-6.jpg","contentUrl":"https:\/\/projekt.vombat.ee\/eco\/wp-content\/uploads\/2024\/01\/2-6.jpg","width":1000,"height":1000},{"@type":"BreadcrumbList","@id":"https:\/\/projekt.vombat.ee\/eco\/pood\/elektrirattad\/linnarattad\/ridstar-elektrijalgratas-q20\/#breadcrumb","itemListElement":[{"@type":"ListItem","position":1,"name":"Home","item":"https:\/\/projekt.vombat.ee\/eco\/"},{"@type":"ListItem","position":2,"name":"Pood","item":"https:\/\/projekt.vombat.ee\/eco\/pood\/"},{"@type":"ListItem","position":3,"name":"Ridstar elektrijalgratas Q20, 120km"}]},{"@type":"WebSite","@id":"https:\/\/projekt.vombat.ee\/eco\/#website","url":"https:\/\/projekt.vombat.ee\/eco\/","name":"Ecocruiser","description":"","publisher":{"@id":"https:\/\/projekt.vombat.ee\/eco\/#organization"},"potentialAction":[{"@type":"SearchAction","target":{"@type":"EntryPoint","urlTemplate":"https:\/\/projekt.vombat.ee\/eco\/?s={search_term_string}"},"query-input":{"@type":"PropertyValueSpecification","valueRequired":true,"valueName":"search_term_string"}}],"inLanguage":"en-GB"},{"@type":"Organization","@id":"https:\/\/projekt.vombat.ee\/eco\/#organization","name":"Ecocruiser","url":"https:\/\/projekt.vombat.ee\/eco\/","logo":{"@type":"ImageObject","inLanguage":"en-GB","@id":"https:\/\/projekt.vombat.ee\/eco\/#\/schema\/logo\/image\/","url":"https:\/\/projekt.vombat.ee\/eco\/wp-content\/uploads\/2023\/03\/ECOCRUISER_5.png","contentUrl":"https:\/\/projekt.vombat.ee\/eco\/wp-content\/uploads\/2023\/03\/ECOCRUISER_5.png","width":234,"height":91,"caption":"Ecocruiser"},"image":{"@id":"https:\/\/projekt.vombat.ee\/eco\/#\/schema\/logo\/image\/"}}]}},"lang":"et","translations":{"et":13657},"pll_sync_post":[],"_links":{"self":[{"href":"https:\/\/projekt.vombat.ee\/eco\/wp-json\/wp\/v2\/product\/13657"}],"collection":[{"href":"https:\/\/projekt.vombat.ee\/eco\/wp-json\/wp\/v2\/product"}],"about":[{"href":"https:\/\/projekt.vombat.ee\/eco\/wp-json\/wp\/v2\/types\/product"}],"version-history":[{"count":5,"href":"https:\/\/projekt.vombat.ee\/eco\/wp-json\/wp\/v2\/product\/13657\/revisions"}],"predecessor-version":[{"id":16795,"href":"https:\/\/projekt.vombat.ee\/eco\/wp-json\/wp\/v2\/product\/13657\/revisions\/16795"}],"wp:featuredmedia":[{"embeddable":true,"href":"https:\/\/projekt.vombat.ee\/eco\/wp-json\/wp\/v2\/media\/16460"}],"wp:attachment":[{"href":"https:\/\/projekt.vombat.ee\/eco\/wp-json\/wp\/v2\/media?parent=13657"}],"wp:term":[{"taxonomy":"product_cat","embeddable":true,"href":"https:\/\/projekt.vombat.ee\/eco\/wp-json\/wp\/v2\/product_cat?post=13657"},{"taxonomy":"product_tag","embeddable":true,"href":"https:\/\/projekt.vombat.ee\/eco\/wp-json\/wp\/v2\/product_tag?post=13657"}],"curies":[{"name":"wp","href":"https:\/\/api.w.org\/{rel}","templated":true}]}}