{"id":13533,"date":"2024-02-02T08:58:07","date_gmt":"2024-02-02T08:58:07","guid":{"rendered":"https:\/\/projekt.vombat.ee\/eco\/?post_type=product&#038;p=13533"},"modified":"2024-02-29T04:12:40","modified_gmt":"2024-02-29T04:12:40","slug":"zosh-allroad-elektriline-toukeratas-70-km","status":"publish","type":"product","link":"https:\/\/projekt.vombat.ee\/eco\/pood\/elektritoukerattad\/linna-toukerattad\/zosh-allroad-elektriline-toukeratas-70-km\/","title":{"rendered":"ZOSH Allroad elektriline t\u00f5ukeratas 70 km"},"content":{"rendered":"<h1>ZOSH Allroad elektriline t\u00f5ukeratas<\/h1>\n<p>Valluta iga tee ZOSH Allroadiga &#8211; v\u00f5imsus, vastupidavus ja stiil \u00fches k\u00f5rge j\u00f5udlusega elektrit\u00f5ukerattas!<\/p>\n<p><img fetchpriority=\"high\" decoding=\"async\" class=\"alignnone\" src=\"https:\/\/www.zosh.fr\/wp-content\/uploads\/2023\/12\/zosh-city-34.jpg\" alt=\"ZOSH Allroad elektriline t\u00f5ukeratas \" width=\"1620\" height=\"1080\" \/><\/p>\n<h3>Info<\/h3>\n<ul>\n<li><strong>Mudel:<\/strong> ZOSH Allroad<\/li>\n<li><strong>Mootor:<\/strong> 2\u00d7500w topeltmootor<\/li>\n<li><strong>Aku:\u00a0<\/strong>1152 Wh Prantsuse aku (M50LT LG elemendid). Eemaldatav 24 A\/h liitium\/ioon aku.<\/li>\n<li><strong>S\u00f5iduulatus: <\/strong>Linnas 50 kuni 70 km. Maastikul 40 kuni 60 km.<\/li>\n<li><strong>Laadja:\u00a0<\/strong>9 amprine laadija, aku laetud alla 2 tunniga.<\/li>\n<li><strong>Materjal: <\/strong>Kvaliteetne, kerge terasraam. 50mm l\u00e4bim\u00f5\u00f5duga torud.<\/li>\n<li><strong>Rattad:\u00a0<\/strong>2 x 20-tollist FAT ratast.<\/li>\n<li><strong>Rehvid:\u00a0<\/strong>Tugevdatud rehvid Kevlari ja nahast ribadega torkekindluseks.<\/li>\n<li><strong>Pidurid:\u00a0<\/strong>Eesmised ja tagumised 2-kolvilised h\u00fcdraulilised pidurid (MAGURA).<\/li>\n<li><strong>Maksimaalne Kiirus:<\/strong> Elektrooniliselt piiratud 25 km\/h (piiramatu v\u00f5imsus eraomandis).<\/li>\n<li><strong>Valgustus: <\/strong>Esi- ja tagumised LED-tuled<\/li>\n<li><strong>Kohandatavus:\u00a0<\/strong>Kokkupandav lenks. Vedrustusega esikahvel.<\/li>\n<li><strong>Kasutusmugavus:\u00a0<\/strong>Suured rattad ja laiad rehvid stabiilsuseks ja turvalisuseks. Mugav ja kerge liikumine igal teel.<\/li>\n<\/ul>\n","protected":false},"excerpt":{"rendered":"<p><strong>ZOSH Allroad elektriline t\u00f5ukeratas<\/strong><\/p>\n<p>&nbsp;<\/p>\n<ul>\n<li><strong>Mudel: ZOSH Allroad<\/strong><\/li>\n<li><strong>Aku:\u00a01152 Wh. Eemaldatav 24 A\/h liitium\/ioon aku.<\/strong><\/li>\n<li><strong>S\u00f5iduulatus: Linnas 50 kuni 70 km. Maastikul 40 kuni 60 km.<\/strong><\/li>\n<li><strong>Laadja:\u00a09 amprine, aku laetud 2 tunniga.<\/strong><\/li>\n<li><strong>Materjal: Kvaliteetne, kerge terasraam.<\/strong><\/li>\n<li><strong>Rattad:\u00a02 x 20-tollist FAT ratast.<\/strong><\/li>\n<li><strong>Pidurid:\u00a0Eesmised ja tagumised 2-kolvilised h\u00fcdraulilised pidurid (MAGURA).<\/strong><\/li>\n<li><strong>Maksimaalne Kiirus: Elektrooniliselt piiratud 25 km\/h.<\/strong><\/li>\n<li><strong>Valgustus: Esi- ja tagumised LED-tuled<\/strong><\/li>\n<li><strong>Kohandatavus:\u00a0Kokkupandav lenks. Vedrustusega esikahvel.<\/strong><\/li>\n<li><strong>Kasutusmugavus:\u00a0Suured rattad ja laiad rehvid stabiilsuseks ja turvalisuseks. Mugav ja kerge liikumine igal teel.<\/strong><\/li>\n<\/ul>\n<p>&nbsp;<\/p>\n<p><strong>\u2666 Tarneaeg 2-7 p\u00e4eva<\/strong><br \/>\n<strong>\u2666 Laos<\/strong><\/p>\n","protected":false},"featured_media":13539,"template":"","meta":[],"product_cat":[53,909,911],"product_tag":[],"class_list":{"0":"post-13533","1":"product","2":"type-product","3":"status-publish","4":"has-post-thumbnail","6":"product_cat-elektritoukerattad","7":"product_cat-linna-toukerattad","8":"product_cat-voimsad-toukerattad","9":"product_shipping_class-suured-pakid","11":"first","12":"instock","13":"sale","14":"taxable","15":"shipping-taxable","16":"purchasable","17":"product-type-variable"},"yoast_head":"<!-- This site is optimized with the Yoast SEO plugin v23.8 - https:\/\/yoast.com\/wordpress\/plugins\/seo\/ -->\n<title>ZOSH Allroad elektriline t\u00f5ukeratas 70 km - Ecocruiser<\/title>\n<meta name=\"description\" content=\"ZOSH Allroad elektrit\u00f5ukeratas - ideaalne linnas ja maastikul, pakub vastupidavust ja stiili. Varustatud FAT rehvide ja LED-tuledega. Turvaline ja mugav.\" \/>\n<meta name=\"robots\" content=\"noindex, follow, max-snippet:-1, max-image-preview:large, max-video-preview:-1\" \/>\n<meta property=\"og:locale\" content=\"en_GB\" \/>\n<meta property=\"og:type\" content=\"article\" \/>\n<meta property=\"og:title\" content=\"ZOSH Allroad elektriline t\u00f5ukeratas 70 km - Ecocruiser\" \/>\n<meta property=\"og:description\" content=\"ZOSH Allroad elektrit\u00f5ukeratas - ideaalne linnas ja maastikul, pakub vastupidavust ja stiili. Varustatud FAT rehvide ja LED-tuledega. Turvaline ja mugav.\" \/>\n<meta property=\"og:url\" content=\"https:\/\/projekt.vombat.ee\/eco\/pood\/elektritoukerattad\/linna-toukerattad\/zosh-allroad-elektriline-toukeratas-70-km\/\" \/>\n<meta property=\"og:site_name\" content=\"Ecocruiser\" \/>\n<meta property=\"article:modified_time\" content=\"2024-02-29T04:12:40+00:00\" \/>\n<meta property=\"og:image\" content=\"https:\/\/projekt.vombat.ee\/eco\/wp-content\/uploads\/2024\/01\/11-7.webp\" \/>\n\t<meta property=\"og:image:width\" content=\"1000\" \/>\n\t<meta property=\"og:image:height\" content=\"1000\" \/>\n\t<meta property=\"og:image:type\" content=\"image\/webp\" \/>\n<meta name=\"twitter:card\" content=\"summary_large_image\" \/>\n<meta name=\"twitter:label1\" content=\"Estimated reading time\" \/>\n\t<meta name=\"twitter:data1\" content=\"2 minutes\" \/>\n<script type=\"application\/ld+json\" class=\"yoast-schema-graph\">{\"@context\":\"https:\/\/schema.org\",\"@graph\":[{\"@type\":\"WebPage\",\"@id\":\"https:\/\/projekt.vombat.ee\/eco\/pood\/elektritoukerattad\/linna-toukerattad\/zosh-allroad-elektriline-toukeratas-70-km\/\",\"url\":\"https:\/\/projekt.vombat.ee\/eco\/pood\/elektritoukerattad\/linna-toukerattad\/zosh-allroad-elektriline-toukeratas-70-km\/\",\"name\":\"ZOSH Allroad elektriline t\u00f5ukeratas 70 km - Ecocruiser\",\"isPartOf\":{\"@id\":\"https:\/\/projekt.vombat.ee\/eco\/#website\"},\"primaryImageOfPage\":{\"@id\":\"https:\/\/projekt.vombat.ee\/eco\/pood\/elektritoukerattad\/linna-toukerattad\/zosh-allroad-elektriline-toukeratas-70-km\/#primaryimage\"},\"image\":{\"@id\":\"https:\/\/projekt.vombat.ee\/eco\/pood\/elektritoukerattad\/linna-toukerattad\/zosh-allroad-elektriline-toukeratas-70-km\/#primaryimage\"},\"thumbnailUrl\":\"https:\/\/projekt.vombat.ee\/eco\/wp-content\/uploads\/2024\/01\/11-7.webp\",\"datePublished\":\"2024-02-02T08:58:07+00:00\",\"dateModified\":\"2024-02-29T04:12:40+00:00\",\"description\":\"ZOSH Allroad elektrit\u00f5ukeratas - ideaalne linnas ja maastikul, pakub vastupidavust ja stiili. Varustatud FAT rehvide ja LED-tuledega. Turvaline ja mugav.\",\"breadcrumb\":{\"@id\":\"https:\/\/projekt.vombat.ee\/eco\/pood\/elektritoukerattad\/linna-toukerattad\/zosh-allroad-elektriline-toukeratas-70-km\/#breadcrumb\"},\"inLanguage\":\"en-GB\",\"potentialAction\":[{\"@type\":\"ReadAction\",\"target\":[\"https:\/\/projekt.vombat.ee\/eco\/pood\/elektritoukerattad\/linna-toukerattad\/zosh-allroad-elektriline-toukeratas-70-km\/\"]}]},{\"@type\":\"ImageObject\",\"inLanguage\":\"en-GB\",\"@id\":\"https:\/\/projekt.vombat.ee\/eco\/pood\/elektritoukerattad\/linna-toukerattad\/zosh-allroad-elektriline-toukeratas-70-km\/#primaryimage\",\"url\":\"https:\/\/projekt.vombat.ee\/eco\/wp-content\/uploads\/2024\/01\/11-7.webp\",\"contentUrl\":\"https:\/\/projekt.vombat.ee\/eco\/wp-content\/uploads\/2024\/01\/11-7.webp\",\"width\":1000,\"height\":1000,\"caption\":\"ZOSH Allroad elektriline t\u00f5ukeratas\"},{\"@type\":\"BreadcrumbList\",\"@id\":\"https:\/\/projekt.vombat.ee\/eco\/pood\/elektritoukerattad\/linna-toukerattad\/zosh-allroad-elektriline-toukeratas-70-km\/#breadcrumb\",\"itemListElement\":[{\"@type\":\"ListItem\",\"position\":1,\"name\":\"Home\",\"item\":\"https:\/\/projekt.vombat.ee\/eco\/\"},{\"@type\":\"ListItem\",\"position\":2,\"name\":\"Pood\",\"item\":\"https:\/\/projekt.vombat.ee\/eco\/pood\/\"},{\"@type\":\"ListItem\",\"position\":3,\"name\":\"ZOSH Allroad elektriline t\u00f5ukeratas 70 km\"}]},{\"@type\":\"WebSite\",\"@id\":\"https:\/\/projekt.vombat.ee\/eco\/#website\",\"url\":\"https:\/\/projekt.vombat.ee\/eco\/\",\"name\":\"Ecocruiser\",\"description\":\"\",\"publisher\":{\"@id\":\"https:\/\/projekt.vombat.ee\/eco\/#organization\"},\"potentialAction\":[{\"@type\":\"SearchAction\",\"target\":{\"@type\":\"EntryPoint\",\"urlTemplate\":\"https:\/\/projekt.vombat.ee\/eco\/?s={search_term_string}\"},\"query-input\":{\"@type\":\"PropertyValueSpecification\",\"valueRequired\":true,\"valueName\":\"search_term_string\"}}],\"inLanguage\":\"en-GB\"},{\"@type\":\"Organization\",\"@id\":\"https:\/\/projekt.vombat.ee\/eco\/#organization\",\"name\":\"Ecocruiser\",\"url\":\"https:\/\/projekt.vombat.ee\/eco\/\",\"logo\":{\"@type\":\"ImageObject\",\"inLanguage\":\"en-GB\",\"@id\":\"https:\/\/projekt.vombat.ee\/eco\/#\/schema\/logo\/image\/\",\"url\":\"https:\/\/projekt.vombat.ee\/eco\/wp-content\/uploads\/2023\/03\/ECOCRUISER_5.png\",\"contentUrl\":\"https:\/\/projekt.vombat.ee\/eco\/wp-content\/uploads\/2023\/03\/ECOCRUISER_5.png\",\"width\":234,\"height\":91,\"caption\":\"Ecocruiser\"},\"image\":{\"@id\":\"https:\/\/projekt.vombat.ee\/eco\/#\/schema\/logo\/image\/\"}}]}<\/script>\n<!-- \/ Yoast SEO plugin. -->","yoast_head_json":{"title":"ZOSH Allroad elektriline t\u00f5ukeratas 70 km - Ecocruiser","description":"ZOSH Allroad elektrit\u00f5ukeratas - ideaalne linnas ja maastikul, pakub vastupidavust ja stiili. Varustatud FAT rehvide ja LED-tuledega. Turvaline ja mugav.","robots":{"index":"noindex","follow":"follow","max-snippet":"max-snippet:-1","max-image-preview":"max-image-preview:large","max-video-preview":"max-video-preview:-1"},"og_locale":"en_GB","og_type":"article","og_title":"ZOSH Allroad elektriline t\u00f5ukeratas 70 km - Ecocruiser","og_description":"ZOSH Allroad elektrit\u00f5ukeratas - ideaalne linnas ja maastikul, pakub vastupidavust ja stiili. Varustatud FAT rehvide ja LED-tuledega. Turvaline ja mugav.","og_url":"https:\/\/projekt.vombat.ee\/eco\/pood\/elektritoukerattad\/linna-toukerattad\/zosh-allroad-elektriline-toukeratas-70-km\/","og_site_name":"Ecocruiser","article_modified_time":"2024-02-29T04:12:40+00:00","og_image":[{"width":1000,"height":1000,"url":"https:\/\/projekt.vombat.ee\/eco\/wp-content\/uploads\/2024\/01\/11-7.webp","type":"image\/webp"}],"twitter_card":"summary_large_image","twitter_misc":{"Estimated reading time":"2 minutes"},"schema":{"@context":"https:\/\/schema.org","@graph":[{"@type":"WebPage","@id":"https:\/\/projekt.vombat.ee\/eco\/pood\/elektritoukerattad\/linna-toukerattad\/zosh-allroad-elektriline-toukeratas-70-km\/","url":"https:\/\/projekt.vombat.ee\/eco\/pood\/elektritoukerattad\/linna-toukerattad\/zosh-allroad-elektriline-toukeratas-70-km\/","name":"ZOSH Allroad elektriline t\u00f5ukeratas 70 km - Ecocruiser","isPartOf":{"@id":"https:\/\/projekt.vombat.ee\/eco\/#website"},"primaryImageOfPage":{"@id":"https:\/\/projekt.vombat.ee\/eco\/pood\/elektritoukerattad\/linna-toukerattad\/zosh-allroad-elektriline-toukeratas-70-km\/#primaryimage"},"image":{"@id":"https:\/\/projekt.vombat.ee\/eco\/pood\/elektritoukerattad\/linna-toukerattad\/zosh-allroad-elektriline-toukeratas-70-km\/#primaryimage"},"thumbnailUrl":"https:\/\/projekt.vombat.ee\/eco\/wp-content\/uploads\/2024\/01\/11-7.webp","datePublished":"2024-02-02T08:58:07+00:00","dateModified":"2024-02-29T04:12:40+00:00","description":"ZOSH Allroad elektrit\u00f5ukeratas - ideaalne linnas ja maastikul, pakub vastupidavust ja stiili. Varustatud FAT rehvide ja LED-tuledega. Turvaline ja mugav.","breadcrumb":{"@id":"https:\/\/projekt.vombat.ee\/eco\/pood\/elektritoukerattad\/linna-toukerattad\/zosh-allroad-elektriline-toukeratas-70-km\/#breadcrumb"},"inLanguage":"en-GB","potentialAction":[{"@type":"ReadAction","target":["https:\/\/projekt.vombat.ee\/eco\/pood\/elektritoukerattad\/linna-toukerattad\/zosh-allroad-elektriline-toukeratas-70-km\/"]}]},{"@type":"ImageObject","inLanguage":"en-GB","@id":"https:\/\/projekt.vombat.ee\/eco\/pood\/elektritoukerattad\/linna-toukerattad\/zosh-allroad-elektriline-toukeratas-70-km\/#primaryimage","url":"https:\/\/projekt.vombat.ee\/eco\/wp-content\/uploads\/2024\/01\/11-7.webp","contentUrl":"https:\/\/projekt.vombat.ee\/eco\/wp-content\/uploads\/2024\/01\/11-7.webp","width":1000,"height":1000,"caption":"ZOSH Allroad elektriline t\u00f5ukeratas"},{"@type":"BreadcrumbList","@id":"https:\/\/projekt.vombat.ee\/eco\/pood\/elektritoukerattad\/linna-toukerattad\/zosh-allroad-elektriline-toukeratas-70-km\/#breadcrumb","itemListElement":[{"@type":"ListItem","position":1,"name":"Home","item":"https:\/\/projekt.vombat.ee\/eco\/"},{"@type":"ListItem","position":2,"name":"Pood","item":"https:\/\/projekt.vombat.ee\/eco\/pood\/"},{"@type":"ListItem","position":3,"name":"ZOSH Allroad elektriline t\u00f5ukeratas 70 km"}]},{"@type":"WebSite","@id":"https:\/\/projekt.vombat.ee\/eco\/#website","url":"https:\/\/projekt.vombat.ee\/eco\/","name":"Ecocruiser","description":"","publisher":{"@id":"https:\/\/projekt.vombat.ee\/eco\/#organization"},"potentialAction":[{"@type":"SearchAction","target":{"@type":"EntryPoint","urlTemplate":"https:\/\/projekt.vombat.ee\/eco\/?s={search_term_string}"},"query-input":{"@type":"PropertyValueSpecification","valueRequired":true,"valueName":"search_term_string"}}],"inLanguage":"en-GB"},{"@type":"Organization","@id":"https:\/\/projekt.vombat.ee\/eco\/#organization","name":"Ecocruiser","url":"https:\/\/projekt.vombat.ee\/eco\/","logo":{"@type":"ImageObject","inLanguage":"en-GB","@id":"https:\/\/projekt.vombat.ee\/eco\/#\/schema\/logo\/image\/","url":"https:\/\/projekt.vombat.ee\/eco\/wp-content\/uploads\/2023\/03\/ECOCRUISER_5.png","contentUrl":"https:\/\/projekt.vombat.ee\/eco\/wp-content\/uploads\/2023\/03\/ECOCRUISER_5.png","width":234,"height":91,"caption":"Ecocruiser"},"image":{"@id":"https:\/\/projekt.vombat.ee\/eco\/#\/schema\/logo\/image\/"}}]}},"lang":"et","translations":{"et":13533},"pll_sync_post":[],"_links":{"self":[{"href":"https:\/\/projekt.vombat.ee\/eco\/wp-json\/wp\/v2\/product\/13533"}],"collection":[{"href":"https:\/\/projekt.vombat.ee\/eco\/wp-json\/wp\/v2\/product"}],"about":[{"href":"https:\/\/projekt.vombat.ee\/eco\/wp-json\/wp\/v2\/types\/product"}],"version-history":[{"count":2,"href":"https:\/\/projekt.vombat.ee\/eco\/wp-json\/wp\/v2\/product\/13533\/revisions"}],"predecessor-version":[{"id":13926,"href":"https:\/\/projekt.vombat.ee\/eco\/wp-json\/wp\/v2\/product\/13533\/revisions\/13926"}],"wp:featuredmedia":[{"embeddable":true,"href":"https:\/\/projekt.vombat.ee\/eco\/wp-json\/wp\/v2\/media\/13539"}],"wp:attachment":[{"href":"https:\/\/projekt.vombat.ee\/eco\/wp-json\/wp\/v2\/media?parent=13533"}],"wp:term":[{"taxonomy":"product_cat","embeddable":true,"href":"https:\/\/projekt.vombat.ee\/eco\/wp-json\/wp\/v2\/product_cat?post=13533"},{"taxonomy":"product_tag","embeddable":true,"href":"https:\/\/projekt.vombat.ee\/eco\/wp-json\/wp\/v2\/product_tag?post=13533"}],"curies":[{"name":"wp","href":"https:\/\/api.w.org\/{rel}","templated":true}]}}