{"id":13500,"date":"2024-01-30T04:09:19","date_gmt":"2024-01-30T04:09:19","guid":{"rendered":"https:\/\/projekt.vombat.ee\/eco\/?post_type=product&#038;p=13500"},"modified":"2024-03-09T04:37:15","modified_gmt":"2024-03-09T04:37:15","slug":"tromox-ukko-s-elektrimootorratas-160-km","status":"publish","type":"product","link":"https:\/\/projekt.vombat.ee\/eco\/pood\/elektrirollerid\/tromox-ukko-s-elektrimootorratas-160-km\/","title":{"rendered":"TROMOX Ukko S elektrimootorratas, 160 km"},"content":{"rendered":"<h1>TROMOX Ukko S elektrimootorratas<\/h1>\n<div class=\"youtube responsive-embed wp-embed\"><iframe title=\"Ukko S | Smart Light Weight Electric Motorcycle | Battery Pack and Power System\" width=\"1778\" height=\"1000\" src=\"https:\/\/www.youtube.com\/embed\/dIowJFmiatU?feature=oembed&#038;enablejsapi=1&#038;rel=0&#038;showinfo=0&#038;color=white\" frameborder=\"0\" allow=\"accelerometer; autoplay; clipboard-write; encrypted-media; gyroscope; picture-in-picture; web-share\" allowfullscreen><\/iframe><\/div>\n<p>Tromox Ukko S elektrimootorratas v\u00f5itis 2022. aastal iF Design Awardi. Tromox Ukko S avaldas muljet 132-liikmelisele \u00fclemaailmsele eliit\u017e\u00fcriile, mis koosnes peaaegu 11,000 esitlusest 57 erinevast riigist, oma 100% elektrilise omaduse, ainulaadse ja k\u00f5rgtehnoloogilise disaini ning \u00fclekaaluka j\u00f5udlusega.<\/p>\n<p><img fetchpriority=\"high\" decoding=\"async\" class=\"alignnone\" src=\"https:\/\/thepack.news\/wp-content\/uploads\/2021\/10\/Tromox_sideview_2-1024x683.jpg\" alt=\"TROMOX Ukko S elektriroller\" width=\"1024\" height=\"683\" \/><\/p>\n<p><span style=\"color: #2f2f2f; font-size: 24px; font-weight: 600;\">Info<\/span><\/p>\n<ul>\n<li><strong>Kiiruse piirang:<\/strong> 93 km\/h<\/li>\n<li><strong>S\u00f5iduulatus:<\/strong> 160 km<\/li>\n<li><strong>Mootor:<\/strong> 4000 W<\/li>\n<li><strong>Vedrustus:<\/strong> Ees ja taga<\/li>\n<li><strong>V\u00e4\u00e4ne:<\/strong> 180N\u00b7m<\/li>\n<li><strong>Aku:<\/strong> 72V 55Ah<\/li>\n<li><strong>Tipptulemus:<\/strong> 8 kW<\/li>\n<li><strong>\u00dclekanne:<\/strong> Rihm<\/li>\n<li><strong>Kalde nurk:<\/strong> 22\u00b0<\/li>\n<li><strong>Pidurid:<\/strong> 2 h\u00fcdraulilist ketast ees ja taga<\/li>\n<li><strong>Rehvi suurused:<\/strong> Ees: 100\/80-14, Taga: 120\/70-14<\/li>\n<li><strong>Veljed:<\/strong> 14 tolli<\/li>\n<li><strong>Teljevahe:<\/strong> 1295mm<\/li>\n<li><strong>Eesmine amortisaator: <\/strong>\u00dcmberp\u00f6\u00f6ratud vedruga h\u00fcdrauliline summutust\u00fc\u00fcp<\/li>\n<li><strong>Tagumine amortisaator:<\/strong> Keskvedruga integreeritud turvapadja summutust\u00fc\u00fcp<\/li>\n<li><strong>Piduris\u00fcsteem:<\/strong> CBS<\/li>\n<li><strong>Taga kahvel:<\/strong> Alumiiniumsulam, \u00fcksik kiikvars<\/li>\n<li><strong>Intelligentsuss\u00fcsteem:<\/strong> 4G VCU<\/li>\n<li><strong>Armatuurlaud:<\/strong> 5.5-tolline TFT ekraan<\/li>\n<li><strong>Juht:<\/strong> FOC<\/li>\n<li><strong>Laadija:<\/strong> 10A<\/li>\n<\/ul>\n<h3><strong>Kaal ja m\u00f5\u00f5tmed<\/strong><\/h3>\n<ul>\n<li><strong>Toote m\u00f5\u00f5tmed:<\/strong> 1855 x 800 x 1045 mm<\/li>\n<li><strong>Toote kaal:<\/strong> 110 kg<\/li>\n<li><strong>Istme k\u00f5rgus:<\/strong> 770mm<\/li>\n<li><strong>Maksimaalne koormus:<\/strong> 170 kg<\/li>\n<\/ul>\n","protected":false},"excerpt":{"rendered":"<p><strong>TROMOX Ukko S elektrimootorratas<\/strong><\/p>\n<p>&nbsp;<\/p>\n<ul>\n<li><strong>Kiiruse piirang: 93 km\/h<\/strong><\/li>\n<li><strong>S\u00f5iduulatus: 160 km<\/strong><\/li>\n<li><strong>Aku: 72V 55Ah<\/strong><\/li>\n<li><strong>Tipptulemus: 8 kW<\/strong><\/li>\n<li><strong>Kalde nurk: 22\u00b0<\/strong><\/li>\n<li><strong>Pidurid: 2 h\u00fcdraulilist ketast ees ja taga<\/strong><\/li>\n<li><strong>Rehvid: Ees: 100\/80-14, Taga: 120\/70-14<\/strong><\/li>\n<li><strong>Veljed: 14 tolli<\/strong><\/li>\n<li><strong>Teljevahe: 1295mm<\/strong><\/li>\n<li><strong>Piduris\u00fcsteem: CBS<\/strong><\/li>\n<li><strong>Taga kahvel: Alumiiniumsulam, \u00fcksik kiikvars<\/strong><\/li>\n<li><strong>Armatuurlaud: 5.5-tolline TFT ekraan<\/strong><\/li>\n<\/ul>\n<p><strong>\u2666 Tarneaeg 2-6 p\u00e4eva<\/strong><br \/>\n<strong>\u2666 Laos<\/strong><\/p>\n<p>&nbsp;<\/p>\n","protected":false},"featured_media":15090,"template":"","meta":[],"product_cat":[1974,1662],"product_tag":[],"class_list":{"0":"post-13500","1":"product","2":"type-product","3":"status-publish","4":"has-post-thumbnail","6":"product_cat-elektrimootorratas","7":"product_cat-elektrirollerid","8":"product_shipping_class-suured-pakid","10":"first","11":"instock","12":"sale","13":"taxable","14":"shipping-taxable","15":"purchasable","16":"product-type-simple"},"yoast_head":"<!-- This site is optimized with the Yoast SEO plugin v23.8 - https:\/\/yoast.com\/wordpress\/plugins\/seo\/ -->\n<title>TROMOX Ukko S elektrimootorratas, 160 km - Ecocruiser<\/title>\n<meta name=\"description\" content=\"Ukko S elektrimootorratas - kiire, kerge ja keskkonnas\u00f5bralik. 93 km\/h, 160 km ulatus ja mugav vedrustu. Ideaalne valik vabaajas\u00f5iduks.\" \/>\n<meta name=\"robots\" content=\"noindex, follow, max-snippet:-1, max-image-preview:large, max-video-preview:-1\" \/>\n<meta property=\"og:locale\" content=\"en_GB\" \/>\n<meta property=\"og:type\" content=\"article\" \/>\n<meta property=\"og:title\" content=\"TROMOX Ukko S elektrimootorratas, 160 km - Ecocruiser\" \/>\n<meta property=\"og:description\" content=\"Ukko S elektrimootorratas - kiire, kerge ja keskkonnas\u00f5bralik. 93 km\/h, 160 km ulatus ja mugav vedrustu. Ideaalne valik vabaajas\u00f5iduks.\" \/>\n<meta property=\"og:url\" content=\"https:\/\/projekt.vombat.ee\/eco\/pood\/elektrirollerid\/tromox-ukko-s-elektrimootorratas-160-km\/\" \/>\n<meta property=\"og:site_name\" content=\"Ecocruiser\" \/>\n<meta property=\"article:modified_time\" content=\"2024-03-09T04:37:15+00:00\" \/>\n<meta property=\"og:image\" content=\"https:\/\/projekt.vombat.ee\/eco\/wp-content\/uploads\/2024\/01\/Untitled-design-71.png\" \/>\n\t<meta property=\"og:image:width\" content=\"1000\" \/>\n\t<meta property=\"og:image:height\" content=\"1000\" \/>\n\t<meta property=\"og:image:type\" content=\"image\/png\" \/>\n<meta name=\"twitter:card\" content=\"summary_large_image\" \/>\n<meta name=\"twitter:label1\" content=\"Estimated reading time\" \/>\n\t<meta name=\"twitter:data1\" content=\"2 minutes\" \/>\n<script type=\"application\/ld+json\" class=\"yoast-schema-graph\">{\"@context\":\"https:\/\/schema.org\",\"@graph\":[{\"@type\":\"WebPage\",\"@id\":\"https:\/\/projekt.vombat.ee\/eco\/pood\/elektrirollerid\/tromox-ukko-s-elektrimootorratas-160-km\/\",\"url\":\"https:\/\/projekt.vombat.ee\/eco\/pood\/elektrirollerid\/tromox-ukko-s-elektrimootorratas-160-km\/\",\"name\":\"TROMOX Ukko S elektrimootorratas, 160 km - Ecocruiser\",\"isPartOf\":{\"@id\":\"https:\/\/projekt.vombat.ee\/eco\/#website\"},\"primaryImageOfPage\":{\"@id\":\"https:\/\/projekt.vombat.ee\/eco\/pood\/elektrirollerid\/tromox-ukko-s-elektrimootorratas-160-km\/#primaryimage\"},\"image\":{\"@id\":\"https:\/\/projekt.vombat.ee\/eco\/pood\/elektrirollerid\/tromox-ukko-s-elektrimootorratas-160-km\/#primaryimage\"},\"thumbnailUrl\":\"https:\/\/projekt.vombat.ee\/eco\/wp-content\/uploads\/2024\/01\/Untitled-design-71.png\",\"datePublished\":\"2024-01-30T04:09:19+00:00\",\"dateModified\":\"2024-03-09T04:37:15+00:00\",\"description\":\"Ukko S elektrimootorratas - kiire, kerge ja keskkonnas\u00f5bralik. 93 km\/h, 160 km ulatus ja mugav vedrustu. Ideaalne valik vabaajas\u00f5iduks.\",\"breadcrumb\":{\"@id\":\"https:\/\/projekt.vombat.ee\/eco\/pood\/elektrirollerid\/tromox-ukko-s-elektrimootorratas-160-km\/#breadcrumb\"},\"inLanguage\":\"en-GB\",\"potentialAction\":[{\"@type\":\"ReadAction\",\"target\":[\"https:\/\/projekt.vombat.ee\/eco\/pood\/elektrirollerid\/tromox-ukko-s-elektrimootorratas-160-km\/\"]}]},{\"@type\":\"ImageObject\",\"inLanguage\":\"en-GB\",\"@id\":\"https:\/\/projekt.vombat.ee\/eco\/pood\/elektrirollerid\/tromox-ukko-s-elektrimootorratas-160-km\/#primaryimage\",\"url\":\"https:\/\/projekt.vombat.ee\/eco\/wp-content\/uploads\/2024\/01\/Untitled-design-71.png\",\"contentUrl\":\"https:\/\/projekt.vombat.ee\/eco\/wp-content\/uploads\/2024\/01\/Untitled-design-71.png\",\"width\":1000,\"height\":1000},{\"@type\":\"BreadcrumbList\",\"@id\":\"https:\/\/projekt.vombat.ee\/eco\/pood\/elektrirollerid\/tromox-ukko-s-elektrimootorratas-160-km\/#breadcrumb\",\"itemListElement\":[{\"@type\":\"ListItem\",\"position\":1,\"name\":\"Home\",\"item\":\"https:\/\/projekt.vombat.ee\/eco\/\"},{\"@type\":\"ListItem\",\"position\":2,\"name\":\"Pood\",\"item\":\"https:\/\/projekt.vombat.ee\/eco\/pood\/\"},{\"@type\":\"ListItem\",\"position\":3,\"name\":\"TROMOX Ukko S elektrimootorratas, 160 km\"}]},{\"@type\":\"WebSite\",\"@id\":\"https:\/\/projekt.vombat.ee\/eco\/#website\",\"url\":\"https:\/\/projekt.vombat.ee\/eco\/\",\"name\":\"Ecocruiser\",\"description\":\"\",\"publisher\":{\"@id\":\"https:\/\/projekt.vombat.ee\/eco\/#organization\"},\"potentialAction\":[{\"@type\":\"SearchAction\",\"target\":{\"@type\":\"EntryPoint\",\"urlTemplate\":\"https:\/\/projekt.vombat.ee\/eco\/?s={search_term_string}\"},\"query-input\":{\"@type\":\"PropertyValueSpecification\",\"valueRequired\":true,\"valueName\":\"search_term_string\"}}],\"inLanguage\":\"en-GB\"},{\"@type\":\"Organization\",\"@id\":\"https:\/\/projekt.vombat.ee\/eco\/#organization\",\"name\":\"Ecocruiser\",\"url\":\"https:\/\/projekt.vombat.ee\/eco\/\",\"logo\":{\"@type\":\"ImageObject\",\"inLanguage\":\"en-GB\",\"@id\":\"https:\/\/projekt.vombat.ee\/eco\/#\/schema\/logo\/image\/\",\"url\":\"https:\/\/projekt.vombat.ee\/eco\/wp-content\/uploads\/2023\/03\/ECOCRUISER_5.png\",\"contentUrl\":\"https:\/\/projekt.vombat.ee\/eco\/wp-content\/uploads\/2023\/03\/ECOCRUISER_5.png\",\"width\":234,\"height\":91,\"caption\":\"Ecocruiser\"},\"image\":{\"@id\":\"https:\/\/projekt.vombat.ee\/eco\/#\/schema\/logo\/image\/\"}}]}<\/script>\n<!-- \/ Yoast SEO plugin. -->","yoast_head_json":{"title":"TROMOX Ukko S elektrimootorratas, 160 km - Ecocruiser","description":"Ukko S elektrimootorratas - kiire, kerge ja keskkonnas\u00f5bralik. 93 km\/h, 160 km ulatus ja mugav vedrustu. Ideaalne valik vabaajas\u00f5iduks.","robots":{"index":"noindex","follow":"follow","max-snippet":"max-snippet:-1","max-image-preview":"max-image-preview:large","max-video-preview":"max-video-preview:-1"},"og_locale":"en_GB","og_type":"article","og_title":"TROMOX Ukko S elektrimootorratas, 160 km - Ecocruiser","og_description":"Ukko S elektrimootorratas - kiire, kerge ja keskkonnas\u00f5bralik. 93 km\/h, 160 km ulatus ja mugav vedrustu. Ideaalne valik vabaajas\u00f5iduks.","og_url":"https:\/\/projekt.vombat.ee\/eco\/pood\/elektrirollerid\/tromox-ukko-s-elektrimootorratas-160-km\/","og_site_name":"Ecocruiser","article_modified_time":"2024-03-09T04:37:15+00:00","og_image":[{"width":1000,"height":1000,"url":"https:\/\/projekt.vombat.ee\/eco\/wp-content\/uploads\/2024\/01\/Untitled-design-71.png","type":"image\/png"}],"twitter_card":"summary_large_image","twitter_misc":{"Estimated reading time":"2 minutes"},"schema":{"@context":"https:\/\/schema.org","@graph":[{"@type":"WebPage","@id":"https:\/\/projekt.vombat.ee\/eco\/pood\/elektrirollerid\/tromox-ukko-s-elektrimootorratas-160-km\/","url":"https:\/\/projekt.vombat.ee\/eco\/pood\/elektrirollerid\/tromox-ukko-s-elektrimootorratas-160-km\/","name":"TROMOX Ukko S elektrimootorratas, 160 km - Ecocruiser","isPartOf":{"@id":"https:\/\/projekt.vombat.ee\/eco\/#website"},"primaryImageOfPage":{"@id":"https:\/\/projekt.vombat.ee\/eco\/pood\/elektrirollerid\/tromox-ukko-s-elektrimootorratas-160-km\/#primaryimage"},"image":{"@id":"https:\/\/projekt.vombat.ee\/eco\/pood\/elektrirollerid\/tromox-ukko-s-elektrimootorratas-160-km\/#primaryimage"},"thumbnailUrl":"https:\/\/projekt.vombat.ee\/eco\/wp-content\/uploads\/2024\/01\/Untitled-design-71.png","datePublished":"2024-01-30T04:09:19+00:00","dateModified":"2024-03-09T04:37:15+00:00","description":"Ukko S elektrimootorratas - kiire, kerge ja keskkonnas\u00f5bralik. 93 km\/h, 160 km ulatus ja mugav vedrustu. Ideaalne valik vabaajas\u00f5iduks.","breadcrumb":{"@id":"https:\/\/projekt.vombat.ee\/eco\/pood\/elektrirollerid\/tromox-ukko-s-elektrimootorratas-160-km\/#breadcrumb"},"inLanguage":"en-GB","potentialAction":[{"@type":"ReadAction","target":["https:\/\/projekt.vombat.ee\/eco\/pood\/elektrirollerid\/tromox-ukko-s-elektrimootorratas-160-km\/"]}]},{"@type":"ImageObject","inLanguage":"en-GB","@id":"https:\/\/projekt.vombat.ee\/eco\/pood\/elektrirollerid\/tromox-ukko-s-elektrimootorratas-160-km\/#primaryimage","url":"https:\/\/projekt.vombat.ee\/eco\/wp-content\/uploads\/2024\/01\/Untitled-design-71.png","contentUrl":"https:\/\/projekt.vombat.ee\/eco\/wp-content\/uploads\/2024\/01\/Untitled-design-71.png","width":1000,"height":1000},{"@type":"BreadcrumbList","@id":"https:\/\/projekt.vombat.ee\/eco\/pood\/elektrirollerid\/tromox-ukko-s-elektrimootorratas-160-km\/#breadcrumb","itemListElement":[{"@type":"ListItem","position":1,"name":"Home","item":"https:\/\/projekt.vombat.ee\/eco\/"},{"@type":"ListItem","position":2,"name":"Pood","item":"https:\/\/projekt.vombat.ee\/eco\/pood\/"},{"@type":"ListItem","position":3,"name":"TROMOX Ukko S elektrimootorratas, 160 km"}]},{"@type":"WebSite","@id":"https:\/\/projekt.vombat.ee\/eco\/#website","url":"https:\/\/projekt.vombat.ee\/eco\/","name":"Ecocruiser","description":"","publisher":{"@id":"https:\/\/projekt.vombat.ee\/eco\/#organization"},"potentialAction":[{"@type":"SearchAction","target":{"@type":"EntryPoint","urlTemplate":"https:\/\/projekt.vombat.ee\/eco\/?s={search_term_string}"},"query-input":{"@type":"PropertyValueSpecification","valueRequired":true,"valueName":"search_term_string"}}],"inLanguage":"en-GB"},{"@type":"Organization","@id":"https:\/\/projekt.vombat.ee\/eco\/#organization","name":"Ecocruiser","url":"https:\/\/projekt.vombat.ee\/eco\/","logo":{"@type":"ImageObject","inLanguage":"en-GB","@id":"https:\/\/projekt.vombat.ee\/eco\/#\/schema\/logo\/image\/","url":"https:\/\/projekt.vombat.ee\/eco\/wp-content\/uploads\/2023\/03\/ECOCRUISER_5.png","contentUrl":"https:\/\/projekt.vombat.ee\/eco\/wp-content\/uploads\/2023\/03\/ECOCRUISER_5.png","width":234,"height":91,"caption":"Ecocruiser"},"image":{"@id":"https:\/\/projekt.vombat.ee\/eco\/#\/schema\/logo\/image\/"}}]}},"lang":"et","translations":{"et":13500},"pll_sync_post":[],"_links":{"self":[{"href":"https:\/\/projekt.vombat.ee\/eco\/wp-json\/wp\/v2\/product\/13500"}],"collection":[{"href":"https:\/\/projekt.vombat.ee\/eco\/wp-json\/wp\/v2\/product"}],"about":[{"href":"https:\/\/projekt.vombat.ee\/eco\/wp-json\/wp\/v2\/types\/product"}],"version-history":[{"count":5,"href":"https:\/\/projekt.vombat.ee\/eco\/wp-json\/wp\/v2\/product\/13500\/revisions"}],"predecessor-version":[{"id":15091,"href":"https:\/\/projekt.vombat.ee\/eco\/wp-json\/wp\/v2\/product\/13500\/revisions\/15091"}],"wp:featuredmedia":[{"embeddable":true,"href":"https:\/\/projekt.vombat.ee\/eco\/wp-json\/wp\/v2\/media\/15090"}],"wp:attachment":[{"href":"https:\/\/projekt.vombat.ee\/eco\/wp-json\/wp\/v2\/media?parent=13500"}],"wp:term":[{"taxonomy":"product_cat","embeddable":true,"href":"https:\/\/projekt.vombat.ee\/eco\/wp-json\/wp\/v2\/product_cat?post=13500"},{"taxonomy":"product_tag","embeddable":true,"href":"https:\/\/projekt.vombat.ee\/eco\/wp-json\/wp\/v2\/product_tag?post=13500"}],"curies":[{"name":"wp","href":"https:\/\/api.w.org\/{rel}","templated":true}]}}