{"id":13482,"date":"2024-01-30T04:03:25","date_gmt":"2024-01-30T04:03:25","guid":{"rendered":"https:\/\/projekt.vombat.ee\/eco\/?post_type=product&#038;p=13482"},"modified":"2024-03-09T04:57:07","modified_gmt":"2024-03-09T04:57:07","slug":"tromox-mino-b-elektriroller-90-km","status":"publish","type":"product","link":"https:\/\/projekt.vombat.ee\/eco\/pood\/elektrirollerid\/tromox-mino-b-elektriroller-90-km\/","title":{"rendered":"TROMOX Mino B elektrimootorratas 90 km"},"content":{"rendered":"<h1>TROMOX Mino B elektrimootorratas<\/h1>\n<div class=\"youtube responsive-embed wp-embed\"><iframe title=\"Tromox Mino B | Crazy Life for U\" width=\"1778\" height=\"1000\" src=\"https:\/\/www.youtube.com\/embed\/lIYnxR4CvOI?feature=oembed&#038;enablejsapi=1&#038;rel=0&#038;showinfo=0&#038;color=white\" frameborder=\"0\" allow=\"accelerometer; autoplay; clipboard-write; encrypted-media; gyroscope; picture-in-picture; web-share\" allowfullscreen><\/iframe><\/div>\n<p>&nbsp;<\/p>\n<p><span style=\"color: #2f2f2f; font-size: 24px; font-weight: 600;\">Info<\/span><\/p>\n<ul>\n<li><strong>Mootor: <\/strong>Keskmootor<\/li>\n<li><strong>Nominaalv\u00f5imsus: <\/strong>1200 W<\/li>\n<li><strong>Tippv\u00f5imsus: <\/strong>2500 W<\/li>\n<li><strong>Aku: <\/strong>60V31Ah\/60V26Ah<\/li>\n<li><strong>P\u00f6\u00f6rdemoment: <\/strong>110N\u00b7m<\/li>\n<li><strong>Piduris\u00fcsteem: <\/strong>H\u00fcdraulilised ketaspidurid<\/li>\n<li><strong>Intelligentne S\u00fcsteem: <\/strong>Valikuline<\/li>\n<li><strong>Vedrustus: <\/strong>Eesmine: \u00fcmberp\u00f6\u00f6ratud vedru\u00f5li amortisaator. Tagumine: keskmine vedru\u00f5li amortisaator.<\/li>\n<li><strong>Rehvid:<\/strong> Eesmine ja tagumine: 90\/80-12.<\/li>\n<li><strong>Aku: <\/strong>18650 Liitium. Autot\u00f6\u00f6stusstandardile vastavad 18650 k\u00f5rge tihedusega elemendid. IP65 veekindel alumiiniumist karp, eemaldatav.<\/li>\n<li><strong>Laadimisaeg: <\/strong>6A\/4.3 h<\/li>\n<li><strong>L\u00e4bis\u00f5it Laadimise Kohta: <\/strong>90 km<\/li>\n<li><strong>Maksimaalne Kiirus: <\/strong>45 km\/h (EEC)<\/li>\n<li><strong>Ronimisv\u00f5ime: <\/strong>15\u00b0\uff0827\/100\uff09<\/li>\n<li><strong>Kiirendus: <\/strong>10 s (0\uff5e100 m)<\/li>\n<li><strong>V\u00f5rreldamatu \u0160oki Neeldumine: <\/strong>570 mm kerge \u00fcmberp\u00f6\u00f6ratud h\u00fcdrauliline esiamortisaator ja 230 mm tagumine iseseisev amortisaator.<\/li>\n<li><strong>TROMOX Rakendus: <\/strong>J\u00e4lgib aku ja mootorratta seisundit.<\/li>\n<li><strong>Retrostiilis Istmepadi: <\/strong>Visuaalne ja f\u00fc\u00fcsiline rahulolu.<\/li>\n<li><strong> Tark Armatuurlaud: <\/strong>K\u00f5rge visuaalse kvaliteediga, IP65 veekindel ja tolmukindel, tagab selge n\u00e4gemus s\u00f5idu ajal.<\/li>\n<li><strong>LED-tuled: <\/strong>360\u00b0 valgustuss\u00fcsteem. Valguse kohandamine.<\/li>\n<li><strong>Ohutus: <\/strong>Tuuma soojuse hajutamise disain.<\/li>\n<\/ul>\n<h3><strong>Kaal ja m\u00f5\u00f5tmed<\/strong><\/h3>\n<ul>\n<li><strong>Istme k\u00f5rgus:<\/strong> 68 cm<\/li>\n<li><strong>Pikkus \u00d7 Laius \u00d7 K\u00f5rgus: <\/strong>1620 mm x 725 mm x 950 mm<\/li>\n<li><strong>Kandev\u00f5ime: <\/strong>100 kg<\/li>\n<li><strong>Netokaal: <\/strong>71 kg<\/li>\n<li><strong>Teljevahe: <\/strong>1120 mm<\/li>\n<li><strong>Aku kaal: <\/strong>9kg<\/li>\n<\/ul>\n","protected":false},"excerpt":{"rendered":"<p><strong>TROMOX Mino-B elektrimootorratas<\/strong><\/p>\n<p>&nbsp;<\/p>\n<ul>\n<li><strong>Piduris\u00fcsteem: H\u00fcdraulilised ketaspidurid<\/strong><\/li>\n<li><strong>Rehvid: Eesmine ja tagumine: 90\/80-12.<\/strong><\/li>\n<li><strong>Aku: 18650 Liitium<\/strong><\/li>\n<li><strong>Laadimisaeg: 6A\/4.3 h\u00a0<\/strong><\/li>\n<li><strong>L\u00e4bis\u00f5it Laadimise Kohta: 90 km\u00a0<\/strong><\/li>\n<li><strong>Maksimaalne Kiirus: 45 km\/h (EEC)<\/strong><\/li>\n<li><strong>Ronimisv\u00f5ime: 15\u00b0\uff0827\/100\uff09<\/strong><\/li>\n<li><strong>Kiirendus: 10 s (0\uff5e100 m)<\/strong><\/li>\n<li><strong>LED-tuled: 360\u00b0 valgustuss\u00fcsteem<\/strong><\/li>\n<\/ul>\n<p>&nbsp;<\/p>\n<p><strong>\u2666 Tarneaeg 2-6 p\u00e4eva<\/strong><br \/>\n<strong>\u2666 Laos<\/strong><\/p>\n<p>&nbsp;<\/p>\n","protected":false},"featured_media":13484,"template":"","meta":[],"product_cat":[1974,1662],"product_tag":[],"class_list":{"0":"post-13482","1":"product","2":"type-product","3":"status-publish","4":"has-post-thumbnail","6":"product_cat-elektrimootorratas","7":"product_cat-elektrirollerid","9":"first","10":"instock","11":"sale","12":"taxable","13":"shipping-taxable","14":"purchasable","15":"product-type-variable"},"yoast_head":"<!-- This site is optimized with the Yoast SEO plugin v23.8 - https:\/\/yoast.com\/wordpress\/plugins\/seo\/ -->\n<title>TROMOX Mino B elektrimootorratas 90 km - Ecocruiser<\/title>\n<meta name=\"description\" content=\"Avasta MINO-B elektriroller: Stiilne disain, k\u00f5rgtehnoloogiline varustus, 90 km ulatus ja mugavad amortisaatorid ideaalseks s\u00f5iduks.\" \/>\n<meta name=\"robots\" content=\"noindex, follow, max-snippet:-1, max-image-preview:large, max-video-preview:-1\" \/>\n<meta property=\"og:locale\" content=\"en_GB\" \/>\n<meta property=\"og:type\" content=\"article\" \/>\n<meta property=\"og:title\" content=\"TROMOX Mino B elektrimootorratas 90 km - Ecocruiser\" \/>\n<meta property=\"og:description\" content=\"Avasta MINO-B elektriroller: Stiilne disain, k\u00f5rgtehnoloogiline varustus, 90 km ulatus ja mugavad amortisaatorid ideaalseks s\u00f5iduks.\" \/>\n<meta property=\"og:url\" content=\"https:\/\/projekt.vombat.ee\/eco\/pood\/elektrirollerid\/tromox-mino-b-elektriroller-90-km\/\" \/>\n<meta property=\"og:site_name\" content=\"Ecocruiser\" \/>\n<meta property=\"article:modified_time\" content=\"2024-03-09T04:57:07+00:00\" \/>\n<meta property=\"og:image\" content=\"https:\/\/projekt.vombat.ee\/eco\/wp-content\/uploads\/2024\/01\/1-2.jpg\" \/>\n\t<meta property=\"og:image:width\" content=\"762\" \/>\n\t<meta property=\"og:image:height\" content=\"819\" \/>\n\t<meta property=\"og:image:type\" content=\"image\/jpeg\" \/>\n<meta name=\"twitter:card\" content=\"summary_large_image\" \/>\n<meta name=\"twitter:label1\" content=\"Estimated reading time\" \/>\n\t<meta name=\"twitter:data1\" content=\"2 minutes\" \/>\n<script type=\"application\/ld+json\" class=\"yoast-schema-graph\">{\"@context\":\"https:\/\/schema.org\",\"@graph\":[{\"@type\":\"WebPage\",\"@id\":\"https:\/\/projekt.vombat.ee\/eco\/pood\/elektrirollerid\/tromox-mino-b-elektriroller-90-km\/\",\"url\":\"https:\/\/projekt.vombat.ee\/eco\/pood\/elektrirollerid\/tromox-mino-b-elektriroller-90-km\/\",\"name\":\"TROMOX Mino B elektrimootorratas 90 km - Ecocruiser\",\"isPartOf\":{\"@id\":\"https:\/\/projekt.vombat.ee\/eco\/#website\"},\"primaryImageOfPage\":{\"@id\":\"https:\/\/projekt.vombat.ee\/eco\/pood\/elektrirollerid\/tromox-mino-b-elektriroller-90-km\/#primaryimage\"},\"image\":{\"@id\":\"https:\/\/projekt.vombat.ee\/eco\/pood\/elektrirollerid\/tromox-mino-b-elektriroller-90-km\/#primaryimage\"},\"thumbnailUrl\":\"https:\/\/projekt.vombat.ee\/eco\/wp-content\/uploads\/2024\/01\/1-2.jpg\",\"datePublished\":\"2024-01-30T04:03:25+00:00\",\"dateModified\":\"2024-03-09T04:57:07+00:00\",\"description\":\"Avasta MINO-B elektriroller: Stiilne disain, k\u00f5rgtehnoloogiline varustus, 90 km ulatus ja mugavad amortisaatorid ideaalseks s\u00f5iduks.\",\"breadcrumb\":{\"@id\":\"https:\/\/projekt.vombat.ee\/eco\/pood\/elektrirollerid\/tromox-mino-b-elektriroller-90-km\/#breadcrumb\"},\"inLanguage\":\"en-GB\",\"potentialAction\":[{\"@type\":\"ReadAction\",\"target\":[\"https:\/\/projekt.vombat.ee\/eco\/pood\/elektrirollerid\/tromox-mino-b-elektriroller-90-km\/\"]}]},{\"@type\":\"ImageObject\",\"inLanguage\":\"en-GB\",\"@id\":\"https:\/\/projekt.vombat.ee\/eco\/pood\/elektrirollerid\/tromox-mino-b-elektriroller-90-km\/#primaryimage\",\"url\":\"https:\/\/projekt.vombat.ee\/eco\/wp-content\/uploads\/2024\/01\/1-2.jpg\",\"contentUrl\":\"https:\/\/projekt.vombat.ee\/eco\/wp-content\/uploads\/2024\/01\/1-2.jpg\",\"width\":762,\"height\":819,\"caption\":\"TROMOX Mino-B elektrimootorratas\"},{\"@type\":\"BreadcrumbList\",\"@id\":\"https:\/\/projekt.vombat.ee\/eco\/pood\/elektrirollerid\/tromox-mino-b-elektriroller-90-km\/#breadcrumb\",\"itemListElement\":[{\"@type\":\"ListItem\",\"position\":1,\"name\":\"Home\",\"item\":\"https:\/\/projekt.vombat.ee\/eco\/\"},{\"@type\":\"ListItem\",\"position\":2,\"name\":\"Pood\",\"item\":\"https:\/\/projekt.vombat.ee\/eco\/pood\/\"},{\"@type\":\"ListItem\",\"position\":3,\"name\":\"TROMOX Mino B elektrimootorratas 90 km\"}]},{\"@type\":\"WebSite\",\"@id\":\"https:\/\/projekt.vombat.ee\/eco\/#website\",\"url\":\"https:\/\/projekt.vombat.ee\/eco\/\",\"name\":\"Ecocruiser\",\"description\":\"\",\"publisher\":{\"@id\":\"https:\/\/projekt.vombat.ee\/eco\/#organization\"},\"potentialAction\":[{\"@type\":\"SearchAction\",\"target\":{\"@type\":\"EntryPoint\",\"urlTemplate\":\"https:\/\/projekt.vombat.ee\/eco\/?s={search_term_string}\"},\"query-input\":{\"@type\":\"PropertyValueSpecification\",\"valueRequired\":true,\"valueName\":\"search_term_string\"}}],\"inLanguage\":\"en-GB\"},{\"@type\":\"Organization\",\"@id\":\"https:\/\/projekt.vombat.ee\/eco\/#organization\",\"name\":\"Ecocruiser\",\"url\":\"https:\/\/projekt.vombat.ee\/eco\/\",\"logo\":{\"@type\":\"ImageObject\",\"inLanguage\":\"en-GB\",\"@id\":\"https:\/\/projekt.vombat.ee\/eco\/#\/schema\/logo\/image\/\",\"url\":\"https:\/\/projekt.vombat.ee\/eco\/wp-content\/uploads\/2023\/03\/ECOCRUISER_5.png\",\"contentUrl\":\"https:\/\/projekt.vombat.ee\/eco\/wp-content\/uploads\/2023\/03\/ECOCRUISER_5.png\",\"width\":234,\"height\":91,\"caption\":\"Ecocruiser\"},\"image\":{\"@id\":\"https:\/\/projekt.vombat.ee\/eco\/#\/schema\/logo\/image\/\"}}]}<\/script>\n<!-- \/ Yoast SEO plugin. -->","yoast_head_json":{"title":"TROMOX Mino B elektrimootorratas 90 km - Ecocruiser","description":"Avasta MINO-B elektriroller: Stiilne disain, k\u00f5rgtehnoloogiline varustus, 90 km ulatus ja mugavad amortisaatorid ideaalseks s\u00f5iduks.","robots":{"index":"noindex","follow":"follow","max-snippet":"max-snippet:-1","max-image-preview":"max-image-preview:large","max-video-preview":"max-video-preview:-1"},"og_locale":"en_GB","og_type":"article","og_title":"TROMOX Mino B elektrimootorratas 90 km - Ecocruiser","og_description":"Avasta MINO-B elektriroller: Stiilne disain, k\u00f5rgtehnoloogiline varustus, 90 km ulatus ja mugavad amortisaatorid ideaalseks s\u00f5iduks.","og_url":"https:\/\/projekt.vombat.ee\/eco\/pood\/elektrirollerid\/tromox-mino-b-elektriroller-90-km\/","og_site_name":"Ecocruiser","article_modified_time":"2024-03-09T04:57:07+00:00","og_image":[{"width":762,"height":819,"url":"https:\/\/projekt.vombat.ee\/eco\/wp-content\/uploads\/2024\/01\/1-2.jpg","type":"image\/jpeg"}],"twitter_card":"summary_large_image","twitter_misc":{"Estimated reading time":"2 minutes"},"schema":{"@context":"https:\/\/schema.org","@graph":[{"@type":"WebPage","@id":"https:\/\/projekt.vombat.ee\/eco\/pood\/elektrirollerid\/tromox-mino-b-elektriroller-90-km\/","url":"https:\/\/projekt.vombat.ee\/eco\/pood\/elektrirollerid\/tromox-mino-b-elektriroller-90-km\/","name":"TROMOX Mino B elektrimootorratas 90 km - Ecocruiser","isPartOf":{"@id":"https:\/\/projekt.vombat.ee\/eco\/#website"},"primaryImageOfPage":{"@id":"https:\/\/projekt.vombat.ee\/eco\/pood\/elektrirollerid\/tromox-mino-b-elektriroller-90-km\/#primaryimage"},"image":{"@id":"https:\/\/projekt.vombat.ee\/eco\/pood\/elektrirollerid\/tromox-mino-b-elektriroller-90-km\/#primaryimage"},"thumbnailUrl":"https:\/\/projekt.vombat.ee\/eco\/wp-content\/uploads\/2024\/01\/1-2.jpg","datePublished":"2024-01-30T04:03:25+00:00","dateModified":"2024-03-09T04:57:07+00:00","description":"Avasta MINO-B elektriroller: Stiilne disain, k\u00f5rgtehnoloogiline varustus, 90 km ulatus ja mugavad amortisaatorid ideaalseks s\u00f5iduks.","breadcrumb":{"@id":"https:\/\/projekt.vombat.ee\/eco\/pood\/elektrirollerid\/tromox-mino-b-elektriroller-90-km\/#breadcrumb"},"inLanguage":"en-GB","potentialAction":[{"@type":"ReadAction","target":["https:\/\/projekt.vombat.ee\/eco\/pood\/elektrirollerid\/tromox-mino-b-elektriroller-90-km\/"]}]},{"@type":"ImageObject","inLanguage":"en-GB","@id":"https:\/\/projekt.vombat.ee\/eco\/pood\/elektrirollerid\/tromox-mino-b-elektriroller-90-km\/#primaryimage","url":"https:\/\/projekt.vombat.ee\/eco\/wp-content\/uploads\/2024\/01\/1-2.jpg","contentUrl":"https:\/\/projekt.vombat.ee\/eco\/wp-content\/uploads\/2024\/01\/1-2.jpg","width":762,"height":819,"caption":"TROMOX Mino-B elektrimootorratas"},{"@type":"BreadcrumbList","@id":"https:\/\/projekt.vombat.ee\/eco\/pood\/elektrirollerid\/tromox-mino-b-elektriroller-90-km\/#breadcrumb","itemListElement":[{"@type":"ListItem","position":1,"name":"Home","item":"https:\/\/projekt.vombat.ee\/eco\/"},{"@type":"ListItem","position":2,"name":"Pood","item":"https:\/\/projekt.vombat.ee\/eco\/pood\/"},{"@type":"ListItem","position":3,"name":"TROMOX Mino B elektrimootorratas 90 km"}]},{"@type":"WebSite","@id":"https:\/\/projekt.vombat.ee\/eco\/#website","url":"https:\/\/projekt.vombat.ee\/eco\/","name":"Ecocruiser","description":"","publisher":{"@id":"https:\/\/projekt.vombat.ee\/eco\/#organization"},"potentialAction":[{"@type":"SearchAction","target":{"@type":"EntryPoint","urlTemplate":"https:\/\/projekt.vombat.ee\/eco\/?s={search_term_string}"},"query-input":{"@type":"PropertyValueSpecification","valueRequired":true,"valueName":"search_term_string"}}],"inLanguage":"en-GB"},{"@type":"Organization","@id":"https:\/\/projekt.vombat.ee\/eco\/#organization","name":"Ecocruiser","url":"https:\/\/projekt.vombat.ee\/eco\/","logo":{"@type":"ImageObject","inLanguage":"en-GB","@id":"https:\/\/projekt.vombat.ee\/eco\/#\/schema\/logo\/image\/","url":"https:\/\/projekt.vombat.ee\/eco\/wp-content\/uploads\/2023\/03\/ECOCRUISER_5.png","contentUrl":"https:\/\/projekt.vombat.ee\/eco\/wp-content\/uploads\/2023\/03\/ECOCRUISER_5.png","width":234,"height":91,"caption":"Ecocruiser"},"image":{"@id":"https:\/\/projekt.vombat.ee\/eco\/#\/schema\/logo\/image\/"}}]}},"lang":"et","translations":{"et":13482},"pll_sync_post":[],"_links":{"self":[{"href":"https:\/\/projekt.vombat.ee\/eco\/wp-json\/wp\/v2\/product\/13482"}],"collection":[{"href":"https:\/\/projekt.vombat.ee\/eco\/wp-json\/wp\/v2\/product"}],"about":[{"href":"https:\/\/projekt.vombat.ee\/eco\/wp-json\/wp\/v2\/types\/product"}],"version-history":[{"count":7,"href":"https:\/\/projekt.vombat.ee\/eco\/wp-json\/wp\/v2\/product\/13482\/revisions"}],"predecessor-version":[{"id":15094,"href":"https:\/\/projekt.vombat.ee\/eco\/wp-json\/wp\/v2\/product\/13482\/revisions\/15094"}],"wp:featuredmedia":[{"embeddable":true,"href":"https:\/\/projekt.vombat.ee\/eco\/wp-json\/wp\/v2\/media\/13484"}],"wp:attachment":[{"href":"https:\/\/projekt.vombat.ee\/eco\/wp-json\/wp\/v2\/media?parent=13482"}],"wp:term":[{"taxonomy":"product_cat","embeddable":true,"href":"https:\/\/projekt.vombat.ee\/eco\/wp-json\/wp\/v2\/product_cat?post=13482"},{"taxonomy":"product_tag","embeddable":true,"href":"https:\/\/projekt.vombat.ee\/eco\/wp-json\/wp\/v2\/product_tag?post=13482"}],"curies":[{"name":"wp","href":"https:\/\/api.w.org\/{rel}","templated":true}]}}