{"id":13347,"date":"2024-01-29T06:59:12","date_gmt":"2024-01-29T06:59:12","guid":{"rendered":"https:\/\/projekt.vombat.ee\/eco\/?post_type=product&#038;p=13347"},"modified":"2024-02-02T06:23:25","modified_gmt":"2024-02-02T06:23:25","slug":"velocifero-mad-air-elektriline-toukeratas-40km","status":"publish","type":"product","link":"https:\/\/projekt.vombat.ee\/eco\/pood\/elektritoukerattad\/velocifero-mad-air-elektriline-toukeratas-40km\/","title":{"rendered":"Velocifero MAD AIR elektriline t\u00f5ukeratas 40km"},"content":{"rendered":"<h1 class=\"mgmw_wo mli8_k4 mp0t_ji munh_0 m3h2_0 mp4t_0 mqu1_1j m9qz_yq mgn2_16 mgn2_17_s mryx_8 _7030e_LKD2N\">Velocifero MAD AIR elektriline t\u00f5ukeratas<\/h1>\n<div class=\"w-full text-token-text-primary\" data-testid=\"conversation-turn-11\">\n<div class=\"px-4 py-2 justify-center text-base md:gap-6 m-auto\">\n<div class=\"flex flex-1 text-base mx-auto gap-3 md:px-5 lg:px-1 xl:px-5 md:max-w-3xl lg:max-w-[40rem] xl:max-w-[48rem] group\">\n<div class=\"relative flex w-full flex-col lg:w-[calc(100%-115px)] agent-turn\">\n<div class=\"flex-col gap-1 md:gap-3\">\n<div class=\"flex flex-grow flex-col max-w-full\">\n<div class=\"min-h-[20px] text-message flex flex-col items-start gap-3 whitespace-pre-wrap break-words [.text-message+&amp;]:mt-5 overflow-x-auto\" data-message-author-role=\"assistant\" data-message-id=\"b4390e67-550b-4d86-9dd5-8f96f023be21\">\n<p>Velocifero MAD AIR elektrilise t\u00f5ukeratta on kujundanud tunnustatud disainer Alessandro Tartarini, kellel on pikaajaline kogemus mootorrataste t\u00f6\u00f6stuses t\u00e4nu Itaalia ettev\u00f5ttele Italjet. K\u00f5ik nende tooted paistavad silma oma kaasaegse disaini, ergonoomika ja k\u00f5rge kvaliteedi poolest.<\/p>\n<p><img fetchpriority=\"high\" decoding=\"async\" class=\"alignnone\" src=\"https:\/\/a.allegroimg.com\/original\/111fdd\/9d711c764d12ab3a3558ed2f117a\/NOWOSC-Hulajnoga-elektryczna-Velocifero-MAD-AIR-Kod-producenta-281721906A00\" alt=\"Velocifero MAD AIR elektriline t\u00f5ukeratas\" width=\"485\" height=\"485\" \/><img decoding=\"async\" class=\"alignnone\" src=\"https:\/\/a.allegroimg.com\/original\/113481\/4325315348d0ac3550eeb79395db\/NOWOSC-Hulajnoga-elektryczna-Velocifero-MAD-AIR-EAN-GTIN-20221128202211\" alt=\"Velocifero MAD AIR elektriline t\u00f5ukeratas\" width=\"483\" height=\"483\" \/><\/p>\n<p>MAD AIR on v\u00f5imas elektriline t\u00f5ukeratas, millel on tagarattas harjavaba mootor. Mootori v\u00f5imsus on 350W ja maksimaalne kiirus kuni 25 km\/h, mis t\u00e4hendab, et seda v\u00f5ib kasutada avalikel teedel nagu jalgratast.<\/p>\n<\/div>\n<div class=\"min-h-[20px] text-message flex flex-col items-start gap-3 whitespace-pre-wrap break-words [.text-message+&amp;]:mt-5 overflow-x-auto\" data-message-author-role=\"assistant\" data-message-id=\"b4390e67-550b-4d86-9dd5-8f96f023be21\">\n<p><span style=\"font-size: inherit;\">MAD AIR elektrilisel t\u00f5ukerattal on neli s\u00f5idure\u017eiimi:<\/span><\/p>\n<ul>\n<li>S (25 km\/h, v\u00f5imalik lukust avada)<\/li>\n<li>D (22 km\/h)<\/li>\n<li>Eco (18 km\/h)<\/li>\n<li>jalak\u00e4ija (4 km\/h)<\/li>\n<li>lukustamata (\u00fcle 30 km\/h).<\/li>\n<\/ul>\n<p class=\"markdown prose w-full break-words dark:prose-invert dark\"><span style=\"font-size: inherit;\">MAD AIR elektriline t\u00f5ukeratas on varustatud eemaldatava liitium-ioonakuga, mis asub laua all ja mille koguv\u00f5imsus on 350Wh (36V\/10Ah). Aku on kergesti eemaldatav ja laetav ka v\u00e4ljaspool t\u00f5ukeratast. S\u00f5iduulatus on umbes 25-30 km kiire s\u00f5idu korral ja umbes 30-35 km \u00f6konoomse s\u00f5idu puhul. T\u00f5ukerattal on 10-tollised \u00f5huga t\u00e4idetud rehvid, mis tagavad parima s\u00f5idumugavuse ebatasasel pinnal.<\/span><\/p>\n<div class=\"w-full text-token-text-primary\" data-testid=\"conversation-turn-15\">\n<div class=\"px-4 py-2 justify-center text-base md:gap-6 m-auto\">\n<div class=\"flex flex-1 text-base mx-auto gap-3 md:px-5 lg:px-1 xl:px-5 md:max-w-3xl lg:max-w-[40rem] xl:max-w-[48rem] group\">\n<div class=\"relative flex w-full flex-col lg:w-[calc(100%-115px)] agent-turn\">\n<div class=\"flex-col gap-1 md:gap-3\">\n<div class=\"flex flex-grow flex-col max-w-full\">\n<div class=\"min-h-[20px] text-message flex flex-col items-start gap-3 whitespace-pre-wrap break-words [.text-message+&amp;]:mt-5 overflow-x-auto\" data-message-author-role=\"assistant\" data-message-id=\"fdb610b4-61f7-4c96-90ba-bb6044da5cd8\">\n<div class=\"markdown prose w-full break-words dark:prose-invert dark\"><img decoding=\"async\" class=\"alignnone\" src=\"https:\/\/a.allegroimg.com\/original\/112e55\/88a824204a9ab9290b9ad4c71e34\/NOWOSC-Hulajnoga-elektryczna-Velocifero-MAD-AIR-Model-AIR-MAD\" alt=\"Velocifero MAD AIR elektriline t\u00f5ukeratas\" width=\"607\" height=\"322\" \/><\/div>\n<\/div>\n<\/div>\n<\/div>\n<\/div>\n<\/div>\n<\/div>\n<\/div>\n<div class=\"w-full text-token-text-primary\" data-testid=\"conversation-turn-15\">\n<div class=\"px-4 py-2 justify-center text-base md:gap-6 m-auto\">\n<div class=\"flex flex-1 text-base mx-auto gap-3 md:px-5 lg:px-1 xl:px-5 md:max-w-3xl lg:max-w-[40rem] xl:max-w-[48rem] group\">\n<div class=\"relative flex w-full flex-col lg:w-[calc(100%-115px)] agent-turn\">\n<div class=\"flex-col gap-1 md:gap-3\">\n<div class=\"flex flex-grow flex-col max-w-full\">\n<div class=\"min-h-[20px] text-message flex flex-col items-start gap-3 whitespace-pre-wrap break-words [.text-message+&amp;]:mt-5 overflow-x-auto\" data-message-author-role=\"assistant\" data-message-id=\"fdb610b4-61f7-4c96-90ba-bb6044da5cd8\">\n<p class=\"markdown prose w-full break-words dark:prose-invert dark\">MAD AIR t\u00f5ukerattal on juhtraual intelligentne digitaalne LCD-ekraan, mis kuvab kiirust, l\u00e4bitud vahemaad ja aku olekut. Juhtraua paremal k\u00fcljel on ka p\u00f6idla abil juhitav v\u00f5imsuse regulaator ja \u00fcks pidurihoob. T\u00f5ukerattal on kaksikpidurid &#8211; esirattal ketaspidur ja tagarattal elektrooniline (booster) pidur, mis aktiveeruvad pidurihoova kasutamisel samaaegselt. T\u00f5ukerattal on ees ja taga LED-tuled, tagumine LED-tuli on varustatud pidurisensoriga.<\/p>\n<\/div>\n<\/div>\n<\/div>\n<\/div>\n<\/div>\n<\/div>\n<\/div>\n<div class=\"w-full text-token-text-primary\" data-testid=\"conversation-turn-15\">\n<div class=\"px-4 py-2 justify-center text-base md:gap-6 m-auto\">\n<div class=\"flex flex-1 text-base mx-auto gap-3 md:px-5 lg:px-1 xl:px-5 md:max-w-3xl lg:max-w-[40rem] xl:max-w-[48rem] group\">\n<div class=\"relative flex w-full flex-col lg:w-[calc(100%-115px)] agent-turn\">\n<div class=\"flex-col gap-1 md:gap-3\">\n<div class=\"flex flex-grow flex-col max-w-full\">\n<div class=\"min-h-[20px] text-message flex flex-col items-start gap-3 whitespace-pre-wrap break-words [.text-message+&amp;]:mt-5 overflow-x-auto\" data-message-author-role=\"assistant\" data-message-id=\"fdb610b4-61f7-4c96-90ba-bb6044da5cd8\">\n<div class=\"markdown prose w-full break-words dark:prose-invert dark\"><img loading=\"lazy\" decoding=\"async\" class=\"alignnone\" src=\"https:\/\/a.allegroimg.com\/original\/110074\/1a06151c4d869ad86c841ea5fef6\/NOWOSC-Hulajnoga-elektryczna-Velocifero-MAD-AIR-Marka-Velocifero\" alt=\"Velocifero MAD AIR elektriline t\u00f5ukeratas\" width=\"377\" height=\"321\" \/><\/div>\n<\/div>\n<\/div>\n<\/div>\n<\/div>\n<\/div>\n<\/div>\n<\/div>\n<div class=\"w-full text-token-text-primary\" data-testid=\"conversation-turn-15\">\n<div class=\"px-4 py-2 justify-center text-base md:gap-6 m-auto\">\n<div class=\"flex flex-1 text-base mx-auto gap-3 md:px-5 lg:px-1 xl:px-5 md:max-w-3xl lg:max-w-[40rem] xl:max-w-[48rem] group\">\n<div class=\"relative flex w-full flex-col lg:w-[calc(100%-115px)] agent-turn\">\n<div class=\"flex-col gap-1 md:gap-3\">\n<div class=\"flex flex-grow flex-col max-w-full\">\n<div class=\"min-h-[20px] text-message flex flex-col items-start gap-3 whitespace-pre-wrap break-words [.text-message+&amp;]:mt-5 overflow-x-auto\" data-message-author-role=\"assistant\" data-message-id=\"fdb610b4-61f7-4c96-90ba-bb6044da5cd8\">\n<div class=\"markdown prose w-full break-words dark:prose-invert dark\">\n<p>Velocifero MAD AIR t\u00f5ukeratta juhtrauda saab h\u00f5lpsasti kokku panna, et s\u00e4\u00e4sta ruumi transpordi ajal. Lisaks on selle kaal piisavalt v\u00e4ike, et seda oleks lihtne t\u00f5sta ja kanda. T\u00f5ukeratas on kaitstud niiskuse eest vastavalt IPX4 klassifikatsioonile, mis t\u00e4hendab, et see on veekindel. Seega, kui s\u00f5idu ajal hakkab vihma sadama, v\u00f5ib j\u00e4tkata s\u00f5itu, kuid soovitatav on v\u00e4ltida m\u00e4rgumist parkides ja hoiustada t\u00f5ukeratast katuse all.<\/p>\n<\/div>\n<\/div>\n<\/div>\n<\/div>\n<\/div>\n<\/div>\n<\/div>\n<\/div>\n<\/div>\n<\/div>\n<\/div>\n<\/div>\n<\/div>\n<\/div>\n<\/div>\n<h3>Info<\/h3>\n<ul>\n<li><strong>Mootor:<\/strong> 350W harjavaba mootor<\/li>\n<li><strong>Aku:<\/strong> 36V\/10Ah liitium-ioon aku, vahetatav<\/li>\n<li><strong>Maksimumkiirus:<\/strong> 25 km\/h<\/li>\n<li><strong>S\u00f5iduulatus:<\/strong> Kuni 30 km kiire s\u00f5idu korral, kuni 40 km \u00f6konoomse s\u00f5idu korral<\/li>\n<li><strong>LED-tuled:<\/strong> Ees ja taga (tagumine piduritulega)<\/li>\n<li><strong>Raam:<\/strong> Magneesiumraam (kergem ja tugevam kui alumiinium)<\/li>\n<li><strong>Pidurid:<\/strong> Elektrooniline tagapidur ja esiketaspidur<\/li>\n<li><strong>T\u00f5usunurk<strong>: <\/strong><\/strong>Max 15\u00b0<\/li>\n<li><strong>Kaitse:<\/strong> IPX4 kaitse tolmu ja veepritsmete eest<\/li>\n<li><strong>Ekraan:<\/strong> 3,8-tolline LCD ekraan<\/li>\n<li><strong>Fokusseerimine:<\/strong> Esi- ja tagafokusseerimine<\/li>\n<li><strong>Rattad:<\/strong> Toruta rattad<\/li>\n<li><strong>Rehvid:<\/strong> 10-tollised \u00f5hkrehvid (10\/2.5-6.5)<\/li>\n<li><strong>Laadija:<\/strong> Kaasas<\/li>\n<li><strong>Laadimisaeg:<\/strong> 4-6 tundi<\/li>\n<li><strong>Kaal:<\/strong> 13,5 kg<\/li>\n<li><strong>Maksimaalne koormus:<\/strong> 100 kg<\/li>\n<li><strong>M\u00f5\u00f5tmed:<\/strong> 109x43x117 cm (kokkupandult 109x43x48 cm)<\/li>\n<li><strong>Pakendi m\u00f5\u00f5tmed:<\/strong> 114x21x51 cm<\/li>\n<li><strong>Kiirusm\u00f5\u00f5tja<\/strong><\/li>\n<li><strong>Kokkupandav<\/strong><\/li>\n<li><strong>Seisujalg<\/strong><\/li>\n<li><strong>Kiirushoidik<\/strong><\/li>\n<li><strong>Signaal<\/strong><\/li>\n<\/ul>\n","protected":false},"excerpt":{"rendered":"<p class=\"mgmw_wo mli8_k4 mp0t_ji munh_0 m3h2_0 mp4t_0 mqu1_1j m9qz_yq mgn2_16 mgn2_17_s mryx_8 _7030e_LKD2N\"><strong>Velocifero MAD AIR elektriline t\u00f5ukeratas<\/strong><\/p>\n<p>&nbsp;<\/p>\n<ul>\n<li><strong>Aku: 36V\/10Ah liitium-ioon aku, vahetatav<\/strong><\/li>\n<li><strong>Maksimumkiirus: 25 km\/h<\/strong><\/li>\n<li><strong>S\u00f5iduulatus: 30 km kiirel s\u00f5idul, 40 km \u00f6konoomsel s\u00f5idul<\/strong><strong><br \/>\n<\/strong><\/li>\n<li><strong style=\"font-size: inherit;\">Raam: Magneesiumraam<\/strong><\/li>\n<li><strong>Pidurid: Elektrooniline tagapidur ja esiketaspidur<\/strong><\/li>\n<li><strong>Rehvid: 10-tollised \u00f5hkrehvid<\/strong><\/li>\n<li><strong>Laadimisaeg: 4-6 tundi<\/strong><\/li>\n<li><strong>Maksimaalne koormus: 100 kg<\/strong><\/li>\n<li><strong>Kaal: 13,5 kg<\/strong><\/li>\n<li><strong>Kokkupandav<\/strong><\/li>\n<li><strong style=\"font-size: inherit;\">LCD ekraan<\/strong><\/li>\n<li><strong>LED-tuled<\/strong><\/li>\n<\/ul>\n<p>&nbsp;<\/p>\n<p><strong>\u2666 Tarneaeg 2-7 p\u00e4eva<\/strong><br \/>\n<strong>\u2666 Laos<\/strong><\/p>\n<p>&nbsp;<\/p>\n","protected":false},"featured_media":13348,"template":"","meta":[],"product_cat":[53],"product_tag":[],"class_list":{"0":"post-13347","1":"product","2":"type-product","3":"status-publish","4":"has-post-thumbnail","6":"product_cat-elektritoukerattad","7":"product_shipping_class-suured-pakid","9":"first","10":"instock","11":"sale","12":"taxable","13":"shipping-taxable","14":"purchasable","15":"product-type-variable"},"yoast_head":"<!-- This site is optimized with the Yoast SEO plugin v23.8 - https:\/\/yoast.com\/wordpress\/plugins\/seo\/ -->\n<title>Velocifero MAD AIR elektriline t\u00f5ukeratas 40km - Ecocruiser<\/title>\n<meta name=\"description\" content=\"Velocifero MAD AIR elektriline t\u00f5ukeratas: 40 km s\u00f5iduulatust, 10-tolliseid rehvid, LED-tuled, IPX4 veekindlus, kiirusm\u00f5\u00f5tja ja lihtne kokkupandav disain.\" \/>\n<meta name=\"robots\" content=\"noindex, follow, max-snippet:-1, max-image-preview:large, max-video-preview:-1\" \/>\n<meta property=\"og:locale\" content=\"en_GB\" \/>\n<meta property=\"og:type\" content=\"article\" \/>\n<meta property=\"og:title\" content=\"Velocifero MAD AIR elektriline t\u00f5ukeratas 40km - Ecocruiser\" \/>\n<meta property=\"og:description\" content=\"Velocifero MAD AIR elektriline t\u00f5ukeratas: 40 km s\u00f5iduulatust, 10-tolliseid rehvid, LED-tuled, IPX4 veekindlus, kiirusm\u00f5\u00f5tja ja lihtne kokkupandav disain.\" \/>\n<meta property=\"og:url\" content=\"https:\/\/projekt.vombat.ee\/eco\/pood\/elektritoukerattad\/velocifero-mad-air-elektriline-toukeratas-40km\/\" \/>\n<meta property=\"og:site_name\" content=\"Ecocruiser\" \/>\n<meta property=\"article:modified_time\" content=\"2024-02-02T06:23:25+00:00\" \/>\n<meta property=\"og:image\" content=\"https:\/\/projekt.vombat.ee\/eco\/wp-content\/uploads\/2024\/01\/1-8.webp\" \/>\n\t<meta property=\"og:image:width\" content=\"720\" \/>\n\t<meta property=\"og:image:height\" content=\"720\" \/>\n\t<meta property=\"og:image:type\" content=\"image\/webp\" \/>\n<meta name=\"twitter:card\" content=\"summary_large_image\" \/>\n<meta name=\"twitter:label1\" content=\"Estimated reading time\" \/>\n\t<meta name=\"twitter:data1\" content=\"3 minutes\" \/>\n<script type=\"application\/ld+json\" class=\"yoast-schema-graph\">{\"@context\":\"https:\/\/schema.org\",\"@graph\":[{\"@type\":\"WebPage\",\"@id\":\"https:\/\/projekt.vombat.ee\/eco\/pood\/elektritoukerattad\/velocifero-mad-air-elektriline-toukeratas-40km\/\",\"url\":\"https:\/\/projekt.vombat.ee\/eco\/pood\/elektritoukerattad\/velocifero-mad-air-elektriline-toukeratas-40km\/\",\"name\":\"Velocifero MAD AIR elektriline t\u00f5ukeratas 40km - Ecocruiser\",\"isPartOf\":{\"@id\":\"https:\/\/projekt.vombat.ee\/eco\/#website\"},\"primaryImageOfPage\":{\"@id\":\"https:\/\/projekt.vombat.ee\/eco\/pood\/elektritoukerattad\/velocifero-mad-air-elektriline-toukeratas-40km\/#primaryimage\"},\"image\":{\"@id\":\"https:\/\/projekt.vombat.ee\/eco\/pood\/elektritoukerattad\/velocifero-mad-air-elektriline-toukeratas-40km\/#primaryimage\"},\"thumbnailUrl\":\"https:\/\/projekt.vombat.ee\/eco\/wp-content\/uploads\/2024\/01\/1-8.webp\",\"datePublished\":\"2024-01-29T06:59:12+00:00\",\"dateModified\":\"2024-02-02T06:23:25+00:00\",\"description\":\"Velocifero MAD AIR elektriline t\u00f5ukeratas: 40 km s\u00f5iduulatust, 10-tolliseid rehvid, LED-tuled, IPX4 veekindlus, kiirusm\u00f5\u00f5tja ja lihtne kokkupandav disain.\",\"breadcrumb\":{\"@id\":\"https:\/\/projekt.vombat.ee\/eco\/pood\/elektritoukerattad\/velocifero-mad-air-elektriline-toukeratas-40km\/#breadcrumb\"},\"inLanguage\":\"en-GB\",\"potentialAction\":[{\"@type\":\"ReadAction\",\"target\":[\"https:\/\/projekt.vombat.ee\/eco\/pood\/elektritoukerattad\/velocifero-mad-air-elektriline-toukeratas-40km\/\"]}]},{\"@type\":\"ImageObject\",\"inLanguage\":\"en-GB\",\"@id\":\"https:\/\/projekt.vombat.ee\/eco\/pood\/elektritoukerattad\/velocifero-mad-air-elektriline-toukeratas-40km\/#primaryimage\",\"url\":\"https:\/\/projekt.vombat.ee\/eco\/wp-content\/uploads\/2024\/01\/1-8.webp\",\"contentUrl\":\"https:\/\/projekt.vombat.ee\/eco\/wp-content\/uploads\/2024\/01\/1-8.webp\",\"width\":720,\"height\":720,\"caption\":\"Velocifero MAD AIR elektriline t\u00f5ukeratas\"},{\"@type\":\"BreadcrumbList\",\"@id\":\"https:\/\/projekt.vombat.ee\/eco\/pood\/elektritoukerattad\/velocifero-mad-air-elektriline-toukeratas-40km\/#breadcrumb\",\"itemListElement\":[{\"@type\":\"ListItem\",\"position\":1,\"name\":\"Home\",\"item\":\"https:\/\/projekt.vombat.ee\/eco\/\"},{\"@type\":\"ListItem\",\"position\":2,\"name\":\"Pood\",\"item\":\"https:\/\/projekt.vombat.ee\/eco\/pood\/\"},{\"@type\":\"ListItem\",\"position\":3,\"name\":\"Velocifero MAD AIR elektriline t\u00f5ukeratas 40km\"}]},{\"@type\":\"WebSite\",\"@id\":\"https:\/\/projekt.vombat.ee\/eco\/#website\",\"url\":\"https:\/\/projekt.vombat.ee\/eco\/\",\"name\":\"Ecocruiser\",\"description\":\"\",\"publisher\":{\"@id\":\"https:\/\/projekt.vombat.ee\/eco\/#organization\"},\"potentialAction\":[{\"@type\":\"SearchAction\",\"target\":{\"@type\":\"EntryPoint\",\"urlTemplate\":\"https:\/\/projekt.vombat.ee\/eco\/?s={search_term_string}\"},\"query-input\":{\"@type\":\"PropertyValueSpecification\",\"valueRequired\":true,\"valueName\":\"search_term_string\"}}],\"inLanguage\":\"en-GB\"},{\"@type\":\"Organization\",\"@id\":\"https:\/\/projekt.vombat.ee\/eco\/#organization\",\"name\":\"Ecocruiser\",\"url\":\"https:\/\/projekt.vombat.ee\/eco\/\",\"logo\":{\"@type\":\"ImageObject\",\"inLanguage\":\"en-GB\",\"@id\":\"https:\/\/projekt.vombat.ee\/eco\/#\/schema\/logo\/image\/\",\"url\":\"https:\/\/projekt.vombat.ee\/eco\/wp-content\/uploads\/2023\/03\/ECOCRUISER_5.png\",\"contentUrl\":\"https:\/\/projekt.vombat.ee\/eco\/wp-content\/uploads\/2023\/03\/ECOCRUISER_5.png\",\"width\":234,\"height\":91,\"caption\":\"Ecocruiser\"},\"image\":{\"@id\":\"https:\/\/projekt.vombat.ee\/eco\/#\/schema\/logo\/image\/\"}}]}<\/script>\n<!-- \/ Yoast SEO plugin. -->","yoast_head_json":{"title":"Velocifero MAD AIR elektriline t\u00f5ukeratas 40km - Ecocruiser","description":"Velocifero MAD AIR elektriline t\u00f5ukeratas: 40 km s\u00f5iduulatust, 10-tolliseid rehvid, LED-tuled, IPX4 veekindlus, kiirusm\u00f5\u00f5tja ja lihtne kokkupandav disain.","robots":{"index":"noindex","follow":"follow","max-snippet":"max-snippet:-1","max-image-preview":"max-image-preview:large","max-video-preview":"max-video-preview:-1"},"og_locale":"en_GB","og_type":"article","og_title":"Velocifero MAD AIR elektriline t\u00f5ukeratas 40km - Ecocruiser","og_description":"Velocifero MAD AIR elektriline t\u00f5ukeratas: 40 km s\u00f5iduulatust, 10-tolliseid rehvid, LED-tuled, IPX4 veekindlus, kiirusm\u00f5\u00f5tja ja lihtne kokkupandav disain.","og_url":"https:\/\/projekt.vombat.ee\/eco\/pood\/elektritoukerattad\/velocifero-mad-air-elektriline-toukeratas-40km\/","og_site_name":"Ecocruiser","article_modified_time":"2024-02-02T06:23:25+00:00","og_image":[{"width":720,"height":720,"url":"https:\/\/projekt.vombat.ee\/eco\/wp-content\/uploads\/2024\/01\/1-8.webp","type":"image\/webp"}],"twitter_card":"summary_large_image","twitter_misc":{"Estimated reading time":"3 minutes"},"schema":{"@context":"https:\/\/schema.org","@graph":[{"@type":"WebPage","@id":"https:\/\/projekt.vombat.ee\/eco\/pood\/elektritoukerattad\/velocifero-mad-air-elektriline-toukeratas-40km\/","url":"https:\/\/projekt.vombat.ee\/eco\/pood\/elektritoukerattad\/velocifero-mad-air-elektriline-toukeratas-40km\/","name":"Velocifero MAD AIR elektriline t\u00f5ukeratas 40km - Ecocruiser","isPartOf":{"@id":"https:\/\/projekt.vombat.ee\/eco\/#website"},"primaryImageOfPage":{"@id":"https:\/\/projekt.vombat.ee\/eco\/pood\/elektritoukerattad\/velocifero-mad-air-elektriline-toukeratas-40km\/#primaryimage"},"image":{"@id":"https:\/\/projekt.vombat.ee\/eco\/pood\/elektritoukerattad\/velocifero-mad-air-elektriline-toukeratas-40km\/#primaryimage"},"thumbnailUrl":"https:\/\/projekt.vombat.ee\/eco\/wp-content\/uploads\/2024\/01\/1-8.webp","datePublished":"2024-01-29T06:59:12+00:00","dateModified":"2024-02-02T06:23:25+00:00","description":"Velocifero MAD AIR elektriline t\u00f5ukeratas: 40 km s\u00f5iduulatust, 10-tolliseid rehvid, LED-tuled, IPX4 veekindlus, kiirusm\u00f5\u00f5tja ja lihtne kokkupandav disain.","breadcrumb":{"@id":"https:\/\/projekt.vombat.ee\/eco\/pood\/elektritoukerattad\/velocifero-mad-air-elektriline-toukeratas-40km\/#breadcrumb"},"inLanguage":"en-GB","potentialAction":[{"@type":"ReadAction","target":["https:\/\/projekt.vombat.ee\/eco\/pood\/elektritoukerattad\/velocifero-mad-air-elektriline-toukeratas-40km\/"]}]},{"@type":"ImageObject","inLanguage":"en-GB","@id":"https:\/\/projekt.vombat.ee\/eco\/pood\/elektritoukerattad\/velocifero-mad-air-elektriline-toukeratas-40km\/#primaryimage","url":"https:\/\/projekt.vombat.ee\/eco\/wp-content\/uploads\/2024\/01\/1-8.webp","contentUrl":"https:\/\/projekt.vombat.ee\/eco\/wp-content\/uploads\/2024\/01\/1-8.webp","width":720,"height":720,"caption":"Velocifero MAD AIR elektriline t\u00f5ukeratas"},{"@type":"BreadcrumbList","@id":"https:\/\/projekt.vombat.ee\/eco\/pood\/elektritoukerattad\/velocifero-mad-air-elektriline-toukeratas-40km\/#breadcrumb","itemListElement":[{"@type":"ListItem","position":1,"name":"Home","item":"https:\/\/projekt.vombat.ee\/eco\/"},{"@type":"ListItem","position":2,"name":"Pood","item":"https:\/\/projekt.vombat.ee\/eco\/pood\/"},{"@type":"ListItem","position":3,"name":"Velocifero MAD AIR elektriline t\u00f5ukeratas 40km"}]},{"@type":"WebSite","@id":"https:\/\/projekt.vombat.ee\/eco\/#website","url":"https:\/\/projekt.vombat.ee\/eco\/","name":"Ecocruiser","description":"","publisher":{"@id":"https:\/\/projekt.vombat.ee\/eco\/#organization"},"potentialAction":[{"@type":"SearchAction","target":{"@type":"EntryPoint","urlTemplate":"https:\/\/projekt.vombat.ee\/eco\/?s={search_term_string}"},"query-input":{"@type":"PropertyValueSpecification","valueRequired":true,"valueName":"search_term_string"}}],"inLanguage":"en-GB"},{"@type":"Organization","@id":"https:\/\/projekt.vombat.ee\/eco\/#organization","name":"Ecocruiser","url":"https:\/\/projekt.vombat.ee\/eco\/","logo":{"@type":"ImageObject","inLanguage":"en-GB","@id":"https:\/\/projekt.vombat.ee\/eco\/#\/schema\/logo\/image\/","url":"https:\/\/projekt.vombat.ee\/eco\/wp-content\/uploads\/2023\/03\/ECOCRUISER_5.png","contentUrl":"https:\/\/projekt.vombat.ee\/eco\/wp-content\/uploads\/2023\/03\/ECOCRUISER_5.png","width":234,"height":91,"caption":"Ecocruiser"},"image":{"@id":"https:\/\/projekt.vombat.ee\/eco\/#\/schema\/logo\/image\/"}}]}},"lang":"et","translations":{"et":13347},"pll_sync_post":[],"_links":{"self":[{"href":"https:\/\/projekt.vombat.ee\/eco\/wp-json\/wp\/v2\/product\/13347"}],"collection":[{"href":"https:\/\/projekt.vombat.ee\/eco\/wp-json\/wp\/v2\/product"}],"about":[{"href":"https:\/\/projekt.vombat.ee\/eco\/wp-json\/wp\/v2\/types\/product"}],"version-history":[{"count":8,"href":"https:\/\/projekt.vombat.ee\/eco\/wp-json\/wp\/v2\/product\/13347\/revisions"}],"predecessor-version":[{"id":13576,"href":"https:\/\/projekt.vombat.ee\/eco\/wp-json\/wp\/v2\/product\/13347\/revisions\/13576"}],"wp:featuredmedia":[{"embeddable":true,"href":"https:\/\/projekt.vombat.ee\/eco\/wp-json\/wp\/v2\/media\/13348"}],"wp:attachment":[{"href":"https:\/\/projekt.vombat.ee\/eco\/wp-json\/wp\/v2\/media?parent=13347"}],"wp:term":[{"taxonomy":"product_cat","embeddable":true,"href":"https:\/\/projekt.vombat.ee\/eco\/wp-json\/wp\/v2\/product_cat?post=13347"},{"taxonomy":"product_tag","embeddable":true,"href":"https:\/\/projekt.vombat.ee\/eco\/wp-json\/wp\/v2\/product_tag?post=13347"}],"curies":[{"name":"wp","href":"https:\/\/api.w.org\/{rel}","templated":true}]}}