{"id":13337,"date":"2024-01-29T06:24:36","date_gmt":"2024-01-29T06:24:36","guid":{"rendered":"https:\/\/projekt.vombat.ee\/eco\/?post_type=product&#038;p=13337"},"modified":"2024-02-15T05:41:47","modified_gmt":"2024-02-15T05:41:47","slug":"zondoo-zo02-elektriline-toukeratas-30km","status":"publish","type":"product","link":"https:\/\/projekt.vombat.ee\/eco\/pood\/elektritoukerattad\/zondoo-zo02-elektriline-toukeratas-30km\/","title":{"rendered":"ZonDoo ZO02 elektriline t\u00f5ukeratas 40km"},"content":{"rendered":"<h1>ZonDoo ZO02 elektriline t\u00f5ukeratas<\/h1>\n<p>Avasta linnaruumi uuel moel ZonDoo ZO02 elektrit\u00f5ukerattaga \u2013 v\u00f5imsa k\u00e4igumootori, pika s\u00f5iduulatuse ja mugava kokkupandava disainiga. Nautige stiilset s\u00f5itu koos erksa valgustuss\u00fcsteemi ja turvalise pidurdamisega. \u00dclim s\u00f5idukogemus on k\u00e4eulatuses!<\/p>\n<p><img fetchpriority=\"high\" decoding=\"async\" class=\"alignnone\" src=\"https:\/\/www.zond-tech.com\/web\/userfiles\/product\/ZO02\/zo02%20(1).jpg\" alt=\"ZonDoo ZO02 elektriline t\u00f5ukeratas\" width=\"1000\" height=\"750\" \/><\/p>\n<p>Integreeritud k\u00e4igumootori disain muudab ZonDoo ZO02 elektrilise t\u00f5ukeratta energiat\u00f5husamaks. 350W k\u00e4igumootorid, millel on 500W mootori j\u00f5udlus, rohkem p\u00f6\u00f6rdemomenti; Integreeritud k\u00e4igumootor, aku halduss\u00fcsteem ja nutikas elektrijuhtimisseade teevad t\u00f5ukeratta energiat\u00f5husamaks.<\/p>\n<p>Duaalne piduris\u00fcsteem on reageeriv ja efektiivne ning tagab ohutu pidurduse ka k\u00f5rgematel kiirustel.<\/p>\n<p><img decoding=\"async\" class=\"alignnone\" src=\"https:\/\/cdn.shopify.com\/s\/files\/1\/0556\/7686\/2595\/t\/6\/assets\/cc871b8a46d04f409ba712d6bbfc097c__cr00300300_pt0_sx300_v1___-1678679688827_500x.jpg?v=1678679690\" alt=\"ZonDoo ZO02\" width=\"499\" height=\"499\" \/><\/p>\n<p>Aku maht on 375Wh koos intelligentse BMS-s\u00fcsteemiga. Maksimaalne s\u00f5iduulatus on kuni 40km peale 5-7 tunnist kiirlaadimist. ZO02 elektriline t\u00f5ukeratas omab \u00fclelaadimise\/madalpinge kaitsemooduleid ja selle aku eluiga on rohkem kui 1500 korda taaskasutatav.<\/p>\n<p><img decoding=\"async\" class=\"alignnone\" src=\"https:\/\/cdn.shopify.com\/s\/files\/1\/0556\/7686\/2595\/t\/6\/assets\/_20230315180806-1678874928716_500x.jpg?v=1678874930\" alt=\"ZonDoo ZO02\" width=\"500\" height=\"500\" \/><\/p>\n<p>ZO02 elektrilise t\u00f5ukeratta kokkupanek toimub kolme sekundiga ja on lukustatav, et tagada ohutu s\u00f5it.<\/p>\n<p><img loading=\"lazy\" decoding=\"async\" class=\"alignnone\" src=\"https:\/\/cdn.shopify.com\/s\/files\/1\/0556\/7686\/2595\/t\/6\/assets\/7fce035fdd484052bae4148ea9d4e7b5__cr00300300_pt0_sx300_v1___-1677039320836_500x.jpg?v=1677039319\" alt=\"ZonDoo ZO02 elektriline t\u00f5ukeratas\" width=\"498\" height=\"498\" \/><\/p>\n<p>LED-ekraan koos kiirendusega. Lihtne ja selge LED-odomeetri ekraan kuvab aku staatust ja ratta t\u00f6\u00f6seisu.<\/p>\n<p><img loading=\"lazy\" decoding=\"async\" class=\"alignnone\" src=\"https:\/\/cdn.shopify.com\/s\/files\/1\/0556\/7686\/2595\/t\/6\/assets\/_20230214172812-1676430937058_500x.png?v=1676430938\" alt=\"ZonDoo ZO02 elektriline t\u00f5ukeratas\" width=\"498\" height=\"498\" \/><\/p>\n<p>Erksad LED-esituled mida on lihtne sisse\/v\u00e4lja l\u00fclitada. Automaatne tagumine ohutuli ja pidurituli mis tagavad ohutu s\u00f5idu.<\/p>\n<p>&nbsp;<\/p>\n<h3>Info<\/h3>\n<ul>\n<li><strong>Br\u00e4nd:<\/strong> ZonDoo<\/li>\n<li><strong>Ratta Suurus:<\/strong> 20 tolli esiratas \/ 16 tolli tagumine ratas (t\u00e4iskummist)<\/li>\n<li><strong>Mootor:<\/strong> 36V\/350W tagumine mootor, k\u00f5rge p\u00f6\u00f6rdemomendiga k\u00e4igumootor<\/li>\n<li><strong>Aku:<\/strong> 36V\/10.4Ah<\/li>\n<li><strong>S\u00f5iduulatus:<\/strong> 40 km, s\u00f5ltuvalt s\u00f5idustiilist<\/li>\n<li><strong>Maksimaalne Kiirus:<\/strong> 30 km\/h<\/li>\n<li><strong>Maksimaalne Kandev\u00f5ime:<\/strong> 150 kg<\/li>\n<li><strong>Kasutusala:<\/strong> Sobib erinevatele maastikele<\/li>\n<li><strong>Kallakuv\u00f5ime:<\/strong> 20\u00b0<\/li>\n<li><strong>Laadimisaeg:<\/strong> 4-6 tundi, s\u00f5ltub aku mahutavusest<\/li>\n<li><strong>Toote Kaal:<\/strong> 23 kg<\/li>\n<li><strong>Toote Suurus:<\/strong> 1550*160*1035mm<\/li>\n<li><strong>Pakendi Suurus:<\/strong> 1450*280*530mm<\/li>\n<li><strong>Laua Materjal:<\/strong> K\u00f5rge intensiivsusega alumiiniumprofiil<\/li>\n<li><strong>Sertifikaadid:<\/strong> CE, ROHS, FCC, UL<\/li>\n<li><strong>V\u00e4rvus:<\/strong> Kollane<\/li>\n<\/ul>\n<p><span style=\"color: #2f2f2f; font-size: 24px; font-weight: 600;\">Pakend sisaldab<\/span><\/p>\n<div class=\"w-full text-token-text-primary\" data-testid=\"conversation-turn-31\">\n<div class=\"px-4 py-2 justify-center text-base md:gap-6 m-auto\">\n<div class=\"flex flex-1 text-base mx-auto gap-3 md:px-5 lg:px-1 xl:px-5 md:max-w-3xl lg:max-w-[40rem] xl:max-w-[48rem] group\">\n<div class=\"relative flex w-full flex-col lg:w-[calc(100%-115px)] agent-turn\">\n<div class=\"flex-col gap-1 md:gap-3\">\n<div class=\"flex flex-grow flex-col max-w-full\">\n<div class=\"min-h-[20px] text-message flex flex-col items-start gap-3 whitespace-pre-wrap break-words [.text-message+&amp;]:mt-5 overflow-x-auto\" data-message-author-role=\"assistant\" data-message-id=\"45d597f8-0339-4330-b46b-2d40587579be\">\n<div class=\"markdown prose w-full break-words dark:prose-invert dark\">\n<ul>\n<li><strong>Elektrit\u00f5ukeratas:<\/strong> 1 tk<\/li>\n<li><strong>Laadija:<\/strong> 1 tk<\/li>\n<li><strong>T\u00f5ukeratta kasutusjuhend<\/strong>: 1 tk<\/li>\n<li><strong>T\u00f6\u00f6riistakomplekt:<\/strong> 1 tk<\/li>\n<\/ul>\n<\/div>\n<\/div>\n<\/div>\n<div class=\"mt-1 flex justify-start gap-3 empty:hidden\"><\/div>\n<\/div>\n<\/div>\n<\/div>\n<\/div>\n<\/div>\n","protected":false},"excerpt":{"rendered":"<p><strong>ZonDoo ZO02 elektriline t\u00f5ukeratas<\/strong><\/p>\n<p>&nbsp;<\/p>\n<ul>\n<li><strong>Br\u00e4nd: ZonDoo<\/strong><\/li>\n<li><strong>Ratta Suurus: 20 tolli esiratas \/ 16 tolli tagumine ratas (t\u00e4iskummist)<\/strong><\/li>\n<li><strong>Aku: 36V\/10.4Ah<\/strong><\/li>\n<li><strong>S\u00f5iduulatus: 40 km<\/strong><\/li>\n<li><strong>Maksimaalne Kiirus: 30 km\/h<\/strong><\/li>\n<li><strong>Maksimaalne Kandev\u00f5ime: 150 kg<\/strong><\/li>\n<li><strong>Laua Materjal: alumiiniumprofiil<\/strong><\/li>\n<li><strong>Laadimisaeg: 4-6 tundi<\/strong><\/li>\n<li><strong>Toote Kaal: 23 kg<\/strong><\/li>\n<li><strong>V\u00e4rvus: Kollane<\/strong><\/li>\n<\/ul>\n<p>&nbsp;<\/p>\n<p><strong>\u2666 Tarneaeg 2-7 p\u00e4eva<\/strong><br \/>\n<strong>\u2666 Laos<\/strong><\/p>\n<p>&nbsp;<\/p>\n","protected":false},"featured_media":13339,"template":"","meta":[],"product_cat":[53],"product_tag":[],"class_list":{"0":"post-13337","1":"product","2":"type-product","3":"status-publish","4":"has-post-thumbnail","6":"product_cat-elektritoukerattad","7":"product_shipping_class-suured-pakid","9":"first","10":"instock","11":"taxable","12":"shipping-taxable","13":"product-type-variable"},"yoast_head":"<!-- This site is optimized with the Yoast SEO plugin v23.8 - https:\/\/yoast.com\/wordpress\/plugins\/seo\/ -->\n<title>ZonDoo ZO02 elektriline t\u00f5ukeratas 40km - Ecocruiser<\/title>\n<meta name=\"description\" content=\"ZonDoo ZO02 elektriline t\u00f5ukeratas on kompaktne, v\u00f5imas, stiilne, ohutu, kiire ja nutikas \u2013 s\u00f5ida edukalt uutele seiklustele!\" \/>\n<meta name=\"robots\" content=\"noindex, follow, max-snippet:-1, max-image-preview:large, max-video-preview:-1\" \/>\n<meta property=\"og:locale\" content=\"en_GB\" \/>\n<meta property=\"og:type\" content=\"article\" \/>\n<meta property=\"og:title\" content=\"ZonDoo ZO02 elektriline t\u00f5ukeratas 40km - Ecocruiser\" \/>\n<meta property=\"og:description\" content=\"ZonDoo ZO02 elektriline t\u00f5ukeratas on kompaktne, v\u00f5imas, stiilne, ohutu, kiire ja nutikas \u2013 s\u00f5ida edukalt uutele seiklustele!\" \/>\n<meta property=\"og:url\" content=\"https:\/\/projekt.vombat.ee\/eco\/pood\/elektritoukerattad\/zondoo-zo02-elektriline-toukeratas-30km\/\" \/>\n<meta property=\"og:site_name\" content=\"Ecocruiser\" \/>\n<meta property=\"article:modified_time\" content=\"2024-02-15T05:41:47+00:00\" \/>\n<meta property=\"og:image\" content=\"https:\/\/projekt.vombat.ee\/eco\/wp-content\/uploads\/2024\/01\/1-7.webp\" \/>\n\t<meta property=\"og:image:width\" content=\"1000\" \/>\n\t<meta property=\"og:image:height\" content=\"1000\" \/>\n\t<meta property=\"og:image:type\" content=\"image\/webp\" \/>\n<meta name=\"twitter:card\" content=\"summary_large_image\" \/>\n<meta name=\"twitter:label1\" content=\"Estimated reading time\" \/>\n\t<meta name=\"twitter:data1\" content=\"3 minutes\" \/>\n<script type=\"application\/ld+json\" class=\"yoast-schema-graph\">{\"@context\":\"https:\/\/schema.org\",\"@graph\":[{\"@type\":\"WebPage\",\"@id\":\"https:\/\/projekt.vombat.ee\/eco\/pood\/elektritoukerattad\/zondoo-zo02-elektriline-toukeratas-30km\/\",\"url\":\"https:\/\/projekt.vombat.ee\/eco\/pood\/elektritoukerattad\/zondoo-zo02-elektriline-toukeratas-30km\/\",\"name\":\"ZonDoo ZO02 elektriline t\u00f5ukeratas 40km - Ecocruiser\",\"isPartOf\":{\"@id\":\"https:\/\/projekt.vombat.ee\/eco\/#website\"},\"primaryImageOfPage\":{\"@id\":\"https:\/\/projekt.vombat.ee\/eco\/pood\/elektritoukerattad\/zondoo-zo02-elektriline-toukeratas-30km\/#primaryimage\"},\"image\":{\"@id\":\"https:\/\/projekt.vombat.ee\/eco\/pood\/elektritoukerattad\/zondoo-zo02-elektriline-toukeratas-30km\/#primaryimage\"},\"thumbnailUrl\":\"https:\/\/projekt.vombat.ee\/eco\/wp-content\/uploads\/2024\/01\/1-7.webp\",\"datePublished\":\"2024-01-29T06:24:36+00:00\",\"dateModified\":\"2024-02-15T05:41:47+00:00\",\"description\":\"ZonDoo ZO02 elektriline t\u00f5ukeratas on kompaktne, v\u00f5imas, stiilne, ohutu, kiire ja nutikas \u2013 s\u00f5ida edukalt uutele seiklustele!\",\"breadcrumb\":{\"@id\":\"https:\/\/projekt.vombat.ee\/eco\/pood\/elektritoukerattad\/zondoo-zo02-elektriline-toukeratas-30km\/#breadcrumb\"},\"inLanguage\":\"en-GB\",\"potentialAction\":[{\"@type\":\"ReadAction\",\"target\":[\"https:\/\/projekt.vombat.ee\/eco\/pood\/elektritoukerattad\/zondoo-zo02-elektriline-toukeratas-30km\/\"]}]},{\"@type\":\"ImageObject\",\"inLanguage\":\"en-GB\",\"@id\":\"https:\/\/projekt.vombat.ee\/eco\/pood\/elektritoukerattad\/zondoo-zo02-elektriline-toukeratas-30km\/#primaryimage\",\"url\":\"https:\/\/projekt.vombat.ee\/eco\/wp-content\/uploads\/2024\/01\/1-7.webp\",\"contentUrl\":\"https:\/\/projekt.vombat.ee\/eco\/wp-content\/uploads\/2024\/01\/1-7.webp\",\"width\":1000,\"height\":1000,\"caption\":\"ZonDoo ZO02 elektriline t\u00f5ukeratas\"},{\"@type\":\"BreadcrumbList\",\"@id\":\"https:\/\/projekt.vombat.ee\/eco\/pood\/elektritoukerattad\/zondoo-zo02-elektriline-toukeratas-30km\/#breadcrumb\",\"itemListElement\":[{\"@type\":\"ListItem\",\"position\":1,\"name\":\"Home\",\"item\":\"https:\/\/projekt.vombat.ee\/eco\/\"},{\"@type\":\"ListItem\",\"position\":2,\"name\":\"Pood\",\"item\":\"https:\/\/projekt.vombat.ee\/eco\/pood\/\"},{\"@type\":\"ListItem\",\"position\":3,\"name\":\"ZonDoo ZO02 elektriline t\u00f5ukeratas 40km\"}]},{\"@type\":\"WebSite\",\"@id\":\"https:\/\/projekt.vombat.ee\/eco\/#website\",\"url\":\"https:\/\/projekt.vombat.ee\/eco\/\",\"name\":\"Ecocruiser\",\"description\":\"\",\"publisher\":{\"@id\":\"https:\/\/projekt.vombat.ee\/eco\/#organization\"},\"potentialAction\":[{\"@type\":\"SearchAction\",\"target\":{\"@type\":\"EntryPoint\",\"urlTemplate\":\"https:\/\/projekt.vombat.ee\/eco\/?s={search_term_string}\"},\"query-input\":{\"@type\":\"PropertyValueSpecification\",\"valueRequired\":true,\"valueName\":\"search_term_string\"}}],\"inLanguage\":\"en-GB\"},{\"@type\":\"Organization\",\"@id\":\"https:\/\/projekt.vombat.ee\/eco\/#organization\",\"name\":\"Ecocruiser\",\"url\":\"https:\/\/projekt.vombat.ee\/eco\/\",\"logo\":{\"@type\":\"ImageObject\",\"inLanguage\":\"en-GB\",\"@id\":\"https:\/\/projekt.vombat.ee\/eco\/#\/schema\/logo\/image\/\",\"url\":\"https:\/\/projekt.vombat.ee\/eco\/wp-content\/uploads\/2023\/03\/ECOCRUISER_5.png\",\"contentUrl\":\"https:\/\/projekt.vombat.ee\/eco\/wp-content\/uploads\/2023\/03\/ECOCRUISER_5.png\",\"width\":234,\"height\":91,\"caption\":\"Ecocruiser\"},\"image\":{\"@id\":\"https:\/\/projekt.vombat.ee\/eco\/#\/schema\/logo\/image\/\"}}]}<\/script>\n<!-- \/ Yoast SEO plugin. -->","yoast_head_json":{"title":"ZonDoo ZO02 elektriline t\u00f5ukeratas 40km - Ecocruiser","description":"ZonDoo ZO02 elektriline t\u00f5ukeratas on kompaktne, v\u00f5imas, stiilne, ohutu, kiire ja nutikas \u2013 s\u00f5ida edukalt uutele seiklustele!","robots":{"index":"noindex","follow":"follow","max-snippet":"max-snippet:-1","max-image-preview":"max-image-preview:large","max-video-preview":"max-video-preview:-1"},"og_locale":"en_GB","og_type":"article","og_title":"ZonDoo ZO02 elektriline t\u00f5ukeratas 40km - Ecocruiser","og_description":"ZonDoo ZO02 elektriline t\u00f5ukeratas on kompaktne, v\u00f5imas, stiilne, ohutu, kiire ja nutikas \u2013 s\u00f5ida edukalt uutele seiklustele!","og_url":"https:\/\/projekt.vombat.ee\/eco\/pood\/elektritoukerattad\/zondoo-zo02-elektriline-toukeratas-30km\/","og_site_name":"Ecocruiser","article_modified_time":"2024-02-15T05:41:47+00:00","og_image":[{"width":1000,"height":1000,"url":"https:\/\/projekt.vombat.ee\/eco\/wp-content\/uploads\/2024\/01\/1-7.webp","type":"image\/webp"}],"twitter_card":"summary_large_image","twitter_misc":{"Estimated reading time":"3 minutes"},"schema":{"@context":"https:\/\/schema.org","@graph":[{"@type":"WebPage","@id":"https:\/\/projekt.vombat.ee\/eco\/pood\/elektritoukerattad\/zondoo-zo02-elektriline-toukeratas-30km\/","url":"https:\/\/projekt.vombat.ee\/eco\/pood\/elektritoukerattad\/zondoo-zo02-elektriline-toukeratas-30km\/","name":"ZonDoo ZO02 elektriline t\u00f5ukeratas 40km - Ecocruiser","isPartOf":{"@id":"https:\/\/projekt.vombat.ee\/eco\/#website"},"primaryImageOfPage":{"@id":"https:\/\/projekt.vombat.ee\/eco\/pood\/elektritoukerattad\/zondoo-zo02-elektriline-toukeratas-30km\/#primaryimage"},"image":{"@id":"https:\/\/projekt.vombat.ee\/eco\/pood\/elektritoukerattad\/zondoo-zo02-elektriline-toukeratas-30km\/#primaryimage"},"thumbnailUrl":"https:\/\/projekt.vombat.ee\/eco\/wp-content\/uploads\/2024\/01\/1-7.webp","datePublished":"2024-01-29T06:24:36+00:00","dateModified":"2024-02-15T05:41:47+00:00","description":"ZonDoo ZO02 elektriline t\u00f5ukeratas on kompaktne, v\u00f5imas, stiilne, ohutu, kiire ja nutikas \u2013 s\u00f5ida edukalt uutele seiklustele!","breadcrumb":{"@id":"https:\/\/projekt.vombat.ee\/eco\/pood\/elektritoukerattad\/zondoo-zo02-elektriline-toukeratas-30km\/#breadcrumb"},"inLanguage":"en-GB","potentialAction":[{"@type":"ReadAction","target":["https:\/\/projekt.vombat.ee\/eco\/pood\/elektritoukerattad\/zondoo-zo02-elektriline-toukeratas-30km\/"]}]},{"@type":"ImageObject","inLanguage":"en-GB","@id":"https:\/\/projekt.vombat.ee\/eco\/pood\/elektritoukerattad\/zondoo-zo02-elektriline-toukeratas-30km\/#primaryimage","url":"https:\/\/projekt.vombat.ee\/eco\/wp-content\/uploads\/2024\/01\/1-7.webp","contentUrl":"https:\/\/projekt.vombat.ee\/eco\/wp-content\/uploads\/2024\/01\/1-7.webp","width":1000,"height":1000,"caption":"ZonDoo ZO02 elektriline t\u00f5ukeratas"},{"@type":"BreadcrumbList","@id":"https:\/\/projekt.vombat.ee\/eco\/pood\/elektritoukerattad\/zondoo-zo02-elektriline-toukeratas-30km\/#breadcrumb","itemListElement":[{"@type":"ListItem","position":1,"name":"Home","item":"https:\/\/projekt.vombat.ee\/eco\/"},{"@type":"ListItem","position":2,"name":"Pood","item":"https:\/\/projekt.vombat.ee\/eco\/pood\/"},{"@type":"ListItem","position":3,"name":"ZonDoo ZO02 elektriline t\u00f5ukeratas 40km"}]},{"@type":"WebSite","@id":"https:\/\/projekt.vombat.ee\/eco\/#website","url":"https:\/\/projekt.vombat.ee\/eco\/","name":"Ecocruiser","description":"","publisher":{"@id":"https:\/\/projekt.vombat.ee\/eco\/#organization"},"potentialAction":[{"@type":"SearchAction","target":{"@type":"EntryPoint","urlTemplate":"https:\/\/projekt.vombat.ee\/eco\/?s={search_term_string}"},"query-input":{"@type":"PropertyValueSpecification","valueRequired":true,"valueName":"search_term_string"}}],"inLanguage":"en-GB"},{"@type":"Organization","@id":"https:\/\/projekt.vombat.ee\/eco\/#organization","name":"Ecocruiser","url":"https:\/\/projekt.vombat.ee\/eco\/","logo":{"@type":"ImageObject","inLanguage":"en-GB","@id":"https:\/\/projekt.vombat.ee\/eco\/#\/schema\/logo\/image\/","url":"https:\/\/projekt.vombat.ee\/eco\/wp-content\/uploads\/2023\/03\/ECOCRUISER_5.png","contentUrl":"https:\/\/projekt.vombat.ee\/eco\/wp-content\/uploads\/2023\/03\/ECOCRUISER_5.png","width":234,"height":91,"caption":"Ecocruiser"},"image":{"@id":"https:\/\/projekt.vombat.ee\/eco\/#\/schema\/logo\/image\/"}}]}},"lang":"et","translations":{"et":13337},"pll_sync_post":[],"_links":{"self":[{"href":"https:\/\/projekt.vombat.ee\/eco\/wp-json\/wp\/v2\/product\/13337"}],"collection":[{"href":"https:\/\/projekt.vombat.ee\/eco\/wp-json\/wp\/v2\/product"}],"about":[{"href":"https:\/\/projekt.vombat.ee\/eco\/wp-json\/wp\/v2\/types\/product"}],"version-history":[{"count":5,"href":"https:\/\/projekt.vombat.ee\/eco\/wp-json\/wp\/v2\/product\/13337\/revisions"}],"predecessor-version":[{"id":13575,"href":"https:\/\/projekt.vombat.ee\/eco\/wp-json\/wp\/v2\/product\/13337\/revisions\/13575"}],"wp:featuredmedia":[{"embeddable":true,"href":"https:\/\/projekt.vombat.ee\/eco\/wp-json\/wp\/v2\/media\/13339"}],"wp:attachment":[{"href":"https:\/\/projekt.vombat.ee\/eco\/wp-json\/wp\/v2\/media?parent=13337"}],"wp:term":[{"taxonomy":"product_cat","embeddable":true,"href":"https:\/\/projekt.vombat.ee\/eco\/wp-json\/wp\/v2\/product_cat?post=13337"},{"taxonomy":"product_tag","embeddable":true,"href":"https:\/\/projekt.vombat.ee\/eco\/wp-json\/wp\/v2\/product_tag?post=13337"}],"curies":[{"name":"wp","href":"https:\/\/api.w.org\/{rel}","templated":true}]}}