{"id":13325,"date":"2024-01-29T06:21:01","date_gmt":"2024-01-29T06:21:01","guid":{"rendered":"https:\/\/projekt.vombat.ee\/eco\/?post_type=product&#038;p=13325"},"modified":"2024-01-29T06:23:12","modified_gmt":"2024-01-29T06:23:12","slug":"zondoo-zu04-pro-elektriline-toukeratas-90km","status":"publish","type":"product","link":"https:\/\/projekt.vombat.ee\/eco\/pood\/elektritoukerattad\/zondoo-zu04-pro-elektriline-toukeratas-90km\/","title":{"rendered":"ZonDoo ZU04 PRO elektriline t\u00f5ukeratas 90km"},"content":{"rendered":"<h1>ZonDoo ZU04 PRO elektriline t\u00f5ukeratas<\/h1>\n<p><img fetchpriority=\"high\" decoding=\"async\" class=\"alignnone\" src=\"https:\/\/www.zondoomobility.com\/cdn\/shop\/products\/ZU04PROEscooter15.jpg?v=1679907193\" alt=\"ZonDoo ZU04 PRO elektriline t\u00f5ukeratas \" width=\"664\" height=\"664\" \/><\/p>\n<div class=\"w-full text-token-text-primary\" data-testid=\"conversation-turn-25\">\n<div class=\"px-4 py-2 justify-center text-base md:gap-6 m-auto\">\n<div class=\"flex flex-1 text-base mx-auto gap-3 md:px-5 lg:px-1 xl:px-5 md:max-w-3xl lg:max-w-[40rem] xl:max-w-[48rem] group\">\n<div class=\"relative flex w-full flex-col lg:w-[calc(100%-115px)] agent-turn\">\n<div class=\"flex-col gap-1 md:gap-3\">\n<div class=\"flex flex-grow flex-col max-w-full\">\n<div class=\"min-h-[20px] text-message flex flex-col items-start gap-3 whitespace-pre-wrap break-words [.text-message+&amp;]:mt-5 overflow-x-auto\" data-message-author-role=\"assistant\" data-message-id=\"f6afdaa0-fb16-4855-aa47-613b7c2468c5\">\n<div class=\"markdown prose w-full break-words dark:prose-invert dark\">\n<p>ZonDoo ZU04 PRO on Sinu ideaalne kaaslane, mis \u00fchendab endas stiili, j\u00f5udluse ja mugavuse. Selle 2400W topeltmootor ja kuni 75 km\/h kiirus tagavad erakordse s\u00f5idukogemuse, olgu see siis kiire linnas\u00f5it v\u00f5i seikluslik maastikus\u00f5it. 90 km ulatus garanteerib, et oled valmis pikemateks teekondadeks ja selle kokkupandav disain teeb t\u00f5ukeratta hoiustamise ja transportimise lihtsaks.<\/p>\n<\/div>\n<\/div>\n<\/div>\n<\/div>\n<\/div>\n<\/div>\n<\/div>\n<\/div>\n<h3>Info<\/h3>\n<ul>\n<li><strong>Mootori v\u00f5imsus<\/strong>: 2400W, kaks v\u00f5imsat 1200W mootorit tagavad t\u00f5husa s\u00f5idu, v\u00f5imaldades sujuvat liikumist erinevatel maastikel.<\/li>\n<li><strong>Rattad<\/strong>: 10 tollised universaalsed rehvid sobivad nii maastiku- kui maantees\u00f5iduks, pakkudes stabiilset ja kindlat haaret.<\/li>\n<li><strong>Aku<\/strong>: 52V 28.8Ah kvaliteetne 21700 liitiumaku tagab pika s\u00f5iduulatuse ja usaldusv\u00e4\u00e4rse j\u00f5udluse.<\/li>\n<li><strong>Laadimisaeg:<\/strong> 6-8 tundi.<\/li>\n<li><strong>Maksimaalne kiirus<\/strong>: 65-75 km\/h, kolm k\u00e4iku v\u00f5imaldavad kiiruse piiramist, sobides erinevatele s\u00f5idustiilidele ja vajadustele.<\/li>\n<li><strong>S\u00f5iduulatus:<\/strong> 80-90 km, v\u00f5imaldab l\u00e4bida pikki vahemaid ilma sagedase laadimiseta.<\/li>\n<li><strong>Hea vedrustus<\/strong>: Pakub mugavat ja sujuvat s\u00f5itu, v\u00e4hendades teekonaruste m\u00f5ju.<\/li>\n<li><strong>Pidurid<\/strong>: H\u00fcdraulilised pidurid (ees ja taga) tagavad t\u00f5husa ja usaldusv\u00e4\u00e4rse pidurdamise ka suurtel kiirustel.<\/li>\n<li><strong>Valgustus<\/strong>: Esituli, k\u00fcljetuled, suunatuled, tagatuli tagavad\u00a0hea n\u00e4htavuse ja ohutuse nii p\u00e4eval kui \u00f6\u00f6sel.<\/li>\n<li><strong>Kokkupandav k\u00e4epide<\/strong>: Muudab transpordi ja hoiustamise mugavamaks ja ruumis\u00e4\u00e4stlikumaks.<\/li>\n<li><strong>Alumiiniumsulamist raam<\/strong>: Tagab tugevuse ja kerguse, muutes t\u00f5ukeratta vastupidavaks ja kergesti transporditavaks.<\/li>\n<li><strong>Kaal:<\/strong> 36.7KG.<\/li>\n<li><span style=\"font-size: inherit;\"><strong>Pakendis: <\/strong><\/span><span style=\"font-size: inherit;\">Elektrit\u00f5ukeratas, kaks v\u00f5tit, kaks laadijat, kasutusjuhend, t\u00f6\u00f6riistade komplekt, iste (valikuline lisavarustus).<\/span>\n<div class=\"react-scroll-to-bottom--css-jhcyi-79elbk h-full\">\n<div class=\"react-scroll-to-bottom--css-jhcyi-1n7m0yu\">\n<div class=\"flex flex-col pb-9 text-sm\">\n<div class=\"w-full text-token-text-primary\" data-testid=\"conversation-turn-29\">\n<div class=\"px-4 py-2 justify-center text-base md:gap-6 m-auto\">\n<div class=\"flex flex-1 text-base mx-auto gap-3 md:px-5 lg:px-1 xl:px-5 md:max-w-3xl lg:max-w-[40rem] xl:max-w-[48rem] group final-completion\">\n<div class=\"relative flex w-full flex-col lg:w-[calc(100%-115px)] agent-turn\">\n<div class=\"flex-col gap-1 md:gap-3\">\n<div class=\"mt-1 flex justify-start gap-3 empty:hidden\"><\/div>\n<\/div>\n<\/div>\n<\/div>\n<\/div>\n<\/div>\n<\/div>\n<\/div>\n<\/div>\n<\/li>\n<\/ul>\n","protected":false},"excerpt":{"rendered":"<p><strong>ZonDoo ZU04 PRO elektriline t\u00f5ukeratas<\/strong><\/p>\n<p>&nbsp;<\/p>\n<ul>\n<li><strong>10-tollised universaalsed rattad.<\/strong><\/li>\n<li><strong>52V 28.8Ah kvaliteetne liitiumaku.<\/strong><\/li>\n<li><strong>Maksimaalne kiirus 65-75 km\/h.<\/strong><\/li>\n<li><strong>S\u00f5iduulatus 80-90 km.<\/strong><\/li>\n<li><strong>T\u00f5hus vedrustus.<\/strong><\/li>\n<li><strong>H\u00fcdraulilised pidurid ees ja taga.<\/strong><\/li>\n<li><strong>Mitmek\u00fclgne valgustus.<\/strong><\/li>\n<li><strong>Kokkupandav k\u00e4epide.<\/strong><\/li>\n<li><strong>Alumiiniumsulamist raam.<\/strong><\/li>\n<\/ul>\n<p>&nbsp;<\/p>\n<p><strong>\u2666 Tarneaeg 2-7 p\u00e4eva<\/strong><br \/>\n<strong>\u2666 Laos<\/strong><\/p>\n<p>&nbsp;<\/p>\n","protected":false},"featured_media":13326,"template":"","meta":[],"product_cat":[53],"product_tag":[],"class_list":{"0":"post-13325","1":"product","2":"type-product","3":"status-publish","4":"has-post-thumbnail","6":"product_cat-elektritoukerattad","7":"product_shipping_class-suured-pakid","9":"first","10":"instock","11":"sale","12":"taxable","13":"shipping-taxable","14":"purchasable","15":"product-type-simple"},"yoast_head":"<!-- This site is optimized with the Yoast SEO plugin v23.8 - https:\/\/yoast.com\/wordpress\/plugins\/seo\/ -->\n<title>ZonDoo ZU04 PRO elektriline t\u00f5ukeratas 90km - Ecocruiser<\/title>\n<meta name=\"description\" content=\"ZonDoo ZU04 PRO elektriline t\u00f5ukeratas: 75 km\/h kiirust, 90km ulatus, 10-tollised rattad ja h\u00fcdraulilised pidurid. Ideaalne nii linnas kui maastikul.\" \/>\n<meta name=\"robots\" content=\"noindex, follow, max-snippet:-1, max-image-preview:large, max-video-preview:-1\" \/>\n<meta property=\"og:locale\" content=\"en_GB\" \/>\n<meta property=\"og:type\" content=\"article\" \/>\n<meta property=\"og:title\" content=\"ZonDoo ZU04 PRO elektriline t\u00f5ukeratas 90km - Ecocruiser\" \/>\n<meta property=\"og:description\" content=\"ZonDoo ZU04 PRO elektriline t\u00f5ukeratas: 75 km\/h kiirust, 90km ulatus, 10-tollised rattad ja h\u00fcdraulilised pidurid. Ideaalne nii linnas kui maastikul.\" \/>\n<meta property=\"og:url\" content=\"https:\/\/projekt.vombat.ee\/eco\/pood\/elektritoukerattad\/zondoo-zu04-pro-elektriline-toukeratas-90km\/\" \/>\n<meta property=\"og:site_name\" content=\"Ecocruiser\" \/>\n<meta property=\"article:modified_time\" content=\"2024-01-29T06:23:12+00:00\" \/>\n<meta property=\"og:image\" content=\"https:\/\/projekt.vombat.ee\/eco\/wp-content\/uploads\/2024\/01\/1-6.webp\" \/>\n\t<meta property=\"og:image:width\" content=\"1600\" \/>\n\t<meta property=\"og:image:height\" content=\"1600\" \/>\n\t<meta property=\"og:image:type\" content=\"image\/webp\" \/>\n<meta name=\"twitter:card\" content=\"summary_large_image\" \/>\n<meta name=\"twitter:label1\" content=\"Estimated reading time\" \/>\n\t<meta name=\"twitter:data1\" content=\"2 minutes\" \/>\n<script type=\"application\/ld+json\" class=\"yoast-schema-graph\">{\"@context\":\"https:\/\/schema.org\",\"@graph\":[{\"@type\":\"WebPage\",\"@id\":\"https:\/\/projekt.vombat.ee\/eco\/pood\/elektritoukerattad\/zondoo-zu04-pro-elektriline-toukeratas-90km\/\",\"url\":\"https:\/\/projekt.vombat.ee\/eco\/pood\/elektritoukerattad\/zondoo-zu04-pro-elektriline-toukeratas-90km\/\",\"name\":\"ZonDoo ZU04 PRO elektriline t\u00f5ukeratas 90km - Ecocruiser\",\"isPartOf\":{\"@id\":\"https:\/\/projekt.vombat.ee\/eco\/#website\"},\"primaryImageOfPage\":{\"@id\":\"https:\/\/projekt.vombat.ee\/eco\/pood\/elektritoukerattad\/zondoo-zu04-pro-elektriline-toukeratas-90km\/#primaryimage\"},\"image\":{\"@id\":\"https:\/\/projekt.vombat.ee\/eco\/pood\/elektritoukerattad\/zondoo-zu04-pro-elektriline-toukeratas-90km\/#primaryimage\"},\"thumbnailUrl\":\"https:\/\/projekt.vombat.ee\/eco\/wp-content\/uploads\/2024\/01\/1-6.webp\",\"datePublished\":\"2024-01-29T06:21:01+00:00\",\"dateModified\":\"2024-01-29T06:23:12+00:00\",\"description\":\"ZonDoo ZU04 PRO elektriline t\u00f5ukeratas: 75 km\/h kiirust, 90km ulatus, 10-tollised rattad ja h\u00fcdraulilised pidurid. Ideaalne nii linnas kui maastikul.\",\"breadcrumb\":{\"@id\":\"https:\/\/projekt.vombat.ee\/eco\/pood\/elektritoukerattad\/zondoo-zu04-pro-elektriline-toukeratas-90km\/#breadcrumb\"},\"inLanguage\":\"en-GB\",\"potentialAction\":[{\"@type\":\"ReadAction\",\"target\":[\"https:\/\/projekt.vombat.ee\/eco\/pood\/elektritoukerattad\/zondoo-zu04-pro-elektriline-toukeratas-90km\/\"]}]},{\"@type\":\"ImageObject\",\"inLanguage\":\"en-GB\",\"@id\":\"https:\/\/projekt.vombat.ee\/eco\/pood\/elektritoukerattad\/zondoo-zu04-pro-elektriline-toukeratas-90km\/#primaryimage\",\"url\":\"https:\/\/projekt.vombat.ee\/eco\/wp-content\/uploads\/2024\/01\/1-6.webp\",\"contentUrl\":\"https:\/\/projekt.vombat.ee\/eco\/wp-content\/uploads\/2024\/01\/1-6.webp\",\"width\":1600,\"height\":1600,\"caption\":\"ZonDoo ZU04 PRO elektriline t\u00f5ukeratas\"},{\"@type\":\"BreadcrumbList\",\"@id\":\"https:\/\/projekt.vombat.ee\/eco\/pood\/elektritoukerattad\/zondoo-zu04-pro-elektriline-toukeratas-90km\/#breadcrumb\",\"itemListElement\":[{\"@type\":\"ListItem\",\"position\":1,\"name\":\"Home\",\"item\":\"https:\/\/projekt.vombat.ee\/eco\/\"},{\"@type\":\"ListItem\",\"position\":2,\"name\":\"Pood\",\"item\":\"https:\/\/projekt.vombat.ee\/eco\/pood\/\"},{\"@type\":\"ListItem\",\"position\":3,\"name\":\"ZonDoo ZU04 PRO elektriline t\u00f5ukeratas 90km\"}]},{\"@type\":\"WebSite\",\"@id\":\"https:\/\/projekt.vombat.ee\/eco\/#website\",\"url\":\"https:\/\/projekt.vombat.ee\/eco\/\",\"name\":\"Ecocruiser\",\"description\":\"\",\"publisher\":{\"@id\":\"https:\/\/projekt.vombat.ee\/eco\/#organization\"},\"potentialAction\":[{\"@type\":\"SearchAction\",\"target\":{\"@type\":\"EntryPoint\",\"urlTemplate\":\"https:\/\/projekt.vombat.ee\/eco\/?s={search_term_string}\"},\"query-input\":{\"@type\":\"PropertyValueSpecification\",\"valueRequired\":true,\"valueName\":\"search_term_string\"}}],\"inLanguage\":\"en-GB\"},{\"@type\":\"Organization\",\"@id\":\"https:\/\/projekt.vombat.ee\/eco\/#organization\",\"name\":\"Ecocruiser\",\"url\":\"https:\/\/projekt.vombat.ee\/eco\/\",\"logo\":{\"@type\":\"ImageObject\",\"inLanguage\":\"en-GB\",\"@id\":\"https:\/\/projekt.vombat.ee\/eco\/#\/schema\/logo\/image\/\",\"url\":\"https:\/\/projekt.vombat.ee\/eco\/wp-content\/uploads\/2023\/03\/ECOCRUISER_5.png\",\"contentUrl\":\"https:\/\/projekt.vombat.ee\/eco\/wp-content\/uploads\/2023\/03\/ECOCRUISER_5.png\",\"width\":234,\"height\":91,\"caption\":\"Ecocruiser\"},\"image\":{\"@id\":\"https:\/\/projekt.vombat.ee\/eco\/#\/schema\/logo\/image\/\"}}]}<\/script>\n<!-- \/ Yoast SEO plugin. -->","yoast_head_json":{"title":"ZonDoo ZU04 PRO elektriline t\u00f5ukeratas 90km - Ecocruiser","description":"ZonDoo ZU04 PRO elektriline t\u00f5ukeratas: 75 km\/h kiirust, 90km ulatus, 10-tollised rattad ja h\u00fcdraulilised pidurid. Ideaalne nii linnas kui maastikul.","robots":{"index":"noindex","follow":"follow","max-snippet":"max-snippet:-1","max-image-preview":"max-image-preview:large","max-video-preview":"max-video-preview:-1"},"og_locale":"en_GB","og_type":"article","og_title":"ZonDoo ZU04 PRO elektriline t\u00f5ukeratas 90km - Ecocruiser","og_description":"ZonDoo ZU04 PRO elektriline t\u00f5ukeratas: 75 km\/h kiirust, 90km ulatus, 10-tollised rattad ja h\u00fcdraulilised pidurid. Ideaalne nii linnas kui maastikul.","og_url":"https:\/\/projekt.vombat.ee\/eco\/pood\/elektritoukerattad\/zondoo-zu04-pro-elektriline-toukeratas-90km\/","og_site_name":"Ecocruiser","article_modified_time":"2024-01-29T06:23:12+00:00","og_image":[{"width":1600,"height":1600,"url":"https:\/\/projekt.vombat.ee\/eco\/wp-content\/uploads\/2024\/01\/1-6.webp","type":"image\/webp"}],"twitter_card":"summary_large_image","twitter_misc":{"Estimated reading time":"2 minutes"},"schema":{"@context":"https:\/\/schema.org","@graph":[{"@type":"WebPage","@id":"https:\/\/projekt.vombat.ee\/eco\/pood\/elektritoukerattad\/zondoo-zu04-pro-elektriline-toukeratas-90km\/","url":"https:\/\/projekt.vombat.ee\/eco\/pood\/elektritoukerattad\/zondoo-zu04-pro-elektriline-toukeratas-90km\/","name":"ZonDoo ZU04 PRO elektriline t\u00f5ukeratas 90km - Ecocruiser","isPartOf":{"@id":"https:\/\/projekt.vombat.ee\/eco\/#website"},"primaryImageOfPage":{"@id":"https:\/\/projekt.vombat.ee\/eco\/pood\/elektritoukerattad\/zondoo-zu04-pro-elektriline-toukeratas-90km\/#primaryimage"},"image":{"@id":"https:\/\/projekt.vombat.ee\/eco\/pood\/elektritoukerattad\/zondoo-zu04-pro-elektriline-toukeratas-90km\/#primaryimage"},"thumbnailUrl":"https:\/\/projekt.vombat.ee\/eco\/wp-content\/uploads\/2024\/01\/1-6.webp","datePublished":"2024-01-29T06:21:01+00:00","dateModified":"2024-01-29T06:23:12+00:00","description":"ZonDoo ZU04 PRO elektriline t\u00f5ukeratas: 75 km\/h kiirust, 90km ulatus, 10-tollised rattad ja h\u00fcdraulilised pidurid. Ideaalne nii linnas kui maastikul.","breadcrumb":{"@id":"https:\/\/projekt.vombat.ee\/eco\/pood\/elektritoukerattad\/zondoo-zu04-pro-elektriline-toukeratas-90km\/#breadcrumb"},"inLanguage":"en-GB","potentialAction":[{"@type":"ReadAction","target":["https:\/\/projekt.vombat.ee\/eco\/pood\/elektritoukerattad\/zondoo-zu04-pro-elektriline-toukeratas-90km\/"]}]},{"@type":"ImageObject","inLanguage":"en-GB","@id":"https:\/\/projekt.vombat.ee\/eco\/pood\/elektritoukerattad\/zondoo-zu04-pro-elektriline-toukeratas-90km\/#primaryimage","url":"https:\/\/projekt.vombat.ee\/eco\/wp-content\/uploads\/2024\/01\/1-6.webp","contentUrl":"https:\/\/projekt.vombat.ee\/eco\/wp-content\/uploads\/2024\/01\/1-6.webp","width":1600,"height":1600,"caption":"ZonDoo ZU04 PRO elektriline t\u00f5ukeratas"},{"@type":"BreadcrumbList","@id":"https:\/\/projekt.vombat.ee\/eco\/pood\/elektritoukerattad\/zondoo-zu04-pro-elektriline-toukeratas-90km\/#breadcrumb","itemListElement":[{"@type":"ListItem","position":1,"name":"Home","item":"https:\/\/projekt.vombat.ee\/eco\/"},{"@type":"ListItem","position":2,"name":"Pood","item":"https:\/\/projekt.vombat.ee\/eco\/pood\/"},{"@type":"ListItem","position":3,"name":"ZonDoo ZU04 PRO elektriline t\u00f5ukeratas 90km"}]},{"@type":"WebSite","@id":"https:\/\/projekt.vombat.ee\/eco\/#website","url":"https:\/\/projekt.vombat.ee\/eco\/","name":"Ecocruiser","description":"","publisher":{"@id":"https:\/\/projekt.vombat.ee\/eco\/#organization"},"potentialAction":[{"@type":"SearchAction","target":{"@type":"EntryPoint","urlTemplate":"https:\/\/projekt.vombat.ee\/eco\/?s={search_term_string}"},"query-input":{"@type":"PropertyValueSpecification","valueRequired":true,"valueName":"search_term_string"}}],"inLanguage":"en-GB"},{"@type":"Organization","@id":"https:\/\/projekt.vombat.ee\/eco\/#organization","name":"Ecocruiser","url":"https:\/\/projekt.vombat.ee\/eco\/","logo":{"@type":"ImageObject","inLanguage":"en-GB","@id":"https:\/\/projekt.vombat.ee\/eco\/#\/schema\/logo\/image\/","url":"https:\/\/projekt.vombat.ee\/eco\/wp-content\/uploads\/2023\/03\/ECOCRUISER_5.png","contentUrl":"https:\/\/projekt.vombat.ee\/eco\/wp-content\/uploads\/2023\/03\/ECOCRUISER_5.png","width":234,"height":91,"caption":"Ecocruiser"},"image":{"@id":"https:\/\/projekt.vombat.ee\/eco\/#\/schema\/logo\/image\/"}}]}},"lang":"et","translations":{"et":13325},"pll_sync_post":[],"_links":{"self":[{"href":"https:\/\/projekt.vombat.ee\/eco\/wp-json\/wp\/v2\/product\/13325"}],"collection":[{"href":"https:\/\/projekt.vombat.ee\/eco\/wp-json\/wp\/v2\/product"}],"about":[{"href":"https:\/\/projekt.vombat.ee\/eco\/wp-json\/wp\/v2\/types\/product"}],"version-history":[{"count":4,"href":"https:\/\/projekt.vombat.ee\/eco\/wp-json\/wp\/v2\/product\/13325\/revisions"}],"predecessor-version":[{"id":13338,"href":"https:\/\/projekt.vombat.ee\/eco\/wp-json\/wp\/v2\/product\/13325\/revisions\/13338"}],"wp:featuredmedia":[{"embeddable":true,"href":"https:\/\/projekt.vombat.ee\/eco\/wp-json\/wp\/v2\/media\/13326"}],"wp:attachment":[{"href":"https:\/\/projekt.vombat.ee\/eco\/wp-json\/wp\/v2\/media?parent=13325"}],"wp:term":[{"taxonomy":"product_cat","embeddable":true,"href":"https:\/\/projekt.vombat.ee\/eco\/wp-json\/wp\/v2\/product_cat?post=13325"},{"taxonomy":"product_tag","embeddable":true,"href":"https:\/\/projekt.vombat.ee\/eco\/wp-json\/wp\/v2\/product_tag?post=13325"}],"curies":[{"name":"wp","href":"https:\/\/api.w.org\/{rel}","templated":true}]}}