{"id":13305,"date":"2024-01-29T04:55:37","date_gmt":"2024-01-29T04:55:37","guid":{"rendered":"https:\/\/projekt.vombat.ee\/eco\/?post_type=product&#038;p=13305"},"modified":"2024-01-29T04:55:38","modified_gmt":"2024-01-29T04:55:38","slug":"zu07-elektriline-toukeratas-35km","status":"publish","type":"product","link":"https:\/\/projekt.vombat.ee\/eco\/pood\/elektritoukerattad\/linna-toukerattad\/zu07-elektriline-toukeratas-35km\/","title":{"rendered":"ZU07 Elektriline t\u00f5ukeratas 35KM"},"content":{"rendered":"<h1>ZonDoo ZU07 Elektriline t\u00f5ukeratas<\/h1>\n<h3>Info<\/h3>\n<ul>\n<li><strong>Br\u00e4nd: <\/strong>ZonDoo<\/li>\n<li><strong>T\u00fc\u00fcp:<\/strong> Elektriline t\u00f5ukeratas t\u00e4iskasvanutele ja teismelistele.<\/li>\n<li><strong>Rattad:<\/strong> 8,5-tollised k\u00e4rgstruktuuriga rehvid.<\/li>\n<li><strong>Mootor:<\/strong> 350W, tagas\u00f5idumootor.<\/li>\n<li><strong>Aku:<\/strong> 36V 10.4AH<\/li>\n<li><strong>S\u00f5iduulatus:<\/strong> 30-35 km s\u00f5ltuvalt kasutusest.<\/li>\n<li><strong>Kiirus:<\/strong> Maksimaalselt 25-30 km\/h, reguleeritav rakenduse kaudu.<\/li>\n<li><strong>Kasutus:<\/strong> Sobib linnasisesteks s\u00f5itudeks.<\/li>\n<li><strong>Kokkupandavus:<\/strong> Kiirelt (3 sekundiga) kokkupandav.<\/li>\n<li><strong>Kaal: <\/strong>12 kg.<\/li>\n<li><strong>Piduris\u00fcsteem:<\/strong> Esi elektrooniline, taga ketaspidur.<\/li>\n<li><strong>Rakenduse Integreerimine: <\/strong>Mobiilirakendusest kiiruse ja turvalisuse j\u00e4lgimine.<\/li>\n<li><strong>Valgustus:<\/strong> Eredad esituled, ohutu tagatuli.<\/li>\n<li><strong>Kandev\u00f5ime:<\/strong> Kuni 120 kg.<\/li>\n<li><strong>V\u00e4rvid:<\/strong> Must, valge.<\/li>\n<li><strong>Paki M\u00f5\u00f5dud: <\/strong>113 x 16 x 52 cm.<\/li>\n<\/ul>\n","protected":false},"excerpt":{"rendered":"<p><strong>ZonDoo ZU07 Elektriline t\u00f5ukeratas<\/strong><\/p>\n<ul>\n<li><strong>Kiirus: 25-30 km\/h<\/strong><\/li>\n<li><strong>Aku: 36V 10.4AH<\/strong><\/li>\n<li><strong>S\u00f5iduulatus: 30-35 km<\/strong><\/li>\n<li><strong>Kokkupandavus: 3 sekundit<\/strong><\/li>\n<li><strong>Kaal: 12 kg<\/strong><\/li>\n<li><strong>Piduris\u00fcsteem: Esi elektrooniline, taga ketaspidur<\/strong><\/li>\n<li><strong>Rattad: 8,5-tollised rehvid<\/strong><\/li>\n<li><strong>Rakendus: Kiiruse ja turvalisuse j\u00e4lgimine<\/strong><\/li>\n<li><strong>Valgustus: Eredad esituled ja ohutu tagatuli<\/strong><\/li>\n<li><strong>Kandev\u00f5ime: Kuni 120 kg<\/strong><\/li>\n<li><strong>Sobivus: t\u00e4iskasvanud ja teismelised<\/strong><\/li>\n<li><strong>V\u00e4rvid: Must ja valge<\/strong><\/li>\n<\/ul>\n<p>&nbsp;<\/p>\n<p><strong>\u2666 Tarneaeg 2-7 p\u00e4eva<\/strong><br \/>\n<strong>\u2666 Laos<\/strong><\/p>\n","protected":false},"featured_media":13306,"template":"","meta":[],"product_cat":[53,909],"product_tag":[],"class_list":{"0":"post-13305","1":"product","2":"type-product","3":"status-publish","4":"has-post-thumbnail","6":"product_cat-elektritoukerattad","7":"product_cat-linna-toukerattad","8":"product_shipping_class-suured-pakid","10":"first","11":"instock","12":"sale","13":"taxable","14":"shipping-taxable","15":"purchasable","16":"product-type-variable"},"yoast_head":"<!-- This site is optimized with the Yoast SEO plugin v23.8 - https:\/\/yoast.com\/wordpress\/plugins\/seo\/ -->\n<title>ZU07 Elektriline t\u00f5ukeratas 35KM - Ecocruiser<\/title>\n<meta name=\"description\" content=\"Avasta ZonDoo ZU07 elektriline t\u00f5ukeratas - 30-35 km ulatus, kiiresti kokkupandav disain ja t\u00e4iustatud turvaelemendid. Ideaalne linnasisesteks s\u00f5itudeks.\" \/>\n<meta name=\"robots\" content=\"noindex, follow, max-snippet:-1, max-image-preview:large, max-video-preview:-1\" \/>\n<meta property=\"og:locale\" content=\"en_GB\" \/>\n<meta property=\"og:type\" content=\"article\" \/>\n<meta property=\"og:title\" content=\"ZU07 Elektriline t\u00f5ukeratas 35KM - Ecocruiser\" \/>\n<meta property=\"og:description\" content=\"Avasta ZonDoo ZU07 elektriline t\u00f5ukeratas - 30-35 km ulatus, kiiresti kokkupandav disain ja t\u00e4iustatud turvaelemendid. Ideaalne linnasisesteks s\u00f5itudeks.\" \/>\n<meta property=\"og:url\" content=\"https:\/\/projekt.vombat.ee\/eco\/pood\/elektritoukerattad\/linna-toukerattad\/zu07-elektriline-toukeratas-35km\/\" \/>\n<meta property=\"og:site_name\" content=\"Ecocruiser\" \/>\n<meta property=\"article:modified_time\" content=\"2024-01-29T04:55:38+00:00\" \/>\n<meta property=\"og:image\" content=\"https:\/\/projekt.vombat.ee\/eco\/wp-content\/uploads\/2024\/01\/1-5-scaled.webp\" \/>\n\t<meta property=\"og:image:width\" content=\"2560\" \/>\n\t<meta property=\"og:image:height\" content=\"2560\" \/>\n\t<meta property=\"og:image:type\" content=\"image\/webp\" \/>\n<meta name=\"twitter:card\" content=\"summary_large_image\" \/>\n<meta name=\"twitter:label1\" content=\"Estimated reading time\" \/>\n\t<meta name=\"twitter:data1\" content=\"1 minute\" \/>\n<script type=\"application\/ld+json\" class=\"yoast-schema-graph\">{\"@context\":\"https:\/\/schema.org\",\"@graph\":[{\"@type\":\"WebPage\",\"@id\":\"https:\/\/projekt.vombat.ee\/eco\/pood\/elektritoukerattad\/linna-toukerattad\/zu07-elektriline-toukeratas-35km\/\",\"url\":\"https:\/\/projekt.vombat.ee\/eco\/pood\/elektritoukerattad\/linna-toukerattad\/zu07-elektriline-toukeratas-35km\/\",\"name\":\"ZU07 Elektriline t\u00f5ukeratas 35KM - Ecocruiser\",\"isPartOf\":{\"@id\":\"https:\/\/projekt.vombat.ee\/eco\/#website\"},\"primaryImageOfPage\":{\"@id\":\"https:\/\/projekt.vombat.ee\/eco\/pood\/elektritoukerattad\/linna-toukerattad\/zu07-elektriline-toukeratas-35km\/#primaryimage\"},\"image\":{\"@id\":\"https:\/\/projekt.vombat.ee\/eco\/pood\/elektritoukerattad\/linna-toukerattad\/zu07-elektriline-toukeratas-35km\/#primaryimage\"},\"thumbnailUrl\":\"https:\/\/projekt.vombat.ee\/eco\/wp-content\/uploads\/2024\/01\/1-5-scaled.webp\",\"datePublished\":\"2024-01-29T04:55:37+00:00\",\"dateModified\":\"2024-01-29T04:55:38+00:00\",\"description\":\"Avasta ZonDoo ZU07 elektriline t\u00f5ukeratas - 30-35 km ulatus, kiiresti kokkupandav disain ja t\u00e4iustatud turvaelemendid. Ideaalne linnasisesteks s\u00f5itudeks.\",\"breadcrumb\":{\"@id\":\"https:\/\/projekt.vombat.ee\/eco\/pood\/elektritoukerattad\/linna-toukerattad\/zu07-elektriline-toukeratas-35km\/#breadcrumb\"},\"inLanguage\":\"en-GB\",\"potentialAction\":[{\"@type\":\"ReadAction\",\"target\":[\"https:\/\/projekt.vombat.ee\/eco\/pood\/elektritoukerattad\/linna-toukerattad\/zu07-elektriline-toukeratas-35km\/\"]}]},{\"@type\":\"ImageObject\",\"inLanguage\":\"en-GB\",\"@id\":\"https:\/\/projekt.vombat.ee\/eco\/pood\/elektritoukerattad\/linna-toukerattad\/zu07-elektriline-toukeratas-35km\/#primaryimage\",\"url\":\"https:\/\/projekt.vombat.ee\/eco\/wp-content\/uploads\/2024\/01\/1-5-scaled.webp\",\"contentUrl\":\"https:\/\/projekt.vombat.ee\/eco\/wp-content\/uploads\/2024\/01\/1-5-scaled.webp\",\"width\":2560,\"height\":2560,\"caption\":\"ZonDoo ZU07 Elektriline t\u00f5ukeratas\"},{\"@type\":\"BreadcrumbList\",\"@id\":\"https:\/\/projekt.vombat.ee\/eco\/pood\/elektritoukerattad\/linna-toukerattad\/zu07-elektriline-toukeratas-35km\/#breadcrumb\",\"itemListElement\":[{\"@type\":\"ListItem\",\"position\":1,\"name\":\"Home\",\"item\":\"https:\/\/projekt.vombat.ee\/eco\/\"},{\"@type\":\"ListItem\",\"position\":2,\"name\":\"Pood\",\"item\":\"https:\/\/projekt.vombat.ee\/eco\/pood\/\"},{\"@type\":\"ListItem\",\"position\":3,\"name\":\"ZU07 Elektriline t\u00f5ukeratas 35KM\"}]},{\"@type\":\"WebSite\",\"@id\":\"https:\/\/projekt.vombat.ee\/eco\/#website\",\"url\":\"https:\/\/projekt.vombat.ee\/eco\/\",\"name\":\"Ecocruiser\",\"description\":\"\",\"publisher\":{\"@id\":\"https:\/\/projekt.vombat.ee\/eco\/#organization\"},\"potentialAction\":[{\"@type\":\"SearchAction\",\"target\":{\"@type\":\"EntryPoint\",\"urlTemplate\":\"https:\/\/projekt.vombat.ee\/eco\/?s={search_term_string}\"},\"query-input\":{\"@type\":\"PropertyValueSpecification\",\"valueRequired\":true,\"valueName\":\"search_term_string\"}}],\"inLanguage\":\"en-GB\"},{\"@type\":\"Organization\",\"@id\":\"https:\/\/projekt.vombat.ee\/eco\/#organization\",\"name\":\"Ecocruiser\",\"url\":\"https:\/\/projekt.vombat.ee\/eco\/\",\"logo\":{\"@type\":\"ImageObject\",\"inLanguage\":\"en-GB\",\"@id\":\"https:\/\/projekt.vombat.ee\/eco\/#\/schema\/logo\/image\/\",\"url\":\"https:\/\/projekt.vombat.ee\/eco\/wp-content\/uploads\/2023\/03\/ECOCRUISER_5.png\",\"contentUrl\":\"https:\/\/projekt.vombat.ee\/eco\/wp-content\/uploads\/2023\/03\/ECOCRUISER_5.png\",\"width\":234,\"height\":91,\"caption\":\"Ecocruiser\"},\"image\":{\"@id\":\"https:\/\/projekt.vombat.ee\/eco\/#\/schema\/logo\/image\/\"}}]}<\/script>\n<!-- \/ Yoast SEO plugin. -->","yoast_head_json":{"title":"ZU07 Elektriline t\u00f5ukeratas 35KM - Ecocruiser","description":"Avasta ZonDoo ZU07 elektriline t\u00f5ukeratas - 30-35 km ulatus, kiiresti kokkupandav disain ja t\u00e4iustatud turvaelemendid. Ideaalne linnasisesteks s\u00f5itudeks.","robots":{"index":"noindex","follow":"follow","max-snippet":"max-snippet:-1","max-image-preview":"max-image-preview:large","max-video-preview":"max-video-preview:-1"},"og_locale":"en_GB","og_type":"article","og_title":"ZU07 Elektriline t\u00f5ukeratas 35KM - Ecocruiser","og_description":"Avasta ZonDoo ZU07 elektriline t\u00f5ukeratas - 30-35 km ulatus, kiiresti kokkupandav disain ja t\u00e4iustatud turvaelemendid. Ideaalne linnasisesteks s\u00f5itudeks.","og_url":"https:\/\/projekt.vombat.ee\/eco\/pood\/elektritoukerattad\/linna-toukerattad\/zu07-elektriline-toukeratas-35km\/","og_site_name":"Ecocruiser","article_modified_time":"2024-01-29T04:55:38+00:00","og_image":[{"width":2560,"height":2560,"url":"https:\/\/projekt.vombat.ee\/eco\/wp-content\/uploads\/2024\/01\/1-5-scaled.webp","type":"image\/webp"}],"twitter_card":"summary_large_image","twitter_misc":{"Estimated reading time":"1 minute"},"schema":{"@context":"https:\/\/schema.org","@graph":[{"@type":"WebPage","@id":"https:\/\/projekt.vombat.ee\/eco\/pood\/elektritoukerattad\/linna-toukerattad\/zu07-elektriline-toukeratas-35km\/","url":"https:\/\/projekt.vombat.ee\/eco\/pood\/elektritoukerattad\/linna-toukerattad\/zu07-elektriline-toukeratas-35km\/","name":"ZU07 Elektriline t\u00f5ukeratas 35KM - Ecocruiser","isPartOf":{"@id":"https:\/\/projekt.vombat.ee\/eco\/#website"},"primaryImageOfPage":{"@id":"https:\/\/projekt.vombat.ee\/eco\/pood\/elektritoukerattad\/linna-toukerattad\/zu07-elektriline-toukeratas-35km\/#primaryimage"},"image":{"@id":"https:\/\/projekt.vombat.ee\/eco\/pood\/elektritoukerattad\/linna-toukerattad\/zu07-elektriline-toukeratas-35km\/#primaryimage"},"thumbnailUrl":"https:\/\/projekt.vombat.ee\/eco\/wp-content\/uploads\/2024\/01\/1-5-scaled.webp","datePublished":"2024-01-29T04:55:37+00:00","dateModified":"2024-01-29T04:55:38+00:00","description":"Avasta ZonDoo ZU07 elektriline t\u00f5ukeratas - 30-35 km ulatus, kiiresti kokkupandav disain ja t\u00e4iustatud turvaelemendid. Ideaalne linnasisesteks s\u00f5itudeks.","breadcrumb":{"@id":"https:\/\/projekt.vombat.ee\/eco\/pood\/elektritoukerattad\/linna-toukerattad\/zu07-elektriline-toukeratas-35km\/#breadcrumb"},"inLanguage":"en-GB","potentialAction":[{"@type":"ReadAction","target":["https:\/\/projekt.vombat.ee\/eco\/pood\/elektritoukerattad\/linna-toukerattad\/zu07-elektriline-toukeratas-35km\/"]}]},{"@type":"ImageObject","inLanguage":"en-GB","@id":"https:\/\/projekt.vombat.ee\/eco\/pood\/elektritoukerattad\/linna-toukerattad\/zu07-elektriline-toukeratas-35km\/#primaryimage","url":"https:\/\/projekt.vombat.ee\/eco\/wp-content\/uploads\/2024\/01\/1-5-scaled.webp","contentUrl":"https:\/\/projekt.vombat.ee\/eco\/wp-content\/uploads\/2024\/01\/1-5-scaled.webp","width":2560,"height":2560,"caption":"ZonDoo ZU07 Elektriline t\u00f5ukeratas"},{"@type":"BreadcrumbList","@id":"https:\/\/projekt.vombat.ee\/eco\/pood\/elektritoukerattad\/linna-toukerattad\/zu07-elektriline-toukeratas-35km\/#breadcrumb","itemListElement":[{"@type":"ListItem","position":1,"name":"Home","item":"https:\/\/projekt.vombat.ee\/eco\/"},{"@type":"ListItem","position":2,"name":"Pood","item":"https:\/\/projekt.vombat.ee\/eco\/pood\/"},{"@type":"ListItem","position":3,"name":"ZU07 Elektriline t\u00f5ukeratas 35KM"}]},{"@type":"WebSite","@id":"https:\/\/projekt.vombat.ee\/eco\/#website","url":"https:\/\/projekt.vombat.ee\/eco\/","name":"Ecocruiser","description":"","publisher":{"@id":"https:\/\/projekt.vombat.ee\/eco\/#organization"},"potentialAction":[{"@type":"SearchAction","target":{"@type":"EntryPoint","urlTemplate":"https:\/\/projekt.vombat.ee\/eco\/?s={search_term_string}"},"query-input":{"@type":"PropertyValueSpecification","valueRequired":true,"valueName":"search_term_string"}}],"inLanguage":"en-GB"},{"@type":"Organization","@id":"https:\/\/projekt.vombat.ee\/eco\/#organization","name":"Ecocruiser","url":"https:\/\/projekt.vombat.ee\/eco\/","logo":{"@type":"ImageObject","inLanguage":"en-GB","@id":"https:\/\/projekt.vombat.ee\/eco\/#\/schema\/logo\/image\/","url":"https:\/\/projekt.vombat.ee\/eco\/wp-content\/uploads\/2023\/03\/ECOCRUISER_5.png","contentUrl":"https:\/\/projekt.vombat.ee\/eco\/wp-content\/uploads\/2023\/03\/ECOCRUISER_5.png","width":234,"height":91,"caption":"Ecocruiser"},"image":{"@id":"https:\/\/projekt.vombat.ee\/eco\/#\/schema\/logo\/image\/"}}]}},"lang":"et","translations":{"et":13305},"pll_sync_post":[],"_links":{"self":[{"href":"https:\/\/projekt.vombat.ee\/eco\/wp-json\/wp\/v2\/product\/13305"}],"collection":[{"href":"https:\/\/projekt.vombat.ee\/eco\/wp-json\/wp\/v2\/product"}],"about":[{"href":"https:\/\/projekt.vombat.ee\/eco\/wp-json\/wp\/v2\/types\/product"}],"version-history":[{"count":4,"href":"https:\/\/projekt.vombat.ee\/eco\/wp-json\/wp\/v2\/product\/13305\/revisions"}],"predecessor-version":[{"id":13573,"href":"https:\/\/projekt.vombat.ee\/eco\/wp-json\/wp\/v2\/product\/13305\/revisions\/13573"}],"wp:featuredmedia":[{"embeddable":true,"href":"https:\/\/projekt.vombat.ee\/eco\/wp-json\/wp\/v2\/media\/13306"}],"wp:attachment":[{"href":"https:\/\/projekt.vombat.ee\/eco\/wp-json\/wp\/v2\/media?parent=13305"}],"wp:term":[{"taxonomy":"product_cat","embeddable":true,"href":"https:\/\/projekt.vombat.ee\/eco\/wp-json\/wp\/v2\/product_cat?post=13305"},{"taxonomy":"product_tag","embeddable":true,"href":"https:\/\/projekt.vombat.ee\/eco\/wp-json\/wp\/v2\/product_tag?post=13305"}],"curies":[{"name":"wp","href":"https:\/\/api.w.org\/{rel}","templated":true}]}}