{"id":13288,"date":"2024-01-12T03:25:39","date_gmt":"2024-01-12T03:25:39","guid":{"rendered":"https:\/\/projekt.vombat.ee\/eco\/?post_type=product&#038;p=13288"},"modified":"2024-05-01T19:56:21","modified_gmt":"2024-05-01T19:56:21","slug":"zondoo-zu08-elektriline-toukeratas-50km","status":"publish","type":"product","link":"https:\/\/projekt.vombat.ee\/eco\/pood\/elektritoukerattad\/linna-toukerattad\/zondoo-zu08-elektriline-toukeratas-50km\/","title":{"rendered":"ZonDoo ZU08 elektriline t\u00f5ukeratas 50km"},"content":{"rendered":"<h1>ZonDoo ZU08 elektriline t\u00f5ukeratas<\/h1>\n<div class=\"youtube responsive-embed wp-embed\"><iframe title=\"ZonDoo ZU08\" width=\"1778\" height=\"1000\" src=\"https:\/\/www.youtube.com\/embed\/9DQhnk0LRCg?feature=oembed&#038;enablejsapi=1&#038;rel=0&#038;showinfo=0&#038;color=white\" frameborder=\"0\" allow=\"accelerometer; autoplay; clipboard-write; encrypted-media; gyroscope; picture-in-picture; web-share\" referrerpolicy=\"strict-origin-when-cross-origin\" allowfullscreen><\/iframe><\/div>\n<p><img fetchpriority=\"high\" decoding=\"async\" class=\"\" src=\"https:\/\/cdn.shopify.com\/s\/files\/1\/0556\/7686\/2595\/files\/ef2909840e65e8fef88e20dc209ce066_500x.jpg?v=1694076299\" width=\"616\" height=\"381\" \/><\/p>\n<p>Avasta linnat\u00e4navad uuel tasemel ZonDoo ZU08 elektrilise t\u00f5ukerattaga, mis pakub 40 km\/h kiirust ja 500W v\u00f5imsust &#8211; ideaalne valik kiireks ja mugavaks liikumiseks, kus iganes sinu p\u00e4ev sind viib.<\/p>\n<h3>Pole enam muret rehvide purunemise p\u00e4rast<\/h3>\n<p><img decoding=\"async\" class=\"alignnone wp-image-16491 size-trx_addons-thumb-big\" src=\"https:\/\/projekt.vombat.ee\/eco\/wp-content\/uploads\/2024\/01\/ed157f1074342eadd9ceb34893c35577-760x428.png\" alt=\"\" width=\"760\" height=\"428\" srcset=\"https:\/\/projekt.vombat.ee\/eco\/wp-content\/uploads\/2024\/01\/ed157f1074342eadd9ceb34893c35577-760x428.png 760w, https:\/\/projekt.vombat.ee\/eco\/wp-content\/uploads\/2024\/01\/ed157f1074342eadd9ceb34893c35577-370x208.png 370w, https:\/\/projekt.vombat.ee\/eco\/wp-content\/uploads\/2024\/01\/ed157f1074342eadd9ceb34893c35577-270x152.png 270w\" sizes=\"(max-width: 767px) 100vw, 760px\" \/><\/p>\n<h3>Naudi s\u00f5itu<\/h3>\n<p>Turvaline ja mugav s\u00f5it ka ebatasasel v\u00f5i konarlikul pinnal<\/p>\n<p><img decoding=\"async\" class=\"alignnone wp-image-16492 size-trx_addons-thumb-big\" src=\"https:\/\/projekt.vombat.ee\/eco\/wp-content\/uploads\/2024\/01\/3789bb7575289d9c4a1a5721f435a585-760x428.png\" alt=\"\" width=\"760\" height=\"428\" srcset=\"https:\/\/projekt.vombat.ee\/eco\/wp-content\/uploads\/2024\/01\/3789bb7575289d9c4a1a5721f435a585-760x428.png 760w, https:\/\/projekt.vombat.ee\/eco\/wp-content\/uploads\/2024\/01\/3789bb7575289d9c4a1a5721f435a585-370x208.png 370w, https:\/\/projekt.vombat.ee\/eco\/wp-content\/uploads\/2024\/01\/3789bb7575289d9c4a1a5721f435a585-270x152.png 270w\" sizes=\"(max-width: 767px) 100vw, 760px\" \/><\/p>\n<h3>Info<\/h3>\n<ul>\n<li><strong>Rehvid<\/strong>: T\u00f5ukerattal on 9-tollised kummist rattad. Need rattad on suured ja vastupidavad, sobides erinevatele teepindadele. Disain v\u00e4hendab lamedate rehvide riski ja hooldusvajadust.<\/li>\n<li><strong>Mootor<\/strong>: Varustatud 48V\/500W tagamootoriga.<\/li>\n<li><strong>Aku<\/strong>: Komplektis on 48V\/10.4Ah aku, kahe mootoriga versioonile on saadaval 13Ah variant. See aku v\u00f5imaldab \u00fche laadimisega s\u00f5ita kuni 50 km.<\/li>\n<li><strong>Laadimisaeg:<\/strong>\u00a05-7 tundi.<\/li>\n<li><strong>Materjal: <\/strong>Valmistatud k\u00f5rge intensiivsusega alumiiniumprofiilist, tagades tugeva ja vastupidava raami.<\/li>\n<li><strong>Kiirus ja V\u00f5imsus<\/strong>: T\u00f5ukeratas saavutab kuni 40 km\/h kiiruse t\u00e4nu v\u00f5imsale 500W mootorile.<\/li>\n<li><strong>Kokkupandav Disain<\/strong>: Lihtne kokkupandav mehhanism v\u00f5imaldab t\u00f5ukeratast kiiresti kokku panna ja lahti v\u00f5tta, muutes selle transpordi jaoks mugavaks.<\/li>\n<li><strong>Piduris\u00fcsteem<\/strong>: T\u00f5ukerattal on kolmekordne piduris\u00fcsteem, sealhulgas mehaanilised ketaspidurid nii ees kui ka taga ning E-ABS s\u00fcsteem lisaturvalisuse ja kontrolli jaoks.<\/li>\n<li><strong>L\u00e4bivus<\/strong>: Suudab l\u00e4bida kuni 25\u00b0 kallakuid, mis teeb selle sobivaks erinevateks linnamaastikeks.<\/li>\n<li><strong>Kandev\u00f5ime<\/strong>: Maksimaalne kandev\u00f5ime on 120 kg.<\/li>\n<li><strong>Lisafunktsioonid<\/strong>: varustatud nutika mobiili\u00e4pi \u00fchilduvusega, v\u00f5imaldades seadet h\u00f5lpsalt juhtida ja j\u00e4lgida oma s\u00f5idu andmeid otse nutitelefonist.<\/li>\n<li><strong>Ekraan:<\/strong> Nutikas LED &#8211; ekraan.<\/li>\n<li><strong>V\u00e4rv: <\/strong>saadaval hallis ja punases.<\/li>\n<li><strong>Netokaal<\/strong>: 22 kg.<\/li>\n<li><strong>Brutokaal<\/strong>: 24.2 kg.<\/li>\n<li><strong>Pakendi M\u00f5\u00f5dud<\/strong>: 1140*230*500mm\n<div class=\"w-full text-token-text-primary\" data-testid=\"conversation-turn-19\">\n<div class=\"px-4 py-2 justify-center text-base md:gap-6 m-auto\">\n<div class=\"flex flex-1 text-base mx-auto gap-3 md:px-5 lg:px-1 xl:px-5 md:max-w-3xl lg:max-w-[40rem] xl:max-w-[48rem] group\"><\/div>\n<\/div>\n<\/div>\n<\/li>\n<\/ul>\n","protected":false},"excerpt":{"rendered":"<p><strong>ZonDoo ZU08<\/strong> on \u00fclimat vinge ja stiilne elektriline t\u00f5ukeratas, mis pakub sulle mugavat ja turvalist s\u00f5itu.<\/p>\n<p><strong>ZonDoo ZU08<\/strong> 10Ah aku v\u00f5imaldab l\u00e4bida kuni <strong>50\u00a0km<\/strong> \u00fche laadimisega.<\/p>\n<p>Lisaks teeb kokkupandav rool selle mugavaks k\u00f5ikjale kaasa v\u00f5tmiseks.<\/p>\n<p>Ideaalne s\u00f5itmiseks linnas ja maanteel.<\/p>\n<p>&nbsp;<\/p>\n<div class=\"flex-1 overflow-hidden\">\n<div class=\"react-scroll-to-bottom--css-zrdwr-79elbk h-full\">\n<div class=\"react-scroll-to-bottom--css-zrdwr-1n7m0yu\">\n<div class=\"flex flex-col pb-9 text-sm\">\n<div class=\"w-full text-token-text-primary\" data-testid=\"conversation-turn-15\">\n<div class=\"px-4 py-2 justify-center text-base md:gap-6 m-auto\">\n<div class=\"flex flex-1 text-base mx-auto gap-3 md:px-5 lg:px-1 xl:px-5 md:max-w-3xl lg:max-w-[40rem] xl:max-w-[48rem] group final-completion\">\n<div class=\"relative flex w-full flex-col lg:w-[calc(100%-115px)] agent-turn\">\n<div class=\"flex-col gap-1 md:gap-3\">\n<div class=\"flex flex-grow flex-col max-w-full\">\n<div class=\"min-h-[20px] text-message flex flex-col items-start gap-3 whitespace-pre-wrap break-words [.text-message+&amp;]:mt-5 overflow-x-auto\" data-message-author-role=\"assistant\" data-message-id=\"068d4adf-24d8-4a9d-ad11-ad87fa91cb78\">\n<div class=\"markdown prose w-full break-words dark:prose-invert dark\">\n<ul>\n<li><strong>Kiirus: 25 km\/h (40 km\/h)<\/strong><\/li>\n<li><strong>Aku: 48V\/10.4Ah<\/strong><\/li>\n<li><strong>S\u00f5iduulatus: Kuni 50 km<\/strong><\/li>\n<li><strong>Rattad: 9-tollised<\/strong><\/li>\n<li><strong>Kandev\u00f5ime: 120 kg<\/strong><\/li>\n<\/ul>\n<p>&nbsp;<\/p>\n<p><strong>\u2666 Tarneaeg 2-7 p\u00e4eva<\/strong><br \/>\n<strong>\u2666 Laos<\/strong><\/p>\n<\/div>\n<\/div>\n<\/div>\n<div class=\"mt-1 flex justify-start gap-3 empty:hidden\"><\/div>\n<\/div>\n<\/div>\n<\/div>\n<\/div>\n<\/div>\n<\/div>\n<\/div>\n<\/div>\n<\/div>\n","protected":false},"featured_media":13289,"template":"","meta":[],"product_cat":[53,909,911],"product_tag":[],"class_list":{"0":"post-13288","1":"product","2":"type-product","3":"status-publish","4":"has-post-thumbnail","6":"product_cat-elektritoukerattad","7":"product_cat-linna-toukerattad","8":"product_cat-voimsad-toukerattad","9":"product_shipping_class-suured-pakid","11":"first","12":"instock","13":"taxable","14":"shipping-taxable","15":"purchasable","16":"product-type-variable"},"yoast_head":"<!-- This site is optimized with the Yoast SEO plugin v23.8 - https:\/\/yoast.com\/wordpress\/plugins\/seo\/ -->\n<title>ZonDoo ZU08 elektriline t\u00f5ukeratas 50km - Ecocruiser<\/title>\n<meta name=\"description\" content=\"ZonDoo ZU08 elektriline t\u00f5ukeratas - kokkupandav, 40 km\/h, 48V-10.4AH aku. Suur kandev\u00f5ime, vastupidav, kompaktne, kerge ja mugav transportida.\" \/>\n<meta name=\"robots\" content=\"noindex, follow, max-snippet:-1, max-image-preview:large, max-video-preview:-1\" \/>\n<meta property=\"og:locale\" content=\"en_GB\" \/>\n<meta property=\"og:type\" content=\"article\" \/>\n<meta property=\"og:title\" content=\"ZonDoo ZU08 elektriline t\u00f5ukeratas 50km - Ecocruiser\" \/>\n<meta property=\"og:description\" content=\"ZonDoo ZU08 elektriline t\u00f5ukeratas - kokkupandav, 40 km\/h, 48V-10.4AH aku. Suur kandev\u00f5ime, vastupidav, kompaktne, kerge ja mugav transportida.\" \/>\n<meta property=\"og:url\" content=\"https:\/\/projekt.vombat.ee\/eco\/pood\/elektritoukerattad\/linna-toukerattad\/zondoo-zu08-elektriline-toukeratas-50km\/\" \/>\n<meta property=\"og:site_name\" content=\"Ecocruiser\" \/>\n<meta property=\"article:modified_time\" content=\"2024-05-01T19:56:21+00:00\" \/>\n<meta property=\"og:image\" content=\"https:\/\/projekt.vombat.ee\/eco\/wp-content\/uploads\/2024\/01\/1.png\" \/>\n\t<meta property=\"og:image:width\" content=\"800\" \/>\n\t<meta property=\"og:image:height\" content=\"800\" \/>\n\t<meta property=\"og:image:type\" content=\"image\/png\" \/>\n<meta name=\"twitter:card\" content=\"summary_large_image\" \/>\n<meta name=\"twitter:label1\" content=\"Estimated reading time\" \/>\n\t<meta name=\"twitter:data1\" content=\"2 minutes\" \/>\n<script type=\"application\/ld+json\" class=\"yoast-schema-graph\">{\"@context\":\"https:\/\/schema.org\",\"@graph\":[{\"@type\":\"WebPage\",\"@id\":\"https:\/\/projekt.vombat.ee\/eco\/pood\/elektritoukerattad\/linna-toukerattad\/zondoo-zu08-elektriline-toukeratas-50km\/\",\"url\":\"https:\/\/projekt.vombat.ee\/eco\/pood\/elektritoukerattad\/linna-toukerattad\/zondoo-zu08-elektriline-toukeratas-50km\/\",\"name\":\"ZonDoo ZU08 elektriline t\u00f5ukeratas 50km - Ecocruiser\",\"isPartOf\":{\"@id\":\"https:\/\/projekt.vombat.ee\/eco\/#website\"},\"primaryImageOfPage\":{\"@id\":\"https:\/\/projekt.vombat.ee\/eco\/pood\/elektritoukerattad\/linna-toukerattad\/zondoo-zu08-elektriline-toukeratas-50km\/#primaryimage\"},\"image\":{\"@id\":\"https:\/\/projekt.vombat.ee\/eco\/pood\/elektritoukerattad\/linna-toukerattad\/zondoo-zu08-elektriline-toukeratas-50km\/#primaryimage\"},\"thumbnailUrl\":\"https:\/\/projekt.vombat.ee\/eco\/wp-content\/uploads\/2024\/01\/1.png\",\"datePublished\":\"2024-01-12T03:25:39+00:00\",\"dateModified\":\"2024-05-01T19:56:21+00:00\",\"description\":\"ZonDoo ZU08 elektriline t\u00f5ukeratas - kokkupandav, 40 km\/h, 48V-10.4AH aku. Suur kandev\u00f5ime, vastupidav, kompaktne, kerge ja mugav transportida.\",\"breadcrumb\":{\"@id\":\"https:\/\/projekt.vombat.ee\/eco\/pood\/elektritoukerattad\/linna-toukerattad\/zondoo-zu08-elektriline-toukeratas-50km\/#breadcrumb\"},\"inLanguage\":\"en-GB\",\"potentialAction\":[{\"@type\":\"ReadAction\",\"target\":[\"https:\/\/projekt.vombat.ee\/eco\/pood\/elektritoukerattad\/linna-toukerattad\/zondoo-zu08-elektriline-toukeratas-50km\/\"]}]},{\"@type\":\"ImageObject\",\"inLanguage\":\"en-GB\",\"@id\":\"https:\/\/projekt.vombat.ee\/eco\/pood\/elektritoukerattad\/linna-toukerattad\/zondoo-zu08-elektriline-toukeratas-50km\/#primaryimage\",\"url\":\"https:\/\/projekt.vombat.ee\/eco\/wp-content\/uploads\/2024\/01\/1.png\",\"contentUrl\":\"https:\/\/projekt.vombat.ee\/eco\/wp-content\/uploads\/2024\/01\/1.png\",\"width\":800,\"height\":800,\"caption\":\"ZonDoo ZU08 elektriline t\u00f5ukeratas\"},{\"@type\":\"BreadcrumbList\",\"@id\":\"https:\/\/projekt.vombat.ee\/eco\/pood\/elektritoukerattad\/linna-toukerattad\/zondoo-zu08-elektriline-toukeratas-50km\/#breadcrumb\",\"itemListElement\":[{\"@type\":\"ListItem\",\"position\":1,\"name\":\"Home\",\"item\":\"https:\/\/projekt.vombat.ee\/eco\/\"},{\"@type\":\"ListItem\",\"position\":2,\"name\":\"Pood\",\"item\":\"https:\/\/projekt.vombat.ee\/eco\/pood\/\"},{\"@type\":\"ListItem\",\"position\":3,\"name\":\"ZonDoo ZU08 elektriline t\u00f5ukeratas 50km\"}]},{\"@type\":\"WebSite\",\"@id\":\"https:\/\/projekt.vombat.ee\/eco\/#website\",\"url\":\"https:\/\/projekt.vombat.ee\/eco\/\",\"name\":\"Ecocruiser\",\"description\":\"\",\"publisher\":{\"@id\":\"https:\/\/projekt.vombat.ee\/eco\/#organization\"},\"potentialAction\":[{\"@type\":\"SearchAction\",\"target\":{\"@type\":\"EntryPoint\",\"urlTemplate\":\"https:\/\/projekt.vombat.ee\/eco\/?s={search_term_string}\"},\"query-input\":{\"@type\":\"PropertyValueSpecification\",\"valueRequired\":true,\"valueName\":\"search_term_string\"}}],\"inLanguage\":\"en-GB\"},{\"@type\":\"Organization\",\"@id\":\"https:\/\/projekt.vombat.ee\/eco\/#organization\",\"name\":\"Ecocruiser\",\"url\":\"https:\/\/projekt.vombat.ee\/eco\/\",\"logo\":{\"@type\":\"ImageObject\",\"inLanguage\":\"en-GB\",\"@id\":\"https:\/\/projekt.vombat.ee\/eco\/#\/schema\/logo\/image\/\",\"url\":\"https:\/\/projekt.vombat.ee\/eco\/wp-content\/uploads\/2023\/03\/ECOCRUISER_5.png\",\"contentUrl\":\"https:\/\/projekt.vombat.ee\/eco\/wp-content\/uploads\/2023\/03\/ECOCRUISER_5.png\",\"width\":234,\"height\":91,\"caption\":\"Ecocruiser\"},\"image\":{\"@id\":\"https:\/\/projekt.vombat.ee\/eco\/#\/schema\/logo\/image\/\"}}]}<\/script>\n<!-- \/ Yoast SEO plugin. -->","yoast_head_json":{"title":"ZonDoo ZU08 elektriline t\u00f5ukeratas 50km - Ecocruiser","description":"ZonDoo ZU08 elektriline t\u00f5ukeratas - kokkupandav, 40 km\/h, 48V-10.4AH aku. Suur kandev\u00f5ime, vastupidav, kompaktne, kerge ja mugav transportida.","robots":{"index":"noindex","follow":"follow","max-snippet":"max-snippet:-1","max-image-preview":"max-image-preview:large","max-video-preview":"max-video-preview:-1"},"og_locale":"en_GB","og_type":"article","og_title":"ZonDoo ZU08 elektriline t\u00f5ukeratas 50km - Ecocruiser","og_description":"ZonDoo ZU08 elektriline t\u00f5ukeratas - kokkupandav, 40 km\/h, 48V-10.4AH aku. Suur kandev\u00f5ime, vastupidav, kompaktne, kerge ja mugav transportida.","og_url":"https:\/\/projekt.vombat.ee\/eco\/pood\/elektritoukerattad\/linna-toukerattad\/zondoo-zu08-elektriline-toukeratas-50km\/","og_site_name":"Ecocruiser","article_modified_time":"2024-05-01T19:56:21+00:00","og_image":[{"width":800,"height":800,"url":"https:\/\/projekt.vombat.ee\/eco\/wp-content\/uploads\/2024\/01\/1.png","type":"image\/png"}],"twitter_card":"summary_large_image","twitter_misc":{"Estimated reading time":"2 minutes"},"schema":{"@context":"https:\/\/schema.org","@graph":[{"@type":"WebPage","@id":"https:\/\/projekt.vombat.ee\/eco\/pood\/elektritoukerattad\/linna-toukerattad\/zondoo-zu08-elektriline-toukeratas-50km\/","url":"https:\/\/projekt.vombat.ee\/eco\/pood\/elektritoukerattad\/linna-toukerattad\/zondoo-zu08-elektriline-toukeratas-50km\/","name":"ZonDoo ZU08 elektriline t\u00f5ukeratas 50km - Ecocruiser","isPartOf":{"@id":"https:\/\/projekt.vombat.ee\/eco\/#website"},"primaryImageOfPage":{"@id":"https:\/\/projekt.vombat.ee\/eco\/pood\/elektritoukerattad\/linna-toukerattad\/zondoo-zu08-elektriline-toukeratas-50km\/#primaryimage"},"image":{"@id":"https:\/\/projekt.vombat.ee\/eco\/pood\/elektritoukerattad\/linna-toukerattad\/zondoo-zu08-elektriline-toukeratas-50km\/#primaryimage"},"thumbnailUrl":"https:\/\/projekt.vombat.ee\/eco\/wp-content\/uploads\/2024\/01\/1.png","datePublished":"2024-01-12T03:25:39+00:00","dateModified":"2024-05-01T19:56:21+00:00","description":"ZonDoo ZU08 elektriline t\u00f5ukeratas - kokkupandav, 40 km\/h, 48V-10.4AH aku. Suur kandev\u00f5ime, vastupidav, kompaktne, kerge ja mugav transportida.","breadcrumb":{"@id":"https:\/\/projekt.vombat.ee\/eco\/pood\/elektritoukerattad\/linna-toukerattad\/zondoo-zu08-elektriline-toukeratas-50km\/#breadcrumb"},"inLanguage":"en-GB","potentialAction":[{"@type":"ReadAction","target":["https:\/\/projekt.vombat.ee\/eco\/pood\/elektritoukerattad\/linna-toukerattad\/zondoo-zu08-elektriline-toukeratas-50km\/"]}]},{"@type":"ImageObject","inLanguage":"en-GB","@id":"https:\/\/projekt.vombat.ee\/eco\/pood\/elektritoukerattad\/linna-toukerattad\/zondoo-zu08-elektriline-toukeratas-50km\/#primaryimage","url":"https:\/\/projekt.vombat.ee\/eco\/wp-content\/uploads\/2024\/01\/1.png","contentUrl":"https:\/\/projekt.vombat.ee\/eco\/wp-content\/uploads\/2024\/01\/1.png","width":800,"height":800,"caption":"ZonDoo ZU08 elektriline t\u00f5ukeratas"},{"@type":"BreadcrumbList","@id":"https:\/\/projekt.vombat.ee\/eco\/pood\/elektritoukerattad\/linna-toukerattad\/zondoo-zu08-elektriline-toukeratas-50km\/#breadcrumb","itemListElement":[{"@type":"ListItem","position":1,"name":"Home","item":"https:\/\/projekt.vombat.ee\/eco\/"},{"@type":"ListItem","position":2,"name":"Pood","item":"https:\/\/projekt.vombat.ee\/eco\/pood\/"},{"@type":"ListItem","position":3,"name":"ZonDoo ZU08 elektriline t\u00f5ukeratas 50km"}]},{"@type":"WebSite","@id":"https:\/\/projekt.vombat.ee\/eco\/#website","url":"https:\/\/projekt.vombat.ee\/eco\/","name":"Ecocruiser","description":"","publisher":{"@id":"https:\/\/projekt.vombat.ee\/eco\/#organization"},"potentialAction":[{"@type":"SearchAction","target":{"@type":"EntryPoint","urlTemplate":"https:\/\/projekt.vombat.ee\/eco\/?s={search_term_string}"},"query-input":{"@type":"PropertyValueSpecification","valueRequired":true,"valueName":"search_term_string"}}],"inLanguage":"en-GB"},{"@type":"Organization","@id":"https:\/\/projekt.vombat.ee\/eco\/#organization","name":"Ecocruiser","url":"https:\/\/projekt.vombat.ee\/eco\/","logo":{"@type":"ImageObject","inLanguage":"en-GB","@id":"https:\/\/projekt.vombat.ee\/eco\/#\/schema\/logo\/image\/","url":"https:\/\/projekt.vombat.ee\/eco\/wp-content\/uploads\/2023\/03\/ECOCRUISER_5.png","contentUrl":"https:\/\/projekt.vombat.ee\/eco\/wp-content\/uploads\/2023\/03\/ECOCRUISER_5.png","width":234,"height":91,"caption":"Ecocruiser"},"image":{"@id":"https:\/\/projekt.vombat.ee\/eco\/#\/schema\/logo\/image\/"}}]}},"lang":"et","translations":{"et":13288},"pll_sync_post":[],"_links":{"self":[{"href":"https:\/\/projekt.vombat.ee\/eco\/wp-json\/wp\/v2\/product\/13288"}],"collection":[{"href":"https:\/\/projekt.vombat.ee\/eco\/wp-json\/wp\/v2\/product"}],"about":[{"href":"https:\/\/projekt.vombat.ee\/eco\/wp-json\/wp\/v2\/types\/product"}],"version-history":[{"count":8,"href":"https:\/\/projekt.vombat.ee\/eco\/wp-json\/wp\/v2\/product\/13288\/revisions"}],"predecessor-version":[{"id":16494,"href":"https:\/\/projekt.vombat.ee\/eco\/wp-json\/wp\/v2\/product\/13288\/revisions\/16494"}],"wp:featuredmedia":[{"embeddable":true,"href":"https:\/\/projekt.vombat.ee\/eco\/wp-json\/wp\/v2\/media\/13289"}],"wp:attachment":[{"href":"https:\/\/projekt.vombat.ee\/eco\/wp-json\/wp\/v2\/media?parent=13288"}],"wp:term":[{"taxonomy":"product_cat","embeddable":true,"href":"https:\/\/projekt.vombat.ee\/eco\/wp-json\/wp\/v2\/product_cat?post=13288"},{"taxonomy":"product_tag","embeddable":true,"href":"https:\/\/projekt.vombat.ee\/eco\/wp-json\/wp\/v2\/product_tag?post=13288"}],"curies":[{"name":"wp","href":"https:\/\/api.w.org\/{rel}","templated":true}]}}