{"id":13273,"date":"2024-02-29T08:33:42","date_gmt":"2024-02-29T08:33:42","guid":{"rendered":"https:\/\/projekt.vombat.ee\/eco\/?post_type=product&#038;p=13273"},"modified":"2024-02-29T08:33:42","modified_gmt":"2024-02-29T08:33:42","slug":"telefonihoidik","status":"publish","type":"product","link":"https:\/\/projekt.vombat.ee\/eco\/pood\/brandid\/engwe\/telefonihoidik\/","title":{"rendered":"Telefonihoidik"},"content":{"rendered":"<h1>ENGWE 360\u00b0 jalgratta telefonihoidik<\/h1>\n<p>ENGWE 360\u00b0 p\u00f6\u00f6rlev alumiiniumsulamist jalgratta telefonihoidik \u00fchildub 4.7-6.8 tolliste ekraanidega telefonidega ja tagab turvalise kinnituse t\u00e4nu venitatavatele klambritele ja kl\u00f5psukonksudele. Selle 360\u00b0 p\u00f6\u00f6ratav disain v\u00f5imaldab telefoni kasutada nii horisontaalses kui ka vertikaalses asendis. Sobib 22-33mm diameetriga lenksudele, valmistatud vastupidavast alumiiniumsulamist. Ideaalne erinevat t\u00fc\u00fcpi jalgratastele.<\/p>\n<p>&nbsp;<\/p>\n<ul>\n<li><strong>Materjal<\/strong>: Valmistatud tervenisti alumiiniumsulamist, tagades kvaliteedi ja vastupidavuse.<\/li>\n<li><strong>Universaalsus<\/strong>: Sobib 4.7 kuni 6.8 tolliste ekraanidega telefonidele, paksusega kuni 12mm (kaasa arvatud telefoni\u00fcmbris).<\/li>\n<li><strong>360\u00b0 Reguleeritavus<\/strong>: Kahekordne universaalne kuul, mis v\u00f5imaldab telefoni p\u00f6\u00f6rata horisontaalselt ja vertikaalselt, tagades nii horisontaalse kui ka vertikaalse ekraani.<\/li>\n<li><strong>Turvalisus<\/strong>: Telefonihoidikul on venitatavad klambrid vasakul ja paremal k\u00fcljel, \u00fclaosas kl\u00f5psuga konksud ja tugev sisemine vedru telefoni kindlaks kinnitamiseks.<\/li>\n<li><strong>Lenksu \u00dchilduvus<\/strong>: Sobib lenksudele, mille diameeter on 22-33mm, kasutatav erinevat t\u00fc\u00fcpi jalgratastel, t\u00f5ukeratastel, golfik\u00e4rudel jms.<\/li>\n<\/ul>\n","protected":false},"excerpt":{"rendered":"<p><strong>Telefonihoidik jalgrattale<\/strong><\/p>\n<p>&nbsp;<\/p>\n<ul>\n<li><strong>Materjal: T\u00e4ielikult alumiiniumsulamist<\/strong><\/li>\n<li><strong>\u00dchilduvus: Sobib 4.7-6.8 tolliste ekraanidega telefonidele<\/strong><\/li>\n<li><strong>P\u00f6\u00f6ratavus: 360\u00b0 p\u00f6\u00f6ratav kahekordse universaalse kuuliga<\/strong><\/li>\n<li><strong>Kinnituss\u00fcsteem: Venitatavad klambrid ja kl\u00f5psuga konksud <\/strong><\/li>\n<li><strong style=\"font-size: inherit;\">Lenksu Sobivus: \u00dchildub 22-33mm diameetriga lenksudega<\/strong><\/li>\n<\/ul>\n<p>&nbsp;<\/p>\n<ul>\n<li><strong>Tarneaeg 2-7 p\u00e4eva<\/strong><\/li>\n<li><strong> Laos<\/strong><\/li>\n<\/ul>\n","protected":false},"featured_media":14806,"template":"","meta":[],"product_cat":[56,68],"product_tag":[],"class_list":{"0":"post-13273","1":"product","2":"type-product","3":"status-publish","4":"has-post-thumbnail","6":"product_cat-engwe","7":"product_cat-lisavarustus","9":"first","10":"instock","11":"taxable","12":"shipping-taxable","13":"purchasable","14":"product-type-simple"},"yoast_head":"<!-- This site is optimized with the Yoast SEO plugin v23.8 - https:\/\/yoast.com\/wordpress\/plugins\/seo\/ -->\n<title>Telefonihoidik - Ecocruiser<\/title>\n<meta name=\"description\" content=\"ENGWE telefonihoidik jalgrattale, valmistatud alumiiniumsulamist, pakub 360\u00b0 p\u00f6\u00f6ratavust ja sobivust erineva suurusega telefonidele. Selle turvalised kinnitused ja lai lenksu \u00fchilduvus tagavad kindla haarduvuse.\" \/>\n<meta name=\"robots\" content=\"noindex, follow, max-snippet:-1, max-image-preview:large, max-video-preview:-1\" \/>\n<meta property=\"og:locale\" content=\"en_GB\" \/>\n<meta property=\"og:type\" content=\"article\" \/>\n<meta property=\"og:title\" content=\"Telefonihoidik - Ecocruiser\" \/>\n<meta property=\"og:description\" content=\"ENGWE telefonihoidik jalgrattale, valmistatud alumiiniumsulamist, pakub 360\u00b0 p\u00f6\u00f6ratavust ja sobivust erineva suurusega telefonidele. Selle turvalised kinnitused ja lai lenksu \u00fchilduvus tagavad kindla haarduvuse.\" \/>\n<meta property=\"og:url\" content=\"https:\/\/projekt.vombat.ee\/eco\/pood\/brandid\/engwe\/telefonihoidik\/\" \/>\n<meta property=\"og:site_name\" content=\"Ecocruiser\" \/>\n<meta property=\"og:image\" content=\"https:\/\/projekt.vombat.ee\/eco\/wp-content\/uploads\/2024\/01\/1-15-scaled.webp\" \/>\n\t<meta property=\"og:image:width\" content=\"1838\" \/>\n\t<meta property=\"og:image:height\" content=\"2560\" \/>\n\t<meta property=\"og:image:type\" content=\"image\/webp\" \/>\n<meta name=\"twitter:card\" content=\"summary_large_image\" \/>\n<meta name=\"twitter:label1\" content=\"Estimated reading time\" \/>\n\t<meta name=\"twitter:data1\" content=\"1 minute\" \/>\n<script type=\"application\/ld+json\" class=\"yoast-schema-graph\">{\"@context\":\"https:\/\/schema.org\",\"@graph\":[{\"@type\":\"WebPage\",\"@id\":\"https:\/\/projekt.vombat.ee\/eco\/pood\/brandid\/engwe\/telefonihoidik\/\",\"url\":\"https:\/\/projekt.vombat.ee\/eco\/pood\/brandid\/engwe\/telefonihoidik\/\",\"name\":\"Telefonihoidik - Ecocruiser\",\"isPartOf\":{\"@id\":\"https:\/\/projekt.vombat.ee\/eco\/#website\"},\"primaryImageOfPage\":{\"@id\":\"https:\/\/projekt.vombat.ee\/eco\/pood\/brandid\/engwe\/telefonihoidik\/#primaryimage\"},\"image\":{\"@id\":\"https:\/\/projekt.vombat.ee\/eco\/pood\/brandid\/engwe\/telefonihoidik\/#primaryimage\"},\"thumbnailUrl\":\"https:\/\/projekt.vombat.ee\/eco\/wp-content\/uploads\/2024\/01\/1-15-scaled.webp\",\"datePublished\":\"2024-02-29T08:33:42+00:00\",\"dateModified\":\"2024-02-29T08:33:42+00:00\",\"description\":\"ENGWE telefonihoidik jalgrattale, valmistatud alumiiniumsulamist, pakub 360\u00b0 p\u00f6\u00f6ratavust ja sobivust erineva suurusega telefonidele. Selle turvalised kinnitused ja lai lenksu \u00fchilduvus tagavad kindla haarduvuse.\",\"breadcrumb\":{\"@id\":\"https:\/\/projekt.vombat.ee\/eco\/pood\/brandid\/engwe\/telefonihoidik\/#breadcrumb\"},\"inLanguage\":\"en-GB\",\"potentialAction\":[{\"@type\":\"ReadAction\",\"target\":[\"https:\/\/projekt.vombat.ee\/eco\/pood\/brandid\/engwe\/telefonihoidik\/\"]}]},{\"@type\":\"ImageObject\",\"inLanguage\":\"en-GB\",\"@id\":\"https:\/\/projekt.vombat.ee\/eco\/pood\/brandid\/engwe\/telefonihoidik\/#primaryimage\",\"url\":\"https:\/\/projekt.vombat.ee\/eco\/wp-content\/uploads\/2024\/01\/1-15-scaled.webp\",\"contentUrl\":\"https:\/\/projekt.vombat.ee\/eco\/wp-content\/uploads\/2024\/01\/1-15-scaled.webp\",\"width\":1838,\"height\":2560},{\"@type\":\"BreadcrumbList\",\"@id\":\"https:\/\/projekt.vombat.ee\/eco\/pood\/brandid\/engwe\/telefonihoidik\/#breadcrumb\",\"itemListElement\":[{\"@type\":\"ListItem\",\"position\":1,\"name\":\"Home\",\"item\":\"https:\/\/projekt.vombat.ee\/eco\/\"},{\"@type\":\"ListItem\",\"position\":2,\"name\":\"Pood\",\"item\":\"https:\/\/projekt.vombat.ee\/eco\/pood\/\"},{\"@type\":\"ListItem\",\"position\":3,\"name\":\"Telefonihoidik\"}]},{\"@type\":\"WebSite\",\"@id\":\"https:\/\/projekt.vombat.ee\/eco\/#website\",\"url\":\"https:\/\/projekt.vombat.ee\/eco\/\",\"name\":\"Ecocruiser\",\"description\":\"\",\"publisher\":{\"@id\":\"https:\/\/projekt.vombat.ee\/eco\/#organization\"},\"potentialAction\":[{\"@type\":\"SearchAction\",\"target\":{\"@type\":\"EntryPoint\",\"urlTemplate\":\"https:\/\/projekt.vombat.ee\/eco\/?s={search_term_string}\"},\"query-input\":{\"@type\":\"PropertyValueSpecification\",\"valueRequired\":true,\"valueName\":\"search_term_string\"}}],\"inLanguage\":\"en-GB\"},{\"@type\":\"Organization\",\"@id\":\"https:\/\/projekt.vombat.ee\/eco\/#organization\",\"name\":\"Ecocruiser\",\"url\":\"https:\/\/projekt.vombat.ee\/eco\/\",\"logo\":{\"@type\":\"ImageObject\",\"inLanguage\":\"en-GB\",\"@id\":\"https:\/\/projekt.vombat.ee\/eco\/#\/schema\/logo\/image\/\",\"url\":\"https:\/\/projekt.vombat.ee\/eco\/wp-content\/uploads\/2023\/03\/ECOCRUISER_5.png\",\"contentUrl\":\"https:\/\/projekt.vombat.ee\/eco\/wp-content\/uploads\/2023\/03\/ECOCRUISER_5.png\",\"width\":234,\"height\":91,\"caption\":\"Ecocruiser\"},\"image\":{\"@id\":\"https:\/\/projekt.vombat.ee\/eco\/#\/schema\/logo\/image\/\"}}]}<\/script>\n<!-- \/ Yoast SEO plugin. -->","yoast_head_json":{"title":"Telefonihoidik - Ecocruiser","description":"ENGWE telefonihoidik jalgrattale, valmistatud alumiiniumsulamist, pakub 360\u00b0 p\u00f6\u00f6ratavust ja sobivust erineva suurusega telefonidele. Selle turvalised kinnitused ja lai lenksu \u00fchilduvus tagavad kindla haarduvuse.","robots":{"index":"noindex","follow":"follow","max-snippet":"max-snippet:-1","max-image-preview":"max-image-preview:large","max-video-preview":"max-video-preview:-1"},"og_locale":"en_GB","og_type":"article","og_title":"Telefonihoidik - Ecocruiser","og_description":"ENGWE telefonihoidik jalgrattale, valmistatud alumiiniumsulamist, pakub 360\u00b0 p\u00f6\u00f6ratavust ja sobivust erineva suurusega telefonidele. Selle turvalised kinnitused ja lai lenksu \u00fchilduvus tagavad kindla haarduvuse.","og_url":"https:\/\/projekt.vombat.ee\/eco\/pood\/brandid\/engwe\/telefonihoidik\/","og_site_name":"Ecocruiser","og_image":[{"width":1838,"height":2560,"url":"https:\/\/projekt.vombat.ee\/eco\/wp-content\/uploads\/2024\/01\/1-15-scaled.webp","type":"image\/webp"}],"twitter_card":"summary_large_image","twitter_misc":{"Estimated reading time":"1 minute"},"schema":{"@context":"https:\/\/schema.org","@graph":[{"@type":"WebPage","@id":"https:\/\/projekt.vombat.ee\/eco\/pood\/brandid\/engwe\/telefonihoidik\/","url":"https:\/\/projekt.vombat.ee\/eco\/pood\/brandid\/engwe\/telefonihoidik\/","name":"Telefonihoidik - Ecocruiser","isPartOf":{"@id":"https:\/\/projekt.vombat.ee\/eco\/#website"},"primaryImageOfPage":{"@id":"https:\/\/projekt.vombat.ee\/eco\/pood\/brandid\/engwe\/telefonihoidik\/#primaryimage"},"image":{"@id":"https:\/\/projekt.vombat.ee\/eco\/pood\/brandid\/engwe\/telefonihoidik\/#primaryimage"},"thumbnailUrl":"https:\/\/projekt.vombat.ee\/eco\/wp-content\/uploads\/2024\/01\/1-15-scaled.webp","datePublished":"2024-02-29T08:33:42+00:00","dateModified":"2024-02-29T08:33:42+00:00","description":"ENGWE telefonihoidik jalgrattale, valmistatud alumiiniumsulamist, pakub 360\u00b0 p\u00f6\u00f6ratavust ja sobivust erineva suurusega telefonidele. Selle turvalised kinnitused ja lai lenksu \u00fchilduvus tagavad kindla haarduvuse.","breadcrumb":{"@id":"https:\/\/projekt.vombat.ee\/eco\/pood\/brandid\/engwe\/telefonihoidik\/#breadcrumb"},"inLanguage":"en-GB","potentialAction":[{"@type":"ReadAction","target":["https:\/\/projekt.vombat.ee\/eco\/pood\/brandid\/engwe\/telefonihoidik\/"]}]},{"@type":"ImageObject","inLanguage":"en-GB","@id":"https:\/\/projekt.vombat.ee\/eco\/pood\/brandid\/engwe\/telefonihoidik\/#primaryimage","url":"https:\/\/projekt.vombat.ee\/eco\/wp-content\/uploads\/2024\/01\/1-15-scaled.webp","contentUrl":"https:\/\/projekt.vombat.ee\/eco\/wp-content\/uploads\/2024\/01\/1-15-scaled.webp","width":1838,"height":2560},{"@type":"BreadcrumbList","@id":"https:\/\/projekt.vombat.ee\/eco\/pood\/brandid\/engwe\/telefonihoidik\/#breadcrumb","itemListElement":[{"@type":"ListItem","position":1,"name":"Home","item":"https:\/\/projekt.vombat.ee\/eco\/"},{"@type":"ListItem","position":2,"name":"Pood","item":"https:\/\/projekt.vombat.ee\/eco\/pood\/"},{"@type":"ListItem","position":3,"name":"Telefonihoidik"}]},{"@type":"WebSite","@id":"https:\/\/projekt.vombat.ee\/eco\/#website","url":"https:\/\/projekt.vombat.ee\/eco\/","name":"Ecocruiser","description":"","publisher":{"@id":"https:\/\/projekt.vombat.ee\/eco\/#organization"},"potentialAction":[{"@type":"SearchAction","target":{"@type":"EntryPoint","urlTemplate":"https:\/\/projekt.vombat.ee\/eco\/?s={search_term_string}"},"query-input":{"@type":"PropertyValueSpecification","valueRequired":true,"valueName":"search_term_string"}}],"inLanguage":"en-GB"},{"@type":"Organization","@id":"https:\/\/projekt.vombat.ee\/eco\/#organization","name":"Ecocruiser","url":"https:\/\/projekt.vombat.ee\/eco\/","logo":{"@type":"ImageObject","inLanguage":"en-GB","@id":"https:\/\/projekt.vombat.ee\/eco\/#\/schema\/logo\/image\/","url":"https:\/\/projekt.vombat.ee\/eco\/wp-content\/uploads\/2023\/03\/ECOCRUISER_5.png","contentUrl":"https:\/\/projekt.vombat.ee\/eco\/wp-content\/uploads\/2023\/03\/ECOCRUISER_5.png","width":234,"height":91,"caption":"Ecocruiser"},"image":{"@id":"https:\/\/projekt.vombat.ee\/eco\/#\/schema\/logo\/image\/"}}]}},"lang":"et","translations":{"et":13273},"pll_sync_post":[],"_links":{"self":[{"href":"https:\/\/projekt.vombat.ee\/eco\/wp-json\/wp\/v2\/product\/13273"}],"collection":[{"href":"https:\/\/projekt.vombat.ee\/eco\/wp-json\/wp\/v2\/product"}],"about":[{"href":"https:\/\/projekt.vombat.ee\/eco\/wp-json\/wp\/v2\/types\/product"}],"version-history":[{"count":1,"href":"https:\/\/projekt.vombat.ee\/eco\/wp-json\/wp\/v2\/product\/13273\/revisions"}],"predecessor-version":[{"id":13283,"href":"https:\/\/projekt.vombat.ee\/eco\/wp-json\/wp\/v2\/product\/13273\/revisions\/13283"}],"wp:featuredmedia":[{"embeddable":true,"href":"https:\/\/projekt.vombat.ee\/eco\/wp-json\/wp\/v2\/media\/14806"}],"wp:attachment":[{"href":"https:\/\/projekt.vombat.ee\/eco\/wp-json\/wp\/v2\/media?parent=13273"}],"wp:term":[{"taxonomy":"product_cat","embeddable":true,"href":"https:\/\/projekt.vombat.ee\/eco\/wp-json\/wp\/v2\/product_cat?post=13273"},{"taxonomy":"product_tag","embeddable":true,"href":"https:\/\/projekt.vombat.ee\/eco\/wp-json\/wp\/v2\/product_tag?post=13273"}],"curies":[{"name":"wp","href":"https:\/\/api.w.org\/{rel}","templated":true}]}}