{"id":13263,"date":"2024-02-29T08:28:45","date_gmt":"2024-02-29T08:28:45","guid":{"rendered":"https:\/\/projekt.vombat.ee\/eco\/?post_type=product&#038;p=13263"},"modified":"2024-02-29T08:28:45","modified_gmt":"2024-02-29T08:28:45","slug":"jalgrattakorv-pakiraamile","status":"publish","type":"product","link":"https:\/\/projekt.vombat.ee\/eco\/pood\/brandid\/engwe\/jalgrattakorv-pakiraamile\/","title":{"rendered":"Jalgrattakorv pakiraamile"},"content":{"rendered":"<h1>Engwe jalgrattakorv pakiraamile<\/h1>\n<p>Avasta Engwe tagumine jalgrattakorv &#8211; ideaalne lahendus oma igap\u00e4evaste esemete kaasav\u00f5tmiseks. Kerge ja vastupidav rauast konstruktsioon, suur kandev\u00f5ime ja universaalne \u00fchilduvus Engwe jalgratastega muudavad selle korvi suurep\u00e4raseks lisavarustuseks iga jalgratturi jaoks.<\/p>\n<p>&nbsp;<\/p>\n<ul>\n<li><strong>Materjal<\/strong>: Valmistatud rauast, mis tagab tugevuse ja vastupidavuse<\/li>\n<li><strong>Kaal<\/strong>: Korvi kaal on 2 kg, mis teeb selle kergeks<\/li>\n<li><strong>M\u00f5\u00f5tmed:<\/strong> 44,5 x 30,5 x 19,5 cm<\/li>\n<li><strong>Maksimaalne kandev\u00f5ime: <\/strong>15 kg<\/li>\n<li><strong>\u00dchilduvus<\/strong>: Sobib Engwe EP-2, Engine X, Engine Pro, X series, L20 ja E26 mudelitele<\/li>\n<\/ul>\n","protected":false},"excerpt":{"rendered":"<p><strong>Engwe jalgrattakorv pakiraamile<\/strong><\/p>\n<p>&nbsp;<\/p>\n<ul>\n<li><strong>Materjal: Valmistatud rauast<\/strong><\/li>\n<li><strong>Kaal: 2 kg<\/strong><\/li>\n<li><strong>M\u00f5\u00f5tmed: 44,5 x 30,5 x 19,5 cm<\/strong><\/li>\n<li><strong>Maksimaalne kandev\u00f5ime: 15 kg<\/strong><\/li>\n<li><strong>\u00dchilduvus: Sobib Engwe EP-2, Engine X, Engine Pro, X series, L20 ja E26 mudelitele<\/strong><\/li>\n<\/ul>\n<p>&nbsp;<\/p>\n<ul>\n<li><strong>Tarneaeg 2-7 p\u00e4eva <\/strong><\/li>\n<li><strong>Laos<\/strong><\/li>\n<\/ul>\n","protected":false},"featured_media":13264,"template":"","meta":[],"product_cat":[56,68],"product_tag":[],"class_list":{"0":"post-13263","1":"product","2":"type-product","3":"status-publish","4":"has-post-thumbnail","6":"product_cat-engwe","7":"product_cat-lisavarustus","9":"first","10":"instock","11":"taxable","12":"shipping-taxable","13":"purchasable","14":"product-type-simple"},"yoast_head":"<!-- This site is optimized with the Yoast SEO plugin v23.8 - https:\/\/yoast.com\/wordpress\/plugins\/seo\/ -->\n<title>Jalgrattakorv pakiraamile - Ecocruiser<\/title>\n<meta name=\"description\" content=\"Engwe jalgrattakorv pakiraamile on kerge ja vastupidav lisavarustus. Rauast valmistatud korv kaalub vaid 2 kg, kuid talub kuni 15 kg koormust, pakkudes piisavalt ruumi igap\u00e4evaste esemete vedamiseks.\" \/>\n<meta name=\"robots\" content=\"noindex, follow, max-snippet:-1, max-image-preview:large, max-video-preview:-1\" \/>\n<meta property=\"og:locale\" content=\"en_GB\" \/>\n<meta property=\"og:type\" content=\"article\" \/>\n<meta property=\"og:title\" content=\"Jalgrattakorv pakiraamile - Ecocruiser\" \/>\n<meta property=\"og:description\" content=\"Engwe jalgrattakorv pakiraamile on kerge ja vastupidav lisavarustus. Rauast valmistatud korv kaalub vaid 2 kg, kuid talub kuni 15 kg koormust, pakkudes piisavalt ruumi igap\u00e4evaste esemete vedamiseks.\" \/>\n<meta property=\"og:url\" content=\"https:\/\/projekt.vombat.ee\/eco\/pood\/brandid\/engwe\/jalgrattakorv-pakiraamile\/\" \/>\n<meta property=\"og:site_name\" content=\"Ecocruiser\" \/>\n<meta property=\"og:image\" content=\"https:\/\/projekt.vombat.ee\/eco\/wp-content\/uploads\/2024\/01\/1-1.jpg\" \/>\n\t<meta property=\"og:image:width\" content=\"720\" \/>\n\t<meta property=\"og:image:height\" content=\"1003\" \/>\n\t<meta property=\"og:image:type\" content=\"image\/jpeg\" \/>\n<meta name=\"twitter:card\" content=\"summary_large_image\" \/>\n<meta name=\"twitter:label1\" content=\"Estimated reading time\" \/>\n\t<meta name=\"twitter:data1\" content=\"1 minute\" \/>\n<script type=\"application\/ld+json\" class=\"yoast-schema-graph\">{\"@context\":\"https:\/\/schema.org\",\"@graph\":[{\"@type\":\"WebPage\",\"@id\":\"https:\/\/projekt.vombat.ee\/eco\/pood\/brandid\/engwe\/jalgrattakorv-pakiraamile\/\",\"url\":\"https:\/\/projekt.vombat.ee\/eco\/pood\/brandid\/engwe\/jalgrattakorv-pakiraamile\/\",\"name\":\"Jalgrattakorv pakiraamile - Ecocruiser\",\"isPartOf\":{\"@id\":\"https:\/\/projekt.vombat.ee\/eco\/#website\"},\"primaryImageOfPage\":{\"@id\":\"https:\/\/projekt.vombat.ee\/eco\/pood\/brandid\/engwe\/jalgrattakorv-pakiraamile\/#primaryimage\"},\"image\":{\"@id\":\"https:\/\/projekt.vombat.ee\/eco\/pood\/brandid\/engwe\/jalgrattakorv-pakiraamile\/#primaryimage\"},\"thumbnailUrl\":\"https:\/\/projekt.vombat.ee\/eco\/wp-content\/uploads\/2024\/01\/1-1.jpg\",\"datePublished\":\"2024-02-29T08:28:45+00:00\",\"dateModified\":\"2024-02-29T08:28:45+00:00\",\"description\":\"Engwe jalgrattakorv pakiraamile on kerge ja vastupidav lisavarustus. Rauast valmistatud korv kaalub vaid 2 kg, kuid talub kuni 15 kg koormust, pakkudes piisavalt ruumi igap\u00e4evaste esemete vedamiseks.\",\"breadcrumb\":{\"@id\":\"https:\/\/projekt.vombat.ee\/eco\/pood\/brandid\/engwe\/jalgrattakorv-pakiraamile\/#breadcrumb\"},\"inLanguage\":\"en-GB\",\"potentialAction\":[{\"@type\":\"ReadAction\",\"target\":[\"https:\/\/projekt.vombat.ee\/eco\/pood\/brandid\/engwe\/jalgrattakorv-pakiraamile\/\"]}]},{\"@type\":\"ImageObject\",\"inLanguage\":\"en-GB\",\"@id\":\"https:\/\/projekt.vombat.ee\/eco\/pood\/brandid\/engwe\/jalgrattakorv-pakiraamile\/#primaryimage\",\"url\":\"https:\/\/projekt.vombat.ee\/eco\/wp-content\/uploads\/2024\/01\/1-1.jpg\",\"contentUrl\":\"https:\/\/projekt.vombat.ee\/eco\/wp-content\/uploads\/2024\/01\/1-1.jpg\",\"width\":720,\"height\":1003,\"caption\":\"Engwe jalgrattakorv pakiraamile\"},{\"@type\":\"BreadcrumbList\",\"@id\":\"https:\/\/projekt.vombat.ee\/eco\/pood\/brandid\/engwe\/jalgrattakorv-pakiraamile\/#breadcrumb\",\"itemListElement\":[{\"@type\":\"ListItem\",\"position\":1,\"name\":\"Home\",\"item\":\"https:\/\/projekt.vombat.ee\/eco\/\"},{\"@type\":\"ListItem\",\"position\":2,\"name\":\"Pood\",\"item\":\"https:\/\/projekt.vombat.ee\/eco\/pood\/\"},{\"@type\":\"ListItem\",\"position\":3,\"name\":\"Jalgrattakorv pakiraamile\"}]},{\"@type\":\"WebSite\",\"@id\":\"https:\/\/projekt.vombat.ee\/eco\/#website\",\"url\":\"https:\/\/projekt.vombat.ee\/eco\/\",\"name\":\"Ecocruiser\",\"description\":\"\",\"publisher\":{\"@id\":\"https:\/\/projekt.vombat.ee\/eco\/#organization\"},\"potentialAction\":[{\"@type\":\"SearchAction\",\"target\":{\"@type\":\"EntryPoint\",\"urlTemplate\":\"https:\/\/projekt.vombat.ee\/eco\/?s={search_term_string}\"},\"query-input\":{\"@type\":\"PropertyValueSpecification\",\"valueRequired\":true,\"valueName\":\"search_term_string\"}}],\"inLanguage\":\"en-GB\"},{\"@type\":\"Organization\",\"@id\":\"https:\/\/projekt.vombat.ee\/eco\/#organization\",\"name\":\"Ecocruiser\",\"url\":\"https:\/\/projekt.vombat.ee\/eco\/\",\"logo\":{\"@type\":\"ImageObject\",\"inLanguage\":\"en-GB\",\"@id\":\"https:\/\/projekt.vombat.ee\/eco\/#\/schema\/logo\/image\/\",\"url\":\"https:\/\/projekt.vombat.ee\/eco\/wp-content\/uploads\/2023\/03\/ECOCRUISER_5.png\",\"contentUrl\":\"https:\/\/projekt.vombat.ee\/eco\/wp-content\/uploads\/2023\/03\/ECOCRUISER_5.png\",\"width\":234,\"height\":91,\"caption\":\"Ecocruiser\"},\"image\":{\"@id\":\"https:\/\/projekt.vombat.ee\/eco\/#\/schema\/logo\/image\/\"}}]}<\/script>\n<!-- \/ Yoast SEO plugin. -->","yoast_head_json":{"title":"Jalgrattakorv pakiraamile - Ecocruiser","description":"Engwe jalgrattakorv pakiraamile on kerge ja vastupidav lisavarustus. Rauast valmistatud korv kaalub vaid 2 kg, kuid talub kuni 15 kg koormust, pakkudes piisavalt ruumi igap\u00e4evaste esemete vedamiseks.","robots":{"index":"noindex","follow":"follow","max-snippet":"max-snippet:-1","max-image-preview":"max-image-preview:large","max-video-preview":"max-video-preview:-1"},"og_locale":"en_GB","og_type":"article","og_title":"Jalgrattakorv pakiraamile - Ecocruiser","og_description":"Engwe jalgrattakorv pakiraamile on kerge ja vastupidav lisavarustus. Rauast valmistatud korv kaalub vaid 2 kg, kuid talub kuni 15 kg koormust, pakkudes piisavalt ruumi igap\u00e4evaste esemete vedamiseks.","og_url":"https:\/\/projekt.vombat.ee\/eco\/pood\/brandid\/engwe\/jalgrattakorv-pakiraamile\/","og_site_name":"Ecocruiser","og_image":[{"width":720,"height":1003,"url":"https:\/\/projekt.vombat.ee\/eco\/wp-content\/uploads\/2024\/01\/1-1.jpg","type":"image\/jpeg"}],"twitter_card":"summary_large_image","twitter_misc":{"Estimated reading time":"1 minute"},"schema":{"@context":"https:\/\/schema.org","@graph":[{"@type":"WebPage","@id":"https:\/\/projekt.vombat.ee\/eco\/pood\/brandid\/engwe\/jalgrattakorv-pakiraamile\/","url":"https:\/\/projekt.vombat.ee\/eco\/pood\/brandid\/engwe\/jalgrattakorv-pakiraamile\/","name":"Jalgrattakorv pakiraamile - Ecocruiser","isPartOf":{"@id":"https:\/\/projekt.vombat.ee\/eco\/#website"},"primaryImageOfPage":{"@id":"https:\/\/projekt.vombat.ee\/eco\/pood\/brandid\/engwe\/jalgrattakorv-pakiraamile\/#primaryimage"},"image":{"@id":"https:\/\/projekt.vombat.ee\/eco\/pood\/brandid\/engwe\/jalgrattakorv-pakiraamile\/#primaryimage"},"thumbnailUrl":"https:\/\/projekt.vombat.ee\/eco\/wp-content\/uploads\/2024\/01\/1-1.jpg","datePublished":"2024-02-29T08:28:45+00:00","dateModified":"2024-02-29T08:28:45+00:00","description":"Engwe jalgrattakorv pakiraamile on kerge ja vastupidav lisavarustus. Rauast valmistatud korv kaalub vaid 2 kg, kuid talub kuni 15 kg koormust, pakkudes piisavalt ruumi igap\u00e4evaste esemete vedamiseks.","breadcrumb":{"@id":"https:\/\/projekt.vombat.ee\/eco\/pood\/brandid\/engwe\/jalgrattakorv-pakiraamile\/#breadcrumb"},"inLanguage":"en-GB","potentialAction":[{"@type":"ReadAction","target":["https:\/\/projekt.vombat.ee\/eco\/pood\/brandid\/engwe\/jalgrattakorv-pakiraamile\/"]}]},{"@type":"ImageObject","inLanguage":"en-GB","@id":"https:\/\/projekt.vombat.ee\/eco\/pood\/brandid\/engwe\/jalgrattakorv-pakiraamile\/#primaryimage","url":"https:\/\/projekt.vombat.ee\/eco\/wp-content\/uploads\/2024\/01\/1-1.jpg","contentUrl":"https:\/\/projekt.vombat.ee\/eco\/wp-content\/uploads\/2024\/01\/1-1.jpg","width":720,"height":1003,"caption":"Engwe jalgrattakorv pakiraamile"},{"@type":"BreadcrumbList","@id":"https:\/\/projekt.vombat.ee\/eco\/pood\/brandid\/engwe\/jalgrattakorv-pakiraamile\/#breadcrumb","itemListElement":[{"@type":"ListItem","position":1,"name":"Home","item":"https:\/\/projekt.vombat.ee\/eco\/"},{"@type":"ListItem","position":2,"name":"Pood","item":"https:\/\/projekt.vombat.ee\/eco\/pood\/"},{"@type":"ListItem","position":3,"name":"Jalgrattakorv pakiraamile"}]},{"@type":"WebSite","@id":"https:\/\/projekt.vombat.ee\/eco\/#website","url":"https:\/\/projekt.vombat.ee\/eco\/","name":"Ecocruiser","description":"","publisher":{"@id":"https:\/\/projekt.vombat.ee\/eco\/#organization"},"potentialAction":[{"@type":"SearchAction","target":{"@type":"EntryPoint","urlTemplate":"https:\/\/projekt.vombat.ee\/eco\/?s={search_term_string}"},"query-input":{"@type":"PropertyValueSpecification","valueRequired":true,"valueName":"search_term_string"}}],"inLanguage":"en-GB"},{"@type":"Organization","@id":"https:\/\/projekt.vombat.ee\/eco\/#organization","name":"Ecocruiser","url":"https:\/\/projekt.vombat.ee\/eco\/","logo":{"@type":"ImageObject","inLanguage":"en-GB","@id":"https:\/\/projekt.vombat.ee\/eco\/#\/schema\/logo\/image\/","url":"https:\/\/projekt.vombat.ee\/eco\/wp-content\/uploads\/2023\/03\/ECOCRUISER_5.png","contentUrl":"https:\/\/projekt.vombat.ee\/eco\/wp-content\/uploads\/2023\/03\/ECOCRUISER_5.png","width":234,"height":91,"caption":"Ecocruiser"},"image":{"@id":"https:\/\/projekt.vombat.ee\/eco\/#\/schema\/logo\/image\/"}}]}},"lang":"et","translations":{"et":13263},"pll_sync_post":[],"_links":{"self":[{"href":"https:\/\/projekt.vombat.ee\/eco\/wp-json\/wp\/v2\/product\/13263"}],"collection":[{"href":"https:\/\/projekt.vombat.ee\/eco\/wp-json\/wp\/v2\/product"}],"about":[{"href":"https:\/\/projekt.vombat.ee\/eco\/wp-json\/wp\/v2\/types\/product"}],"version-history":[{"count":1,"href":"https:\/\/projekt.vombat.ee\/eco\/wp-json\/wp\/v2\/product\/13263\/revisions"}],"predecessor-version":[{"id":13272,"href":"https:\/\/projekt.vombat.ee\/eco\/wp-json\/wp\/v2\/product\/13263\/revisions\/13272"}],"wp:featuredmedia":[{"embeddable":true,"href":"https:\/\/projekt.vombat.ee\/eco\/wp-json\/wp\/v2\/media\/13264"}],"wp:attachment":[{"href":"https:\/\/projekt.vombat.ee\/eco\/wp-json\/wp\/v2\/media?parent=13263"}],"wp:term":[{"taxonomy":"product_cat","embeddable":true,"href":"https:\/\/projekt.vombat.ee\/eco\/wp-json\/wp\/v2\/product_cat?post=13263"},{"taxonomy":"product_tag","embeddable":true,"href":"https:\/\/projekt.vombat.ee\/eco\/wp-json\/wp\/v2\/product_tag?post=13263"}],"curies":[{"name":"wp","href":"https:\/\/api.w.org\/{rel}","templated":true}]}}