{"id":13227,"date":"2024-02-29T05:11:06","date_gmt":"2024-02-29T05:11:06","guid":{"rendered":"https:\/\/projekt.vombat.ee\/eco\/?post_type=product&#038;p=13227"},"modified":"2024-05-02T16:43:24","modified_gmt":"2024-05-02T16:43:24","slug":"engwe-l20-elektriratas-140km","status":"publish","type":"product","link":"https:\/\/projekt.vombat.ee\/eco\/pood\/elektrirattad\/linnarattad\/engwe-l20-elektriratas-140km\/","title":{"rendered":"ENGWE L20 Elektriratas 140km"},"content":{"rendered":"<h1>ENGWE L20 Elektriratas<\/h1>\n<p><img fetchpriority=\"high\" decoding=\"async\" class=\"alignnone\" src=\"https:\/\/a.allegroimg.com\/original\/11df04\/ab6001054434bd0c8f8229e5889d\/Rower-elektryczny-ENGWE-L20-500W-13Ah-25KM-H-140KM-20-calowy-bialy-Moc-silnika-250-W\" alt=\"ENGWE L20\" width=\"982\" height=\"499\" \/><\/p>\n<p>Avasta ENGWE L20 elektriratas kus innovatsioon kohtub mugavusega! Varustatud v\u00f5imsa 48V 13Ah akuga, mis pakub kuni 66 km elektris\u00f5itu ja 140 km abistavat s\u00f5iduulatust, on see ratas ideaalne kaaslane nii linnat\u00e4navatel kui ka m\u00e4giradadel. Kogege sujuvat s\u00f5itu t\u00e4nu 250W harjadeta mootorile, mis tagab kiiruse kuni 25 km\/h ja tippv\u00f5imsuse kuni 250W. Lisaks aitab Shimano 7-k\u00e4iguline k\u00e4iguvahetaja h\u00f5lpsalt toime tulla erinevate maastikut\u00fc\u00fcpidega, paksud 20&#215;4.0 tollised rehvid tagavad suurep\u00e4rase stabiilsuse ja takistusteta s\u00f5idu.<\/p>\n<p>Lisamugavuse tagavad mehaaniline esivedrustus, eemaldatav aku, LED-esituli ja tagumine pakiraam. ENGWE L20 on kerge ja kompaktne, kuid piisavalt tugev, et toime tulla teie igap\u00e4evaste vajadustega.<\/p>\n<p><img decoding=\"async\" class=\"alignnone\" src=\"https:\/\/a.allegroimg.com\/original\/115849\/a906ba79449bb99d01711cb51a38\/Rower-elektryczny-ENGWE-L20-500W-13Ah-25KM-H-140KM-20-calowy-bialy-Marka-Engwe\" alt=\"ENGWE L20\" width=\"981\" height=\"333\" \/><\/p>\n<p><span style=\"color: #2f2f2f; font-size: 24px; font-weight: 600;\">Info<\/span><\/p>\n<ul>\n<li>Aku: 48V 13Ah<\/li>\n<li>Laadimisaeg: 6,5 tundi<\/li>\n<li>Mootor: 250W<\/li>\n<li>Maksimaalne kiirus: 25 km\/h<\/li>\n<li>Elektrilise s\u00f5idu vahemaa: 66 km<\/li>\n<li>Toetatud s\u00f5idu vahemaa: 140 km<\/li>\n<li>Kandev\u00f5ime: 120 kg<\/li>\n<li>Pedaaali k\u00f5rgus maast: 12 cm<\/li>\n<li>Sobiv kasv: 155-210 cm<\/li>\n<li>Nimipinge: 48V<\/li>\n<li>Nimivool: 18A<\/li>\n<li>Rehvid: 20*4.0 tolli<\/li>\n<li>Tippv\u00f5imsus: 250W<\/li>\n<li><span style=\"font-size: inherit;\">Maksimaalne p\u00f6\u00f6rdemoment: 50 Nm<\/span><\/li>\n<li>Esivedrustus: Mehaaniline vedrustus<\/li>\n<li>K\u00e4igukast: Shimano 7-k\u00e4iguline k\u00e4igukast<\/li>\n<li>Laadija: 48V 2A<\/li>\n<li>Pidur: mehaaniline pidur<\/li>\n<li>Esituli: LED<\/li>\n<li>Tagatuli: 48V<\/li>\n<li>N\u00e4idik: LCD ekraan<\/li>\n<\/ul>\n<h3><strong>Kaal ja m\u00f5\u00f5tmed<\/strong><\/h3>\n<ul>\n<li>Toote kaal: 34 kg<\/li>\n<li>Pakendi kaal: 42 kg<\/li>\n<li>Toote m\u00f5\u00f5tmed (pikkus x laius x k\u00f5rgus): 173,7 x 70 x 114 cm<\/li>\n<li>Pakendi m\u00f5\u00f5tmed (pikkus x laius x k\u00f5rgus): 148 x 30 x 76 cm<\/li>\n<\/ul>\n<h3>Pakendi Sisu<\/h3>\n<ul>\n<li>1 x ENGWE L20 elektriratas<\/li>\n<li>1 x Laadija<\/li>\n<li>1 x T\u00f6\u00f6riistakomplekt<\/li>\n<li>1 x Kasutusjuhend<\/li>\n<\/ul>\n","protected":false},"excerpt":{"rendered":"<p><strong>ENGWE L20 Elektriratas<\/strong><\/p>\n<ul>\n<li><strong>Aku:<\/strong> 48V 13Ah<\/li>\n<li><strong>Kiirus:<\/strong>\u00a025 km\/h<\/li>\n<li><strong>Shimano 7-k\u00e4iguline k\u00e4igukast<\/strong><\/li>\n<li><strong>Rehvid:<\/strong> 20\u00d74.0 tolli<\/li>\n<li><strong>Laadimisaeg:<\/strong> 6,5 tundi<\/li>\n<li><strong>Kandev\u00f5ime:<\/strong> 120 kg<\/li>\n<li><strong>Valgustus:<\/strong> LED-esituli, 48V tagatuli<\/li>\n<li><strong>Eemaldatav aku<\/strong><\/li>\n<li><strong>LCD n\u00e4idik<\/strong><\/li>\n<li><strong>Tagumine pakiraam<\/strong><\/li>\n<\/ul>\n<p>&nbsp;<\/p>\n<p><strong>\u2666 Tarneaeg 2-6 p\u00e4eva<\/strong><br \/>\n<strong>\u2666 Laos<\/strong><\/p>\n","protected":false},"featured_media":14762,"template":"","meta":[],"product_cat":[52,903,905],"product_tag":[],"class_list":{"0":"post-13227","1":"product","2":"type-product","3":"status-publish","4":"has-post-thumbnail","6":"product_cat-elektrirattad","7":"product_cat-linnarattad","8":"product_cat-maastikurattad","9":"product_shipping_class-suured-pakid","11":"first","12":"instock","13":"sale","14":"taxable","15":"shipping-taxable","16":"purchasable","17":"product-type-variable"},"yoast_head":"<!-- This site is optimized with the Yoast SEO plugin v23.8 - https:\/\/yoast.com\/wordpress\/plugins\/seo\/ -->\n<title>ENGWE L20 Elektriratas 140km - Ecocruiser<\/title>\n<meta name=\"description\" content=\"ENGWE L20 elektriratas: 48V 13Ah eemaldatav aku, 25 km\/h kiirus. Kompaktne ja v\u00f5imas - ideaalne valik igap\u00e4evaseks s\u00f5iduks\" \/>\n<meta name=\"robots\" content=\"noindex, follow, max-snippet:-1, max-image-preview:large, max-video-preview:-1\" \/>\n<meta property=\"og:locale\" content=\"en_GB\" \/>\n<meta property=\"og:type\" content=\"article\" \/>\n<meta property=\"og:title\" content=\"ENGWE L20 Elektriratas 140km - Ecocruiser\" \/>\n<meta property=\"og:description\" content=\"ENGWE L20 elektriratas: 48V 13Ah eemaldatav aku, 25 km\/h kiirus. Kompaktne ja v\u00f5imas - ideaalne valik igap\u00e4evaseks s\u00f5iduks\" \/>\n<meta property=\"og:url\" content=\"https:\/\/projekt.vombat.ee\/eco\/pood\/elektrirattad\/linnarattad\/engwe-l20-elektriratas-140km\/\" \/>\n<meta property=\"og:site_name\" content=\"Ecocruiser\" \/>\n<meta property=\"article:modified_time\" content=\"2024-05-02T16:43:24+00:00\" \/>\n<meta property=\"og:image\" content=\"https:\/\/projekt.vombat.ee\/eco\/wp-content\/uploads\/2024\/01\/valge-scaled.webp\" \/>\n\t<meta property=\"og:image:width\" content=\"1838\" \/>\n\t<meta property=\"og:image:height\" content=\"2560\" \/>\n\t<meta property=\"og:image:type\" content=\"image\/webp\" \/>\n<meta name=\"twitter:card\" content=\"summary_large_image\" \/>\n<meta name=\"twitter:label1\" content=\"Estimated reading time\" \/>\n\t<meta name=\"twitter:data1\" content=\"2 minutes\" \/>\n<script type=\"application\/ld+json\" class=\"yoast-schema-graph\">{\"@context\":\"https:\/\/schema.org\",\"@graph\":[{\"@type\":\"WebPage\",\"@id\":\"https:\/\/projekt.vombat.ee\/eco\/pood\/elektrirattad\/linnarattad\/engwe-l20-elektriratas-140km\/\",\"url\":\"https:\/\/projekt.vombat.ee\/eco\/pood\/elektrirattad\/linnarattad\/engwe-l20-elektriratas-140km\/\",\"name\":\"ENGWE L20 Elektriratas 140km - Ecocruiser\",\"isPartOf\":{\"@id\":\"https:\/\/projekt.vombat.ee\/eco\/#website\"},\"primaryImageOfPage\":{\"@id\":\"https:\/\/projekt.vombat.ee\/eco\/pood\/elektrirattad\/linnarattad\/engwe-l20-elektriratas-140km\/#primaryimage\"},\"image\":{\"@id\":\"https:\/\/projekt.vombat.ee\/eco\/pood\/elektrirattad\/linnarattad\/engwe-l20-elektriratas-140km\/#primaryimage\"},\"thumbnailUrl\":\"https:\/\/projekt.vombat.ee\/eco\/wp-content\/uploads\/2024\/01\/valge-scaled.webp\",\"datePublished\":\"2024-02-29T05:11:06+00:00\",\"dateModified\":\"2024-05-02T16:43:24+00:00\",\"description\":\"ENGWE L20 elektriratas: 48V 13Ah eemaldatav aku, 25 km\/h kiirus. Kompaktne ja v\u00f5imas - ideaalne valik igap\u00e4evaseks s\u00f5iduks\",\"breadcrumb\":{\"@id\":\"https:\/\/projekt.vombat.ee\/eco\/pood\/elektrirattad\/linnarattad\/engwe-l20-elektriratas-140km\/#breadcrumb\"},\"inLanguage\":\"en-GB\",\"potentialAction\":[{\"@type\":\"ReadAction\",\"target\":[\"https:\/\/projekt.vombat.ee\/eco\/pood\/elektrirattad\/linnarattad\/engwe-l20-elektriratas-140km\/\"]}]},{\"@type\":\"ImageObject\",\"inLanguage\":\"en-GB\",\"@id\":\"https:\/\/projekt.vombat.ee\/eco\/pood\/elektrirattad\/linnarattad\/engwe-l20-elektriratas-140km\/#primaryimage\",\"url\":\"https:\/\/projekt.vombat.ee\/eco\/wp-content\/uploads\/2024\/01\/valge-scaled.webp\",\"contentUrl\":\"https:\/\/projekt.vombat.ee\/eco\/wp-content\/uploads\/2024\/01\/valge-scaled.webp\",\"width\":1838,\"height\":2560},{\"@type\":\"BreadcrumbList\",\"@id\":\"https:\/\/projekt.vombat.ee\/eco\/pood\/elektrirattad\/linnarattad\/engwe-l20-elektriratas-140km\/#breadcrumb\",\"itemListElement\":[{\"@type\":\"ListItem\",\"position\":1,\"name\":\"Home\",\"item\":\"https:\/\/projekt.vombat.ee\/eco\/\"},{\"@type\":\"ListItem\",\"position\":2,\"name\":\"Pood\",\"item\":\"https:\/\/projekt.vombat.ee\/eco\/pood\/\"},{\"@type\":\"ListItem\",\"position\":3,\"name\":\"ENGWE L20 Elektriratas 140km\"}]},{\"@type\":\"WebSite\",\"@id\":\"https:\/\/projekt.vombat.ee\/eco\/#website\",\"url\":\"https:\/\/projekt.vombat.ee\/eco\/\",\"name\":\"Ecocruiser\",\"description\":\"\",\"publisher\":{\"@id\":\"https:\/\/projekt.vombat.ee\/eco\/#organization\"},\"potentialAction\":[{\"@type\":\"SearchAction\",\"target\":{\"@type\":\"EntryPoint\",\"urlTemplate\":\"https:\/\/projekt.vombat.ee\/eco\/?s={search_term_string}\"},\"query-input\":{\"@type\":\"PropertyValueSpecification\",\"valueRequired\":true,\"valueName\":\"search_term_string\"}}],\"inLanguage\":\"en-GB\"},{\"@type\":\"Organization\",\"@id\":\"https:\/\/projekt.vombat.ee\/eco\/#organization\",\"name\":\"Ecocruiser\",\"url\":\"https:\/\/projekt.vombat.ee\/eco\/\",\"logo\":{\"@type\":\"ImageObject\",\"inLanguage\":\"en-GB\",\"@id\":\"https:\/\/projekt.vombat.ee\/eco\/#\/schema\/logo\/image\/\",\"url\":\"https:\/\/projekt.vombat.ee\/eco\/wp-content\/uploads\/2023\/03\/ECOCRUISER_5.png\",\"contentUrl\":\"https:\/\/projekt.vombat.ee\/eco\/wp-content\/uploads\/2023\/03\/ECOCRUISER_5.png\",\"width\":234,\"height\":91,\"caption\":\"Ecocruiser\"},\"image\":{\"@id\":\"https:\/\/projekt.vombat.ee\/eco\/#\/schema\/logo\/image\/\"}}]}<\/script>\n<!-- \/ Yoast SEO plugin. -->","yoast_head_json":{"title":"ENGWE L20 Elektriratas 140km - Ecocruiser","description":"ENGWE L20 elektriratas: 48V 13Ah eemaldatav aku, 25 km\/h kiirus. Kompaktne ja v\u00f5imas - ideaalne valik igap\u00e4evaseks s\u00f5iduks","robots":{"index":"noindex","follow":"follow","max-snippet":"max-snippet:-1","max-image-preview":"max-image-preview:large","max-video-preview":"max-video-preview:-1"},"og_locale":"en_GB","og_type":"article","og_title":"ENGWE L20 Elektriratas 140km - Ecocruiser","og_description":"ENGWE L20 elektriratas: 48V 13Ah eemaldatav aku, 25 km\/h kiirus. Kompaktne ja v\u00f5imas - ideaalne valik igap\u00e4evaseks s\u00f5iduks","og_url":"https:\/\/projekt.vombat.ee\/eco\/pood\/elektrirattad\/linnarattad\/engwe-l20-elektriratas-140km\/","og_site_name":"Ecocruiser","article_modified_time":"2024-05-02T16:43:24+00:00","og_image":[{"width":1838,"height":2560,"url":"https:\/\/projekt.vombat.ee\/eco\/wp-content\/uploads\/2024\/01\/valge-scaled.webp","type":"image\/webp"}],"twitter_card":"summary_large_image","twitter_misc":{"Estimated reading time":"2 minutes"},"schema":{"@context":"https:\/\/schema.org","@graph":[{"@type":"WebPage","@id":"https:\/\/projekt.vombat.ee\/eco\/pood\/elektrirattad\/linnarattad\/engwe-l20-elektriratas-140km\/","url":"https:\/\/projekt.vombat.ee\/eco\/pood\/elektrirattad\/linnarattad\/engwe-l20-elektriratas-140km\/","name":"ENGWE L20 Elektriratas 140km - Ecocruiser","isPartOf":{"@id":"https:\/\/projekt.vombat.ee\/eco\/#website"},"primaryImageOfPage":{"@id":"https:\/\/projekt.vombat.ee\/eco\/pood\/elektrirattad\/linnarattad\/engwe-l20-elektriratas-140km\/#primaryimage"},"image":{"@id":"https:\/\/projekt.vombat.ee\/eco\/pood\/elektrirattad\/linnarattad\/engwe-l20-elektriratas-140km\/#primaryimage"},"thumbnailUrl":"https:\/\/projekt.vombat.ee\/eco\/wp-content\/uploads\/2024\/01\/valge-scaled.webp","datePublished":"2024-02-29T05:11:06+00:00","dateModified":"2024-05-02T16:43:24+00:00","description":"ENGWE L20 elektriratas: 48V 13Ah eemaldatav aku, 25 km\/h kiirus. Kompaktne ja v\u00f5imas - ideaalne valik igap\u00e4evaseks s\u00f5iduks","breadcrumb":{"@id":"https:\/\/projekt.vombat.ee\/eco\/pood\/elektrirattad\/linnarattad\/engwe-l20-elektriratas-140km\/#breadcrumb"},"inLanguage":"en-GB","potentialAction":[{"@type":"ReadAction","target":["https:\/\/projekt.vombat.ee\/eco\/pood\/elektrirattad\/linnarattad\/engwe-l20-elektriratas-140km\/"]}]},{"@type":"ImageObject","inLanguage":"en-GB","@id":"https:\/\/projekt.vombat.ee\/eco\/pood\/elektrirattad\/linnarattad\/engwe-l20-elektriratas-140km\/#primaryimage","url":"https:\/\/projekt.vombat.ee\/eco\/wp-content\/uploads\/2024\/01\/valge-scaled.webp","contentUrl":"https:\/\/projekt.vombat.ee\/eco\/wp-content\/uploads\/2024\/01\/valge-scaled.webp","width":1838,"height":2560},{"@type":"BreadcrumbList","@id":"https:\/\/projekt.vombat.ee\/eco\/pood\/elektrirattad\/linnarattad\/engwe-l20-elektriratas-140km\/#breadcrumb","itemListElement":[{"@type":"ListItem","position":1,"name":"Home","item":"https:\/\/projekt.vombat.ee\/eco\/"},{"@type":"ListItem","position":2,"name":"Pood","item":"https:\/\/projekt.vombat.ee\/eco\/pood\/"},{"@type":"ListItem","position":3,"name":"ENGWE L20 Elektriratas 140km"}]},{"@type":"WebSite","@id":"https:\/\/projekt.vombat.ee\/eco\/#website","url":"https:\/\/projekt.vombat.ee\/eco\/","name":"Ecocruiser","description":"","publisher":{"@id":"https:\/\/projekt.vombat.ee\/eco\/#organization"},"potentialAction":[{"@type":"SearchAction","target":{"@type":"EntryPoint","urlTemplate":"https:\/\/projekt.vombat.ee\/eco\/?s={search_term_string}"},"query-input":{"@type":"PropertyValueSpecification","valueRequired":true,"valueName":"search_term_string"}}],"inLanguage":"en-GB"},{"@type":"Organization","@id":"https:\/\/projekt.vombat.ee\/eco\/#organization","name":"Ecocruiser","url":"https:\/\/projekt.vombat.ee\/eco\/","logo":{"@type":"ImageObject","inLanguage":"en-GB","@id":"https:\/\/projekt.vombat.ee\/eco\/#\/schema\/logo\/image\/","url":"https:\/\/projekt.vombat.ee\/eco\/wp-content\/uploads\/2023\/03\/ECOCRUISER_5.png","contentUrl":"https:\/\/projekt.vombat.ee\/eco\/wp-content\/uploads\/2023\/03\/ECOCRUISER_5.png","width":234,"height":91,"caption":"Ecocruiser"},"image":{"@id":"https:\/\/projekt.vombat.ee\/eco\/#\/schema\/logo\/image\/"}}]}},"lang":"et","translations":{"et":13227},"pll_sync_post":[],"_links":{"self":[{"href":"https:\/\/projekt.vombat.ee\/eco\/wp-json\/wp\/v2\/product\/13227"}],"collection":[{"href":"https:\/\/projekt.vombat.ee\/eco\/wp-json\/wp\/v2\/product"}],"about":[{"href":"https:\/\/projekt.vombat.ee\/eco\/wp-json\/wp\/v2\/types\/product"}],"version-history":[{"count":5,"href":"https:\/\/projekt.vombat.ee\/eco\/wp-json\/wp\/v2\/product\/13227\/revisions"}],"predecessor-version":[{"id":16766,"href":"https:\/\/projekt.vombat.ee\/eco\/wp-json\/wp\/v2\/product\/13227\/revisions\/16766"}],"wp:featuredmedia":[{"embeddable":true,"href":"https:\/\/projekt.vombat.ee\/eco\/wp-json\/wp\/v2\/media\/14762"}],"wp:attachment":[{"href":"https:\/\/projekt.vombat.ee\/eco\/wp-json\/wp\/v2\/media?parent=13227"}],"wp:term":[{"taxonomy":"product_cat","embeddable":true,"href":"https:\/\/projekt.vombat.ee\/eco\/wp-json\/wp\/v2\/product_cat?post=13227"},{"taxonomy":"product_tag","embeddable":true,"href":"https:\/\/projekt.vombat.ee\/eco\/wp-json\/wp\/v2\/product_tag?post=13227"}],"curies":[{"name":"wp","href":"https:\/\/api.w.org\/{rel}","templated":true}]}}