{"id":13099,"date":"2024-01-05T14:11:32","date_gmt":"2024-01-05T14:11:32","guid":{"rendered":"https:\/\/projekt.vombat.ee\/eco\/?post_type=product&#038;p=13099"},"modified":"2024-04-22T19:07:27","modified_gmt":"2024-04-22T19:07:27","slug":"fafrees-fm9-elektrijalgratas","status":"publish","type":"product","link":"https:\/\/projekt.vombat.ee\/eco\/pood\/elektrirattad\/linnarattad\/fafrees-fm9-elektrijalgratas\/","title":{"rendered":"Fafrees FM9 Elektrijalgratas, 120km"},"content":{"rendered":"<p>&nbsp;<\/p>\n<h3>Fafrees FM9 Elektrijalgratas<\/h3>\n<p>T\u00e4navatel ringi s\u00f5ites soovite stiili ja j\u00f5udlust. toob kaasa \u00e4sja t\u00e4iendatud keskmise s\u00f5idu e-jalgratta FM9, ratta, millega saate s\u00f5ita, treenida ja asju transportida. \u00dcmberkujundatud l\u00e4biv geomeetria ja peidetud aku tagavad enesekindlama s\u00f5idu. Integreeritud BAFANG keskmootor, p\u00f6\u00f6rdemomendi andur ja v\u00e4nt on sobitatud sama seeria LCD-ekraanidega, et kindlustada vaikne ja sujuv s\u00f5it. Kaasas on t\u00e4ielikult venitatud poritiivad, LED esi- ja tagatuled ning tagumine HD-raam.<\/p>\n<p><img fetchpriority=\"high\" decoding=\"async\" class=\"\" src=\"https:\/\/cdn.shopify.com\/s\/files\/1\/0566\/7363\/2417\/products\/FM9-_1_755b9a4e-eb92-42f0-802e-a1412562e0d6_600x.jpg?v=1694139093\" alt=\"Fafrees FM9 250W 700C*45C Bafang Mid-Drive Mootor elektriline matkajalgratas 15Ah City E-bike\" width=\"851\" height=\"851\" \/><\/p>\n<p>&nbsp;<\/p>\n<p>&nbsp;<\/p>\n<p>&nbsp;<\/p>\n<p>&nbsp;<\/p>\n<p>&nbsp;<\/p>\n<p><strong>P\u00f6\u00f6rdemomendianduriga BAFANG keskajamiga mootor<br \/>\n<\/strong>BAFANG keskveomootor maksimeerib v\u00e4ljundv\u00f5imsust ja koormuse tasakaalustamist intuitiivse reageerimisv\u00f5imega, mis muudab pedaalimise loomulikuks. See t\u00f6\u00f6tab s\u00fcnkroonis ratta k\u00e4ikudega, mis t\u00e4hendab pikemat s\u00f5iduulatust \u00fche laadimisega. Kuni 65 N.m p\u00f6\u00f6rdemomendiga saate p\u00fcsida liiklusvoolus.<\/p>\n<p>&nbsp;<\/p>\n<p><img decoding=\"async\" class=\"\" src=\"https:\/\/img.gkbcdn.com\/d\/202302\/FAFREES-FM9-City-Electric-Bicycle-Green-519496-3._p1_.jpg\" alt=\"FM9 City elektrijalgratas KENDA 700C*45C rehv 250W Bafang Mid-Drive Mootor 25Km\/h Max kiirus 36V 15Ah Aku 100KM SHIMANO 7-k\u00e4igulised TEKTRO mehaanilised ketaspidurid \u2013 rohelised\" width=\"738\" height=\"738\" \/><\/p>\n<p>&nbsp;<\/p>\n<p>&nbsp;<\/p>\n<p>&nbsp;<\/p>\n<p><strong>15Ah integreeritud toruaku<br \/>\n<\/strong>Eesmine Integreeritud eemaldatav ja lukustatav toruaku \u2013 lihtne laadida, lihtne kinnitada. Keskmise mootori maksimaalse efektiivsuse abil pikendab see teie s\u00f5iduulatust \u00fche laadimisega kuni 120 km-ni. Sisseehitatud aku disain annab teile stiili ja j\u00f5udluse ilma mugavust ohverdamata linnas ringi s\u00f5ites.<\/p>\n<p>&nbsp;<\/p>\n<p><img decoding=\"async\" class=\"\" src=\"https:\/\/img.gkbcdn.com\/d\/202302\/FAFREES-FM9-City-Electric-Bicycle-Green-519496-4._p1_.jpg\" alt=\"FM9 City elektrijalgratas KENDA 700C*45C rehv 250W Bafang Mid-Drive Mootor 25Km\/h Max kiirus 36V 15Ah Aku 100KM SHIMANO 7-k\u00e4igulised TEKTRO mehaanilised ketaspidurid \u2013 rohelised\" width=\"747\" height=\"747\" \/><\/p>\n<p>&nbsp;<\/p>\n<p>&nbsp;<\/p>\n<p><strong>SHIMANO 7-k\u00e4iguline k\u00e4iguvahetus<br \/>\n<\/strong>Shimano 7-k\u00e4iguline k\u00e4iguvahetaja ja k\u00e4iguvahetaja pakuvad t\u00e4pse ja sujuvat k\u00e4iguvahetuse.<\/p>\n<p><img loading=\"lazy\" decoding=\"async\" class=\"\" src=\"https:\/\/img.gkbcdn.com\/d\/202302\/FAFREES-FM9-City-Electric-Bicycle-Green-519496-7._p1_.jpg\" alt=\"FM9 City elektrijalgratas KENDA 700C*45C rehv 250W Bafang Mid-Drive Mootor 25Km\/h Max kiirus 36V 15Ah Aku 100KM SHIMANO 7-k\u00e4igulised TEKTRO mehaanilised ketaspidurid \u2013 rohelised\" width=\"660\" height=\"660\" \/><\/p>\n<p><strong>BAFANG LCD-ekraan<br \/>\n<\/strong>Mootoriga ideaalselt sobitatud BAFANGi suure kontrastsusega LCD-ekraan kuvab kogu asjakohase teabe teie s\u00f5idu kohta. Kasutajaliides on selgelt loetav ja intuitiivne kasutada ning seda saab raskusteta lugeda ka otsese p\u00e4ikesevalguse k\u00e4es. Lisav\u00e4ljundit saab individuaalselt juhtida 5 tugitasandiga. See vastab kaitseklassile IP 65.<\/p>\n<p><img loading=\"lazy\" decoding=\"async\" class=\"\" src=\"https:\/\/img.gkbcdn.com\/d\/202302\/FAFREES-FM9-City-Electric-Bicycle-Green-519496-5._p1_.jpg\" alt=\"FM9 City elektrijalgratas KENDA 700C*45C rehv 250W Bafang Mid-Drive Mootor 25Km\/h Max kiirus 36V 15Ah Aku 100KM SHIMANO 7-k\u00e4igulised TEKTRO mehaanilised ketaspidurid \u2013 rohelised\" width=\"641\" height=\"641\" \/><\/p>\n<p>&nbsp;<\/p>\n<p><strong>H\u00fcdrauliline surves\u00fcsteem<br \/>\n<\/strong>H\u00fcdrauliline surves\u00fcsteem reguleerib mugavusv\u00e4\u00e4rtust parema kogemuse saamiseks ja suurendab j\u00f5udluse stabiilsust (S\u00f5idukaugus: 63 mm). Tagasil\u00f6\u00f6gi kiiruse reguleerimise abil saate reguleerida pehmet ja k\u00f5va l\u00f6\u00f6ki vastavalt erinevatele teeoludele.<\/p>\n<p><img loading=\"lazy\" decoding=\"async\" class=\"\" src=\"https:\/\/img.gkbcdn.com\/d\/202302\/FAFREES-FM9-City-Electric-Bicycle-Green-519496-6._p1_.jpg\" alt=\"FM9 City elektrijalgratas KENDA 700C*45C rehv 250W Bafang Mid-Drive Mootor 25Km\/h Max kiirus 36V 15Ah Aku 100KM SHIMANO 7-k\u00e4igulised TEKTRO mehaanilised ketaspidurid \u2013 rohelised\" width=\"670\" height=\"670\" \/><\/p>\n<p><strong>CST CZAR 700C*38C maanteerehvid\u00a0\u00a0<\/strong><\/p>\n<p>CST 700C x 38C maanteerehvid: matkajalgratas, millel on CST kahesegukummist rehvid, mis tagavad t\u00e4pse kurvi l\u00e4bimise, samas kui EPS-i torkekaitse aitab teil pendelrehvidest v\u00e4lja tulla. S\u00fcgav tagurpidi keerme disain tagab kiire s\u00f5idu asfaldil ja veidi hambumus pehmematel pindadel.<\/p>\n<p><img loading=\"lazy\" decoding=\"async\" class=\"\" src=\"https:\/\/img.gkbcdn.com\/d\/202302\/FAFREES-FM9-City-Electric-Bicycle-Green-519496-10._p1_.jpg\" alt=\"FM9 City elektrijalgratas KENDA 700C*45C rehv 250W Bafang Mid-Drive Mootor 25Km\/h Max kiirus 36V 15Ah Aku 100KM SHIMANO 7-k\u00e4igulised TEKTRO mehaanilised ketaspidurid \u2013 rohelised\" width=\"684\" height=\"684\" \/><\/p>\n<p><strong>Rehvid<br \/>\n<\/strong>KENDA 700C*45C rehvid tagavad t\u00e4nu ainulaadsele turvisemustrile suurep\u00e4rase libisemiskindluse ja h\u00f5\u00f5rdumise. Mitme nurga all olev juhtraua vars mahutab erineva pikkusega v\u00f5i erineva s\u00f5idustiiliga s\u00f5itjad.<\/p>\n<p>Tagumine kaubaraam on piisavalt tugev, et mahutada teie pagasit v\u00f5i mahutada lapseistme. Ergonoomiline nahksadul, millel on vastupidavad tugevad terassiinid ja pehmem tihedus, asetab teid enesekindlamasse s\u00f5iduasendisse.<\/p>\n<p>&nbsp;<\/p>\n<p><img decoding=\"async\" src=\"https:\/\/ee2.pigugroup.eu\/colours\/185\/405\/69\/18540569\/elektrijalgratas-fafrees-f1-38c-27-oranz-250w-59e5afa2370b99a3fbe20047c35f5f9f_reference.jpg\" alt=\"Elektrijalgratas Fafrees F1-38C, 27&quot;, oran\u017e, 250W, 8,7Ah hind ja info | Elektrirattad | kaup24.ee\" \/><\/p>\n<p>&nbsp;<\/p>\n<p><strong>20-tolline \u00f5huke raam ja peidetud kaablid<\/strong><\/p>\n<p>20-tolline \u00f5huke raam ja peidetud kaablid: sellel maanteel e-rattal on \u00f5huke 20-tolline teemantraam koos 85% peidetud kaablitega, mis annavad teile aerod\u00fcnaamilise eelise, v\u00e4hendavad kaalu ja siluvad teid ees ootavat teed.<\/p>\n<p><img decoding=\"async\" src=\"https:\/\/ee2.pigugroup.eu\/colours\/185\/405\/69\/18540569\/elektrijalgratas-fafrees-f1-38c-27-oranz-250w-e00c88a6b16932b3afa9bfdc87b3b1dc_reference.jpg\" alt=\"Elektrijalgratas Fafrees F1-38C, 27&quot;, oran\u017e, 250W, 8,7Ah hind ja info | Elektrirattad | kaup24.ee\" \/><\/p>\n<p>&nbsp;<\/p>\n<p><strong>TEKTRO mehaanilised ketaspidurid<br \/>\n<\/strong>Optimaalse tugevuse ja soojuse hajutamise jaoks loodud Tektro piduris\u00fcsteem koos 160 mm kauakestvate klotside ning kuuli- ja kaldpiduris\u00fcsteemiga tagab ohutu ja t\u00e4pse pidurdamise.<\/p>\n<p><img loading=\"lazy\" decoding=\"async\" class=\"\" src=\"https:\/\/img.gkbcdn.com\/d\/202302\/FAFREES-FM9-City-Electric-Bicycle-Green-519496-8._p1_.jpg\" alt=\"FM9 City elektrijalgratas KENDA 700C*45C rehv 250W Bafang Mid-Drive Mootor 25Km\/h Max kiirus 36V 15Ah Aku 100KM SHIMANO 7-k\u00e4igulised TEKTRO mehaanilised ketaspidurid \u2013 rohelised\" width=\"718\" height=\"718\" \/><\/p>\n<p><strong>StVZO-\u00fchilduvad rattatuled<br \/>\n<\/strong>Eredad tuled spetsiaalse disainiga l\u00e4\u00e4tsedega, mis suunavad valgusvihku, et v\u00e4ltida teiste liiklejate pimestamist ja hoiavad valgusvihu fokuseerituna otse eesolevale teele, muutes teed k\u00f5igile turvalisemaks.<\/p>\n<p><img loading=\"lazy\" decoding=\"async\" class=\"\" src=\"https:\/\/img.gkbcdn.com\/d\/202302\/FAFREES-FM9-City-Electric-Bicycle-Green-519496-9._p1_.jpg\" alt=\"FM9 City elektrijalgratas KENDA 700C*45C rehv 250W Bafang Mid-Drive Mootor 25Km\/h Max kiirus 36V 15Ah Aku 100KM SHIMANO 7-k\u00e4igulised TEKTRO mehaanilised ketaspidurid \u2013 rohelised\" width=\"668\" height=\"668\" \/><\/p>\n<p>&nbsp;<\/p>\n<p>&nbsp;<\/p>\n<p>&nbsp;<\/p>\n<p>INFO<\/p>\n<ul>\n<li>Rehvim\u00f5\u00f5t 700C*45C<\/li>\n<li>Sobib s\u00f5itjale pikkusega: 170-200cm<\/li>\n<li>Kaal: 26 kg<\/li>\n<li>Aku kaal on 2,3 kg<\/li>\n<li>Kandev\u00f5ime 150 kg<\/li>\n<li>Rehvi t\u00fc\u00fcp \u00d5hkrehv<\/li>\n<li>Maksimaalne s\u00f5idukiirus 25 km\/h<\/li>\n<li>Abire\u017eiimi maksimaalne vahemaa: 120km<\/li>\n<li>Maksimaalne ronimisaste on 25\u00b0<\/li>\n<li>Aku t\u00fc\u00fcp Liitiumioon 18650<\/li>\n<li>Nimipinge (V) 36V<\/li>\n<li>Aku: 36 V, 15 Ah (540 Wh)<\/li>\n<li>Mootorv\u00f5imsus 250W(piirajaga)<\/li>\n<li>Mootor: 36 V keskajam BAFANG M200<\/li>\n<li>K\u00e4igu t\u00fc\u00fcp Tagumine k\u00e4ik<\/li>\n<li>Maksimaalne p\u00f6\u00f6rdemoment 40 Nm<\/li>\n<li>Laadimisaeg 2-3 tundi<\/li>\n<li>Ekraan Multifunktsionaalne LED-ekraan<\/li>\n<li>Pidurid Mehaanilised ketaspidurid<\/li>\n<li>Kontroller 5 Shift intelligentne juhtimiss\u00fcsteem<\/li>\n<li>T\u00f6\u00f6temperatuur 0-40 \u2103<\/li>\n<\/ul>\n","protected":false},"excerpt":{"rendered":"<h4>Fafrees FM9 Elektrijalgratas<\/h4>\n<p>&nbsp;<\/p>\n<ul>\n<li>Rehvim\u00f5\u00f5t 700C*45C<\/li>\n<li>Sobib s\u00f5itjale pikkusega: 170-200cm<\/li>\n<li>Kaal: 26 kg<\/li>\n<li>Aku kaal on 2,3 kg<\/li>\n<li>Kandev\u00f5ime 150 kg<\/li>\n<li>Maksimaalne s\u00f5idukiirus 25 km\/h<\/li>\n<li>Abire\u017eiimi maksimaalne vahemaa: 120km<\/li>\n<li>Maksimaalne ronimisaste on 25\u00b0<\/li>\n<li>Aku: 36 V, 15 Ah (540 Wh)<\/li>\n<li>Mootorv\u00f5imsus 250W(piirajaga)<\/li>\n<li>Mootor: 36 V keskajam BAFANG M200<\/li>\n<li>K\u00e4igu t\u00fc\u00fcp Tagumine k\u00e4ik<\/li>\n<li>Maksimaalne p\u00f6\u00f6rdemoment 40 Nm<\/li>\n<li>Laadimisaeg 2-3 tundi<\/li>\n<li>Ekraan Multifunktsionaalne LED-ekraan<\/li>\n<li>Pidurid Mehaanilised ketaspidurid<\/li>\n<li>Kontroller 5 Shift intelligentne juhtimiss\u00fcsteem<\/li>\n<li>T\u00f6\u00f6temperatuur 0-40 \u2103<\/li>\n<\/ul>\n<p>&nbsp;<\/p>\n<p><strong>Tarneaeg: 2-6 p\u00e4eva<\/strong><\/p>\n<p><strong>Laos<\/strong><\/p>\n","protected":false},"featured_media":16423,"template":"","meta":[],"product_cat":[52,903,905],"product_tag":[],"class_list":{"0":"post-13099","1":"product","2":"type-product","3":"status-publish","4":"has-post-thumbnail","6":"product_cat-elektrirattad","7":"product_cat-linnarattad","8":"product_cat-maastikurattad","9":"product_shipping_class-suured-pakid","11":"first","12":"instock","13":"taxable","14":"shipping-taxable","15":"purchasable","16":"product-type-variable"},"yoast_head":"<!-- This site is optimized with the Yoast SEO plugin v23.8 - https:\/\/yoast.com\/wordpress\/plugins\/seo\/ -->\n<title>Fafrees FM9 Elektrijalgratas, 120km - Ecocruiser<\/title>\n<meta name=\"description\" content=\"Stiilne ja trendikas elektriratas treeninguks v\u00f5i lihtsalt t\u00e4navas\u00f5iduks ja asjade transportimiseks, tagab vaikse ja sujuva s\u00f5idu.\" \/>\n<meta name=\"robots\" content=\"noindex, follow, max-snippet:-1, max-image-preview:large, max-video-preview:-1\" \/>\n<meta property=\"og:locale\" content=\"en_GB\" \/>\n<meta property=\"og:type\" content=\"article\" \/>\n<meta property=\"og:title\" content=\"Fafrees FM9 Elektrijalgratas, 120km - Ecocruiser\" \/>\n<meta property=\"og:description\" content=\"Stiilne ja trendikas elektriratas treeninguks v\u00f5i lihtsalt t\u00e4navas\u00f5iduks ja asjade transportimiseks, tagab vaikse ja sujuva s\u00f5idu.\" \/>\n<meta property=\"og:url\" content=\"https:\/\/projekt.vombat.ee\/eco\/pood\/elektrirattad\/linnarattad\/fafrees-fm9-elektrijalgratas\/\" \/>\n<meta property=\"og:site_name\" content=\"Ecocruiser\" \/>\n<meta property=\"article:modified_time\" content=\"2024-04-22T19:07:27+00:00\" \/>\n<meta property=\"og:image\" content=\"https:\/\/projekt.vombat.ee\/eco\/wp-content\/uploads\/2024\/01\/Untitled-design-2024-04-22T220537.367.png\" \/>\n\t<meta property=\"og:image:width\" content=\"1000\" \/>\n\t<meta property=\"og:image:height\" content=\"1000\" \/>\n\t<meta property=\"og:image:type\" content=\"image\/png\" \/>\n<meta name=\"twitter:card\" content=\"summary_large_image\" \/>\n<meta name=\"twitter:label1\" content=\"Estimated reading time\" \/>\n\t<meta name=\"twitter:data1\" content=\"6 minutes\" \/>\n<script type=\"application\/ld+json\" class=\"yoast-schema-graph\">{\"@context\":\"https:\/\/schema.org\",\"@graph\":[{\"@type\":\"WebPage\",\"@id\":\"https:\/\/projekt.vombat.ee\/eco\/pood\/elektrirattad\/linnarattad\/fafrees-fm9-elektrijalgratas\/\",\"url\":\"https:\/\/projekt.vombat.ee\/eco\/pood\/elektrirattad\/linnarattad\/fafrees-fm9-elektrijalgratas\/\",\"name\":\"Fafrees FM9 Elektrijalgratas, 120km - Ecocruiser\",\"isPartOf\":{\"@id\":\"https:\/\/projekt.vombat.ee\/eco\/#website\"},\"primaryImageOfPage\":{\"@id\":\"https:\/\/projekt.vombat.ee\/eco\/pood\/elektrirattad\/linnarattad\/fafrees-fm9-elektrijalgratas\/#primaryimage\"},\"image\":{\"@id\":\"https:\/\/projekt.vombat.ee\/eco\/pood\/elektrirattad\/linnarattad\/fafrees-fm9-elektrijalgratas\/#primaryimage\"},\"thumbnailUrl\":\"https:\/\/projekt.vombat.ee\/eco\/wp-content\/uploads\/2024\/01\/Untitled-design-2024-04-22T220537.367.png\",\"datePublished\":\"2024-01-05T14:11:32+00:00\",\"dateModified\":\"2024-04-22T19:07:27+00:00\",\"description\":\"Stiilne ja trendikas elektriratas treeninguks v\u00f5i lihtsalt t\u00e4navas\u00f5iduks ja asjade transportimiseks, tagab vaikse ja sujuva s\u00f5idu.\",\"breadcrumb\":{\"@id\":\"https:\/\/projekt.vombat.ee\/eco\/pood\/elektrirattad\/linnarattad\/fafrees-fm9-elektrijalgratas\/#breadcrumb\"},\"inLanguage\":\"en-GB\",\"potentialAction\":[{\"@type\":\"ReadAction\",\"target\":[\"https:\/\/projekt.vombat.ee\/eco\/pood\/elektrirattad\/linnarattad\/fafrees-fm9-elektrijalgratas\/\"]}]},{\"@type\":\"ImageObject\",\"inLanguage\":\"en-GB\",\"@id\":\"https:\/\/projekt.vombat.ee\/eco\/pood\/elektrirattad\/linnarattad\/fafrees-fm9-elektrijalgratas\/#primaryimage\",\"url\":\"https:\/\/projekt.vombat.ee\/eco\/wp-content\/uploads\/2024\/01\/Untitled-design-2024-04-22T220537.367.png\",\"contentUrl\":\"https:\/\/projekt.vombat.ee\/eco\/wp-content\/uploads\/2024\/01\/Untitled-design-2024-04-22T220537.367.png\",\"width\":1000,\"height\":1000},{\"@type\":\"BreadcrumbList\",\"@id\":\"https:\/\/projekt.vombat.ee\/eco\/pood\/elektrirattad\/linnarattad\/fafrees-fm9-elektrijalgratas\/#breadcrumb\",\"itemListElement\":[{\"@type\":\"ListItem\",\"position\":1,\"name\":\"Home\",\"item\":\"https:\/\/projekt.vombat.ee\/eco\/\"},{\"@type\":\"ListItem\",\"position\":2,\"name\":\"Pood\",\"item\":\"https:\/\/projekt.vombat.ee\/eco\/pood\/\"},{\"@type\":\"ListItem\",\"position\":3,\"name\":\"Fafrees FM9 Elektrijalgratas, 120km\"}]},{\"@type\":\"WebSite\",\"@id\":\"https:\/\/projekt.vombat.ee\/eco\/#website\",\"url\":\"https:\/\/projekt.vombat.ee\/eco\/\",\"name\":\"Ecocruiser\",\"description\":\"\",\"publisher\":{\"@id\":\"https:\/\/projekt.vombat.ee\/eco\/#organization\"},\"potentialAction\":[{\"@type\":\"SearchAction\",\"target\":{\"@type\":\"EntryPoint\",\"urlTemplate\":\"https:\/\/projekt.vombat.ee\/eco\/?s={search_term_string}\"},\"query-input\":{\"@type\":\"PropertyValueSpecification\",\"valueRequired\":true,\"valueName\":\"search_term_string\"}}],\"inLanguage\":\"en-GB\"},{\"@type\":\"Organization\",\"@id\":\"https:\/\/projekt.vombat.ee\/eco\/#organization\",\"name\":\"Ecocruiser\",\"url\":\"https:\/\/projekt.vombat.ee\/eco\/\",\"logo\":{\"@type\":\"ImageObject\",\"inLanguage\":\"en-GB\",\"@id\":\"https:\/\/projekt.vombat.ee\/eco\/#\/schema\/logo\/image\/\",\"url\":\"https:\/\/projekt.vombat.ee\/eco\/wp-content\/uploads\/2023\/03\/ECOCRUISER_5.png\",\"contentUrl\":\"https:\/\/projekt.vombat.ee\/eco\/wp-content\/uploads\/2023\/03\/ECOCRUISER_5.png\",\"width\":234,\"height\":91,\"caption\":\"Ecocruiser\"},\"image\":{\"@id\":\"https:\/\/projekt.vombat.ee\/eco\/#\/schema\/logo\/image\/\"}}]}<\/script>\n<!-- \/ Yoast SEO plugin. -->","yoast_head_json":{"title":"Fafrees FM9 Elektrijalgratas, 120km - Ecocruiser","description":"Stiilne ja trendikas elektriratas treeninguks v\u00f5i lihtsalt t\u00e4navas\u00f5iduks ja asjade transportimiseks, tagab vaikse ja sujuva s\u00f5idu.","robots":{"index":"noindex","follow":"follow","max-snippet":"max-snippet:-1","max-image-preview":"max-image-preview:large","max-video-preview":"max-video-preview:-1"},"og_locale":"en_GB","og_type":"article","og_title":"Fafrees FM9 Elektrijalgratas, 120km - Ecocruiser","og_description":"Stiilne ja trendikas elektriratas treeninguks v\u00f5i lihtsalt t\u00e4navas\u00f5iduks ja asjade transportimiseks, tagab vaikse ja sujuva s\u00f5idu.","og_url":"https:\/\/projekt.vombat.ee\/eco\/pood\/elektrirattad\/linnarattad\/fafrees-fm9-elektrijalgratas\/","og_site_name":"Ecocruiser","article_modified_time":"2024-04-22T19:07:27+00:00","og_image":[{"width":1000,"height":1000,"url":"https:\/\/projekt.vombat.ee\/eco\/wp-content\/uploads\/2024\/01\/Untitled-design-2024-04-22T220537.367.png","type":"image\/png"}],"twitter_card":"summary_large_image","twitter_misc":{"Estimated reading time":"6 minutes"},"schema":{"@context":"https:\/\/schema.org","@graph":[{"@type":"WebPage","@id":"https:\/\/projekt.vombat.ee\/eco\/pood\/elektrirattad\/linnarattad\/fafrees-fm9-elektrijalgratas\/","url":"https:\/\/projekt.vombat.ee\/eco\/pood\/elektrirattad\/linnarattad\/fafrees-fm9-elektrijalgratas\/","name":"Fafrees FM9 Elektrijalgratas, 120km - Ecocruiser","isPartOf":{"@id":"https:\/\/projekt.vombat.ee\/eco\/#website"},"primaryImageOfPage":{"@id":"https:\/\/projekt.vombat.ee\/eco\/pood\/elektrirattad\/linnarattad\/fafrees-fm9-elektrijalgratas\/#primaryimage"},"image":{"@id":"https:\/\/projekt.vombat.ee\/eco\/pood\/elektrirattad\/linnarattad\/fafrees-fm9-elektrijalgratas\/#primaryimage"},"thumbnailUrl":"https:\/\/projekt.vombat.ee\/eco\/wp-content\/uploads\/2024\/01\/Untitled-design-2024-04-22T220537.367.png","datePublished":"2024-01-05T14:11:32+00:00","dateModified":"2024-04-22T19:07:27+00:00","description":"Stiilne ja trendikas elektriratas treeninguks v\u00f5i lihtsalt t\u00e4navas\u00f5iduks ja asjade transportimiseks, tagab vaikse ja sujuva s\u00f5idu.","breadcrumb":{"@id":"https:\/\/projekt.vombat.ee\/eco\/pood\/elektrirattad\/linnarattad\/fafrees-fm9-elektrijalgratas\/#breadcrumb"},"inLanguage":"en-GB","potentialAction":[{"@type":"ReadAction","target":["https:\/\/projekt.vombat.ee\/eco\/pood\/elektrirattad\/linnarattad\/fafrees-fm9-elektrijalgratas\/"]}]},{"@type":"ImageObject","inLanguage":"en-GB","@id":"https:\/\/projekt.vombat.ee\/eco\/pood\/elektrirattad\/linnarattad\/fafrees-fm9-elektrijalgratas\/#primaryimage","url":"https:\/\/projekt.vombat.ee\/eco\/wp-content\/uploads\/2024\/01\/Untitled-design-2024-04-22T220537.367.png","contentUrl":"https:\/\/projekt.vombat.ee\/eco\/wp-content\/uploads\/2024\/01\/Untitled-design-2024-04-22T220537.367.png","width":1000,"height":1000},{"@type":"BreadcrumbList","@id":"https:\/\/projekt.vombat.ee\/eco\/pood\/elektrirattad\/linnarattad\/fafrees-fm9-elektrijalgratas\/#breadcrumb","itemListElement":[{"@type":"ListItem","position":1,"name":"Home","item":"https:\/\/projekt.vombat.ee\/eco\/"},{"@type":"ListItem","position":2,"name":"Pood","item":"https:\/\/projekt.vombat.ee\/eco\/pood\/"},{"@type":"ListItem","position":3,"name":"Fafrees FM9 Elektrijalgratas, 120km"}]},{"@type":"WebSite","@id":"https:\/\/projekt.vombat.ee\/eco\/#website","url":"https:\/\/projekt.vombat.ee\/eco\/","name":"Ecocruiser","description":"","publisher":{"@id":"https:\/\/projekt.vombat.ee\/eco\/#organization"},"potentialAction":[{"@type":"SearchAction","target":{"@type":"EntryPoint","urlTemplate":"https:\/\/projekt.vombat.ee\/eco\/?s={search_term_string}"},"query-input":{"@type":"PropertyValueSpecification","valueRequired":true,"valueName":"search_term_string"}}],"inLanguage":"en-GB"},{"@type":"Organization","@id":"https:\/\/projekt.vombat.ee\/eco\/#organization","name":"Ecocruiser","url":"https:\/\/projekt.vombat.ee\/eco\/","logo":{"@type":"ImageObject","inLanguage":"en-GB","@id":"https:\/\/projekt.vombat.ee\/eco\/#\/schema\/logo\/image\/","url":"https:\/\/projekt.vombat.ee\/eco\/wp-content\/uploads\/2023\/03\/ECOCRUISER_5.png","contentUrl":"https:\/\/projekt.vombat.ee\/eco\/wp-content\/uploads\/2023\/03\/ECOCRUISER_5.png","width":234,"height":91,"caption":"Ecocruiser"},"image":{"@id":"https:\/\/projekt.vombat.ee\/eco\/#\/schema\/logo\/image\/"}}]}},"lang":"et","translations":{"et":13099},"pll_sync_post":[],"_links":{"self":[{"href":"https:\/\/projekt.vombat.ee\/eco\/wp-json\/wp\/v2\/product\/13099"}],"collection":[{"href":"https:\/\/projekt.vombat.ee\/eco\/wp-json\/wp\/v2\/product"}],"about":[{"href":"https:\/\/projekt.vombat.ee\/eco\/wp-json\/wp\/v2\/types\/product"}],"version-history":[{"count":5,"href":"https:\/\/projekt.vombat.ee\/eco\/wp-json\/wp\/v2\/product\/13099\/revisions"}],"predecessor-version":[{"id":16429,"href":"https:\/\/projekt.vombat.ee\/eco\/wp-json\/wp\/v2\/product\/13099\/revisions\/16429"}],"wp:featuredmedia":[{"embeddable":true,"href":"https:\/\/projekt.vombat.ee\/eco\/wp-json\/wp\/v2\/media\/16423"}],"wp:attachment":[{"href":"https:\/\/projekt.vombat.ee\/eco\/wp-json\/wp\/v2\/media?parent=13099"}],"wp:term":[{"taxonomy":"product_cat","embeddable":true,"href":"https:\/\/projekt.vombat.ee\/eco\/wp-json\/wp\/v2\/product_cat?post=13099"},{"taxonomy":"product_tag","embeddable":true,"href":"https:\/\/projekt.vombat.ee\/eco\/wp-json\/wp\/v2\/product_tag?post=13099"}],"curies":[{"name":"wp","href":"https:\/\/api.w.org\/{rel}","templated":true}]}}